{"id":88,"date":"2021-06-18T12:45:02","date_gmt":"2021-06-18T09:45:02","guid":{"rendered":"https:\/\/nomadheat.com\/?post_type=product&#038;p=88"},"modified":"2025-05-21T11:53:27","modified_gmt":"2025-05-21T08:53:27","slug":"sovsack-i-ull-for-camping","status":"publish","type":"product","link":"https:\/\/nomadheat.com\/sv\/shop\/wool-sleeping-bag-camp\/","title":{"rendered":"Sovs\u00e4ck Camp Wool"},"content":{"rendered":"<p><strong>FUNKTIONER<\/strong><br \/>\n- Ytterst lyxigt tyg i naturligt mullb\u00e4rssilke och ullvaddering inuti huvan minskar buller och \u00f6kar komforten<br \/>\n- Fast eller avtagbar huva som tillval.<br \/>\n- Dragsko p\u00e5 huvan och isoleringskragen f\u00f6r enkel justering<br \/>\n- Penningficka p\u00e5 insidan<br \/>\n- H\u00e4ng upp luftningsslingor<br \/>\n- Kompressionstygs\u00e4ck<br \/>\n- Klimatreglering med en central 2-v\u00e4gs dragkedja<br \/>\n- YKK-dragkedja f\u00f6rhindrar att materialet fastnar<br \/>\n- Innerficka f\u00f6r f\u00f6rvaring av v\u00e4rdesaker<br \/>\n- Rektangul\u00e4r fotbox f\u00f6r \u00f6kad komfort utan extra vikt<\/p>\n<p>Axelbredd:<br \/>\n90 cm f\u00f6r herrmodeller \/ 80 cm f\u00f6r dammodeller<\/p>\n<p>Dragkedjans l\u00e4ngd: 162 cm<br \/>\nBlixtl\u00e5ssida: neutral<\/p>\n<p>Max. kroppsl\u00e4ngd alternativ:<br \/>\n- upp till 170 cm<br \/>\n- upp till 180 cm<br \/>\n- upp till 190 cm<br \/>\n- upp till 200 cm eller valfri l\u00e4ngd p\u00e5 beg\u00e4ran<\/p>\n<p><strong>MATERIAL<\/strong><br \/>\nYttertyg: 100% Linne (Oeko-tex certifierad)<br \/>\nFoder: 100% naturligt mullb\u00e4rssilke<br \/>\nFyllning: 100% ekologisk ull (GOTS-certifierad)<br \/>\nKan tv\u00e4ttas i maskin: Ja<br \/>\nVOC, HAP, syntetiska \u00e4mnen, kemikaliefria<\/p>\n<p><strong>H\u00c5LLBARHET<\/strong><br \/>\nAlla material i sovs\u00e4cken \u00e4r naturliga, biologiskt nedbrytbara, h\u00e5llbara och f\u00f6rnybara.<\/p>\n<p><strong>PRODUKTV\u00c5RD<\/strong><br \/>\nV\u00e5ra sovs\u00e4ckar \u00e4r tillverkade av h\u00e5llbara material av h\u00f6g kvalitet f\u00f6r att h\u00e5lla l\u00e4nge. F\u00f6r att du ska kunna anv\u00e4nda dem l\u00e4ngre, se till att f\u00f6lja <a href=\"https:\/\/nomadheat.com\/sv\/vard\/\">Sk\u00f6tselr\u00e5d<\/a>.<\/p>","protected":false},"excerpt":{"rendered":"<p>Extremt god och st\u00e4rkande s\u00f6mn med den ytterst lyxiga Camp-sovs\u00e4cken.<br \/>\nMed endast naturliga material - linne, mullb\u00e4rssilke och ull - f\u00e5r du oslagbar temperatur- och fuktreglering och ljudl\u00f6s komfort under s\u00f6mnen.<br \/>\nL\u00e4mplig f\u00f6r resen\u00e4rer som reser p\u00e5 \u00e4ventyr med t\u00e4lt och husbil.<br \/>\n*Anv\u00e4nds utomhus med en bivacks\u00e4ck.<\/p>","protected":false},"featured_media":189,"comment_status":"open","ping_status":"closed","template":"","meta":[],"product_brand":[],"product_cat":[19],"product_tag":[22,51,23,26,21,50],"class_list":{"0":"post-88","1":"product","2":"type-product","3":"status-publish","4":"has-post-thumbnail","6":"product_cat-sleeping-bags","7":"product_tag-camping","8":"product_tag-organic-wool-sleeping-bag","9":"product_tag-outdoor-sleeping","10":"product_tag-sleeping-bags-for-adults","11":"product_tag-summer-sleeping-bag","12":"product_tag-wool-sleep-sack","14":"first","15":"instock","16":"shipping-taxable","17":"purchasable","18":"product-type-variable"},"yoast_head":"<!-- This site is optimized with the Yoast SEO plugin v27.5 - https:\/\/yoast.com\/product\/yoast-seo-wordpress\/ -->\n<title>Camp Wool Sleeping Bag | NomadHeat | All-natural Sleeping Bags<\/title>\n<meta name=\"description\" content=\"Extremely good restorative sleep with the ultimately luxurious Camp Sleeping bag. Suitable for travelers going on any type of adventure.\" \/>\n<meta name=\"robots\" content=\"index, follow, max-snippet:-1, max-image-preview:large, max-video-preview:-1\" \/>\n<link rel=\"canonical\" href=\"https:\/\/nomadheat.com\/sv\/butik\/sovsack-i-ull-for-camping\/\" \/>\n<meta property=\"og:locale\" content=\"sv_SE\" \/>\n<meta property=\"og:type\" content=\"article\" \/>\n<meta property=\"og:title\" content=\"Camp Wool Sleeping Bag | NomadHeat | All-natural Sleeping Bags\" \/>\n<meta property=\"og:description\" content=\"Extremely good restorative sleep with the ultimately luxurious Camp Sleeping bag. Suitable for travelers going on any type of adventure.\" \/>\n<meta property=\"og:url\" content=\"https:\/\/nomadheat.com\/sv\/butik\/sovsack-i-ull-for-camping\/\" \/>\n<meta property=\"og:site_name\" content=\"NomadHeat\" \/>\n<meta property=\"article:modified_time\" content=\"2025-05-21T08:53:27+00:00\" \/>\n<meta property=\"og:image\" content=\"https:\/\/nomadheat.com\/wp-content\/uploads\/2021\/06\/Nomad-Heat-Wool-Sleeping-Bag-Camp-Light.jpg\" \/>\n\t<meta property=\"og:image:width\" content=\"1300\" \/>\n\t<meta property=\"og:image:height\" content=\"1040\" \/>\n\t<meta property=\"og:image:type\" content=\"image\/jpeg\" \/>\n<meta name=\"twitter:card\" content=\"summary_large_image\" \/>\n<meta name=\"twitter:label1\" content=\"Ber\u00e4knad l\u00e4stid\" \/>\n\t<meta name=\"twitter:data1\" content=\"1 minut\" \/>\n<script type=\"application\/ld+json\" class=\"yoast-schema-graph\">{\"@context\":\"https:\\\/\\\/schema.org\",\"@graph\":[{\"@type\":\"WebPage\",\"@id\":\"https:\\\/\\\/nomadheat.com\\\/nb\\\/butikk\\\/sovepose-i-ull-camp\\\/\",\"url\":\"https:\\\/\\\/nomadheat.com\\\/nb\\\/butikk\\\/sovepose-i-ull-camp\\\/\",\"name\":\"Camp Wool Sleeping Bag | NomadHeat | All-natural Sleeping Bags\",\"isPartOf\":{\"@id\":\"https:\\\/\\\/nomadheat.com\\\/nl\\\/#website\"},\"primaryImageOfPage\":{\"@id\":\"https:\\\/\\\/nomadheat.com\\\/nb\\\/butikk\\\/sovepose-i-ull-camp\\\/#primaryimage\"},\"image\":{\"@id\":\"https:\\\/\\\/nomadheat.com\\\/nb\\\/butikk\\\/sovepose-i-ull-camp\\\/#primaryimage\"},\"thumbnailUrl\":\"https:\\\/\\\/nomadheat.com\\\/wp-content\\\/uploads\\\/2021\\\/06\\\/Nomad-Heat-Wool-Sleeping-Bag-Camp-Light.jpg\",\"datePublished\":\"2021-06-18T09:45:02+00:00\",\"dateModified\":\"2025-05-21T08:53:27+00:00\",\"description\":\"Extremely good restorative sleep with the ultimately luxurious Camp Sleeping bag. Suitable for travelers going on any type of adventure.\",\"breadcrumb\":{\"@id\":\"https:\\\/\\\/nomadheat.com\\\/nb\\\/butikk\\\/sovepose-i-ull-camp\\\/#breadcrumb\"},\"inLanguage\":\"sv-SE\",\"potentialAction\":[{\"@type\":\"ReadAction\",\"target\":[\"https:\\\/\\\/nomadheat.com\\\/nb\\\/butikk\\\/sovepose-i-ull-camp\\\/\"]}]},{\"@type\":\"ImageObject\",\"inLanguage\":\"sv-SE\",\"@id\":\"https:\\\/\\\/nomadheat.com\\\/nb\\\/butikk\\\/sovepose-i-ull-camp\\\/#primaryimage\",\"url\":\"https:\\\/\\\/nomadheat.com\\\/wp-content\\\/uploads\\\/2021\\\/06\\\/Nomad-Heat-Wool-Sleeping-Bag-Camp-Light.jpg\",\"contentUrl\":\"https:\\\/\\\/nomadheat.com\\\/wp-content\\\/uploads\\\/2021\\\/06\\\/Nomad-Heat-Wool-Sleeping-Bag-Camp-Light.jpg\",\"width\":1300,\"height\":1040,\"caption\":\"Nomad Heat Wool Sleeping Bag Camp\"},{\"@type\":\"BreadcrumbList\",\"@id\":\"https:\\\/\\\/nomadheat.com\\\/nb\\\/butikk\\\/sovepose-i-ull-camp\\\/#breadcrumb\",\"itemListElement\":[{\"@type\":\"ListItem\",\"position\":1,\"name\":\"Home\",\"item\":\"https:\\\/\\\/nomadheat.com\\\/nl\\\/\"},{\"@type\":\"ListItem\",\"position\":2,\"name\":\"Shop\",\"item\":\"https:\\\/\\\/nomadheat.com\\\/sv\\\/butik\\\/\"},{\"@type\":\"ListItem\",\"position\":3,\"name\":\"Camp Wool Sleeping Bag\"}]},{\"@type\":\"WebSite\",\"@id\":\"https:\\\/\\\/nomadheat.com\\\/nl\\\/#website\",\"url\":\"https:\\\/\\\/nomadheat.com\\\/nl\\\/\",\"name\":\"NomadHeat\",\"description\":\"Handmade Wool Sleeping Bags\",\"publisher\":{\"@id\":\"https:\\\/\\\/nomadheat.com\\\/nl\\\/#organization\"},\"potentialAction\":[{\"@type\":\"SearchAction\",\"target\":{\"@type\":\"EntryPoint\",\"urlTemplate\":\"https:\\\/\\\/nomadheat.com\\\/nl\\\/?s={search_term_string}\"},\"query-input\":{\"@type\":\"PropertyValueSpecification\",\"valueRequired\":true,\"valueName\":\"search_term_string\"}}],\"inLanguage\":\"sv-SE\"},{\"@type\":\"Organization\",\"@id\":\"https:\\\/\\\/nomadheat.com\\\/nl\\\/#organization\",\"name\":\"Nomad Heat\",\"url\":\"https:\\\/\\\/nomadheat.com\\\/nl\\\/\",\"logo\":{\"@type\":\"ImageObject\",\"inLanguage\":\"sv-SE\",\"@id\":\"https:\\\/\\\/nomadheat.com\\\/nl\\\/#\\\/schema\\\/logo\\\/image\\\/\",\"url\":\"https:\\\/\\\/nomadheat.com\\\/wp-content\\\/uploads\\\/2021\\\/10\\\/favicon.png\",\"contentUrl\":\"https:\\\/\\\/nomadheat.com\\\/wp-content\\\/uploads\\\/2021\\\/10\\\/favicon.png\",\"width\":512,\"height\":512,\"caption\":\"Nomad Heat\"},\"image\":{\"@id\":\"https:\\\/\\\/nomadheat.com\\\/nl\\\/#\\\/schema\\\/logo\\\/image\\\/\"}}]}<\/script>\n<!-- \/ Yoast SEO plugin. -->","yoast_head_json":{"title":"Camp Wool sovs\u00e4ck | NomadHeat | Helt naturliga sovs\u00e4ckar","description":"Extremt god och st\u00e4rkande s\u00f6mn med den ytterst lyxiga Camp-sovs\u00e4cken. L\u00e4mplig f\u00f6r resen\u00e4rer som ska ut p\u00e5 alla typer av \u00e4ventyr.","robots":{"index":"index","follow":"follow","max-snippet":"max-snippet:-1","max-image-preview":"max-image-preview:large","max-video-preview":"max-video-preview:-1"},"canonical":"https:\/\/nomadheat.com\/sv\/butik\/sovsack-i-ull-for-camping\/","og_locale":"sv_SE","og_type":"article","og_title":"Camp Wool Sleeping Bag | NomadHeat | All-natural Sleeping Bags","og_description":"Extremely good restorative sleep with the ultimately luxurious Camp Sleeping bag. Suitable for travelers going on any type of adventure.","og_url":"https:\/\/nomadheat.com\/sv\/butik\/sovsack-i-ull-for-camping\/","og_site_name":"NomadHeat","article_modified_time":"2025-05-21T08:53:27+00:00","og_image":[{"width":1300,"height":1040,"url":"https:\/\/nomadheat.com\/wp-content\/uploads\/2021\/06\/Nomad-Heat-Wool-Sleeping-Bag-Camp-Light.jpg","type":"image\/jpeg"}],"twitter_card":"summary_large_image","twitter_misc":{"Ber\u00e4knad l\u00e4stid":"1 minut"},"schema":{"@context":"https:\/\/schema.org","@graph":[{"@type":"WebPage","@id":"https:\/\/nomadheat.com\/nb\/butikk\/sovepose-i-ull-camp\/","url":"https:\/\/nomadheat.com\/nb\/butikk\/sovepose-i-ull-camp\/","name":"Camp Wool sovs\u00e4ck | NomadHeat | Helt naturliga sovs\u00e4ckar","isPartOf":{"@id":"https:\/\/nomadheat.com\/nl\/#website"},"primaryImageOfPage":{"@id":"https:\/\/nomadheat.com\/nb\/butikk\/sovepose-i-ull-camp\/#primaryimage"},"image":{"@id":"https:\/\/nomadheat.com\/nb\/butikk\/sovepose-i-ull-camp\/#primaryimage"},"thumbnailUrl":"https:\/\/nomadheat.com\/wp-content\/uploads\/2021\/06\/Nomad-Heat-Wool-Sleeping-Bag-Camp-Light.jpg","datePublished":"2021-06-18T09:45:02+00:00","dateModified":"2025-05-21T08:53:27+00:00","description":"Extremt god och st\u00e4rkande s\u00f6mn med den ytterst lyxiga Camp-sovs\u00e4cken. L\u00e4mplig f\u00f6r resen\u00e4rer som ska ut p\u00e5 alla typer av \u00e4ventyr.","breadcrumb":{"@id":"https:\/\/nomadheat.com\/nb\/butikk\/sovepose-i-ull-camp\/#breadcrumb"},"inLanguage":"sv-SE","potentialAction":[{"@type":"ReadAction","target":["https:\/\/nomadheat.com\/nb\/butikk\/sovepose-i-ull-camp\/"]}]},{"@type":"ImageObject","inLanguage":"sv-SE","@id":"https:\/\/nomadheat.com\/nb\/butikk\/sovepose-i-ull-camp\/#primaryimage","url":"https:\/\/nomadheat.com\/wp-content\/uploads\/2021\/06\/Nomad-Heat-Wool-Sleeping-Bag-Camp-Light.jpg","contentUrl":"https:\/\/nomadheat.com\/wp-content\/uploads\/2021\/06\/Nomad-Heat-Wool-Sleeping-Bag-Camp-Light.jpg","width":1300,"height":1040,"caption":"Nomad Heat Wool Sleeping Bag Camp"},{"@type":"BreadcrumbList","@id":"https:\/\/nomadheat.com\/nb\/butikk\/sovepose-i-ull-camp\/#breadcrumb","itemListElement":[{"@type":"ListItem","position":1,"name":"Home","item":"https:\/\/nomadheat.com\/nl\/"},{"@type":"ListItem","position":2,"name":"Shop","item":"https:\/\/nomadheat.com\/sv\/butik\/"},{"@type":"ListItem","position":3,"name":"Camp Wool Sleeping Bag"}]},{"@type":"WebSite","@id":"https:\/\/nomadheat.com\/nl\/#website","url":"https:\/\/nomadheat.com\/nl\/","name":"NomadHeat","description":"Handgjorda sovs\u00e4ckar i ull","publisher":{"@id":"https:\/\/nomadheat.com\/nl\/#organization"},"potentialAction":[{"@type":"SearchAction","target":{"@type":"EntryPoint","urlTemplate":"https:\/\/nomadheat.com\/nl\/?s={search_term_string}"},"query-input":{"@type":"PropertyValueSpecification","valueRequired":true,"valueName":"search_term_string"}}],"inLanguage":"sv-SE"},{"@type":"Organization","@id":"https:\/\/nomadheat.com\/nl\/#organization","name":"Nomad v\u00e4rme","url":"https:\/\/nomadheat.com\/nl\/","logo":{"@type":"ImageObject","inLanguage":"sv-SE","@id":"https:\/\/nomadheat.com\/nl\/#\/schema\/logo\/image\/","url":"https:\/\/nomadheat.com\/wp-content\/uploads\/2021\/10\/favicon.png","contentUrl":"https:\/\/nomadheat.com\/wp-content\/uploads\/2021\/10\/favicon.png","width":512,"height":512,"caption":"Nomad Heat"},"image":{"@id":"https:\/\/nomadheat.com\/nl\/#\/schema\/logo\/image\/"}}]}},"_links":{"self":[{"href":"https:\/\/nomadheat.com\/sv\/wp-json\/wp\/v2\/product\/88","targetHints":{"allow":["GET"]}}],"collection":[{"href":"https:\/\/nomadheat.com\/sv\/wp-json\/wp\/v2\/product"}],"about":[{"href":"https:\/\/nomadheat.com\/sv\/wp-json\/wp\/v2\/types\/product"}],"replies":[{"embeddable":true,"href":"https:\/\/nomadheat.com\/sv\/wp-json\/wp\/v2\/comments?post=88"}],"wp:featuredmedia":[{"embeddable":true,"href":"https:\/\/nomadheat.com\/sv\/wp-json\/wp\/v2\/media\/189"}],"wp:attachment":[{"href":"https:\/\/nomadheat.com\/sv\/wp-json\/wp\/v2\/media?parent=88"}],"wp:term":[{"taxonomy":"product_brand","embeddable":true,"href":"https:\/\/nomadheat.com\/sv\/wp-json\/wp\/v2\/product_brand?post=88"},{"taxonomy":"product_cat","embeddable":true,"href":"https:\/\/nomadheat.com\/sv\/wp-json\/wp\/v2\/product_cat?post=88"},{"taxonomy":"product_tag","embeddable":true,"href":"https:\/\/nomadheat.com\/sv\/wp-json\/wp\/v2\/product_tag?post=88"}],"curies":[{"name":"wp","href":"https:\/\/api.w.org\/{rel}","templated":true}]}}