{"id":585,"date":"2022-03-24T15:54:23","date_gmt":"2022-03-24T13:54:23","guid":{"rendered":"https:\/\/nomadheat.com\/?post_type=product&#038;p=585"},"modified":"2025-03-06T11:51:09","modified_gmt":"2025-03-06T09:51:09","slug":"sovsack-i-ull-for-barn","status":"publish","type":"product","link":"https:\/\/nomadheat.com\/sv\/shop\/childrens-wool-sleeping-bag\/","title":{"rendered":"Trek Pro ullsovs\u00e4ck f\u00f6r barn"},"content":{"rendered":"<p><strong>FUNKTIONER<\/strong><br \/>\n- Ytterst lyxigt tyg av naturligt mullb\u00e4rssilke och ullbatting inuti<br \/>\n- Fast eller avtagbar huva som tillval, vilket minskar buller och \u00f6kar komforten<br \/>\n- Dragsko p\u00e5 huvan och isoleringskragen f\u00f6r enkel justering<br \/>\n- H\u00e4ng upp luftningsslingor<br \/>\n- Kompressionstygs\u00e4ck<br \/>\n- Klimatreglering med en central 2-v\u00e4gs dragkedja<br \/>\n- YKK-dragkedja f\u00f6rhindrar att materialet fastnar<br \/>\n- Innerficka f\u00f6r f\u00f6rvaring av v\u00e4rdesaker<br \/>\n- Rektangul\u00e4r fotbox f\u00f6r \u00f6kad komfort utan extra vikt<\/p>\n<p>Bredaste punkt - i mitten runt armarna: 58 cm<\/p>\n<p>L\u00e4ngd (fr\u00e5n dragkedjans \u00f6verkant till foten):<br \/>\n- 148 cm<br \/>\n- valfri l\u00e4ngd p\u00e5 beg\u00e4ran<\/p>\n<p><strong>MATERIAL<\/strong><br \/>\nSkal: 100% Naturligt mullb\u00e4rssilke<br \/>\nFoder: 100% naturligt mullb\u00e4rssilke<br \/>\nFyllning: 100% ekologisk ull (GOTS-certifierad)<br \/>\nKan tv\u00e4ttas i maskin: Ja<br \/>\nVOC, HAP, syntetiska \u00e4mnen, kemikaliefria<\/p>\n<p><strong>H\u00c5LLBARHET<\/strong><br \/>\nAlla material i sovs\u00e4cken \u00e4r naturliga, biologiskt nedbrytbara, h\u00e5llbara och f\u00f6rnybara.<\/p>\n<p><strong>PRODUKTV\u00c5RD<\/strong><br \/>\nV\u00e5ra sovs\u00e4ckar \u00e4r tillverkade av h\u00e5llbara material av h\u00f6g kvalitet f\u00f6r att h\u00e5lla l\u00e4nge. F\u00f6r att du ska kunna anv\u00e4nda dem l\u00e4ngre, se till att f\u00f6lja <a href=\"https:\/\/nomadheat.com\/sv\/vard\/\">Sk\u00f6tselr\u00e5d<\/a>.<\/p>","protected":false},"excerpt":{"rendered":"<p>Extremt god och st\u00e4rkande s\u00f6mn med den ytterst lyxiga ullsovs\u00e4cken f\u00f6r barn.<br \/>\nMed endast naturliga material - mullb\u00e4rssilke och ull, ger oslagbar temperatur- och fuktreglering och noll ljud f\u00f6r o\u00f6vertr\u00e4ffad komfort under s\u00f6mnen.<br \/>\nL\u00e4mplig f\u00f6r resen\u00e4rer som reser p\u00e5 \u00e4ventyr med t\u00e4lt och husbil.<\/p>","protected":false},"featured_media":592,"comment_status":"open","ping_status":"closed","template":"","meta":[],"product_brand":[],"product_cat":[19],"product_tag":[35,22,33,41,42,51,23,36,39,32,26,40,21,50],"class_list":{"0":"post-585","1":"product","2":"type-product","3":"status-publish","4":"has-post-thumbnail","6":"product_cat-sleeping-bags","7":"product_tag-bivouac","8":"product_tag-camping","9":"product_tag-camping-essentials","10":"product_tag-glamping","11":"product_tag-hiking-trekking","12":"product_tag-organic-wool-sleeping-bag","13":"product_tag-outdoor-sleeping","14":"product_tag-outspan","15":"product_tag-overlanding","16":"product_tag-overlanding-gear","17":"product_tag-sleeping-bags-for-adults","18":"product_tag-slow-living","19":"product_tag-summer-sleeping-bag","20":"product_tag-wool-sleep-sack","22":"first","23":"instock","24":"shipping-taxable","25":"purchasable","26":"product-type-variable"},"yoast_head":"<!-- This site is optimized with the Yoast SEO plugin v27.3 - https:\/\/yoast.com\/product\/yoast-seo-wordpress\/ -->\n<title>Children&#039;s Trek Pro Wool Sleeping Bag | NomadHeat<\/title>\n<meta name=\"description\" content=\"Extremely good restorative sleep with the ultimately luxurious children&#039;s wool sleeping bag. Handmade using only all-natural materials.\" \/>\n<meta name=\"robots\" content=\"index, follow, max-snippet:-1, max-image-preview:large, max-video-preview:-1\" \/>\n<link rel=\"canonical\" href=\"https:\/\/nomadheat.com\/sv\/butik\/sovsack-i-ull-for-barn\/\" \/>\n<meta property=\"og:locale\" content=\"sv_SE\" \/>\n<meta property=\"og:type\" content=\"article\" \/>\n<meta property=\"og:title\" content=\"Children&#039;s Trek Pro Wool Sleeping Bag | NomadHeat\" \/>\n<meta property=\"og:description\" content=\"Extremely good restorative sleep with the ultimately luxurious children&#039;s wool sleeping bag. Handmade using only all-natural materials.\" \/>\n<meta property=\"og:url\" content=\"https:\/\/nomadheat.com\/sv\/butik\/sovsack-i-ull-for-barn\/\" \/>\n<meta property=\"og:site_name\" content=\"NomadHeat\" \/>\n<meta property=\"article:modified_time\" content=\"2025-03-06T09:51:09+00:00\" \/>\n<meta property=\"og:image\" content=\"https:\/\/nomadheat.com\/wp-content\/uploads\/2022\/03\/Nomad-Heat-Childrens-Wool-Sleeping-Bag-Trek-Pro.jpg\" \/>\n\t<meta property=\"og:image:width\" content=\"1300\" \/>\n\t<meta property=\"og:image:height\" content=\"1040\" \/>\n\t<meta property=\"og:image:type\" content=\"image\/jpeg\" \/>\n<meta name=\"twitter:card\" content=\"summary_large_image\" \/>\n<meta name=\"twitter:label1\" content=\"Ber\u00e4knad l\u00e4stid\" \/>\n\t<meta name=\"twitter:data1\" content=\"1 minut\" \/>\n<script type=\"application\/ld+json\" class=\"yoast-schema-graph\">{\"@context\":\"https:\\\/\\\/schema.org\",\"@graph\":[{\"@type\":\"WebPage\",\"@id\":\"https:\\\/\\\/nomadheat.com\\\/nb\\\/butikk\\\/sovepose-i-ull-for-barn\\\/\",\"url\":\"https:\\\/\\\/nomadheat.com\\\/nb\\\/butikk\\\/sovepose-i-ull-for-barn\\\/\",\"name\":\"Children's Trek Pro Wool Sleeping Bag | NomadHeat\",\"isPartOf\":{\"@id\":\"https:\\\/\\\/nomadheat.com\\\/nl\\\/#website\"},\"primaryImageOfPage\":{\"@id\":\"https:\\\/\\\/nomadheat.com\\\/nb\\\/butikk\\\/sovepose-i-ull-for-barn\\\/#primaryimage\"},\"image\":{\"@id\":\"https:\\\/\\\/nomadheat.com\\\/nb\\\/butikk\\\/sovepose-i-ull-for-barn\\\/#primaryimage\"},\"thumbnailUrl\":\"https:\\\/\\\/nomadheat.com\\\/wp-content\\\/uploads\\\/2022\\\/03\\\/Nomad-Heat-Childrens-Wool-Sleeping-Bag-Trek-Pro.jpg\",\"datePublished\":\"2022-03-24T13:54:23+00:00\",\"dateModified\":\"2025-03-06T09:51:09+00:00\",\"description\":\"Extremely good restorative sleep with the ultimately luxurious children's wool sleeping bag. Handmade using only all-natural materials.\",\"breadcrumb\":{\"@id\":\"https:\\\/\\\/nomadheat.com\\\/nb\\\/butikk\\\/sovepose-i-ull-for-barn\\\/#breadcrumb\"},\"inLanguage\":\"sv-SE\",\"potentialAction\":[{\"@type\":\"ReadAction\",\"target\":[\"https:\\\/\\\/nomadheat.com\\\/nb\\\/butikk\\\/sovepose-i-ull-for-barn\\\/\"]}]},{\"@type\":\"ImageObject\",\"inLanguage\":\"sv-SE\",\"@id\":\"https:\\\/\\\/nomadheat.com\\\/nb\\\/butikk\\\/sovepose-i-ull-for-barn\\\/#primaryimage\",\"url\":\"https:\\\/\\\/nomadheat.com\\\/wp-content\\\/uploads\\\/2022\\\/03\\\/Nomad-Heat-Childrens-Wool-Sleeping-Bag-Trek-Pro.jpg\",\"contentUrl\":\"https:\\\/\\\/nomadheat.com\\\/wp-content\\\/uploads\\\/2022\\\/03\\\/Nomad-Heat-Childrens-Wool-Sleeping-Bag-Trek-Pro.jpg\",\"width\":1300,\"height\":1040,\"caption\":\"Nomad Heat Children's Wool Sleeping Bag Trek Pro\"},{\"@type\":\"BreadcrumbList\",\"@id\":\"https:\\\/\\\/nomadheat.com\\\/nb\\\/butikk\\\/sovepose-i-ull-for-barn\\\/#breadcrumb\",\"itemListElement\":[{\"@type\":\"ListItem\",\"position\":1,\"name\":\"Home\",\"item\":\"https:\\\/\\\/nomadheat.com\\\/nl\\\/\"},{\"@type\":\"ListItem\",\"position\":2,\"name\":\"Shop\",\"item\":\"https:\\\/\\\/nomadheat.com\\\/sv\\\/butik\\\/\"},{\"@type\":\"ListItem\",\"position\":3,\"name\":\"Children&#8217;s Trek Pro Wool Sleeping Bag\"}]},{\"@type\":\"WebSite\",\"@id\":\"https:\\\/\\\/nomadheat.com\\\/nl\\\/#website\",\"url\":\"https:\\\/\\\/nomadheat.com\\\/nl\\\/\",\"name\":\"NomadHeat\",\"description\":\"Handmade Wool Sleeping Bags\",\"publisher\":{\"@id\":\"https:\\\/\\\/nomadheat.com\\\/nl\\\/#organization\"},\"potentialAction\":[{\"@type\":\"SearchAction\",\"target\":{\"@type\":\"EntryPoint\",\"urlTemplate\":\"https:\\\/\\\/nomadheat.com\\\/nl\\\/?s={search_term_string}\"},\"query-input\":{\"@type\":\"PropertyValueSpecification\",\"valueRequired\":true,\"valueName\":\"search_term_string\"}}],\"inLanguage\":\"sv-SE\"},{\"@type\":\"Organization\",\"@id\":\"https:\\\/\\\/nomadheat.com\\\/nl\\\/#organization\",\"name\":\"Nomad Heat\",\"url\":\"https:\\\/\\\/nomadheat.com\\\/nl\\\/\",\"logo\":{\"@type\":\"ImageObject\",\"inLanguage\":\"sv-SE\",\"@id\":\"https:\\\/\\\/nomadheat.com\\\/nl\\\/#\\\/schema\\\/logo\\\/image\\\/\",\"url\":\"https:\\\/\\\/nomadheat.com\\\/wp-content\\\/uploads\\\/2021\\\/10\\\/favicon.png\",\"contentUrl\":\"https:\\\/\\\/nomadheat.com\\\/wp-content\\\/uploads\\\/2021\\\/10\\\/favicon.png\",\"width\":512,\"height\":512,\"caption\":\"Nomad Heat\"},\"image\":{\"@id\":\"https:\\\/\\\/nomadheat.com\\\/nl\\\/#\\\/schema\\\/logo\\\/image\\\/\"}}]}<\/script>\n<!-- \/ Yoast SEO plugin. -->","yoast_head_json":{"title":"Trek Pro Wool sovs\u00e4ck f\u00f6r barn | NomadHeat","description":"Extremt god och st\u00e4rkande s\u00f6mn med den ytterst lyxiga ullsovs\u00e4cken f\u00f6r barn. Handgjord med endast naturliga material.","robots":{"index":"index","follow":"follow","max-snippet":"max-snippet:-1","max-image-preview":"max-image-preview:large","max-video-preview":"max-video-preview:-1"},"canonical":"https:\/\/nomadheat.com\/sv\/butik\/sovsack-i-ull-for-barn\/","og_locale":"sv_SE","og_type":"article","og_title":"Children's Trek Pro Wool Sleeping Bag | NomadHeat","og_description":"Extremely good restorative sleep with the ultimately luxurious children's wool sleeping bag. Handmade using only all-natural materials.","og_url":"https:\/\/nomadheat.com\/sv\/butik\/sovsack-i-ull-for-barn\/","og_site_name":"NomadHeat","article_modified_time":"2025-03-06T09:51:09+00:00","og_image":[{"width":1300,"height":1040,"url":"https:\/\/nomadheat.com\/wp-content\/uploads\/2022\/03\/Nomad-Heat-Childrens-Wool-Sleeping-Bag-Trek-Pro.jpg","type":"image\/jpeg"}],"twitter_card":"summary_large_image","twitter_misc":{"Ber\u00e4knad l\u00e4stid":"1 minut"},"schema":{"@context":"https:\/\/schema.org","@graph":[{"@type":"WebPage","@id":"https:\/\/nomadheat.com\/nb\/butikk\/sovepose-i-ull-for-barn\/","url":"https:\/\/nomadheat.com\/nb\/butikk\/sovepose-i-ull-for-barn\/","name":"Trek Pro Wool sovs\u00e4ck f\u00f6r barn | NomadHeat","isPartOf":{"@id":"https:\/\/nomadheat.com\/nl\/#website"},"primaryImageOfPage":{"@id":"https:\/\/nomadheat.com\/nb\/butikk\/sovepose-i-ull-for-barn\/#primaryimage"},"image":{"@id":"https:\/\/nomadheat.com\/nb\/butikk\/sovepose-i-ull-for-barn\/#primaryimage"},"thumbnailUrl":"https:\/\/nomadheat.com\/wp-content\/uploads\/2022\/03\/Nomad-Heat-Childrens-Wool-Sleeping-Bag-Trek-Pro.jpg","datePublished":"2022-03-24T13:54:23+00:00","dateModified":"2025-03-06T09:51:09+00:00","description":"Extremt god och st\u00e4rkande s\u00f6mn med den ytterst lyxiga ullsovs\u00e4cken f\u00f6r barn. Handgjord med endast naturliga material.","breadcrumb":{"@id":"https:\/\/nomadheat.com\/nb\/butikk\/sovepose-i-ull-for-barn\/#breadcrumb"},"inLanguage":"sv-SE","potentialAction":[{"@type":"ReadAction","target":["https:\/\/nomadheat.com\/nb\/butikk\/sovepose-i-ull-for-barn\/"]}]},{"@type":"ImageObject","inLanguage":"sv-SE","@id":"https:\/\/nomadheat.com\/nb\/butikk\/sovepose-i-ull-for-barn\/#primaryimage","url":"https:\/\/nomadheat.com\/wp-content\/uploads\/2022\/03\/Nomad-Heat-Childrens-Wool-Sleeping-Bag-Trek-Pro.jpg","contentUrl":"https:\/\/nomadheat.com\/wp-content\/uploads\/2022\/03\/Nomad-Heat-Childrens-Wool-Sleeping-Bag-Trek-Pro.jpg","width":1300,"height":1040,"caption":"Nomad Heat Children's Wool Sleeping Bag Trek Pro"},{"@type":"BreadcrumbList","@id":"https:\/\/nomadheat.com\/nb\/butikk\/sovepose-i-ull-for-barn\/#breadcrumb","itemListElement":[{"@type":"ListItem","position":1,"name":"Home","item":"https:\/\/nomadheat.com\/nl\/"},{"@type":"ListItem","position":2,"name":"Shop","item":"https:\/\/nomadheat.com\/sv\/butik\/"},{"@type":"ListItem","position":3,"name":"Children&#8217;s Trek Pro Wool Sleeping Bag"}]},{"@type":"WebSite","@id":"https:\/\/nomadheat.com\/nl\/#website","url":"https:\/\/nomadheat.com\/nl\/","name":"NomadHeat","description":"Handgjorda sovs\u00e4ckar i ull","publisher":{"@id":"https:\/\/nomadheat.com\/nl\/#organization"},"potentialAction":[{"@type":"SearchAction","target":{"@type":"EntryPoint","urlTemplate":"https:\/\/nomadheat.com\/nl\/?s={search_term_string}"},"query-input":{"@type":"PropertyValueSpecification","valueRequired":true,"valueName":"search_term_string"}}],"inLanguage":"sv-SE"},{"@type":"Organization","@id":"https:\/\/nomadheat.com\/nl\/#organization","name":"Nomad v\u00e4rme","url":"https:\/\/nomadheat.com\/nl\/","logo":{"@type":"ImageObject","inLanguage":"sv-SE","@id":"https:\/\/nomadheat.com\/nl\/#\/schema\/logo\/image\/","url":"https:\/\/nomadheat.com\/wp-content\/uploads\/2021\/10\/favicon.png","contentUrl":"https:\/\/nomadheat.com\/wp-content\/uploads\/2021\/10\/favicon.png","width":512,"height":512,"caption":"Nomad Heat"},"image":{"@id":"https:\/\/nomadheat.com\/nl\/#\/schema\/logo\/image\/"}}]}},"_links":{"self":[{"href":"https:\/\/nomadheat.com\/sv\/wp-json\/wp\/v2\/product\/585","targetHints":{"allow":["GET"]}}],"collection":[{"href":"https:\/\/nomadheat.com\/sv\/wp-json\/wp\/v2\/product"}],"about":[{"href":"https:\/\/nomadheat.com\/sv\/wp-json\/wp\/v2\/types\/product"}],"replies":[{"embeddable":true,"href":"https:\/\/nomadheat.com\/sv\/wp-json\/wp\/v2\/comments?post=585"}],"wp:featuredmedia":[{"embeddable":true,"href":"https:\/\/nomadheat.com\/sv\/wp-json\/wp\/v2\/media\/592"}],"wp:attachment":[{"href":"https:\/\/nomadheat.com\/sv\/wp-json\/wp\/v2\/media?parent=585"}],"wp:term":[{"taxonomy":"product_brand","embeddable":true,"href":"https:\/\/nomadheat.com\/sv\/wp-json\/wp\/v2\/product_brand?post=585"},{"taxonomy":"product_cat","embeddable":true,"href":"https:\/\/nomadheat.com\/sv\/wp-json\/wp\/v2\/product_cat?post=585"},{"taxonomy":"product_tag","embeddable":true,"href":"https:\/\/nomadheat.com\/sv\/wp-json\/wp\/v2\/product_tag?post=585"}],"curies":[{"name":"wp","href":"https:\/\/api.w.org\/{rel}","templated":true}]}}