{"id":229,"date":"2021-08-03T09:52:35","date_gmt":"2021-08-03T06:52:35","guid":{"rendered":"https:\/\/nomadheat.com\/?post_type=product&#038;p=229"},"modified":"2025-04-29T14:52:26","modified_gmt":"2025-04-29T11:52:26","slug":"sovsack-i-ull-trek-pro","status":"publish","type":"product","link":"https:\/\/nomadheat.com\/sv\/shop\/wool-sleeping-bag-trek-pro\/","title":{"rendered":"Trek Pro Ullsovs\u00e4ck"},"content":{"rendered":"<p><strong>FUNKTIONER<\/strong><br \/>\n- Ytterst lyxigt tyg av naturligt mullb\u00e4rssilke och ullbatting inuti<br \/>\n- Fast eller avtagbar huva som tillval, vilket minskar buller och \u00f6kar komforten<br \/>\n- Dragsko p\u00e5 huvan och isoleringskragen f\u00f6r enkel justering<br \/>\n- H\u00e4ng upp luftningsslingor<br \/>\n- Kompressionstygs\u00e4ck<br \/>\n- Klimatreglering med en central 2-v\u00e4gs dragkedja<br \/>\n- YKK-dragkedja f\u00f6rhindrar att materialet fastnar<br \/>\n- Innerficka f\u00f6r f\u00f6rvaring av v\u00e4rdesaker<br \/>\n- Rektangul\u00e4r fotbox f\u00f6r \u00f6kad komfort utan extra vikt<br \/>\n- Dragkedja f\u00f6r fotl\u00e5dan som tillval<br \/>\n- Avtagbart silkesfoder som tillval<\/p>\n<p>Bredaste punkten - i mitten runt armarna:<br \/>\n90 cm f\u00f6r herrmodeller \/ 80 cm f\u00f6r dammodeller<\/p>\n<p>L\u00e4ngd (fr\u00e5n dragkedjans \u00f6verkant till foten):<br \/>\n- upp till 170 cm<br \/>\n- upp till 180 cm<br \/>\n- upp till 190 cm<br \/>\n- upp till 200 cm eller valfri l\u00e4ngd p\u00e5 beg\u00e4ran<\/p>\n<p><strong>VIKT<\/strong><\/p>\n<ul>\n<li>Trek Pro Light - F\u00f6r den minsta kvinnostorleken: 1185 g \/ 2,6 lb<\/li>\n<li>Trek Pro Zero - F\u00f6r den st\u00f6rsta herrstorleken: 2400 g \/ 5,3 lb<\/li>\n<li>Trek Pro Extreme - F\u00f6r den minsta kvinnostorleken: 2650 g \/ 5,8 lb<\/li>\n<\/ul>\n<p><strong>MATERIAL<\/strong><br \/>\nSkal: 100% Naturligt mullb\u00e4rssilke<br \/>\nFoder: 100% naturligt mullb\u00e4rssilke<br \/>\nFyllning: 100% ekologisk ull (GOTS-certifierad)<br \/>\nKan tv\u00e4ttas i maskin: Ja<br \/>\nVOC, HAP, syntetiska \u00e4mnen, kemikaliefria<\/p>\n<p><strong>H\u00c5LLBARHET<\/strong><br \/>\nAlla material i sovs\u00e4cken \u00e4r naturliga, biologiskt nedbrytbara, h\u00e5llbara och f\u00f6rnybara.<\/p>\n<p><strong>PRODUKTV\u00c5RD<\/strong><br \/>\nV\u00e5ra sovs\u00e4ckar \u00e4r tillverkade av h\u00e5llbara material av h\u00f6g kvalitet f\u00f6r att h\u00e5lla l\u00e4nge. F\u00f6r att du ska kunna anv\u00e4nda dem l\u00e4ngre, se till att f\u00f6lja <a href=\"https:\/\/nomadheat.com\/sv\/vard\/\">Sk\u00f6tselr\u00e5d<\/a>.<\/p>","protected":false},"excerpt":{"rendered":"<p>Extremt god och \u00e5terh\u00e4mtande s\u00f6mn med den ytterst lyxiga Trek Pro-sovs\u00e4cken.<br \/>\nMed endast naturliga material - mullb\u00e4rssilke och ull, ger oslagbar temperatur- och fuktreglering och noll ljud f\u00f6r o\u00f6vertr\u00e4ffad komfort under s\u00f6mnen.<br \/>\nL\u00e4mplig f\u00f6r resen\u00e4rer som reser p\u00e5 \u00e4ventyr med t\u00e4lt och husbil.<\/p>","protected":false},"featured_media":234,"comment_status":"open","ping_status":"closed","template":"","meta":[],"product_brand":[],"product_cat":[19],"product_tag":[35,22,33,41,42,51,23,36,39,32,26,40,21,50],"class_list":{"0":"post-229","1":"product","2":"type-product","3":"status-publish","4":"has-post-thumbnail","6":"product_cat-sleeping-bags","7":"product_tag-bivouac","8":"product_tag-camping","9":"product_tag-camping-essentials","10":"product_tag-glamping","11":"product_tag-hiking-trekking","12":"product_tag-organic-wool-sleeping-bag","13":"product_tag-outdoor-sleeping","14":"product_tag-outspan","15":"product_tag-overlanding","16":"product_tag-overlanding-gear","17":"product_tag-sleeping-bags-for-adults","18":"product_tag-slow-living","19":"product_tag-summer-sleeping-bag","20":"product_tag-wool-sleep-sack","22":"first","23":"instock","24":"shipping-taxable","25":"purchasable","26":"product-type-variable"},"yoast_head":"<!-- This site is optimized with the Yoast SEO plugin v27.4 - https:\/\/yoast.com\/product\/yoast-seo-wordpress\/ -->\n<title>Trek Pro Wool Sleeping Bag | NomadHeat | All-natural Sleeping Bags<\/title>\n<meta name=\"description\" content=\"Wool sleeping bag made with only all-natural materials, provides unbeatable temperature and moisture regulation for unparalleled comfort during sleep.\" \/>\n<meta name=\"robots\" content=\"index, follow, max-snippet:-1, max-image-preview:large, max-video-preview:-1\" \/>\n<link rel=\"canonical\" href=\"https:\/\/nomadheat.com\/sv\/butik\/sovsack-i-ull-trek-pro\/\" \/>\n<meta property=\"og:locale\" content=\"sv_SE\" \/>\n<meta property=\"og:type\" content=\"article\" \/>\n<meta property=\"og:title\" content=\"Trek Pro Wool Sleeping Bag | NomadHeat | All-natural Sleeping Bags\" \/>\n<meta property=\"og:description\" content=\"Wool sleeping bag made with only all-natural materials, provides unbeatable temperature and moisture regulation for unparalleled comfort during sleep.\" \/>\n<meta property=\"og:url\" content=\"https:\/\/nomadheat.com\/sv\/butik\/sovsack-i-ull-trek-pro\/\" \/>\n<meta property=\"og:site_name\" content=\"NomadHeat\" \/>\n<meta property=\"article:modified_time\" content=\"2025-04-29T11:52:26+00:00\" \/>\n<meta property=\"og:image\" content=\"https:\/\/nomadheat.com\/wp-content\/uploads\/2021\/08\/Nomad-Heat-Wool-Sleeping-Bag-Trek-Pro-1.jpg\" \/>\n\t<meta property=\"og:image:width\" content=\"2000\" \/>\n\t<meta property=\"og:image:height\" content=\"1600\" \/>\n\t<meta property=\"og:image:type\" content=\"image\/jpeg\" \/>\n<meta name=\"twitter:card\" content=\"summary_large_image\" \/>\n<meta name=\"twitter:label1\" content=\"Ber\u00e4knad l\u00e4stid\" \/>\n\t<meta name=\"twitter:data1\" content=\"2 minuter\" \/>\n<script type=\"application\/ld+json\" class=\"yoast-schema-graph\">{\"@context\":\"https:\\\/\\\/schema.org\",\"@graph\":[{\"@type\":\"WebPage\",\"@id\":\"https:\\\/\\\/nomadheat.com\\\/it\\\/negozio\\\/sacco-a-pelo-in-lana-trek-pro\\\/\",\"url\":\"https:\\\/\\\/nomadheat.com\\\/it\\\/negozio\\\/sacco-a-pelo-in-lana-trek-pro\\\/\",\"name\":\"Trek Pro Wool Sleeping Bag | NomadHeat | All-natural Sleeping Bags\",\"isPartOf\":{\"@id\":\"https:\\\/\\\/nomadheat.com\\\/nl\\\/#website\"},\"primaryImageOfPage\":{\"@id\":\"https:\\\/\\\/nomadheat.com\\\/it\\\/negozio\\\/sacco-a-pelo-in-lana-trek-pro\\\/#primaryimage\"},\"image\":{\"@id\":\"https:\\\/\\\/nomadheat.com\\\/it\\\/negozio\\\/sacco-a-pelo-in-lana-trek-pro\\\/#primaryimage\"},\"thumbnailUrl\":\"https:\\\/\\\/nomadheat.com\\\/wp-content\\\/uploads\\\/2021\\\/08\\\/Nomad-Heat-Wool-Sleeping-Bag-Trek-Pro-1.jpg\",\"datePublished\":\"2021-08-03T06:52:35+00:00\",\"dateModified\":\"2025-04-29T11:52:26+00:00\",\"description\":\"Wool sleeping bag made with only all-natural materials, provides unbeatable temperature and moisture regulation for unparalleled comfort during sleep.\",\"breadcrumb\":{\"@id\":\"https:\\\/\\\/nomadheat.com\\\/it\\\/negozio\\\/sacco-a-pelo-in-lana-trek-pro\\\/#breadcrumb\"},\"inLanguage\":\"sv-SE\",\"potentialAction\":[{\"@type\":\"ReadAction\",\"target\":[\"https:\\\/\\\/nomadheat.com\\\/it\\\/negozio\\\/sacco-a-pelo-in-lana-trek-pro\\\/\"]}]},{\"@type\":\"ImageObject\",\"inLanguage\":\"sv-SE\",\"@id\":\"https:\\\/\\\/nomadheat.com\\\/it\\\/negozio\\\/sacco-a-pelo-in-lana-trek-pro\\\/#primaryimage\",\"url\":\"https:\\\/\\\/nomadheat.com\\\/wp-content\\\/uploads\\\/2021\\\/08\\\/Nomad-Heat-Wool-Sleeping-Bag-Trek-Pro-1.jpg\",\"contentUrl\":\"https:\\\/\\\/nomadheat.com\\\/wp-content\\\/uploads\\\/2021\\\/08\\\/Nomad-Heat-Wool-Sleeping-Bag-Trek-Pro-1.jpg\",\"width\":2000,\"height\":1600,\"caption\":\"Nomad Heat Wool Sleeping Bag Trek Pro\"},{\"@type\":\"BreadcrumbList\",\"@id\":\"https:\\\/\\\/nomadheat.com\\\/it\\\/negozio\\\/sacco-a-pelo-in-lana-trek-pro\\\/#breadcrumb\",\"itemListElement\":[{\"@type\":\"ListItem\",\"position\":1,\"name\":\"Home\",\"item\":\"https:\\\/\\\/nomadheat.com\\\/nl\\\/\"},{\"@type\":\"ListItem\",\"position\":2,\"name\":\"Shop\",\"item\":\"https:\\\/\\\/nomadheat.com\\\/sv\\\/butik\\\/\"},{\"@type\":\"ListItem\",\"position\":3,\"name\":\"Trek Pro Wool Sleeping Bag\"}]},{\"@type\":\"WebSite\",\"@id\":\"https:\\\/\\\/nomadheat.com\\\/nl\\\/#website\",\"url\":\"https:\\\/\\\/nomadheat.com\\\/nl\\\/\",\"name\":\"NomadHeat\",\"description\":\"Handmade Wool Sleeping Bags\",\"publisher\":{\"@id\":\"https:\\\/\\\/nomadheat.com\\\/nl\\\/#organization\"},\"potentialAction\":[{\"@type\":\"SearchAction\",\"target\":{\"@type\":\"EntryPoint\",\"urlTemplate\":\"https:\\\/\\\/nomadheat.com\\\/nl\\\/?s={search_term_string}\"},\"query-input\":{\"@type\":\"PropertyValueSpecification\",\"valueRequired\":true,\"valueName\":\"search_term_string\"}}],\"inLanguage\":\"sv-SE\"},{\"@type\":\"Organization\",\"@id\":\"https:\\\/\\\/nomadheat.com\\\/nl\\\/#organization\",\"name\":\"Nomad Heat\",\"url\":\"https:\\\/\\\/nomadheat.com\\\/nl\\\/\",\"logo\":{\"@type\":\"ImageObject\",\"inLanguage\":\"sv-SE\",\"@id\":\"https:\\\/\\\/nomadheat.com\\\/nl\\\/#\\\/schema\\\/logo\\\/image\\\/\",\"url\":\"https:\\\/\\\/nomadheat.com\\\/wp-content\\\/uploads\\\/2021\\\/10\\\/favicon.png\",\"contentUrl\":\"https:\\\/\\\/nomadheat.com\\\/wp-content\\\/uploads\\\/2021\\\/10\\\/favicon.png\",\"width\":512,\"height\":512,\"caption\":\"Nomad Heat\"},\"image\":{\"@id\":\"https:\\\/\\\/nomadheat.com\\\/nl\\\/#\\\/schema\\\/logo\\\/image\\\/\"}}]}<\/script>\n<!-- \/ Yoast SEO plugin. -->","yoast_head_json":{"title":"Trek Pro Ullsovs\u00e4ck | NomadHeat | Helt naturliga sovs\u00e4ckar","description":"Ullsovs\u00e4ck tillverkad av endast naturliga material, ger oslagbar temperatur- och fuktreglering f\u00f6r o\u00f6vertr\u00e4ffad komfort under s\u00f6mnen.","robots":{"index":"index","follow":"follow","max-snippet":"max-snippet:-1","max-image-preview":"max-image-preview:large","max-video-preview":"max-video-preview:-1"},"canonical":"https:\/\/nomadheat.com\/sv\/butik\/sovsack-i-ull-trek-pro\/","og_locale":"sv_SE","og_type":"article","og_title":"Trek Pro Wool Sleeping Bag | NomadHeat | All-natural Sleeping Bags","og_description":"Wool sleeping bag made with only all-natural materials, provides unbeatable temperature and moisture regulation for unparalleled comfort during sleep.","og_url":"https:\/\/nomadheat.com\/sv\/butik\/sovsack-i-ull-trek-pro\/","og_site_name":"NomadHeat","article_modified_time":"2025-04-29T11:52:26+00:00","og_image":[{"width":2000,"height":1600,"url":"https:\/\/nomadheat.com\/wp-content\/uploads\/2021\/08\/Nomad-Heat-Wool-Sleeping-Bag-Trek-Pro-1.jpg","type":"image\/jpeg"}],"twitter_card":"summary_large_image","twitter_misc":{"Ber\u00e4knad l\u00e4stid":"2 minuter"},"schema":{"@context":"https:\/\/schema.org","@graph":[{"@type":"WebPage","@id":"https:\/\/nomadheat.com\/it\/negozio\/sacco-a-pelo-in-lana-trek-pro\/","url":"https:\/\/nomadheat.com\/it\/negozio\/sacco-a-pelo-in-lana-trek-pro\/","name":"Trek Pro Ullsovs\u00e4ck | NomadHeat | Helt naturliga sovs\u00e4ckar","isPartOf":{"@id":"https:\/\/nomadheat.com\/nl\/#website"},"primaryImageOfPage":{"@id":"https:\/\/nomadheat.com\/it\/negozio\/sacco-a-pelo-in-lana-trek-pro\/#primaryimage"},"image":{"@id":"https:\/\/nomadheat.com\/it\/negozio\/sacco-a-pelo-in-lana-trek-pro\/#primaryimage"},"thumbnailUrl":"https:\/\/nomadheat.com\/wp-content\/uploads\/2021\/08\/Nomad-Heat-Wool-Sleeping-Bag-Trek-Pro-1.jpg","datePublished":"2021-08-03T06:52:35+00:00","dateModified":"2025-04-29T11:52:26+00:00","description":"Ullsovs\u00e4ck tillverkad av endast naturliga material, ger oslagbar temperatur- och fuktreglering f\u00f6r o\u00f6vertr\u00e4ffad komfort under s\u00f6mnen.","breadcrumb":{"@id":"https:\/\/nomadheat.com\/it\/negozio\/sacco-a-pelo-in-lana-trek-pro\/#breadcrumb"},"inLanguage":"sv-SE","potentialAction":[{"@type":"ReadAction","target":["https:\/\/nomadheat.com\/it\/negozio\/sacco-a-pelo-in-lana-trek-pro\/"]}]},{"@type":"ImageObject","inLanguage":"sv-SE","@id":"https:\/\/nomadheat.com\/it\/negozio\/sacco-a-pelo-in-lana-trek-pro\/#primaryimage","url":"https:\/\/nomadheat.com\/wp-content\/uploads\/2021\/08\/Nomad-Heat-Wool-Sleeping-Bag-Trek-Pro-1.jpg","contentUrl":"https:\/\/nomadheat.com\/wp-content\/uploads\/2021\/08\/Nomad-Heat-Wool-Sleeping-Bag-Trek-Pro-1.jpg","width":2000,"height":1600,"caption":"Nomad Heat Wool Sleeping Bag Trek Pro"},{"@type":"BreadcrumbList","@id":"https:\/\/nomadheat.com\/it\/negozio\/sacco-a-pelo-in-lana-trek-pro\/#breadcrumb","itemListElement":[{"@type":"ListItem","position":1,"name":"Home","item":"https:\/\/nomadheat.com\/nl\/"},{"@type":"ListItem","position":2,"name":"Shop","item":"https:\/\/nomadheat.com\/sv\/butik\/"},{"@type":"ListItem","position":3,"name":"Trek Pro Wool Sleeping Bag"}]},{"@type":"WebSite","@id":"https:\/\/nomadheat.com\/nl\/#website","url":"https:\/\/nomadheat.com\/nl\/","name":"NomadHeat","description":"Handgjorda sovs\u00e4ckar i ull","publisher":{"@id":"https:\/\/nomadheat.com\/nl\/#organization"},"potentialAction":[{"@type":"SearchAction","target":{"@type":"EntryPoint","urlTemplate":"https:\/\/nomadheat.com\/nl\/?s={search_term_string}"},"query-input":{"@type":"PropertyValueSpecification","valueRequired":true,"valueName":"search_term_string"}}],"inLanguage":"sv-SE"},{"@type":"Organization","@id":"https:\/\/nomadheat.com\/nl\/#organization","name":"Nomad v\u00e4rme","url":"https:\/\/nomadheat.com\/nl\/","logo":{"@type":"ImageObject","inLanguage":"sv-SE","@id":"https:\/\/nomadheat.com\/nl\/#\/schema\/logo\/image\/","url":"https:\/\/nomadheat.com\/wp-content\/uploads\/2021\/10\/favicon.png","contentUrl":"https:\/\/nomadheat.com\/wp-content\/uploads\/2021\/10\/favicon.png","width":512,"height":512,"caption":"Nomad Heat"},"image":{"@id":"https:\/\/nomadheat.com\/nl\/#\/schema\/logo\/image\/"}}]}},"_links":{"self":[{"href":"https:\/\/nomadheat.com\/sv\/wp-json\/wp\/v2\/product\/229","targetHints":{"allow":["GET"]}}],"collection":[{"href":"https:\/\/nomadheat.com\/sv\/wp-json\/wp\/v2\/product"}],"about":[{"href":"https:\/\/nomadheat.com\/sv\/wp-json\/wp\/v2\/types\/product"}],"replies":[{"embeddable":true,"href":"https:\/\/nomadheat.com\/sv\/wp-json\/wp\/v2\/comments?post=229"}],"wp:featuredmedia":[{"embeddable":true,"href":"https:\/\/nomadheat.com\/sv\/wp-json\/wp\/v2\/media\/234"}],"wp:attachment":[{"href":"https:\/\/nomadheat.com\/sv\/wp-json\/wp\/v2\/media?parent=229"}],"wp:term":[{"taxonomy":"product_brand","embeddable":true,"href":"https:\/\/nomadheat.com\/sv\/wp-json\/wp\/v2\/product_brand?post=229"},{"taxonomy":"product_cat","embeddable":true,"href":"https:\/\/nomadheat.com\/sv\/wp-json\/wp\/v2\/product_cat?post=229"},{"taxonomy":"product_tag","embeddable":true,"href":"https:\/\/nomadheat.com\/sv\/wp-json\/wp\/v2\/product_tag?post=229"}],"curies":[{"name":"wp","href":"https:\/\/api.w.org\/{rel}","templated":true}]}}