{"id":1764,"date":"2025-11-25T15:57:01","date_gmt":"2025-11-25T13:57:01","guid":{"rendered":"https:\/\/nomadheat.com\/?post_type=product&#038;p=1764"},"modified":"2026-01-29T12:20:03","modified_gmt":"2026-01-29T10:20:03","slug":"wool-beanie-neck-gaiter","status":"publish","type":"product","link":"https:\/\/nomadheat.com\/sv\/shop\/wool-beanie-neck-gaiter\/","title":{"rendered":"M\u00f6ssa och halsduk i merinoull"},"content":{"rendered":"<div class=\"ql-block\" data-block-id=\"block-600c3793-5b28-4266-bab4-291cf8cd5726\">\n<p>Vi skapade f\u00f6rst denna m\u00f6ssa och halsduk i merinoull f\u00f6r campingresor. N\u00e5got l\u00e4tt, rent och naturligt. Den b\u00f6rjade som en del av v\u00e5r Nomad Heat-kollektion, designad f\u00f6r stunder utomhus och lugna kv\u00e4llar vid brasan. Men vi ins\u00e5g snart att deras komfort str\u00e4ckte sig l\u00e5ngt bortom campingplatsen. De h\u00e4r plaggen passar lika bra i vardagen. P\u00e5 stadspromenader, parkpromenader eller helt enkelt f\u00f6r att ta sig igenom dagen med l\u00e4tthet.<\/p>\n<\/div>\n<div class=\"ql-block\" data-block-id=\"block-ce0a0410-2232-495e-951f-436b6828ab0c\">\n<p>Tyget \u00e4r en jersey i ren merinoull som \u00e4r mjuk mot huden och l\u00e4tt att gl\u00f6mma bort n\u00e4r den v\u00e4l \u00e4r p\u00e5. Den v\u00e4rmer n\u00e4r luften blir kall och l\u00e5ter dig andas fritt n\u00e4r den inte g\u00f6r det. Inga syntetmaterial, inga ytbel\u00e4ggningar, bara ull som g\u00f6r det den g\u00f6r b\u00e4st.<\/p>\n<\/div>\n<div class=\"ql-block\" data-block-id=\"block-11029d3b-4574-4f5f-8702-2e4b24acc944\">Den l\u00e4tta m\u00f6ssan och halsv\u00e4rmaren kan vikas ihop i en ficka, torkar snabbt och kliar aldrig. Du kan b\u00e4ra den som en buff, halsduk eller ansiktsskydd i merinoull. Enkel, varaktig komfort. Gjorda f\u00f6r att f\u00f6lja med \u00f6verallt och h\u00e5lla i m\u00e5nga \u00e5rstider.<\/div>","protected":false},"excerpt":{"rendered":"<p>Dessa 100% merinoullm\u00f6ssa och halsduk i merinoull ing\u00e5r i v\u00e5r Nomad Heat-serie med campingtillbeh\u00f6r och \u00e4r tv\u00e5 av de plagg som du alltid har med dig \u00f6verallt. De \u00e4r naturligt l\u00e4tta och andningsbara och h\u00e5ller dig varm utomhus och bekv\u00e4m hela dagen. En mjuk m\u00f6ssa och buff i merinoull som l\u00e4tt kan anv\u00e4ndas b\u00e5de i naturen och i vardagen.<\/p>","protected":false},"featured_media":1784,"comment_status":"open","ping_status":"closed","template":"","meta":[],"product_brand":[],"product_cat":[20],"product_tag":[129,128,130,127,126],"class_list":{"0":"post-1764","1":"product","2":"type-product","3":"status-publish","4":"has-post-thumbnail","6":"product_cat-accessories","7":"product_tag-breathable","8":"product_tag-lightweight","9":"product_tag-lightweight-neck-warmer","10":"product_tag-merino-wool-buff","11":"product_tag-merino-wool-neck-gaiter","13":"first","14":"instock","15":"shipping-taxable","16":"purchasable","17":"product-type-variable"},"yoast_head":"<!-- This site is optimized with the Yoast SEO plugin v27.4 - https:\/\/yoast.com\/product\/yoast-seo-wordpress\/ -->\n<title>Beanie and Neck Warmer \u2013 Natural Merino Wool\u200b | Nomad Heat<\/title>\n<meta name=\"description\" content=\"Discover all-season comfort with our lightweight merino wool neck gaiter and beanie \u2014 ultra-soft, breathable, and odor-resistant. Perfect for hiking, travel, or everyday wear.\" \/>\n<meta name=\"robots\" content=\"index, follow, max-snippet:-1, max-image-preview:large, max-video-preview:-1\" \/>\n<link rel=\"canonical\" href=\"https:\/\/nomadheat.com\/sv\/butik\/wool-beanie-neck-gaiter\/\" \/>\n<meta property=\"og:locale\" content=\"sv_SE\" \/>\n<meta property=\"og:type\" content=\"article\" \/>\n<meta property=\"og:title\" content=\"Beanie and Neck Warmer \u2013 Natural Merino Wool\u200b | Nomad Heat\" \/>\n<meta property=\"og:description\" content=\"Discover all-season comfort with our lightweight merino wool neck gaiter and beanie \u2014 ultra-soft, breathable, and odor-resistant. Perfect for hiking, travel, or everyday wear.\" \/>\n<meta property=\"og:url\" content=\"https:\/\/nomadheat.com\/sv\/butik\/wool-beanie-neck-gaiter\/\" \/>\n<meta property=\"og:site_name\" content=\"NomadHeat\" \/>\n<meta property=\"article:modified_time\" content=\"2026-01-29T10:20:03+00:00\" \/>\n<meta property=\"og:image\" content=\"https:\/\/nomadheat.com\/wp-content\/uploads\/2025\/11\/Nomad-Heat-Neck-Gaiter-Beanie-Main.jpg\" \/>\n\t<meta property=\"og:image:width\" content=\"2000\" \/>\n\t<meta property=\"og:image:height\" content=\"1601\" \/>\n\t<meta property=\"og:image:type\" content=\"image\/jpeg\" \/>\n<meta name=\"twitter:card\" content=\"summary_large_image\" \/>\n<meta name=\"twitter:label1\" content=\"Ber\u00e4knad l\u00e4stid\" \/>\n\t<meta name=\"twitter:data1\" content=\"1 minut\" \/>\n<script type=\"application\/ld+json\" class=\"yoast-schema-graph\">{\"@context\":\"https:\\\/\\\/schema.org\",\"@graph\":[{\"@type\":\"WebPage\",\"@id\":\"https:\\\/\\\/nomadheat.com\\\/shop\\\/wool-beanie-neck-gaiter\\\/\",\"url\":\"https:\\\/\\\/nomadheat.com\\\/shop\\\/wool-beanie-neck-gaiter\\\/\",\"name\":\"Beanie and Neck Warmer \u2013 Natural Merino Wool\u200b | Nomad Heat\",\"isPartOf\":{\"@id\":\"https:\\\/\\\/nomadheat.com\\\/nl\\\/#website\"},\"primaryImageOfPage\":{\"@id\":\"https:\\\/\\\/nomadheat.com\\\/shop\\\/wool-beanie-neck-gaiter\\\/#primaryimage\"},\"image\":{\"@id\":\"https:\\\/\\\/nomadheat.com\\\/shop\\\/wool-beanie-neck-gaiter\\\/#primaryimage\"},\"thumbnailUrl\":\"https:\\\/\\\/nomadheat.com\\\/wp-content\\\/uploads\\\/2025\\\/11\\\/Nomad-Heat-Neck-Gaiter-Beanie-Main.jpg\",\"datePublished\":\"2025-11-25T13:57:01+00:00\",\"dateModified\":\"2026-01-29T10:20:03+00:00\",\"description\":\"Discover all-season comfort with our lightweight merino wool neck gaiter and beanie \u2014 ultra-soft, breathable, and odor-resistant. Perfect for hiking, travel, or everyday wear.\",\"breadcrumb\":{\"@id\":\"https:\\\/\\\/nomadheat.com\\\/shop\\\/wool-beanie-neck-gaiter\\\/#breadcrumb\"},\"inLanguage\":\"sv-SE\",\"potentialAction\":[{\"@type\":\"ReadAction\",\"target\":[\"https:\\\/\\\/nomadheat.com\\\/shop\\\/wool-beanie-neck-gaiter\\\/\"]}]},{\"@type\":\"ImageObject\",\"inLanguage\":\"sv-SE\",\"@id\":\"https:\\\/\\\/nomadheat.com\\\/shop\\\/wool-beanie-neck-gaiter\\\/#primaryimage\",\"url\":\"https:\\\/\\\/nomadheat.com\\\/wp-content\\\/uploads\\\/2025\\\/11\\\/Nomad-Heat-Neck-Gaiter-Beanie-Main.jpg\",\"contentUrl\":\"https:\\\/\\\/nomadheat.com\\\/wp-content\\\/uploads\\\/2025\\\/11\\\/Nomad-Heat-Neck-Gaiter-Beanie-Main.jpg\",\"width\":2000,\"height\":1601},{\"@type\":\"BreadcrumbList\",\"@id\":\"https:\\\/\\\/nomadheat.com\\\/shop\\\/wool-beanie-neck-gaiter\\\/#breadcrumb\",\"itemListElement\":[{\"@type\":\"ListItem\",\"position\":1,\"name\":\"Home\",\"item\":\"https:\\\/\\\/nomadheat.com\\\/nl\\\/\"},{\"@type\":\"ListItem\",\"position\":2,\"name\":\"Shop\",\"item\":\"https:\\\/\\\/nomadheat.com\\\/sv\\\/butik\\\/\"},{\"@type\":\"ListItem\",\"position\":3,\"name\":\"Merino Wool Beanie and Neck Gaiter\"}]},{\"@type\":\"WebSite\",\"@id\":\"https:\\\/\\\/nomadheat.com\\\/nl\\\/#website\",\"url\":\"https:\\\/\\\/nomadheat.com\\\/nl\\\/\",\"name\":\"NomadHeat\",\"description\":\"Handmade Wool Sleeping Bags\",\"publisher\":{\"@id\":\"https:\\\/\\\/nomadheat.com\\\/nl\\\/#organization\"},\"potentialAction\":[{\"@type\":\"SearchAction\",\"target\":{\"@type\":\"EntryPoint\",\"urlTemplate\":\"https:\\\/\\\/nomadheat.com\\\/nl\\\/?s={search_term_string}\"},\"query-input\":{\"@type\":\"PropertyValueSpecification\",\"valueRequired\":true,\"valueName\":\"search_term_string\"}}],\"inLanguage\":\"sv-SE\"},{\"@type\":\"Organization\",\"@id\":\"https:\\\/\\\/nomadheat.com\\\/nl\\\/#organization\",\"name\":\"Nomad Heat\",\"url\":\"https:\\\/\\\/nomadheat.com\\\/nl\\\/\",\"logo\":{\"@type\":\"ImageObject\",\"inLanguage\":\"sv-SE\",\"@id\":\"https:\\\/\\\/nomadheat.com\\\/nl\\\/#\\\/schema\\\/logo\\\/image\\\/\",\"url\":\"https:\\\/\\\/nomadheat.com\\\/wp-content\\\/uploads\\\/2021\\\/10\\\/favicon.png\",\"contentUrl\":\"https:\\\/\\\/nomadheat.com\\\/wp-content\\\/uploads\\\/2021\\\/10\\\/favicon.png\",\"width\":512,\"height\":512,\"caption\":\"Nomad Heat\"},\"image\":{\"@id\":\"https:\\\/\\\/nomadheat.com\\\/nl\\\/#\\\/schema\\\/logo\\\/image\\\/\"}}]}<\/script>\n<!-- \/ Yoast SEO plugin. -->","yoast_head_json":{"title":"M\u00f6ssa och halsv\u00e4rmare - naturlig merinoull | Nomad Heat","description":"Upplev komfort under hela s\u00e4songen med v\u00e5r l\u00e4tta halsduk och m\u00f6ssa i merinoull - ultramjuka, andningsbara och luktresistenta. Perfekt f\u00f6r vandring, resor eller vardagsbruk.","robots":{"index":"index","follow":"follow","max-snippet":"max-snippet:-1","max-image-preview":"max-image-preview:large","max-video-preview":"max-video-preview:-1"},"canonical":"https:\/\/nomadheat.com\/sv\/butik\/wool-beanie-neck-gaiter\/","og_locale":"sv_SE","og_type":"article","og_title":"Beanie and Neck Warmer \u2013 Natural Merino Wool\u200b | Nomad Heat","og_description":"Discover all-season comfort with our lightweight merino wool neck gaiter and beanie \u2014 ultra-soft, breathable, and odor-resistant. Perfect for hiking, travel, or everyday wear.","og_url":"https:\/\/nomadheat.com\/sv\/butik\/wool-beanie-neck-gaiter\/","og_site_name":"NomadHeat","article_modified_time":"2026-01-29T10:20:03+00:00","og_image":[{"width":2000,"height":1601,"url":"https:\/\/nomadheat.com\/wp-content\/uploads\/2025\/11\/Nomad-Heat-Neck-Gaiter-Beanie-Main.jpg","type":"image\/jpeg"}],"twitter_card":"summary_large_image","twitter_misc":{"Ber\u00e4knad l\u00e4stid":"1 minut"},"schema":{"@context":"https:\/\/schema.org","@graph":[{"@type":"WebPage","@id":"https:\/\/nomadheat.com\/shop\/wool-beanie-neck-gaiter\/","url":"https:\/\/nomadheat.com\/shop\/wool-beanie-neck-gaiter\/","name":"M\u00f6ssa och halsv\u00e4rmare - naturlig merinoull | Nomad Heat","isPartOf":{"@id":"https:\/\/nomadheat.com\/nl\/#website"},"primaryImageOfPage":{"@id":"https:\/\/nomadheat.com\/shop\/wool-beanie-neck-gaiter\/#primaryimage"},"image":{"@id":"https:\/\/nomadheat.com\/shop\/wool-beanie-neck-gaiter\/#primaryimage"},"thumbnailUrl":"https:\/\/nomadheat.com\/wp-content\/uploads\/2025\/11\/Nomad-Heat-Neck-Gaiter-Beanie-Main.jpg","datePublished":"2025-11-25T13:57:01+00:00","dateModified":"2026-01-29T10:20:03+00:00","description":"Upplev komfort under hela s\u00e4songen med v\u00e5r l\u00e4tta halsduk och m\u00f6ssa i merinoull - ultramjuka, andningsbara och luktresistenta. Perfekt f\u00f6r vandring, resor eller vardagsbruk.","breadcrumb":{"@id":"https:\/\/nomadheat.com\/shop\/wool-beanie-neck-gaiter\/#breadcrumb"},"inLanguage":"sv-SE","potentialAction":[{"@type":"ReadAction","target":["https:\/\/nomadheat.com\/shop\/wool-beanie-neck-gaiter\/"]}]},{"@type":"ImageObject","inLanguage":"sv-SE","@id":"https:\/\/nomadheat.com\/shop\/wool-beanie-neck-gaiter\/#primaryimage","url":"https:\/\/nomadheat.com\/wp-content\/uploads\/2025\/11\/Nomad-Heat-Neck-Gaiter-Beanie-Main.jpg","contentUrl":"https:\/\/nomadheat.com\/wp-content\/uploads\/2025\/11\/Nomad-Heat-Neck-Gaiter-Beanie-Main.jpg","width":2000,"height":1601},{"@type":"BreadcrumbList","@id":"https:\/\/nomadheat.com\/shop\/wool-beanie-neck-gaiter\/#breadcrumb","itemListElement":[{"@type":"ListItem","position":1,"name":"Home","item":"https:\/\/nomadheat.com\/nl\/"},{"@type":"ListItem","position":2,"name":"Shop","item":"https:\/\/nomadheat.com\/sv\/butik\/"},{"@type":"ListItem","position":3,"name":"Merino Wool Beanie and Neck Gaiter"}]},{"@type":"WebSite","@id":"https:\/\/nomadheat.com\/nl\/#website","url":"https:\/\/nomadheat.com\/nl\/","name":"NomadHeat","description":"Handgjorda sovs\u00e4ckar i ull","publisher":{"@id":"https:\/\/nomadheat.com\/nl\/#organization"},"potentialAction":[{"@type":"SearchAction","target":{"@type":"EntryPoint","urlTemplate":"https:\/\/nomadheat.com\/nl\/?s={search_term_string}"},"query-input":{"@type":"PropertyValueSpecification","valueRequired":true,"valueName":"search_term_string"}}],"inLanguage":"sv-SE"},{"@type":"Organization","@id":"https:\/\/nomadheat.com\/nl\/#organization","name":"Nomad v\u00e4rme","url":"https:\/\/nomadheat.com\/nl\/","logo":{"@type":"ImageObject","inLanguage":"sv-SE","@id":"https:\/\/nomadheat.com\/nl\/#\/schema\/logo\/image\/","url":"https:\/\/nomadheat.com\/wp-content\/uploads\/2021\/10\/favicon.png","contentUrl":"https:\/\/nomadheat.com\/wp-content\/uploads\/2021\/10\/favicon.png","width":512,"height":512,"caption":"Nomad Heat"},"image":{"@id":"https:\/\/nomadheat.com\/nl\/#\/schema\/logo\/image\/"}}]}},"_links":{"self":[{"href":"https:\/\/nomadheat.com\/sv\/wp-json\/wp\/v2\/product\/1764","targetHints":{"allow":["GET"]}}],"collection":[{"href":"https:\/\/nomadheat.com\/sv\/wp-json\/wp\/v2\/product"}],"about":[{"href":"https:\/\/nomadheat.com\/sv\/wp-json\/wp\/v2\/types\/product"}],"replies":[{"embeddable":true,"href":"https:\/\/nomadheat.com\/sv\/wp-json\/wp\/v2\/comments?post=1764"}],"wp:featuredmedia":[{"embeddable":true,"href":"https:\/\/nomadheat.com\/sv\/wp-json\/wp\/v2\/media\/1784"}],"wp:attachment":[{"href":"https:\/\/nomadheat.com\/sv\/wp-json\/wp\/v2\/media?parent=1764"}],"wp:term":[{"taxonomy":"product_brand","embeddable":true,"href":"https:\/\/nomadheat.com\/sv\/wp-json\/wp\/v2\/product_brand?post=1764"},{"taxonomy":"product_cat","embeddable":true,"href":"https:\/\/nomadheat.com\/sv\/wp-json\/wp\/v2\/product_cat?post=1764"},{"taxonomy":"product_tag","embeddable":true,"href":"https:\/\/nomadheat.com\/sv\/wp-json\/wp\/v2\/product_tag?post=1764"}],"curies":[{"name":"wp","href":"https:\/\/api.w.org\/{rel}","templated":true}]}}