{"id":1331,"date":"2024-05-21T15:40:22","date_gmt":"2024-05-21T12:40:22","guid":{"rendered":"https:\/\/nomadheat.com\/?post_type=product&#038;p=1331"},"modified":"2024-05-21T16:06:29","modified_gmt":"2024-05-21T13:06:29","slug":"campingdyna-2","status":"publish","type":"product","link":"https:\/\/nomadheat.com\/sv\/shop\/sleeping-mat\/","title":{"rendered":"Sovmatta i ull f\u00f6r camping"},"content":{"rendered":"<p><strong>F\u00c4RG<\/strong>: naturlig gr\u00e5<\/p>\n<p><strong>B\u00c4RV\u00c4SKA SOM TILLVAL:<\/strong><\/p>\n<ul>\n<li>ja (+ US$ 18)<\/li>\n<li>nej<\/li>\n<\/ul>\n<p><b>VIKT: <\/b>1,6 kg (3,5 lbs)<\/p>\n<p><strong>PRODUKTV\u00c5RD<\/strong><br \/>\nV\u00e5ra produkter \u00e4r tillverkade av h\u00e5llbara material av h\u00f6g kvalitet f\u00f6r att h\u00e5lla l\u00e4nge. F\u00f6r att du ska kunna anv\u00e4nda dem l\u00e4ngre, se till att f\u00f6lja <a href=\"https:\/\/nomadheat.com\/sv\/vard\/\">Sk\u00f6tselr\u00e5d<\/a>.<\/p>","protected":false},"excerpt":{"rendered":"<p><strong>Handgjord<\/strong>,\u00a0<strong>anpassningsbar<\/strong>,\u00a0<strong>helt naturlig<\/strong>\u00a0V\u00e4vd ullmatta f\u00f6r camping. Ger oslagbar v\u00e4rmeisolering och temperaturkontroll under hela natten. L\u00e4mplig f\u00f6r resen\u00e4rer som ger sig ut p\u00e5 \u00e4ventyr med t\u00e4lt. L\u00e4ttvikt f\u00f6r bekv\u00e4m vandring. Kombinera med en sovs\u00e4ck i ull f\u00f6r b\u00e4sta m\u00f6jliga campingupplevelse.<br \/>\nHelt och h\u00e5llet\u00a0<strong>kemikaliefri<\/strong>, med\u00a0<strong>ingen avgasning<\/strong>\u00a0och\u00a0<strong>noll VOC<\/strong>.\u00a0<strong>Allergiv\u00e4nlig<\/strong>, l\u00e4mplig f\u00f6r personer med\u00a0<strong>kemisk k\u00e4nslighet,\u00a0<\/strong>inklusive<strong>\u00a0MCS. Naturligtvis<\/strong>\u00a0<strong>dammkvalster- och m\u00f6gelresistent, antimikrobiell<\/strong>,\u00a0<strong>anti-bakteriell,\u00a0<\/strong>och<strong>\u00a0Flams\u00e4kert.<\/strong><br \/>\n100%<strong>\u00a0biologiskt nedbrytbar<\/strong>\u00a0anv\u00e4nder endast\u00a0<strong>h\u00e5llbar<\/strong>\u00a0<strong>f\u00f6rnybar<\/strong>\u00a0material.<\/p>\n<p><strong>SIZE:\u00a0<\/strong>23,6 x 79\u2033 (60 x 200 cm)<\/p>","protected":false},"featured_media":1340,"comment_status":"open","ping_status":"closed","template":"","meta":[],"product_brand":[],"product_cat":[20],"product_tag":[22,33,48,41,42,23,36,39,32,40,49],"class_list":{"0":"post-1331","1":"product","2":"type-product","3":"status-publish","4":"has-post-thumbnail","6":"product_cat-accessories","7":"product_tag-camping","8":"product_tag-camping-essentials","9":"product_tag-camping-mattress","10":"product_tag-glamping","11":"product_tag-hiking-trekking","12":"product_tag-outdoor-sleeping","13":"product_tag-outspan","14":"product_tag-overlanding","15":"product_tag-overlanding-gear","16":"product_tag-slow-living","17":"product_tag-tent-pad","19":"first","20":"instock","21":"shipping-taxable","22":"purchasable","23":"product-type-variable"},"yoast_head":"<!-- This site is optimized with the Yoast SEO plugin v27.4 - https:\/\/yoast.com\/product\/yoast-seo-wordpress\/ -->\n<title>Wool Sleeping Mat for Camping | NomadHeat<\/title>\n<meta name=\"description\" content=\"Extremely good restorative sleep with the ultimately luxurious sleeping mat. Suitable for travelers going on camping adventures with tents and RVs.\" \/>\n<meta name=\"robots\" content=\"index, follow, max-snippet:-1, max-image-preview:large, max-video-preview:-1\" \/>\n<link rel=\"canonical\" href=\"https:\/\/nomadheat.com\/sv\/butik\/campingdyna-2\/\" \/>\n<meta property=\"og:locale\" content=\"sv_SE\" \/>\n<meta property=\"og:type\" content=\"article\" \/>\n<meta property=\"og:title\" content=\"Wool Sleeping Mat for Camping | NomadHeat\" \/>\n<meta property=\"og:description\" content=\"Extremely good restorative sleep with the ultimately luxurious sleeping mat. Suitable for travelers going on camping adventures with tents and RVs.\" \/>\n<meta property=\"og:url\" content=\"https:\/\/nomadheat.com\/sv\/butik\/campingdyna-2\/\" \/>\n<meta property=\"og:site_name\" content=\"NomadHeat\" \/>\n<meta property=\"article:modified_time\" content=\"2024-05-21T13:06:29+00:00\" \/>\n<meta property=\"og:image\" content=\"https:\/\/nomadheat.com\/wp-content\/uploads\/2024\/05\/Nomad-Heat-Wool-Sleeping-Mat-for-Camping.jpg\" \/>\n\t<meta property=\"og:image:width\" content=\"1200\" \/>\n\t<meta property=\"og:image:height\" content=\"960\" \/>\n\t<meta property=\"og:image:type\" content=\"image\/jpeg\" \/>\n<meta name=\"twitter:card\" content=\"summary_large_image\" \/>\n<meta name=\"twitter:label1\" content=\"Ber\u00e4knad l\u00e4stid\" \/>\n\t<meta name=\"twitter:data1\" content=\"1 minut\" \/>\n<script type=\"application\/ld+json\" class=\"yoast-schema-graph\">{\"@context\":\"https:\\\/\\\/schema.org\",\"@graph\":[{\"@type\":\"WebPage\",\"@id\":\"https:\\\/\\\/nomadheat.com\\\/ja\\\/%e3%82%b7%e3%83%a7%e3%83%83%e3%83%97\\\/%e3%82%ad%e3%83%a3%e3%83%b3%e3%83%94%e3%83%b3%e3%82%b0%e3%83%91%e3%83%83%e3%83%89-2\\\/\",\"url\":\"https:\\\/\\\/nomadheat.com\\\/ja\\\/%e3%82%b7%e3%83%a7%e3%83%83%e3%83%97\\\/%e3%82%ad%e3%83%a3%e3%83%b3%e3%83%94%e3%83%b3%e3%82%b0%e3%83%91%e3%83%83%e3%83%89-2\\\/\",\"name\":\"Wool Sleeping Mat for Camping | NomadHeat\",\"isPartOf\":{\"@id\":\"https:\\\/\\\/nomadheat.com\\\/nl\\\/#website\"},\"primaryImageOfPage\":{\"@id\":\"https:\\\/\\\/nomadheat.com\\\/ja\\\/%e3%82%b7%e3%83%a7%e3%83%83%e3%83%97\\\/%e3%82%ad%e3%83%a3%e3%83%b3%e3%83%94%e3%83%b3%e3%82%b0%e3%83%91%e3%83%83%e3%83%89-2\\\/#primaryimage\"},\"image\":{\"@id\":\"https:\\\/\\\/nomadheat.com\\\/ja\\\/%e3%82%b7%e3%83%a7%e3%83%83%e3%83%97\\\/%e3%82%ad%e3%83%a3%e3%83%b3%e3%83%94%e3%83%b3%e3%82%b0%e3%83%91%e3%83%83%e3%83%89-2\\\/#primaryimage\"},\"thumbnailUrl\":\"https:\\\/\\\/nomadheat.com\\\/wp-content\\\/uploads\\\/2024\\\/05\\\/Nomad-Heat-Wool-Sleeping-Mat-for-Camping.jpg\",\"datePublished\":\"2024-05-21T12:40:22+00:00\",\"dateModified\":\"2024-05-21T13:06:29+00:00\",\"description\":\"Extremely good restorative sleep with the ultimately luxurious sleeping mat. Suitable for travelers going on camping adventures with tents and RVs.\",\"breadcrumb\":{\"@id\":\"https:\\\/\\\/nomadheat.com\\\/ja\\\/%e3%82%b7%e3%83%a7%e3%83%83%e3%83%97\\\/%e3%82%ad%e3%83%a3%e3%83%b3%e3%83%94%e3%83%b3%e3%82%b0%e3%83%91%e3%83%83%e3%83%89-2\\\/#breadcrumb\"},\"inLanguage\":\"sv-SE\",\"potentialAction\":[{\"@type\":\"ReadAction\",\"target\":[\"https:\\\/\\\/nomadheat.com\\\/ja\\\/%e3%82%b7%e3%83%a7%e3%83%83%e3%83%97\\\/%e3%82%ad%e3%83%a3%e3%83%b3%e3%83%94%e3%83%b3%e3%82%b0%e3%83%91%e3%83%83%e3%83%89-2\\\/\"]}]},{\"@type\":\"ImageObject\",\"inLanguage\":\"sv-SE\",\"@id\":\"https:\\\/\\\/nomadheat.com\\\/ja\\\/%e3%82%b7%e3%83%a7%e3%83%83%e3%83%97\\\/%e3%82%ad%e3%83%a3%e3%83%b3%e3%83%94%e3%83%b3%e3%82%b0%e3%83%91%e3%83%83%e3%83%89-2\\\/#primaryimage\",\"url\":\"https:\\\/\\\/nomadheat.com\\\/wp-content\\\/uploads\\\/2024\\\/05\\\/Nomad-Heat-Wool-Sleeping-Mat-for-Camping.jpg\",\"contentUrl\":\"https:\\\/\\\/nomadheat.com\\\/wp-content\\\/uploads\\\/2024\\\/05\\\/Nomad-Heat-Wool-Sleeping-Mat-for-Camping.jpg\",\"width\":1200,\"height\":960},{\"@type\":\"BreadcrumbList\",\"@id\":\"https:\\\/\\\/nomadheat.com\\\/ja\\\/%e3%82%b7%e3%83%a7%e3%83%83%e3%83%97\\\/%e3%82%ad%e3%83%a3%e3%83%b3%e3%83%94%e3%83%b3%e3%82%b0%e3%83%91%e3%83%83%e3%83%89-2\\\/#breadcrumb\",\"itemListElement\":[{\"@type\":\"ListItem\",\"position\":1,\"name\":\"Home\",\"item\":\"https:\\\/\\\/nomadheat.com\\\/nl\\\/\"},{\"@type\":\"ListItem\",\"position\":2,\"name\":\"Shop\",\"item\":\"https:\\\/\\\/nomadheat.com\\\/sv\\\/butik\\\/\"},{\"@type\":\"ListItem\",\"position\":3,\"name\":\"Wool Sleeping Mat for Camping\"}]},{\"@type\":\"WebSite\",\"@id\":\"https:\\\/\\\/nomadheat.com\\\/nl\\\/#website\",\"url\":\"https:\\\/\\\/nomadheat.com\\\/nl\\\/\",\"name\":\"NomadHeat\",\"description\":\"Handmade Wool Sleeping Bags\",\"publisher\":{\"@id\":\"https:\\\/\\\/nomadheat.com\\\/nl\\\/#organization\"},\"potentialAction\":[{\"@type\":\"SearchAction\",\"target\":{\"@type\":\"EntryPoint\",\"urlTemplate\":\"https:\\\/\\\/nomadheat.com\\\/nl\\\/?s={search_term_string}\"},\"query-input\":{\"@type\":\"PropertyValueSpecification\",\"valueRequired\":true,\"valueName\":\"search_term_string\"}}],\"inLanguage\":\"sv-SE\"},{\"@type\":\"Organization\",\"@id\":\"https:\\\/\\\/nomadheat.com\\\/nl\\\/#organization\",\"name\":\"Nomad Heat\",\"url\":\"https:\\\/\\\/nomadheat.com\\\/nl\\\/\",\"logo\":{\"@type\":\"ImageObject\",\"inLanguage\":\"sv-SE\",\"@id\":\"https:\\\/\\\/nomadheat.com\\\/nl\\\/#\\\/schema\\\/logo\\\/image\\\/\",\"url\":\"https:\\\/\\\/nomadheat.com\\\/wp-content\\\/uploads\\\/2021\\\/10\\\/favicon.png\",\"contentUrl\":\"https:\\\/\\\/nomadheat.com\\\/wp-content\\\/uploads\\\/2021\\\/10\\\/favicon.png\",\"width\":512,\"height\":512,\"caption\":\"Nomad Heat\"},\"image\":{\"@id\":\"https:\\\/\\\/nomadheat.com\\\/nl\\\/#\\\/schema\\\/logo\\\/image\\\/\"}}]}<\/script>\n<!-- \/ Yoast SEO plugin. -->","yoast_head_json":{"title":"Liggunderlag i ull f\u00f6r camping | NomadHeat","description":"Extremt god och \u00e5terh\u00e4mtande s\u00f6mn med det ultimata lyxiga liggunderlaget. L\u00e4mpligt f\u00f6r resen\u00e4rer som \u00e5ker p\u00e5 camping\u00e4ventyr med t\u00e4lt och husbil.","robots":{"index":"index","follow":"follow","max-snippet":"max-snippet:-1","max-image-preview":"max-image-preview:large","max-video-preview":"max-video-preview:-1"},"canonical":"https:\/\/nomadheat.com\/sv\/butik\/campingdyna-2\/","og_locale":"sv_SE","og_type":"article","og_title":"Wool Sleeping Mat for Camping | NomadHeat","og_description":"Extremely good restorative sleep with the ultimately luxurious sleeping mat. Suitable for travelers going on camping adventures with tents and RVs.","og_url":"https:\/\/nomadheat.com\/sv\/butik\/campingdyna-2\/","og_site_name":"NomadHeat","article_modified_time":"2024-05-21T13:06:29+00:00","og_image":[{"width":1200,"height":960,"url":"https:\/\/nomadheat.com\/wp-content\/uploads\/2024\/05\/Nomad-Heat-Wool-Sleeping-Mat-for-Camping.jpg","type":"image\/jpeg"}],"twitter_card":"summary_large_image","twitter_misc":{"Ber\u00e4knad l\u00e4stid":"1 minut"},"schema":{"@context":"https:\/\/schema.org","@graph":[{"@type":"WebPage","@id":"https:\/\/nomadheat.com\/ja\/%e3%82%b7%e3%83%a7%e3%83%83%e3%83%97\/%e3%82%ad%e3%83%a3%e3%83%b3%e3%83%94%e3%83%b3%e3%82%b0%e3%83%91%e3%83%83%e3%83%89-2\/","url":"https:\/\/nomadheat.com\/ja\/%e3%82%b7%e3%83%a7%e3%83%83%e3%83%97\/%e3%82%ad%e3%83%a3%e3%83%b3%e3%83%94%e3%83%b3%e3%82%b0%e3%83%91%e3%83%83%e3%83%89-2\/","name":"Liggunderlag i ull f\u00f6r camping | NomadHeat","isPartOf":{"@id":"https:\/\/nomadheat.com\/nl\/#website"},"primaryImageOfPage":{"@id":"https:\/\/nomadheat.com\/ja\/%e3%82%b7%e3%83%a7%e3%83%83%e3%83%97\/%e3%82%ad%e3%83%a3%e3%83%b3%e3%83%94%e3%83%b3%e3%82%b0%e3%83%91%e3%83%83%e3%83%89-2\/#primaryimage"},"image":{"@id":"https:\/\/nomadheat.com\/ja\/%e3%82%b7%e3%83%a7%e3%83%83%e3%83%97\/%e3%82%ad%e3%83%a3%e3%83%b3%e3%83%94%e3%83%b3%e3%82%b0%e3%83%91%e3%83%83%e3%83%89-2\/#primaryimage"},"thumbnailUrl":"https:\/\/nomadheat.com\/wp-content\/uploads\/2024\/05\/Nomad-Heat-Wool-Sleeping-Mat-for-Camping.jpg","datePublished":"2024-05-21T12:40:22+00:00","dateModified":"2024-05-21T13:06:29+00:00","description":"Extremt god och \u00e5terh\u00e4mtande s\u00f6mn med det ultimata lyxiga liggunderlaget. L\u00e4mpligt f\u00f6r resen\u00e4rer som \u00e5ker p\u00e5 camping\u00e4ventyr med t\u00e4lt och husbil.","breadcrumb":{"@id":"https:\/\/nomadheat.com\/ja\/%e3%82%b7%e3%83%a7%e3%83%83%e3%83%97\/%e3%82%ad%e3%83%a3%e3%83%b3%e3%83%94%e3%83%b3%e3%82%b0%e3%83%91%e3%83%83%e3%83%89-2\/#breadcrumb"},"inLanguage":"sv-SE","potentialAction":[{"@type":"ReadAction","target":["https:\/\/nomadheat.com\/ja\/%e3%82%b7%e3%83%a7%e3%83%83%e3%83%97\/%e3%82%ad%e3%83%a3%e3%83%b3%e3%83%94%e3%83%b3%e3%82%b0%e3%83%91%e3%83%83%e3%83%89-2\/"]}]},{"@type":"ImageObject","inLanguage":"sv-SE","@id":"https:\/\/nomadheat.com\/ja\/%e3%82%b7%e3%83%a7%e3%83%83%e3%83%97\/%e3%82%ad%e3%83%a3%e3%83%b3%e3%83%94%e3%83%b3%e3%82%b0%e3%83%91%e3%83%83%e3%83%89-2\/#primaryimage","url":"https:\/\/nomadheat.com\/wp-content\/uploads\/2024\/05\/Nomad-Heat-Wool-Sleeping-Mat-for-Camping.jpg","contentUrl":"https:\/\/nomadheat.com\/wp-content\/uploads\/2024\/05\/Nomad-Heat-Wool-Sleeping-Mat-for-Camping.jpg","width":1200,"height":960},{"@type":"BreadcrumbList","@id":"https:\/\/nomadheat.com\/ja\/%e3%82%b7%e3%83%a7%e3%83%83%e3%83%97\/%e3%82%ad%e3%83%a3%e3%83%b3%e3%83%94%e3%83%b3%e3%82%b0%e3%83%91%e3%83%83%e3%83%89-2\/#breadcrumb","itemListElement":[{"@type":"ListItem","position":1,"name":"Home","item":"https:\/\/nomadheat.com\/nl\/"},{"@type":"ListItem","position":2,"name":"Shop","item":"https:\/\/nomadheat.com\/sv\/butik\/"},{"@type":"ListItem","position":3,"name":"Wool Sleeping Mat for Camping"}]},{"@type":"WebSite","@id":"https:\/\/nomadheat.com\/nl\/#website","url":"https:\/\/nomadheat.com\/nl\/","name":"NomadHeat","description":"Handgjorda sovs\u00e4ckar i ull","publisher":{"@id":"https:\/\/nomadheat.com\/nl\/#organization"},"potentialAction":[{"@type":"SearchAction","target":{"@type":"EntryPoint","urlTemplate":"https:\/\/nomadheat.com\/nl\/?s={search_term_string}"},"query-input":{"@type":"PropertyValueSpecification","valueRequired":true,"valueName":"search_term_string"}}],"inLanguage":"sv-SE"},{"@type":"Organization","@id":"https:\/\/nomadheat.com\/nl\/#organization","name":"Nomad v\u00e4rme","url":"https:\/\/nomadheat.com\/nl\/","logo":{"@type":"ImageObject","inLanguage":"sv-SE","@id":"https:\/\/nomadheat.com\/nl\/#\/schema\/logo\/image\/","url":"https:\/\/nomadheat.com\/wp-content\/uploads\/2021\/10\/favicon.png","contentUrl":"https:\/\/nomadheat.com\/wp-content\/uploads\/2021\/10\/favicon.png","width":512,"height":512,"caption":"Nomad Heat"},"image":{"@id":"https:\/\/nomadheat.com\/nl\/#\/schema\/logo\/image\/"}}]}},"_links":{"self":[{"href":"https:\/\/nomadheat.com\/sv\/wp-json\/wp\/v2\/product\/1331","targetHints":{"allow":["GET"]}}],"collection":[{"href":"https:\/\/nomadheat.com\/sv\/wp-json\/wp\/v2\/product"}],"about":[{"href":"https:\/\/nomadheat.com\/sv\/wp-json\/wp\/v2\/types\/product"}],"replies":[{"embeddable":true,"href":"https:\/\/nomadheat.com\/sv\/wp-json\/wp\/v2\/comments?post=1331"}],"wp:featuredmedia":[{"embeddable":true,"href":"https:\/\/nomadheat.com\/sv\/wp-json\/wp\/v2\/media\/1340"}],"wp:attachment":[{"href":"https:\/\/nomadheat.com\/sv\/wp-json\/wp\/v2\/media?parent=1331"}],"wp:term":[{"taxonomy":"product_brand","embeddable":true,"href":"https:\/\/nomadheat.com\/sv\/wp-json\/wp\/v2\/product_brand?post=1331"},{"taxonomy":"product_cat","embeddable":true,"href":"https:\/\/nomadheat.com\/sv\/wp-json\/wp\/v2\/product_cat?post=1331"},{"taxonomy":"product_tag","embeddable":true,"href":"https:\/\/nomadheat.com\/sv\/wp-json\/wp\/v2\/product_tag?post=1331"}],"curies":[{"name":"wp","href":"https:\/\/api.w.org\/{rel}","templated":true}]}}