{"id":298,"date":"2021-10-11T11:32:56","date_gmt":"2021-10-11T08:32:56","guid":{"rendered":"https:\/\/nomadheat.com\/?page_id=298"},"modified":"2025-02-24T14:22:58","modified_gmt":"2025-02-24T12:22:58","slug":"vard","status":"publish","type":"page","link":"https:\/\/nomadheat.com\/sv\/care\/","title":{"rendered":"Sk\u00f6tselr\u00e5d"},"content":{"rendered":"<div class=\"wpb-content-wrapper\"><div  class=\"sec_row container\"><div class=\"vc_row wpb_row vc_row-fluid\"><div class=\"wpb_column vc_column_container vc_col-sm-2 et-dark-column\"><div class=\"vc_column-inner\"><div class=\"wpb_wrapper\"><\/div><\/div><\/div><div class=\"wpb_column vc_column_container vc_col-sm-8 et-dark-column\"><div class=\"vc_column-inner\"><div class=\"wpb_wrapper\"><div class=\"vc_empty_space\"   style=\"height: 50px\"><span class=\"vc_empty_space_inner\"><\/span><\/div>\n\t<div class=\"wpb_text_column wpb_content_element\" >\n\t\t<div class=\"wpb_wrapper\">\n\t\t\t<h1 class=\"page-title\" style=\"text-align: center;\">SK\u00d6TSELANVISNINGAR<\/h1>\n<h2 style=\"text-align: center;\">NOMAD SOVS\u00c4CKAR I V\u00c4RMEULL<\/h2>\n\n\t\t<\/div>\n\t<\/div>\n<div  class=\"vc_do_toggle vc_toggle vc_toggle_simple vc_toggle_color_green  vc_toggle_size_md\"><div class=\"vc_toggle_title\"><h4>Reng\u00f6ring och torkning av sovs\u00e4ckar i ull<\/h4><i class=\"vc_toggle_icon\"><\/i><\/div><div class=\"vc_toggle_content\"><p>Strykning och kemtv\u00e4tt kan skada sovs\u00e4ckens skal och isolering. De kemiska f\u00f6reningar som anv\u00e4nds vid kemtv\u00e4tt kan ta bort de naturliga oljorna i ull och varm strykning kan skada skalet.<\/p>\n<p><strong>Reng\u00f6ring av fl\u00e4ckar<\/strong><\/p>\n<p>Det b\u00e4sta alternativet f\u00f6r att h\u00e5lla sovs\u00e4cken ren och i perfekt skick \u00e4r att reng\u00f6ra den p\u00e5 plats.<\/p>\n<ul>\n<li>Anv\u00e4nd en pastaliknande blandning av tv\u00e5l utan reng\u00f6ringsmedel och vatten<\/li>\n<li>Bred ut pastan p\u00e5 en liten mjuk borste eller svamp och reng\u00f6r sovs\u00e4ckens skal med mjuka r\u00f6relser<\/li>\n<li>Sk\u00f6lj den behandlade delen av tyget med ljummet vatten<\/li>\n<li>L\u00e5t den lufttorka helt och h\u00e5llet<\/li>\n<\/ul>\n<p><strong>Maskintv\u00e4tt<\/strong><\/p>\n<ul>\n<li>Se till att dra upp alla blixtl\u00e5s<\/li>\n<li>Tv\u00e4tta i ullprogram (vanligtvis skonsamt program i 30\u00b0C \/ 90\u00b0F). Om din tv\u00e4ttmaskin inte har en ullcykel, anv\u00e4nd kallvattentv\u00e4tt eller tv\u00e4ttcykel f\u00f6r fintv\u00e4tt.<\/li>\n<li>Anv\u00e4nd ett tv\u00e4ttmedel f\u00f6r ull eller silke.<br \/>\nF\u00e5r inte blekas. Tills\u00e4tt inte mjukg\u00f6rare eller fl\u00e4ckborttagningsmedel - de kan skada mullb\u00e4rssilkeskalet och ullfyllningen.<\/li>\n<li>L\u00e5t den lufttorka helt och h\u00e5llet<\/li>\n<\/ul>\n<p><strong>Handtv\u00e4tt<\/strong><\/p>\n<ul>\n<li>Fyll badkaret med ljummet vatten<\/li>\n<li>Anv\u00e4nd ulltv\u00e4ttmedel, men undvik att anv\u00e4nda f\u00f6r mycket av det eftersom det blir sv\u00e5rare att sk\u00f6lja ur det<\/li>\n<li>L\u00e4gg sovs\u00e4cken i badkaret och gnugga f\u00f6rsiktigt ihop de mest smutsiga omr\u00e5dena<\/li>\n<li>Anv\u00e4nd en mjuk svamp f\u00f6r att g\u00e5 igenom hela sovs\u00e4ckens skal<\/li>\n<li>L\u00e5t st\u00e5 i upp till en timme och h\u00e4ll av vattnet<\/li>\n<li>Tryck f\u00f6rsiktigt ut eventuellt kvarvarande vatten p\u00e5 sovs\u00e4cken<\/li>\n<li>Fyll badkaret med ljummet vatten f\u00f6r att sk\u00f6lja. Arbeta f\u00f6rsiktigt ut tv\u00e5len och l\u00e5t rinna av<\/li>\n<li>Upprepa sk\u00f6ljningen tills det inte finns n\u00e5gon tv\u00e5l kvar<\/li>\n<\/ul>\n<p><strong>Torkning<\/strong><\/p>\n<ul>\n<li>Sovs\u00e4cken \u00e4r tung n\u00e4r den \u00e4r v\u00e5t, s\u00e5 du kan beh\u00f6va lite hj\u00e4lp med att hantera den<\/li>\n<li>Lufttorka den p\u00e5 en plan yta<\/li>\n<li>Undvik att vrida sovs\u00e4cken f\u00f6r att avl\u00e4gsna \u00f6verfl\u00f6digt vatten, men om du m\u00e5ste, pressa ut det l\u00e4tt<\/li>\n<\/ul>\n<\/div><\/div><div  class=\"vc_do_toggle vc_toggle vc_toggle_simple vc_toggle_color_green  vc_toggle_size_md\"><div class=\"vc_toggle_title\"><h4>F\u00f6rvaring av sovs\u00e4ck i ull<\/h4><i class=\"vc_toggle_icon\"><\/i><\/div><div class=\"vc_toggle_content\"><p>F\u00f6rvara din ullsovs\u00e4ck omsorgsfullt s\u00e5 h\u00e5ller den l\u00e4ngre.<\/p>\n<ul>\n<li>N\u00e4r du kommer tillbaka fr\u00e5n en resa, \u00f6ppna dragkedjan och l\u00e5t v\u00e4skan luftas f\u00f6r att se till att den \u00e4r helt torr<\/li>\n<li>L\u00e4gg inte tillbaka den i s\u00e4cken - om den f\u00f6rvaras komprimerad kommer fyllningen att skadas med tiden<\/li>\n<li>F\u00f6rvara din sovs\u00e4ck p\u00e5 en sval och torr plats, okomprimerad i en l\u00e5da eller genom att h\u00e4nga upp den - detta hj\u00e4lper till att h\u00e5lla fyllningen j\u00e4mnt f\u00f6rdelad och beh\u00e5lla sin fluffighet<\/li>\n<li>F\u00f6rvara en lavendelp\u00e5se n\u00e4ra din ullsovs\u00e4ck f\u00f6r att mota bort mal<\/li>\n<\/ul>\n<\/div><\/div><div  class=\"vc_do_toggle vc_toggle vc_toggle_simple vc_toggle_color_green  vc_toggle_size_md\"><div class=\"vc_toggle_title\"><h4>Stoppa ner din ullsovs\u00e4ck i s\u00e4cken<\/h4><i class=\"vc_toggle_icon\"><\/i><\/div><div class=\"vc_toggle_content\"><p>Undvik att f\u00f6rvara din v\u00e4ska komprimerad i sin s\u00e4ck. Komprimering under l\u00e4ngre perioder minskar fluffigheten och texturen.<\/p>\n<ul>\n<li>Innan du stoppar ner sovs\u00e4cken i s\u00e4cken ska du se till att st\u00e4nga dragkedjorna helt<\/li>\n<li>Vik in den bredaste delen vid axlarna och b\u00f6rja rulla upp fr\u00e5n f\u00f6tterna<\/li>\n<\/ul>\n<\/div><\/div><div  class=\"vc_do_toggle vc_toggle vc_toggle_simple vc_toggle_color_green  vc_toggle_size_md\"><div class=\"vc_toggle_title\"><h4>Ytterligare tips<\/h4><i class=\"vc_toggle_icon\"><\/i><\/div><div class=\"vc_toggle_content\"><ul>\n<li>F\u00f6rvaras \u00e5tskilt fr\u00e5n \u00f6ppen eld<\/li>\n<li>Sov alltid i rena kl\u00e4der<\/li>\n<li>Ta bort solskyddsmedel eller andra tunga kosmetiska produkter fr\u00e5n ansikte och hals s\u00e5 att de inte tr\u00e4nger ner i sovs\u00e4cken<\/li>\n<li>En textilm\u00f6ssa h\u00e5ller oljigt h\u00e5r borta fr\u00e5n huvan<\/li>\n<li>\u00d6verv\u00e4g att anv\u00e4nda ett extra sovs\u00e4cksfoder som fungerar som en barri\u00e4r mellan din hud och sovs\u00e4cken. Vi erbjuder l\u00e4ttviktsfoder i ren silke som \u00f6kar sovs\u00e4ckens temperaturklassning och dessutom \u00e4r maskintv\u00e4ttbara och mycket enkla att underh\u00e5lla.<\/li>\n<li>Skydda sovs\u00e4cken fr\u00e5n marken genom att l\u00e4gga ut ett liggunderlag f\u00f6rst och se till att ta bort alla vassa f\u00f6rem\u00e5l fr\u00e5n marken som kan skada sovs\u00e4cken<\/li>\n<li>Var f\u00f6rsiktig med dragkedjor s\u00e5 att de inte hakar upp sig<\/li>\n<li>Lufta din sovs\u00e4ck varje morgon i frisk luft och solljus - f\u00f6r att torka ut eventuell fukt som samlats under natten, v\u00e4nd den ut och in och l\u00e5t den torka helt<\/li>\n<li>Heta f\u00f6rem\u00e5l, t.ex. kastruller, kan skada tyget<\/li>\n<li>Insektsmedel som inneh\u00e5ller DEET kan skada sovs\u00e4cken - spraya inte direkt p\u00e5 den<\/li>\n<\/ul>\n<\/div><\/div><div  class=\"vc_do_toggle vc_toggle vc_toggle_simple vc_toggle_color_green  vc_toggle_size_md\"><div class=\"vc_toggle_title\"><h4>Reparationer<\/h4><i class=\"vc_toggle_icon\"><\/i><\/div><div class=\"vc_toggle_content\"><p>Om en liten reva uppst\u00e5r i skalet medan du campar syr du ihop den f\u00f6r hand. Ha alltid n\u00e5l och tr\u00e5d i reparationskitet. Du kan ocks\u00e5 anv\u00e4nda ett s\u00e5rf\u00f6rband fr\u00e5n f\u00f6rbandsl\u00e5dan. N\u00e4r du kommer hem kan du f\u00f6rsiktigt ta bort handstygnen eller bandaget och sy ihop tyget med en symaskin eller l\u00e4mna in det till en s\u00f6mmerska.<\/p>\n<p>Om skadan \u00e4r allvarligare b\u00f6r du l\u00e5ta en fackman reparera den.<\/p>\n<\/div><\/div><\/div><\/div><\/div><div class=\"wpb_column vc_column_container vc_col-sm-2 et-dark-column\"><div class=\"vc_column-inner\"><div class=\"wpb_wrapper\"><\/div><\/div><\/div><\/div><\/div>\n<\/div>","protected":false},"excerpt":{"rendered":"CARE INSTRUCTIONS NOMAD HEAT WOOL SLEEPING BAGS Cleaning &amp; Drying Your Wool Sleeping BagIroning and dry cleaning can damage your sleeping bag\u2019s shell and insulation. The chemical compounds used in dry cleaning can strip away the natural oils in wool and hot ironing may damage the shell. Spot Cleaning Your [...]","protected":false},"author":4,"featured_media":0,"parent":0,"menu_order":0,"comment_status":"closed","ping_status":"closed","template":"","meta":{"footnotes":""},"class_list":["post-298","page","type-page","status-publish","hentry"],"yoast_head":"<!-- This site is optimized with the Yoast SEO plugin v27.5 - https:\/\/yoast.com\/product\/yoast-seo-wordpress\/ -->\n<title>Care instructions | NomadHeat<\/title>\n<meta name=\"robots\" content=\"index, follow, max-snippet:-1, max-image-preview:large, max-video-preview:-1\" \/>\n<link rel=\"canonical\" href=\"https:\/\/nomadheat.com\/sv\/vard\/\" \/>\n<meta property=\"og:locale\" content=\"sv_SE\" \/>\n<meta property=\"og:type\" content=\"article\" \/>\n<meta property=\"og:title\" content=\"Care instructions | NomadHeat\" \/>\n<meta property=\"og:url\" content=\"https:\/\/nomadheat.com\/sv\/vard\/\" \/>\n<meta property=\"og:site_name\" content=\"NomadHeat\" \/>\n<meta property=\"article:modified_time\" content=\"2025-02-24T12:22:58+00:00\" \/>\n<meta name=\"twitter:card\" content=\"summary_large_image\" \/>\n<meta name=\"twitter:label1\" content=\"Ber\u00e4knad l\u00e4stid\" \/>\n\t<meta name=\"twitter:data1\" content=\"4 minuter\" \/>\n<script type=\"application\/ld+json\" class=\"yoast-schema-graph\">{\"@context\":\"https:\\\/\\\/schema.org\",\"@graph\":[{\"@type\":\"WebPage\",\"@id\":\"https:\\\/\\\/nomadheat.com\\\/de\\\/pflege\\\/\",\"url\":\"https:\\\/\\\/nomadheat.com\\\/de\\\/pflege\\\/\",\"name\":\"Care instructions | NomadHeat\",\"isPartOf\":{\"@id\":\"https:\\\/\\\/nomadheat.com\\\/nl\\\/#website\"},\"datePublished\":\"2021-10-11T08:32:56+00:00\",\"dateModified\":\"2025-02-24T12:22:58+00:00\",\"breadcrumb\":{\"@id\":\"https:\\\/\\\/nomadheat.com\\\/de\\\/pflege\\\/#breadcrumb\"},\"inLanguage\":\"sv-SE\",\"potentialAction\":[{\"@type\":\"ReadAction\",\"target\":[\"https:\\\/\\\/nomadheat.com\\\/de\\\/pflege\\\/\"]}]},{\"@type\":\"BreadcrumbList\",\"@id\":\"https:\\\/\\\/nomadheat.com\\\/de\\\/pflege\\\/#breadcrumb\",\"itemListElement\":[{\"@type\":\"ListItem\",\"position\":1,\"name\":\"Home\",\"item\":\"https:\\\/\\\/nomadheat.com\\\/nl\\\/\"},{\"@type\":\"ListItem\",\"position\":2,\"name\":\"Care instructions\"}]},{\"@type\":\"WebSite\",\"@id\":\"https:\\\/\\\/nomadheat.com\\\/nl\\\/#website\",\"url\":\"https:\\\/\\\/nomadheat.com\\\/nl\\\/\",\"name\":\"NomadHeat\",\"description\":\"Handmade Wool Sleeping Bags\",\"publisher\":{\"@id\":\"https:\\\/\\\/nomadheat.com\\\/nl\\\/#organization\"},\"potentialAction\":[{\"@type\":\"SearchAction\",\"target\":{\"@type\":\"EntryPoint\",\"urlTemplate\":\"https:\\\/\\\/nomadheat.com\\\/nl\\\/?s={search_term_string}\"},\"query-input\":{\"@type\":\"PropertyValueSpecification\",\"valueRequired\":true,\"valueName\":\"search_term_string\"}}],\"inLanguage\":\"sv-SE\"},{\"@type\":\"Organization\",\"@id\":\"https:\\\/\\\/nomadheat.com\\\/nl\\\/#organization\",\"name\":\"Nomad Heat\",\"url\":\"https:\\\/\\\/nomadheat.com\\\/nl\\\/\",\"logo\":{\"@type\":\"ImageObject\",\"inLanguage\":\"sv-SE\",\"@id\":\"https:\\\/\\\/nomadheat.com\\\/nl\\\/#\\\/schema\\\/logo\\\/image\\\/\",\"url\":\"https:\\\/\\\/nomadheat.com\\\/wp-content\\\/uploads\\\/2021\\\/10\\\/favicon.png\",\"contentUrl\":\"https:\\\/\\\/nomadheat.com\\\/wp-content\\\/uploads\\\/2021\\\/10\\\/favicon.png\",\"width\":512,\"height\":512,\"caption\":\"Nomad Heat\"},\"image\":{\"@id\":\"https:\\\/\\\/nomadheat.com\\\/nl\\\/#\\\/schema\\\/logo\\\/image\\\/\"}}]}<\/script>\n<!-- \/ Yoast SEO plugin. -->","yoast_head_json":{"title":"Sk\u00f6tselr\u00e5d | NomadHeat","robots":{"index":"index","follow":"follow","max-snippet":"max-snippet:-1","max-image-preview":"max-image-preview:large","max-video-preview":"max-video-preview:-1"},"canonical":"https:\/\/nomadheat.com\/sv\/vard\/","og_locale":"sv_SE","og_type":"article","og_title":"Care instructions | NomadHeat","og_url":"https:\/\/nomadheat.com\/sv\/vard\/","og_site_name":"NomadHeat","article_modified_time":"2025-02-24T12:22:58+00:00","twitter_card":"summary_large_image","twitter_misc":{"Ber\u00e4knad l\u00e4stid":"4 minuter"},"schema":{"@context":"https:\/\/schema.org","@graph":[{"@type":"WebPage","@id":"https:\/\/nomadheat.com\/de\/pflege\/","url":"https:\/\/nomadheat.com\/de\/pflege\/","name":"Sk\u00f6tselr\u00e5d | NomadHeat","isPartOf":{"@id":"https:\/\/nomadheat.com\/nl\/#website"},"datePublished":"2021-10-11T08:32:56+00:00","dateModified":"2025-02-24T12:22:58+00:00","breadcrumb":{"@id":"https:\/\/nomadheat.com\/de\/pflege\/#breadcrumb"},"inLanguage":"sv-SE","potentialAction":[{"@type":"ReadAction","target":["https:\/\/nomadheat.com\/de\/pflege\/"]}]},{"@type":"BreadcrumbList","@id":"https:\/\/nomadheat.com\/de\/pflege\/#breadcrumb","itemListElement":[{"@type":"ListItem","position":1,"name":"Home","item":"https:\/\/nomadheat.com\/nl\/"},{"@type":"ListItem","position":2,"name":"Care instructions"}]},{"@type":"WebSite","@id":"https:\/\/nomadheat.com\/nl\/#website","url":"https:\/\/nomadheat.com\/nl\/","name":"NomadHeat","description":"Handgjorda sovs\u00e4ckar i ull","publisher":{"@id":"https:\/\/nomadheat.com\/nl\/#organization"},"potentialAction":[{"@type":"SearchAction","target":{"@type":"EntryPoint","urlTemplate":"https:\/\/nomadheat.com\/nl\/?s={search_term_string}"},"query-input":{"@type":"PropertyValueSpecification","valueRequired":true,"valueName":"search_term_string"}}],"inLanguage":"sv-SE"},{"@type":"Organization","@id":"https:\/\/nomadheat.com\/nl\/#organization","name":"Nomad v\u00e4rme","url":"https:\/\/nomadheat.com\/nl\/","logo":{"@type":"ImageObject","inLanguage":"sv-SE","@id":"https:\/\/nomadheat.com\/nl\/#\/schema\/logo\/image\/","url":"https:\/\/nomadheat.com\/wp-content\/uploads\/2021\/10\/favicon.png","contentUrl":"https:\/\/nomadheat.com\/wp-content\/uploads\/2021\/10\/favicon.png","width":512,"height":512,"caption":"Nomad Heat"},"image":{"@id":"https:\/\/nomadheat.com\/nl\/#\/schema\/logo\/image\/"}}]}},"_links":{"self":[{"href":"https:\/\/nomadheat.com\/sv\/wp-json\/wp\/v2\/pages\/298","targetHints":{"allow":["GET"]}}],"collection":[{"href":"https:\/\/nomadheat.com\/sv\/wp-json\/wp\/v2\/pages"}],"about":[{"href":"https:\/\/nomadheat.com\/sv\/wp-json\/wp\/v2\/types\/page"}],"author":[{"embeddable":true,"href":"https:\/\/nomadheat.com\/sv\/wp-json\/wp\/v2\/users\/4"}],"replies":[{"embeddable":true,"href":"https:\/\/nomadheat.com\/sv\/wp-json\/wp\/v2\/comments?post=298"}],"version-history":[{"count":0,"href":"https:\/\/nomadheat.com\/sv\/wp-json\/wp\/v2\/pages\/298\/revisions"}],"wp:attachment":[{"href":"https:\/\/nomadheat.com\/sv\/wp-json\/wp\/v2\/media?parent=298"}],"curies":[{"name":"wp","href":"https:\/\/api.w.org\/{rel}","templated":true}]}}