{"id":2,"date":"2021-06-16T08:51:54","date_gmt":"2021-06-16T08:51:54","guid":{"rendered":"https:\/\/nomadheat.com\/?page_id=2"},"modified":"2022-07-20T13:52:29","modified_gmt":"2022-07-20T10:52:29","slug":"politik","status":"publish","type":"page","link":"https:\/\/nomadheat.com\/sv\/policies\/","title":{"rendered":"Politiska riktlinjer"},"content":{"rendered":"<p><a>Standard f\u00f6rst\u00e4llningstid<\/a><\/p>\n<p>Mindre artiklar tar 4-6 arbetsdagar att skapa och st\u00f6rre artiklar 7-10 arbetsdagar.<\/p>\n<p>Beroende p\u00e5 den aktuella arbetsbelastningen kan tillverkningstiden variera med n\u00e5gra dagar.<\/p>\n<p><a>Skyndsam best\u00e4llning Tid<\/a><\/p>\n<p>Vi kan prioritera din best\u00e4llning s\u00e5 att den kan slutf\u00f6ras inom 5 arbetsdagar.<\/p>\n<p>Kontakta oss s\u00e5 skickar vi dig en l\u00e4nk f\u00f6r att g\u00f6ra din best\u00e4llning.<\/p>\n<p>Skyndsamhetsavgift: 25% av produktpriset.<\/p>\n<p><a>Betalningar<\/a><\/p>\n<p>Vi accepterar betalningar via bankkort.<\/p>\n<p><a>Frakt<\/a><\/p>\n<p>Vi levererar globalt och erbjuder fri frakt \u00f6ver hela v\u00e4rlden p\u00e5 alla best\u00e4llningar, till din d\u00f6rr. Betalda fraktalternativ finns ocks\u00e5 tillg\u00e4ngliga, se nedan.<\/p>\n<p>Alla l\u00e4nder skickas p\u00e5 DDP-basis (leveransavgift betald), s\u00e5 skatter och avgifter ing\u00e5r i slutpriset och du kommer att f\u00e5 paketet till din d\u00f6rr, du beh\u00f6ver inte klarera det fr\u00e5n tullen.<\/p>\n<p>F\u00f6r UAE: paket med utl\u00e4ndskt ursprung m\u00e5ste h\u00e4mtas ut personligen p\u00e5 det centrala postkontoret.<\/p>\n<p>Vi kan \u00e4ven leverera till postboxar, men kontrollera att postboxen kan ta emot paket av denna storlek, annars kan ditt paket komma att returneras.<\/p>\n<p>Vi rekommenderar starkt att du f\u00f6ljer din sp\u00e5rningsinformation online f\u00f6r detaljerade uppdateringar, s\u00e5 att du vet n\u00e4r ditt paket anl\u00e4nder till ditt postkontor.<\/p>\n<p>Alla artiklar \u00e4r f\u00f6rpackade i \u00e5tervinningsbar plast som skyddar mot smuts, vatten och punktering.<\/p>\n<p>V\u00e4nligen inspektera ditt paket vid ankomst och acceptera det inte om det \u00e4r skadat. P\u00e5 s\u00e5 s\u00e4tt kommer paketet att returneras till oss och vi kommer att g\u00f6ra och skicka dig ett nytt. Om du accepterar ett paket som \u00e4r skadat kommer vi inte att kunna kompensera dig.<\/p>\n<p><a>Fri frakt<\/a><\/p>\n<p><strong>Pris<\/strong>: Gratis till alla delar av v\u00e4rlden<\/p>\n<p><strong>B\u00e4rare<\/strong>:<br \/>\nBulgarian Post i samarbete med de nationella postverken i ditt land, t.ex. USPS i USA, Canada Post, Parcel Force i Storbritannien, Australia Post, etc. - alla \u00e4r 100% tillf\u00f6rlitliga utan n\u00e5gra f\u00f6rlorade paket av de tusentals vi hittills har skickat med dem.<\/p>\n<p><strong>Leveransvillkor:<\/strong><br \/>\nRekommenderad post, en signatur kr\u00e4vs vid leverans. Om du inte \u00e4r hemma vid leveranstillf\u00e4llet kommer paketet att behandlas enligt din nationella posts policy. I de flesta fall, t.ex. USA, Kanada, Australien och Storbritannien, f\u00e5r du ett meddelande om att h\u00e4mta ditt paket p\u00e5 ditt lokala postkontor eller ringa dem f\u00f6r att boka om leveransen till en l\u00e4mplig tidpunkt.<\/p>\n<p><strong>Transittider<\/strong>\u00a0(ungef\u00e4rlig, ej garanterad):<\/p>\n<ul>\n<li>USA fastland - 3 veckor<\/li>\n<li>USA (Hawaii, AK) - 4 veckor<\/li>\n<li>Kanada - 3 veckor<\/li>\n<li>Australien - 3 veckor<\/li>\n<li>Asien - 3 veckor<\/li>\n<li>Sydamerika - 3-4 veckor<\/li>\n<li>Europeiska unionen - 2 veckor<\/li>\n<\/ul>\n<p><a>Express 3-dagars frakt<\/a><\/p>\n<p><strong>Pris<\/strong>: Skicka oss ett meddelande f\u00f6r en uppskattning av fraktkostnaden.<\/p>\n<p><strong>B\u00e4rare<\/strong>: DHL<\/p>\n<p><strong>Leveransvillkor:<\/strong><br \/>\nTelefonnummer kr\u00e4vs f\u00f6r att skicka. Paket levereras till din d\u00f6rr och en signatur kr\u00e4vs f\u00f6r att acceptera dem.<\/p>\n<p><strong>Transittider<\/strong>\u00a0(garanterat):<\/p>\n<ul>\n<li>Hela v\u00e4rlden - 3 arbetsdagar<\/li>\n<\/ul>\n<p><a>Sp\u00e5rning<\/a><\/p>\n<p>Vi skickar ett sp\u00e5rningsnummer till dig s\u00e5 snart vi har skickat din best\u00e4llning. H\u00e5ll ett \u00f6ga p\u00e5 sp\u00e5rningsl\u00e4nken med hj\u00e4lp av\u00a0<a href=\"https:\/\/www.track-trace.com\/\">www.track-trace.com<\/a>\u00a0eller p\u00e5 din nationella posterings webbplats:<\/p>\n<p>USA:\u00a0<a href=\"https:\/\/www.usps.com\/\">www.usps.com<\/a><br \/>\nKanada:\u00a0<a href=\"https:\/\/www.canadapost.ca\/cpc\/en\/home.page\">www.canadapost.ca<\/a><br \/>\nAustralien:\u00a0<a href=\"https:\/\/auspost.com.au\/\">https:\/\/auspost.com.au\/<\/a><br \/>\nSTORBRITANNIEN:\u00a0<a href=\"https:\/\/www.parcelforce.com\/\">www.parcelforce.com<\/a><\/p>\n<p>Statusuppdateringar f\u00f6r gratis och prioriterad frakt \u00e4r endast tillg\u00e4ngliga n\u00e4r paketet har g\u00e5tt igenom tullen i ditt land.<\/p>\n<p><a>F\u00f6rlorade eller f\u00f6rsenade paket<\/a><\/p>\n<p>Den nationella posttj\u00e4nsten \u00e4r mycket tillf\u00f6rlitlig i alla delar av v\u00e4rlden och f\u00f6rlorade paket \u00e4r extremt s\u00e4llsynta, enligt v\u00e5r erfarenhet av att skicka tusentals paket till \u00f6ver 40 l\u00e4nder, inklusive USA, Kanada, Australien, Storbritannien, EU.<br \/>\nOm ett paket kommer bort skickar vi ett nytt gratis.<br \/>\nDu kan kontakta oss om ditt paket inte har kommit fram till ditt land p\u00e5 mer \u00e4n 1 m\u00e5nad. Vi kan inte p\u00e5skynda leveransen, men vi kan skicka en officiell f\u00f6rfr\u00e5gan till posten f\u00f6r att f\u00f6rs\u00f6ka lokalisera paketet.<\/p>\n<p><a>Avbokningar<\/a><\/p>\n<p>Om du vill annullera din best\u00e4llning eller en del av den, v\u00e4nligen kontakta oss. Vi kommer att kunna avbest\u00e4lla de artiklar som vi inte redan har b\u00f6rjat skapa.<\/p>\n<p><a>Returer och \u00e5terbetalningar<\/a><\/p>\n<ul>\n<li>Om du inte \u00e4r helt n\u00f6jd med ditt k\u00f6p eller vill returnera en vara, v\u00e4nligen kontakta oss. Alla returer m\u00e5ste godk\u00e4nnas i f\u00f6rv\u00e4g av Home of Wool.<\/li>\n<li>Om din vara levererades enligt beskrivningen och utan tillverkningsfel eller misstag (annat tyg har anv\u00e4nts, fel design har anv\u00e4nts, mer \u00e4n 5% avvikelse i l\u00e4ngd eller bredd), kan du beg\u00e4ra en retur f\u00f6r en icke-anpassad vara inom de f\u00f6rsta 2 veckorna efter leverans. Varorna m\u00e5ste skickas tillbaka inom 30 dagar efter leverans. \u00c5terbetalningar exkluderar plattforms- och betalningsavgifter, och kan d\u00e4rf\u00f6r uppg\u00e5 till 82% av orderv\u00e4rdet. Best\u00e4llningsvaror kan inte returneras.<\/li>\n<li>Om din vara levereras med ett tillverkningsfel eller misstag (annat tyg har anv\u00e4nts, fel design har anv\u00e4nts, mer \u00e4n 5% avvikelse i l\u00e4ngd eller bredd) kommer vi att tillverka och skicka en ny vara eller ge full \u00e5terbetalning f\u00f6r den ber\u00f6rda varan.<\/li>\n<li>Om din f\u00f6rs\u00e4ndelse inte levereras p\u00e5 grund av ofullst\u00e4ndig, ol\u00e4slig eller felaktig adress, adressaten inte finns p\u00e5 adressen (ok\u00e4nd, flyttad eller avliden), posten inte h\u00e4mtats ut eller avvisats - kan f\u00f6rs\u00e4ndelsen skickas p\u00e5 nytt p\u00e5 din bekostnad och en faktura f\u00f6r returfrakten utf\u00e4rdas. Om du inte vill att en icke kundanpassad vara skickas om kan vi utf\u00e4rda en partiell \u00e5terbetalning, exklusive plattforms- och betalningsavgifter och returfrakt, och d\u00e4rmed kan \u00e5terbetalningen vara upp till 82% av varans v\u00e4rde. Anpassade artiklar \u00e4r inte ber\u00e4ttigade till \u00e5terbetalning och kan endast skickas p\u00e5 nytt.<\/li>\n<li>Om din vara godk\u00e4nns f\u00f6r retur, v\u00e4nligen deklarera v\u00e4rdet till under $15 annars tillkommer tullavgifter \u00e4ven om detta inte \u00e4r ett k\u00f6p utan en retur. Om importavgifter debiteras kommer de att dras av fr\u00e5n ditt \u00e5terbetalningsbelopp. Returnerade varor m\u00e5ste vara i ursprungligt skick. \u00c5terbetalning sker efter att vi f\u00e5tt tillbaka varorna och inspekterat dem.<\/li>\n<li>Europeisk avkastning<br \/>\nEuropeiska kunder kan anv\u00e4nda kurirf\u00f6retaget DPD f\u00f6r att returnera paket, inklusive madrasser, till ett mycket l\u00e5gt pris, vanligtvis cirka 30-40 euro. Beg\u00e4r upph\u00e4mtning fr\u00e5n din d\u00f6rr, mer information p\u00e5 www.dpd.com<\/li>\n<li>Alla \u00e5terbetalningar kommer att g\u00f6ras till samma kort som anv\u00e4ndes f\u00f6r att g\u00f6ra betalningen. \u00d6verf\u00f6ringen kan ta upp till 3 arbetsdagar efter utf\u00e4rdandet av \u00e5terbetalningen.<\/li>\n<\/ul>","protected":false},"excerpt":{"rendered":"<p>Standard Make Time Smaller items take us 4-6 business days to create and larger items 7-10 business days. Depending on the current workload, make time could vary by a few days. Rush Order Make Time We can prioritize your order for completion within 5 business days. Please contact us and [&hellip;]<\/p>\n","protected":false},"author":4,"featured_media":0,"parent":0,"menu_order":0,"comment_status":"closed","ping_status":"closed","template":"","meta":{"footnotes":""},"class_list":["post-2","page","type-page","status-publish","hentry"],"yoast_head":"<!-- This site is optimized with the Yoast SEO plugin v27.4 - https:\/\/yoast.com\/product\/yoast-seo-wordpress\/ -->\n<title>Policies | NomadHeat<\/title>\n<meta name=\"robots\" content=\"index, follow, max-snippet:-1, max-image-preview:large, max-video-preview:-1\" \/>\n<link rel=\"canonical\" href=\"https:\/\/nomadheat.com\/sv\/politik\/\" \/>\n<meta property=\"og:locale\" content=\"sv_SE\" \/>\n<meta property=\"og:type\" content=\"article\" \/>\n<meta property=\"og:title\" content=\"Policies | NomadHeat\" \/>\n<meta property=\"og:description\" content=\"Standard Make Time Smaller items take us 4-6 business days to create and larger items 7-10 business days. Depending on the current workload, make time could vary by a few days. Rush Order Make Time We can prioritize your order for completion within 5 business days. Please contact us and [&hellip;]\" \/>\n<meta property=\"og:url\" content=\"https:\/\/nomadheat.com\/sv\/politik\/\" \/>\n<meta property=\"og:site_name\" content=\"NomadHeat\" \/>\n<meta property=\"article:modified_time\" content=\"2022-07-20T10:52:29+00:00\" \/>\n<meta name=\"twitter:card\" content=\"summary_large_image\" \/>\n<meta name=\"twitter:label1\" content=\"Ber\u00e4knad l\u00e4stid\" \/>\n\t<meta name=\"twitter:data1\" content=\"5 minuter\" \/>\n<script type=\"application\/ld+json\" class=\"yoast-schema-graph\">{\"@context\":\"https:\\\/\\\/schema.org\",\"@graph\":[{\"@type\":\"WebPage\",\"@id\":\"https:\\\/\\\/nomadheat.com\\\/es\\\/politicas\\\/\",\"url\":\"https:\\\/\\\/nomadheat.com\\\/es\\\/politicas\\\/\",\"name\":\"Policies | NomadHeat\",\"isPartOf\":{\"@id\":\"https:\\\/\\\/nomadheat.com\\\/nl\\\/#website\"},\"datePublished\":\"2021-06-16T08:51:54+00:00\",\"dateModified\":\"2022-07-20T10:52:29+00:00\",\"breadcrumb\":{\"@id\":\"https:\\\/\\\/nomadheat.com\\\/es\\\/politicas\\\/#breadcrumb\"},\"inLanguage\":\"sv-SE\",\"potentialAction\":[{\"@type\":\"ReadAction\",\"target\":[\"https:\\\/\\\/nomadheat.com\\\/es\\\/politicas\\\/\"]}]},{\"@type\":\"BreadcrumbList\",\"@id\":\"https:\\\/\\\/nomadheat.com\\\/es\\\/politicas\\\/#breadcrumb\",\"itemListElement\":[{\"@type\":\"ListItem\",\"position\":1,\"name\":\"Home\",\"item\":\"https:\\\/\\\/nomadheat.com\\\/nl\\\/\"},{\"@type\":\"ListItem\",\"position\":2,\"name\":\"Policies\"}]},{\"@type\":\"WebSite\",\"@id\":\"https:\\\/\\\/nomadheat.com\\\/nl\\\/#website\",\"url\":\"https:\\\/\\\/nomadheat.com\\\/nl\\\/\",\"name\":\"NomadHeat\",\"description\":\"Handmade Wool Sleeping Bags\",\"publisher\":{\"@id\":\"https:\\\/\\\/nomadheat.com\\\/nl\\\/#organization\"},\"potentialAction\":[{\"@type\":\"SearchAction\",\"target\":{\"@type\":\"EntryPoint\",\"urlTemplate\":\"https:\\\/\\\/nomadheat.com\\\/nl\\\/?s={search_term_string}\"},\"query-input\":{\"@type\":\"PropertyValueSpecification\",\"valueRequired\":true,\"valueName\":\"search_term_string\"}}],\"inLanguage\":\"sv-SE\"},{\"@type\":\"Organization\",\"@id\":\"https:\\\/\\\/nomadheat.com\\\/nl\\\/#organization\",\"name\":\"Nomad Heat\",\"url\":\"https:\\\/\\\/nomadheat.com\\\/nl\\\/\",\"logo\":{\"@type\":\"ImageObject\",\"inLanguage\":\"sv-SE\",\"@id\":\"https:\\\/\\\/nomadheat.com\\\/nl\\\/#\\\/schema\\\/logo\\\/image\\\/\",\"url\":\"https:\\\/\\\/nomadheat.com\\\/wp-content\\\/uploads\\\/2021\\\/10\\\/favicon.png\",\"contentUrl\":\"https:\\\/\\\/nomadheat.com\\\/wp-content\\\/uploads\\\/2021\\\/10\\\/favicon.png\",\"width\":512,\"height\":512,\"caption\":\"Nomad Heat\"},\"image\":{\"@id\":\"https:\\\/\\\/nomadheat.com\\\/nl\\\/#\\\/schema\\\/logo\\\/image\\\/\"}}]}<\/script>\n<!-- \/ Yoast SEO plugin. -->","yoast_head_json":{"title":"Policy f\u00f6r NomadHeat","robots":{"index":"index","follow":"follow","max-snippet":"max-snippet:-1","max-image-preview":"max-image-preview:large","max-video-preview":"max-video-preview:-1"},"canonical":"https:\/\/nomadheat.com\/sv\/politik\/","og_locale":"sv_SE","og_type":"article","og_title":"Policies | NomadHeat","og_description":"Standard Make Time Smaller items take us 4-6 business days to create and larger items 7-10 business days. Depending on the current workload, make time could vary by a few days. Rush Order Make Time We can prioritize your order for completion within 5 business days. Please contact us and [&hellip;]","og_url":"https:\/\/nomadheat.com\/sv\/politik\/","og_site_name":"NomadHeat","article_modified_time":"2022-07-20T10:52:29+00:00","twitter_card":"summary_large_image","twitter_misc":{"Ber\u00e4knad l\u00e4stid":"5 minuter"},"schema":{"@context":"https:\/\/schema.org","@graph":[{"@type":"WebPage","@id":"https:\/\/nomadheat.com\/es\/politicas\/","url":"https:\/\/nomadheat.com\/es\/politicas\/","name":"Policy f\u00f6r NomadHeat","isPartOf":{"@id":"https:\/\/nomadheat.com\/nl\/#website"},"datePublished":"2021-06-16T08:51:54+00:00","dateModified":"2022-07-20T10:52:29+00:00","breadcrumb":{"@id":"https:\/\/nomadheat.com\/es\/politicas\/#breadcrumb"},"inLanguage":"sv-SE","potentialAction":[{"@type":"ReadAction","target":["https:\/\/nomadheat.com\/es\/politicas\/"]}]},{"@type":"BreadcrumbList","@id":"https:\/\/nomadheat.com\/es\/politicas\/#breadcrumb","itemListElement":[{"@type":"ListItem","position":1,"name":"Home","item":"https:\/\/nomadheat.com\/nl\/"},{"@type":"ListItem","position":2,"name":"Policies"}]},{"@type":"WebSite","@id":"https:\/\/nomadheat.com\/nl\/#website","url":"https:\/\/nomadheat.com\/nl\/","name":"NomadHeat","description":"Handgjorda sovs\u00e4ckar i ull","publisher":{"@id":"https:\/\/nomadheat.com\/nl\/#organization"},"potentialAction":[{"@type":"SearchAction","target":{"@type":"EntryPoint","urlTemplate":"https:\/\/nomadheat.com\/nl\/?s={search_term_string}"},"query-input":{"@type":"PropertyValueSpecification","valueRequired":true,"valueName":"search_term_string"}}],"inLanguage":"sv-SE"},{"@type":"Organization","@id":"https:\/\/nomadheat.com\/nl\/#organization","name":"Nomad v\u00e4rme","url":"https:\/\/nomadheat.com\/nl\/","logo":{"@type":"ImageObject","inLanguage":"sv-SE","@id":"https:\/\/nomadheat.com\/nl\/#\/schema\/logo\/image\/","url":"https:\/\/nomadheat.com\/wp-content\/uploads\/2021\/10\/favicon.png","contentUrl":"https:\/\/nomadheat.com\/wp-content\/uploads\/2021\/10\/favicon.png","width":512,"height":512,"caption":"Nomad Heat"},"image":{"@id":"https:\/\/nomadheat.com\/nl\/#\/schema\/logo\/image\/"}}]}},"_links":{"self":[{"href":"https:\/\/nomadheat.com\/sv\/wp-json\/wp\/v2\/pages\/2","targetHints":{"allow":["GET"]}}],"collection":[{"href":"https:\/\/nomadheat.com\/sv\/wp-json\/wp\/v2\/pages"}],"about":[{"href":"https:\/\/nomadheat.com\/sv\/wp-json\/wp\/v2\/types\/page"}],"author":[{"embeddable":true,"href":"https:\/\/nomadheat.com\/sv\/wp-json\/wp\/v2\/users\/4"}],"replies":[{"embeddable":true,"href":"https:\/\/nomadheat.com\/sv\/wp-json\/wp\/v2\/comments?post=2"}],"version-history":[{"count":0,"href":"https:\/\/nomadheat.com\/sv\/wp-json\/wp\/v2\/pages\/2\/revisions"}],"wp:attachment":[{"href":"https:\/\/nomadheat.com\/sv\/wp-json\/wp\/v2\/media?parent=2"}],"curies":[{"name":"wp","href":"https:\/\/api.w.org\/{rel}","templated":true}]}}