{"id":909,"date":"2023-01-31T13:25:32","date_gmt":"2023-01-31T11:25:32","guid":{"rendered":"https:\/\/nomadheat.com\/?post_type=product&#038;p=909"},"modified":"2024-03-13T16:02:42","modified_gmt":"2024-03-13T14:02:42","slug":"duo-sovepose","status":"publish","type":"product","link":"https:\/\/nomadheat.com\/nb\/shop\/duo-sleeping-bag\/","title":{"rendered":"Camp Zero Duo ullsovepose"},"content":{"rendered":"<p><strong>FUNKSJONER<\/strong><br \/>\n- Det luksuri\u00f8se stoffet i naturlig morb\u00e6rsilke og ullvattering p\u00e5 innsiden av hetten reduserer st\u00f8y og \u00f8ker komforten.<br \/>\n- Sn\u00f8ring p\u00e5 hetten og isolasjonskragen for enkel justering<br \/>\n- Heng opp luftingssl\u00f8yfer<br \/>\n- Klimaregulering med sentral 2-veis glidel\u00e5s<br \/>\n- YKK-glidel\u00e5s forhindrer at materialet setter seg fast<\/p>\n<p><strong>SOVEPOSE<\/strong><br \/>\nSt\u00f8rrelse: 235 x 158 x 2 cm<br \/>\nVekt: 7,5 kg<\/p>\n<p>Materialer<br \/>\nYttert\u00f8y: 100% lin (Oeko-Tex-sertifisert)<br \/>\nF\u00f4r: 100% naturlig morb\u00e6rsilke<br \/>\nFyll: 600 gram ullvattering (GOTS-sertifisert) per kvadratmeter (1,58 lbs per square yard).<\/p>\n<p>Kan vaskes i maskin: Ja<br \/>\nVOC, HAP, syntetiske stoffer, fri for kjemikalier<\/p>\n<p><strong>SOVEPUTER<\/strong><br \/>\nSt\u00f8rrelse: 46 x 25 cm<\/p>\n<p>Materialer<br \/>\nOmslag: 100% \u00f8kologisk bomull (GOTS-sertifisert)<br \/>\nFyll: ullfyll (GOTS-sertifisert)<\/p>\n<p>Kan vaskes i maskin: Ja<br \/>\nVOC, HAP, syntetiske stoffer, fri for kjemikalier<\/p>\n<p><strong>B\u00c6REKRAFT<\/strong><br \/>\nAlle materialer i denne soveposen er naturlige, biologisk nedbrytbare, b\u00e6rekraftige og fornybare.<\/p>\n<p><strong>PRODUKTPLEIE<\/strong><br \/>\nSoveposene v\u00e5re er laget av slitesterke materialer av h\u00f8y kvalitet. For at du skal ha glede av dem lenger, m\u00e5 du s\u00f8rge for \u00e5 f\u00f8lge <a href=\"https:\/\/nomadheat.com\/nb\/omsorg\/\">Vedlikeholdsinstruksjoner<\/a>.<\/p>","protected":false},"excerpt":{"rendered":"<p>Ekstremt god og restituerende s\u00f8vn med den ytterst luksuri\u00f8se Camp-soveposen.<br \/>\nVed \u00e5 bruke kun naturlige materialer - lin, morb\u00e6rsilke og ull - f\u00e5r du usl\u00e5elig temperatur- og fuktighetsregulering og null st\u00f8y for enest\u00e5ende s\u00f8vnkomfort.<br \/>\nPasser for reisende som drar p\u00e5 eventyr med telt og bobil.<br \/>\n*Brukes utend\u00f8rs med en bivuakksekk.<\/p>","protected":false},"featured_media":916,"comment_status":"open","ping_status":"closed","template":"","meta":[],"product_brand":[],"product_cat":[19],"product_tag":[22,51,23,26,21,50],"class_list":{"0":"post-909","1":"product","2":"type-product","3":"status-publish","4":"has-post-thumbnail","6":"product_cat-sleeping-bags","7":"product_tag-camping","8":"product_tag-organic-wool-sleeping-bag","9":"product_tag-outdoor-sleeping","10":"product_tag-sleeping-bags-for-adults","11":"product_tag-summer-sleeping-bag","12":"product_tag-wool-sleep-sack","14":"first","15":"instock","16":"shipping-taxable","17":"purchasable","18":"product-type-simple"},"yoast_head":"<!-- This site is optimized with the Yoast SEO plugin v27.3 - https:\/\/yoast.com\/product\/yoast-seo-wordpress\/ -->\n<title>Camp Zero Duo Wool Sleeping Bag | NomadHeat | All-natural Sleeping Bags<\/title>\n<meta name=\"description\" content=\"Extremely good restorative sleep with the ultimately luxurious Duo Sleeping bag. Suitable for travelers going on any type of adventure.\" \/>\n<meta name=\"robots\" content=\"index, follow, max-snippet:-1, max-image-preview:large, max-video-preview:-1\" \/>\n<link rel=\"canonical\" href=\"https:\/\/www.nomadheat.com\/shop\/duo-sleeping-bag\/\" \/>\n<meta property=\"og:locale\" content=\"nb_NO\" \/>\n<meta property=\"og:type\" content=\"article\" \/>\n<meta property=\"og:title\" content=\"Camp Zero Duo Wool Sleeping Bag | NomadHeat | All-natural Sleeping Bags\" \/>\n<meta property=\"og:description\" content=\"Extremely good restorative sleep with the ultimately luxurious Duo Sleeping bag. Suitable for travelers going on any type of adventure.\" \/>\n<meta property=\"og:url\" content=\"https:\/\/www.nomadheat.com\/shop\/duo-sleeping-bag\/\" \/>\n<meta property=\"og:site_name\" content=\"NomadHeat\" \/>\n<meta property=\"article:modified_time\" content=\"2024-03-13T14:02:42+00:00\" \/>\n<meta property=\"og:image\" content=\"https:\/\/www.nomadheat.com\/wp-content\/uploads\/2023\/01\/Nomad-Heat-duo-sleeping-bag.jpg\" \/>\n\t<meta property=\"og:image:width\" content=\"1200\" \/>\n\t<meta property=\"og:image:height\" content=\"960\" \/>\n\t<meta property=\"og:image:type\" content=\"image\/jpeg\" \/>\n<meta name=\"twitter:card\" content=\"summary_large_image\" \/>\n<meta name=\"twitter:label1\" content=\"Ansl. lesetid\" \/>\n\t<meta name=\"twitter:data1\" content=\"1 minutt\" \/>\n<script type=\"application\/ld+json\" class=\"yoast-schema-graph\">{\"@context\":\"https:\\\/\\\/schema.org\",\"@graph\":[{\"@type\":\"WebPage\",\"@id\":\"https:\\\/\\\/www.nomadheat.com\\\/shop\\\/duo-sleeping-bag\\\/\",\"url\":\"https:\\\/\\\/www.nomadheat.com\\\/shop\\\/duo-sleeping-bag\\\/\",\"name\":\"Camp Zero Duo Wool Sleeping Bag | NomadHeat | All-natural Sleeping Bags\",\"isPartOf\":{\"@id\":\"https:\\\/\\\/nomadheat.com\\\/nl\\\/#website\"},\"primaryImageOfPage\":{\"@id\":\"https:\\\/\\\/www.nomadheat.com\\\/shop\\\/duo-sleeping-bag\\\/#primaryimage\"},\"image\":{\"@id\":\"https:\\\/\\\/www.nomadheat.com\\\/shop\\\/duo-sleeping-bag\\\/#primaryimage\"},\"thumbnailUrl\":\"https:\\\/\\\/nomadheat.com\\\/wp-content\\\/uploads\\\/2023\\\/01\\\/Nomad-Heat-duo-sleeping-bag.jpg\",\"datePublished\":\"2023-01-31T11:25:32+00:00\",\"dateModified\":\"2024-03-13T14:02:42+00:00\",\"description\":\"Extremely good restorative sleep with the ultimately luxurious Duo Sleeping bag. Suitable for travelers going on any type of adventure.\",\"breadcrumb\":{\"@id\":\"https:\\\/\\\/www.nomadheat.com\\\/shop\\\/duo-sleeping-bag\\\/#breadcrumb\"},\"inLanguage\":\"nb-NO\",\"potentialAction\":[{\"@type\":\"ReadAction\",\"target\":[\"https:\\\/\\\/www.nomadheat.com\\\/shop\\\/duo-sleeping-bag\\\/\"]}]},{\"@type\":\"ImageObject\",\"inLanguage\":\"nb-NO\",\"@id\":\"https:\\\/\\\/www.nomadheat.com\\\/shop\\\/duo-sleeping-bag\\\/#primaryimage\",\"url\":\"https:\\\/\\\/nomadheat.com\\\/wp-content\\\/uploads\\\/2023\\\/01\\\/Nomad-Heat-duo-sleeping-bag.jpg\",\"contentUrl\":\"https:\\\/\\\/nomadheat.com\\\/wp-content\\\/uploads\\\/2023\\\/01\\\/Nomad-Heat-duo-sleeping-bag.jpg\",\"width\":1200,\"height\":960,\"caption\":\"Nomad Heat duo sleeping bag\"},{\"@type\":\"BreadcrumbList\",\"@id\":\"https:\\\/\\\/www.nomadheat.com\\\/shop\\\/duo-sleeping-bag\\\/#breadcrumb\",\"itemListElement\":[{\"@type\":\"ListItem\",\"position\":1,\"name\":\"Home\",\"item\":\"https:\\\/\\\/nomadheat.com\\\/nl\\\/\"},{\"@type\":\"ListItem\",\"position\":2,\"name\":\"Shop\",\"item\":\"https:\\\/\\\/nomadheat.com\\\/sv\\\/butik\\\/\"},{\"@type\":\"ListItem\",\"position\":3,\"name\":\"Camp Zero Duo Wool Sleeping Bag\"}]},{\"@type\":\"WebSite\",\"@id\":\"https:\\\/\\\/nomadheat.com\\\/nl\\\/#website\",\"url\":\"https:\\\/\\\/nomadheat.com\\\/nl\\\/\",\"name\":\"NomadHeat\",\"description\":\"Handmade Wool Sleeping Bags\",\"publisher\":{\"@id\":\"https:\\\/\\\/nomadheat.com\\\/nl\\\/#organization\"},\"potentialAction\":[{\"@type\":\"SearchAction\",\"target\":{\"@type\":\"EntryPoint\",\"urlTemplate\":\"https:\\\/\\\/nomadheat.com\\\/nl\\\/?s={search_term_string}\"},\"query-input\":{\"@type\":\"PropertyValueSpecification\",\"valueRequired\":true,\"valueName\":\"search_term_string\"}}],\"inLanguage\":\"nb-NO\"},{\"@type\":\"Organization\",\"@id\":\"https:\\\/\\\/nomadheat.com\\\/nl\\\/#organization\",\"name\":\"Nomad Heat\",\"url\":\"https:\\\/\\\/nomadheat.com\\\/nl\\\/\",\"logo\":{\"@type\":\"ImageObject\",\"inLanguage\":\"nb-NO\",\"@id\":\"https:\\\/\\\/nomadheat.com\\\/nl\\\/#\\\/schema\\\/logo\\\/image\\\/\",\"url\":\"https:\\\/\\\/nomadheat.com\\\/wp-content\\\/uploads\\\/2021\\\/10\\\/favicon.png\",\"contentUrl\":\"https:\\\/\\\/nomadheat.com\\\/wp-content\\\/uploads\\\/2021\\\/10\\\/favicon.png\",\"width\":512,\"height\":512,\"caption\":\"Nomad Heat\"},\"image\":{\"@id\":\"https:\\\/\\\/nomadheat.com\\\/nl\\\/#\\\/schema\\\/logo\\\/image\\\/\"}}]}<\/script>\n<!-- \/ Yoast SEO plugin. -->","yoast_head_json":{"title":"Camp Zero Duo ullsovepose | NomadHeat | Helt naturlige soveposer","description":"Ekstremt god og restituerende s\u00f8vn med den ytterst luksuri\u00f8se Duo-soveposen. Passer for reisende som skal ut p\u00e5 alle typer eventyr.","robots":{"index":"index","follow":"follow","max-snippet":"max-snippet:-1","max-image-preview":"max-image-preview:large","max-video-preview":"max-video-preview:-1"},"canonical":"https:\/\/www.nomadheat.com\/shop\/duo-sleeping-bag\/","og_locale":"nb_NO","og_type":"article","og_title":"Camp Zero Duo Wool Sleeping Bag | NomadHeat | All-natural Sleeping Bags","og_description":"Extremely good restorative sleep with the ultimately luxurious Duo Sleeping bag. Suitable for travelers going on any type of adventure.","og_url":"https:\/\/www.nomadheat.com\/shop\/duo-sleeping-bag\/","og_site_name":"NomadHeat","article_modified_time":"2024-03-13T14:02:42+00:00","og_image":[{"width":1200,"height":960,"url":"https:\/\/www.nomadheat.com\/wp-content\/uploads\/2023\/01\/Nomad-Heat-duo-sleeping-bag.jpg","type":"image\/jpeg"}],"twitter_card":"summary_large_image","twitter_misc":{"Ansl. lesetid":"1 minutt"},"schema":{"@context":"https:\/\/schema.org","@graph":[{"@type":"WebPage","@id":"https:\/\/www.nomadheat.com\/shop\/duo-sleeping-bag\/","url":"https:\/\/www.nomadheat.com\/shop\/duo-sleeping-bag\/","name":"Camp Zero Duo ullsovepose | NomadHeat | Helt naturlige soveposer","isPartOf":{"@id":"https:\/\/nomadheat.com\/nl\/#website"},"primaryImageOfPage":{"@id":"https:\/\/www.nomadheat.com\/shop\/duo-sleeping-bag\/#primaryimage"},"image":{"@id":"https:\/\/www.nomadheat.com\/shop\/duo-sleeping-bag\/#primaryimage"},"thumbnailUrl":"https:\/\/nomadheat.com\/wp-content\/uploads\/2023\/01\/Nomad-Heat-duo-sleeping-bag.jpg","datePublished":"2023-01-31T11:25:32+00:00","dateModified":"2024-03-13T14:02:42+00:00","description":"Ekstremt god og restituerende s\u00f8vn med den ytterst luksuri\u00f8se Duo-soveposen. Passer for reisende som skal ut p\u00e5 alle typer eventyr.","breadcrumb":{"@id":"https:\/\/www.nomadheat.com\/shop\/duo-sleeping-bag\/#breadcrumb"},"inLanguage":"nb-NO","potentialAction":[{"@type":"ReadAction","target":["https:\/\/www.nomadheat.com\/shop\/duo-sleeping-bag\/"]}]},{"@type":"ImageObject","inLanguage":"nb-NO","@id":"https:\/\/www.nomadheat.com\/shop\/duo-sleeping-bag\/#primaryimage","url":"https:\/\/nomadheat.com\/wp-content\/uploads\/2023\/01\/Nomad-Heat-duo-sleeping-bag.jpg","contentUrl":"https:\/\/nomadheat.com\/wp-content\/uploads\/2023\/01\/Nomad-Heat-duo-sleeping-bag.jpg","width":1200,"height":960,"caption":"Nomad Heat duo sleeping bag"},{"@type":"BreadcrumbList","@id":"https:\/\/www.nomadheat.com\/shop\/duo-sleeping-bag\/#breadcrumb","itemListElement":[{"@type":"ListItem","position":1,"name":"Home","item":"https:\/\/nomadheat.com\/nl\/"},{"@type":"ListItem","position":2,"name":"Shop","item":"https:\/\/nomadheat.com\/sv\/butik\/"},{"@type":"ListItem","position":3,"name":"Camp Zero Duo Wool Sleeping Bag"}]},{"@type":"WebSite","@id":"https:\/\/nomadheat.com\/nl\/#website","url":"https:\/\/nomadheat.com\/nl\/","name":"NomadHeat","description":"H\u00e5ndlagde soveposer i ull","publisher":{"@id":"https:\/\/nomadheat.com\/nl\/#organization"},"potentialAction":[{"@type":"SearchAction","target":{"@type":"EntryPoint","urlTemplate":"https:\/\/nomadheat.com\/nl\/?s={search_term_string}"},"query-input":{"@type":"PropertyValueSpecification","valueRequired":true,"valueName":"search_term_string"}}],"inLanguage":"nb-NO"},{"@type":"Organization","@id":"https:\/\/nomadheat.com\/nl\/#organization","name":"Nomad Heat","url":"https:\/\/nomadheat.com\/nl\/","logo":{"@type":"ImageObject","inLanguage":"nb-NO","@id":"https:\/\/nomadheat.com\/nl\/#\/schema\/logo\/image\/","url":"https:\/\/nomadheat.com\/wp-content\/uploads\/2021\/10\/favicon.png","contentUrl":"https:\/\/nomadheat.com\/wp-content\/uploads\/2021\/10\/favicon.png","width":512,"height":512,"caption":"Nomad Heat"},"image":{"@id":"https:\/\/nomadheat.com\/nl\/#\/schema\/logo\/image\/"}}]}},"_links":{"self":[{"href":"https:\/\/nomadheat.com\/nb\/wp-json\/wp\/v2\/product\/909","targetHints":{"allow":["GET"]}}],"collection":[{"href":"https:\/\/nomadheat.com\/nb\/wp-json\/wp\/v2\/product"}],"about":[{"href":"https:\/\/nomadheat.com\/nb\/wp-json\/wp\/v2\/types\/product"}],"replies":[{"embeddable":true,"href":"https:\/\/nomadheat.com\/nb\/wp-json\/wp\/v2\/comments?post=909"}],"wp:featuredmedia":[{"embeddable":true,"href":"https:\/\/nomadheat.com\/nb\/wp-json\/wp\/v2\/media\/916"}],"wp:attachment":[{"href":"https:\/\/nomadheat.com\/nb\/wp-json\/wp\/v2\/media?parent=909"}],"wp:term":[{"taxonomy":"product_brand","embeddable":true,"href":"https:\/\/nomadheat.com\/nb\/wp-json\/wp\/v2\/product_brand?post=909"},{"taxonomy":"product_cat","embeddable":true,"href":"https:\/\/nomadheat.com\/nb\/wp-json\/wp\/v2\/product_cat?post=909"},{"taxonomy":"product_tag","embeddable":true,"href":"https:\/\/nomadheat.com\/nb\/wp-json\/wp\/v2\/product_tag?post=909"}],"curies":[{"name":"wp","href":"https:\/\/api.w.org\/{rel}","templated":true}]}}