{"id":585,"date":"2022-03-24T15:54:23","date_gmt":"2022-03-24T13:54:23","guid":{"rendered":"https:\/\/nomadheat.com\/?post_type=product&#038;p=585"},"modified":"2025-03-06T11:51:09","modified_gmt":"2025-03-06T09:51:09","slug":"sovepose-i-ull-for-barn","status":"publish","type":"product","link":"https:\/\/nomadheat.com\/nb\/shop\/childrens-wool-sleeping-bag\/","title":{"rendered":"Trek Pro ullsovepose for barn"},"content":{"rendered":"<p><strong>FUNKSJONER<\/strong><br \/>\n- Til syvende og sist luksuri\u00f8st stoff av naturlig morb\u00e6rsilke og ullvattering innvendig<br \/>\n- Fast eller avtakbar hette (tilleggsutstyr) som reduserer st\u00f8y og \u00f8ker komforten<br \/>\n- Sn\u00f8ring p\u00e5 hetten og isolasjonskragen for enkel justering<br \/>\n- Heng opp luftingssl\u00f8yfer<br \/>\n- Kompresjonspose<br \/>\n- Klimaregulering med sentral 2-veis glidel\u00e5s<br \/>\n- YKK-glidel\u00e5s forhindrer at materialet setter seg fast<br \/>\n- Innvendig lomme til oppbevaring av verdisaker<br \/>\n- Rektangul\u00e6r fotboks for bedre komfort uten ekstra vekt<\/p>\n<p>Bredeste punkt - p\u00e5 midten rundt armene: 58 cm<\/p>\n<p>Lengde (fra toppen av glidel\u00e5sen til foten):<br \/>\n- 148 cm<br \/>\n- alle lengder p\u00e5 foresp\u00f8rsel<\/p>\n<p><strong>MATERIALER<\/strong><br \/>\nSkall: 100% naturlig morb\u00e6rsilke<br \/>\nF\u00f4r: 100% naturlig morb\u00e6rsilke<br \/>\nFyll: 100% \u00f8kologisk ull (GOTS-sertifisert).<br \/>\nKan vaskes i maskin: Ja<br \/>\nVOC, HAP, syntetiske stoffer, fri for kjemikalier<\/p>\n<p><strong>B\u00c6REKRAFT<\/strong><br \/>\nAlle materialer i denne soveposen er naturlige, biologisk nedbrytbare, b\u00e6rekraftige og fornybare.<\/p>\n<p><strong>PRODUKTPLEIE<\/strong><br \/>\nSoveposene v\u00e5re er laget av slitesterke materialer av h\u00f8y kvalitet. For at du skal ha glede av dem lenger, m\u00e5 du s\u00f8rge for \u00e5 f\u00f8lge <a href=\"https:\/\/nomadheat.com\/nb\/omsorg\/\">Vedlikeholdsinstruksjoner<\/a>.<\/p>","protected":false},"excerpt":{"rendered":"<p>Ekstremt god og restituerende s\u00f8vn med den ytterst luksuri\u00f8se ullsoveposen for barn.<br \/>\nVed \u00e5 bruke kun naturlige materialer - morb\u00e6rsilke og ull - f\u00e5r du usl\u00e5elig temperatur- og fuktighetsregulering og null st\u00f8y for enest\u00e5ende s\u00f8vnkomfort.<br \/>\nPasser for reisende som drar p\u00e5 eventyr med telt og bobil.<\/p>","protected":false},"featured_media":592,"comment_status":"open","ping_status":"closed","template":"","meta":[],"product_brand":[],"product_cat":[19],"product_tag":[35,22,33,41,42,51,23,36,39,32,26,40,21,50],"class_list":{"0":"post-585","1":"product","2":"type-product","3":"status-publish","4":"has-post-thumbnail","6":"product_cat-sleeping-bags","7":"product_tag-bivouac","8":"product_tag-camping","9":"product_tag-camping-essentials","10":"product_tag-glamping","11":"product_tag-hiking-trekking","12":"product_tag-organic-wool-sleeping-bag","13":"product_tag-outdoor-sleeping","14":"product_tag-outspan","15":"product_tag-overlanding","16":"product_tag-overlanding-gear","17":"product_tag-sleeping-bags-for-adults","18":"product_tag-slow-living","19":"product_tag-summer-sleeping-bag","20":"product_tag-wool-sleep-sack","22":"first","23":"instock","24":"shipping-taxable","25":"purchasable","26":"product-type-variable"},"yoast_head":"<!-- This site is optimized with the Yoast SEO plugin v27.3 - https:\/\/yoast.com\/product\/yoast-seo-wordpress\/ -->\n<title>Children&#039;s Trek Pro Wool Sleeping Bag | NomadHeat<\/title>\n<meta name=\"description\" content=\"Extremely good restorative sleep with the ultimately luxurious children&#039;s wool sleeping bag. Handmade using only all-natural materials.\" \/>\n<meta name=\"robots\" content=\"index, follow, max-snippet:-1, max-image-preview:large, max-video-preview:-1\" \/>\n<link rel=\"canonical\" href=\"https:\/\/nomadheat.com\/nb\/butikk\/sovepose-i-ull-for-barn\/\" \/>\n<meta property=\"og:locale\" content=\"nb_NO\" \/>\n<meta property=\"og:type\" content=\"article\" \/>\n<meta property=\"og:title\" content=\"Children&#039;s Trek Pro Wool Sleeping Bag | NomadHeat\" \/>\n<meta property=\"og:description\" content=\"Extremely good restorative sleep with the ultimately luxurious children&#039;s wool sleeping bag. Handmade using only all-natural materials.\" \/>\n<meta property=\"og:url\" content=\"https:\/\/nomadheat.com\/nb\/butikk\/sovepose-i-ull-for-barn\/\" \/>\n<meta property=\"og:site_name\" content=\"NomadHeat\" \/>\n<meta property=\"article:modified_time\" content=\"2025-03-06T09:51:09+00:00\" \/>\n<meta property=\"og:image\" content=\"https:\/\/nomadheat.com\/wp-content\/uploads\/2022\/03\/Nomad-Heat-Childrens-Wool-Sleeping-Bag-Trek-Pro.jpg\" \/>\n\t<meta property=\"og:image:width\" content=\"1300\" \/>\n\t<meta property=\"og:image:height\" content=\"1040\" \/>\n\t<meta property=\"og:image:type\" content=\"image\/jpeg\" \/>\n<meta name=\"twitter:card\" content=\"summary_large_image\" \/>\n<meta name=\"twitter:label1\" content=\"Ansl. lesetid\" \/>\n\t<meta name=\"twitter:data1\" content=\"1 minutt\" \/>\n<script type=\"application\/ld+json\" class=\"yoast-schema-graph\">{\"@context\":\"https:\\\/\\\/schema.org\",\"@graph\":[{\"@type\":\"WebPage\",\"@id\":\"https:\\\/\\\/nomadheat.com\\\/nb\\\/butikk\\\/sovepose-i-ull-for-barn\\\/\",\"url\":\"https:\\\/\\\/nomadheat.com\\\/nb\\\/butikk\\\/sovepose-i-ull-for-barn\\\/\",\"name\":\"Children's Trek Pro Wool Sleeping Bag | NomadHeat\",\"isPartOf\":{\"@id\":\"https:\\\/\\\/nomadheat.com\\\/nl\\\/#website\"},\"primaryImageOfPage\":{\"@id\":\"https:\\\/\\\/nomadheat.com\\\/nb\\\/butikk\\\/sovepose-i-ull-for-barn\\\/#primaryimage\"},\"image\":{\"@id\":\"https:\\\/\\\/nomadheat.com\\\/nb\\\/butikk\\\/sovepose-i-ull-for-barn\\\/#primaryimage\"},\"thumbnailUrl\":\"https:\\\/\\\/nomadheat.com\\\/wp-content\\\/uploads\\\/2022\\\/03\\\/Nomad-Heat-Childrens-Wool-Sleeping-Bag-Trek-Pro.jpg\",\"datePublished\":\"2022-03-24T13:54:23+00:00\",\"dateModified\":\"2025-03-06T09:51:09+00:00\",\"description\":\"Extremely good restorative sleep with the ultimately luxurious children's wool sleeping bag. Handmade using only all-natural materials.\",\"breadcrumb\":{\"@id\":\"https:\\\/\\\/nomadheat.com\\\/nb\\\/butikk\\\/sovepose-i-ull-for-barn\\\/#breadcrumb\"},\"inLanguage\":\"nb-NO\",\"potentialAction\":[{\"@type\":\"ReadAction\",\"target\":[\"https:\\\/\\\/nomadheat.com\\\/nb\\\/butikk\\\/sovepose-i-ull-for-barn\\\/\"]}]},{\"@type\":\"ImageObject\",\"inLanguage\":\"nb-NO\",\"@id\":\"https:\\\/\\\/nomadheat.com\\\/nb\\\/butikk\\\/sovepose-i-ull-for-barn\\\/#primaryimage\",\"url\":\"https:\\\/\\\/nomadheat.com\\\/wp-content\\\/uploads\\\/2022\\\/03\\\/Nomad-Heat-Childrens-Wool-Sleeping-Bag-Trek-Pro.jpg\",\"contentUrl\":\"https:\\\/\\\/nomadheat.com\\\/wp-content\\\/uploads\\\/2022\\\/03\\\/Nomad-Heat-Childrens-Wool-Sleeping-Bag-Trek-Pro.jpg\",\"width\":1300,\"height\":1040,\"caption\":\"Nomad Heat Children's Wool Sleeping Bag Trek Pro\"},{\"@type\":\"BreadcrumbList\",\"@id\":\"https:\\\/\\\/nomadheat.com\\\/nb\\\/butikk\\\/sovepose-i-ull-for-barn\\\/#breadcrumb\",\"itemListElement\":[{\"@type\":\"ListItem\",\"position\":1,\"name\":\"Home\",\"item\":\"https:\\\/\\\/nomadheat.com\\\/nl\\\/\"},{\"@type\":\"ListItem\",\"position\":2,\"name\":\"Shop\",\"item\":\"https:\\\/\\\/nomadheat.com\\\/sv\\\/butik\\\/\"},{\"@type\":\"ListItem\",\"position\":3,\"name\":\"Children&#8217;s Trek Pro Wool Sleeping Bag\"}]},{\"@type\":\"WebSite\",\"@id\":\"https:\\\/\\\/nomadheat.com\\\/nl\\\/#website\",\"url\":\"https:\\\/\\\/nomadheat.com\\\/nl\\\/\",\"name\":\"NomadHeat\",\"description\":\"Handmade Wool Sleeping Bags\",\"publisher\":{\"@id\":\"https:\\\/\\\/nomadheat.com\\\/nl\\\/#organization\"},\"potentialAction\":[{\"@type\":\"SearchAction\",\"target\":{\"@type\":\"EntryPoint\",\"urlTemplate\":\"https:\\\/\\\/nomadheat.com\\\/nl\\\/?s={search_term_string}\"},\"query-input\":{\"@type\":\"PropertyValueSpecification\",\"valueRequired\":true,\"valueName\":\"search_term_string\"}}],\"inLanguage\":\"nb-NO\"},{\"@type\":\"Organization\",\"@id\":\"https:\\\/\\\/nomadheat.com\\\/nl\\\/#organization\",\"name\":\"Nomad Heat\",\"url\":\"https:\\\/\\\/nomadheat.com\\\/nl\\\/\",\"logo\":{\"@type\":\"ImageObject\",\"inLanguage\":\"nb-NO\",\"@id\":\"https:\\\/\\\/nomadheat.com\\\/nl\\\/#\\\/schema\\\/logo\\\/image\\\/\",\"url\":\"https:\\\/\\\/nomadheat.com\\\/wp-content\\\/uploads\\\/2021\\\/10\\\/favicon.png\",\"contentUrl\":\"https:\\\/\\\/nomadheat.com\\\/wp-content\\\/uploads\\\/2021\\\/10\\\/favicon.png\",\"width\":512,\"height\":512,\"caption\":\"Nomad Heat\"},\"image\":{\"@id\":\"https:\\\/\\\/nomadheat.com\\\/nl\\\/#\\\/schema\\\/logo\\\/image\\\/\"}}]}<\/script>\n<!-- \/ Yoast SEO plugin. -->","yoast_head_json":{"title":"Trek Pro-sovepose i ull for barn | NomadHeat","description":"Ekstremt god og restituerende s\u00f8vn med den ultimate luksuri\u00f8se ullsoveposen for barn. H\u00e5ndlaget av kun naturlige materialer.","robots":{"index":"index","follow":"follow","max-snippet":"max-snippet:-1","max-image-preview":"max-image-preview:large","max-video-preview":"max-video-preview:-1"},"canonical":"https:\/\/nomadheat.com\/nb\/butikk\/sovepose-i-ull-for-barn\/","og_locale":"nb_NO","og_type":"article","og_title":"Children's Trek Pro Wool Sleeping Bag | NomadHeat","og_description":"Extremely good restorative sleep with the ultimately luxurious children's wool sleeping bag. Handmade using only all-natural materials.","og_url":"https:\/\/nomadheat.com\/nb\/butikk\/sovepose-i-ull-for-barn\/","og_site_name":"NomadHeat","article_modified_time":"2025-03-06T09:51:09+00:00","og_image":[{"width":1300,"height":1040,"url":"https:\/\/nomadheat.com\/wp-content\/uploads\/2022\/03\/Nomad-Heat-Childrens-Wool-Sleeping-Bag-Trek-Pro.jpg","type":"image\/jpeg"}],"twitter_card":"summary_large_image","twitter_misc":{"Ansl. lesetid":"1 minutt"},"schema":{"@context":"https:\/\/schema.org","@graph":[{"@type":"WebPage","@id":"https:\/\/nomadheat.com\/nb\/butikk\/sovepose-i-ull-for-barn\/","url":"https:\/\/nomadheat.com\/nb\/butikk\/sovepose-i-ull-for-barn\/","name":"Trek Pro-sovepose i ull for barn | NomadHeat","isPartOf":{"@id":"https:\/\/nomadheat.com\/nl\/#website"},"primaryImageOfPage":{"@id":"https:\/\/nomadheat.com\/nb\/butikk\/sovepose-i-ull-for-barn\/#primaryimage"},"image":{"@id":"https:\/\/nomadheat.com\/nb\/butikk\/sovepose-i-ull-for-barn\/#primaryimage"},"thumbnailUrl":"https:\/\/nomadheat.com\/wp-content\/uploads\/2022\/03\/Nomad-Heat-Childrens-Wool-Sleeping-Bag-Trek-Pro.jpg","datePublished":"2022-03-24T13:54:23+00:00","dateModified":"2025-03-06T09:51:09+00:00","description":"Ekstremt god og restituerende s\u00f8vn med den ultimate luksuri\u00f8se ullsoveposen for barn. H\u00e5ndlaget av kun naturlige materialer.","breadcrumb":{"@id":"https:\/\/nomadheat.com\/nb\/butikk\/sovepose-i-ull-for-barn\/#breadcrumb"},"inLanguage":"nb-NO","potentialAction":[{"@type":"ReadAction","target":["https:\/\/nomadheat.com\/nb\/butikk\/sovepose-i-ull-for-barn\/"]}]},{"@type":"ImageObject","inLanguage":"nb-NO","@id":"https:\/\/nomadheat.com\/nb\/butikk\/sovepose-i-ull-for-barn\/#primaryimage","url":"https:\/\/nomadheat.com\/wp-content\/uploads\/2022\/03\/Nomad-Heat-Childrens-Wool-Sleeping-Bag-Trek-Pro.jpg","contentUrl":"https:\/\/nomadheat.com\/wp-content\/uploads\/2022\/03\/Nomad-Heat-Childrens-Wool-Sleeping-Bag-Trek-Pro.jpg","width":1300,"height":1040,"caption":"Nomad Heat Children's Wool Sleeping Bag Trek Pro"},{"@type":"BreadcrumbList","@id":"https:\/\/nomadheat.com\/nb\/butikk\/sovepose-i-ull-for-barn\/#breadcrumb","itemListElement":[{"@type":"ListItem","position":1,"name":"Home","item":"https:\/\/nomadheat.com\/nl\/"},{"@type":"ListItem","position":2,"name":"Shop","item":"https:\/\/nomadheat.com\/sv\/butik\/"},{"@type":"ListItem","position":3,"name":"Children&#8217;s Trek Pro Wool Sleeping Bag"}]},{"@type":"WebSite","@id":"https:\/\/nomadheat.com\/nl\/#website","url":"https:\/\/nomadheat.com\/nl\/","name":"NomadHeat","description":"H\u00e5ndlagde soveposer i ull","publisher":{"@id":"https:\/\/nomadheat.com\/nl\/#organization"},"potentialAction":[{"@type":"SearchAction","target":{"@type":"EntryPoint","urlTemplate":"https:\/\/nomadheat.com\/nl\/?s={search_term_string}"},"query-input":{"@type":"PropertyValueSpecification","valueRequired":true,"valueName":"search_term_string"}}],"inLanguage":"nb-NO"},{"@type":"Organization","@id":"https:\/\/nomadheat.com\/nl\/#organization","name":"Nomad Heat","url":"https:\/\/nomadheat.com\/nl\/","logo":{"@type":"ImageObject","inLanguage":"nb-NO","@id":"https:\/\/nomadheat.com\/nl\/#\/schema\/logo\/image\/","url":"https:\/\/nomadheat.com\/wp-content\/uploads\/2021\/10\/favicon.png","contentUrl":"https:\/\/nomadheat.com\/wp-content\/uploads\/2021\/10\/favicon.png","width":512,"height":512,"caption":"Nomad Heat"},"image":{"@id":"https:\/\/nomadheat.com\/nl\/#\/schema\/logo\/image\/"}}]}},"_links":{"self":[{"href":"https:\/\/nomadheat.com\/nb\/wp-json\/wp\/v2\/product\/585","targetHints":{"allow":["GET"]}}],"collection":[{"href":"https:\/\/nomadheat.com\/nb\/wp-json\/wp\/v2\/product"}],"about":[{"href":"https:\/\/nomadheat.com\/nb\/wp-json\/wp\/v2\/types\/product"}],"replies":[{"embeddable":true,"href":"https:\/\/nomadheat.com\/nb\/wp-json\/wp\/v2\/comments?post=585"}],"wp:featuredmedia":[{"embeddable":true,"href":"https:\/\/nomadheat.com\/nb\/wp-json\/wp\/v2\/media\/592"}],"wp:attachment":[{"href":"https:\/\/nomadheat.com\/nb\/wp-json\/wp\/v2\/media?parent=585"}],"wp:term":[{"taxonomy":"product_brand","embeddable":true,"href":"https:\/\/nomadheat.com\/nb\/wp-json\/wp\/v2\/product_brand?post=585"},{"taxonomy":"product_cat","embeddable":true,"href":"https:\/\/nomadheat.com\/nb\/wp-json\/wp\/v2\/product_cat?post=585"},{"taxonomy":"product_tag","embeddable":true,"href":"https:\/\/nomadheat.com\/nb\/wp-json\/wp\/v2\/product_tag?post=585"}],"curies":[{"name":"wp","href":"https:\/\/api.w.org\/{rel}","templated":true}]}}