{"id":202,"date":"2021-07-08T12:18:05","date_gmt":"2021-07-08T12:18:05","guid":{"rendered":"https:\/\/nomadheat.com\/?post_type=product&#038;p=202"},"modified":"2026-01-29T13:51:24","modified_gmt":"2026-01-29T11:51:24","slug":"tofler-i-ull","status":"publish","type":"product","link":"https:\/\/nomadheat.com\/nb\/shop\/wool-slippers\/","title":{"rendered":"Campingt\u00f8fler og -st\u00f8vler i helull"},"content":{"rendered":"<p><strong>FUNKSJONER<\/strong><br \/>\nMyk og fleksibel s\u00e5le<br \/>\nRegulering av temperatur for komfort i et bredt spekter av klimaer<br \/>\nRegulerer fuktighet for \u00e5 forhindre svetting<br \/>\nPustende<br \/>\nPerfekt til bruk i soveposer, telt, hytter og hjem.<br \/>\nElastisk stropp som gj\u00f8r det enkelt \u00e5 ta den av og p\u00e5<\/p>\n<p><strong>MATERIALER<\/strong><br \/>\nOeko-tex-sertifisert jomfruull<br \/>\nAndre materialer: Nei<\/p>\n<p><strong>PRODUKTPLEIE<\/strong><br \/>\nIkke bruk klorbasert blekemiddel<br \/>\nIkke t\u00f8rrengj\u00f8r eller bruk l\u00f8semidler for \u00e5 fjerne flekker.<br \/>\nM\u00e5 ikke strykes eller behandles med damp<br \/>\nMaksimal sentrifugeringssyklus 30 sekunder<br \/>\nSk\u00e5nsom t\u00f8rking i t\u00f8rketrommel<br \/>\nMaskinvask p\u00e5 ull-\/fleksibilitetsprogram (maks. 30\u00b0 C)<\/p>","protected":false},"excerpt":{"rendered":"<p>FEATURES Soft flexible sole Regulate temperature for comfort in wide range of climates Regulate moisture to prevent sweating Breathable Perfect for use in sleeping bags, tents, cottages, homes. Elastic strap closure for easy slip on and slip off MATERIALS Oeko-tex certified Virgin Wool Other materials: No PRODUCT CARE Do not [&hellip;]<\/p>\n","protected":false},"featured_media":1763,"comment_status":"open","ping_status":"closed","template":"","meta":[],"product_brand":[],"product_cat":[20],"product_tag":[35,38,33,37,29,23,36,32,28,34],"class_list":{"0":"post-202","1":"product","2":"type-product","3":"status-publish","4":"has-post-thumbnail","6":"product_cat-accessories","7":"product_tag-bivouac","8":"product_tag-booties","9":"product_tag-camping-essentials","10":"product_tag-camping-slippers","11":"product_tag-felted-wool-slippers","12":"product_tag-outdoor-sleeping","13":"product_tag-outspan","14":"product_tag-overlanding-gear","15":"product_tag-sheep-wool-slippers","16":"product_tag-wool-socks","18":"first","19":"instock","20":"shipping-taxable","21":"purchasable","22":"product-type-variable"},"yoast_head":"<!-- This site is optimized with the Yoast SEO plugin v27.3 - https:\/\/yoast.com\/product\/yoast-seo-wordpress\/ -->\n<title>All-wool Camping Slippers \/ Booties | NomadHeat<\/title>\n<meta name=\"description\" content=\"Keep your feet warm and cozy with our wool slippers, perfect for use in sleeping bags, tents, cottages, homes.\" \/>\n<meta name=\"robots\" content=\"index, follow, max-snippet:-1, max-image-preview:large, max-video-preview:-1\" \/>\n<link rel=\"canonical\" href=\"https:\/\/nomadheat.com\/nb\/butikk\/tofler-i-ull\/\" \/>\n<meta property=\"og:locale\" content=\"nb_NO\" \/>\n<meta property=\"og:type\" content=\"article\" \/>\n<meta property=\"og:title\" content=\"All-wool Camping Slippers \/ Booties | NomadHeat\" \/>\n<meta property=\"og:description\" content=\"Keep your feet warm and cozy with our wool slippers, perfect for use in sleeping bags, tents, cottages, homes.\" \/>\n<meta property=\"og:url\" content=\"https:\/\/nomadheat.com\/nb\/butikk\/tofler-i-ull\/\" \/>\n<meta property=\"og:site_name\" content=\"NomadHeat\" \/>\n<meta property=\"article:modified_time\" content=\"2026-01-29T11:51:24+00:00\" \/>\n<meta property=\"og:image\" content=\"https:\/\/nomadheat.com\/wp-content\/uploads\/2021\/07\/NomadHeat-Slippers-Booties-Main.jpg\" \/>\n\t<meta property=\"og:image:width\" content=\"1984\" \/>\n\t<meta property=\"og:image:height\" content=\"1588\" \/>\n\t<meta property=\"og:image:type\" content=\"image\/jpeg\" \/>\n<meta name=\"twitter:card\" content=\"summary_large_image\" \/>\n<meta name=\"twitter:label1\" content=\"Ansl. lesetid\" \/>\n\t<meta name=\"twitter:data1\" content=\"1 minutt\" \/>\n<script type=\"application\/ld+json\" class=\"yoast-schema-graph\">{\"@context\":\"https:\\\/\\\/schema.org\",\"@graph\":[{\"@type\":\"WebPage\",\"@id\":\"https:\\\/\\\/nomadheat.com\\\/shop\\\/wool-slippers\\\/\",\"url\":\"https:\\\/\\\/nomadheat.com\\\/shop\\\/wool-slippers\\\/\",\"name\":\"All-wool Camping Slippers \\\/ Booties | NomadHeat\",\"isPartOf\":{\"@id\":\"https:\\\/\\\/nomadheat.com\\\/nl\\\/#website\"},\"primaryImageOfPage\":{\"@id\":\"https:\\\/\\\/nomadheat.com\\\/shop\\\/wool-slippers\\\/#primaryimage\"},\"image\":{\"@id\":\"https:\\\/\\\/nomadheat.com\\\/shop\\\/wool-slippers\\\/#primaryimage\"},\"thumbnailUrl\":\"https:\\\/\\\/nomadheat.com\\\/wp-content\\\/uploads\\\/2021\\\/07\\\/NomadHeat-Slippers-Booties-Main.jpg\",\"datePublished\":\"2021-07-08T12:18:05+00:00\",\"dateModified\":\"2026-01-29T11:51:24+00:00\",\"description\":\"Keep your feet warm and cozy with our wool slippers, perfect for use in sleeping bags, tents, cottages, homes.\",\"breadcrumb\":{\"@id\":\"https:\\\/\\\/nomadheat.com\\\/shop\\\/wool-slippers\\\/#breadcrumb\"},\"inLanguage\":\"nb-NO\",\"potentialAction\":[{\"@type\":\"ReadAction\",\"target\":[\"https:\\\/\\\/nomadheat.com\\\/shop\\\/wool-slippers\\\/\"]}]},{\"@type\":\"ImageObject\",\"inLanguage\":\"nb-NO\",\"@id\":\"https:\\\/\\\/nomadheat.com\\\/shop\\\/wool-slippers\\\/#primaryimage\",\"url\":\"https:\\\/\\\/nomadheat.com\\\/wp-content\\\/uploads\\\/2021\\\/07\\\/NomadHeat-Slippers-Booties-Main.jpg\",\"contentUrl\":\"https:\\\/\\\/nomadheat.com\\\/wp-content\\\/uploads\\\/2021\\\/07\\\/NomadHeat-Slippers-Booties-Main.jpg\",\"width\":1984,\"height\":1588},{\"@type\":\"BreadcrumbList\",\"@id\":\"https:\\\/\\\/nomadheat.com\\\/shop\\\/wool-slippers\\\/#breadcrumb\",\"itemListElement\":[{\"@type\":\"ListItem\",\"position\":1,\"name\":\"Home\",\"item\":\"https:\\\/\\\/nomadheat.com\\\/nl\\\/\"},{\"@type\":\"ListItem\",\"position\":2,\"name\":\"Shop\",\"item\":\"https:\\\/\\\/nomadheat.com\\\/sv\\\/butik\\\/\"},{\"@type\":\"ListItem\",\"position\":3,\"name\":\"All-wool Camping Slippers \\\/ Booties\"}]},{\"@type\":\"WebSite\",\"@id\":\"https:\\\/\\\/nomadheat.com\\\/nl\\\/#website\",\"url\":\"https:\\\/\\\/nomadheat.com\\\/nl\\\/\",\"name\":\"NomadHeat\",\"description\":\"Handmade Wool Sleeping Bags\",\"publisher\":{\"@id\":\"https:\\\/\\\/nomadheat.com\\\/nl\\\/#organization\"},\"potentialAction\":[{\"@type\":\"SearchAction\",\"target\":{\"@type\":\"EntryPoint\",\"urlTemplate\":\"https:\\\/\\\/nomadheat.com\\\/nl\\\/?s={search_term_string}\"},\"query-input\":{\"@type\":\"PropertyValueSpecification\",\"valueRequired\":true,\"valueName\":\"search_term_string\"}}],\"inLanguage\":\"nb-NO\"},{\"@type\":\"Organization\",\"@id\":\"https:\\\/\\\/nomadheat.com\\\/nl\\\/#organization\",\"name\":\"Nomad Heat\",\"url\":\"https:\\\/\\\/nomadheat.com\\\/nl\\\/\",\"logo\":{\"@type\":\"ImageObject\",\"inLanguage\":\"nb-NO\",\"@id\":\"https:\\\/\\\/nomadheat.com\\\/nl\\\/#\\\/schema\\\/logo\\\/image\\\/\",\"url\":\"https:\\\/\\\/nomadheat.com\\\/wp-content\\\/uploads\\\/2021\\\/10\\\/favicon.png\",\"contentUrl\":\"https:\\\/\\\/nomadheat.com\\\/wp-content\\\/uploads\\\/2021\\\/10\\\/favicon.png\",\"width\":512,\"height\":512,\"caption\":\"Nomad Heat\"},\"image\":{\"@id\":\"https:\\\/\\\/nomadheat.com\\\/nl\\\/#\\\/schema\\\/logo\\\/image\\\/\"}}]}<\/script>\n<!-- \/ Yoast SEO plugin. -->","yoast_head_json":{"title":"Campingt\u00f8fler og -st\u00f8vler i ull | NomadHeat","description":"Hold f\u00f8ttene varme og lune med v\u00e5re ullt\u00f8fler, som er perfekte til bruk i soveposer, telt, hytter og hjem.","robots":{"index":"index","follow":"follow","max-snippet":"max-snippet:-1","max-image-preview":"max-image-preview:large","max-video-preview":"max-video-preview:-1"},"canonical":"https:\/\/nomadheat.com\/nb\/butikk\/tofler-i-ull\/","og_locale":"nb_NO","og_type":"article","og_title":"All-wool Camping Slippers \/ Booties | NomadHeat","og_description":"Keep your feet warm and cozy with our wool slippers, perfect for use in sleeping bags, tents, cottages, homes.","og_url":"https:\/\/nomadheat.com\/nb\/butikk\/tofler-i-ull\/","og_site_name":"NomadHeat","article_modified_time":"2026-01-29T11:51:24+00:00","og_image":[{"width":1984,"height":1588,"url":"https:\/\/nomadheat.com\/wp-content\/uploads\/2021\/07\/NomadHeat-Slippers-Booties-Main.jpg","type":"image\/jpeg"}],"twitter_card":"summary_large_image","twitter_misc":{"Ansl. lesetid":"1 minutt"},"schema":{"@context":"https:\/\/schema.org","@graph":[{"@type":"WebPage","@id":"https:\/\/nomadheat.com\/shop\/wool-slippers\/","url":"https:\/\/nomadheat.com\/shop\/wool-slippers\/","name":"Campingt\u00f8fler og -st\u00f8vler i ull | NomadHeat","isPartOf":{"@id":"https:\/\/nomadheat.com\/nl\/#website"},"primaryImageOfPage":{"@id":"https:\/\/nomadheat.com\/shop\/wool-slippers\/#primaryimage"},"image":{"@id":"https:\/\/nomadheat.com\/shop\/wool-slippers\/#primaryimage"},"thumbnailUrl":"https:\/\/nomadheat.com\/wp-content\/uploads\/2021\/07\/NomadHeat-Slippers-Booties-Main.jpg","datePublished":"2021-07-08T12:18:05+00:00","dateModified":"2026-01-29T11:51:24+00:00","description":"Hold f\u00f8ttene varme og lune med v\u00e5re ullt\u00f8fler, som er perfekte til bruk i soveposer, telt, hytter og hjem.","breadcrumb":{"@id":"https:\/\/nomadheat.com\/shop\/wool-slippers\/#breadcrumb"},"inLanguage":"nb-NO","potentialAction":[{"@type":"ReadAction","target":["https:\/\/nomadheat.com\/shop\/wool-slippers\/"]}]},{"@type":"ImageObject","inLanguage":"nb-NO","@id":"https:\/\/nomadheat.com\/shop\/wool-slippers\/#primaryimage","url":"https:\/\/nomadheat.com\/wp-content\/uploads\/2021\/07\/NomadHeat-Slippers-Booties-Main.jpg","contentUrl":"https:\/\/nomadheat.com\/wp-content\/uploads\/2021\/07\/NomadHeat-Slippers-Booties-Main.jpg","width":1984,"height":1588},{"@type":"BreadcrumbList","@id":"https:\/\/nomadheat.com\/shop\/wool-slippers\/#breadcrumb","itemListElement":[{"@type":"ListItem","position":1,"name":"Home","item":"https:\/\/nomadheat.com\/nl\/"},{"@type":"ListItem","position":2,"name":"Shop","item":"https:\/\/nomadheat.com\/sv\/butik\/"},{"@type":"ListItem","position":3,"name":"All-wool Camping Slippers \/ Booties"}]},{"@type":"WebSite","@id":"https:\/\/nomadheat.com\/nl\/#website","url":"https:\/\/nomadheat.com\/nl\/","name":"NomadHeat","description":"H\u00e5ndlagde soveposer i ull","publisher":{"@id":"https:\/\/nomadheat.com\/nl\/#organization"},"potentialAction":[{"@type":"SearchAction","target":{"@type":"EntryPoint","urlTemplate":"https:\/\/nomadheat.com\/nl\/?s={search_term_string}"},"query-input":{"@type":"PropertyValueSpecification","valueRequired":true,"valueName":"search_term_string"}}],"inLanguage":"nb-NO"},{"@type":"Organization","@id":"https:\/\/nomadheat.com\/nl\/#organization","name":"Nomad Heat","url":"https:\/\/nomadheat.com\/nl\/","logo":{"@type":"ImageObject","inLanguage":"nb-NO","@id":"https:\/\/nomadheat.com\/nl\/#\/schema\/logo\/image\/","url":"https:\/\/nomadheat.com\/wp-content\/uploads\/2021\/10\/favicon.png","contentUrl":"https:\/\/nomadheat.com\/wp-content\/uploads\/2021\/10\/favicon.png","width":512,"height":512,"caption":"Nomad Heat"},"image":{"@id":"https:\/\/nomadheat.com\/nl\/#\/schema\/logo\/image\/"}}]}},"_links":{"self":[{"href":"https:\/\/nomadheat.com\/nb\/wp-json\/wp\/v2\/product\/202","targetHints":{"allow":["GET"]}}],"collection":[{"href":"https:\/\/nomadheat.com\/nb\/wp-json\/wp\/v2\/product"}],"about":[{"href":"https:\/\/nomadheat.com\/nb\/wp-json\/wp\/v2\/types\/product"}],"replies":[{"embeddable":true,"href":"https:\/\/nomadheat.com\/nb\/wp-json\/wp\/v2\/comments?post=202"}],"wp:featuredmedia":[{"embeddable":true,"href":"https:\/\/nomadheat.com\/nb\/wp-json\/wp\/v2\/media\/1763"}],"wp:attachment":[{"href":"https:\/\/nomadheat.com\/nb\/wp-json\/wp\/v2\/media?parent=202"}],"wp:term":[{"taxonomy":"product_brand","embeddable":true,"href":"https:\/\/nomadheat.com\/nb\/wp-json\/wp\/v2\/product_brand?post=202"},{"taxonomy":"product_cat","embeddable":true,"href":"https:\/\/nomadheat.com\/nb\/wp-json\/wp\/v2\/product_cat?post=202"},{"taxonomy":"product_tag","embeddable":true,"href":"https:\/\/nomadheat.com\/nb\/wp-json\/wp\/v2\/product_tag?post=202"}],"curies":[{"name":"wp","href":"https:\/\/api.w.org\/{rel}","templated":true}]}}