{"id":1584,"date":"2025-03-10T14:11:25","date_gmt":"2025-03-10T12:11:25","guid":{"rendered":"https:\/\/nomadheat.com\/?post_type=product&#038;p=1584"},"modified":"2025-03-17T23:40:08","modified_gmt":"2025-03-17T21:40:08","slug":"dhl-shipping-upgrade-for-the-slippers-in-order-1583-custom-for-ali","status":"publish","type":"product","link":"https:\/\/nomadheat.com\/nb\/shop\/dhl-shipping-upgrade-for-the-slippers-in-order-1583-custom-for-ali\/","title":{"rendered":"DHL Shipping Oppgradering for t\u00f8fler i bestilling #1583 \/ Custom for Ali"},"content":{"rendered":"<p>Denne oppf\u00f8ringen er for \u00e5 oppgradere forsendelsen av t\u00f8flene i bestilling #1583 til ekspress 3-dagers frakt.<\/p>","protected":false},"excerpt":{"rendered":"<p>Denne oppf\u00f8ringen er for \u00e5 oppgradere forsendelsen av t\u00f8flene i bestilling #1583 til ekspress 3-dagers frakt.<\/p>","protected":false},"featured_media":0,"comment_status":"open","ping_status":"closed","template":"","meta":[],"product_brand":[],"product_cat":[19],"product_tag":[],"class_list":{"0":"post-1584","1":"product","2":"type-product","3":"status-publish","5":"product_cat-sleeping-bags","7":"first","8":"outofstock","9":"shipping-taxable","10":"purchasable","11":"product-type-simple"},"yoast_head":"<!-- This site is optimized with the Yoast SEO plugin v27.3 - https:\/\/yoast.com\/product\/yoast-seo-wordpress\/ -->\n<title>DHL Shipping Upgrade for the Slippers in Order #1583 \/ Custom for Ali | NomadHeat<\/title>\n<meta name=\"robots\" content=\"index, follow, max-snippet:-1, max-image-preview:large, max-video-preview:-1\" \/>\n<link rel=\"canonical\" href=\"https:\/\/nomadheat.com\/nb\/butikk\/dhl-shipping-upgrade-for-the-slippers-in-order-1583-custom-for-ali\/\" \/>\n<meta property=\"og:locale\" content=\"nb_NO\" \/>\n<meta property=\"og:type\" content=\"article\" \/>\n<meta property=\"og:title\" content=\"DHL Shipping Upgrade for the Slippers in Order #1583 \/ Custom for Ali | NomadHeat\" \/>\n<meta property=\"og:description\" content=\"This listing is for upgrading the shipping of the slippers in order #1583 to express 3-day shipping.\" \/>\n<meta property=\"og:url\" content=\"https:\/\/nomadheat.com\/nb\/butikk\/dhl-shipping-upgrade-for-the-slippers-in-order-1583-custom-for-ali\/\" \/>\n<meta property=\"og:site_name\" content=\"NomadHeat\" \/>\n<meta property=\"article:modified_time\" content=\"2025-03-17T21:40:08+00:00\" \/>\n<meta name=\"twitter:card\" content=\"summary_large_image\" \/>\n<meta name=\"twitter:label1\" content=\"Ansl. lesetid\" \/>\n\t<meta name=\"twitter:data1\" content=\"1 minutt\" \/>\n<script type=\"application\/ld+json\" class=\"yoast-schema-graph\">{\"@context\":\"https:\\\/\\\/schema.org\",\"@graph\":[{\"@type\":\"WebPage\",\"@id\":\"https:\\\/\\\/nomadheat.com\\\/fr\\\/boutique\\\/dhl-shipping-upgrade-for-the-slippers-in-order-1583-custom-for-ali\\\/\",\"url\":\"https:\\\/\\\/nomadheat.com\\\/fr\\\/boutique\\\/dhl-shipping-upgrade-for-the-slippers-in-order-1583-custom-for-ali\\\/\",\"name\":\"DHL Shipping Upgrade for the Slippers in Order #1583 \\\/ Custom for Ali | NomadHeat\",\"isPartOf\":{\"@id\":\"https:\\\/\\\/nomadheat.com\\\/nl\\\/#website\"},\"datePublished\":\"2025-03-10T12:11:25+00:00\",\"dateModified\":\"2025-03-17T21:40:08+00:00\",\"breadcrumb\":{\"@id\":\"https:\\\/\\\/nomadheat.com\\\/fr\\\/boutique\\\/dhl-shipping-upgrade-for-the-slippers-in-order-1583-custom-for-ali\\\/#breadcrumb\"},\"inLanguage\":\"nb-NO\",\"potentialAction\":[{\"@type\":\"ReadAction\",\"target\":[\"https:\\\/\\\/nomadheat.com\\\/fr\\\/boutique\\\/dhl-shipping-upgrade-for-the-slippers-in-order-1583-custom-for-ali\\\/\"]}]},{\"@type\":\"BreadcrumbList\",\"@id\":\"https:\\\/\\\/nomadheat.com\\\/fr\\\/boutique\\\/dhl-shipping-upgrade-for-the-slippers-in-order-1583-custom-for-ali\\\/#breadcrumb\",\"itemListElement\":[{\"@type\":\"ListItem\",\"position\":1,\"name\":\"Home\",\"item\":\"https:\\\/\\\/nomadheat.com\\\/nl\\\/\"},{\"@type\":\"ListItem\",\"position\":2,\"name\":\"Shop\",\"item\":\"https:\\\/\\\/nomadheat.com\\\/sv\\\/butik\\\/\"},{\"@type\":\"ListItem\",\"position\":3,\"name\":\"DHL Shipping Upgrade for the Slippers in Order #1583 \\\/ Custom for Ali\"}]},{\"@type\":\"WebSite\",\"@id\":\"https:\\\/\\\/nomadheat.com\\\/nl\\\/#website\",\"url\":\"https:\\\/\\\/nomadheat.com\\\/nl\\\/\",\"name\":\"NomadHeat\",\"description\":\"Handmade Wool Sleeping Bags\",\"publisher\":{\"@id\":\"https:\\\/\\\/nomadheat.com\\\/nl\\\/#organization\"},\"potentialAction\":[{\"@type\":\"SearchAction\",\"target\":{\"@type\":\"EntryPoint\",\"urlTemplate\":\"https:\\\/\\\/nomadheat.com\\\/nl\\\/?s={search_term_string}\"},\"query-input\":{\"@type\":\"PropertyValueSpecification\",\"valueRequired\":true,\"valueName\":\"search_term_string\"}}],\"inLanguage\":\"nb-NO\"},{\"@type\":\"Organization\",\"@id\":\"https:\\\/\\\/nomadheat.com\\\/nl\\\/#organization\",\"name\":\"Nomad Heat\",\"url\":\"https:\\\/\\\/nomadheat.com\\\/nl\\\/\",\"logo\":{\"@type\":\"ImageObject\",\"inLanguage\":\"nb-NO\",\"@id\":\"https:\\\/\\\/nomadheat.com\\\/nl\\\/#\\\/schema\\\/logo\\\/image\\\/\",\"url\":\"https:\\\/\\\/nomadheat.com\\\/wp-content\\\/uploads\\\/2021\\\/10\\\/favicon.png\",\"contentUrl\":\"https:\\\/\\\/nomadheat.com\\\/wp-content\\\/uploads\\\/2021\\\/10\\\/favicon.png\",\"width\":512,\"height\":512,\"caption\":\"Nomad Heat\"},\"image\":{\"@id\":\"https:\\\/\\\/nomadheat.com\\\/nl\\\/#\\\/schema\\\/logo\\\/image\\\/\"}}]}<\/script>\n<!-- \/ Yoast SEO plugin. -->","yoast_head_json":{"title":"DHL Shipping Oppgradering for t\u00f8fler i bestilling #1583 \/ Custom for Ali | NomadHeat","robots":{"index":"index","follow":"follow","max-snippet":"max-snippet:-1","max-image-preview":"max-image-preview:large","max-video-preview":"max-video-preview:-1"},"canonical":"https:\/\/nomadheat.com\/nb\/butikk\/dhl-shipping-upgrade-for-the-slippers-in-order-1583-custom-for-ali\/","og_locale":"nb_NO","og_type":"article","og_title":"DHL Shipping Upgrade for the Slippers in Order #1583 \/ Custom for Ali | NomadHeat","og_description":"This listing is for upgrading the shipping of the slippers in order #1583 to express 3-day shipping.","og_url":"https:\/\/nomadheat.com\/nb\/butikk\/dhl-shipping-upgrade-for-the-slippers-in-order-1583-custom-for-ali\/","og_site_name":"NomadHeat","article_modified_time":"2025-03-17T21:40:08+00:00","twitter_card":"summary_large_image","twitter_misc":{"Ansl. lesetid":"1 minutt"},"schema":{"@context":"https:\/\/schema.org","@graph":[{"@type":"WebPage","@id":"https:\/\/nomadheat.com\/fr\/boutique\/dhl-shipping-upgrade-for-the-slippers-in-order-1583-custom-for-ali\/","url":"https:\/\/nomadheat.com\/fr\/boutique\/dhl-shipping-upgrade-for-the-slippers-in-order-1583-custom-for-ali\/","name":"DHL Shipping Oppgradering for t\u00f8fler i bestilling #1583 \/ Custom for Ali | NomadHeat","isPartOf":{"@id":"https:\/\/nomadheat.com\/nl\/#website"},"datePublished":"2025-03-10T12:11:25+00:00","dateModified":"2025-03-17T21:40:08+00:00","breadcrumb":{"@id":"https:\/\/nomadheat.com\/fr\/boutique\/dhl-shipping-upgrade-for-the-slippers-in-order-1583-custom-for-ali\/#breadcrumb"},"inLanguage":"nb-NO","potentialAction":[{"@type":"ReadAction","target":["https:\/\/nomadheat.com\/fr\/boutique\/dhl-shipping-upgrade-for-the-slippers-in-order-1583-custom-for-ali\/"]}]},{"@type":"BreadcrumbList","@id":"https:\/\/nomadheat.com\/fr\/boutique\/dhl-shipping-upgrade-for-the-slippers-in-order-1583-custom-for-ali\/#breadcrumb","itemListElement":[{"@type":"ListItem","position":1,"name":"Home","item":"https:\/\/nomadheat.com\/nl\/"},{"@type":"ListItem","position":2,"name":"Shop","item":"https:\/\/nomadheat.com\/sv\/butik\/"},{"@type":"ListItem","position":3,"name":"DHL Shipping Upgrade for the Slippers in Order #1583 \/ Custom for Ali"}]},{"@type":"WebSite","@id":"https:\/\/nomadheat.com\/nl\/#website","url":"https:\/\/nomadheat.com\/nl\/","name":"NomadHeat","description":"H\u00e5ndlagde soveposer i ull","publisher":{"@id":"https:\/\/nomadheat.com\/nl\/#organization"},"potentialAction":[{"@type":"SearchAction","target":{"@type":"EntryPoint","urlTemplate":"https:\/\/nomadheat.com\/nl\/?s={search_term_string}"},"query-input":{"@type":"PropertyValueSpecification","valueRequired":true,"valueName":"search_term_string"}}],"inLanguage":"nb-NO"},{"@type":"Organization","@id":"https:\/\/nomadheat.com\/nl\/#organization","name":"Nomad Heat","url":"https:\/\/nomadheat.com\/nl\/","logo":{"@type":"ImageObject","inLanguage":"nb-NO","@id":"https:\/\/nomadheat.com\/nl\/#\/schema\/logo\/image\/","url":"https:\/\/nomadheat.com\/wp-content\/uploads\/2021\/10\/favicon.png","contentUrl":"https:\/\/nomadheat.com\/wp-content\/uploads\/2021\/10\/favicon.png","width":512,"height":512,"caption":"Nomad Heat"},"image":{"@id":"https:\/\/nomadheat.com\/nl\/#\/schema\/logo\/image\/"}}]}},"_links":{"self":[{"href":"https:\/\/nomadheat.com\/nb\/wp-json\/wp\/v2\/product\/1584","targetHints":{"allow":["GET"]}}],"collection":[{"href":"https:\/\/nomadheat.com\/nb\/wp-json\/wp\/v2\/product"}],"about":[{"href":"https:\/\/nomadheat.com\/nb\/wp-json\/wp\/v2\/types\/product"}],"replies":[{"embeddable":true,"href":"https:\/\/nomadheat.com\/nb\/wp-json\/wp\/v2\/comments?post=1584"}],"wp:attachment":[{"href":"https:\/\/nomadheat.com\/nb\/wp-json\/wp\/v2\/media?parent=1584"}],"wp:term":[{"taxonomy":"product_brand","embeddable":true,"href":"https:\/\/nomadheat.com\/nb\/wp-json\/wp\/v2\/product_brand?post=1584"},{"taxonomy":"product_cat","embeddable":true,"href":"https:\/\/nomadheat.com\/nb\/wp-json\/wp\/v2\/product_cat?post=1584"},{"taxonomy":"product_tag","embeddable":true,"href":"https:\/\/nomadheat.com\/nb\/wp-json\/wp\/v2\/product_tag?post=1584"}],"curies":[{"name":"wp","href":"https:\/\/api.w.org\/{rel}","templated":true}]}}