{"id":298,"date":"2021-10-11T11:32:56","date_gmt":"2021-10-11T08:32:56","guid":{"rendered":"https:\/\/nomadheat.com\/?page_id=298"},"modified":"2025-02-24T14:22:58","modified_gmt":"2025-02-24T12:22:58","slug":"omsorg","status":"publish","type":"page","link":"https:\/\/nomadheat.com\/nb\/care\/","title":{"rendered":"Vedlikeholdsinstruksjoner"},"content":{"rendered":"<div class=\"wpb-content-wrapper\"><div  class=\"sec_row container\"><div class=\"vc_row wpb_row vc_row-fluid\"><div class=\"wpb_column vc_column_container vc_col-sm-2 et-dark-column\"><div class=\"vc_column-inner\"><div class=\"wpb_wrapper\"><\/div><\/div><\/div><div class=\"wpb_column vc_column_container vc_col-sm-8 et-dark-column\"><div class=\"vc_column-inner\"><div class=\"wpb_wrapper\"><div class=\"vc_empty_space\"   style=\"height: 50px\"><span class=\"vc_empty_space_inner\"><\/span><\/div>\n\t<div class=\"wpb_text_column wpb_content_element\" >\n\t\t<div class=\"wpb_wrapper\">\n\t\t\t<h1 class=\"page-title\" style=\"text-align: center;\">PLEIEANVISNINGER<\/h1>\n<h2 style=\"text-align: center;\">NOMAD HEAT-SOVEPOSER I ULL<\/h2>\n\n\t\t<\/div>\n\t<\/div>\n<div  class=\"vc_do_toggle vc_toggle vc_toggle_simple vc_toggle_color_green  vc_toggle_size_md\"><div class=\"vc_toggle_title\"><h4>Rengj\u00f8ring og t\u00f8rking av ullsoveposen<\/h4><i class=\"vc_toggle_icon\"><\/i><\/div><div class=\"vc_toggle_content\"><p>Stryking og renseri kan skade soveposens skall og isolasjon. De kjemiske stoffene som brukes i renseri, kan fjerne de naturlige oljene i ull, og varm stryking kan skade skallet.<\/p>\n<p><strong>Punktvis rengj\u00f8ring<\/strong><\/p>\n<p>Det beste alternativet for \u00e5 holde soveposen ren og i perfekt stand er \u00e5 rengj\u00f8re den p\u00e5 stedet.<\/p>\n<ul>\n<li>Bruk en pastalignende blanding av s\u00e5pe uten vaskemiddel og vann.<\/li>\n<li>Fordel pastaen p\u00e5 en liten, myk b\u00f8rste eller svamp og rengj\u00f8r skallet p\u00e5 soveposen med forsiktige bevegelser.<\/li>\n<li>Skyll det behandlede omr\u00e5det av stoffet med lunkent vann<\/li>\n<li>La det luftt\u00f8rke helt<\/li>\n<\/ul>\n<p><strong>Maskinvask<\/strong><\/p>\n<ul>\n<li>S\u00f8rg for \u00e5 lukke alle glidel\u00e5sene<\/li>\n<li>Vask p\u00e5 ullprogrammet (vanligvis sk\u00e5nsom vask ved 30 \u00b0C\/90 \u00b0F). Hvis vaskemaskinen din ikke har en syklus for ull, kan du bruke kaldtvannsvask eller vaskesyklus for fint\u00f8y.<\/li>\n<li>Bruk et vaskemiddel for ull eller silke.<br \/>\nM\u00e5 ikke blekes. Ikke tilsett t\u00f8ymykner eller flekkfjerner - det kan skade skallet av morb\u00e6rsilke og ullfyllet.<\/li>\n<li>La det luftt\u00f8rke helt<\/li>\n<\/ul>\n<p><strong>H\u00e5ndvask<\/strong><\/p>\n<ul>\n<li>Fyll badekaret med lunkent vann<\/li>\n<li>Bruk ullvaskemiddel, men unng\u00e5 \u00e5 bruke for mye av det, da det blir vanskeligere \u00e5 skylle det ut.<\/li>\n<li>Legg soveposen i badekaret og gni forsiktig sammen de mest skitne omr\u00e5dene.<\/li>\n<li>Bruk en myk svamp til \u00e5 g\u00e5 gjennom hele skallet p\u00e5 soveposen.<\/li>\n<li>La den ligge i bl\u00f8t i opptil en time og t\u00f8m den for vann.<\/li>\n<li>Trykk forsiktig ut eventuelt gjenv\u00e6rende vann p\u00e5 soveposen.<\/li>\n<li>Fyll karet med lunkent vann for \u00e5 skylle. Arbeid forsiktig ut s\u00e5pen og la den renne ut.<\/li>\n<li>Gjenta skylleprosedyren til det ikke er mer s\u00e5pe igjen.<\/li>\n<\/ul>\n<p><strong>T\u00f8rking<\/strong><\/p>\n<ul>\n<li>Soveposen er tung n\u00e5r den er v\u00e5t, s\u00e5 du kan trenge litt hjelp til \u00e5 h\u00e5ndtere den.<\/li>\n<li>Luftt\u00f8rk den p\u00e5 et flatt underlag<\/li>\n<li>Unng\u00e5 \u00e5 vri soveposen for \u00e5 fjerne overfl\u00f8dig vann, men hvis det er n\u00f8dvendig, kan du klemme det lett ut.<\/li>\n<\/ul>\n<\/div><\/div><div  class=\"vc_do_toggle vc_toggle vc_toggle_simple vc_toggle_color_green  vc_toggle_size_md\"><div class=\"vc_toggle_title\"><h4>Oppbevaring av ullsoveposen<\/h4><i class=\"vc_toggle_icon\"><\/i><\/div><div class=\"vc_toggle_content\"><p>Oppbevar ullsoveposen forsiktig for \u00e5 f\u00e5 den til \u00e5 vare lenger.<\/p>\n<ul>\n<li>N\u00e5r du kommer tilbake fra en reise, \u00e5pner du glidel\u00e5sen og lar posen luftes ut for \u00e5 sikre at den er helt t\u00f8rr<\/li>\n<li>Ikke legg den tilbake i posen - komprimert oppbevaring vil skade fyllet over tid.<\/li>\n<li>Oppbevar soveposen p\u00e5 et kj\u00f8lig, t\u00f8rt sted, ukomprimert i en eske eller ved \u00e5 henge den opp - dette bidrar til \u00e5 holde fyllet jevnt fordelt og bevare luftigheten.<\/li>\n<li>Ha en lavendelpose i n\u00e6rheten av ullsoveposen for \u00e5 holde m\u00f8llene borte.<\/li>\n<\/ul>\n<\/div><\/div><div  class=\"vc_do_toggle vc_toggle vc_toggle_simple vc_toggle_color_green  vc_toggle_size_md\"><div class=\"vc_toggle_title\"><h4>Stappe ullsoveposen din i sekken<\/h4><i class=\"vc_toggle_icon\"><\/i><\/div><div class=\"vc_toggle_content\"><p>Unng\u00e5 \u00e5 oppbevare posen komprimert i sekken. Komprimering over lengre tid vil redusere posens luftighet og tekstur.<\/p>\n<ul>\n<li>S\u00f8rg for \u00e5 lukke glidel\u00e5sene helt f\u00f8r du legger soveposen i sekken.<\/li>\n<li>Brett inn den bredeste delen ved skuldrene og begynn \u00e5 rulle opp fra f\u00f8ttene.<\/li>\n<\/ul>\n<\/div><\/div><div  class=\"vc_do_toggle vc_toggle vc_toggle_simple vc_toggle_color_green  vc_toggle_size_md\"><div class=\"vc_toggle_title\"><h4>Ytterligere tips<\/h4><i class=\"vc_toggle_icon\"><\/i><\/div><div class=\"vc_toggle_content\"><ul>\n<li>Holdes borte fra \u00e5pen ild<\/li>\n<li>Sov alltid i rene kl\u00e6r<\/li>\n<li>Fjern solkrem og annen tung kosmetikk fra ansiktet og halsen, slik at det ikke trekker ned i soveposen.<\/li>\n<li>En tekstilhette holder fett h\u00e5r borte fra hetten.<\/li>\n<li>Vurder \u00e5 bruke et ekstra soveposef\u00f4r som fungerer som en barriere mellom huden din og soveposen. Vi tilbyr lette f\u00f4r i ren silke som \u00f8ker soveposens temperatur, og som i tillegg kan vaskes i maskin og er sv\u00e6rt enkle \u00e5 vedlikeholde.<\/li>\n<li>Beskytt soveposen mot bakken ved \u00e5 legge et underlag f\u00f8rst, og s\u00f8rg for \u00e5 fjerne skarpe gjenstander fra bakken som kan skade soveposen.<\/li>\n<li>V\u00e6r forsiktig med glidel\u00e5sene for \u00e5 unng\u00e5 at de hekter seg fast.<\/li>\n<li>Luft soveposen hver morgen i frisk luft og sollys - for \u00e5 t\u00f8rke ut fuktighet som har samlet seg i l\u00f8pet av natten, snu den p\u00e5 vrangen og la den t\u00f8rke helt ut.<\/li>\n<li>Varme gjenstander, f.eks. kokekar, kan skade stoffet.<\/li>\n<li>Insektmidler som inneholder DEET kan skade soveposen - ikke spray direkte p\u00e5 den.<\/li>\n<\/ul>\n<\/div><\/div><div  class=\"vc_do_toggle vc_toggle vc_toggle_simple vc_toggle_color_green  vc_toggle_size_md\"><div class=\"vc_toggle_title\"><h4>Reparasjoner<\/h4><i class=\"vc_toggle_icon\"><\/i><\/div><div class=\"vc_toggle_content\"><p>Hvis det oppst\u00e5r en liten rift i skallet mens du er p\u00e5 camping, kan du sy den sammen for h\u00e5nd. Ha alltid n\u00e5l og tr\u00e5d i reparasjonssettet. Du kan ogs\u00e5 bruke en s\u00e5rbandasje fra f\u00f8rstehjelpsskrinet. N\u00e5r du kommer hjem, kan du forsiktig fjerne h\u00e5nds\u00f8mmene eller bandasjen og sy sammen stoffet med en symaskin eller ta det med til en syerske.<\/p>\n<p>Hvis skaden er mer alvorlig, b\u00f8r du f\u00e5 den reparert av en fagmann.<\/p>\n<\/div><\/div><\/div><\/div><\/div><div class=\"wpb_column vc_column_container vc_col-sm-2 et-dark-column\"><div class=\"vc_column-inner\"><div class=\"wpb_wrapper\"><\/div><\/div><\/div><\/div><\/div>\n<\/div>","protected":false},"excerpt":{"rendered":"CARE INSTRUCTIONS NOMAD HEAT WOOL SLEEPING BAGS Cleaning &amp; Drying Your Wool Sleeping BagIroning and dry cleaning can damage your sleeping bag\u2019s shell and insulation. The chemical compounds used in dry cleaning can strip away the natural oils in wool and hot ironing may damage the shell. Spot Cleaning Your [...]","protected":false},"author":4,"featured_media":0,"parent":0,"menu_order":0,"comment_status":"closed","ping_status":"closed","template":"","meta":{"footnotes":""},"class_list":["post-298","page","type-page","status-publish","hentry"],"yoast_head":"<!-- This site is optimized with the Yoast SEO plugin v27.3 - https:\/\/yoast.com\/product\/yoast-seo-wordpress\/ -->\n<title>Care instructions | NomadHeat<\/title>\n<meta name=\"robots\" content=\"index, follow, max-snippet:-1, max-image-preview:large, max-video-preview:-1\" \/>\n<link rel=\"canonical\" href=\"https:\/\/nomadheat.com\/nb\/omsorg\/\" \/>\n<meta property=\"og:locale\" content=\"nb_NO\" \/>\n<meta property=\"og:type\" content=\"article\" \/>\n<meta property=\"og:title\" content=\"Care instructions | NomadHeat\" \/>\n<meta property=\"og:url\" content=\"https:\/\/nomadheat.com\/nb\/omsorg\/\" \/>\n<meta property=\"og:site_name\" content=\"NomadHeat\" \/>\n<meta property=\"article:modified_time\" content=\"2025-02-24T12:22:58+00:00\" \/>\n<meta name=\"twitter:card\" content=\"summary_large_image\" \/>\n<meta name=\"twitter:label1\" content=\"Ansl. lesetid\" \/>\n\t<meta name=\"twitter:data1\" content=\"4 minutter\" \/>\n<script type=\"application\/ld+json\" class=\"yoast-schema-graph\">{\"@context\":\"https:\\\/\\\/schema.org\",\"@graph\":[{\"@type\":\"WebPage\",\"@id\":\"https:\\\/\\\/nomadheat.com\\\/de\\\/pflege\\\/\",\"url\":\"https:\\\/\\\/nomadheat.com\\\/de\\\/pflege\\\/\",\"name\":\"Care instructions | NomadHeat\",\"isPartOf\":{\"@id\":\"https:\\\/\\\/nomadheat.com\\\/nl\\\/#website\"},\"datePublished\":\"2021-10-11T08:32:56+00:00\",\"dateModified\":\"2025-02-24T12:22:58+00:00\",\"breadcrumb\":{\"@id\":\"https:\\\/\\\/nomadheat.com\\\/de\\\/pflege\\\/#breadcrumb\"},\"inLanguage\":\"nb-NO\",\"potentialAction\":[{\"@type\":\"ReadAction\",\"target\":[\"https:\\\/\\\/nomadheat.com\\\/de\\\/pflege\\\/\"]}]},{\"@type\":\"BreadcrumbList\",\"@id\":\"https:\\\/\\\/nomadheat.com\\\/de\\\/pflege\\\/#breadcrumb\",\"itemListElement\":[{\"@type\":\"ListItem\",\"position\":1,\"name\":\"Home\",\"item\":\"https:\\\/\\\/nomadheat.com\\\/nl\\\/\"},{\"@type\":\"ListItem\",\"position\":2,\"name\":\"Care instructions\"}]},{\"@type\":\"WebSite\",\"@id\":\"https:\\\/\\\/nomadheat.com\\\/nl\\\/#website\",\"url\":\"https:\\\/\\\/nomadheat.com\\\/nl\\\/\",\"name\":\"NomadHeat\",\"description\":\"Handmade Wool Sleeping Bags\",\"publisher\":{\"@id\":\"https:\\\/\\\/nomadheat.com\\\/nl\\\/#organization\"},\"potentialAction\":[{\"@type\":\"SearchAction\",\"target\":{\"@type\":\"EntryPoint\",\"urlTemplate\":\"https:\\\/\\\/nomadheat.com\\\/nl\\\/?s={search_term_string}\"},\"query-input\":{\"@type\":\"PropertyValueSpecification\",\"valueRequired\":true,\"valueName\":\"search_term_string\"}}],\"inLanguage\":\"nb-NO\"},{\"@type\":\"Organization\",\"@id\":\"https:\\\/\\\/nomadheat.com\\\/nl\\\/#organization\",\"name\":\"Nomad Heat\",\"url\":\"https:\\\/\\\/nomadheat.com\\\/nl\\\/\",\"logo\":{\"@type\":\"ImageObject\",\"inLanguage\":\"nb-NO\",\"@id\":\"https:\\\/\\\/nomadheat.com\\\/nl\\\/#\\\/schema\\\/logo\\\/image\\\/\",\"url\":\"https:\\\/\\\/nomadheat.com\\\/wp-content\\\/uploads\\\/2021\\\/10\\\/favicon.png\",\"contentUrl\":\"https:\\\/\\\/nomadheat.com\\\/wp-content\\\/uploads\\\/2021\\\/10\\\/favicon.png\",\"width\":512,\"height\":512,\"caption\":\"Nomad Heat\"},\"image\":{\"@id\":\"https:\\\/\\\/nomadheat.com\\\/nl\\\/#\\\/schema\\\/logo\\\/image\\\/\"}}]}<\/script>\n<!-- \/ Yoast SEO plugin. -->","yoast_head_json":{"title":"Vedlikeholdsinstruksjoner | NomadHeat","robots":{"index":"index","follow":"follow","max-snippet":"max-snippet:-1","max-image-preview":"max-image-preview:large","max-video-preview":"max-video-preview:-1"},"canonical":"https:\/\/nomadheat.com\/nb\/omsorg\/","og_locale":"nb_NO","og_type":"article","og_title":"Care instructions | NomadHeat","og_url":"https:\/\/nomadheat.com\/nb\/omsorg\/","og_site_name":"NomadHeat","article_modified_time":"2025-02-24T12:22:58+00:00","twitter_card":"summary_large_image","twitter_misc":{"Ansl. lesetid":"4 minutter"},"schema":{"@context":"https:\/\/schema.org","@graph":[{"@type":"WebPage","@id":"https:\/\/nomadheat.com\/de\/pflege\/","url":"https:\/\/nomadheat.com\/de\/pflege\/","name":"Vedlikeholdsinstruksjoner | NomadHeat","isPartOf":{"@id":"https:\/\/nomadheat.com\/nl\/#website"},"datePublished":"2021-10-11T08:32:56+00:00","dateModified":"2025-02-24T12:22:58+00:00","breadcrumb":{"@id":"https:\/\/nomadheat.com\/de\/pflege\/#breadcrumb"},"inLanguage":"nb-NO","potentialAction":[{"@type":"ReadAction","target":["https:\/\/nomadheat.com\/de\/pflege\/"]}]},{"@type":"BreadcrumbList","@id":"https:\/\/nomadheat.com\/de\/pflege\/#breadcrumb","itemListElement":[{"@type":"ListItem","position":1,"name":"Home","item":"https:\/\/nomadheat.com\/nl\/"},{"@type":"ListItem","position":2,"name":"Care instructions"}]},{"@type":"WebSite","@id":"https:\/\/nomadheat.com\/nl\/#website","url":"https:\/\/nomadheat.com\/nl\/","name":"NomadHeat","description":"H\u00e5ndlagde soveposer i ull","publisher":{"@id":"https:\/\/nomadheat.com\/nl\/#organization"},"potentialAction":[{"@type":"SearchAction","target":{"@type":"EntryPoint","urlTemplate":"https:\/\/nomadheat.com\/nl\/?s={search_term_string}"},"query-input":{"@type":"PropertyValueSpecification","valueRequired":true,"valueName":"search_term_string"}}],"inLanguage":"nb-NO"},{"@type":"Organization","@id":"https:\/\/nomadheat.com\/nl\/#organization","name":"Nomad Heat","url":"https:\/\/nomadheat.com\/nl\/","logo":{"@type":"ImageObject","inLanguage":"nb-NO","@id":"https:\/\/nomadheat.com\/nl\/#\/schema\/logo\/image\/","url":"https:\/\/nomadheat.com\/wp-content\/uploads\/2021\/10\/favicon.png","contentUrl":"https:\/\/nomadheat.com\/wp-content\/uploads\/2021\/10\/favicon.png","width":512,"height":512,"caption":"Nomad Heat"},"image":{"@id":"https:\/\/nomadheat.com\/nl\/#\/schema\/logo\/image\/"}}]}},"_links":{"self":[{"href":"https:\/\/nomadheat.com\/nb\/wp-json\/wp\/v2\/pages\/298","targetHints":{"allow":["GET"]}}],"collection":[{"href":"https:\/\/nomadheat.com\/nb\/wp-json\/wp\/v2\/pages"}],"about":[{"href":"https:\/\/nomadheat.com\/nb\/wp-json\/wp\/v2\/types\/page"}],"author":[{"embeddable":true,"href":"https:\/\/nomadheat.com\/nb\/wp-json\/wp\/v2\/users\/4"}],"replies":[{"embeddable":true,"href":"https:\/\/nomadheat.com\/nb\/wp-json\/wp\/v2\/comments?post=298"}],"version-history":[{"count":0,"href":"https:\/\/nomadheat.com\/nb\/wp-json\/wp\/v2\/pages\/298\/revisions"}],"wp:attachment":[{"href":"https:\/\/nomadheat.com\/nb\/wp-json\/wp\/v2\/media?parent=298"}],"curies":[{"name":"wp","href":"https:\/\/api.w.org\/{rel}","templated":true}]}}