{"id":2,"date":"2021-06-16T08:51:54","date_gmt":"2021-06-16T08:51:54","guid":{"rendered":"https:\/\/nomadheat.com\/?page_id=2"},"modified":"2022-07-20T13:52:29","modified_gmt":"2022-07-20T10:52:29","slug":"politikk","status":"publish","type":"page","link":"https:\/\/nomadheat.com\/nb\/policies\/","title":{"rendered":"Retningslinjer"},"content":{"rendered":"<p><a>Standard produksjonstid<\/a><\/p>\n<p>Det tar oss 4-6 virkedager \u00e5 lage mindre varer og 7-10 virkedager \u00e5 lage st\u00f8rre varer.<\/p>\n<p>Avhengig av arbeidsmengden kan produksjonstiden variere med noen dager.<\/p>\n<p><a>Tid for hastebestillinger<\/a><\/p>\n<p>Vi kan prioritere \u00e5 fullf\u00f8re bestillingen din innen 5 virkedager.<\/p>\n<p>Ta kontakt med oss, s\u00e5 sender vi deg en lenke for \u00e5 legge inn en hastebestilling.<\/p>\n<p>Ekspressgebyr: 25% av produktprisen.<\/p>\n<p><a>Betalinger<\/a><\/p>\n<p>Vi aksepterer betaling med bankkort.<\/p>\n<p><a>Frakt<\/a><\/p>\n<p>Vi sender globalt og tilbyr gratis frakt over hele verden p\u00e5 alle bestillinger, til d\u00f8ren din. Betalte fraktalternativer er ogs\u00e5 tilgjengelige, se nedenfor.<\/p>\n<p>Alle land sendes p\u00e5 DDP-basis (delivery duty paid), s\u00e5 skatter og avgifter er inkludert i den endelige prisen, og du vil motta pakken p\u00e5 d\u00f8ren, du trenger ikke \u00e5 fortolle den.<\/p>\n<p>For De forente arabiske emirater: Pakker fra utlandet m\u00e5 hentes personlig p\u00e5 det sentrale postkontoret.<\/p>\n<p>Vi kan ogs\u00e5 levere til postbokser, men forsikre deg om at postboksen din kan ta imot pakker av denne st\u00f8rrelsen, ellers kan pakken bli returnert.<\/p>\n<p>Vi anbefaler deg p\u00e5 det sterkeste \u00e5 f\u00f8lge med p\u00e5 sporingsinformasjonen p\u00e5 nettet for detaljerte oppdateringer, slik at du vet n\u00e5r pakken din ankommer postkontoret.<\/p>\n<p>Alle varene er pakket i resirkulerbar plast som beskytter mot smuss, vann og punktering.<\/p>\n<p>Vennligst inspiser pakken ved ankomst og ikke ta imot den hvis den er skadet. P\u00e5 denne m\u00e5ten vil pakken bli returnert til oss, og vi vil lage og sende deg en ny. Hvis du tar imot en pakke som er skadet, kan vi ikke kompensere deg.<\/p>\n<p><a>Gratis frakt<\/a><\/p>\n<p><strong>Pris<\/strong>: Gratis til alle deler av verden<\/p>\n<p><strong>Transport\u00f8r<\/strong>:<br \/>\nBulgarian Post i samarbeid med de nasjonale postverkene i ditt land, dvs. USPS i USA, Canada Post, Parcel Force i Storbritannia, Australia Post osv. - alle er 100% p\u00e5litelige, og vi har ikke mistet noen av de tusenvis av pakker vi har sendt med dem s\u00e5 langt.<\/p>\n<p><strong>Leveringsbetingelser:<\/strong><br \/>\nVed rekommandert post kreves det signatur ved levering. Hvis du ikke er hjemme p\u00e5 leveringstidspunktet, vil pakken bli behandlet i henhold til postens retningslinjer. I de fleste tilfeller, for eksempel i USA, Canada, Australia og Storbritannia, vil du f\u00e5 en beskjed om \u00e5 hente pakken p\u00e5 ditt lokale postkontor eller ringe dem for \u00e5 avtale et nytt leveringstidspunkt.<\/p>\n<p><strong>Transittider<\/strong>\u00a0(omtrentlig, ikke garantert):<\/p>\n<ul>\n<li>USAs fastland - 3 uker<\/li>\n<li>USA (Hawaii, AK) - 4 uker<\/li>\n<li>Canada - 3 uker<\/li>\n<li>Australia - 3 uker<\/li>\n<li>Asia - 3 uker<\/li>\n<li>S\u00f8r-Amerika - 3-4 uker<\/li>\n<li>Den europeiske union - 2 uker<\/li>\n<\/ul>\n<p><a>Ekspressforsendelse p\u00e5 3 dager<\/a><\/p>\n<p><strong>Pris<\/strong>: Send oss en melding for \u00e5 f\u00e5 et overslag over fraktkostnaden.<\/p>\n<p><strong>Transport\u00f8r<\/strong>: DHL<\/p>\n<p><strong>Leveringsbetingelser:<\/strong><br \/>\nTelefonnummer kreves for \u00e5 sende. Pakker leveres p\u00e5 d\u00f8ren, og det kreves signatur for \u00e5 ta imot dem.<\/p>\n<p><strong>Transittider<\/strong>\u00a0(garantert):<\/p>\n<ul>\n<li>Over hele verden - 3 virkedager<\/li>\n<\/ul>\n<p><a>Sporing<\/a><\/p>\n<p>Vi sender deg et sporingsnummer s\u00e5 snart vi har sendt bestillingen din. Hold \u00f8ye med sporingslenken ved hjelp av\u00a0<a href=\"https:\/\/www.track-trace.com\/\">www.track-trace.com<\/a>\u00a0eller p\u00e5 den nasjonale postens nettsted:<\/p>\n<p>USA:\u00a0<a href=\"https:\/\/www.usps.com\/\">www.usps.com<\/a><br \/>\nCanada:\u00a0<a href=\"https:\/\/www.canadapost.ca\/cpc\/en\/home.page\">www.canadapost.ca<\/a><br \/>\nAustralia:\u00a0<a href=\"https:\/\/auspost.com.au\/\">https:\/\/auspost.com.au\/<\/a><br \/>\nSTORBRITANNIA:\u00a0<a href=\"https:\/\/www.parcelforce.com\/\">www.parcelforce.com<\/a><\/p>\n<p>Statusoppdateringer for gratis- og prioritetsforsendelser er bare tilgjengelige n\u00e5r pakken er i tollen i landet ditt.<\/p>\n<p><a>Tapte eller forsinkede pakker<\/a><\/p>\n<p>Den nasjonale posttjenesten er sv\u00e6rt p\u00e5litelig i alle deler av verden, og tapte pakker er ekstremt sjeldne, etter v\u00e5r erfaring med \u00e5 sende tusenvis av pakker til over 40 land, inkludert USA, Canada, Australia, Storbritannia og EU.<br \/>\nHvis en pakke kommer bort, sender vi en erstatningspakke gratis.<br \/>\nDu kan kontakte oss hvis pakken ikke har ankommet landet ditt p\u00e5 mer enn 1 m\u00e5ned. Vi kan ikke fremskynde leveringen, men vi kan sende en offisiell foresp\u00f8rsel til posten for \u00e5 pr\u00f8ve \u00e5 finne pakken.<\/p>\n<p><a>Avbestillinger<\/a><\/p>\n<p>Hvis du \u00f8nsker \u00e5 kansellere bestillingen eller deler av den, kan du kontakte oss. Vi kan kansellere de varene vi ikke allerede har begynt \u00e5 produsere.<\/p>\n<p><a>Retur og refusjon<\/a><\/p>\n<ul>\n<li>Hvis du ikke er helt forn\u00f8yd med kj\u00f8pet eller \u00f8nsker \u00e5 returnere en vare, kan du kontakte oss. Alle returer m\u00e5 forh\u00e5ndsgodkjennes av Home of Wool.<\/li>\n<li>Hvis varen ankom som beskrevet og uten produksjonsfeil eller feil (annet stoff ble brukt, feil design ble implementert, mer enn 5% avvik i lengde eller bredde), kan du be om retur for en ikke-tilpasset vare innen de f\u00f8rste 2 ukene etter levering. Varen m\u00e5 sendes tilbake innen 30 dager etter levering. Refusjon er eksklusive plattform- og betalingsgebyrer, og kan dermed utgj\u00f8re opptil 82% av bestillingsverdien. Spesialtilpassede varer kan ikke returneres.<\/li>\n<li>Hvis varen din kommer med en produksjonsfeil eller feil (annet stoff ble brukt, feil design ble implementert, mer enn 5% avvik i lengde eller bredde), vil vi lage og sende en ny vare eller gi full refusjon for den ber\u00f8rte varen.<\/li>\n<li>Hvis varen ikke blir levert p\u00e5 grunn av en ufullstendig, uleselig eller feil adresse, adressaten ikke er p\u00e5 adressen (ukjent, flyttet eller d\u00f8d), posten ikke er hentet eller nektet mottatt, kan varen sendes p\u00e5 nytt p\u00e5 din bekostning, med faktura for returfrakten. Hvis du ikke \u00f8nsker \u00e5 f\u00e5 en ikke-tilpasset vare sendt p\u00e5 nytt, kan vi utstede en delvis refusjon, unntatt plattform- og betalingsgebyrer og returfrakt, og dermed kan refusjonen v\u00e6re opptil 82% av varens verdi. Spesialtilpassede varer kan ikke refunderes og kan kun sendes p\u00e5 nytt.<\/li>\n<li>Hvis varen er godkjent for retur, m\u00e5 du oppgi verdien til under $15, ellers p\u00e5l\u00f8per tollavgifter selv om dette ikke er et kj\u00f8p, men en retur. Hvis det p\u00e5l\u00f8per importavgifter, vil disse bli trukket fra refusjonsbel\u00f8pet. Returnerte varer m\u00e5 v\u00e6re i opprinnelig stand. Refusjon utstedes etter at vi har mottatt varene tilbake og inspisert dem.<\/li>\n<li>Europeisk avkastning<br \/>\nEuropeiske kunder kan bruke budfirmaet DPD til \u00e5 returnere pakker, inkludert madrasser, til en sv\u00e6rt lav pris, vanligvis rundt 30-40 euro. Be om henting p\u00e5 d\u00f8ren, se www.dpd.com for mer informasjon.<\/li>\n<li>Alle refusjoner vil bli utstedt til det samme kortet som ble brukt til \u00e5 foreta betalingen. Overf\u00f8ring kan ta opptil 3 virkedager etter utstedelse av refusjon.<\/li>\n<\/ul>","protected":false},"excerpt":{"rendered":"<p>Standard Make Time Smaller items take us 4-6 business days to create and larger items 7-10 business days. Depending on the current workload, make time could vary by a few days. Rush Order Make Time We can prioritize your order for completion within 5 business days. Please contact us and [&hellip;]<\/p>\n","protected":false},"author":4,"featured_media":0,"parent":0,"menu_order":0,"comment_status":"closed","ping_status":"closed","template":"","meta":{"footnotes":""},"class_list":["post-2","page","type-page","status-publish","hentry"],"yoast_head":"<!-- This site is optimized with the Yoast SEO plugin v27.4 - https:\/\/yoast.com\/product\/yoast-seo-wordpress\/ -->\n<title>Policies | NomadHeat<\/title>\n<meta name=\"robots\" content=\"index, follow, max-snippet:-1, max-image-preview:large, max-video-preview:-1\" \/>\n<link rel=\"canonical\" href=\"https:\/\/nomadheat.com\/nb\/politikk\/\" \/>\n<meta property=\"og:locale\" content=\"nb_NO\" \/>\n<meta property=\"og:type\" content=\"article\" \/>\n<meta property=\"og:title\" content=\"Policies | NomadHeat\" \/>\n<meta property=\"og:description\" content=\"Standard Make Time Smaller items take us 4-6 business days to create and larger items 7-10 business days. Depending on the current workload, make time could vary by a few days. Rush Order Make Time We can prioritize your order for completion within 5 business days. Please contact us and [&hellip;]\" \/>\n<meta property=\"og:url\" content=\"https:\/\/nomadheat.com\/nb\/politikk\/\" \/>\n<meta property=\"og:site_name\" content=\"NomadHeat\" \/>\n<meta property=\"article:modified_time\" content=\"2022-07-20T10:52:29+00:00\" \/>\n<meta name=\"twitter:card\" content=\"summary_large_image\" \/>\n<meta name=\"twitter:label1\" content=\"Ansl. lesetid\" \/>\n\t<meta name=\"twitter:data1\" content=\"5 minutter\" \/>\n<script type=\"application\/ld+json\" class=\"yoast-schema-graph\">{\"@context\":\"https:\\\/\\\/schema.org\",\"@graph\":[{\"@type\":\"WebPage\",\"@id\":\"https:\\\/\\\/nomadheat.com\\\/es\\\/politicas\\\/\",\"url\":\"https:\\\/\\\/nomadheat.com\\\/es\\\/politicas\\\/\",\"name\":\"Policies | NomadHeat\",\"isPartOf\":{\"@id\":\"https:\\\/\\\/nomadheat.com\\\/nl\\\/#website\"},\"datePublished\":\"2021-06-16T08:51:54+00:00\",\"dateModified\":\"2022-07-20T10:52:29+00:00\",\"breadcrumb\":{\"@id\":\"https:\\\/\\\/nomadheat.com\\\/es\\\/politicas\\\/#breadcrumb\"},\"inLanguage\":\"nb-NO\",\"potentialAction\":[{\"@type\":\"ReadAction\",\"target\":[\"https:\\\/\\\/nomadheat.com\\\/es\\\/politicas\\\/\"]}]},{\"@type\":\"BreadcrumbList\",\"@id\":\"https:\\\/\\\/nomadheat.com\\\/es\\\/politicas\\\/#breadcrumb\",\"itemListElement\":[{\"@type\":\"ListItem\",\"position\":1,\"name\":\"Home\",\"item\":\"https:\\\/\\\/nomadheat.com\\\/nl\\\/\"},{\"@type\":\"ListItem\",\"position\":2,\"name\":\"Policies\"}]},{\"@type\":\"WebSite\",\"@id\":\"https:\\\/\\\/nomadheat.com\\\/nl\\\/#website\",\"url\":\"https:\\\/\\\/nomadheat.com\\\/nl\\\/\",\"name\":\"NomadHeat\",\"description\":\"Handmade Wool Sleeping Bags\",\"publisher\":{\"@id\":\"https:\\\/\\\/nomadheat.com\\\/nl\\\/#organization\"},\"potentialAction\":[{\"@type\":\"SearchAction\",\"target\":{\"@type\":\"EntryPoint\",\"urlTemplate\":\"https:\\\/\\\/nomadheat.com\\\/nl\\\/?s={search_term_string}\"},\"query-input\":{\"@type\":\"PropertyValueSpecification\",\"valueRequired\":true,\"valueName\":\"search_term_string\"}}],\"inLanguage\":\"nb-NO\"},{\"@type\":\"Organization\",\"@id\":\"https:\\\/\\\/nomadheat.com\\\/nl\\\/#organization\",\"name\":\"Nomad Heat\",\"url\":\"https:\\\/\\\/nomadheat.com\\\/nl\\\/\",\"logo\":{\"@type\":\"ImageObject\",\"inLanguage\":\"nb-NO\",\"@id\":\"https:\\\/\\\/nomadheat.com\\\/nl\\\/#\\\/schema\\\/logo\\\/image\\\/\",\"url\":\"https:\\\/\\\/nomadheat.com\\\/wp-content\\\/uploads\\\/2021\\\/10\\\/favicon.png\",\"contentUrl\":\"https:\\\/\\\/nomadheat.com\\\/wp-content\\\/uploads\\\/2021\\\/10\\\/favicon.png\",\"width\":512,\"height\":512,\"caption\":\"Nomad Heat\"},\"image\":{\"@id\":\"https:\\\/\\\/nomadheat.com\\\/nl\\\/#\\\/schema\\\/logo\\\/image\\\/\"}}]}<\/script>\n<!-- \/ Yoast SEO plugin. -->","yoast_head_json":{"title":"Retningslinjer | NomadHeat","robots":{"index":"index","follow":"follow","max-snippet":"max-snippet:-1","max-image-preview":"max-image-preview:large","max-video-preview":"max-video-preview:-1"},"canonical":"https:\/\/nomadheat.com\/nb\/politikk\/","og_locale":"nb_NO","og_type":"article","og_title":"Policies | NomadHeat","og_description":"Standard Make Time Smaller items take us 4-6 business days to create and larger items 7-10 business days. Depending on the current workload, make time could vary by a few days. Rush Order Make Time We can prioritize your order for completion within 5 business days. Please contact us and [&hellip;]","og_url":"https:\/\/nomadheat.com\/nb\/politikk\/","og_site_name":"NomadHeat","article_modified_time":"2022-07-20T10:52:29+00:00","twitter_card":"summary_large_image","twitter_misc":{"Ansl. lesetid":"5 minutter"},"schema":{"@context":"https:\/\/schema.org","@graph":[{"@type":"WebPage","@id":"https:\/\/nomadheat.com\/es\/politicas\/","url":"https:\/\/nomadheat.com\/es\/politicas\/","name":"Retningslinjer | NomadHeat","isPartOf":{"@id":"https:\/\/nomadheat.com\/nl\/#website"},"datePublished":"2021-06-16T08:51:54+00:00","dateModified":"2022-07-20T10:52:29+00:00","breadcrumb":{"@id":"https:\/\/nomadheat.com\/es\/politicas\/#breadcrumb"},"inLanguage":"nb-NO","potentialAction":[{"@type":"ReadAction","target":["https:\/\/nomadheat.com\/es\/politicas\/"]}]},{"@type":"BreadcrumbList","@id":"https:\/\/nomadheat.com\/es\/politicas\/#breadcrumb","itemListElement":[{"@type":"ListItem","position":1,"name":"Home","item":"https:\/\/nomadheat.com\/nl\/"},{"@type":"ListItem","position":2,"name":"Policies"}]},{"@type":"WebSite","@id":"https:\/\/nomadheat.com\/nl\/#website","url":"https:\/\/nomadheat.com\/nl\/","name":"NomadHeat","description":"H\u00e5ndlagde soveposer i ull","publisher":{"@id":"https:\/\/nomadheat.com\/nl\/#organization"},"potentialAction":[{"@type":"SearchAction","target":{"@type":"EntryPoint","urlTemplate":"https:\/\/nomadheat.com\/nl\/?s={search_term_string}"},"query-input":{"@type":"PropertyValueSpecification","valueRequired":true,"valueName":"search_term_string"}}],"inLanguage":"nb-NO"},{"@type":"Organization","@id":"https:\/\/nomadheat.com\/nl\/#organization","name":"Nomad Heat","url":"https:\/\/nomadheat.com\/nl\/","logo":{"@type":"ImageObject","inLanguage":"nb-NO","@id":"https:\/\/nomadheat.com\/nl\/#\/schema\/logo\/image\/","url":"https:\/\/nomadheat.com\/wp-content\/uploads\/2021\/10\/favicon.png","contentUrl":"https:\/\/nomadheat.com\/wp-content\/uploads\/2021\/10\/favicon.png","width":512,"height":512,"caption":"Nomad Heat"},"image":{"@id":"https:\/\/nomadheat.com\/nl\/#\/schema\/logo\/image\/"}}]}},"_links":{"self":[{"href":"https:\/\/nomadheat.com\/nb\/wp-json\/wp\/v2\/pages\/2","targetHints":{"allow":["GET"]}}],"collection":[{"href":"https:\/\/nomadheat.com\/nb\/wp-json\/wp\/v2\/pages"}],"about":[{"href":"https:\/\/nomadheat.com\/nb\/wp-json\/wp\/v2\/types\/page"}],"author":[{"embeddable":true,"href":"https:\/\/nomadheat.com\/nb\/wp-json\/wp\/v2\/users\/4"}],"replies":[{"embeddable":true,"href":"https:\/\/nomadheat.com\/nb\/wp-json\/wp\/v2\/comments?post=2"}],"version-history":[{"count":0,"href":"https:\/\/nomadheat.com\/nb\/wp-json\/wp\/v2\/pages\/2\/revisions"}],"wp:attachment":[{"href":"https:\/\/nomadheat.com\/nb\/wp-json\/wp\/v2\/media?parent=2"}],"curies":[{"name":"wp","href":"https:\/\/api.w.org\/{rel}","templated":true}]}}