{"id":428,"date":"2021-11-05T17:21:12","date_gmt":"2021-11-05T15:21:12","guid":{"rendered":"https:\/\/nomadheat.com\/?page_id=428"},"modified":"2022-11-14T15:52:44","modified_gmt":"2022-11-14T13:52:44","slug":"benefici","status":"publish","type":"page","link":"https:\/\/nomadheat.com\/it\/benefits\/","title":{"rendered":"I benefici delle fibre naturali"},"content":{"rendered":"<div class=\"wpb-content-wrapper\"><div  class=\"sec_row container\"><div class=\"vc_row wpb_row vc_row-fluid vc_row-o-equal-height vc_row-flex\"><div class=\"wpb_column vc_column_container vc_col-sm-6 et-dark-column\"><div class=\"vc_column-inner\"><div class=\"wpb_wrapper\">\n\t<div class=\"wpb_text_column wpb_content_element\" >\n\t\t<div class=\"wpb_wrapper\">\n\t\t\t<h3>I vantaggi della lana e dell'ovatta di lana<\/h3>\n<ul>\n<li><strong>Sostenibile per l'ambiente<\/strong><strong>, <\/strong><strong>Rinnovabile, biodegradabile e duraturo<\/strong>- La lana \u00e8 difficile da contestare per la sua sostenibilit\u00e0. \u00c8 un materiale rinnovabile, poich\u00e9 una volta tagliata ricresce naturalmente. Alla fine del suo ciclo di vita, la lana \u00e8 completamente biodegradabile nel terreno (e nell'acqua), rilasciando importanti sostanze nutritive. La sua durata e resistenza derivano dal fatto che le fibre possono essere piegate su se stesse 20.000 volte prima di rompersi (per contestualizzare questo dato, il cotone si rompe dopo 3.200 piegature e le fibre di rayon durano solo 75 volte).<\/li>\n<li><strong>Ipoallergenico<\/strong>- Gli acari della polvere prosperano in un ambiente caldo e umido e sono la causa principale di allergie e asma. La piuma e i materiali sintetici nella biancheria da letto sono uno dei loro ambienti preferiti. La lana \u00e8 naturalmente resistente agli acari della polvere e quindi la biancheria da letto e i sacchi a pelo in lana sono un'ottima alternativa alle piume e ai materiali sintetici.<\/li>\n<li><strong>Regolazione della temperatura<\/strong>- Essendo uno scudo per tutte le stagioni, la lana mantiene il fresco in estate e il caldo in inverno.<\/li>\n<li><strong>Idrorepellente<\/strong>- La lana allontana l'umidit\u00e0 esterna dalla pelle e allo stesso tempo elimina il sudore, mantenendo il corpo caldo e asciutto.<\/li>\n<li><strong>Resistente al fuoco<\/strong>- La lana \u00e8 naturalmente ignifuga, quindi non \u00e8 necessario aggiungere ulteriori sostanze chimiche quando viene utilizzata per la biancheria da letto.<\/li>\n<li><strong>Resistente alla muffa<\/strong>- Le fibre di lana hanno una propriet\u00e0 naturale di traspirazione dell'acqua che impedisce all'umidit\u00e0 di rimanere nel tessuto. Oltre a mantenere la pelle asciutta, questa qualit\u00e0 inibisce naturalmente la muffa. Per questo motivo inibisce anche i batteri, riducendo cos\u00ec l'odore del corpo.<\/li>\n<\/ul>\n<p><strong>\u00a0<\/strong><\/p>\n\n\t\t<\/div>\n\t<\/div>\n<\/div><\/div><\/div><div class=\"wpb_column vc_column_container vc_col-sm-6 et-dark-column\"><div class=\"vc_column-inner\"><div class=\"wpb_wrapper\">\n\t<div  class=\"wpb_single_image wpb_content_element vc_align_left wpb_content_element\">\n\t\t\n\t\t<figure class=\"wpb_wrapper vc_figure\">\n\t\t\t<div class=\"vc_single_image-wrapper   vc_box_border_grey\"><img decoding=\"async\" data-vc-zoom=\"https:\/\/nomadheat.com\/wp-content\/uploads\/2021\/11\/Nomad-Heat-materials-wool-1024x683.jpg\" width=\"1024\" height=\"683\" data-src=\"https:\/\/nomadheat.com\/wp-content\/uploads\/2021\/11\/Nomad-Heat-materials-wool-1024x683.jpg\" class=\"vc_single_image-img attachment-large lazyload\" alt=\"Materiali Nomad Heat - lana\" title=\"Materiali Nomad Heat - lana\" data-srcset=\"https:\/\/nomadheat.com\/wp-content\/uploads\/2021\/11\/Nomad-Heat-materials-wool-1024x683.jpg 1024w, https:\/\/nomadheat.com\/wp-content\/uploads\/2021\/11\/Nomad-Heat-materials-wool-300x200.jpg 300w, https:\/\/nomadheat.com\/wp-content\/uploads\/2021\/11\/Nomad-Heat-materials-wool-768x512.jpg 768w, https:\/\/nomadheat.com\/wp-content\/uploads\/2021\/11\/Nomad-Heat-materials-wool-150x100.jpg 150w, https:\/\/nomadheat.com\/wp-content\/uploads\/2021\/11\/Nomad-Heat-materials-wool-600x400.jpg 600w, https:\/\/nomadheat.com\/wp-content\/uploads\/2021\/11\/Nomad-Heat-materials-wool-900x600.jpg 900w, https:\/\/nomadheat.com\/wp-content\/uploads\/2021\/11\/Nomad-Heat-materials-wool.jpg 1300w\" data-sizes=\"(max-width: 1024px) 100vw, 1024px\" src=\"data:image\/svg+xml;base64,PHN2ZyB3aWR0aD0iMSIgaGVpZ2h0PSIxIiB4bWxucz0iaHR0cDovL3d3dy53My5vcmcvMjAwMC9zdmciPjwvc3ZnPg==\" style=\"--smush-placeholder-width: 1024px; --smush-placeholder-aspect-ratio: 1024\/683;\" \/><\/div>\n\t\t<\/figure>\n\t<\/div>\n<\/div><\/div><\/div><\/div><\/div><div  class=\"sec_row container\"><div class=\"vc_row wpb_row vc_row-fluid\"><div class=\"wpb_column vc_column_container vc_col-sm-6 et-dark-column\"><div class=\"vc_column-inner\"><div class=\"wpb_wrapper\">\n\t<div class=\"wpb_text_column wpb_content_element\" >\n\t\t<div class=\"wpb_wrapper\">\n\t\t\t<h3>I vantaggi del lino<\/h3>\n<ul>\n<li><strong>Sostenibile e biodegradabile<\/strong> - <strong>l'intera pianta di lino pu\u00f2 essere tessuta in una fibra<\/strong> senza sprechi durante il processo. Il lino cresce senza bisogno di fertilizzanti o pesticidi e quindi non necessita di molta acqua.<\/li>\n<li><strong>Durevole<\/strong> - Il lino \u00e8 due volte pi\u00f9 resistente del cotone e pu\u00f2 durare decenni.<\/li>\n<li><strong>Antimicrobico e antibatterico<\/strong> - Questo rende il tessuto perfetto per le persone allergiche.<\/li>\n<li><strong>Altamente traspirante<\/strong> - mantiene il calore in inverno e il fresco in estate.<\/li>\n<li><strong>Facile da mantenere<\/strong> - Il lino resiste alle macchie come nessun altro tessuto, quindi \u00e8 molto facile mantenerlo pulito.<\/li>\n<li><strong>Una texture che offre un leggero effetto massaggiante<\/strong> - stimolando cos\u00ec la circolazione sanguigna e favorendo il rilassamento.<\/li>\n<\/ul>\n<p><strong>\u00a0<\/strong><\/p>\n\n\t\t<\/div>\n\t<\/div>\n<\/div><\/div><\/div><div class=\"wpb_column vc_column_container vc_col-sm-6 et-dark-column\"><div class=\"vc_column-inner\"><div class=\"wpb_wrapper\">\n\t<div  class=\"wpb_single_image wpb_content_element vc_align_left wpb_content_element\">\n\t\t\n\t\t<figure class=\"wpb_wrapper vc_figure\">\n\t\t\t<div class=\"vc_single_image-wrapper   vc_box_border_grey\"><img decoding=\"async\" data-vc-zoom=\"https:\/\/nomadheat.com\/wp-content\/uploads\/2021\/11\/Nomad-Heat-materials-linen-1024x683.jpg\" width=\"1024\" height=\"683\" data-src=\"https:\/\/nomadheat.com\/wp-content\/uploads\/2021\/11\/Nomad-Heat-materials-linen-1024x683.jpg\" class=\"vc_single_image-img attachment-large lazyload\" alt=\"Materiali per il calore Nomad - lino\" title=\"Materiali per il calore Nomad - lino\" data-srcset=\"https:\/\/nomadheat.com\/wp-content\/uploads\/2021\/11\/Nomad-Heat-materials-linen-1024x683.jpg 1024w, https:\/\/nomadheat.com\/wp-content\/uploads\/2021\/11\/Nomad-Heat-materials-linen-300x200.jpg 300w, https:\/\/nomadheat.com\/wp-content\/uploads\/2021\/11\/Nomad-Heat-materials-linen-768x512.jpg 768w, https:\/\/nomadheat.com\/wp-content\/uploads\/2021\/11\/Nomad-Heat-materials-linen-150x100.jpg 150w, https:\/\/nomadheat.com\/wp-content\/uploads\/2021\/11\/Nomad-Heat-materials-linen-600x400.jpg 600w, https:\/\/nomadheat.com\/wp-content\/uploads\/2021\/11\/Nomad-Heat-materials-linen-900x600.jpg 900w, https:\/\/nomadheat.com\/wp-content\/uploads\/2021\/11\/Nomad-Heat-materials-linen.jpg 1300w\" data-sizes=\"(max-width: 1024px) 100vw, 1024px\" src=\"data:image\/svg+xml;base64,PHN2ZyB3aWR0aD0iMSIgaGVpZ2h0PSIxIiB4bWxucz0iaHR0cDovL3d3dy53My5vcmcvMjAwMC9zdmciPjwvc3ZnPg==\" style=\"--smush-placeholder-width: 1024px; --smush-placeholder-aspect-ratio: 1024\/683;\" \/><\/div>\n\t\t<\/figure>\n\t<\/div>\n<\/div><\/div><\/div><\/div><\/div><div  class=\"sec_row container\"><div class=\"vc_row wpb_row vc_row-fluid\"><div class=\"wpb_column vc_column_container vc_col-sm-12 et-dark-column\"><div class=\"vc_column-inner\"><div class=\"wpb_wrapper\"><div class=\"vc_empty_space\"   style=\"height: 32px\"><span class=\"vc_empty_space_inner\"><\/span><\/div><\/div><\/div><\/div><\/div><\/div><div  class=\"sec_row container\"><div class=\"vc_row wpb_row vc_row-fluid\"><div class=\"wpb_column vc_column_container vc_col-sm-6 et-dark-column\"><div class=\"vc_column-inner\"><div class=\"wpb_wrapper\">\n\t<div class=\"wpb_text_column wpb_content_element\" >\n\t\t<div class=\"wpb_wrapper\">\n\t\t\t<h3>I benefici della seta<\/h3>\n<ul>\n<li><strong>Deterrente naturale per acari della polvere, muffe e funghi <\/strong>- perfetto per chi soffre di allergie e asma.<\/li>\n<li><strong>Tutto naturale e in grado di trattenere completamente i preziosi aminoacidi<\/strong> - l'essenza dei benefici della seta. Gli aminoacidi presenti nella seta sono estremamente benefici e salutari per la pelle, i capelli e il sistema nervoso dell'uomo.<\/li>\n<li><strong>Traspirante e termoregolatore<\/strong> - permettendo di dormire pi\u00f9 profondamente e di svegliarsi pi\u00f9 riposati.<\/li>\n<li><strong>Morbido al tatto <\/strong>- ma non scivoloso come il sateen e i materiali sintetici.<\/li>\n<\/ul>\n\n\t\t<\/div>\n\t<\/div>\n<\/div><\/div><\/div><div class=\"wpb_column vc_column_container vc_col-sm-6 et-dark-column\"><div class=\"vc_column-inner\"><div class=\"wpb_wrapper\">\n\t<div  class=\"wpb_single_image wpb_content_element vc_align_left wpb_content_element\">\n\t\t\n\t\t<figure class=\"wpb_wrapper vc_figure\">\n\t\t\t<div class=\"vc_single_image-wrapper   vc_box_border_grey\"><img decoding=\"async\" data-vc-zoom=\"https:\/\/nomadheat.com\/wp-content\/uploads\/2021\/11\/Nomad-Heat-materials-silk-1024x683.jpg\" width=\"1024\" height=\"683\" data-src=\"https:\/\/nomadheat.com\/wp-content\/uploads\/2021\/11\/Nomad-Heat-materials-silk-1024x683.jpg\" class=\"vc_single_image-img attachment-large lazyload\" alt=\"Materiali Nomad Heat - seta\" title=\"Materiali Nomad Heat - seta\" data-srcset=\"https:\/\/nomadheat.com\/wp-content\/uploads\/2021\/11\/Nomad-Heat-materials-silk-1024x683.jpg 1024w, https:\/\/nomadheat.com\/wp-content\/uploads\/2021\/11\/Nomad-Heat-materials-silk-300x200.jpg 300w, https:\/\/nomadheat.com\/wp-content\/uploads\/2021\/11\/Nomad-Heat-materials-silk-768x512.jpg 768w, https:\/\/nomadheat.com\/wp-content\/uploads\/2021\/11\/Nomad-Heat-materials-silk-150x100.jpg 150w, https:\/\/nomadheat.com\/wp-content\/uploads\/2021\/11\/Nomad-Heat-materials-silk-600x400.jpg 600w, https:\/\/nomadheat.com\/wp-content\/uploads\/2021\/11\/Nomad-Heat-materials-silk-900x600.jpg 900w, https:\/\/nomadheat.com\/wp-content\/uploads\/2021\/11\/Nomad-Heat-materials-silk.jpg 1300w\" data-sizes=\"(max-width: 1024px) 100vw, 1024px\" src=\"data:image\/svg+xml;base64,PHN2ZyB3aWR0aD0iMSIgaGVpZ2h0PSIxIiB4bWxucz0iaHR0cDovL3d3dy53My5vcmcvMjAwMC9zdmciPjwvc3ZnPg==\" style=\"--smush-placeholder-width: 1024px; --smush-placeholder-aspect-ratio: 1024\/683;\" \/><\/div>\n\t\t<\/figure>\n\t<\/div>\n<\/div><\/div><\/div><\/div><\/div>\n<\/div>","protected":false},"excerpt":{"rendered":"The benefits of wool &amp; wool batting Environmentally Sustainable, Renewable, Biodegradable, and Durable\u2013 Wool is hard to challenge for its sustainability. It is a renewable material as once cut it grows back naturally. At the end of its life, wool is fully biodegradable in soil (and water), releasing important nutrients [...]","protected":false},"author":4,"featured_media":0,"parent":0,"menu_order":0,"comment_status":"closed","ping_status":"closed","template":"","meta":{"footnotes":""},"class_list":["post-428","page","type-page","status-publish","hentry"],"yoast_head":"<!-- This site is optimized with the Yoast SEO plugin v27.4 - https:\/\/yoast.com\/product\/yoast-seo-wordpress\/ -->\n<title>The benefits of natural fibers | NomadHeat<\/title>\n<meta name=\"description\" content=\"Wonder what are the benefits of natural fibers and how choosing them will improve your sleep? Read all about wool, silk and linen here\" \/>\n<meta name=\"robots\" content=\"index, follow, max-snippet:-1, max-image-preview:large, max-video-preview:-1\" \/>\n<link rel=\"canonical\" href=\"https:\/\/nomadheat.com\/it\/benefici\/\" \/>\n<meta property=\"og:locale\" content=\"it_IT\" \/>\n<meta property=\"og:type\" content=\"article\" \/>\n<meta property=\"og:title\" content=\"The benefits of natural fibers | NomadHeat\" \/>\n<meta property=\"og:description\" content=\"Wonder what are the benefits of natural fibers and how choosing them will improve your sleep? Read all about wool, silk and linen here\" \/>\n<meta property=\"og:url\" content=\"https:\/\/nomadheat.com\/it\/benefici\/\" \/>\n<meta property=\"og:site_name\" content=\"NomadHeat\" \/>\n<meta property=\"article:modified_time\" content=\"2022-11-14T13:52:44+00:00\" \/>\n<meta name=\"twitter:card\" content=\"summary_large_image\" \/>\n<meta name=\"twitter:label1\" content=\"Tempo di lettura stimato\" \/>\n\t<meta name=\"twitter:data1\" content=\"3 minuti\" \/>\n<script type=\"application\/ld+json\" class=\"yoast-schema-graph\">{\"@context\":\"https:\\\/\\\/schema.org\",\"@graph\":[{\"@type\":\"WebPage\",\"@id\":\"https:\\\/\\\/nomadheat.com\\\/bg\\\/benefits\\\/\",\"url\":\"https:\\\/\\\/nomadheat.com\\\/bg\\\/benefits\\\/\",\"name\":\"The benefits of natural fibers | NomadHeat\",\"isPartOf\":{\"@id\":\"https:\\\/\\\/nomadheat.com\\\/nl\\\/#website\"},\"datePublished\":\"2021-11-05T15:21:12+00:00\",\"dateModified\":\"2022-11-14T13:52:44+00:00\",\"description\":\"Wonder what are the benefits of natural fibers and how choosing them will improve your sleep? Read all about wool, silk and linen here\",\"breadcrumb\":{\"@id\":\"https:\\\/\\\/nomadheat.com\\\/bg\\\/benefits\\\/#breadcrumb\"},\"inLanguage\":\"it-IT\",\"potentialAction\":[{\"@type\":\"ReadAction\",\"target\":[\"https:\\\/\\\/nomadheat.com\\\/bg\\\/benefits\\\/\"]}]},{\"@type\":\"BreadcrumbList\",\"@id\":\"https:\\\/\\\/nomadheat.com\\\/bg\\\/benefits\\\/#breadcrumb\",\"itemListElement\":[{\"@type\":\"ListItem\",\"position\":1,\"name\":\"Home\",\"item\":\"https:\\\/\\\/nomadheat.com\\\/nl\\\/\"},{\"@type\":\"ListItem\",\"position\":2,\"name\":\"The benefits of natural fibers\"}]},{\"@type\":\"WebSite\",\"@id\":\"https:\\\/\\\/nomadheat.com\\\/nl\\\/#website\",\"url\":\"https:\\\/\\\/nomadheat.com\\\/nl\\\/\",\"name\":\"NomadHeat\",\"description\":\"Handmade Wool Sleeping Bags\",\"publisher\":{\"@id\":\"https:\\\/\\\/nomadheat.com\\\/nl\\\/#organization\"},\"potentialAction\":[{\"@type\":\"SearchAction\",\"target\":{\"@type\":\"EntryPoint\",\"urlTemplate\":\"https:\\\/\\\/nomadheat.com\\\/nl\\\/?s={search_term_string}\"},\"query-input\":{\"@type\":\"PropertyValueSpecification\",\"valueRequired\":true,\"valueName\":\"search_term_string\"}}],\"inLanguage\":\"it-IT\"},{\"@type\":\"Organization\",\"@id\":\"https:\\\/\\\/nomadheat.com\\\/nl\\\/#organization\",\"name\":\"Nomad Heat\",\"url\":\"https:\\\/\\\/nomadheat.com\\\/nl\\\/\",\"logo\":{\"@type\":\"ImageObject\",\"inLanguage\":\"it-IT\",\"@id\":\"https:\\\/\\\/nomadheat.com\\\/nl\\\/#\\\/schema\\\/logo\\\/image\\\/\",\"url\":\"https:\\\/\\\/nomadheat.com\\\/wp-content\\\/uploads\\\/2021\\\/10\\\/favicon.png\",\"contentUrl\":\"https:\\\/\\\/nomadheat.com\\\/wp-content\\\/uploads\\\/2021\\\/10\\\/favicon.png\",\"width\":512,\"height\":512,\"caption\":\"Nomad Heat\"},\"image\":{\"@id\":\"https:\\\/\\\/nomadheat.com\\\/nl\\\/#\\\/schema\\\/logo\\\/image\\\/\"}}]}<\/script>\n<!-- \/ Yoast SEO plugin. -->","yoast_head_json":{"title":"I vantaggi delle fibre naturali | NomadHeat","description":"Vi chiedete quali siano i benefici delle fibre naturali e come la loro scelta possa migliorare il vostro sonno? Leggete qui tutte le informazioni su lana, seta e lino","robots":{"index":"index","follow":"follow","max-snippet":"max-snippet:-1","max-image-preview":"max-image-preview:large","max-video-preview":"max-video-preview:-1"},"canonical":"https:\/\/nomadheat.com\/it\/benefici\/","og_locale":"it_IT","og_type":"article","og_title":"The benefits of natural fibers | NomadHeat","og_description":"Wonder what are the benefits of natural fibers and how choosing them will improve your sleep? Read all about wool, silk and linen here","og_url":"https:\/\/nomadheat.com\/it\/benefici\/","og_site_name":"NomadHeat","article_modified_time":"2022-11-14T13:52:44+00:00","twitter_card":"summary_large_image","twitter_misc":{"Tempo di lettura stimato":"3 minuti"},"schema":{"@context":"https:\/\/schema.org","@graph":[{"@type":"WebPage","@id":"https:\/\/nomadheat.com\/bg\/benefits\/","url":"https:\/\/nomadheat.com\/bg\/benefits\/","name":"I vantaggi delle fibre naturali | NomadHeat","isPartOf":{"@id":"https:\/\/nomadheat.com\/nl\/#website"},"datePublished":"2021-11-05T15:21:12+00:00","dateModified":"2022-11-14T13:52:44+00:00","description":"Vi chiedete quali siano i benefici delle fibre naturali e come la loro scelta possa migliorare il vostro sonno? Leggete qui tutte le informazioni su lana, seta e lino","breadcrumb":{"@id":"https:\/\/nomadheat.com\/bg\/benefits\/#breadcrumb"},"inLanguage":"it-IT","potentialAction":[{"@type":"ReadAction","target":["https:\/\/nomadheat.com\/bg\/benefits\/"]}]},{"@type":"BreadcrumbList","@id":"https:\/\/nomadheat.com\/bg\/benefits\/#breadcrumb","itemListElement":[{"@type":"ListItem","position":1,"name":"Home","item":"https:\/\/nomadheat.com\/nl\/"},{"@type":"ListItem","position":2,"name":"The benefits of natural fibers"}]},{"@type":"WebSite","@id":"https:\/\/nomadheat.com\/nl\/#website","url":"https:\/\/nomadheat.com\/nl\/","name":"NomadHeat","description":"Sacchi a pelo in lana fatti a mano","publisher":{"@id":"https:\/\/nomadheat.com\/nl\/#organization"},"potentialAction":[{"@type":"SearchAction","target":{"@type":"EntryPoint","urlTemplate":"https:\/\/nomadheat.com\/nl\/?s={search_term_string}"},"query-input":{"@type":"PropertyValueSpecification","valueRequired":true,"valueName":"search_term_string"}}],"inLanguage":"it-IT"},{"@type":"Organization","@id":"https:\/\/nomadheat.com\/nl\/#organization","name":"Calore nomade","url":"https:\/\/nomadheat.com\/nl\/","logo":{"@type":"ImageObject","inLanguage":"it-IT","@id":"https:\/\/nomadheat.com\/nl\/#\/schema\/logo\/image\/","url":"https:\/\/nomadheat.com\/wp-content\/uploads\/2021\/10\/favicon.png","contentUrl":"https:\/\/nomadheat.com\/wp-content\/uploads\/2021\/10\/favicon.png","width":512,"height":512,"caption":"Nomad Heat"},"image":{"@id":"https:\/\/nomadheat.com\/nl\/#\/schema\/logo\/image\/"}}]}},"_links":{"self":[{"href":"https:\/\/nomadheat.com\/it\/wp-json\/wp\/v2\/pages\/428","targetHints":{"allow":["GET"]}}],"collection":[{"href":"https:\/\/nomadheat.com\/it\/wp-json\/wp\/v2\/pages"}],"about":[{"href":"https:\/\/nomadheat.com\/it\/wp-json\/wp\/v2\/types\/page"}],"author":[{"embeddable":true,"href":"https:\/\/nomadheat.com\/it\/wp-json\/wp\/v2\/users\/4"}],"replies":[{"embeddable":true,"href":"https:\/\/nomadheat.com\/it\/wp-json\/wp\/v2\/comments?post=428"}],"version-history":[{"count":0,"href":"https:\/\/nomadheat.com\/it\/wp-json\/wp\/v2\/pages\/428\/revisions"}],"wp:attachment":[{"href":"https:\/\/nomadheat.com\/it\/wp-json\/wp\/v2\/media?parent=428"}],"curies":[{"name":"wp","href":"https:\/\/api.w.org\/{rel}","templated":true}]}}