{"id":298,"date":"2021-10-11T11:32:56","date_gmt":"2021-10-11T08:32:56","guid":{"rendered":"https:\/\/nomadheat.com\/?page_id=298"},"modified":"2025-02-24T14:22:58","modified_gmt":"2025-02-24T12:22:58","slug":"cura","status":"publish","type":"page","link":"https:\/\/nomadheat.com\/it\/care\/","title":{"rendered":"Istruzioni per la cura"},"content":{"rendered":"<div class=\"wpb-content-wrapper\"><div  class=\"sec_row container\"><div class=\"vc_row wpb_row vc_row-fluid\"><div class=\"wpb_column vc_column_container vc_col-sm-2 et-dark-column\"><div class=\"vc_column-inner\"><div class=\"wpb_wrapper\"><\/div><\/div><\/div><div class=\"wpb_column vc_column_container vc_col-sm-8 et-dark-column\"><div class=\"vc_column-inner\"><div class=\"wpb_wrapper\"><div class=\"vc_empty_space\"   style=\"height: 50px\"><span class=\"vc_empty_space_inner\"><\/span><\/div>\n\t<div class=\"wpb_text_column wpb_content_element\" >\n\t\t<div class=\"wpb_wrapper\">\n\t\t\t<h1 class=\"page-title\" style=\"text-align: center;\">ISTRUZIONI PER LA CURA<\/h1>\n<h2 style=\"text-align: center;\">SACCHI A PELO NOMAD HEAT WOOL<\/h2>\n\n\t\t<\/div>\n\t<\/div>\n<div  class=\"vc_do_toggle vc_toggle vc_toggle_simple vc_toggle_color_green  vc_toggle_size_md\"><div class=\"vc_toggle_title\"><h4>Pulizia e asciugatura del sacco a pelo in lana<\/h4><i class=\"vc_toggle_icon\"><\/i><\/div><div class=\"vc_toggle_content\"><p>La stiratura e il lavaggio a secco possono danneggiare il guscio e l'isolamento del sacco a pelo. I composti chimici utilizzati per il lavaggio a secco possono eliminare gli oli naturali della lana e la stiratura a caldo pu\u00f2 danneggiare il guscio.<\/p>\n<p><strong>Pulizia a punti<\/strong><\/p>\n<p>La soluzione migliore per mantenere il sacco a pelo pulito e in perfette condizioni \u00e8 la pulizia a campione.<\/p>\n<ul>\n<li>Utilizzare una miscela simile a una pasta fai-da-te di acqua e sapone non detergente.<\/li>\n<li>Stendere la pasta su una piccola spazzola morbida o una spugna e pulire il guscio del sacco a pelo con movimenti delicati.<\/li>\n<li>Risciacquare l'area trattata del tessuto con acqua tiepida.<\/li>\n<li>Lasciare asciugare completamente all'aria<\/li>\n<\/ul>\n<p><strong>Lavaggio a macchina<\/strong><\/p>\n<ul>\n<li>Assicurarsi di chiudere tutte le cerniere<\/li>\n<li>Lavare con l'impostazione lana (di solito azione delicata a 30\u00b0C). Se la vostra lavatrice non dispone di un ciclo per la lana, utilizzate il lavaggio ad acqua fredda o il ciclo di lavaggio per i capi delicati.<\/li>\n<li>Utilizzare un detergente per lana o seta.<br \/>\nNon candeggiare. Non aggiungere ammorbidenti o smacchiatori: potrebbero danneggiare il guscio in seta di gelso e l'imbottitura in lana.<\/li>\n<li>Lasciare asciugare completamente all'aria<\/li>\n<\/ul>\n<p><strong>Lavaggio delle mani<\/strong><\/p>\n<ul>\n<li>Riempire la vasca con acqua tiepida<\/li>\n<li>Usate un detersivo per lana, ma evitate di usarne troppo perch\u00e9 sar\u00e0 pi\u00f9 difficile risciacquarlo.<\/li>\n<li>Mettere il sacco a pelo nella vasca e strofinare delicatamente le zone pi\u00f9 sporche.<\/li>\n<li>Utilizzare una spugna morbida per esaminare l'intero involucro del sacco a pelo.<\/li>\n<li>Lasciare in ammollo per un'ora e scolare l'acqua.<\/li>\n<li>Spremere delicatamente l'acqua rimasta sul sacco a pelo.<\/li>\n<li>Riempire la vasca con acqua tiepida per risciacquare. Eliminare delicatamente il sapone e scolare<\/li>\n<li>Ripetere la procedura di risciacquo fino a quando non c'\u00e8 pi\u00f9 sapone.<\/li>\n<\/ul>\n<p><strong>Asciugatura<\/strong><\/p>\n<ul>\n<li>Il sacco a pelo \u00e8 pesante quando \u00e8 bagnato, quindi potrebbe essere necessario un po' di aiuto per maneggiarlo.<\/li>\n<li>Asciugare all'aria su una superficie piana<\/li>\n<li>Evitare di torcere il sacco a pelo per rimuovere l'acqua in eccesso ma, se necessario, strizzarlo leggermente.<\/li>\n<\/ul>\n<\/div><\/div><div  class=\"vc_do_toggle vc_toggle vc_toggle_simple vc_toggle_color_green  vc_toggle_size_md\"><div class=\"vc_toggle_title\"><h4>Conservare il sacco a pelo in lana<\/h4><i class=\"vc_toggle_icon\"><\/i><\/div><div class=\"vc_toggle_content\"><p>Conservate con cura il vostro sacco a pelo di lana per farlo durare pi\u00f9 a lungo.<\/p>\n<ul>\n<li>Al ritorno da un viaggio, aprire la cerniera della borsa e lasciarla arieggiare per assicurarsi che sia completamente asciutta.<\/li>\n<li>Non riponetelo nel suo sacco: conservarlo compresso danneggia il ripieno con il tempo<\/li>\n<li>Conservate il sacco a pelo in un luogo fresco e asciutto, non compresso in una scatola o appeso: questo aiuta a mantenere l'imbottitura distribuita in modo uniforme e a mantenere la sua morbidezza.<\/li>\n<li>Tenete una bustina di lavanda vicino al sacco a pelo di lana per respingere le tarme.<\/li>\n<\/ul>\n<\/div><\/div><div  class=\"vc_do_toggle vc_toggle vc_toggle_simple vc_toggle_color_green  vc_toggle_size_md\"><div class=\"vc_toggle_title\"><h4>Imbottire il sacco a pelo di lana nel sacco<\/h4><i class=\"vc_toggle_icon\"><\/i><\/div><div class=\"vc_toggle_content\"><p>Evitare di riporre il sacco compresso nel suo sacco. La compressione per lunghi periodi di tempo ne riduce la morbidezza e la consistenza.<\/p>\n<ul>\n<li>Prima di infilare il sacco a pelo nel suo sacco, assicuratevi di chiudere completamente le cerniere.<\/li>\n<li>Piegare la parte pi\u00f9 larga delle spalle verso l'interno e iniziare ad arrotolare dai piedi.<\/li>\n<\/ul>\n<\/div><\/div><div  class=\"vc_do_toggle vc_toggle vc_toggle_simple vc_toggle_color_green  vc_toggle_size_md\"><div class=\"vc_toggle_title\"><h4>Suggerimenti aggiuntivi<\/h4><i class=\"vc_toggle_icon\"><\/i><\/div><div class=\"vc_toggle_content\"><ul>\n<li>Tenere lontano da fiamme libere<\/li>\n<li>Dormire sempre con abiti puliti<\/li>\n<li>Rimuovere la crema solare o altri cosmetici pesanti dal viso e dal collo per evitare che si impregnino nel sacco a pelo.<\/li>\n<li>Una cuffia in tessuto impedisce ai capelli grassi di entrare nel cappuccio.<\/li>\n<li>Considerate l'utilizzo di una fodera aggiuntiva per il sacco a pelo che funga da barriera tra la vostra pelle e il sacco. Offriamo fodere leggere in pura seta che aumentano la temperatura del sacco a pelo, sono lavabili in lavatrice ed estremamente facili da mantenere.<\/li>\n<li>Proteggete il vostro sacco da terra mettendo prima un materassino e assicuratevi di rimuovere dal terreno eventuali oggetti appuntiti che potrebbero danneggiare il sacco a pelo.<\/li>\n<li>Fare attenzione alle cerniere per evitare di impigliarsi.<\/li>\n<li>Ogni mattina arieggiare il sacco a pelo all'aria aperta e alla luce del sole - per asciugare l'umidit\u00e0 accumulata durante la notte, capovolgerlo e lasciarlo asciugare completamente.<\/li>\n<li>Oggetti caldi come pentole possono danneggiare il tessuto.<\/li>\n<li>I repellenti per insetti che contengono DEET danneggiano il sacco a pelo: non spruzzateli direttamente su di esso.<\/li>\n<\/ul>\n<\/div><\/div><div  class=\"vc_do_toggle vc_toggle vc_toggle_simple vc_toggle_color_green  vc_toggle_size_md\"><div class=\"vc_toggle_title\"><h4>Riparazioni<\/h4><i class=\"vc_toggle_icon\"><\/i><\/div><div class=\"vc_toggle_content\"><p>Se durante il campeggio si verifica un piccolo strappo nel guscio, ricucitelo a mano. Tenete sempre un ago e un filo nel vostro kit di riparazione. Potete anche utilizzare una benda per ferite della vostra cassetta di pronto soccorso. A casa, potete rimuovere con cura i punti a mano o la benda e cucire il tessuto con una macchina da cucire o portarlo da una sarta.<\/p>\n<p>Se il danno \u00e8 pi\u00f9 grave, rivolgetevi a un professionista.<\/p>\n<\/div><\/div><\/div><\/div><\/div><div class=\"wpb_column vc_column_container vc_col-sm-2 et-dark-column\"><div class=\"vc_column-inner\"><div class=\"wpb_wrapper\"><\/div><\/div><\/div><\/div><\/div>\n<\/div>","protected":false},"excerpt":{"rendered":"CARE INSTRUCTIONS NOMAD HEAT WOOL SLEEPING BAGS Cleaning &amp; Drying Your Wool Sleeping BagIroning and dry cleaning can damage your sleeping bag\u2019s shell and insulation. The chemical compounds used in dry cleaning can strip away the natural oils in wool and hot ironing may damage the shell. Spot Cleaning Your [...]","protected":false},"author":4,"featured_media":0,"parent":0,"menu_order":0,"comment_status":"closed","ping_status":"closed","template":"","meta":{"footnotes":""},"class_list":["post-298","page","type-page","status-publish","hentry"],"yoast_head":"<!-- This site is optimized with the Yoast SEO plugin v27.3 - https:\/\/yoast.com\/product\/yoast-seo-wordpress\/ -->\n<title>Care instructions | NomadHeat<\/title>\n<meta name=\"robots\" content=\"index, follow, max-snippet:-1, max-image-preview:large, max-video-preview:-1\" \/>\n<link rel=\"canonical\" href=\"https:\/\/nomadheat.com\/it\/cura\/\" \/>\n<meta property=\"og:locale\" content=\"it_IT\" \/>\n<meta property=\"og:type\" content=\"article\" \/>\n<meta property=\"og:title\" content=\"Care instructions | NomadHeat\" \/>\n<meta property=\"og:url\" content=\"https:\/\/nomadheat.com\/it\/cura\/\" \/>\n<meta property=\"og:site_name\" content=\"NomadHeat\" \/>\n<meta property=\"article:modified_time\" content=\"2025-02-24T12:22:58+00:00\" \/>\n<meta name=\"twitter:card\" content=\"summary_large_image\" \/>\n<meta name=\"twitter:label1\" content=\"Tempo di lettura stimato\" \/>\n\t<meta name=\"twitter:data1\" content=\"4 minuti\" \/>\n<script type=\"application\/ld+json\" class=\"yoast-schema-graph\">{\"@context\":\"https:\\\/\\\/schema.org\",\"@graph\":[{\"@type\":\"WebPage\",\"@id\":\"https:\\\/\\\/nomadheat.com\\\/de\\\/pflege\\\/\",\"url\":\"https:\\\/\\\/nomadheat.com\\\/de\\\/pflege\\\/\",\"name\":\"Care instructions | NomadHeat\",\"isPartOf\":{\"@id\":\"https:\\\/\\\/nomadheat.com\\\/nl\\\/#website\"},\"datePublished\":\"2021-10-11T08:32:56+00:00\",\"dateModified\":\"2025-02-24T12:22:58+00:00\",\"breadcrumb\":{\"@id\":\"https:\\\/\\\/nomadheat.com\\\/de\\\/pflege\\\/#breadcrumb\"},\"inLanguage\":\"it-IT\",\"potentialAction\":[{\"@type\":\"ReadAction\",\"target\":[\"https:\\\/\\\/nomadheat.com\\\/de\\\/pflege\\\/\"]}]},{\"@type\":\"BreadcrumbList\",\"@id\":\"https:\\\/\\\/nomadheat.com\\\/de\\\/pflege\\\/#breadcrumb\",\"itemListElement\":[{\"@type\":\"ListItem\",\"position\":1,\"name\":\"Home\",\"item\":\"https:\\\/\\\/nomadheat.com\\\/nl\\\/\"},{\"@type\":\"ListItem\",\"position\":2,\"name\":\"Care instructions\"}]},{\"@type\":\"WebSite\",\"@id\":\"https:\\\/\\\/nomadheat.com\\\/nl\\\/#website\",\"url\":\"https:\\\/\\\/nomadheat.com\\\/nl\\\/\",\"name\":\"NomadHeat\",\"description\":\"Handmade Wool Sleeping Bags\",\"publisher\":{\"@id\":\"https:\\\/\\\/nomadheat.com\\\/nl\\\/#organization\"},\"potentialAction\":[{\"@type\":\"SearchAction\",\"target\":{\"@type\":\"EntryPoint\",\"urlTemplate\":\"https:\\\/\\\/nomadheat.com\\\/nl\\\/?s={search_term_string}\"},\"query-input\":{\"@type\":\"PropertyValueSpecification\",\"valueRequired\":true,\"valueName\":\"search_term_string\"}}],\"inLanguage\":\"it-IT\"},{\"@type\":\"Organization\",\"@id\":\"https:\\\/\\\/nomadheat.com\\\/nl\\\/#organization\",\"name\":\"Nomad Heat\",\"url\":\"https:\\\/\\\/nomadheat.com\\\/nl\\\/\",\"logo\":{\"@type\":\"ImageObject\",\"inLanguage\":\"it-IT\",\"@id\":\"https:\\\/\\\/nomadheat.com\\\/nl\\\/#\\\/schema\\\/logo\\\/image\\\/\",\"url\":\"https:\\\/\\\/nomadheat.com\\\/wp-content\\\/uploads\\\/2021\\\/10\\\/favicon.png\",\"contentUrl\":\"https:\\\/\\\/nomadheat.com\\\/wp-content\\\/uploads\\\/2021\\\/10\\\/favicon.png\",\"width\":512,\"height\":512,\"caption\":\"Nomad Heat\"},\"image\":{\"@id\":\"https:\\\/\\\/nomadheat.com\\\/nl\\\/#\\\/schema\\\/logo\\\/image\\\/\"}}]}<\/script>\n<!-- \/ Yoast SEO plugin. -->","yoast_head_json":{"title":"Istruzioni per la cura | NomadHeat","robots":{"index":"index","follow":"follow","max-snippet":"max-snippet:-1","max-image-preview":"max-image-preview:large","max-video-preview":"max-video-preview:-1"},"canonical":"https:\/\/nomadheat.com\/it\/cura\/","og_locale":"it_IT","og_type":"article","og_title":"Care instructions | NomadHeat","og_url":"https:\/\/nomadheat.com\/it\/cura\/","og_site_name":"NomadHeat","article_modified_time":"2025-02-24T12:22:58+00:00","twitter_card":"summary_large_image","twitter_misc":{"Tempo di lettura stimato":"4 minuti"},"schema":{"@context":"https:\/\/schema.org","@graph":[{"@type":"WebPage","@id":"https:\/\/nomadheat.com\/de\/pflege\/","url":"https:\/\/nomadheat.com\/de\/pflege\/","name":"Istruzioni per la cura | NomadHeat","isPartOf":{"@id":"https:\/\/nomadheat.com\/nl\/#website"},"datePublished":"2021-10-11T08:32:56+00:00","dateModified":"2025-02-24T12:22:58+00:00","breadcrumb":{"@id":"https:\/\/nomadheat.com\/de\/pflege\/#breadcrumb"},"inLanguage":"it-IT","potentialAction":[{"@type":"ReadAction","target":["https:\/\/nomadheat.com\/de\/pflege\/"]}]},{"@type":"BreadcrumbList","@id":"https:\/\/nomadheat.com\/de\/pflege\/#breadcrumb","itemListElement":[{"@type":"ListItem","position":1,"name":"Home","item":"https:\/\/nomadheat.com\/nl\/"},{"@type":"ListItem","position":2,"name":"Care instructions"}]},{"@type":"WebSite","@id":"https:\/\/nomadheat.com\/nl\/#website","url":"https:\/\/nomadheat.com\/nl\/","name":"NomadHeat","description":"Sacchi a pelo in lana fatti a mano","publisher":{"@id":"https:\/\/nomadheat.com\/nl\/#organization"},"potentialAction":[{"@type":"SearchAction","target":{"@type":"EntryPoint","urlTemplate":"https:\/\/nomadheat.com\/nl\/?s={search_term_string}"},"query-input":{"@type":"PropertyValueSpecification","valueRequired":true,"valueName":"search_term_string"}}],"inLanguage":"it-IT"},{"@type":"Organization","@id":"https:\/\/nomadheat.com\/nl\/#organization","name":"Calore nomade","url":"https:\/\/nomadheat.com\/nl\/","logo":{"@type":"ImageObject","inLanguage":"it-IT","@id":"https:\/\/nomadheat.com\/nl\/#\/schema\/logo\/image\/","url":"https:\/\/nomadheat.com\/wp-content\/uploads\/2021\/10\/favicon.png","contentUrl":"https:\/\/nomadheat.com\/wp-content\/uploads\/2021\/10\/favicon.png","width":512,"height":512,"caption":"Nomad Heat"},"image":{"@id":"https:\/\/nomadheat.com\/nl\/#\/schema\/logo\/image\/"}}]}},"_links":{"self":[{"href":"https:\/\/nomadheat.com\/it\/wp-json\/wp\/v2\/pages\/298","targetHints":{"allow":["GET"]}}],"collection":[{"href":"https:\/\/nomadheat.com\/it\/wp-json\/wp\/v2\/pages"}],"about":[{"href":"https:\/\/nomadheat.com\/it\/wp-json\/wp\/v2\/types\/page"}],"author":[{"embeddable":true,"href":"https:\/\/nomadheat.com\/it\/wp-json\/wp\/v2\/users\/4"}],"replies":[{"embeddable":true,"href":"https:\/\/nomadheat.com\/it\/wp-json\/wp\/v2\/comments?post=298"}],"version-history":[{"count":0,"href":"https:\/\/nomadheat.com\/it\/wp-json\/wp\/v2\/pages\/298\/revisions"}],"wp:attachment":[{"href":"https:\/\/nomadheat.com\/it\/wp-json\/wp\/v2\/media?parent=298"}],"curies":[{"name":"wp","href":"https:\/\/api.w.org\/{rel}","templated":true}]}}