{"id":2,"date":"2021-06-16T08:51:54","date_gmt":"2021-06-16T08:51:54","guid":{"rendered":"https:\/\/nomadheat.com\/?page_id=2"},"modified":"2022-07-20T13:52:29","modified_gmt":"2022-07-20T10:52:29","slug":"politiche","status":"publish","type":"page","link":"https:\/\/nomadheat.com\/it\/policies\/","title":{"rendered":"Politiche"},"content":{"rendered":"<p><a>Tempo di esecuzione standard<\/a><\/p>\n<p>Per creare gli articoli pi\u00f9 piccoli occorrono 4-6 giorni lavorativi, mentre per quelli pi\u00f9 grandi 7-10 giorni lavorativi.<\/p>\n<p>A seconda del carico di lavoro attuale, il tempo di realizzazione potrebbe variare di qualche giorno.<\/p>\n<p><a>Tempo di esecuzione dell'ordine urgente<\/a><\/p>\n<p>Possiamo dare priorit\u00e0 al vostro ordine per completarlo entro 5 giorni lavorativi.<\/p>\n<p>Contattateci e vi invieremo un link per effettuare l'ordine urgente.<\/p>\n<p>Spese di spedizione: 25% del prezzo del prodotto.<\/p>\n<p><a>Pagamenti<\/a><\/p>\n<p>Accettiamo pagamenti con carte bancarie.<\/p>\n<p><a>Spedizione<\/a><\/p>\n<p>Spediamo in tutto il mondo e offriamo la spedizione gratuita in tutto il mondo su tutti gli ordini, fino a casa vostra. Sono disponibili anche opzioni di spedizione a pagamento, vedi sotto.<\/p>\n<p>Tutti i paesi sono spediti su base DDP (delivery duty paid), quindi le tasse e i dazi sono inclusi nel prezzo finale e riceverete il pacco a casa vostra, non dovrete sdoganarlo.<\/p>\n<p>Per gli EAU: i pacchi di provenienza estera devono essere ritirati di persona presso l'ufficio postale centrale.<\/p>\n<p>Possiamo anche consegnare alle caselle postali, ma assicuratevi che la vostra casella postale possa accettare pacchi di queste dimensioni, altrimenti il vostro pacco potrebbe essere restituito.<\/p>\n<p>Vi consigliamo vivamente di seguire le informazioni di tracciamento online per avere aggiornamenti dettagliati, in modo da sapere quando il pacco arriva all'ufficio postale.<\/p>\n<p>Tutti gli articoli sono confezionati in plastica riciclabile, che protegge dallo sporco, dall'acqua e dalle forature.<\/p>\n<p>Si prega di ispezionare il pacco all'arrivo e di non accettarlo se danneggiato. In questo modo il pacco ci verr\u00e0 restituito e noi ne prepareremo e invieremo uno nuovo. Se accettate un pacco danneggiato, non potremo risarcirvi.<\/p>\n<p><a>Spedizione gratuita<\/a><\/p>\n<p><strong>Prezzo<\/strong>: Gratuito in qualsiasi parte del mondo<\/p>\n<p><strong>Vettore<\/strong>:<br \/>\nLe poste bulgare in collaborazione con le poste nazionali del vostro paese, ad esempio USPS negli USA, Canada Post, Parcel Force nel Regno Unito, Australia Post, ecc. - sono tutte affidabili al 100% e non hanno perso nessun pacco tra le migliaia che abbiamo spedito finora con loro.<\/p>\n<p><strong>Termini di consegna:<\/strong><br \/>\nPer la posta raccomandata \u00e8 richiesta una firma al momento della consegna. Se non siete in casa al momento della consegna, il pacco sar\u00e0 trattato secondo le politiche della vostra posta nazionale. Nella maggior parte dei casi, come ad esempio negli Stati Uniti, in Canada, in Australia e nel Regno Unito, vi verr\u00e0 lasciato un avviso per ritirare il pacco presso l'ufficio postale locale o per telefonare al fine di riprogrammare la consegna in un orario adeguato.<\/p>\n<p><strong>Tempi di transito<\/strong>\u00a0(approssimativo, non garantito):<\/p>\n<ul>\n<li>USA continentale - 3 settimane<\/li>\n<li>USA (Hawaii, AK) - 4 settimane<\/li>\n<li>Canada - 3 settimane<\/li>\n<li>Australia - 3 settimane<\/li>\n<li>Asia - 3 settimane<\/li>\n<li>Sud America - 3-4 settimane<\/li>\n<li>Unione Europea - 2 settimane<\/li>\n<\/ul>\n<p><a>Spedizione espressa in 3 giorni<\/a><\/p>\n<p><strong>Prezzo<\/strong>: Inviateci un messaggio per avere una stima delle spese di spedizione.<\/p>\n<p><strong>Vettore<\/strong>: DHL<\/p>\n<p><strong>Termini di consegna:<\/strong><br \/>\nPer la spedizione \u00e8 richiesto un numero di telefono. I pacchi vengono consegnati a domicilio e per accettarli \u00e8 necessaria una firma.<\/p>\n<p><strong>Tempi di transito<\/strong>\u00a0(garantito):<\/p>\n<ul>\n<li>In tutto il mondo - 3 giorni lavorativi<\/li>\n<\/ul>\n<p><a>Tracciamento<\/a><\/p>\n<p>Vi invieremo un numero di tracking non appena avremo spedito il vostro ordine. Tenete d'occhio il link di tracciamento utilizzando\u00a0<a href=\"https:\/\/www.track-trace.com\/\">www.track-trace.com<\/a>\u00a0o sul sito web della vostra sede nazionale:<\/p>\n<p>USA:\u00a0<a href=\"https:\/\/www.usps.com\/\">www.usps.com<\/a><br \/>\nCanada:\u00a0<a href=\"https:\/\/www.canadapost.ca\/cpc\/en\/home.page\">www.canadapost.ca<\/a><br \/>\nAustralia:\u00a0<a href=\"https:\/\/auspost.com.au\/\">https:\/\/auspost.com.au\/<\/a><br \/>\nREGNO UNITO:\u00a0<a href=\"https:\/\/www.parcelforce.com\/\">www.parcelforce.com<\/a><\/p>\n<p>Gli aggiornamenti di stato per la spedizione gratuita e prioritaria sono disponibili solo quando il pacco entra in dogana nel vostro paese.<\/p>\n<p><a>Pacchetti smarriti o in ritardo<\/a><\/p>\n<p>Il servizio postale nazionale \u00e8 molto affidabile in tutte le parti del mondo e i pacchi smarriti sono estremamente rari, secondo la nostra esperienza di invio di migliaia di pacchi in oltre 40 paesi, tra cui USA, Canada, Australia, Regno Unito, UE.<br \/>\nIn caso di smarrimento di un pacco, ne invieremo gratuitamente uno sostitutivo.<br \/>\nPotete contattarci se il vostro pacco non \u00e8 entrato nel vostro paese da pi\u00f9 di 1 mese. Non possiamo accelerare la consegna, ma possiamo inviare una richiesta ufficiale alla posta per cercare di localizzare il pacco.<\/p>\n<p><a>Cancellazioni<\/a><\/p>\n<p>Se desiderate annullare il vostro ordine o parte di esso, contattateci. Saremo in grado di annullare gli articoli che non abbiamo ancora iniziato a creare.<\/p>\n<p><a>Restituzioni e rimborsi<\/a><\/p>\n<ul>\n<li>Se non siete completamente soddisfatti del vostro acquisto o desiderate restituire un articolo, contattateci. Tutti i resi devono essere preventivamente approvati da Home of Wool.<\/li>\n<li>Se l'articolo \u00e8 arrivato come descritto e senza difetti o errori di produzione (\u00e8 stato utilizzato un tessuto diverso, \u00e8 stato realizzato un design sbagliato, \u00e8 stata riscontrata una differenza di lunghezza o larghezza superiore a 5%), \u00e8 possibile richiedere un reso per un articolo non personalizzato entro le prime 2 settimane dalla consegna. Gli articoli devono essere rispediti entro 30 giorni dalla consegna. I rimborsi escludono le spese di piattaforma e di pagamento e possono quindi arrivare fino a 82% del valore dell'ordine. Gli articoli personalizzati non sono restituibili.<\/li>\n<li>Se l'articolo arriva con un difetto di fabbricazione o un errore (\u00e8 stato utilizzato un tessuto diverso, \u00e8 stato realizzato un design sbagliato, c'\u00e8 una differenza di lunghezza o larghezza superiore a 5%), realizzeremo e invieremo un nuovo articolo o effettueremo un rimborso completo per l'articolo interessato.<\/li>\n<li>Se l'articolo non viene consegnato a causa di un indirizzo incompleto, illeggibile o errato, di un destinatario non presente all'indirizzo (sconosciuto, trasferito o deceduto), di una posta non reclamata o rifiutata, l'articolo pu\u00f2 essere rispedito a spese dell'utente, con l'emissione di una fattura per le spese di spedizione di ritorno. Se non si desidera che un articolo non personalizzato venga rispedito, possiamo emettere un rimborso parziale, escludendo le spese di piattaforma e di pagamento e la spedizione di ritorno, e quindi il rimborso pu\u00f2 arrivare fino a 82% del valore dell'articolo. Gli articoli personalizzati non possono essere rimborsati e possono solo essere rispediti.<\/li>\n<li>Se l'articolo viene approvato per la restituzione, dichiarare il valore inferiore a $15, altrimenti si applicano le tasse doganali anche se non si tratta di un acquisto ma di una restituzione. Se vengono addebitate tasse di importazione, queste verranno detratte dall'importo del rimborso. Gli articoli restituiti devono essere nelle loro condizioni iniziali. I rimborsi vengono effettuati dopo aver ricevuto gli articoli e averli ispezionati.<\/li>\n<li>Rendimenti europei<br \/>\nI clienti europei possono utilizzare il corriere DPD per restituire i pacchi, compresi i materassi, a un prezzo molto basso, di solito intorno ai 30-40 euro. Richiedete il ritiro a domicilio, per i dettagli visitate il sito www.dpd.com.<\/li>\n<li>Tutti i rimborsi saranno effettuati sulla stessa carta utilizzata per il pagamento. Il trasferimento pu\u00f2 richiedere fino a 3 giorni lavorativi dopo l'emissione del rimborso.<\/li>\n<\/ul>","protected":false},"excerpt":{"rendered":"<p>Standard Make Time Smaller items take us 4-6 business days to create and larger items 7-10 business days. Depending on the current workload, make time could vary by a few days. Rush Order Make Time We can prioritize your order for completion within 5 business days. Please contact us and [&hellip;]<\/p>\n","protected":false},"author":4,"featured_media":0,"parent":0,"menu_order":0,"comment_status":"closed","ping_status":"closed","template":"","meta":{"footnotes":""},"class_list":["post-2","page","type-page","status-publish","hentry"],"yoast_head":"<!-- This site is optimized with the Yoast SEO plugin v27.4 - https:\/\/yoast.com\/product\/yoast-seo-wordpress\/ -->\n<title>Policies | NomadHeat<\/title>\n<meta name=\"robots\" content=\"index, follow, max-snippet:-1, max-image-preview:large, max-video-preview:-1\" \/>\n<link rel=\"canonical\" href=\"https:\/\/nomadheat.com\/it\/politiche\/\" \/>\n<meta property=\"og:locale\" content=\"it_IT\" \/>\n<meta property=\"og:type\" content=\"article\" \/>\n<meta property=\"og:title\" content=\"Policies | NomadHeat\" \/>\n<meta property=\"og:description\" content=\"Standard Make Time Smaller items take us 4-6 business days to create and larger items 7-10 business days. Depending on the current workload, make time could vary by a few days. Rush Order Make Time We can prioritize your order for completion within 5 business days. Please contact us and [&hellip;]\" \/>\n<meta property=\"og:url\" content=\"https:\/\/nomadheat.com\/it\/politiche\/\" \/>\n<meta property=\"og:site_name\" content=\"NomadHeat\" \/>\n<meta property=\"article:modified_time\" content=\"2022-07-20T10:52:29+00:00\" \/>\n<meta name=\"twitter:card\" content=\"summary_large_image\" \/>\n<meta name=\"twitter:label1\" content=\"Tempo di lettura stimato\" \/>\n\t<meta name=\"twitter:data1\" content=\"5 minuti\" \/>\n<script type=\"application\/ld+json\" class=\"yoast-schema-graph\">{\"@context\":\"https:\\\/\\\/schema.org\",\"@graph\":[{\"@type\":\"WebPage\",\"@id\":\"https:\\\/\\\/nomadheat.com\\\/es\\\/politicas\\\/\",\"url\":\"https:\\\/\\\/nomadheat.com\\\/es\\\/politicas\\\/\",\"name\":\"Policies | NomadHeat\",\"isPartOf\":{\"@id\":\"https:\\\/\\\/nomadheat.com\\\/nl\\\/#website\"},\"datePublished\":\"2021-06-16T08:51:54+00:00\",\"dateModified\":\"2022-07-20T10:52:29+00:00\",\"breadcrumb\":{\"@id\":\"https:\\\/\\\/nomadheat.com\\\/es\\\/politicas\\\/#breadcrumb\"},\"inLanguage\":\"it-IT\",\"potentialAction\":[{\"@type\":\"ReadAction\",\"target\":[\"https:\\\/\\\/nomadheat.com\\\/es\\\/politicas\\\/\"]}]},{\"@type\":\"BreadcrumbList\",\"@id\":\"https:\\\/\\\/nomadheat.com\\\/es\\\/politicas\\\/#breadcrumb\",\"itemListElement\":[{\"@type\":\"ListItem\",\"position\":1,\"name\":\"Home\",\"item\":\"https:\\\/\\\/nomadheat.com\\\/nl\\\/\"},{\"@type\":\"ListItem\",\"position\":2,\"name\":\"Policies\"}]},{\"@type\":\"WebSite\",\"@id\":\"https:\\\/\\\/nomadheat.com\\\/nl\\\/#website\",\"url\":\"https:\\\/\\\/nomadheat.com\\\/nl\\\/\",\"name\":\"NomadHeat\",\"description\":\"Handmade Wool Sleeping Bags\",\"publisher\":{\"@id\":\"https:\\\/\\\/nomadheat.com\\\/nl\\\/#organization\"},\"potentialAction\":[{\"@type\":\"SearchAction\",\"target\":{\"@type\":\"EntryPoint\",\"urlTemplate\":\"https:\\\/\\\/nomadheat.com\\\/nl\\\/?s={search_term_string}\"},\"query-input\":{\"@type\":\"PropertyValueSpecification\",\"valueRequired\":true,\"valueName\":\"search_term_string\"}}],\"inLanguage\":\"it-IT\"},{\"@type\":\"Organization\",\"@id\":\"https:\\\/\\\/nomadheat.com\\\/nl\\\/#organization\",\"name\":\"Nomad Heat\",\"url\":\"https:\\\/\\\/nomadheat.com\\\/nl\\\/\",\"logo\":{\"@type\":\"ImageObject\",\"inLanguage\":\"it-IT\",\"@id\":\"https:\\\/\\\/nomadheat.com\\\/nl\\\/#\\\/schema\\\/logo\\\/image\\\/\",\"url\":\"https:\\\/\\\/nomadheat.com\\\/wp-content\\\/uploads\\\/2021\\\/10\\\/favicon.png\",\"contentUrl\":\"https:\\\/\\\/nomadheat.com\\\/wp-content\\\/uploads\\\/2021\\\/10\\\/favicon.png\",\"width\":512,\"height\":512,\"caption\":\"Nomad Heat\"},\"image\":{\"@id\":\"https:\\\/\\\/nomadheat.com\\\/nl\\\/#\\\/schema\\\/logo\\\/image\\\/\"}}]}<\/script>\n<!-- \/ Yoast SEO plugin. -->","yoast_head_json":{"title":"Politiche | NomadHeat","robots":{"index":"index","follow":"follow","max-snippet":"max-snippet:-1","max-image-preview":"max-image-preview:large","max-video-preview":"max-video-preview:-1"},"canonical":"https:\/\/nomadheat.com\/it\/politiche\/","og_locale":"it_IT","og_type":"article","og_title":"Policies | NomadHeat","og_description":"Standard Make Time Smaller items take us 4-6 business days to create and larger items 7-10 business days. Depending on the current workload, make time could vary by a few days. Rush Order Make Time We can prioritize your order for completion within 5 business days. Please contact us and [&hellip;]","og_url":"https:\/\/nomadheat.com\/it\/politiche\/","og_site_name":"NomadHeat","article_modified_time":"2022-07-20T10:52:29+00:00","twitter_card":"summary_large_image","twitter_misc":{"Tempo di lettura stimato":"5 minuti"},"schema":{"@context":"https:\/\/schema.org","@graph":[{"@type":"WebPage","@id":"https:\/\/nomadheat.com\/es\/politicas\/","url":"https:\/\/nomadheat.com\/es\/politicas\/","name":"Politiche | NomadHeat","isPartOf":{"@id":"https:\/\/nomadheat.com\/nl\/#website"},"datePublished":"2021-06-16T08:51:54+00:00","dateModified":"2022-07-20T10:52:29+00:00","breadcrumb":{"@id":"https:\/\/nomadheat.com\/es\/politicas\/#breadcrumb"},"inLanguage":"it-IT","potentialAction":[{"@type":"ReadAction","target":["https:\/\/nomadheat.com\/es\/politicas\/"]}]},{"@type":"BreadcrumbList","@id":"https:\/\/nomadheat.com\/es\/politicas\/#breadcrumb","itemListElement":[{"@type":"ListItem","position":1,"name":"Home","item":"https:\/\/nomadheat.com\/nl\/"},{"@type":"ListItem","position":2,"name":"Policies"}]},{"@type":"WebSite","@id":"https:\/\/nomadheat.com\/nl\/#website","url":"https:\/\/nomadheat.com\/nl\/","name":"NomadHeat","description":"Sacchi a pelo in lana fatti a mano","publisher":{"@id":"https:\/\/nomadheat.com\/nl\/#organization"},"potentialAction":[{"@type":"SearchAction","target":{"@type":"EntryPoint","urlTemplate":"https:\/\/nomadheat.com\/nl\/?s={search_term_string}"},"query-input":{"@type":"PropertyValueSpecification","valueRequired":true,"valueName":"search_term_string"}}],"inLanguage":"it-IT"},{"@type":"Organization","@id":"https:\/\/nomadheat.com\/nl\/#organization","name":"Calore nomade","url":"https:\/\/nomadheat.com\/nl\/","logo":{"@type":"ImageObject","inLanguage":"it-IT","@id":"https:\/\/nomadheat.com\/nl\/#\/schema\/logo\/image\/","url":"https:\/\/nomadheat.com\/wp-content\/uploads\/2021\/10\/favicon.png","contentUrl":"https:\/\/nomadheat.com\/wp-content\/uploads\/2021\/10\/favicon.png","width":512,"height":512,"caption":"Nomad Heat"},"image":{"@id":"https:\/\/nomadheat.com\/nl\/#\/schema\/logo\/image\/"}}]}},"_links":{"self":[{"href":"https:\/\/nomadheat.com\/it\/wp-json\/wp\/v2\/pages\/2","targetHints":{"allow":["GET"]}}],"collection":[{"href":"https:\/\/nomadheat.com\/it\/wp-json\/wp\/v2\/pages"}],"about":[{"href":"https:\/\/nomadheat.com\/it\/wp-json\/wp\/v2\/types\/page"}],"author":[{"embeddable":true,"href":"https:\/\/nomadheat.com\/it\/wp-json\/wp\/v2\/users\/4"}],"replies":[{"embeddable":true,"href":"https:\/\/nomadheat.com\/it\/wp-json\/wp\/v2\/comments?post=2"}],"version-history":[{"count":0,"href":"https:\/\/nomadheat.com\/it\/wp-json\/wp\/v2\/pages\/2\/revisions"}],"wp:attachment":[{"href":"https:\/\/nomadheat.com\/it\/wp-json\/wp\/v2\/media?parent=2"}],"curies":[{"name":"wp","href":"https:\/\/api.w.org\/{rel}","templated":true}]}}