{"id":88,"date":"2021-06-18T12:45:02","date_gmt":"2021-06-18T09:45:02","guid":{"rendered":"https:\/\/nomadheat.com\/?post_type=product&#038;p=88"},"modified":"2025-05-21T11:53:27","modified_gmt":"2025-05-21T08:53:27","slug":"sac-de-couchage-en-laine-camp","status":"publish","type":"product","link":"https:\/\/nomadheat.com\/fr\/shop\/wool-sleeping-bag-camp\/","title":{"rendered":"Sac de couchage Camp Wool"},"content":{"rendered":"<p><strong>CARACT\u00c9RISTIQUES<\/strong><br \/>\n- Le luxueux tissu de soie de m\u00fbrier et le molleton de laine \u00e0 l'int\u00e9rieur de la cagoule r\u00e9duisent le bruit et augmentent le confort.<br \/>\n- Capot fixe ou amovible en option.<br \/>\n- Cordon de serrage sur la capuche et le col d'isolation pour un ajustement facile<br \/>\n- Pochette \u00e0 monnaie \u00e0 l'int\u00e9rieur<br \/>\n- Accrocher les boucles d'a\u00e9ration<br \/>\n- Sac de compression<br \/>\n- R\u00e9gulation climatique gr\u00e2ce \u00e0 une fermeture \u00e0 glissi\u00e8re centrale \u00e0 double sens<br \/>\n- La fermeture \u00e0 glissi\u00e8re YKK emp\u00eache le blocage du mat\u00e9riel<br \/>\n- Poche int\u00e9rieure pour ranger les objets de valeur<br \/>\n- Bo\u00eete \u00e0 pieds rectangulaire pour un plus grand confort sans poids suppl\u00e9mentaire<\/p>\n<p>Largeur des \u00e9paules :<br \/>\n90 cm pour les mod\u00e8les masculins \/ 80 cm pour les mod\u00e8les f\u00e9minins<\/p>\n<p>Longueur de la fermeture \u00e0 glissi\u00e8re : 162 cm<br \/>\nFermeture \u00e0 glissi\u00e8re : neutre<\/p>\n<p>Longueur max. du corps options :<br \/>\n- jusqu'\u00e0 170 cm<br \/>\n- jusqu'\u00e0 180 cm<br \/>\n- jusqu'\u00e0 190 cm<br \/>\n- jusqu'\u00e0 200 cm ou toute longueur sur demande<\/p>\n<p><strong>MAT\u00c9RIAUX<\/strong><br \/>\nShell : 100% Linen (certifi\u00e9 Oeko-tex)<br \/>\nDoublure : 100% Soie naturelle de m\u00fbrier<br \/>\nRembourrage : Laine biologique 100% (certifi\u00e9e GOTS)<br \/>\nLavable en machine : Oui<br \/>\nCOV, HAP, mati\u00e8res synth\u00e9tiques, sans produits chimiques<\/p>\n<p><strong>DURABILIT\u00c9<\/strong><br \/>\nTous les mat\u00e9riaux de ce sac de couchage sont naturels, biod\u00e9gradables, durables et renouvelables.<\/p>\n<p><strong>ENTRETIEN DU PRODUIT<\/strong><br \/>\nNos sacs de couchage sont construits pour durer \u00e0 partir de mat\u00e9riaux durables de haute qualit\u00e9. Pour les utiliser plus longtemps, veillez \u00e0 suivre les conseils suivants <a href=\"https:\/\/nomadheat.com\/fr\/soins\/\">Instructions d'entretien<\/a>.<\/p>","protected":false},"excerpt":{"rendered":"<p>Un sommeil extr\u00eamement r\u00e9parateur avec le sac de couchage Camp, d'un luxe inou\u00ef.<br \/>\nL'utilisation de mat\u00e9riaux enti\u00e8rement naturels - lin, soie de m\u00fbrier et laine - permet une r\u00e9gulation imbattable de la temp\u00e9rature et de l'humidit\u00e9 et une absence totale de bruit pour un confort in\u00e9gal\u00e9 pendant le sommeil.<br \/>\nConvient aux voyageurs qui partent \u00e0 l'aventure avec une tente ou un camping-car.<br \/>\n*A utiliser \u00e0 l'ext\u00e9rieur avec un sac de bivouac.<\/p>","protected":false},"featured_media":189,"comment_status":"open","ping_status":"closed","template":"","meta":[],"product_brand":[],"product_cat":[19],"product_tag":[22,51,23,26,21,50],"class_list":{"0":"post-88","1":"product","2":"type-product","3":"status-publish","4":"has-post-thumbnail","6":"product_cat-sleeping-bags","7":"product_tag-camping","8":"product_tag-organic-wool-sleeping-bag","9":"product_tag-outdoor-sleeping","10":"product_tag-sleeping-bags-for-adults","11":"product_tag-summer-sleeping-bag","12":"product_tag-wool-sleep-sack","14":"first","15":"instock","16":"shipping-taxable","17":"purchasable","18":"product-type-variable"},"yoast_head":"<!-- This site is optimized with the Yoast SEO plugin v27.3 - https:\/\/yoast.com\/product\/yoast-seo-wordpress\/ -->\n<title>Camp Wool Sleeping Bag | NomadHeat | All-natural Sleeping Bags<\/title>\n<meta name=\"description\" content=\"Extremely good restorative sleep with the ultimately luxurious Camp Sleeping bag. Suitable for travelers going on any type of adventure.\" \/>\n<meta name=\"robots\" content=\"index, follow, max-snippet:-1, max-image-preview:large, max-video-preview:-1\" \/>\n<link rel=\"canonical\" href=\"https:\/\/nomadheat.com\/fr\/boutique\/sac-de-couchage-en-laine-camp\/\" \/>\n<meta property=\"og:locale\" content=\"fr_FR\" \/>\n<meta property=\"og:type\" content=\"article\" \/>\n<meta property=\"og:title\" content=\"Camp Wool Sleeping Bag | NomadHeat | All-natural Sleeping Bags\" \/>\n<meta property=\"og:description\" content=\"Extremely good restorative sleep with the ultimately luxurious Camp Sleeping bag. Suitable for travelers going on any type of adventure.\" \/>\n<meta property=\"og:url\" content=\"https:\/\/nomadheat.com\/fr\/boutique\/sac-de-couchage-en-laine-camp\/\" \/>\n<meta property=\"og:site_name\" content=\"NomadHeat\" \/>\n<meta property=\"article:modified_time\" content=\"2025-05-21T08:53:27+00:00\" \/>\n<meta property=\"og:image\" content=\"https:\/\/nomadheat.com\/wp-content\/uploads\/2021\/06\/Nomad-Heat-Wool-Sleeping-Bag-Camp-Light.jpg\" \/>\n\t<meta property=\"og:image:width\" content=\"1300\" \/>\n\t<meta property=\"og:image:height\" content=\"1040\" \/>\n\t<meta property=\"og:image:type\" content=\"image\/jpeg\" \/>\n<meta name=\"twitter:card\" content=\"summary_large_image\" \/>\n<meta name=\"twitter:label1\" content=\"Dur\u00e9e de lecture estim\u00e9e\" \/>\n\t<meta name=\"twitter:data1\" content=\"1 minute\" \/>\n<script type=\"application\/ld+json\" class=\"yoast-schema-graph\">{\"@context\":\"https:\\\/\\\/schema.org\",\"@graph\":[{\"@type\":\"WebPage\",\"@id\":\"https:\\\/\\\/nomadheat.com\\\/nb\\\/butikk\\\/sovepose-i-ull-camp\\\/\",\"url\":\"https:\\\/\\\/nomadheat.com\\\/nb\\\/butikk\\\/sovepose-i-ull-camp\\\/\",\"name\":\"Camp Wool Sleeping Bag | NomadHeat | All-natural Sleeping Bags\",\"isPartOf\":{\"@id\":\"https:\\\/\\\/nomadheat.com\\\/nl\\\/#website\"},\"primaryImageOfPage\":{\"@id\":\"https:\\\/\\\/nomadheat.com\\\/nb\\\/butikk\\\/sovepose-i-ull-camp\\\/#primaryimage\"},\"image\":{\"@id\":\"https:\\\/\\\/nomadheat.com\\\/nb\\\/butikk\\\/sovepose-i-ull-camp\\\/#primaryimage\"},\"thumbnailUrl\":\"https:\\\/\\\/nomadheat.com\\\/wp-content\\\/uploads\\\/2021\\\/06\\\/Nomad-Heat-Wool-Sleeping-Bag-Camp-Light.jpg\",\"datePublished\":\"2021-06-18T09:45:02+00:00\",\"dateModified\":\"2025-05-21T08:53:27+00:00\",\"description\":\"Extremely good restorative sleep with the ultimately luxurious Camp Sleeping bag. Suitable for travelers going on any type of adventure.\",\"breadcrumb\":{\"@id\":\"https:\\\/\\\/nomadheat.com\\\/nb\\\/butikk\\\/sovepose-i-ull-camp\\\/#breadcrumb\"},\"inLanguage\":\"fr-FR\",\"potentialAction\":[{\"@type\":\"ReadAction\",\"target\":[\"https:\\\/\\\/nomadheat.com\\\/nb\\\/butikk\\\/sovepose-i-ull-camp\\\/\"]}]},{\"@type\":\"ImageObject\",\"inLanguage\":\"fr-FR\",\"@id\":\"https:\\\/\\\/nomadheat.com\\\/nb\\\/butikk\\\/sovepose-i-ull-camp\\\/#primaryimage\",\"url\":\"https:\\\/\\\/nomadheat.com\\\/wp-content\\\/uploads\\\/2021\\\/06\\\/Nomad-Heat-Wool-Sleeping-Bag-Camp-Light.jpg\",\"contentUrl\":\"https:\\\/\\\/nomadheat.com\\\/wp-content\\\/uploads\\\/2021\\\/06\\\/Nomad-Heat-Wool-Sleeping-Bag-Camp-Light.jpg\",\"width\":1300,\"height\":1040,\"caption\":\"Nomad Heat Wool Sleeping Bag Camp\"},{\"@type\":\"BreadcrumbList\",\"@id\":\"https:\\\/\\\/nomadheat.com\\\/nb\\\/butikk\\\/sovepose-i-ull-camp\\\/#breadcrumb\",\"itemListElement\":[{\"@type\":\"ListItem\",\"position\":1,\"name\":\"Home\",\"item\":\"https:\\\/\\\/nomadheat.com\\\/nl\\\/\"},{\"@type\":\"ListItem\",\"position\":2,\"name\":\"Shop\",\"item\":\"https:\\\/\\\/nomadheat.com\\\/sv\\\/butik\\\/\"},{\"@type\":\"ListItem\",\"position\":3,\"name\":\"Camp Wool Sleeping Bag\"}]},{\"@type\":\"WebSite\",\"@id\":\"https:\\\/\\\/nomadheat.com\\\/nl\\\/#website\",\"url\":\"https:\\\/\\\/nomadheat.com\\\/nl\\\/\",\"name\":\"NomadHeat\",\"description\":\"Handmade Wool Sleeping Bags\",\"publisher\":{\"@id\":\"https:\\\/\\\/nomadheat.com\\\/nl\\\/#organization\"},\"potentialAction\":[{\"@type\":\"SearchAction\",\"target\":{\"@type\":\"EntryPoint\",\"urlTemplate\":\"https:\\\/\\\/nomadheat.com\\\/nl\\\/?s={search_term_string}\"},\"query-input\":{\"@type\":\"PropertyValueSpecification\",\"valueRequired\":true,\"valueName\":\"search_term_string\"}}],\"inLanguage\":\"fr-FR\"},{\"@type\":\"Organization\",\"@id\":\"https:\\\/\\\/nomadheat.com\\\/nl\\\/#organization\",\"name\":\"Nomad Heat\",\"url\":\"https:\\\/\\\/nomadheat.com\\\/nl\\\/\",\"logo\":{\"@type\":\"ImageObject\",\"inLanguage\":\"fr-FR\",\"@id\":\"https:\\\/\\\/nomadheat.com\\\/nl\\\/#\\\/schema\\\/logo\\\/image\\\/\",\"url\":\"https:\\\/\\\/nomadheat.com\\\/wp-content\\\/uploads\\\/2021\\\/10\\\/favicon.png\",\"contentUrl\":\"https:\\\/\\\/nomadheat.com\\\/wp-content\\\/uploads\\\/2021\\\/10\\\/favicon.png\",\"width\":512,\"height\":512,\"caption\":\"Nomad Heat\"},\"image\":{\"@id\":\"https:\\\/\\\/nomadheat.com\\\/nl\\\/#\\\/schema\\\/logo\\\/image\\\/\"}}]}<\/script>\n<!-- \/ Yoast SEO plugin. -->","yoast_head_json":{"title":"Sac de couchage Camp Wool | NomadHeat | Sacs de couchage enti\u00e8rement naturels","description":"Dormez d'un sommeil extr\u00eamement r\u00e9parateur gr\u00e2ce au sac de couchage de luxe Camp. Convient aux voyageurs qui partent \u00e0 l'aventure.","robots":{"index":"index","follow":"follow","max-snippet":"max-snippet:-1","max-image-preview":"max-image-preview:large","max-video-preview":"max-video-preview:-1"},"canonical":"https:\/\/nomadheat.com\/fr\/boutique\/sac-de-couchage-en-laine-camp\/","og_locale":"fr_FR","og_type":"article","og_title":"Camp Wool Sleeping Bag | NomadHeat | All-natural Sleeping Bags","og_description":"Extremely good restorative sleep with the ultimately luxurious Camp Sleeping bag. Suitable for travelers going on any type of adventure.","og_url":"https:\/\/nomadheat.com\/fr\/boutique\/sac-de-couchage-en-laine-camp\/","og_site_name":"NomadHeat","article_modified_time":"2025-05-21T08:53:27+00:00","og_image":[{"width":1300,"height":1040,"url":"https:\/\/nomadheat.com\/wp-content\/uploads\/2021\/06\/Nomad-Heat-Wool-Sleeping-Bag-Camp-Light.jpg","type":"image\/jpeg"}],"twitter_card":"summary_large_image","twitter_misc":{"Dur\u00e9e de lecture estim\u00e9e":"1 minute"},"schema":{"@context":"https:\/\/schema.org","@graph":[{"@type":"WebPage","@id":"https:\/\/nomadheat.com\/nb\/butikk\/sovepose-i-ull-camp\/","url":"https:\/\/nomadheat.com\/nb\/butikk\/sovepose-i-ull-camp\/","name":"Sac de couchage Camp Wool | NomadHeat | Sacs de couchage enti\u00e8rement naturels","isPartOf":{"@id":"https:\/\/nomadheat.com\/nl\/#website"},"primaryImageOfPage":{"@id":"https:\/\/nomadheat.com\/nb\/butikk\/sovepose-i-ull-camp\/#primaryimage"},"image":{"@id":"https:\/\/nomadheat.com\/nb\/butikk\/sovepose-i-ull-camp\/#primaryimage"},"thumbnailUrl":"https:\/\/nomadheat.com\/wp-content\/uploads\/2021\/06\/Nomad-Heat-Wool-Sleeping-Bag-Camp-Light.jpg","datePublished":"2021-06-18T09:45:02+00:00","dateModified":"2025-05-21T08:53:27+00:00","description":"Dormez d'un sommeil extr\u00eamement r\u00e9parateur gr\u00e2ce au sac de couchage de luxe Camp. Convient aux voyageurs qui partent \u00e0 l'aventure.","breadcrumb":{"@id":"https:\/\/nomadheat.com\/nb\/butikk\/sovepose-i-ull-camp\/#breadcrumb"},"inLanguage":"fr-FR","potentialAction":[{"@type":"ReadAction","target":["https:\/\/nomadheat.com\/nb\/butikk\/sovepose-i-ull-camp\/"]}]},{"@type":"ImageObject","inLanguage":"fr-FR","@id":"https:\/\/nomadheat.com\/nb\/butikk\/sovepose-i-ull-camp\/#primaryimage","url":"https:\/\/nomadheat.com\/wp-content\/uploads\/2021\/06\/Nomad-Heat-Wool-Sleeping-Bag-Camp-Light.jpg","contentUrl":"https:\/\/nomadheat.com\/wp-content\/uploads\/2021\/06\/Nomad-Heat-Wool-Sleeping-Bag-Camp-Light.jpg","width":1300,"height":1040,"caption":"Nomad Heat Wool Sleeping Bag Camp"},{"@type":"BreadcrumbList","@id":"https:\/\/nomadheat.com\/nb\/butikk\/sovepose-i-ull-camp\/#breadcrumb","itemListElement":[{"@type":"ListItem","position":1,"name":"Home","item":"https:\/\/nomadheat.com\/nl\/"},{"@type":"ListItem","position":2,"name":"Shop","item":"https:\/\/nomadheat.com\/sv\/butik\/"},{"@type":"ListItem","position":3,"name":"Camp Wool Sleeping Bag"}]},{"@type":"WebSite","@id":"https:\/\/nomadheat.com\/nl\/#website","url":"https:\/\/nomadheat.com\/nl\/","name":"NomadHeat","description":"Sacs de couchage en laine faits \u00e0 la main","publisher":{"@id":"https:\/\/nomadheat.com\/nl\/#organization"},"potentialAction":[{"@type":"SearchAction","target":{"@type":"EntryPoint","urlTemplate":"https:\/\/nomadheat.com\/nl\/?s={search_term_string}"},"query-input":{"@type":"PropertyValueSpecification","valueRequired":true,"valueName":"search_term_string"}}],"inLanguage":"fr-FR"},{"@type":"Organization","@id":"https:\/\/nomadheat.com\/nl\/#organization","name":"Chaleur nomade","url":"https:\/\/nomadheat.com\/nl\/","logo":{"@type":"ImageObject","inLanguage":"fr-FR","@id":"https:\/\/nomadheat.com\/nl\/#\/schema\/logo\/image\/","url":"https:\/\/nomadheat.com\/wp-content\/uploads\/2021\/10\/favicon.png","contentUrl":"https:\/\/nomadheat.com\/wp-content\/uploads\/2021\/10\/favicon.png","width":512,"height":512,"caption":"Nomad Heat"},"image":{"@id":"https:\/\/nomadheat.com\/nl\/#\/schema\/logo\/image\/"}}]}},"_links":{"self":[{"href":"https:\/\/nomadheat.com\/fr\/wp-json\/wp\/v2\/product\/88","targetHints":{"allow":["GET"]}}],"collection":[{"href":"https:\/\/nomadheat.com\/fr\/wp-json\/wp\/v2\/product"}],"about":[{"href":"https:\/\/nomadheat.com\/fr\/wp-json\/wp\/v2\/types\/product"}],"replies":[{"embeddable":true,"href":"https:\/\/nomadheat.com\/fr\/wp-json\/wp\/v2\/comments?post=88"}],"wp:featuredmedia":[{"embeddable":true,"href":"https:\/\/nomadheat.com\/fr\/wp-json\/wp\/v2\/media\/189"}],"wp:attachment":[{"href":"https:\/\/nomadheat.com\/fr\/wp-json\/wp\/v2\/media?parent=88"}],"wp:term":[{"taxonomy":"product_brand","embeddable":true,"href":"https:\/\/nomadheat.com\/fr\/wp-json\/wp\/v2\/product_brand?post=88"},{"taxonomy":"product_cat","embeddable":true,"href":"https:\/\/nomadheat.com\/fr\/wp-json\/wp\/v2\/product_cat?post=88"},{"taxonomy":"product_tag","embeddable":true,"href":"https:\/\/nomadheat.com\/fr\/wp-json\/wp\/v2\/product_tag?post=88"}],"curies":[{"name":"wp","href":"https:\/\/api.w.org\/{rel}","templated":true}]}}