{"id":434,"date":"2021-11-08T16:42:58","date_gmt":"2021-11-08T14:42:58","guid":{"rendered":"https:\/\/nomadheat.com\/?post_type=product&#038;p=434"},"modified":"2025-03-04T16:37:34","modified_gmt":"2025-03-04T14:37:34","slug":"dormeur-de-soie","status":"publish","type":"product","link":"https:\/\/nomadheat.com\/fr\/shop\/silk-sleeper\/","title":{"rendered":"Sac de couchage en laine 2 en 1"},"content":{"rendered":"<div class=\"wpb-content-wrapper\"><div  class=\"sec_row container\"><div class=\"vc_row wpb_row vc_row-fluid\"><div class=\"wpb_column vc_column_container vc_col-sm-12 et-dark-column\"><div class=\"vc_column-inner\"><div class=\"wpb_wrapper\">\n\t<div class=\"wpb_video_widget wpb_content_element vc_clearfix   vc_video-aspect-ratio-169 vc_video-el-width-100 vc_video-align-left\" >\n\t\t<div class=\"wpb_wrapper\">\n\t\t\t\n\t\t\t<div class=\"wpb_video_wrapper\"><iframe title=\"Sac de couchage en laine 2 en 1 | Nomad Heat\" width=\"500\" height=\"281\" data-src=\"https:\/\/www.youtube.com\/embed\/8Mq1nVL0dN0?feature=oembed\" frameborder=\"0\" allow=\"accelerometer; autoplay; clipboard-write; encrypted-media; gyroscope; picture-in-picture; web-share\" allowfullscreen src=\"data:image\/svg+xml;base64,PHN2ZyB3aWR0aD0iMSIgaGVpZ2h0PSIxIiB4bWxucz0iaHR0cDovL3d3dy53My5vcmcvMjAwMC9zdmciPjwvc3ZnPg==\" class=\"lazyload\" data-load-mode=\"1\"><\/iframe><\/div>\n\t\t<\/div>\n\t<\/div>\n\n\t<div class=\"wpb_text_column wpb_content_element\" >\n\t\t<div class=\"wpb_wrapper\">\n\t\t\t<p><strong>CARACT\u00c9RISTIQUES<\/strong><br \/>\n- Matelass\u00e9 \u00e0 la main pour fixer le molleton de laine en place.<br \/>\n- Poche frontale pour les objets de valeur.<br \/>\n- Pour dormir \u00e0 l'ext\u00e9rieur, utilisez un coussin sous le lit pour le prot\u00e9ger de la salet\u00e9.<\/p>\n<p><strong>TAILLE<br \/>\n<\/strong>23,5 x 47\u2033 (60 \u0445 120 cm)<br \/>\n27,5 x 55\u2033 (70 \u0445 140 cm)<br \/>\n27,5 x 63\u2033 (70 \u0445 160 cm)<br \/>\n31,5 x 71\u2033 (80 \u0445 180 cm)<\/p>\n<p><strong>MAT\u00c9RIAUX<\/strong><br \/>\n100% Soie de m\u00fbrier int\u00e9rieur et ext\u00e9rieur<br \/>\nLavable en machine : Oui<br \/>\nCOV, HAP, mati\u00e8res synth\u00e9tiques, sans produits chimiques<\/p>\n<p><strong>DURABILIT\u00c9<\/strong><br \/>\nTous les mat\u00e9riaux de ce sac de couchage sont naturels, biod\u00e9gradables, durables et renouvelables.<\/p>\n<p><strong>ENTRETIEN DU PRODUIT<\/strong><br \/>\nNos sacs de couchage sont construits pour durer \u00e0 partir de mat\u00e9riaux durables de haute qualit\u00e9. Pour les utiliser plus longtemps, veillez \u00e0 suivre les conseils suivants <a href=\"https:\/\/nomadheat.com\/fr\/soins\/\">Instructions d'entretien<\/a>.<\/p>\n\n\t\t<\/div>\n\t<\/div>\n<\/div><\/div><\/div><\/div><\/div>\n<\/div>","protected":false},"excerpt":{"rendered":"<p>Un sommeil extr\u00eamement r\u00e9parateur avec le tr\u00e8s luxueux Silk Sleeper.<br \/>\nL'utilisation de mat\u00e9riaux enti\u00e8rement naturels - soie de m\u00fbrier et laine - permet une r\u00e9gulation imbattable de la temp\u00e9rature et de l'humidit\u00e9 et une absence totale de bruit pour un confort in\u00e9gal\u00e9 pendant le sommeil.<br \/>\nConvient aux voyageurs qui partent \u00e0 l'aventure avec une tente ou un camping-car.<br \/>\n*A utiliser \u00e0 l'ext\u00e9rieur avec un sac de bivouac.<\/p>","protected":false},"featured_media":480,"comment_status":"open","ping_status":"closed","template":"","meta":[],"product_brand":[],"product_cat":[19],"product_tag":[22,51,23,26,21,50],"class_list":{"0":"post-434","1":"product","2":"type-product","3":"status-publish","4":"has-post-thumbnail","6":"product_cat-sleeping-bags","7":"product_tag-camping","8":"product_tag-organic-wool-sleeping-bag","9":"product_tag-outdoor-sleeping","10":"product_tag-sleeping-bags-for-adults","11":"product_tag-summer-sleeping-bag","12":"product_tag-wool-sleep-sack","14":"first","15":"instock","16":"shipping-taxable","17":"purchasable","18":"product-type-variable"},"yoast_head":"<!-- This site is optimized with the Yoast SEO plugin v27.3 - https:\/\/yoast.com\/product\/yoast-seo-wordpress\/ -->\n<title>2 in 1 Wool Sleeping Bag | NomadHeat<\/title>\n<meta name=\"description\" content=\"Enjoy extremely good restorative sleep with the ultimately luxurious 2 in 1 sleeping bag that turns into a duvet. Made with mulberry silk and wool.\" \/>\n<meta name=\"robots\" content=\"index, follow, max-snippet:-1, max-image-preview:large, max-video-preview:-1\" \/>\n<link rel=\"canonical\" href=\"https:\/\/nomadheat.com\/fr\/boutique\/dormeur-de-soie\/\" \/>\n<meta property=\"og:locale\" content=\"fr_FR\" \/>\n<meta property=\"og:type\" content=\"article\" \/>\n<meta property=\"og:title\" content=\"2 in 1 Wool Sleeping Bag | NomadHeat\" \/>\n<meta property=\"og:description\" content=\"Enjoy extremely good restorative sleep with the ultimately luxurious 2 in 1 sleeping bag that turns into a duvet. Made with mulberry silk and wool.\" \/>\n<meta property=\"og:url\" content=\"https:\/\/nomadheat.com\/fr\/boutique\/dormeur-de-soie\/\" \/>\n<meta property=\"og:site_name\" content=\"NomadHeat\" \/>\n<meta property=\"article:modified_time\" content=\"2025-03-04T14:37:34+00:00\" \/>\n<meta property=\"og:image\" content=\"https:\/\/nomadheat.com\/wp-content\/uploads\/2021\/11\/Nomad-Heat-Wool-Sleeping-Bag-2-in-1.jpg\" \/>\n\t<meta property=\"og:image:width\" content=\"1300\" \/>\n\t<meta property=\"og:image:height\" content=\"1040\" \/>\n\t<meta property=\"og:image:type\" content=\"image\/jpeg\" \/>\n<meta name=\"twitter:card\" content=\"summary_large_image\" \/>\n<meta name=\"twitter:label1\" content=\"Dur\u00e9e de lecture estim\u00e9e\" \/>\n\t<meta name=\"twitter:data1\" content=\"1 minute\" \/>\n<script type=\"application\/ld+json\" class=\"yoast-schema-graph\">{\"@context\":\"https:\\\/\\\/schema.org\",\"@graph\":[{\"@type\":\"WebPage\",\"@id\":\"https:\\\/\\\/nomadheat.com\\\/nl\\\/winkelen\\\/zijden-dwarsligger\\\/\",\"url\":\"https:\\\/\\\/nomadheat.com\\\/nl\\\/winkelen\\\/zijden-dwarsligger\\\/\",\"name\":\"2 in 1 Wool Sleeping Bag | NomadHeat\",\"isPartOf\":{\"@id\":\"https:\\\/\\\/nomadheat.com\\\/nl\\\/#website\"},\"primaryImageOfPage\":{\"@id\":\"https:\\\/\\\/nomadheat.com\\\/nl\\\/winkelen\\\/zijden-dwarsligger\\\/#primaryimage\"},\"image\":{\"@id\":\"https:\\\/\\\/nomadheat.com\\\/nl\\\/winkelen\\\/zijden-dwarsligger\\\/#primaryimage\"},\"thumbnailUrl\":\"https:\\\/\\\/nomadheat.com\\\/wp-content\\\/uploads\\\/2021\\\/11\\\/Nomad-Heat-Wool-Sleeping-Bag-2-in-1.jpg\",\"datePublished\":\"2021-11-08T14:42:58+00:00\",\"dateModified\":\"2025-03-04T14:37:34+00:00\",\"description\":\"Enjoy extremely good restorative sleep with the ultimately luxurious 2 in 1 sleeping bag that turns into a duvet. Made with mulberry silk and wool.\",\"breadcrumb\":{\"@id\":\"https:\\\/\\\/nomadheat.com\\\/nl\\\/winkelen\\\/zijden-dwarsligger\\\/#breadcrumb\"},\"inLanguage\":\"fr-FR\",\"potentialAction\":[{\"@type\":\"ReadAction\",\"target\":[\"https:\\\/\\\/nomadheat.com\\\/nl\\\/winkelen\\\/zijden-dwarsligger\\\/\"]}]},{\"@type\":\"ImageObject\",\"inLanguage\":\"fr-FR\",\"@id\":\"https:\\\/\\\/nomadheat.com\\\/nl\\\/winkelen\\\/zijden-dwarsligger\\\/#primaryimage\",\"url\":\"https:\\\/\\\/nomadheat.com\\\/wp-content\\\/uploads\\\/2021\\\/11\\\/Nomad-Heat-Wool-Sleeping-Bag-2-in-1.jpg\",\"contentUrl\":\"https:\\\/\\\/nomadheat.com\\\/wp-content\\\/uploads\\\/2021\\\/11\\\/Nomad-Heat-Wool-Sleeping-Bag-2-in-1.jpg\",\"width\":1300,\"height\":1040},{\"@type\":\"BreadcrumbList\",\"@id\":\"https:\\\/\\\/nomadheat.com\\\/nl\\\/winkelen\\\/zijden-dwarsligger\\\/#breadcrumb\",\"itemListElement\":[{\"@type\":\"ListItem\",\"position\":1,\"name\":\"Home\",\"item\":\"https:\\\/\\\/nomadheat.com\\\/nl\\\/\"},{\"@type\":\"ListItem\",\"position\":2,\"name\":\"Shop\",\"item\":\"https:\\\/\\\/nomadheat.com\\\/sv\\\/butik\\\/\"},{\"@type\":\"ListItem\",\"position\":3,\"name\":\"2 in 1 Wool Sleeping Bag\"}]},{\"@type\":\"WebSite\",\"@id\":\"https:\\\/\\\/nomadheat.com\\\/nl\\\/#website\",\"url\":\"https:\\\/\\\/nomadheat.com\\\/nl\\\/\",\"name\":\"NomadHeat\",\"description\":\"Handmade Wool Sleeping Bags\",\"publisher\":{\"@id\":\"https:\\\/\\\/nomadheat.com\\\/nl\\\/#organization\"},\"potentialAction\":[{\"@type\":\"SearchAction\",\"target\":{\"@type\":\"EntryPoint\",\"urlTemplate\":\"https:\\\/\\\/nomadheat.com\\\/nl\\\/?s={search_term_string}\"},\"query-input\":{\"@type\":\"PropertyValueSpecification\",\"valueRequired\":true,\"valueName\":\"search_term_string\"}}],\"inLanguage\":\"fr-FR\"},{\"@type\":\"Organization\",\"@id\":\"https:\\\/\\\/nomadheat.com\\\/nl\\\/#organization\",\"name\":\"Nomad Heat\",\"url\":\"https:\\\/\\\/nomadheat.com\\\/nl\\\/\",\"logo\":{\"@type\":\"ImageObject\",\"inLanguage\":\"fr-FR\",\"@id\":\"https:\\\/\\\/nomadheat.com\\\/nl\\\/#\\\/schema\\\/logo\\\/image\\\/\",\"url\":\"https:\\\/\\\/nomadheat.com\\\/wp-content\\\/uploads\\\/2021\\\/10\\\/favicon.png\",\"contentUrl\":\"https:\\\/\\\/nomadheat.com\\\/wp-content\\\/uploads\\\/2021\\\/10\\\/favicon.png\",\"width\":512,\"height\":512,\"caption\":\"Nomad Heat\"},\"image\":{\"@id\":\"https:\\\/\\\/nomadheat.com\\\/nl\\\/#\\\/schema\\\/logo\\\/image\\\/\"}}]}<\/script>\n<!-- \/ Yoast SEO plugin. -->","yoast_head_json":{"title":"Sac de couchage en laine 2 en 1 | NomadHeat","description":"Profitez d'un sommeil extr\u00eamement r\u00e9parateur gr\u00e2ce au luxueux sac de couchage 2 en 1 qui se transforme en couette. Fabriqu\u00e9 en soie de m\u00fbrier et en laine.","robots":{"index":"index","follow":"follow","max-snippet":"max-snippet:-1","max-image-preview":"max-image-preview:large","max-video-preview":"max-video-preview:-1"},"canonical":"https:\/\/nomadheat.com\/fr\/boutique\/dormeur-de-soie\/","og_locale":"fr_FR","og_type":"article","og_title":"2 in 1 Wool Sleeping Bag | NomadHeat","og_description":"Enjoy extremely good restorative sleep with the ultimately luxurious 2 in 1 sleeping bag that turns into a duvet. Made with mulberry silk and wool.","og_url":"https:\/\/nomadheat.com\/fr\/boutique\/dormeur-de-soie\/","og_site_name":"NomadHeat","article_modified_time":"2025-03-04T14:37:34+00:00","og_image":[{"width":1300,"height":1040,"url":"https:\/\/nomadheat.com\/wp-content\/uploads\/2021\/11\/Nomad-Heat-Wool-Sleeping-Bag-2-in-1.jpg","type":"image\/jpeg"}],"twitter_card":"summary_large_image","twitter_misc":{"Dur\u00e9e de lecture estim\u00e9e":"1 minute"},"schema":{"@context":"https:\/\/schema.org","@graph":[{"@type":"WebPage","@id":"https:\/\/nomadheat.com\/nl\/winkelen\/zijden-dwarsligger\/","url":"https:\/\/nomadheat.com\/nl\/winkelen\/zijden-dwarsligger\/","name":"Sac de couchage en laine 2 en 1 | NomadHeat","isPartOf":{"@id":"https:\/\/nomadheat.com\/nl\/#website"},"primaryImageOfPage":{"@id":"https:\/\/nomadheat.com\/nl\/winkelen\/zijden-dwarsligger\/#primaryimage"},"image":{"@id":"https:\/\/nomadheat.com\/nl\/winkelen\/zijden-dwarsligger\/#primaryimage"},"thumbnailUrl":"https:\/\/nomadheat.com\/wp-content\/uploads\/2021\/11\/Nomad-Heat-Wool-Sleeping-Bag-2-in-1.jpg","datePublished":"2021-11-08T14:42:58+00:00","dateModified":"2025-03-04T14:37:34+00:00","description":"Profitez d'un sommeil extr\u00eamement r\u00e9parateur gr\u00e2ce au luxueux sac de couchage 2 en 1 qui se transforme en couette. Fabriqu\u00e9 en soie de m\u00fbrier et en laine.","breadcrumb":{"@id":"https:\/\/nomadheat.com\/nl\/winkelen\/zijden-dwarsligger\/#breadcrumb"},"inLanguage":"fr-FR","potentialAction":[{"@type":"ReadAction","target":["https:\/\/nomadheat.com\/nl\/winkelen\/zijden-dwarsligger\/"]}]},{"@type":"ImageObject","inLanguage":"fr-FR","@id":"https:\/\/nomadheat.com\/nl\/winkelen\/zijden-dwarsligger\/#primaryimage","url":"https:\/\/nomadheat.com\/wp-content\/uploads\/2021\/11\/Nomad-Heat-Wool-Sleeping-Bag-2-in-1.jpg","contentUrl":"https:\/\/nomadheat.com\/wp-content\/uploads\/2021\/11\/Nomad-Heat-Wool-Sleeping-Bag-2-in-1.jpg","width":1300,"height":1040},{"@type":"BreadcrumbList","@id":"https:\/\/nomadheat.com\/nl\/winkelen\/zijden-dwarsligger\/#breadcrumb","itemListElement":[{"@type":"ListItem","position":1,"name":"Home","item":"https:\/\/nomadheat.com\/nl\/"},{"@type":"ListItem","position":2,"name":"Shop","item":"https:\/\/nomadheat.com\/sv\/butik\/"},{"@type":"ListItem","position":3,"name":"2 in 1 Wool Sleeping Bag"}]},{"@type":"WebSite","@id":"https:\/\/nomadheat.com\/nl\/#website","url":"https:\/\/nomadheat.com\/nl\/","name":"NomadHeat","description":"Sacs de couchage en laine faits \u00e0 la main","publisher":{"@id":"https:\/\/nomadheat.com\/nl\/#organization"},"potentialAction":[{"@type":"SearchAction","target":{"@type":"EntryPoint","urlTemplate":"https:\/\/nomadheat.com\/nl\/?s={search_term_string}"},"query-input":{"@type":"PropertyValueSpecification","valueRequired":true,"valueName":"search_term_string"}}],"inLanguage":"fr-FR"},{"@type":"Organization","@id":"https:\/\/nomadheat.com\/nl\/#organization","name":"Chaleur nomade","url":"https:\/\/nomadheat.com\/nl\/","logo":{"@type":"ImageObject","inLanguage":"fr-FR","@id":"https:\/\/nomadheat.com\/nl\/#\/schema\/logo\/image\/","url":"https:\/\/nomadheat.com\/wp-content\/uploads\/2021\/10\/favicon.png","contentUrl":"https:\/\/nomadheat.com\/wp-content\/uploads\/2021\/10\/favicon.png","width":512,"height":512,"caption":"Nomad Heat"},"image":{"@id":"https:\/\/nomadheat.com\/nl\/#\/schema\/logo\/image\/"}}]}},"_links":{"self":[{"href":"https:\/\/nomadheat.com\/fr\/wp-json\/wp\/v2\/product\/434","targetHints":{"allow":["GET"]}}],"collection":[{"href":"https:\/\/nomadheat.com\/fr\/wp-json\/wp\/v2\/product"}],"about":[{"href":"https:\/\/nomadheat.com\/fr\/wp-json\/wp\/v2\/types\/product"}],"replies":[{"embeddable":true,"href":"https:\/\/nomadheat.com\/fr\/wp-json\/wp\/v2\/comments?post=434"}],"wp:featuredmedia":[{"embeddable":true,"href":"https:\/\/nomadheat.com\/fr\/wp-json\/wp\/v2\/media\/480"}],"wp:attachment":[{"href":"https:\/\/nomadheat.com\/fr\/wp-json\/wp\/v2\/media?parent=434"}],"wp:term":[{"taxonomy":"product_brand","embeddable":true,"href":"https:\/\/nomadheat.com\/fr\/wp-json\/wp\/v2\/product_brand?post=434"},{"taxonomy":"product_cat","embeddable":true,"href":"https:\/\/nomadheat.com\/fr\/wp-json\/wp\/v2\/product_cat?post=434"},{"taxonomy":"product_tag","embeddable":true,"href":"https:\/\/nomadheat.com\/fr\/wp-json\/wp\/v2\/product_tag?post=434"}],"curies":[{"name":"wp","href":"https:\/\/api.w.org\/{rel}","templated":true}]}}