{"id":1816,"date":"2026-01-30T11:50:38","date_gmt":"2026-01-30T09:50:38","guid":{"rendered":"https:\/\/nomadheat.com\/?post_type=product&#038;p=1816"},"modified":"2026-01-30T16:39:31","modified_gmt":"2026-01-30T14:39:31","slug":"2pcs-slippers-custom-for-laura","status":"publish","type":"product","link":"https:\/\/nomadheat.com\/fr\/shop\/2pcs-slippers-custom-for-laura\/","title":{"rendered":"2pcs Pantoufles \/ Personnalis\u00e9es pour Laura"},"content":{"rendered":"<p>2 pcs. SLIPPERS<\/p>\n<p>Paire 1 : longueur de la semelle : \u00e0 pr\u00e9ciser (voir le sch\u00e9ma ci-joint)<br \/>\nPaire 2 : longueur de la semelle : \u00e0 pr\u00e9ciser (voir le sch\u00e9ma ci-joint)<\/p>\n<p>Tissu : 100% laine vierge (certifi\u00e9 Oeko-Tex)<\/p>\n<p>VOTRE M\u00c9THODE D'EXP\u00c9DITION : - FREE FEDEX ECONOMY, 5-10 days transit time<br \/>\n---------<\/p>","protected":false},"excerpt":{"rendered":"<p>2 pcs. SLIPPERS Pair 1: length of sole: please advise (see the scheme attached) Pair 2: length of sole: please advise (see the scheme attached) SHELL FABRIC: 100% Virgin Wool (Oeko-Tex certified) YOUR SHIPPING METHOD: \u2022 FREE FEDEX ECONOMY, 5-10 days transit time &#8212;&#8212;&#8212;&#8212;&#8212;&#8212;&#8212;&#8212;&#8211;<\/p>","protected":false},"featured_media":1206,"comment_status":"open","ping_status":"closed","template":"","meta":[],"product_brand":[],"product_cat":[20],"product_tag":[131],"class_list":{"0":"post-1816","1":"product","2":"type-product","3":"status-publish","4":"has-post-thumbnail","6":"product_cat-accessories","7":"product_tag-custom","9":"first","10":"outofstock","11":"shipping-taxable","12":"purchasable","13":"product-type-simple"},"yoast_head":"<!-- This site is optimized with the Yoast SEO plugin v27.3 - https:\/\/yoast.com\/product\/yoast-seo-wordpress\/ -->\n<title>2pcs Slippers \/ Custom for Laura | NomadHeat<\/title>\n<meta name=\"robots\" content=\"index, follow, max-snippet:-1, max-image-preview:large, max-video-preview:-1\" \/>\n<link rel=\"canonical\" href=\"https:\/\/nomadheat.com\/fr\/boutique\/2pcs-slippers-custom-for-laura\/\" \/>\n<meta property=\"og:locale\" content=\"fr_FR\" \/>\n<meta property=\"og:type\" content=\"article\" \/>\n<meta property=\"og:title\" content=\"2pcs Slippers \/ Custom for Laura | NomadHeat\" \/>\n<meta property=\"og:description\" content=\"2 pcs. SLIPPERS Pair 1: length of sole: please advise (see the scheme attached) Pair 2: length of sole: please advise (see the scheme attached) SHELL FABRIC: 100% Virgin Wool (Oeko-Tex certified) YOUR SHIPPING METHOD: \u2022 FREE FEDEX ECONOMY, 5-10 days transit time &#8212;&#8212;&#8212;&#8212;&#8212;&#8212;&#8212;&#8212;&#8211;\" \/>\n<meta property=\"og:url\" content=\"https:\/\/nomadheat.com\/fr\/boutique\/2pcs-slippers-custom-for-laura\/\" \/>\n<meta property=\"og:site_name\" content=\"NomadHeat\" \/>\n<meta property=\"article:modified_time\" content=\"2026-01-30T14:39:31+00:00\" \/>\n<meta property=\"og:image\" content=\"https:\/\/nomadheat.com\/wp-content\/uploads\/2021\/10\/favicon.webp\" \/>\n\t<meta property=\"og:image:width\" content=\"512\" \/>\n\t<meta property=\"og:image:height\" content=\"512\" \/>\n\t<meta property=\"og:image:type\" content=\"image\/webp\" \/>\n<meta name=\"twitter:card\" content=\"summary_large_image\" \/>\n<meta name=\"twitter:label1\" content=\"Dur\u00e9e de lecture estim\u00e9e\" \/>\n\t<meta name=\"twitter:data1\" content=\"1 minute\" \/>\n<script type=\"application\/ld+json\" class=\"yoast-schema-graph\">{\"@context\":\"https:\\\/\\\/schema.org\",\"@graph\":[{\"@type\":\"WebPage\",\"@id\":\"https:\\\/\\\/nomadheat.com\\\/shop\\\/2pcs-slippers-custom-for-laura\\\/\",\"url\":\"https:\\\/\\\/nomadheat.com\\\/shop\\\/2pcs-slippers-custom-for-laura\\\/\",\"name\":\"2pcs Slippers \\\/ Custom for Laura | NomadHeat\",\"isPartOf\":{\"@id\":\"https:\\\/\\\/nomadheat.com\\\/nl\\\/#website\"},\"primaryImageOfPage\":{\"@id\":\"https:\\\/\\\/nomadheat.com\\\/shop\\\/2pcs-slippers-custom-for-laura\\\/#primaryimage\"},\"image\":{\"@id\":\"https:\\\/\\\/nomadheat.com\\\/shop\\\/2pcs-slippers-custom-for-laura\\\/#primaryimage\"},\"thumbnailUrl\":\"https:\\\/\\\/nomadheat.com\\\/wp-content\\\/uploads\\\/2021\\\/10\\\/favicon.webp\",\"datePublished\":\"2026-01-30T09:50:38+00:00\",\"dateModified\":\"2026-01-30T14:39:31+00:00\",\"breadcrumb\":{\"@id\":\"https:\\\/\\\/nomadheat.com\\\/shop\\\/2pcs-slippers-custom-for-laura\\\/#breadcrumb\"},\"inLanguage\":\"fr-FR\",\"potentialAction\":[{\"@type\":\"ReadAction\",\"target\":[\"https:\\\/\\\/nomadheat.com\\\/shop\\\/2pcs-slippers-custom-for-laura\\\/\"]}]},{\"@type\":\"ImageObject\",\"inLanguage\":\"fr-FR\",\"@id\":\"https:\\\/\\\/nomadheat.com\\\/shop\\\/2pcs-slippers-custom-for-laura\\\/#primaryimage\",\"url\":\"https:\\\/\\\/nomadheat.com\\\/wp-content\\\/uploads\\\/2021\\\/10\\\/favicon.webp\",\"contentUrl\":\"https:\\\/\\\/nomadheat.com\\\/wp-content\\\/uploads\\\/2021\\\/10\\\/favicon.webp\",\"width\":512,\"height\":512},{\"@type\":\"BreadcrumbList\",\"@id\":\"https:\\\/\\\/nomadheat.com\\\/shop\\\/2pcs-slippers-custom-for-laura\\\/#breadcrumb\",\"itemListElement\":[{\"@type\":\"ListItem\",\"position\":1,\"name\":\"Home\",\"item\":\"https:\\\/\\\/nomadheat.com\\\/nl\\\/\"},{\"@type\":\"ListItem\",\"position\":2,\"name\":\"Shop\",\"item\":\"https:\\\/\\\/nomadheat.com\\\/sv\\\/butik\\\/\"},{\"@type\":\"ListItem\",\"position\":3,\"name\":\"2pcs Slippers \\\/ Custom for Laura\"}]},{\"@type\":\"WebSite\",\"@id\":\"https:\\\/\\\/nomadheat.com\\\/nl\\\/#website\",\"url\":\"https:\\\/\\\/nomadheat.com\\\/nl\\\/\",\"name\":\"NomadHeat\",\"description\":\"Handmade Wool Sleeping Bags\",\"publisher\":{\"@id\":\"https:\\\/\\\/nomadheat.com\\\/nl\\\/#organization\"},\"potentialAction\":[{\"@type\":\"SearchAction\",\"target\":{\"@type\":\"EntryPoint\",\"urlTemplate\":\"https:\\\/\\\/nomadheat.com\\\/nl\\\/?s={search_term_string}\"},\"query-input\":{\"@type\":\"PropertyValueSpecification\",\"valueRequired\":true,\"valueName\":\"search_term_string\"}}],\"inLanguage\":\"fr-FR\"},{\"@type\":\"Organization\",\"@id\":\"https:\\\/\\\/nomadheat.com\\\/nl\\\/#organization\",\"name\":\"Nomad Heat\",\"url\":\"https:\\\/\\\/nomadheat.com\\\/nl\\\/\",\"logo\":{\"@type\":\"ImageObject\",\"inLanguage\":\"fr-FR\",\"@id\":\"https:\\\/\\\/nomadheat.com\\\/nl\\\/#\\\/schema\\\/logo\\\/image\\\/\",\"url\":\"https:\\\/\\\/nomadheat.com\\\/wp-content\\\/uploads\\\/2021\\\/10\\\/favicon.png\",\"contentUrl\":\"https:\\\/\\\/nomadheat.com\\\/wp-content\\\/uploads\\\/2021\\\/10\\\/favicon.png\",\"width\":512,\"height\":512,\"caption\":\"Nomad Heat\"},\"image\":{\"@id\":\"https:\\\/\\\/nomadheat.com\\\/nl\\\/#\\\/schema\\\/logo\\\/image\\\/\"}}]}<\/script>\n<!-- \/ Yoast SEO plugin. -->","yoast_head_json":{"title":"2pcs Chaussons \/ Personnalis\u00e9s pour Laura | NomadHeat","robots":{"index":"index","follow":"follow","max-snippet":"max-snippet:-1","max-image-preview":"max-image-preview:large","max-video-preview":"max-video-preview:-1"},"canonical":"https:\/\/nomadheat.com\/fr\/boutique\/2pcs-slippers-custom-for-laura\/","og_locale":"fr_FR","og_type":"article","og_title":"2pcs Slippers \/ Custom for Laura | NomadHeat","og_description":"2 pcs. SLIPPERS Pair 1: length of sole: please advise (see the scheme attached) Pair 2: length of sole: please advise (see the scheme attached) SHELL FABRIC: 100% Virgin Wool (Oeko-Tex certified) YOUR SHIPPING METHOD: \u2022 FREE FEDEX ECONOMY, 5-10 days transit time &#8212;&#8212;&#8212;&#8212;&#8212;&#8212;&#8212;&#8212;&#8211;","og_url":"https:\/\/nomadheat.com\/fr\/boutique\/2pcs-slippers-custom-for-laura\/","og_site_name":"NomadHeat","article_modified_time":"2026-01-30T14:39:31+00:00","og_image":[{"width":512,"height":512,"url":"https:\/\/nomadheat.com\/wp-content\/uploads\/2021\/10\/favicon.webp","type":"image\/webp"}],"twitter_card":"summary_large_image","twitter_misc":{"Dur\u00e9e de lecture estim\u00e9e":"1 minute"},"schema":{"@context":"https:\/\/schema.org","@graph":[{"@type":"WebPage","@id":"https:\/\/nomadheat.com\/shop\/2pcs-slippers-custom-for-laura\/","url":"https:\/\/nomadheat.com\/shop\/2pcs-slippers-custom-for-laura\/","name":"2pcs Chaussons \/ Personnalis\u00e9s pour Laura | NomadHeat","isPartOf":{"@id":"https:\/\/nomadheat.com\/nl\/#website"},"primaryImageOfPage":{"@id":"https:\/\/nomadheat.com\/shop\/2pcs-slippers-custom-for-laura\/#primaryimage"},"image":{"@id":"https:\/\/nomadheat.com\/shop\/2pcs-slippers-custom-for-laura\/#primaryimage"},"thumbnailUrl":"https:\/\/nomadheat.com\/wp-content\/uploads\/2021\/10\/favicon.webp","datePublished":"2026-01-30T09:50:38+00:00","dateModified":"2026-01-30T14:39:31+00:00","breadcrumb":{"@id":"https:\/\/nomadheat.com\/shop\/2pcs-slippers-custom-for-laura\/#breadcrumb"},"inLanguage":"fr-FR","potentialAction":[{"@type":"ReadAction","target":["https:\/\/nomadheat.com\/shop\/2pcs-slippers-custom-for-laura\/"]}]},{"@type":"ImageObject","inLanguage":"fr-FR","@id":"https:\/\/nomadheat.com\/shop\/2pcs-slippers-custom-for-laura\/#primaryimage","url":"https:\/\/nomadheat.com\/wp-content\/uploads\/2021\/10\/favicon.webp","contentUrl":"https:\/\/nomadheat.com\/wp-content\/uploads\/2021\/10\/favicon.webp","width":512,"height":512},{"@type":"BreadcrumbList","@id":"https:\/\/nomadheat.com\/shop\/2pcs-slippers-custom-for-laura\/#breadcrumb","itemListElement":[{"@type":"ListItem","position":1,"name":"Home","item":"https:\/\/nomadheat.com\/nl\/"},{"@type":"ListItem","position":2,"name":"Shop","item":"https:\/\/nomadheat.com\/sv\/butik\/"},{"@type":"ListItem","position":3,"name":"2pcs Slippers \/ Custom for Laura"}]},{"@type":"WebSite","@id":"https:\/\/nomadheat.com\/nl\/#website","url":"https:\/\/nomadheat.com\/nl\/","name":"NomadHeat","description":"Sacs de couchage en laine faits \u00e0 la main","publisher":{"@id":"https:\/\/nomadheat.com\/nl\/#organization"},"potentialAction":[{"@type":"SearchAction","target":{"@type":"EntryPoint","urlTemplate":"https:\/\/nomadheat.com\/nl\/?s={search_term_string}"},"query-input":{"@type":"PropertyValueSpecification","valueRequired":true,"valueName":"search_term_string"}}],"inLanguage":"fr-FR"},{"@type":"Organization","@id":"https:\/\/nomadheat.com\/nl\/#organization","name":"Chaleur nomade","url":"https:\/\/nomadheat.com\/nl\/","logo":{"@type":"ImageObject","inLanguage":"fr-FR","@id":"https:\/\/nomadheat.com\/nl\/#\/schema\/logo\/image\/","url":"https:\/\/nomadheat.com\/wp-content\/uploads\/2021\/10\/favicon.png","contentUrl":"https:\/\/nomadheat.com\/wp-content\/uploads\/2021\/10\/favicon.png","width":512,"height":512,"caption":"Nomad Heat"},"image":{"@id":"https:\/\/nomadheat.com\/nl\/#\/schema\/logo\/image\/"}}]}},"_links":{"self":[{"href":"https:\/\/nomadheat.com\/fr\/wp-json\/wp\/v2\/product\/1816","targetHints":{"allow":["GET"]}}],"collection":[{"href":"https:\/\/nomadheat.com\/fr\/wp-json\/wp\/v2\/product"}],"about":[{"href":"https:\/\/nomadheat.com\/fr\/wp-json\/wp\/v2\/types\/product"}],"replies":[{"embeddable":true,"href":"https:\/\/nomadheat.com\/fr\/wp-json\/wp\/v2\/comments?post=1816"}],"wp:featuredmedia":[{"embeddable":true,"href":"https:\/\/nomadheat.com\/fr\/wp-json\/wp\/v2\/media\/1206"}],"wp:attachment":[{"href":"https:\/\/nomadheat.com\/fr\/wp-json\/wp\/v2\/media?parent=1816"}],"wp:term":[{"taxonomy":"product_brand","embeddable":true,"href":"https:\/\/nomadheat.com\/fr\/wp-json\/wp\/v2\/product_brand?post=1816"},{"taxonomy":"product_cat","embeddable":true,"href":"https:\/\/nomadheat.com\/fr\/wp-json\/wp\/v2\/product_cat?post=1816"},{"taxonomy":"product_tag","embeddable":true,"href":"https:\/\/nomadheat.com\/fr\/wp-json\/wp\/v2\/product_tag?post=1816"}],"curies":[{"name":"wp","href":"https:\/\/api.w.org\/{rel}","templated":true}]}}