{"id":1620,"date":"2025-03-28T17:53:02","date_gmt":"2025-03-28T15:53:02","guid":{"rendered":"https:\/\/nomadheat.com\/?post_type=product&#038;p=1620"},"modified":"2026-01-29T12:19:27","modified_gmt":"2026-01-29T10:19:27","slug":"travel-pouch","status":"publish","type":"product","link":"https:\/\/nomadheat.com\/fr\/shop\/travel-pouch\/","title":{"rendered":"Pochette de voyage Nomad Heat"},"content":{"rendered":"","protected":false},"excerpt":{"rendered":"<p>Une pochette enti\u00e8rement naturelle con\u00e7ue pour la vie en mouvement. Fabriqu\u00e9e \u00e0 partir de chutes de tissu durables, elle permet d'organiser vos affaires de camping tout en restant fid\u00e8le \u00e0 une mission z\u00e9ro d\u00e9chet. L\u00e9ger et robuste.<\/p>","protected":false},"featured_media":1621,"comment_status":"open","ping_status":"closed","template":"","meta":[],"product_brand":[],"product_cat":[20],"product_tag":[],"class_list":{"0":"post-1620","1":"product","2":"type-product","3":"status-publish","4":"has-post-thumbnail","6":"product_cat-accessories","8":"first","9":"instock","10":"shipping-taxable","11":"purchasable","12":"product-type-simple"},"yoast_head":"<!-- This site is optimized with the Yoast SEO plugin v27.4 - https:\/\/yoast.com\/product\/yoast-seo-wordpress\/ -->\n<title>Nomad Heat Travel Pouch | NomadHeat<\/title>\n<meta name=\"description\" content=\"An all-natural pouch designed for life on the move. Crafted from durable fabric offcuts, it keeps your camping essentials organized.\" \/>\n<meta name=\"robots\" content=\"index, follow, max-snippet:-1, max-image-preview:large, max-video-preview:-1\" \/>\n<link rel=\"canonical\" href=\"https:\/\/nomadheat.com\/fr\/boutique\/travel-pouch\/\" \/>\n<meta property=\"og:locale\" content=\"fr_FR\" \/>\n<meta property=\"og:type\" content=\"article\" \/>\n<meta property=\"og:title\" content=\"Nomad Heat Travel Pouch | NomadHeat\" \/>\n<meta property=\"og:description\" content=\"An all-natural pouch designed for life on the move. Crafted from durable fabric offcuts, it keeps your camping essentials organized.\" \/>\n<meta property=\"og:url\" content=\"https:\/\/nomadheat.com\/fr\/boutique\/travel-pouch\/\" \/>\n<meta property=\"og:site_name\" content=\"NomadHeat\" \/>\n<meta property=\"article:modified_time\" content=\"2026-01-29T10:19:27+00:00\" \/>\n<meta property=\"og:image\" content=\"https:\/\/nomadheat.com\/wp-content\/uploads\/2025\/03\/nh-travel-pouch-main.jpg\" \/>\n\t<meta property=\"og:image:width\" content=\"2000\" \/>\n\t<meta property=\"og:image:height\" content=\"1600\" \/>\n\t<meta property=\"og:image:type\" content=\"image\/jpeg\" \/>\n<meta name=\"twitter:card\" content=\"summary_large_image\" \/>\n<meta name=\"twitter:label1\" content=\"Dur\u00e9e de lecture estim\u00e9e\" \/>\n\t<meta name=\"twitter:data1\" content=\"1 minute\" \/>\n<script type=\"application\/ld+json\" class=\"yoast-schema-graph\">{\"@context\":\"https:\\\/\\\/schema.org\",\"@graph\":[{\"@type\":\"WebPage\",\"@id\":\"https:\\\/\\\/nomadheat.com\\\/shop\\\/travel-pouch\\\/\",\"url\":\"https:\\\/\\\/nomadheat.com\\\/shop\\\/travel-pouch\\\/\",\"name\":\"Nomad Heat Travel Pouch | NomadHeat\",\"isPartOf\":{\"@id\":\"https:\\\/\\\/nomadheat.com\\\/nl\\\/#website\"},\"primaryImageOfPage\":{\"@id\":\"https:\\\/\\\/nomadheat.com\\\/shop\\\/travel-pouch\\\/#primaryimage\"},\"image\":{\"@id\":\"https:\\\/\\\/nomadheat.com\\\/shop\\\/travel-pouch\\\/#primaryimage\"},\"thumbnailUrl\":\"https:\\\/\\\/nomadheat.com\\\/wp-content\\\/uploads\\\/2025\\\/03\\\/nh-travel-pouch-main.jpg\",\"datePublished\":\"2025-03-28T15:53:02+00:00\",\"dateModified\":\"2026-01-29T10:19:27+00:00\",\"description\":\"An all-natural pouch designed for life on the move. Crafted from durable fabric offcuts, it keeps your camping essentials organized.\",\"breadcrumb\":{\"@id\":\"https:\\\/\\\/nomadheat.com\\\/shop\\\/travel-pouch\\\/#breadcrumb\"},\"inLanguage\":\"fr-FR\",\"potentialAction\":[{\"@type\":\"ReadAction\",\"target\":[\"https:\\\/\\\/nomadheat.com\\\/shop\\\/travel-pouch\\\/\"]}]},{\"@type\":\"ImageObject\",\"inLanguage\":\"fr-FR\",\"@id\":\"https:\\\/\\\/nomadheat.com\\\/shop\\\/travel-pouch\\\/#primaryimage\",\"url\":\"https:\\\/\\\/nomadheat.com\\\/wp-content\\\/uploads\\\/2025\\\/03\\\/nh-travel-pouch-main.jpg\",\"contentUrl\":\"https:\\\/\\\/nomadheat.com\\\/wp-content\\\/uploads\\\/2025\\\/03\\\/nh-travel-pouch-main.jpg\",\"width\":2000,\"height\":1600},{\"@type\":\"BreadcrumbList\",\"@id\":\"https:\\\/\\\/nomadheat.com\\\/shop\\\/travel-pouch\\\/#breadcrumb\",\"itemListElement\":[{\"@type\":\"ListItem\",\"position\":1,\"name\":\"Home\",\"item\":\"https:\\\/\\\/nomadheat.com\\\/nl\\\/\"},{\"@type\":\"ListItem\",\"position\":2,\"name\":\"Shop\",\"item\":\"https:\\\/\\\/nomadheat.com\\\/sv\\\/butik\\\/\"},{\"@type\":\"ListItem\",\"position\":3,\"name\":\"Nomad Heat Travel Pouch\"}]},{\"@type\":\"WebSite\",\"@id\":\"https:\\\/\\\/nomadheat.com\\\/nl\\\/#website\",\"url\":\"https:\\\/\\\/nomadheat.com\\\/nl\\\/\",\"name\":\"NomadHeat\",\"description\":\"Handmade Wool Sleeping Bags\",\"publisher\":{\"@id\":\"https:\\\/\\\/nomadheat.com\\\/nl\\\/#organization\"},\"potentialAction\":[{\"@type\":\"SearchAction\",\"target\":{\"@type\":\"EntryPoint\",\"urlTemplate\":\"https:\\\/\\\/nomadheat.com\\\/nl\\\/?s={search_term_string}\"},\"query-input\":{\"@type\":\"PropertyValueSpecification\",\"valueRequired\":true,\"valueName\":\"search_term_string\"}}],\"inLanguage\":\"fr-FR\"},{\"@type\":\"Organization\",\"@id\":\"https:\\\/\\\/nomadheat.com\\\/nl\\\/#organization\",\"name\":\"Nomad Heat\",\"url\":\"https:\\\/\\\/nomadheat.com\\\/nl\\\/\",\"logo\":{\"@type\":\"ImageObject\",\"inLanguage\":\"fr-FR\",\"@id\":\"https:\\\/\\\/nomadheat.com\\\/nl\\\/#\\\/schema\\\/logo\\\/image\\\/\",\"url\":\"https:\\\/\\\/nomadheat.com\\\/wp-content\\\/uploads\\\/2021\\\/10\\\/favicon.png\",\"contentUrl\":\"https:\\\/\\\/nomadheat.com\\\/wp-content\\\/uploads\\\/2021\\\/10\\\/favicon.png\",\"width\":512,\"height\":512,\"caption\":\"Nomad Heat\"},\"image\":{\"@id\":\"https:\\\/\\\/nomadheat.com\\\/nl\\\/#\\\/schema\\\/logo\\\/image\\\/\"}}]}<\/script>\n<!-- \/ Yoast SEO plugin. -->","yoast_head_json":{"title":"Nomad Heat Travel Pouch | NomadHeat","description":"Une pochette enti\u00e8rement naturelle con\u00e7ue pour la vie en mouvement. Fabriqu\u00e9e \u00e0 partir de chutes de tissu durables, elle permet d'organiser les \u00e9l\u00e9ments essentiels du camping.","robots":{"index":"index","follow":"follow","max-snippet":"max-snippet:-1","max-image-preview":"max-image-preview:large","max-video-preview":"max-video-preview:-1"},"canonical":"https:\/\/nomadheat.com\/fr\/boutique\/travel-pouch\/","og_locale":"fr_FR","og_type":"article","og_title":"Nomad Heat Travel Pouch | NomadHeat","og_description":"An all-natural pouch designed for life on the move. Crafted from durable fabric offcuts, it keeps your camping essentials organized.","og_url":"https:\/\/nomadheat.com\/fr\/boutique\/travel-pouch\/","og_site_name":"NomadHeat","article_modified_time":"2026-01-29T10:19:27+00:00","og_image":[{"width":2000,"height":1600,"url":"https:\/\/nomadheat.com\/wp-content\/uploads\/2025\/03\/nh-travel-pouch-main.jpg","type":"image\/jpeg"}],"twitter_card":"summary_large_image","twitter_misc":{"Dur\u00e9e de lecture estim\u00e9e":"1 minute"},"schema":{"@context":"https:\/\/schema.org","@graph":[{"@type":"WebPage","@id":"https:\/\/nomadheat.com\/shop\/travel-pouch\/","url":"https:\/\/nomadheat.com\/shop\/travel-pouch\/","name":"Nomad Heat Travel Pouch | NomadHeat","isPartOf":{"@id":"https:\/\/nomadheat.com\/nl\/#website"},"primaryImageOfPage":{"@id":"https:\/\/nomadheat.com\/shop\/travel-pouch\/#primaryimage"},"image":{"@id":"https:\/\/nomadheat.com\/shop\/travel-pouch\/#primaryimage"},"thumbnailUrl":"https:\/\/nomadheat.com\/wp-content\/uploads\/2025\/03\/nh-travel-pouch-main.jpg","datePublished":"2025-03-28T15:53:02+00:00","dateModified":"2026-01-29T10:19:27+00:00","description":"Une pochette enti\u00e8rement naturelle con\u00e7ue pour la vie en mouvement. Fabriqu\u00e9e \u00e0 partir de chutes de tissu durables, elle permet d'organiser les \u00e9l\u00e9ments essentiels du camping.","breadcrumb":{"@id":"https:\/\/nomadheat.com\/shop\/travel-pouch\/#breadcrumb"},"inLanguage":"fr-FR","potentialAction":[{"@type":"ReadAction","target":["https:\/\/nomadheat.com\/shop\/travel-pouch\/"]}]},{"@type":"ImageObject","inLanguage":"fr-FR","@id":"https:\/\/nomadheat.com\/shop\/travel-pouch\/#primaryimage","url":"https:\/\/nomadheat.com\/wp-content\/uploads\/2025\/03\/nh-travel-pouch-main.jpg","contentUrl":"https:\/\/nomadheat.com\/wp-content\/uploads\/2025\/03\/nh-travel-pouch-main.jpg","width":2000,"height":1600},{"@type":"BreadcrumbList","@id":"https:\/\/nomadheat.com\/shop\/travel-pouch\/#breadcrumb","itemListElement":[{"@type":"ListItem","position":1,"name":"Home","item":"https:\/\/nomadheat.com\/nl\/"},{"@type":"ListItem","position":2,"name":"Shop","item":"https:\/\/nomadheat.com\/sv\/butik\/"},{"@type":"ListItem","position":3,"name":"Nomad Heat Travel Pouch"}]},{"@type":"WebSite","@id":"https:\/\/nomadheat.com\/nl\/#website","url":"https:\/\/nomadheat.com\/nl\/","name":"NomadHeat","description":"Sacs de couchage en laine faits \u00e0 la main","publisher":{"@id":"https:\/\/nomadheat.com\/nl\/#organization"},"potentialAction":[{"@type":"SearchAction","target":{"@type":"EntryPoint","urlTemplate":"https:\/\/nomadheat.com\/nl\/?s={search_term_string}"},"query-input":{"@type":"PropertyValueSpecification","valueRequired":true,"valueName":"search_term_string"}}],"inLanguage":"fr-FR"},{"@type":"Organization","@id":"https:\/\/nomadheat.com\/nl\/#organization","name":"Chaleur nomade","url":"https:\/\/nomadheat.com\/nl\/","logo":{"@type":"ImageObject","inLanguage":"fr-FR","@id":"https:\/\/nomadheat.com\/nl\/#\/schema\/logo\/image\/","url":"https:\/\/nomadheat.com\/wp-content\/uploads\/2021\/10\/favicon.png","contentUrl":"https:\/\/nomadheat.com\/wp-content\/uploads\/2021\/10\/favicon.png","width":512,"height":512,"caption":"Nomad Heat"},"image":{"@id":"https:\/\/nomadheat.com\/nl\/#\/schema\/logo\/image\/"}}]}},"_links":{"self":[{"href":"https:\/\/nomadheat.com\/fr\/wp-json\/wp\/v2\/product\/1620","targetHints":{"allow":["GET"]}}],"collection":[{"href":"https:\/\/nomadheat.com\/fr\/wp-json\/wp\/v2\/product"}],"about":[{"href":"https:\/\/nomadheat.com\/fr\/wp-json\/wp\/v2\/types\/product"}],"replies":[{"embeddable":true,"href":"https:\/\/nomadheat.com\/fr\/wp-json\/wp\/v2\/comments?post=1620"}],"wp:featuredmedia":[{"embeddable":true,"href":"https:\/\/nomadheat.com\/fr\/wp-json\/wp\/v2\/media\/1621"}],"wp:attachment":[{"href":"https:\/\/nomadheat.com\/fr\/wp-json\/wp\/v2\/media?parent=1620"}],"wp:term":[{"taxonomy":"product_brand","embeddable":true,"href":"https:\/\/nomadheat.com\/fr\/wp-json\/wp\/v2\/product_brand?post=1620"},{"taxonomy":"product_cat","embeddable":true,"href":"https:\/\/nomadheat.com\/fr\/wp-json\/wp\/v2\/product_cat?post=1620"},{"taxonomy":"product_tag","embeddable":true,"href":"https:\/\/nomadheat.com\/fr\/wp-json\/wp\/v2\/product_tag?post=1620"}],"curies":[{"name":"wp","href":"https:\/\/api.w.org\/{rel}","templated":true}]}}