{"id":1331,"date":"2024-05-21T15:40:22","date_gmt":"2024-05-21T12:40:22","guid":{"rendered":"https:\/\/nomadheat.com\/?post_type=product&#038;p=1331"},"modified":"2024-05-21T16:06:29","modified_gmt":"2024-05-21T13:06:29","slug":"coussin-de-camping-2","status":"publish","type":"product","link":"https:\/\/nomadheat.com\/fr\/shop\/sleeping-mat\/","title":{"rendered":"Matelas de couchage en laine pour le camping"},"content":{"rendered":"<p><strong>COULEUR<\/strong>: gris naturel<\/p>\n<p><strong>SAC DE TRANSPORT EN OPTION :<\/strong><\/p>\n<ul>\n<li>oui (+ US$ 18)<\/li>\n<li>non<\/li>\n<\/ul>\n<p><b>POIDS : <\/b>3,5 lbs (1,6 kg)<\/p>\n<p><strong>ENTRETIEN DU PRODUIT<\/strong><br \/>\nNos produits sont construits pour durer \u00e0 partir de mat\u00e9riaux durables de haute qualit\u00e9. Pour les utiliser plus longtemps, veillez \u00e0 suivre les conseils suivants <a href=\"https:\/\/nomadheat.com\/fr\/soins\/\">Instructions d'entretien<\/a>.<\/p>","protected":false},"excerpt":{"rendered":"<p><strong>Fait \u00e0 la main<\/strong>,\u00a0<strong>personnalisable<\/strong>,\u00a0<strong>enti\u00e8rement naturel<\/strong>\u00a0matelas en laine tiss\u00e9e pour le camping. Fournit une isolation thermique imbattable et un contr\u00f4le de la temp\u00e9rature tout au long de la nuit. Convient aux voyageurs qui partent \u00e0 l'aventure avec une tente. L\u00e9ger pour une randonn\u00e9e confortable. Combinez-le avec un sac de couchage en laine pour une exp\u00e9rience de camping optimale.<br \/>\nCompl\u00e8tement\u00a0<strong>sans produits chimiques<\/strong>, avec\u00a0<strong>pas de d\u00e9gagement gazeux<\/strong>\u00a0et\u00a0<strong>z\u00e9ro COV<\/strong>.\u00a0<strong>Hypoallerg\u00e9nique<\/strong>La m\u00e9thode d'\u00e9valuation de l'impact sur l'environnement est adapt\u00e9e aux personnes souffrant d'un handicap physique ou mental.\u00a0<strong>sensibilit\u00e9s chimiques,\u00a0<\/strong>y compris<strong>\u00a0MCS. Naturellement<\/strong>\u00a0<strong>r\u00e9sistant aux acariens et aux moisissures, anti-microbien<\/strong>,\u00a0<strong>anti-bact\u00e9rien,\u00a0<\/strong>et<strong>\u00a0r\u00e9sistant \u00e0 la flamme.<\/strong><br \/>\n100%<strong>\u00a0biod\u00e9gradable<\/strong>\u00a0en utilisant uniquement\u00a0<strong>durable<\/strong>\u00a0<strong>renouvelable<\/strong>\u00a0les mat\u00e9riaux.<\/p>\n<p><strong>TAILLE :\u00a0<\/strong>23,6 x 79\u2033 (60 x 200 cm)<\/p>","protected":false},"featured_media":1340,"comment_status":"open","ping_status":"closed","template":"","meta":[],"product_brand":[],"product_cat":[20],"product_tag":[22,33,48,41,42,23,36,39,32,40,49],"class_list":{"0":"post-1331","1":"product","2":"type-product","3":"status-publish","4":"has-post-thumbnail","6":"product_cat-accessories","7":"product_tag-camping","8":"product_tag-camping-essentials","9":"product_tag-camping-mattress","10":"product_tag-glamping","11":"product_tag-hiking-trekking","12":"product_tag-outdoor-sleeping","13":"product_tag-outspan","14":"product_tag-overlanding","15":"product_tag-overlanding-gear","16":"product_tag-slow-living","17":"product_tag-tent-pad","19":"first","20":"instock","21":"shipping-taxable","22":"purchasable","23":"product-type-variable"},"yoast_head":"<!-- This site is optimized with the Yoast SEO plugin v27.4 - https:\/\/yoast.com\/product\/yoast-seo-wordpress\/ -->\n<title>Wool Sleeping Mat for Camping | NomadHeat<\/title>\n<meta name=\"description\" content=\"Extremely good restorative sleep with the ultimately luxurious sleeping mat. Suitable for travelers going on camping adventures with tents and RVs.\" \/>\n<meta name=\"robots\" content=\"index, follow, max-snippet:-1, max-image-preview:large, max-video-preview:-1\" \/>\n<link rel=\"canonical\" href=\"https:\/\/nomadheat.com\/fr\/boutique\/coussin-de-camping-2\/\" \/>\n<meta property=\"og:locale\" content=\"fr_FR\" \/>\n<meta property=\"og:type\" content=\"article\" \/>\n<meta property=\"og:title\" content=\"Wool Sleeping Mat for Camping | NomadHeat\" \/>\n<meta property=\"og:description\" content=\"Extremely good restorative sleep with the ultimately luxurious sleeping mat. Suitable for travelers going on camping adventures with tents and RVs.\" \/>\n<meta property=\"og:url\" content=\"https:\/\/nomadheat.com\/fr\/boutique\/coussin-de-camping-2\/\" \/>\n<meta property=\"og:site_name\" content=\"NomadHeat\" \/>\n<meta property=\"article:modified_time\" content=\"2024-05-21T13:06:29+00:00\" \/>\n<meta property=\"og:image\" content=\"https:\/\/nomadheat.com\/wp-content\/uploads\/2024\/05\/Nomad-Heat-Wool-Sleeping-Mat-for-Camping.jpg\" \/>\n\t<meta property=\"og:image:width\" content=\"1200\" \/>\n\t<meta property=\"og:image:height\" content=\"960\" \/>\n\t<meta property=\"og:image:type\" content=\"image\/jpeg\" \/>\n<meta name=\"twitter:card\" content=\"summary_large_image\" \/>\n<meta name=\"twitter:label1\" content=\"Dur\u00e9e de lecture estim\u00e9e\" \/>\n\t<meta name=\"twitter:data1\" content=\"1 minute\" \/>\n<script type=\"application\/ld+json\" class=\"yoast-schema-graph\">{\"@context\":\"https:\\\/\\\/schema.org\",\"@graph\":[{\"@type\":\"WebPage\",\"@id\":\"https:\\\/\\\/nomadheat.com\\\/ja\\\/%e3%82%b7%e3%83%a7%e3%83%83%e3%83%97\\\/%e3%82%ad%e3%83%a3%e3%83%b3%e3%83%94%e3%83%b3%e3%82%b0%e3%83%91%e3%83%83%e3%83%89-2\\\/\",\"url\":\"https:\\\/\\\/nomadheat.com\\\/ja\\\/%e3%82%b7%e3%83%a7%e3%83%83%e3%83%97\\\/%e3%82%ad%e3%83%a3%e3%83%b3%e3%83%94%e3%83%b3%e3%82%b0%e3%83%91%e3%83%83%e3%83%89-2\\\/\",\"name\":\"Wool Sleeping Mat for Camping | NomadHeat\",\"isPartOf\":{\"@id\":\"https:\\\/\\\/nomadheat.com\\\/nl\\\/#website\"},\"primaryImageOfPage\":{\"@id\":\"https:\\\/\\\/nomadheat.com\\\/ja\\\/%e3%82%b7%e3%83%a7%e3%83%83%e3%83%97\\\/%e3%82%ad%e3%83%a3%e3%83%b3%e3%83%94%e3%83%b3%e3%82%b0%e3%83%91%e3%83%83%e3%83%89-2\\\/#primaryimage\"},\"image\":{\"@id\":\"https:\\\/\\\/nomadheat.com\\\/ja\\\/%e3%82%b7%e3%83%a7%e3%83%83%e3%83%97\\\/%e3%82%ad%e3%83%a3%e3%83%b3%e3%83%94%e3%83%b3%e3%82%b0%e3%83%91%e3%83%83%e3%83%89-2\\\/#primaryimage\"},\"thumbnailUrl\":\"https:\\\/\\\/nomadheat.com\\\/wp-content\\\/uploads\\\/2024\\\/05\\\/Nomad-Heat-Wool-Sleeping-Mat-for-Camping.jpg\",\"datePublished\":\"2024-05-21T12:40:22+00:00\",\"dateModified\":\"2024-05-21T13:06:29+00:00\",\"description\":\"Extremely good restorative sleep with the ultimately luxurious sleeping mat. Suitable for travelers going on camping adventures with tents and RVs.\",\"breadcrumb\":{\"@id\":\"https:\\\/\\\/nomadheat.com\\\/ja\\\/%e3%82%b7%e3%83%a7%e3%83%83%e3%83%97\\\/%e3%82%ad%e3%83%a3%e3%83%b3%e3%83%94%e3%83%b3%e3%82%b0%e3%83%91%e3%83%83%e3%83%89-2\\\/#breadcrumb\"},\"inLanguage\":\"fr-FR\",\"potentialAction\":[{\"@type\":\"ReadAction\",\"target\":[\"https:\\\/\\\/nomadheat.com\\\/ja\\\/%e3%82%b7%e3%83%a7%e3%83%83%e3%83%97\\\/%e3%82%ad%e3%83%a3%e3%83%b3%e3%83%94%e3%83%b3%e3%82%b0%e3%83%91%e3%83%83%e3%83%89-2\\\/\"]}]},{\"@type\":\"ImageObject\",\"inLanguage\":\"fr-FR\",\"@id\":\"https:\\\/\\\/nomadheat.com\\\/ja\\\/%e3%82%b7%e3%83%a7%e3%83%83%e3%83%97\\\/%e3%82%ad%e3%83%a3%e3%83%b3%e3%83%94%e3%83%b3%e3%82%b0%e3%83%91%e3%83%83%e3%83%89-2\\\/#primaryimage\",\"url\":\"https:\\\/\\\/nomadheat.com\\\/wp-content\\\/uploads\\\/2024\\\/05\\\/Nomad-Heat-Wool-Sleeping-Mat-for-Camping.jpg\",\"contentUrl\":\"https:\\\/\\\/nomadheat.com\\\/wp-content\\\/uploads\\\/2024\\\/05\\\/Nomad-Heat-Wool-Sleeping-Mat-for-Camping.jpg\",\"width\":1200,\"height\":960},{\"@type\":\"BreadcrumbList\",\"@id\":\"https:\\\/\\\/nomadheat.com\\\/ja\\\/%e3%82%b7%e3%83%a7%e3%83%83%e3%83%97\\\/%e3%82%ad%e3%83%a3%e3%83%b3%e3%83%94%e3%83%b3%e3%82%b0%e3%83%91%e3%83%83%e3%83%89-2\\\/#breadcrumb\",\"itemListElement\":[{\"@type\":\"ListItem\",\"position\":1,\"name\":\"Home\",\"item\":\"https:\\\/\\\/nomadheat.com\\\/nl\\\/\"},{\"@type\":\"ListItem\",\"position\":2,\"name\":\"Shop\",\"item\":\"https:\\\/\\\/nomadheat.com\\\/sv\\\/butik\\\/\"},{\"@type\":\"ListItem\",\"position\":3,\"name\":\"Wool Sleeping Mat for Camping\"}]},{\"@type\":\"WebSite\",\"@id\":\"https:\\\/\\\/nomadheat.com\\\/nl\\\/#website\",\"url\":\"https:\\\/\\\/nomadheat.com\\\/nl\\\/\",\"name\":\"NomadHeat\",\"description\":\"Handmade Wool Sleeping Bags\",\"publisher\":{\"@id\":\"https:\\\/\\\/nomadheat.com\\\/nl\\\/#organization\"},\"potentialAction\":[{\"@type\":\"SearchAction\",\"target\":{\"@type\":\"EntryPoint\",\"urlTemplate\":\"https:\\\/\\\/nomadheat.com\\\/nl\\\/?s={search_term_string}\"},\"query-input\":{\"@type\":\"PropertyValueSpecification\",\"valueRequired\":true,\"valueName\":\"search_term_string\"}}],\"inLanguage\":\"fr-FR\"},{\"@type\":\"Organization\",\"@id\":\"https:\\\/\\\/nomadheat.com\\\/nl\\\/#organization\",\"name\":\"Nomad Heat\",\"url\":\"https:\\\/\\\/nomadheat.com\\\/nl\\\/\",\"logo\":{\"@type\":\"ImageObject\",\"inLanguage\":\"fr-FR\",\"@id\":\"https:\\\/\\\/nomadheat.com\\\/nl\\\/#\\\/schema\\\/logo\\\/image\\\/\",\"url\":\"https:\\\/\\\/nomadheat.com\\\/wp-content\\\/uploads\\\/2021\\\/10\\\/favicon.png\",\"contentUrl\":\"https:\\\/\\\/nomadheat.com\\\/wp-content\\\/uploads\\\/2021\\\/10\\\/favicon.png\",\"width\":512,\"height\":512,\"caption\":\"Nomad Heat\"},\"image\":{\"@id\":\"https:\\\/\\\/nomadheat.com\\\/nl\\\/#\\\/schema\\\/logo\\\/image\\\/\"}}]}<\/script>\n<!-- \/ Yoast SEO plugin. -->","yoast_head_json":{"title":"Matelas de couchage en laine pour le camping | NomadHeat","description":"Un sommeil extr\u00eamement r\u00e9parateur gr\u00e2ce \u00e0 un matelas de couchage extr\u00eamement luxueux. Convient aux voyageurs qui partent \u00e0 l'aventure en camping avec des tentes et des v\u00e9hicules de loisirs.","robots":{"index":"index","follow":"follow","max-snippet":"max-snippet:-1","max-image-preview":"max-image-preview:large","max-video-preview":"max-video-preview:-1"},"canonical":"https:\/\/nomadheat.com\/fr\/boutique\/coussin-de-camping-2\/","og_locale":"fr_FR","og_type":"article","og_title":"Wool Sleeping Mat for Camping | NomadHeat","og_description":"Extremely good restorative sleep with the ultimately luxurious sleeping mat. Suitable for travelers going on camping adventures with tents and RVs.","og_url":"https:\/\/nomadheat.com\/fr\/boutique\/coussin-de-camping-2\/","og_site_name":"NomadHeat","article_modified_time":"2024-05-21T13:06:29+00:00","og_image":[{"width":1200,"height":960,"url":"https:\/\/nomadheat.com\/wp-content\/uploads\/2024\/05\/Nomad-Heat-Wool-Sleeping-Mat-for-Camping.jpg","type":"image\/jpeg"}],"twitter_card":"summary_large_image","twitter_misc":{"Dur\u00e9e de lecture estim\u00e9e":"1 minute"},"schema":{"@context":"https:\/\/schema.org","@graph":[{"@type":"WebPage","@id":"https:\/\/nomadheat.com\/ja\/%e3%82%b7%e3%83%a7%e3%83%83%e3%83%97\/%e3%82%ad%e3%83%a3%e3%83%b3%e3%83%94%e3%83%b3%e3%82%b0%e3%83%91%e3%83%83%e3%83%89-2\/","url":"https:\/\/nomadheat.com\/ja\/%e3%82%b7%e3%83%a7%e3%83%83%e3%83%97\/%e3%82%ad%e3%83%a3%e3%83%b3%e3%83%94%e3%83%b3%e3%82%b0%e3%83%91%e3%83%83%e3%83%89-2\/","name":"Matelas de couchage en laine pour le camping | NomadHeat","isPartOf":{"@id":"https:\/\/nomadheat.com\/nl\/#website"},"primaryImageOfPage":{"@id":"https:\/\/nomadheat.com\/ja\/%e3%82%b7%e3%83%a7%e3%83%83%e3%83%97\/%e3%82%ad%e3%83%a3%e3%83%b3%e3%83%94%e3%83%b3%e3%82%b0%e3%83%91%e3%83%83%e3%83%89-2\/#primaryimage"},"image":{"@id":"https:\/\/nomadheat.com\/ja\/%e3%82%b7%e3%83%a7%e3%83%83%e3%83%97\/%e3%82%ad%e3%83%a3%e3%83%b3%e3%83%94%e3%83%b3%e3%82%b0%e3%83%91%e3%83%83%e3%83%89-2\/#primaryimage"},"thumbnailUrl":"https:\/\/nomadheat.com\/wp-content\/uploads\/2024\/05\/Nomad-Heat-Wool-Sleeping-Mat-for-Camping.jpg","datePublished":"2024-05-21T12:40:22+00:00","dateModified":"2024-05-21T13:06:29+00:00","description":"Un sommeil extr\u00eamement r\u00e9parateur gr\u00e2ce \u00e0 un matelas de couchage extr\u00eamement luxueux. Convient aux voyageurs qui partent \u00e0 l'aventure en camping avec des tentes et des v\u00e9hicules de loisirs.","breadcrumb":{"@id":"https:\/\/nomadheat.com\/ja\/%e3%82%b7%e3%83%a7%e3%83%83%e3%83%97\/%e3%82%ad%e3%83%a3%e3%83%b3%e3%83%94%e3%83%b3%e3%82%b0%e3%83%91%e3%83%83%e3%83%89-2\/#breadcrumb"},"inLanguage":"fr-FR","potentialAction":[{"@type":"ReadAction","target":["https:\/\/nomadheat.com\/ja\/%e3%82%b7%e3%83%a7%e3%83%83%e3%83%97\/%e3%82%ad%e3%83%a3%e3%83%b3%e3%83%94%e3%83%b3%e3%82%b0%e3%83%91%e3%83%83%e3%83%89-2\/"]}]},{"@type":"ImageObject","inLanguage":"fr-FR","@id":"https:\/\/nomadheat.com\/ja\/%e3%82%b7%e3%83%a7%e3%83%83%e3%83%97\/%e3%82%ad%e3%83%a3%e3%83%b3%e3%83%94%e3%83%b3%e3%82%b0%e3%83%91%e3%83%83%e3%83%89-2\/#primaryimage","url":"https:\/\/nomadheat.com\/wp-content\/uploads\/2024\/05\/Nomad-Heat-Wool-Sleeping-Mat-for-Camping.jpg","contentUrl":"https:\/\/nomadheat.com\/wp-content\/uploads\/2024\/05\/Nomad-Heat-Wool-Sleeping-Mat-for-Camping.jpg","width":1200,"height":960},{"@type":"BreadcrumbList","@id":"https:\/\/nomadheat.com\/ja\/%e3%82%b7%e3%83%a7%e3%83%83%e3%83%97\/%e3%82%ad%e3%83%a3%e3%83%b3%e3%83%94%e3%83%b3%e3%82%b0%e3%83%91%e3%83%83%e3%83%89-2\/#breadcrumb","itemListElement":[{"@type":"ListItem","position":1,"name":"Home","item":"https:\/\/nomadheat.com\/nl\/"},{"@type":"ListItem","position":2,"name":"Shop","item":"https:\/\/nomadheat.com\/sv\/butik\/"},{"@type":"ListItem","position":3,"name":"Wool Sleeping Mat for Camping"}]},{"@type":"WebSite","@id":"https:\/\/nomadheat.com\/nl\/#website","url":"https:\/\/nomadheat.com\/nl\/","name":"NomadHeat","description":"Sacs de couchage en laine faits \u00e0 la main","publisher":{"@id":"https:\/\/nomadheat.com\/nl\/#organization"},"potentialAction":[{"@type":"SearchAction","target":{"@type":"EntryPoint","urlTemplate":"https:\/\/nomadheat.com\/nl\/?s={search_term_string}"},"query-input":{"@type":"PropertyValueSpecification","valueRequired":true,"valueName":"search_term_string"}}],"inLanguage":"fr-FR"},{"@type":"Organization","@id":"https:\/\/nomadheat.com\/nl\/#organization","name":"Chaleur nomade","url":"https:\/\/nomadheat.com\/nl\/","logo":{"@type":"ImageObject","inLanguage":"fr-FR","@id":"https:\/\/nomadheat.com\/nl\/#\/schema\/logo\/image\/","url":"https:\/\/nomadheat.com\/wp-content\/uploads\/2021\/10\/favicon.png","contentUrl":"https:\/\/nomadheat.com\/wp-content\/uploads\/2021\/10\/favicon.png","width":512,"height":512,"caption":"Nomad Heat"},"image":{"@id":"https:\/\/nomadheat.com\/nl\/#\/schema\/logo\/image\/"}}]}},"_links":{"self":[{"href":"https:\/\/nomadheat.com\/fr\/wp-json\/wp\/v2\/product\/1331","targetHints":{"allow":["GET"]}}],"collection":[{"href":"https:\/\/nomadheat.com\/fr\/wp-json\/wp\/v2\/product"}],"about":[{"href":"https:\/\/nomadheat.com\/fr\/wp-json\/wp\/v2\/types\/product"}],"replies":[{"embeddable":true,"href":"https:\/\/nomadheat.com\/fr\/wp-json\/wp\/v2\/comments?post=1331"}],"wp:featuredmedia":[{"embeddable":true,"href":"https:\/\/nomadheat.com\/fr\/wp-json\/wp\/v2\/media\/1340"}],"wp:attachment":[{"href":"https:\/\/nomadheat.com\/fr\/wp-json\/wp\/v2\/media?parent=1331"}],"wp:term":[{"taxonomy":"product_brand","embeddable":true,"href":"https:\/\/nomadheat.com\/fr\/wp-json\/wp\/v2\/product_brand?post=1331"},{"taxonomy":"product_cat","embeddable":true,"href":"https:\/\/nomadheat.com\/fr\/wp-json\/wp\/v2\/product_cat?post=1331"},{"taxonomy":"product_tag","embeddable":true,"href":"https:\/\/nomadheat.com\/fr\/wp-json\/wp\/v2\/product_tag?post=1331"}],"curies":[{"name":"wp","href":"https:\/\/api.w.org\/{rel}","templated":true}]}}