{"id":428,"date":"2021-11-05T17:21:12","date_gmt":"2021-11-05T15:21:12","guid":{"rendered":"https:\/\/nomadheat.com\/?page_id=428"},"modified":"2022-11-14T15:52:44","modified_gmt":"2022-11-14T13:52:44","slug":"avantages","status":"publish","type":"page","link":"https:\/\/nomadheat.com\/fr\/benefits\/","title":{"rendered":"Les avantages des fibres naturelles"},"content":{"rendered":"<div class=\"wpb-content-wrapper\"><div  class=\"sec_row container\"><div class=\"vc_row wpb_row vc_row-fluid vc_row-o-equal-height vc_row-flex\"><div class=\"wpb_column vc_column_container vc_col-sm-6 et-dark-column\"><div class=\"vc_column-inner\"><div class=\"wpb_wrapper\">\n\t<div class=\"wpb_text_column wpb_content_element\" >\n\t\t<div class=\"wpb_wrapper\">\n\t\t\t<h3>Les avantages de la laine et du molleton de laine<\/h3>\n<ul>\n<li><strong>Durabilit\u00e9 environnementale<\/strong><strong>, <\/strong><strong>Renouvelable, biod\u00e9gradable et durable<\/strong>- La laine est difficilement contestable pour sa durabilit\u00e9. C'est un mat\u00e9riau renouvelable, car une fois coup\u00e9e, elle repousse naturellement. En fin de vie, la laine est enti\u00e8rement biod\u00e9gradable dans le sol (et dans l'eau), lib\u00e9rant d'importants nutriments. Sa durabilit\u00e9 et sa solidit\u00e9 sont dues au fait que les fibres peuvent \u00eatre repli\u00e9es sur elles-m\u00eames 20 000 fois avant de se rompre (pour mettre cela en perspective, le coton se rompt apr\u00e8s 3 200 replis et les fibres de rayonne ne r\u00e9sistent que 75 fois !)<\/li>\n<li><strong>Hypoallerg\u00e9nique<\/strong>- Les acariens se d\u00e9veloppent dans un environnement chaud et humide et sont la cause principale des allergies et de l'asthme. Le duvet et les mati\u00e8res synth\u00e9tiques utilis\u00e9s dans la literie constituent l'un de leurs milieux de pr\u00e9dilection. La laine est naturellement r\u00e9sistante aux acariens et, par cons\u00e9quent, la literie et les sacs de couchage en laine constituent une merveilleuse alternative aux plumes et aux mati\u00e8res synth\u00e9tiques.<\/li>\n<li><strong>R\u00e9gulation de la temp\u00e9rature<\/strong>- La laine est un bouclier qui r\u00e9siste \u00e0 tous les temps. Elle garde la fra\u00eecheur en \u00e9t\u00e9 et la chaleur en hiver.<\/li>\n<li><strong>Hydrofuge<\/strong>- La laine \u00e9loigne l'humidit\u00e9 ext\u00e9rieure de la peau et \u00e9vacue en m\u00eame temps la transpiration, ce qui permet de garder le corps au chaud et au sec.<\/li>\n<li><strong>R\u00e9sistant au feu<\/strong>- La laine \u00e9tant naturellement ignifuge, il n'est pas n\u00e9cessaire d'y ajouter des produits chimiques lorsqu'elle est utilis\u00e9e dans la literie.<\/li>\n<li><strong>R\u00e9sistant \u00e0 la moisissure<\/strong>- Les fibres de laine ont une propri\u00e9t\u00e9 naturelle d'\u00e9vacuation de l'eau qui emp\u00eache l'humidit\u00e9 d'\u00eatre retenue dans le tissu. En plus de garder la peau s\u00e8che, cette qualit\u00e9 inhibe naturellement la moisissure. C'est la raison pour laquelle elle inhibe \u00e9galement les bact\u00e9ries et r\u00e9duit ainsi les odeurs corporelles.<\/li>\n<\/ul>\n<p><strong>\u00a0<\/strong><\/p>\n\n\t\t<\/div>\n\t<\/div>\n<\/div><\/div><\/div><div class=\"wpb_column vc_column_container vc_col-sm-6 et-dark-column\"><div class=\"vc_column-inner\"><div class=\"wpb_wrapper\">\n\t<div  class=\"wpb_single_image wpb_content_element vc_align_left wpb_content_element\">\n\t\t\n\t\t<figure class=\"wpb_wrapper vc_figure\">\n\t\t\t<div class=\"vc_single_image-wrapper   vc_box_border_grey\"><img decoding=\"async\" data-vc-zoom=\"https:\/\/nomadheat.com\/wp-content\/uploads\/2021\/11\/Nomad-Heat-materials-wool-1024x683.jpg\" width=\"1024\" height=\"683\" data-src=\"https:\/\/nomadheat.com\/wp-content\/uploads\/2021\/11\/Nomad-Heat-materials-wool-1024x683.jpg\" class=\"vc_single_image-img attachment-large lazyload\" alt=\"Mat\u00e9riaux de chauffage Nomad - laine\" title=\"Mat\u00e9riaux de chauffage Nomad - laine\" data-srcset=\"https:\/\/nomadheat.com\/wp-content\/uploads\/2021\/11\/Nomad-Heat-materials-wool-1024x683.jpg 1024w, https:\/\/nomadheat.com\/wp-content\/uploads\/2021\/11\/Nomad-Heat-materials-wool-300x200.jpg 300w, https:\/\/nomadheat.com\/wp-content\/uploads\/2021\/11\/Nomad-Heat-materials-wool-768x512.jpg 768w, https:\/\/nomadheat.com\/wp-content\/uploads\/2021\/11\/Nomad-Heat-materials-wool-150x100.jpg 150w, https:\/\/nomadheat.com\/wp-content\/uploads\/2021\/11\/Nomad-Heat-materials-wool-600x400.jpg 600w, https:\/\/nomadheat.com\/wp-content\/uploads\/2021\/11\/Nomad-Heat-materials-wool-900x600.jpg 900w, https:\/\/nomadheat.com\/wp-content\/uploads\/2021\/11\/Nomad-Heat-materials-wool.jpg 1300w\" data-sizes=\"(max-width: 1024px) 100vw, 1024px\" src=\"data:image\/svg+xml;base64,PHN2ZyB3aWR0aD0iMSIgaGVpZ2h0PSIxIiB4bWxucz0iaHR0cDovL3d3dy53My5vcmcvMjAwMC9zdmciPjwvc3ZnPg==\" style=\"--smush-placeholder-width: 1024px; --smush-placeholder-aspect-ratio: 1024\/683;\" \/><\/div>\n\t\t<\/figure>\n\t<\/div>\n<\/div><\/div><\/div><\/div><\/div><div  class=\"sec_row container\"><div class=\"vc_row wpb_row vc_row-fluid\"><div class=\"wpb_column vc_column_container vc_col-sm-6 et-dark-column\"><div class=\"vc_column-inner\"><div class=\"wpb_wrapper\">\n\t<div class=\"wpb_text_column wpb_content_element\" >\n\t\t<div class=\"wpb_wrapper\">\n\t\t\t<h3>Les avantages du lin<\/h3>\n<ul>\n<li><strong>Durable et biod\u00e9gradable<\/strong> - <strong>l'ensemble de la plante de lin peut \u00eatre tiss\u00e9 en fibre<\/strong> sans aucun d\u00e9chet au cours du processus. Le lin pousse sans engrais ni pesticides et n'a donc pas besoin de beaucoup d'eau.<\/li>\n<li><strong>Durable<\/strong> - Le lin est deux fois plus r\u00e9sistant que le coton et peut traverser les d\u00e9cennies.<\/li>\n<li><strong>Antimicrobiens et antibact\u00e9riens<\/strong> - ce qui rend le tissu id\u00e9al pour les personnes souffrant d'allergies.<\/li>\n<li><strong>Tr\u00e8s respirant<\/strong> - vous garde au chaud en hiver et au frais en \u00e9t\u00e9.<\/li>\n<li><strong>Facile \u00e0 entretenir<\/strong> - Le lin r\u00e9siste aux taches comme aucun autre tissu, il est donc tr\u00e8s facile de le maintenir propre.<\/li>\n<li><strong>Une texture qui offre un l\u00e9ger effet de massage<\/strong> - stimulant ainsi la circulation sanguine et favorisant la relaxation.<\/li>\n<\/ul>\n<p><strong>\u00a0<\/strong><\/p>\n\n\t\t<\/div>\n\t<\/div>\n<\/div><\/div><\/div><div class=\"wpb_column vc_column_container vc_col-sm-6 et-dark-column\"><div class=\"vc_column-inner\"><div class=\"wpb_wrapper\">\n\t<div  class=\"wpb_single_image wpb_content_element vc_align_left wpb_content_element\">\n\t\t\n\t\t<figure class=\"wpb_wrapper vc_figure\">\n\t\t\t<div class=\"vc_single_image-wrapper   vc_box_border_grey\"><img decoding=\"async\" data-vc-zoom=\"https:\/\/nomadheat.com\/wp-content\/uploads\/2021\/11\/Nomad-Heat-materials-linen-1024x683.jpg\" width=\"1024\" height=\"683\" data-src=\"https:\/\/nomadheat.com\/wp-content\/uploads\/2021\/11\/Nomad-Heat-materials-linen-1024x683.jpg\" class=\"vc_single_image-img attachment-large lazyload\" alt=\"Nomad Heat materials - lin\" title=\"Nomad Heat materials - lin\" data-srcset=\"https:\/\/nomadheat.com\/wp-content\/uploads\/2021\/11\/Nomad-Heat-materials-linen-1024x683.jpg 1024w, https:\/\/nomadheat.com\/wp-content\/uploads\/2021\/11\/Nomad-Heat-materials-linen-300x200.jpg 300w, https:\/\/nomadheat.com\/wp-content\/uploads\/2021\/11\/Nomad-Heat-materials-linen-768x512.jpg 768w, https:\/\/nomadheat.com\/wp-content\/uploads\/2021\/11\/Nomad-Heat-materials-linen-150x100.jpg 150w, https:\/\/nomadheat.com\/wp-content\/uploads\/2021\/11\/Nomad-Heat-materials-linen-600x400.jpg 600w, https:\/\/nomadheat.com\/wp-content\/uploads\/2021\/11\/Nomad-Heat-materials-linen-900x600.jpg 900w, https:\/\/nomadheat.com\/wp-content\/uploads\/2021\/11\/Nomad-Heat-materials-linen.jpg 1300w\" data-sizes=\"(max-width: 1024px) 100vw, 1024px\" src=\"data:image\/svg+xml;base64,PHN2ZyB3aWR0aD0iMSIgaGVpZ2h0PSIxIiB4bWxucz0iaHR0cDovL3d3dy53My5vcmcvMjAwMC9zdmciPjwvc3ZnPg==\" style=\"--smush-placeholder-width: 1024px; --smush-placeholder-aspect-ratio: 1024\/683;\" \/><\/div>\n\t\t<\/figure>\n\t<\/div>\n<\/div><\/div><\/div><\/div><\/div><div  class=\"sec_row container\"><div class=\"vc_row wpb_row vc_row-fluid\"><div class=\"wpb_column vc_column_container vc_col-sm-12 et-dark-column\"><div class=\"vc_column-inner\"><div class=\"wpb_wrapper\"><div class=\"vc_empty_space\"   style=\"height: 32px\"><span class=\"vc_empty_space_inner\"><\/span><\/div><\/div><\/div><\/div><\/div><\/div><div  class=\"sec_row container\"><div class=\"vc_row wpb_row vc_row-fluid\"><div class=\"wpb_column vc_column_container vc_col-sm-6 et-dark-column\"><div class=\"vc_column-inner\"><div class=\"wpb_wrapper\">\n\t<div class=\"wpb_text_column wpb_content_element\" >\n\t\t<div class=\"wpb_wrapper\">\n\t\t\t<h3>Les avantages de la soie<\/h3>\n<ul>\n<li><strong>D\u00e9tergent naturel contre les acariens, les moisissures et les champignons <\/strong>- parfait pour les personnes souffrant d'allergies et d'asthme.<\/li>\n<li><strong>Enti\u00e8rement naturel et conservant les pr\u00e9cieux acides amin\u00e9s<\/strong> - l'essence des bienfaits de la soie. Les acides amin\u00e9s contenus dans la soie sont extr\u00eamement b\u00e9n\u00e9fiques et sains pour la peau, les cheveux et le syst\u00e8me nerveux de l'homme.<\/li>\n<li><strong>Respirant et thermor\u00e9gulateur<\/strong> - vous permettant de dormir plus profond\u00e9ment et de vous r\u00e9veiller plus repos\u00e9.<\/li>\n<li><strong>Doux au toucher <\/strong>- mais pas glissant comme le satin et les mati\u00e8res synth\u00e9tiques.<\/li>\n<\/ul>\n\n\t\t<\/div>\n\t<\/div>\n<\/div><\/div><\/div><div class=\"wpb_column vc_column_container vc_col-sm-6 et-dark-column\"><div class=\"vc_column-inner\"><div class=\"wpb_wrapper\">\n\t<div  class=\"wpb_single_image wpb_content_element vc_align_left wpb_content_element\">\n\t\t\n\t\t<figure class=\"wpb_wrapper vc_figure\">\n\t\t\t<div class=\"vc_single_image-wrapper   vc_box_border_grey\"><img decoding=\"async\" data-vc-zoom=\"https:\/\/nomadheat.com\/wp-content\/uploads\/2021\/11\/Nomad-Heat-materials-silk-1024x683.jpg\" width=\"1024\" height=\"683\" data-src=\"https:\/\/nomadheat.com\/wp-content\/uploads\/2021\/11\/Nomad-Heat-materials-silk-1024x683.jpg\" class=\"vc_single_image-img attachment-large lazyload\" alt=\"Nomad Heat materials - silk\" title=\"Nomad Heat materials - silk\" data-srcset=\"https:\/\/nomadheat.com\/wp-content\/uploads\/2021\/11\/Nomad-Heat-materials-silk-1024x683.jpg 1024w, https:\/\/nomadheat.com\/wp-content\/uploads\/2021\/11\/Nomad-Heat-materials-silk-300x200.jpg 300w, https:\/\/nomadheat.com\/wp-content\/uploads\/2021\/11\/Nomad-Heat-materials-silk-768x512.jpg 768w, https:\/\/nomadheat.com\/wp-content\/uploads\/2021\/11\/Nomad-Heat-materials-silk-150x100.jpg 150w, https:\/\/nomadheat.com\/wp-content\/uploads\/2021\/11\/Nomad-Heat-materials-silk-600x400.jpg 600w, https:\/\/nomadheat.com\/wp-content\/uploads\/2021\/11\/Nomad-Heat-materials-silk-900x600.jpg 900w, https:\/\/nomadheat.com\/wp-content\/uploads\/2021\/11\/Nomad-Heat-materials-silk.jpg 1300w\" data-sizes=\"(max-width: 1024px) 100vw, 1024px\" src=\"data:image\/svg+xml;base64,PHN2ZyB3aWR0aD0iMSIgaGVpZ2h0PSIxIiB4bWxucz0iaHR0cDovL3d3dy53My5vcmcvMjAwMC9zdmciPjwvc3ZnPg==\" style=\"--smush-placeholder-width: 1024px; --smush-placeholder-aspect-ratio: 1024\/683;\" \/><\/div>\n\t\t<\/figure>\n\t<\/div>\n<\/div><\/div><\/div><\/div><\/div>\n<\/div>","protected":false},"excerpt":{"rendered":"The benefits of wool &amp; wool batting Environmentally Sustainable, Renewable, Biodegradable, and Durable\u2013 Wool is hard to challenge for its sustainability. It is a renewable material as once cut it grows back naturally. At the end of its life, wool is fully biodegradable in soil (and water), releasing important nutrients [...]","protected":false},"author":4,"featured_media":0,"parent":0,"menu_order":0,"comment_status":"closed","ping_status":"closed","template":"","meta":{"footnotes":""},"class_list":["post-428","page","type-page","status-publish","hentry"],"yoast_head":"<!-- This site is optimized with the Yoast SEO plugin v27.4 - https:\/\/yoast.com\/product\/yoast-seo-wordpress\/ -->\n<title>The benefits of natural fibers | NomadHeat<\/title>\n<meta name=\"description\" content=\"Wonder what are the benefits of natural fibers and how choosing them will improve your sleep? Read all about wool, silk and linen here\" \/>\n<meta name=\"robots\" content=\"index, follow, max-snippet:-1, max-image-preview:large, max-video-preview:-1\" \/>\n<link rel=\"canonical\" href=\"https:\/\/nomadheat.com\/fr\/avantages\/\" \/>\n<meta property=\"og:locale\" content=\"fr_FR\" \/>\n<meta property=\"og:type\" content=\"article\" \/>\n<meta property=\"og:title\" content=\"The benefits of natural fibers | NomadHeat\" \/>\n<meta property=\"og:description\" content=\"Wonder what are the benefits of natural fibers and how choosing them will improve your sleep? Read all about wool, silk and linen here\" \/>\n<meta property=\"og:url\" content=\"https:\/\/nomadheat.com\/fr\/avantages\/\" \/>\n<meta property=\"og:site_name\" content=\"NomadHeat\" \/>\n<meta property=\"article:modified_time\" content=\"2022-11-14T13:52:44+00:00\" \/>\n<meta name=\"twitter:card\" content=\"summary_large_image\" \/>\n<meta name=\"twitter:label1\" content=\"Dur\u00e9e de lecture estim\u00e9e\" \/>\n\t<meta name=\"twitter:data1\" content=\"3 minutes\" \/>\n<script type=\"application\/ld+json\" class=\"yoast-schema-graph\">{\"@context\":\"https:\\\/\\\/schema.org\",\"@graph\":[{\"@type\":\"WebPage\",\"@id\":\"https:\\\/\\\/nomadheat.com\\\/bg\\\/benefits\\\/\",\"url\":\"https:\\\/\\\/nomadheat.com\\\/bg\\\/benefits\\\/\",\"name\":\"The benefits of natural fibers | NomadHeat\",\"isPartOf\":{\"@id\":\"https:\\\/\\\/nomadheat.com\\\/nl\\\/#website\"},\"datePublished\":\"2021-11-05T15:21:12+00:00\",\"dateModified\":\"2022-11-14T13:52:44+00:00\",\"description\":\"Wonder what are the benefits of natural fibers and how choosing them will improve your sleep? Read all about wool, silk and linen here\",\"breadcrumb\":{\"@id\":\"https:\\\/\\\/nomadheat.com\\\/bg\\\/benefits\\\/#breadcrumb\"},\"inLanguage\":\"fr-FR\",\"potentialAction\":[{\"@type\":\"ReadAction\",\"target\":[\"https:\\\/\\\/nomadheat.com\\\/bg\\\/benefits\\\/\"]}]},{\"@type\":\"BreadcrumbList\",\"@id\":\"https:\\\/\\\/nomadheat.com\\\/bg\\\/benefits\\\/#breadcrumb\",\"itemListElement\":[{\"@type\":\"ListItem\",\"position\":1,\"name\":\"Home\",\"item\":\"https:\\\/\\\/nomadheat.com\\\/nl\\\/\"},{\"@type\":\"ListItem\",\"position\":2,\"name\":\"The benefits of natural fibers\"}]},{\"@type\":\"WebSite\",\"@id\":\"https:\\\/\\\/nomadheat.com\\\/nl\\\/#website\",\"url\":\"https:\\\/\\\/nomadheat.com\\\/nl\\\/\",\"name\":\"NomadHeat\",\"description\":\"Handmade Wool Sleeping Bags\",\"publisher\":{\"@id\":\"https:\\\/\\\/nomadheat.com\\\/nl\\\/#organization\"},\"potentialAction\":[{\"@type\":\"SearchAction\",\"target\":{\"@type\":\"EntryPoint\",\"urlTemplate\":\"https:\\\/\\\/nomadheat.com\\\/nl\\\/?s={search_term_string}\"},\"query-input\":{\"@type\":\"PropertyValueSpecification\",\"valueRequired\":true,\"valueName\":\"search_term_string\"}}],\"inLanguage\":\"fr-FR\"},{\"@type\":\"Organization\",\"@id\":\"https:\\\/\\\/nomadheat.com\\\/nl\\\/#organization\",\"name\":\"Nomad Heat\",\"url\":\"https:\\\/\\\/nomadheat.com\\\/nl\\\/\",\"logo\":{\"@type\":\"ImageObject\",\"inLanguage\":\"fr-FR\",\"@id\":\"https:\\\/\\\/nomadheat.com\\\/nl\\\/#\\\/schema\\\/logo\\\/image\\\/\",\"url\":\"https:\\\/\\\/nomadheat.com\\\/wp-content\\\/uploads\\\/2021\\\/10\\\/favicon.png\",\"contentUrl\":\"https:\\\/\\\/nomadheat.com\\\/wp-content\\\/uploads\\\/2021\\\/10\\\/favicon.png\",\"width\":512,\"height\":512,\"caption\":\"Nomad Heat\"},\"image\":{\"@id\":\"https:\\\/\\\/nomadheat.com\\\/nl\\\/#\\\/schema\\\/logo\\\/image\\\/\"}}]}<\/script>\n<!-- \/ Yoast SEO plugin. -->","yoast_head_json":{"title":"Les avantages des fibres naturelles | NomadHeat","description":"Vous vous demandez quels sont les avantages des fibres naturelles et comment leur choix peut am\u00e9liorer votre sommeil ? Pour en savoir plus sur la laine, la soie et le lin, cliquez ici.","robots":{"index":"index","follow":"follow","max-snippet":"max-snippet:-1","max-image-preview":"max-image-preview:large","max-video-preview":"max-video-preview:-1"},"canonical":"https:\/\/nomadheat.com\/fr\/avantages\/","og_locale":"fr_FR","og_type":"article","og_title":"The benefits of natural fibers | NomadHeat","og_description":"Wonder what are the benefits of natural fibers and how choosing them will improve your sleep? Read all about wool, silk and linen here","og_url":"https:\/\/nomadheat.com\/fr\/avantages\/","og_site_name":"NomadHeat","article_modified_time":"2022-11-14T13:52:44+00:00","twitter_card":"summary_large_image","twitter_misc":{"Dur\u00e9e de lecture estim\u00e9e":"3 minutes"},"schema":{"@context":"https:\/\/schema.org","@graph":[{"@type":"WebPage","@id":"https:\/\/nomadheat.com\/bg\/benefits\/","url":"https:\/\/nomadheat.com\/bg\/benefits\/","name":"Les avantages des fibres naturelles | NomadHeat","isPartOf":{"@id":"https:\/\/nomadheat.com\/nl\/#website"},"datePublished":"2021-11-05T15:21:12+00:00","dateModified":"2022-11-14T13:52:44+00:00","description":"Vous vous demandez quels sont les avantages des fibres naturelles et comment leur choix peut am\u00e9liorer votre sommeil ? Pour en savoir plus sur la laine, la soie et le lin, cliquez ici.","breadcrumb":{"@id":"https:\/\/nomadheat.com\/bg\/benefits\/#breadcrumb"},"inLanguage":"fr-FR","potentialAction":[{"@type":"ReadAction","target":["https:\/\/nomadheat.com\/bg\/benefits\/"]}]},{"@type":"BreadcrumbList","@id":"https:\/\/nomadheat.com\/bg\/benefits\/#breadcrumb","itemListElement":[{"@type":"ListItem","position":1,"name":"Home","item":"https:\/\/nomadheat.com\/nl\/"},{"@type":"ListItem","position":2,"name":"The benefits of natural fibers"}]},{"@type":"WebSite","@id":"https:\/\/nomadheat.com\/nl\/#website","url":"https:\/\/nomadheat.com\/nl\/","name":"NomadHeat","description":"Sacs de couchage en laine faits \u00e0 la main","publisher":{"@id":"https:\/\/nomadheat.com\/nl\/#organization"},"potentialAction":[{"@type":"SearchAction","target":{"@type":"EntryPoint","urlTemplate":"https:\/\/nomadheat.com\/nl\/?s={search_term_string}"},"query-input":{"@type":"PropertyValueSpecification","valueRequired":true,"valueName":"search_term_string"}}],"inLanguage":"fr-FR"},{"@type":"Organization","@id":"https:\/\/nomadheat.com\/nl\/#organization","name":"Chaleur nomade","url":"https:\/\/nomadheat.com\/nl\/","logo":{"@type":"ImageObject","inLanguage":"fr-FR","@id":"https:\/\/nomadheat.com\/nl\/#\/schema\/logo\/image\/","url":"https:\/\/nomadheat.com\/wp-content\/uploads\/2021\/10\/favicon.png","contentUrl":"https:\/\/nomadheat.com\/wp-content\/uploads\/2021\/10\/favicon.png","width":512,"height":512,"caption":"Nomad Heat"},"image":{"@id":"https:\/\/nomadheat.com\/nl\/#\/schema\/logo\/image\/"}}]}},"_links":{"self":[{"href":"https:\/\/nomadheat.com\/fr\/wp-json\/wp\/v2\/pages\/428","targetHints":{"allow":["GET"]}}],"collection":[{"href":"https:\/\/nomadheat.com\/fr\/wp-json\/wp\/v2\/pages"}],"about":[{"href":"https:\/\/nomadheat.com\/fr\/wp-json\/wp\/v2\/types\/page"}],"author":[{"embeddable":true,"href":"https:\/\/nomadheat.com\/fr\/wp-json\/wp\/v2\/users\/4"}],"replies":[{"embeddable":true,"href":"https:\/\/nomadheat.com\/fr\/wp-json\/wp\/v2\/comments?post=428"}],"version-history":[{"count":0,"href":"https:\/\/nomadheat.com\/fr\/wp-json\/wp\/v2\/pages\/428\/revisions"}],"wp:attachment":[{"href":"https:\/\/nomadheat.com\/fr\/wp-json\/wp\/v2\/media?parent=428"}],"curies":[{"name":"wp","href":"https:\/\/api.w.org\/{rel}","templated":true}]}}