{"id":298,"date":"2021-10-11T11:32:56","date_gmt":"2021-10-11T08:32:56","guid":{"rendered":"https:\/\/nomadheat.com\/?page_id=298"},"modified":"2025-02-24T14:22:58","modified_gmt":"2025-02-24T12:22:58","slug":"soins","status":"publish","type":"page","link":"https:\/\/nomadheat.com\/fr\/care\/","title":{"rendered":"Instructions d'entretien"},"content":{"rendered":"<div class=\"wpb-content-wrapper\"><div  class=\"sec_row container\"><div class=\"vc_row wpb_row vc_row-fluid\"><div class=\"wpb_column vc_column_container vc_col-sm-2 et-dark-column\"><div class=\"vc_column-inner\"><div class=\"wpb_wrapper\"><\/div><\/div><\/div><div class=\"wpb_column vc_column_container vc_col-sm-8 et-dark-column\"><div class=\"vc_column-inner\"><div class=\"wpb_wrapper\"><div class=\"vc_empty_space\"   style=\"height: 50px\"><span class=\"vc_empty_space_inner\"><\/span><\/div>\n\t<div class=\"wpb_text_column wpb_content_element\" >\n\t\t<div class=\"wpb_wrapper\">\n\t\t\t<h1 class=\"page-title\" style=\"text-align: center;\">INSTRUCTIONS D'ENTRETIEN<\/h1>\n<h2 style=\"text-align: center;\">SACS DE COUCHAGE NOMAD HEAT WOOL<\/h2>\n\n\t\t<\/div>\n\t<\/div>\n<div  class=\"vc_do_toggle vc_toggle vc_toggle_simple vc_toggle_color_green  vc_toggle_size_md\"><div class=\"vc_toggle_title\"><h4>Nettoyage et s\u00e9chage de votre sac de couchage en laine<\/h4><i class=\"vc_toggle_icon\"><\/i><\/div><div class=\"vc_toggle_content\"><p>Le repassage et le nettoyage \u00e0 sec peuvent endommager l'enveloppe et l'isolation de votre sac de couchage. Les compos\u00e9s chimiques utilis\u00e9s pour le nettoyage \u00e0 sec peuvent \u00e9liminer les huiles naturelles de la laine et le repassage \u00e0 chaud peut endommager l'enveloppe.<\/p>\n<p><strong>Nettoyage ponctuel<\/strong><\/p>\n<p>La meilleure fa\u00e7on de garder le sac de couchage propre et en parfait \u00e9tat est de le nettoyer ponctuellement.<\/p>\n<ul>\n<li>Utiliser un m\u00e9lange p\u00e2teux de savon non d\u00e9tergent et d'eau.<\/li>\n<li>\u00c9tendre la p\u00e2te sur une petite brosse douce ou une \u00e9ponge et nettoyer la coque du sac de couchage en effectuant des mouvements d\u00e9licats.<\/li>\n<li>Rincer la partie trait\u00e9e du tissu \u00e0 l'eau ti\u00e8de.<\/li>\n<li>Laisser s\u00e9cher compl\u00e8tement \u00e0 l'air libre<\/li>\n<\/ul>\n<p><strong>Lavage en machine<\/strong><\/p>\n<ul>\n<li>Veillez \u00e0 fermer toutes les fermetures \u00e0 glissi\u00e8re.<\/li>\n<li>Lavez en mode laine (g\u00e9n\u00e9ralement en douceur \u00e0 30\u00b0C \/ 90\u00b0F). Si votre lave-linge ne dispose pas d'un cycle laine, utilisez le cycle de lavage \u00e0 l'eau froide ou le cycle de lavage pour les textiles d\u00e9licats.<\/li>\n<li>Utilisez un d\u00e9tergent pour la laine ou la soie.<br \/>\nNe pas blanchir. Ne pas ajouter d'assouplissant ou de d\u00e9tachant - ils pourraient endommager l'enveloppe en soie de m\u00fbrier et le rembourrage en laine.<\/li>\n<li>Laisser s\u00e9cher compl\u00e8tement \u00e0 l'air libre<\/li>\n<\/ul>\n<p><strong>Lavage des mains<\/strong><\/p>\n<ul>\n<li>Remplissez votre baignoire d'eau ti\u00e8de<\/li>\n<li>Utilisez un d\u00e9tergent pour laine, mais \u00e9vitez d'en utiliser trop, car il sera plus difficile de le rincer.<\/li>\n<li>Placez le sac de couchage dans la baignoire et frottez doucement les zones les plus sales.<\/li>\n<li>Utilisez une \u00e9ponge douce pour passer en revue l'ensemble de la coque du sac de couchage.<\/li>\n<li>Laisser tremper jusqu'\u00e0 une heure et \u00e9goutter l'eau.<\/li>\n<li>Pressez d\u00e9licatement le sac de couchage pour en extraire l'eau restante.<\/li>\n<li>Remplissez la baignoire d'eau ti\u00e8de pour la rincer. Enlevez d\u00e9licatement le savon et videz la baignoire<\/li>\n<li>R\u00e9p\u00e9ter la proc\u00e9dure de rin\u00e7age jusqu'\u00e0 ce qu'il n'y ait plus de savon.<\/li>\n<\/ul>\n<p><strong>S\u00e9chage<\/strong><\/p>\n<ul>\n<li>Le sac de couchage est lourd lorsqu'il est mouill\u00e9 et vous aurez peut-\u00eatre besoin d'un peu d'aide pour le manipuler.<\/li>\n<li>S\u00e9cher \u00e0 l'air sur une surface plane<\/li>\n<li>\u00c9vitez de tordre le sac de couchage pour \u00e9liminer l'exc\u00e8s d'eau, mais si vous devez le faire, essorez-le l\u00e9g\u00e8rement.<\/li>\n<\/ul>\n<\/div><\/div><div  class=\"vc_do_toggle vc_toggle vc_toggle_simple vc_toggle_color_green  vc_toggle_size_md\"><div class=\"vc_toggle_title\"><h4>Rangement du sac de couchage en laine<\/h4><i class=\"vc_toggle_icon\"><\/i><\/div><div class=\"vc_toggle_content\"><p>Rangez soigneusement votre sac de couchage en laine pour qu'il dure plus longtemps.<\/p>\n<ul>\n<li>Au retour d'un voyage, d\u00e9zippez le sac et laissez-le s'a\u00e9rer pour vous assurer qu'il est compl\u00e8tement sec.<\/li>\n<li>Ne le remettez pas dans son sac - le fait de le conserver comprim\u00e9 endommagera le rembourrage au fil du temps.<\/li>\n<li>Conservez votre sac de couchage dans un endroit frais et sec, sans le comprimer, dans une bo\u00eete ou en le suspendant. Cela permet de r\u00e9partir uniform\u00e9ment le rembourrage et de conserver son aspect moelleux.<\/li>\n<li>Gardez un sachet de lavande pr\u00e8s de votre sac de couchage en laine pour repousser les mites.<\/li>\n<\/ul>\n<\/div><\/div><div  class=\"vc_do_toggle vc_toggle vc_toggle_simple vc_toggle_color_green  vc_toggle_size_md\"><div class=\"vc_toggle_title\"><h4>Remplir le sac de couchage en laine<\/h4><i class=\"vc_toggle_icon\"><\/i><\/div><div class=\"vc_toggle_content\"><p>Evitez de stocker votre sac compress\u00e9 dans son sac. Une compression prolong\u00e9e r\u00e9duit le moelleux et la texture du sac.<\/p>\n<ul>\n<li>Avant de ranger votre sac de couchage dans son sac, veillez \u00e0 fermer compl\u00e8tement les fermetures \u00e0 glissi\u00e8re<\/li>\n<li>Replier la partie la plus large des \u00e9paules et commencer \u00e0 rouler vers le haut \u00e0 partir des pieds.<\/li>\n<\/ul>\n<\/div><\/div><div  class=\"vc_do_toggle vc_toggle vc_toggle_simple vc_toggle_color_green  vc_toggle_size_md\"><div class=\"vc_toggle_title\"><h4>Conseils suppl\u00e9mentaires<\/h4><i class=\"vc_toggle_icon\"><\/i><\/div><div class=\"vc_toggle_content\"><ul>\n<li>Tenir \u00e0 l'\u00e9cart des flammes nues<\/li>\n<li>Dormir toujours avec des v\u00eatements propres<\/li>\n<li>Enlevez toute cr\u00e8me solaire ou tout autre produit cosm\u00e9tique lourd de votre visage et de votre cou afin qu'ils ne p\u00e9n\u00e8trent pas dans votre sac de couchage.<\/li>\n<li>Un bonnet en textile emp\u00eachera les cheveux gras d'atteindre la cagoule.<\/li>\n<li>Envisagez d'utiliser une doublure de sac de couchage suppl\u00e9mentaire qui agira comme une barri\u00e8re entre votre peau et le sac. Nous proposons des doublures l\u00e9g\u00e8res en pure soie qui augmenteront l'indice de temp\u00e9rature de votre sac de couchage. Elles sont \u00e9galement lavables en machine et extr\u00eamement faciles \u00e0 entretenir.<\/li>\n<li>Prot\u00e9gez votre sac de couchage du sol en pla\u00e7ant d'abord un matelas et veillez \u00e0 retirer du sol tout objet pointu susceptible d'endommager le sac de couchage.<\/li>\n<li>Faites attention aux fermetures \u00e0 glissi\u00e8re pour \u00e9viter les accrochages.<\/li>\n<li>Chaque matin, a\u00e9rez votre sac de couchage \u00e0 l'air frais et \u00e0 la lumi\u00e8re du soleil. Pour s\u00e9cher l'humidit\u00e9 accumul\u00e9e pendant la nuit, retournez-le et laissez-le s\u00e9cher compl\u00e8tement.<\/li>\n<li>Les objets chauds, tels que les casseroles, peuvent endommager le tissu.<\/li>\n<li>Les insectifuges contenant du DEET endommagent le sac de couchage - ne le vaporisez pas directement dessus.<\/li>\n<\/ul>\n<\/div><\/div><div  class=\"vc_do_toggle vc_toggle vc_toggle_simple vc_toggle_color_green  vc_toggle_size_md\"><div class=\"vc_toggle_title\"><h4>R\u00e9parations<\/h4><i class=\"vc_toggle_icon\"><\/i><\/div><div class=\"vc_toggle_content\"><p>Si une petite d\u00e9chirure se produit dans la coque pendant que vous campez, recousez-la \u00e0 la main. Gardez toujours une aiguille et du fil dans votre trousse de r\u00e9paration. Vous pouvez \u00e9galement utiliser un pansement de votre trousse de premiers soins. Une fois rentr\u00e9 \u00e0 la maison, vous pouvez retirer soigneusement les points de suture ou le bandage et recoudre le tissu \u00e0 l'aide d'une machine \u00e0 coudre ou le confier \u00e0 une couturi\u00e8re.<\/p>\n<p>Si les dommages sont plus graves, faites-les r\u00e9parer par un professionnel.<\/p>\n<\/div><\/div><\/div><\/div><\/div><div class=\"wpb_column vc_column_container vc_col-sm-2 et-dark-column\"><div class=\"vc_column-inner\"><div class=\"wpb_wrapper\"><\/div><\/div><\/div><\/div><\/div>\n<\/div>","protected":false},"excerpt":{"rendered":"CARE INSTRUCTIONS NOMAD HEAT WOOL SLEEPING BAGS Cleaning &amp; Drying Your Wool Sleeping BagIroning and dry cleaning can damage your sleeping bag\u2019s shell and insulation. The chemical compounds used in dry cleaning can strip away the natural oils in wool and hot ironing may damage the shell. Spot Cleaning Your [...]","protected":false},"author":4,"featured_media":0,"parent":0,"menu_order":0,"comment_status":"closed","ping_status":"closed","template":"","meta":{"footnotes":""},"class_list":["post-298","page","type-page","status-publish","hentry"],"yoast_head":"<!-- This site is optimized with the Yoast SEO plugin v27.4 - https:\/\/yoast.com\/product\/yoast-seo-wordpress\/ -->\n<title>Care instructions | NomadHeat<\/title>\n<meta name=\"robots\" content=\"index, follow, max-snippet:-1, max-image-preview:large, max-video-preview:-1\" \/>\n<link rel=\"canonical\" href=\"https:\/\/nomadheat.com\/fr\/soins\/\" \/>\n<meta property=\"og:locale\" content=\"fr_FR\" \/>\n<meta property=\"og:type\" content=\"article\" \/>\n<meta property=\"og:title\" content=\"Care instructions | NomadHeat\" \/>\n<meta property=\"og:url\" content=\"https:\/\/nomadheat.com\/fr\/soins\/\" \/>\n<meta property=\"og:site_name\" content=\"NomadHeat\" \/>\n<meta property=\"article:modified_time\" content=\"2025-02-24T12:22:58+00:00\" \/>\n<meta name=\"twitter:card\" content=\"summary_large_image\" \/>\n<meta name=\"twitter:label1\" content=\"Dur\u00e9e de lecture estim\u00e9e\" \/>\n\t<meta name=\"twitter:data1\" content=\"4 minutes\" \/>\n<script type=\"application\/ld+json\" class=\"yoast-schema-graph\">{\"@context\":\"https:\\\/\\\/schema.org\",\"@graph\":[{\"@type\":\"WebPage\",\"@id\":\"https:\\\/\\\/nomadheat.com\\\/de\\\/pflege\\\/\",\"url\":\"https:\\\/\\\/nomadheat.com\\\/de\\\/pflege\\\/\",\"name\":\"Care instructions | NomadHeat\",\"isPartOf\":{\"@id\":\"https:\\\/\\\/nomadheat.com\\\/nl\\\/#website\"},\"datePublished\":\"2021-10-11T08:32:56+00:00\",\"dateModified\":\"2025-02-24T12:22:58+00:00\",\"breadcrumb\":{\"@id\":\"https:\\\/\\\/nomadheat.com\\\/de\\\/pflege\\\/#breadcrumb\"},\"inLanguage\":\"fr-FR\",\"potentialAction\":[{\"@type\":\"ReadAction\",\"target\":[\"https:\\\/\\\/nomadheat.com\\\/de\\\/pflege\\\/\"]}]},{\"@type\":\"BreadcrumbList\",\"@id\":\"https:\\\/\\\/nomadheat.com\\\/de\\\/pflege\\\/#breadcrumb\",\"itemListElement\":[{\"@type\":\"ListItem\",\"position\":1,\"name\":\"Home\",\"item\":\"https:\\\/\\\/nomadheat.com\\\/nl\\\/\"},{\"@type\":\"ListItem\",\"position\":2,\"name\":\"Care instructions\"}]},{\"@type\":\"WebSite\",\"@id\":\"https:\\\/\\\/nomadheat.com\\\/nl\\\/#website\",\"url\":\"https:\\\/\\\/nomadheat.com\\\/nl\\\/\",\"name\":\"NomadHeat\",\"description\":\"Handmade Wool Sleeping Bags\",\"publisher\":{\"@id\":\"https:\\\/\\\/nomadheat.com\\\/nl\\\/#organization\"},\"potentialAction\":[{\"@type\":\"SearchAction\",\"target\":{\"@type\":\"EntryPoint\",\"urlTemplate\":\"https:\\\/\\\/nomadheat.com\\\/nl\\\/?s={search_term_string}\"},\"query-input\":{\"@type\":\"PropertyValueSpecification\",\"valueRequired\":true,\"valueName\":\"search_term_string\"}}],\"inLanguage\":\"fr-FR\"},{\"@type\":\"Organization\",\"@id\":\"https:\\\/\\\/nomadheat.com\\\/nl\\\/#organization\",\"name\":\"Nomad Heat\",\"url\":\"https:\\\/\\\/nomadheat.com\\\/nl\\\/\",\"logo\":{\"@type\":\"ImageObject\",\"inLanguage\":\"fr-FR\",\"@id\":\"https:\\\/\\\/nomadheat.com\\\/nl\\\/#\\\/schema\\\/logo\\\/image\\\/\",\"url\":\"https:\\\/\\\/nomadheat.com\\\/wp-content\\\/uploads\\\/2021\\\/10\\\/favicon.png\",\"contentUrl\":\"https:\\\/\\\/nomadheat.com\\\/wp-content\\\/uploads\\\/2021\\\/10\\\/favicon.png\",\"width\":512,\"height\":512,\"caption\":\"Nomad Heat\"},\"image\":{\"@id\":\"https:\\\/\\\/nomadheat.com\\\/nl\\\/#\\\/schema\\\/logo\\\/image\\\/\"}}]}<\/script>\n<!-- \/ Yoast SEO plugin. -->","yoast_head_json":{"title":"Instructions d'entretien | NomadHeat","robots":{"index":"index","follow":"follow","max-snippet":"max-snippet:-1","max-image-preview":"max-image-preview:large","max-video-preview":"max-video-preview:-1"},"canonical":"https:\/\/nomadheat.com\/fr\/soins\/","og_locale":"fr_FR","og_type":"article","og_title":"Care instructions | NomadHeat","og_url":"https:\/\/nomadheat.com\/fr\/soins\/","og_site_name":"NomadHeat","article_modified_time":"2025-02-24T12:22:58+00:00","twitter_card":"summary_large_image","twitter_misc":{"Dur\u00e9e de lecture estim\u00e9e":"4 minutes"},"schema":{"@context":"https:\/\/schema.org","@graph":[{"@type":"WebPage","@id":"https:\/\/nomadheat.com\/de\/pflege\/","url":"https:\/\/nomadheat.com\/de\/pflege\/","name":"Instructions d'entretien | NomadHeat","isPartOf":{"@id":"https:\/\/nomadheat.com\/nl\/#website"},"datePublished":"2021-10-11T08:32:56+00:00","dateModified":"2025-02-24T12:22:58+00:00","breadcrumb":{"@id":"https:\/\/nomadheat.com\/de\/pflege\/#breadcrumb"},"inLanguage":"fr-FR","potentialAction":[{"@type":"ReadAction","target":["https:\/\/nomadheat.com\/de\/pflege\/"]}]},{"@type":"BreadcrumbList","@id":"https:\/\/nomadheat.com\/de\/pflege\/#breadcrumb","itemListElement":[{"@type":"ListItem","position":1,"name":"Home","item":"https:\/\/nomadheat.com\/nl\/"},{"@type":"ListItem","position":2,"name":"Care instructions"}]},{"@type":"WebSite","@id":"https:\/\/nomadheat.com\/nl\/#website","url":"https:\/\/nomadheat.com\/nl\/","name":"NomadHeat","description":"Sacs de couchage en laine faits \u00e0 la main","publisher":{"@id":"https:\/\/nomadheat.com\/nl\/#organization"},"potentialAction":[{"@type":"SearchAction","target":{"@type":"EntryPoint","urlTemplate":"https:\/\/nomadheat.com\/nl\/?s={search_term_string}"},"query-input":{"@type":"PropertyValueSpecification","valueRequired":true,"valueName":"search_term_string"}}],"inLanguage":"fr-FR"},{"@type":"Organization","@id":"https:\/\/nomadheat.com\/nl\/#organization","name":"Chaleur nomade","url":"https:\/\/nomadheat.com\/nl\/","logo":{"@type":"ImageObject","inLanguage":"fr-FR","@id":"https:\/\/nomadheat.com\/nl\/#\/schema\/logo\/image\/","url":"https:\/\/nomadheat.com\/wp-content\/uploads\/2021\/10\/favicon.png","contentUrl":"https:\/\/nomadheat.com\/wp-content\/uploads\/2021\/10\/favicon.png","width":512,"height":512,"caption":"Nomad Heat"},"image":{"@id":"https:\/\/nomadheat.com\/nl\/#\/schema\/logo\/image\/"}}]}},"_links":{"self":[{"href":"https:\/\/nomadheat.com\/fr\/wp-json\/wp\/v2\/pages\/298","targetHints":{"allow":["GET"]}}],"collection":[{"href":"https:\/\/nomadheat.com\/fr\/wp-json\/wp\/v2\/pages"}],"about":[{"href":"https:\/\/nomadheat.com\/fr\/wp-json\/wp\/v2\/types\/page"}],"author":[{"embeddable":true,"href":"https:\/\/nomadheat.com\/fr\/wp-json\/wp\/v2\/users\/4"}],"replies":[{"embeddable":true,"href":"https:\/\/nomadheat.com\/fr\/wp-json\/wp\/v2\/comments?post=298"}],"version-history":[{"count":0,"href":"https:\/\/nomadheat.com\/fr\/wp-json\/wp\/v2\/pages\/298\/revisions"}],"wp:attachment":[{"href":"https:\/\/nomadheat.com\/fr\/wp-json\/wp\/v2\/media?parent=298"}],"curies":[{"name":"wp","href":"https:\/\/api.w.org\/{rel}","templated":true}]}}