{"id":26,"date":"2021-06-16T15:56:11","date_gmt":"2021-06-16T15:56:11","guid":{"rendered":"https:\/\/nomadheat.com\/?page_id=26"},"modified":"2021-11-17T10:09:01","modified_gmt":"2021-11-17T08:09:01","slug":"a-propos-de-nous","status":"publish","type":"page","link":"https:\/\/nomadheat.com\/fr\/about-us\/","title":{"rendered":"A propos de nous"},"content":{"rendered":"<div class=\"wpb-content-wrapper\"><div  class=\"sec_row container\"><div class=\"vc_row wpb_row vc_row-fluid\"><div class=\"wpb_column vc_column_container vc_col-sm-12 et-dark-column\"><div class=\"vc_column-inner\"><div class=\"wpb_wrapper\"><div class=\"vc_empty_space\"   style=\"height: 32px\"><span class=\"vc_empty_space_inner\"><\/span><\/div>\n\t<div class=\"wpb_text_column wpb_content_element\" >\n\t\t<div class=\"wpb_wrapper\">\n\t\t\t<h1 style=\"text-align: center;\">\u00c0 PROPOS DE NOMAD HEAT<\/h1>\n<p>Rapprocher la vie et l'exp\u00e9rience des aventuriers modernes de la nature et des nomades mongols, voil\u00e0 ce qui nous a inspir\u00e9 pour cr\u00e9er Nomad Heat. Nous croyons vraiment que le sommeil a le pouvoir magique de nous gu\u00e9rir et de nous aider \u00e0 prosp\u00e9rer et nous sommes tr\u00e8s motiv\u00e9s pour vous offrir un sommeil meilleur et plus sain, o\u00f9 que vous soyez.<\/p>\n<p>La collection de sacs de couchage Nomad Heat est l'alternative parfaite pour les personnes souffrant de polysensibilit\u00e9 chimique, les enfants et tous ceux qui recherchent une exp\u00e9rience de camping enti\u00e8rement naturelle, sans produits synth\u00e9tiques ni chimiques.<\/p>\n<h2><\/h2>\n<h2 style=\"text-align: center;\">LES CR\u00c9ATEURS<\/h2>\n\n\t\t<\/div>\n\t<\/div>\n<\/div><\/div><\/div><\/div><\/div><div  class=\"sec_row container\"><div class=\"vc_row wpb_row vc_row-fluid\"><div class=\"wpb_column vc_column_container vc_col-sm-6 et-dark-column\"><div class=\"vc_column-inner\"><div class=\"wpb_wrapper\">\n\t<div class=\"wpb_text_column wpb_content_element\" >\n\t\t<div class=\"wpb_wrapper\">\n\t\t\t<h3>Rosica Petrova<\/h3>\n<p>Rositsa Petrova est la fondatrice de Home of Wool, un studio qui cr\u00e9e des matelas et des objets de d\u00e9coration en laine enti\u00e8rement naturelle. Tous ces articles sont fabriqu\u00e9s sur commande et enti\u00e8rement personnalisables.<\/p>\n<p>Elle-m\u00eame adepte du camping et de la randonn\u00e9e, elle est convaincue que vivre plus pr\u00e8s de la nature est le meilleur choix que l'on puisse faire pour une meilleure sant\u00e9 et un sommeil plus sain.<\/p>\n<p>Nomad Heat est le prolongement naturel de Home of Wool, apportant un sommeil plus sain \u00e0 l'ext\u00e9rieur.<\/p>\n\n\t\t<\/div>\n\t<\/div>\n<\/div><\/div><\/div><div class=\"wpb_column vc_column_container vc_col-sm-6 et-dark-column\"><div class=\"vc_column-inner\"><div class=\"wpb_wrapper\">\n\t<div  class=\"wpb_single_image wpb_content_element vc_align_left wpb_content_element\">\n\t\t\n\t\t<figure class=\"wpb_wrapper vc_figure\">\n\t\t\t<div class=\"vc_single_image-wrapper   vc_box_border_grey\"><img decoding=\"async\" width=\"1000\" height=\"835\" data-src=\"https:\/\/nomadheat.com\/wp-content\/uploads\/2021\/10\/Rosica-Petrova.jpg\" class=\"vc_single_image-img attachment-large lazyload\" alt=\"\" title=\"Rosica Petrova\" data-srcset=\"https:\/\/nomadheat.com\/wp-content\/uploads\/2021\/10\/Rosica-Petrova.jpg 1000w, https:\/\/nomadheat.com\/wp-content\/uploads\/2021\/10\/Rosica-Petrova-300x251.jpg 300w, https:\/\/nomadheat.com\/wp-content\/uploads\/2021\/10\/Rosica-Petrova-768x641.jpg 768w, https:\/\/nomadheat.com\/wp-content\/uploads\/2021\/10\/Rosica-Petrova-150x125.jpg 150w, https:\/\/nomadheat.com\/wp-content\/uploads\/2021\/10\/Rosica-Petrova-600x501.jpg 600w, https:\/\/nomadheat.com\/wp-content\/uploads\/2021\/10\/Rosica-Petrova-900x752.jpg 900w\" data-sizes=\"(max-width: 1000px) 100vw, 1000px\" src=\"data:image\/svg+xml;base64,PHN2ZyB3aWR0aD0iMSIgaGVpZ2h0PSIxIiB4bWxucz0iaHR0cDovL3d3dy53My5vcmcvMjAwMC9zdmciPjwvc3ZnPg==\" style=\"--smush-placeholder-width: 1000px; --smush-placeholder-aspect-ratio: 1000\/835;\" \/><\/div>\n\t\t<\/figure>\n\t<\/div>\n<\/div><\/div><\/div><\/div><\/div><div  class=\"sec_row container\"><div class=\"vc_row wpb_row vc_row-fluid\"><div class=\"wpb_column vc_column_container vc_col-sm-12 et-dark-column\"><div class=\"vc_column-inner\"><div class=\"wpb_wrapper\"><div class=\"vc_empty_space\"   style=\"height: 32px\"><span class=\"vc_empty_space_inner\"><\/span><\/div><\/div><\/div><\/div><\/div><\/div><div  class=\"sec_row container\"><div class=\"vc_row wpb_row vc_row-fluid\"><div class=\"wpb_column vc_column_container vc_col-sm-6 et-dark-column\"><div class=\"vc_column-inner\"><div class=\"wpb_wrapper\">\n\t<div  class=\"wpb_single_image wpb_content_element vc_align_left wpb_content_element\">\n\t\t\n\t\t<figure class=\"wpb_wrapper vc_figure\">\n\t\t\t<div class=\"vc_single_image-wrapper   vc_box_border_grey\"><img decoding=\"async\" width=\"780\" height=\"719\" data-src=\"https:\/\/nomadheat.com\/wp-content\/uploads\/2021\/06\/Philip-Lhamsuren.jpg\" class=\"vc_single_image-img attachment-large lazyload\" alt=\"Philip Lhamsuren\" title=\"Philip Lhamsuren\" data-srcset=\"https:\/\/nomadheat.com\/wp-content\/uploads\/2021\/06\/Philip-Lhamsuren.jpg 780w, https:\/\/nomadheat.com\/wp-content\/uploads\/2021\/06\/Philip-Lhamsuren-600x553.jpg 600w, https:\/\/nomadheat.com\/wp-content\/uploads\/2021\/06\/Philip-Lhamsuren-300x277.jpg 300w, https:\/\/nomadheat.com\/wp-content\/uploads\/2021\/06\/Philip-Lhamsuren-768x708.jpg 768w\" data-sizes=\"(max-width: 780px) 100vw, 780px\" src=\"data:image\/svg+xml;base64,PHN2ZyB3aWR0aD0iMSIgaGVpZ2h0PSIxIiB4bWxucz0iaHR0cDovL3d3dy53My5vcmcvMjAwMC9zdmciPjwvc3ZnPg==\" style=\"--smush-placeholder-width: 780px; --smush-placeholder-aspect-ratio: 780\/719;\" \/><\/div>\n\t\t<\/figure>\n\t<\/div>\n<\/div><\/div><\/div><div class=\"wpb_column vc_column_container vc_col-sm-6 et-dark-column\"><div class=\"vc_column-inner\"><div class=\"wpb_wrapper\">\n\t<div class=\"wpb_text_column wpb_content_element\" >\n\t\t<div class=\"wpb_wrapper\">\n\t\t\t<h3>Philip Lhamsuren<\/h3>\n<p>Aventurier solitaire, \u00e9crivain et v\u00e9ritable survivant, Philip Lhamsuren est la troisi\u00e8me personne \u00e0 avoir travers\u00e9 la jungle amazonienne en utilisant uniquement un cano\u00eb, un v\u00e9lo et ses propres pieds.<\/p>\n<p>\"Le corps humain est le moyen de transport le plus honn\u00eate ; l'effort physique encourage notre esprit \u00e0 s'\u00e9lever et fait de nous de meilleures personnes\", estime Philip.<\/p>\n<p>Son exp\u00e9dition en solitaire \u00e0 travers l'Amazonie, d\u00e9crite dans ses livres et ses films, est l'une des aventures modernes les plus inspirantes.<\/p>\n\n\t\t<\/div>\n\t<\/div>\n<\/div><\/div><\/div><\/div><\/div>\n<\/div>","protected":false},"excerpt":{"rendered":"ABOUT NOMAD HEAT Bringing the life and the experience of modern adventurers closer to nature and to that of Mongol nomads was what inspired us to create Nomad Heat. We truly believe that sleep has the magic to heal and help us thrive and we're highly motivated to offer you [...]","protected":false},"author":4,"featured_media":0,"parent":0,"menu_order":0,"comment_status":"closed","ping_status":"closed","template":"","meta":{"footnotes":""},"class_list":["post-26","page","type-page","status-publish","hentry"],"yoast_head":"<!-- This site is optimized with the Yoast SEO plugin v27.4 - https:\/\/yoast.com\/product\/yoast-seo-wordpress\/ -->\n<title>About us | NomadHeat<\/title>\n<meta name=\"robots\" content=\"index, follow, max-snippet:-1, max-image-preview:large, max-video-preview:-1\" \/>\n<link rel=\"canonical\" href=\"https:\/\/nomadheat.com\/fr\/a-propos-de-nous\/\" \/>\n<meta property=\"og:locale\" content=\"fr_FR\" \/>\n<meta property=\"og:type\" content=\"article\" \/>\n<meta property=\"og:title\" content=\"About us | NomadHeat\" \/>\n<meta property=\"og:url\" content=\"https:\/\/nomadheat.com\/fr\/a-propos-de-nous\/\" \/>\n<meta property=\"og:site_name\" content=\"NomadHeat\" \/>\n<meta property=\"article:modified_time\" content=\"2021-11-17T08:09:01+00:00\" \/>\n<meta name=\"twitter:card\" content=\"summary_large_image\" \/>\n<meta name=\"twitter:label1\" content=\"Dur\u00e9e de lecture estim\u00e9e\" \/>\n\t<meta name=\"twitter:data1\" content=\"2 minutes\" \/>\n<script type=\"application\/ld+json\" class=\"yoast-schema-graph\">{\"@context\":\"https:\\\/\\\/schema.org\",\"@graph\":[{\"@type\":\"WebPage\",\"@id\":\"https:\\\/\\\/nomadheat.com\\\/ja\\\/%e4%bc%9a%e7%a4%be%e6%a6%82%e8%a6%81\\\/\",\"url\":\"https:\\\/\\\/nomadheat.com\\\/ja\\\/%e4%bc%9a%e7%a4%be%e6%a6%82%e8%a6%81\\\/\",\"name\":\"About us | NomadHeat\",\"isPartOf\":{\"@id\":\"https:\\\/\\\/nomadheat.com\\\/nl\\\/#website\"},\"datePublished\":\"2021-06-16T15:56:11+00:00\",\"dateModified\":\"2021-11-17T08:09:01+00:00\",\"breadcrumb\":{\"@id\":\"https:\\\/\\\/nomadheat.com\\\/ja\\\/%e4%bc%9a%e7%a4%be%e6%a6%82%e8%a6%81\\\/#breadcrumb\"},\"inLanguage\":\"fr-FR\",\"potentialAction\":[{\"@type\":\"ReadAction\",\"target\":[\"https:\\\/\\\/nomadheat.com\\\/ja\\\/%e4%bc%9a%e7%a4%be%e6%a6%82%e8%a6%81\\\/\"]}]},{\"@type\":\"BreadcrumbList\",\"@id\":\"https:\\\/\\\/nomadheat.com\\\/ja\\\/%e4%bc%9a%e7%a4%be%e6%a6%82%e8%a6%81\\\/#breadcrumb\",\"itemListElement\":[{\"@type\":\"ListItem\",\"position\":1,\"name\":\"Home\",\"item\":\"https:\\\/\\\/nomadheat.com\\\/nl\\\/\"},{\"@type\":\"ListItem\",\"position\":2,\"name\":\"About us\"}]},{\"@type\":\"WebSite\",\"@id\":\"https:\\\/\\\/nomadheat.com\\\/nl\\\/#website\",\"url\":\"https:\\\/\\\/nomadheat.com\\\/nl\\\/\",\"name\":\"NomadHeat\",\"description\":\"Handmade Wool Sleeping Bags\",\"publisher\":{\"@id\":\"https:\\\/\\\/nomadheat.com\\\/nl\\\/#organization\"},\"potentialAction\":[{\"@type\":\"SearchAction\",\"target\":{\"@type\":\"EntryPoint\",\"urlTemplate\":\"https:\\\/\\\/nomadheat.com\\\/nl\\\/?s={search_term_string}\"},\"query-input\":{\"@type\":\"PropertyValueSpecification\",\"valueRequired\":true,\"valueName\":\"search_term_string\"}}],\"inLanguage\":\"fr-FR\"},{\"@type\":\"Organization\",\"@id\":\"https:\\\/\\\/nomadheat.com\\\/nl\\\/#organization\",\"name\":\"Nomad Heat\",\"url\":\"https:\\\/\\\/nomadheat.com\\\/nl\\\/\",\"logo\":{\"@type\":\"ImageObject\",\"inLanguage\":\"fr-FR\",\"@id\":\"https:\\\/\\\/nomadheat.com\\\/nl\\\/#\\\/schema\\\/logo\\\/image\\\/\",\"url\":\"https:\\\/\\\/nomadheat.com\\\/wp-content\\\/uploads\\\/2021\\\/10\\\/favicon.png\",\"contentUrl\":\"https:\\\/\\\/nomadheat.com\\\/wp-content\\\/uploads\\\/2021\\\/10\\\/favicon.png\",\"width\":512,\"height\":512,\"caption\":\"Nomad Heat\"},\"image\":{\"@id\":\"https:\\\/\\\/nomadheat.com\\\/nl\\\/#\\\/schema\\\/logo\\\/image\\\/\"}}]}<\/script>\n<!-- \/ Yoast SEO plugin. -->","yoast_head_json":{"title":"A propos de nous | NomadHeat","robots":{"index":"index","follow":"follow","max-snippet":"max-snippet:-1","max-image-preview":"max-image-preview:large","max-video-preview":"max-video-preview:-1"},"canonical":"https:\/\/nomadheat.com\/fr\/a-propos-de-nous\/","og_locale":"fr_FR","og_type":"article","og_title":"About us | NomadHeat","og_url":"https:\/\/nomadheat.com\/fr\/a-propos-de-nous\/","og_site_name":"NomadHeat","article_modified_time":"2021-11-17T08:09:01+00:00","twitter_card":"summary_large_image","twitter_misc":{"Dur\u00e9e de lecture estim\u00e9e":"2 minutes"},"schema":{"@context":"https:\/\/schema.org","@graph":[{"@type":"WebPage","@id":"https:\/\/nomadheat.com\/ja\/%e4%bc%9a%e7%a4%be%e6%a6%82%e8%a6%81\/","url":"https:\/\/nomadheat.com\/ja\/%e4%bc%9a%e7%a4%be%e6%a6%82%e8%a6%81\/","name":"A propos de nous | NomadHeat","isPartOf":{"@id":"https:\/\/nomadheat.com\/nl\/#website"},"datePublished":"2021-06-16T15:56:11+00:00","dateModified":"2021-11-17T08:09:01+00:00","breadcrumb":{"@id":"https:\/\/nomadheat.com\/ja\/%e4%bc%9a%e7%a4%be%e6%a6%82%e8%a6%81\/#breadcrumb"},"inLanguage":"fr-FR","potentialAction":[{"@type":"ReadAction","target":["https:\/\/nomadheat.com\/ja\/%e4%bc%9a%e7%a4%be%e6%a6%82%e8%a6%81\/"]}]},{"@type":"BreadcrumbList","@id":"https:\/\/nomadheat.com\/ja\/%e4%bc%9a%e7%a4%be%e6%a6%82%e8%a6%81\/#breadcrumb","itemListElement":[{"@type":"ListItem","position":1,"name":"Home","item":"https:\/\/nomadheat.com\/nl\/"},{"@type":"ListItem","position":2,"name":"About us"}]},{"@type":"WebSite","@id":"https:\/\/nomadheat.com\/nl\/#website","url":"https:\/\/nomadheat.com\/nl\/","name":"NomadHeat","description":"Sacs de couchage en laine faits \u00e0 la main","publisher":{"@id":"https:\/\/nomadheat.com\/nl\/#organization"},"potentialAction":[{"@type":"SearchAction","target":{"@type":"EntryPoint","urlTemplate":"https:\/\/nomadheat.com\/nl\/?s={search_term_string}"},"query-input":{"@type":"PropertyValueSpecification","valueRequired":true,"valueName":"search_term_string"}}],"inLanguage":"fr-FR"},{"@type":"Organization","@id":"https:\/\/nomadheat.com\/nl\/#organization","name":"Chaleur nomade","url":"https:\/\/nomadheat.com\/nl\/","logo":{"@type":"ImageObject","inLanguage":"fr-FR","@id":"https:\/\/nomadheat.com\/nl\/#\/schema\/logo\/image\/","url":"https:\/\/nomadheat.com\/wp-content\/uploads\/2021\/10\/favicon.png","contentUrl":"https:\/\/nomadheat.com\/wp-content\/uploads\/2021\/10\/favicon.png","width":512,"height":512,"caption":"Nomad Heat"},"image":{"@id":"https:\/\/nomadheat.com\/nl\/#\/schema\/logo\/image\/"}}]}},"_links":{"self":[{"href":"https:\/\/nomadheat.com\/fr\/wp-json\/wp\/v2\/pages\/26","targetHints":{"allow":["GET"]}}],"collection":[{"href":"https:\/\/nomadheat.com\/fr\/wp-json\/wp\/v2\/pages"}],"about":[{"href":"https:\/\/nomadheat.com\/fr\/wp-json\/wp\/v2\/types\/page"}],"author":[{"embeddable":true,"href":"https:\/\/nomadheat.com\/fr\/wp-json\/wp\/v2\/users\/4"}],"replies":[{"embeddable":true,"href":"https:\/\/nomadheat.com\/fr\/wp-json\/wp\/v2\/comments?post=26"}],"version-history":[{"count":0,"href":"https:\/\/nomadheat.com\/fr\/wp-json\/wp\/v2\/pages\/26\/revisions"}],"wp:attachment":[{"href":"https:\/\/nomadheat.com\/fr\/wp-json\/wp\/v2\/media?parent=26"}],"curies":[{"name":"wp","href":"https:\/\/api.w.org\/{rel}","templated":true}]}}