{"id":659,"date":"2022-04-28T19:52:01","date_gmt":"2022-04-28T16:52:01","guid":{"rendered":"https:\/\/nomadheat.com\/?post_type=product&#038;p=659"},"modified":"2024-11-08T13:35:00","modified_gmt":"2024-11-08T11:35:00","slug":"matkatyyny-2","status":"publish","type":"product","link":"https:\/\/nomadheat.com\/fi\/shop\/travel-pillow\/","title":{"rendered":"Matkatavaratyyny"},"content":{"rendered":"<p><strong>OMINAISUUDET<\/strong><br \/>\n- Tyynyliina kahvalla.<br \/>\n- Sis\u00e4kangas: 100% Orgaaninen puuvilla<\/p>\n<p><strong>KOKO<\/strong><br \/>\n50 \u0445 60 cm (20 x 24\u2033)<\/p>\n<p><strong>TYYNYLIINAN KANGAS<\/strong><br \/>\n100% Pellava, keskivahva (\u00d6ko-Tex-sertifioitu)<\/p>\n<p><strong>T\u00c4YTT\u00d6<\/strong><br \/>\n1,2 kg (2,7 lbs) 100% orgaanista irtovillaa (GOTS-sertifioitu).<\/p>\n<p><strong>KEST\u00c4VYYS<\/strong><br \/>\nT\u00e4m\u00e4n makuupussin kaikki materiaalit ovat luonnollisia, biohajoavia, kest\u00e4vi\u00e4 ja uusiutuvia.<\/p>\n<p><strong>TUOTTEEN HOITO<\/strong><br \/>\nMakuualustamme on rakennettu kest\u00e4m\u00e4\u00e4n laadukkaista ja kest\u00e4vist\u00e4 materiaaleista. Jotta voit nauttia niiden k\u00e4yt\u00f6st\u00e4 pidemp\u00e4\u00e4n, varmista, ett\u00e4 noudatat ohjeita. <a href=\"https:\/\/nomadheat.com\/fi\/hoito\/\">Hoito-ohjeet<\/a>.<\/p>","protected":false},"excerpt":{"rendered":"<p>Sopii matkailijoille, jotka l\u00e4htev\u00e4t seikkailuihin teltoilla ja asuntoautoilla.<\/p>","protected":false},"featured_media":664,"comment_status":"open","ping_status":"closed","template":"","meta":[],"product_brand":[],"product_cat":[20],"product_tag":[22,33,41,42,23,36,39,32,40],"class_list":{"0":"post-659","1":"product","2":"type-product","3":"status-publish","4":"has-post-thumbnail","6":"product_cat-accessories","7":"product_tag-camping","8":"product_tag-camping-essentials","9":"product_tag-glamping","10":"product_tag-hiking-trekking","11":"product_tag-outdoor-sleeping","12":"product_tag-outspan","13":"product_tag-overlanding","14":"product_tag-overlanding-gear","15":"product_tag-slow-living","17":"first","18":"instock","19":"shipping-taxable","20":"purchasable","21":"product-type-simple"},"yoast_head":"<!-- This site is optimized with the Yoast SEO plugin v27.3 - https:\/\/yoast.com\/product\/yoast-seo-wordpress\/ -->\n<title>Carry-On Pillow | NomadHeat<\/title>\n<meta name=\"description\" content=\"Enjoy extremely good restorative sleep with our all-natural travel pillow. Suitable for travelers going on adventures with tents and RVs.\" \/>\n<meta name=\"robots\" content=\"index, follow, max-snippet:-1, max-image-preview:large, max-video-preview:-1\" \/>\n<link rel=\"canonical\" href=\"https:\/\/nomadheat.com\/fi\/shop\/matkatyyny-2\/\" \/>\n<meta property=\"og:locale\" content=\"fi_FI\" \/>\n<meta property=\"og:type\" content=\"article\" \/>\n<meta property=\"og:title\" content=\"Carry-On Pillow | NomadHeat\" \/>\n<meta property=\"og:description\" content=\"Enjoy extremely good restorative sleep with our all-natural travel pillow. Suitable for travelers going on adventures with tents and RVs.\" \/>\n<meta property=\"og:url\" content=\"https:\/\/nomadheat.com\/fi\/shop\/matkatyyny-2\/\" \/>\n<meta property=\"og:site_name\" content=\"NomadHeat\" \/>\n<meta property=\"article:modified_time\" content=\"2024-11-08T11:35:00+00:00\" \/>\n<meta property=\"og:image\" content=\"https:\/\/nomadheat.com\/wp-content\/uploads\/2022\/04\/Nomad-Heat-Travel-Pillow-1.jpg\" \/>\n\t<meta property=\"og:image:width\" content=\"2000\" \/>\n\t<meta property=\"og:image:height\" content=\"1600\" \/>\n\t<meta property=\"og:image:type\" content=\"image\/jpeg\" \/>\n<meta name=\"twitter:card\" content=\"summary_large_image\" \/>\n<meta name=\"twitter:label1\" content=\"Arvioitu lukuaika\" \/>\n\t<meta name=\"twitter:data1\" content=\"1 minuutti\" \/>\n<script type=\"application\/ld+json\" class=\"yoast-schema-graph\">{\"@context\":\"https:\\\/\\\/schema.org\",\"@graph\":[{\"@type\":\"WebPage\",\"@id\":\"https:\\\/\\\/nomadheat.com\\\/sv\\\/butik\\\/resekudde\\\/\",\"url\":\"https:\\\/\\\/nomadheat.com\\\/sv\\\/butik\\\/resekudde\\\/\",\"name\":\"Carry-On Pillow | NomadHeat\",\"isPartOf\":{\"@id\":\"https:\\\/\\\/nomadheat.com\\\/nl\\\/#website\"},\"primaryImageOfPage\":{\"@id\":\"https:\\\/\\\/nomadheat.com\\\/sv\\\/butik\\\/resekudde\\\/#primaryimage\"},\"image\":{\"@id\":\"https:\\\/\\\/nomadheat.com\\\/sv\\\/butik\\\/resekudde\\\/#primaryimage\"},\"thumbnailUrl\":\"https:\\\/\\\/nomadheat.com\\\/wp-content\\\/uploads\\\/2022\\\/04\\\/Nomad-Heat-Travel-Pillow-1.jpg\",\"datePublished\":\"2022-04-28T16:52:01+00:00\",\"dateModified\":\"2024-11-08T11:35:00+00:00\",\"description\":\"Enjoy extremely good restorative sleep with our all-natural travel pillow. Suitable for travelers going on adventures with tents and RVs.\",\"breadcrumb\":{\"@id\":\"https:\\\/\\\/nomadheat.com\\\/sv\\\/butik\\\/resekudde\\\/#breadcrumb\"},\"inLanguage\":\"fi\",\"potentialAction\":[{\"@type\":\"ReadAction\",\"target\":[\"https:\\\/\\\/nomadheat.com\\\/sv\\\/butik\\\/resekudde\\\/\"]}]},{\"@type\":\"ImageObject\",\"inLanguage\":\"fi\",\"@id\":\"https:\\\/\\\/nomadheat.com\\\/sv\\\/butik\\\/resekudde\\\/#primaryimage\",\"url\":\"https:\\\/\\\/nomadheat.com\\\/wp-content\\\/uploads\\\/2022\\\/04\\\/Nomad-Heat-Travel-Pillow-1.jpg\",\"contentUrl\":\"https:\\\/\\\/nomadheat.com\\\/wp-content\\\/uploads\\\/2022\\\/04\\\/Nomad-Heat-Travel-Pillow-1.jpg\",\"width\":2000,\"height\":1600,\"caption\":\"Nomad Heat Travel Pillow\"},{\"@type\":\"BreadcrumbList\",\"@id\":\"https:\\\/\\\/nomadheat.com\\\/sv\\\/butik\\\/resekudde\\\/#breadcrumb\",\"itemListElement\":[{\"@type\":\"ListItem\",\"position\":1,\"name\":\"Home\",\"item\":\"https:\\\/\\\/nomadheat.com\\\/nl\\\/\"},{\"@type\":\"ListItem\",\"position\":2,\"name\":\"Shop\",\"item\":\"https:\\\/\\\/nomadheat.com\\\/sv\\\/butik\\\/\"},{\"@type\":\"ListItem\",\"position\":3,\"name\":\"Carry-On Pillow\"}]},{\"@type\":\"WebSite\",\"@id\":\"https:\\\/\\\/nomadheat.com\\\/nl\\\/#website\",\"url\":\"https:\\\/\\\/nomadheat.com\\\/nl\\\/\",\"name\":\"NomadHeat\",\"description\":\"Handmade Wool Sleeping Bags\",\"publisher\":{\"@id\":\"https:\\\/\\\/nomadheat.com\\\/nl\\\/#organization\"},\"potentialAction\":[{\"@type\":\"SearchAction\",\"target\":{\"@type\":\"EntryPoint\",\"urlTemplate\":\"https:\\\/\\\/nomadheat.com\\\/nl\\\/?s={search_term_string}\"},\"query-input\":{\"@type\":\"PropertyValueSpecification\",\"valueRequired\":true,\"valueName\":\"search_term_string\"}}],\"inLanguage\":\"fi\"},{\"@type\":\"Organization\",\"@id\":\"https:\\\/\\\/nomadheat.com\\\/nl\\\/#organization\",\"name\":\"Nomad Heat\",\"url\":\"https:\\\/\\\/nomadheat.com\\\/nl\\\/\",\"logo\":{\"@type\":\"ImageObject\",\"inLanguage\":\"fi\",\"@id\":\"https:\\\/\\\/nomadheat.com\\\/nl\\\/#\\\/schema\\\/logo\\\/image\\\/\",\"url\":\"https:\\\/\\\/nomadheat.com\\\/wp-content\\\/uploads\\\/2021\\\/10\\\/favicon.png\",\"contentUrl\":\"https:\\\/\\\/nomadheat.com\\\/wp-content\\\/uploads\\\/2021\\\/10\\\/favicon.png\",\"width\":512,\"height\":512,\"caption\":\"Nomad Heat\"},\"image\":{\"@id\":\"https:\\\/\\\/nomadheat.com\\\/nl\\\/#\\\/schema\\\/logo\\\/image\\\/\"}}]}<\/script>\n<!-- \/ Yoast SEO plugin. -->","yoast_head_json":{"title":"Matkatyyny | NomadHeat","description":"Nauti eritt\u00e4in hyv\u00e4st\u00e4 ja virkist\u00e4v\u00e4st\u00e4 unesta t\u00e4ysin luonnollisen matkatyynyn avulla. Sopii teltoilla ja asuntoautoilla seikkailuun l\u00e4hteville matkailijoille.","robots":{"index":"index","follow":"follow","max-snippet":"max-snippet:-1","max-image-preview":"max-image-preview:large","max-video-preview":"max-video-preview:-1"},"canonical":"https:\/\/nomadheat.com\/fi\/shop\/matkatyyny-2\/","og_locale":"fi_FI","og_type":"article","og_title":"Carry-On Pillow | NomadHeat","og_description":"Enjoy extremely good restorative sleep with our all-natural travel pillow. Suitable for travelers going on adventures with tents and RVs.","og_url":"https:\/\/nomadheat.com\/fi\/shop\/matkatyyny-2\/","og_site_name":"NomadHeat","article_modified_time":"2024-11-08T11:35:00+00:00","og_image":[{"width":2000,"height":1600,"url":"https:\/\/nomadheat.com\/wp-content\/uploads\/2022\/04\/Nomad-Heat-Travel-Pillow-1.jpg","type":"image\/jpeg"}],"twitter_card":"summary_large_image","twitter_misc":{"Arvioitu lukuaika":"1 minuutti"},"schema":{"@context":"https:\/\/schema.org","@graph":[{"@type":"WebPage","@id":"https:\/\/nomadheat.com\/sv\/butik\/resekudde\/","url":"https:\/\/nomadheat.com\/sv\/butik\/resekudde\/","name":"Matkatyyny | NomadHeat","isPartOf":{"@id":"https:\/\/nomadheat.com\/nl\/#website"},"primaryImageOfPage":{"@id":"https:\/\/nomadheat.com\/sv\/butik\/resekudde\/#primaryimage"},"image":{"@id":"https:\/\/nomadheat.com\/sv\/butik\/resekudde\/#primaryimage"},"thumbnailUrl":"https:\/\/nomadheat.com\/wp-content\/uploads\/2022\/04\/Nomad-Heat-Travel-Pillow-1.jpg","datePublished":"2022-04-28T16:52:01+00:00","dateModified":"2024-11-08T11:35:00+00:00","description":"Nauti eritt\u00e4in hyv\u00e4st\u00e4 ja virkist\u00e4v\u00e4st\u00e4 unesta t\u00e4ysin luonnollisen matkatyynyn avulla. Sopii teltoilla ja asuntoautoilla seikkailuun l\u00e4hteville matkailijoille.","breadcrumb":{"@id":"https:\/\/nomadheat.com\/sv\/butik\/resekudde\/#breadcrumb"},"inLanguage":"fi","potentialAction":[{"@type":"ReadAction","target":["https:\/\/nomadheat.com\/sv\/butik\/resekudde\/"]}]},{"@type":"ImageObject","inLanguage":"fi","@id":"https:\/\/nomadheat.com\/sv\/butik\/resekudde\/#primaryimage","url":"https:\/\/nomadheat.com\/wp-content\/uploads\/2022\/04\/Nomad-Heat-Travel-Pillow-1.jpg","contentUrl":"https:\/\/nomadheat.com\/wp-content\/uploads\/2022\/04\/Nomad-Heat-Travel-Pillow-1.jpg","width":2000,"height":1600,"caption":"Nomad Heat Travel Pillow"},{"@type":"BreadcrumbList","@id":"https:\/\/nomadheat.com\/sv\/butik\/resekudde\/#breadcrumb","itemListElement":[{"@type":"ListItem","position":1,"name":"Home","item":"https:\/\/nomadheat.com\/nl\/"},{"@type":"ListItem","position":2,"name":"Shop","item":"https:\/\/nomadheat.com\/sv\/butik\/"},{"@type":"ListItem","position":3,"name":"Carry-On Pillow"}]},{"@type":"WebSite","@id":"https:\/\/nomadheat.com\/nl\/#website","url":"https:\/\/nomadheat.com\/nl\/","name":"NomadHeat","description":"K\u00e4sintehty villa makuupussit","publisher":{"@id":"https:\/\/nomadheat.com\/nl\/#organization"},"potentialAction":[{"@type":"SearchAction","target":{"@type":"EntryPoint","urlTemplate":"https:\/\/nomadheat.com\/nl\/?s={search_term_string}"},"query-input":{"@type":"PropertyValueSpecification","valueRequired":true,"valueName":"search_term_string"}}],"inLanguage":"fi"},{"@type":"Organization","@id":"https:\/\/nomadheat.com\/nl\/#organization","name":"Nomad Heat","url":"https:\/\/nomadheat.com\/nl\/","logo":{"@type":"ImageObject","inLanguage":"fi","@id":"https:\/\/nomadheat.com\/nl\/#\/schema\/logo\/image\/","url":"https:\/\/nomadheat.com\/wp-content\/uploads\/2021\/10\/favicon.png","contentUrl":"https:\/\/nomadheat.com\/wp-content\/uploads\/2021\/10\/favicon.png","width":512,"height":512,"caption":"Nomad Heat"},"image":{"@id":"https:\/\/nomadheat.com\/nl\/#\/schema\/logo\/image\/"}}]}},"_links":{"self":[{"href":"https:\/\/nomadheat.com\/fi\/wp-json\/wp\/v2\/product\/659","targetHints":{"allow":["GET"]}}],"collection":[{"href":"https:\/\/nomadheat.com\/fi\/wp-json\/wp\/v2\/product"}],"about":[{"href":"https:\/\/nomadheat.com\/fi\/wp-json\/wp\/v2\/types\/product"}],"replies":[{"embeddable":true,"href":"https:\/\/nomadheat.com\/fi\/wp-json\/wp\/v2\/comments?post=659"}],"wp:featuredmedia":[{"embeddable":true,"href":"https:\/\/nomadheat.com\/fi\/wp-json\/wp\/v2\/media\/664"}],"wp:attachment":[{"href":"https:\/\/nomadheat.com\/fi\/wp-json\/wp\/v2\/media?parent=659"}],"wp:term":[{"taxonomy":"product_brand","embeddable":true,"href":"https:\/\/nomadheat.com\/fi\/wp-json\/wp\/v2\/product_brand?post=659"},{"taxonomy":"product_cat","embeddable":true,"href":"https:\/\/nomadheat.com\/fi\/wp-json\/wp\/v2\/product_cat?post=659"},{"taxonomy":"product_tag","embeddable":true,"href":"https:\/\/nomadheat.com\/fi\/wp-json\/wp\/v2\/product_tag?post=659"}],"curies":[{"name":"wp","href":"https:\/\/api.w.org\/{rel}","templated":true}]}}