{"id":229,"date":"2021-08-03T09:52:35","date_gmt":"2021-08-03T06:52:35","guid":{"rendered":"https:\/\/nomadheat.com\/?post_type=product&#038;p=229"},"modified":"2025-04-29T14:52:26","modified_gmt":"2025-04-29T11:52:26","slug":"villa-makuupussi-trek-pro-2","status":"publish","type":"product","link":"https:\/\/nomadheat.com\/fi\/shop\/wool-sleeping-bag-trek-pro\/","title":{"rendered":"Trek Pro Wool makuupussi"},"content":{"rendered":"<p><strong>OMINAISUUDET<\/strong><br \/>\n- Sis\u00e4ll\u00e4 ylellinen luonnon mulperisilkkikangas ja villapatja.<br \/>\n- Valinnainen kiinte\u00e4 tai irrotettava huppu, joka v\u00e4hent\u00e4\u00e4 melua ja lis\u00e4\u00e4 k\u00e4ytt\u00f6mukavuutta.<br \/>\n- Hupun ja eristyskauluksen kiristysnauha helppoa s\u00e4\u00e4t\u00f6\u00e4 varten.<br \/>\n- Ripustetaan tuuletussilmukat<br \/>\n- Kompressio tavaras\u00e4kki<br \/>\n- Ilmastoinnin s\u00e4\u00e4t\u00f6 keskell\u00e4 olevalla 2-suuntaisella vetoketjulla<br \/>\n- YKK-vetoketju est\u00e4\u00e4 materiaalin juuttumisen<br \/>\n- Sis\u00e4tasku arvoesineiden s\u00e4ilytt\u00e4miseen<br \/>\n- Suorakulmainen jalkalaatikko lis\u00e4\u00e4 mukavuutta ilman lis\u00e4painoa.<br \/>\n- Valinnainen jalkakotelon vetoketju<br \/>\n- Valinnainen irrotettava silkkivuori<\/p>\n<p>Levein kohta - keskell\u00e4 k\u00e4sivarsien ymp\u00e4rill\u00e4:<br \/>\n90 cm miesten malleissa \/ 80 cm naisten malleissa.<\/p>\n<p>Pituus (vetoketjun yl\u00e4reunasta jalkaan):<br \/>\n- enint\u00e4\u00e4n 170 cm<br \/>\n- enint\u00e4\u00e4n 180 cm<br \/>\n- enint\u00e4\u00e4n 190 cm<br \/>\n- enint\u00e4\u00e4n 200 cm tai mik\u00e4 tahansa pituus pyynn\u00f6st\u00e4<\/p>\n<p><strong>PAINO<\/strong><\/p>\n<ul>\n<li>Trek Pro Light - Pienimm\u00e4lle naiskokoluokalle: 1185 g \/ 2,6 lb<\/li>\n<li>Trek Pro Zero - Suurimmille miehille: 2400 g \/ 5,3 lb.<\/li>\n<li>Trek Pro Extreme - Pienimmille naisille: 2650 g \/ 5,8 lb.<\/li>\n<\/ul>\n<p><strong>MATERIAALIT<\/strong><br \/>\nKuori: 100% Luonnollinen mulperisilkki<br \/>\nVuori: 100% Luonnollinen mulperisilkki silkki<br \/>\nT\u00e4ytt\u00f6: (GOTS-sertifioitu).<br \/>\nKonepest\u00e4v\u00e4: Kyll\u00e4<br \/>\nVOC, HAP, synteettiset aineet, kemikaalivapaat aineet<\/p>\n<p><strong>KEST\u00c4VYYS<\/strong><br \/>\nT\u00e4m\u00e4n makuupussin kaikki materiaalit ovat luonnollisia, biohajoavia, kest\u00e4vi\u00e4 ja uusiutuvia.<\/p>\n<p><strong>TUOTTEEN HOITO<\/strong><br \/>\nMakuupussimme on valmistettu kest\u00e4m\u00e4\u00e4n laadukkaista ja kest\u00e4vist\u00e4 materiaaleista. Jotta voit nauttia niiden k\u00e4yt\u00f6st\u00e4 pidemp\u00e4\u00e4n, varmista, ett\u00e4 noudatat ohjeita. <a href=\"https:\/\/nomadheat.com\/fi\/hoito\/\">Hoito-ohjeet<\/a>.<\/p>","protected":false},"excerpt":{"rendered":"<p>Eritt\u00e4in hyv\u00e4 palauttava uni viimeisen p\u00e4\u00e4lle ylellisell\u00e4 Trek Pro -makuupussilla.<br \/>\nK\u00e4ytt\u00e4m\u00e4ll\u00e4 vain t\u00e4ysin luonnollisia materiaaleja - mulperisilkki\u00e4 ja villaa - se tarjoaa ly\u00f6m\u00e4tt\u00f6m\u00e4n l\u00e4mp\u00f6tilan ja kosteuden s\u00e4\u00e4telyn sek\u00e4 meluttomuuden, joka takaa vertaansa vailla olevan mukavuuden unen aikana.<br \/>\nSopii matkailijoille, jotka l\u00e4htev\u00e4t seikkailuihin teltoilla ja asuntoautoilla.<\/p>","protected":false},"featured_media":234,"comment_status":"open","ping_status":"closed","template":"","meta":[],"product_brand":[],"product_cat":[19],"product_tag":[35,22,33,41,42,51,23,36,39,32,26,40,21,50],"class_list":{"0":"post-229","1":"product","2":"type-product","3":"status-publish","4":"has-post-thumbnail","6":"product_cat-sleeping-bags","7":"product_tag-bivouac","8":"product_tag-camping","9":"product_tag-camping-essentials","10":"product_tag-glamping","11":"product_tag-hiking-trekking","12":"product_tag-organic-wool-sleeping-bag","13":"product_tag-outdoor-sleeping","14":"product_tag-outspan","15":"product_tag-overlanding","16":"product_tag-overlanding-gear","17":"product_tag-sleeping-bags-for-adults","18":"product_tag-slow-living","19":"product_tag-summer-sleeping-bag","20":"product_tag-wool-sleep-sack","22":"first","23":"instock","24":"shipping-taxable","25":"purchasable","26":"product-type-variable"},"yoast_head":"<!-- This site is optimized with the Yoast SEO plugin v27.3 - https:\/\/yoast.com\/product\/yoast-seo-wordpress\/ -->\n<title>Trek Pro Wool Sleeping Bag | NomadHeat | All-natural Sleeping Bags<\/title>\n<meta name=\"description\" content=\"Wool sleeping bag made with only all-natural materials, provides unbeatable temperature and moisture regulation for unparalleled comfort during sleep.\" \/>\n<meta name=\"robots\" content=\"index, follow, max-snippet:-1, max-image-preview:large, max-video-preview:-1\" \/>\n<link rel=\"canonical\" href=\"https:\/\/nomadheat.com\/fi\/shop\/villa-makuupussi-trek-pro-2\/\" \/>\n<meta property=\"og:locale\" content=\"fi_FI\" \/>\n<meta property=\"og:type\" content=\"article\" \/>\n<meta property=\"og:title\" content=\"Trek Pro Wool Sleeping Bag | NomadHeat | All-natural Sleeping Bags\" \/>\n<meta property=\"og:description\" content=\"Wool sleeping bag made with only all-natural materials, provides unbeatable temperature and moisture regulation for unparalleled comfort during sleep.\" \/>\n<meta property=\"og:url\" content=\"https:\/\/nomadheat.com\/fi\/shop\/villa-makuupussi-trek-pro-2\/\" \/>\n<meta property=\"og:site_name\" content=\"NomadHeat\" \/>\n<meta property=\"article:modified_time\" content=\"2025-04-29T11:52:26+00:00\" \/>\n<meta property=\"og:image\" content=\"https:\/\/nomadheat.com\/wp-content\/uploads\/2021\/08\/Nomad-Heat-Wool-Sleeping-Bag-Trek-Pro-1.jpg\" \/>\n\t<meta property=\"og:image:width\" content=\"2000\" \/>\n\t<meta property=\"og:image:height\" content=\"1600\" \/>\n\t<meta property=\"og:image:type\" content=\"image\/jpeg\" \/>\n<meta name=\"twitter:card\" content=\"summary_large_image\" \/>\n<meta name=\"twitter:label1\" content=\"Arvioitu lukuaika\" \/>\n\t<meta name=\"twitter:data1\" content=\"2 minuuttia\" \/>\n<script type=\"application\/ld+json\" class=\"yoast-schema-graph\">{\"@context\":\"https:\\\/\\\/schema.org\",\"@graph\":[{\"@type\":\"WebPage\",\"@id\":\"https:\\\/\\\/nomadheat.com\\\/it\\\/negozio\\\/sacco-a-pelo-in-lana-trek-pro\\\/\",\"url\":\"https:\\\/\\\/nomadheat.com\\\/it\\\/negozio\\\/sacco-a-pelo-in-lana-trek-pro\\\/\",\"name\":\"Trek Pro Wool Sleeping Bag | NomadHeat | All-natural Sleeping Bags\",\"isPartOf\":{\"@id\":\"https:\\\/\\\/nomadheat.com\\\/nl\\\/#website\"},\"primaryImageOfPage\":{\"@id\":\"https:\\\/\\\/nomadheat.com\\\/it\\\/negozio\\\/sacco-a-pelo-in-lana-trek-pro\\\/#primaryimage\"},\"image\":{\"@id\":\"https:\\\/\\\/nomadheat.com\\\/it\\\/negozio\\\/sacco-a-pelo-in-lana-trek-pro\\\/#primaryimage\"},\"thumbnailUrl\":\"https:\\\/\\\/nomadheat.com\\\/wp-content\\\/uploads\\\/2021\\\/08\\\/Nomad-Heat-Wool-Sleeping-Bag-Trek-Pro-1.jpg\",\"datePublished\":\"2021-08-03T06:52:35+00:00\",\"dateModified\":\"2025-04-29T11:52:26+00:00\",\"description\":\"Wool sleeping bag made with only all-natural materials, provides unbeatable temperature and moisture regulation for unparalleled comfort during sleep.\",\"breadcrumb\":{\"@id\":\"https:\\\/\\\/nomadheat.com\\\/it\\\/negozio\\\/sacco-a-pelo-in-lana-trek-pro\\\/#breadcrumb\"},\"inLanguage\":\"fi\",\"potentialAction\":[{\"@type\":\"ReadAction\",\"target\":[\"https:\\\/\\\/nomadheat.com\\\/it\\\/negozio\\\/sacco-a-pelo-in-lana-trek-pro\\\/\"]}]},{\"@type\":\"ImageObject\",\"inLanguage\":\"fi\",\"@id\":\"https:\\\/\\\/nomadheat.com\\\/it\\\/negozio\\\/sacco-a-pelo-in-lana-trek-pro\\\/#primaryimage\",\"url\":\"https:\\\/\\\/nomadheat.com\\\/wp-content\\\/uploads\\\/2021\\\/08\\\/Nomad-Heat-Wool-Sleeping-Bag-Trek-Pro-1.jpg\",\"contentUrl\":\"https:\\\/\\\/nomadheat.com\\\/wp-content\\\/uploads\\\/2021\\\/08\\\/Nomad-Heat-Wool-Sleeping-Bag-Trek-Pro-1.jpg\",\"width\":2000,\"height\":1600,\"caption\":\"Nomad Heat Wool Sleeping Bag Trek Pro\"},{\"@type\":\"BreadcrumbList\",\"@id\":\"https:\\\/\\\/nomadheat.com\\\/it\\\/negozio\\\/sacco-a-pelo-in-lana-trek-pro\\\/#breadcrumb\",\"itemListElement\":[{\"@type\":\"ListItem\",\"position\":1,\"name\":\"Home\",\"item\":\"https:\\\/\\\/nomadheat.com\\\/nl\\\/\"},{\"@type\":\"ListItem\",\"position\":2,\"name\":\"Shop\",\"item\":\"https:\\\/\\\/nomadheat.com\\\/sv\\\/butik\\\/\"},{\"@type\":\"ListItem\",\"position\":3,\"name\":\"Trek Pro Wool Sleeping Bag\"}]},{\"@type\":\"WebSite\",\"@id\":\"https:\\\/\\\/nomadheat.com\\\/nl\\\/#website\",\"url\":\"https:\\\/\\\/nomadheat.com\\\/nl\\\/\",\"name\":\"NomadHeat\",\"description\":\"Handmade Wool Sleeping Bags\",\"publisher\":{\"@id\":\"https:\\\/\\\/nomadheat.com\\\/nl\\\/#organization\"},\"potentialAction\":[{\"@type\":\"SearchAction\",\"target\":{\"@type\":\"EntryPoint\",\"urlTemplate\":\"https:\\\/\\\/nomadheat.com\\\/nl\\\/?s={search_term_string}\"},\"query-input\":{\"@type\":\"PropertyValueSpecification\",\"valueRequired\":true,\"valueName\":\"search_term_string\"}}],\"inLanguage\":\"fi\"},{\"@type\":\"Organization\",\"@id\":\"https:\\\/\\\/nomadheat.com\\\/nl\\\/#organization\",\"name\":\"Nomad Heat\",\"url\":\"https:\\\/\\\/nomadheat.com\\\/nl\\\/\",\"logo\":{\"@type\":\"ImageObject\",\"inLanguage\":\"fi\",\"@id\":\"https:\\\/\\\/nomadheat.com\\\/nl\\\/#\\\/schema\\\/logo\\\/image\\\/\",\"url\":\"https:\\\/\\\/nomadheat.com\\\/wp-content\\\/uploads\\\/2021\\\/10\\\/favicon.png\",\"contentUrl\":\"https:\\\/\\\/nomadheat.com\\\/wp-content\\\/uploads\\\/2021\\\/10\\\/favicon.png\",\"width\":512,\"height\":512,\"caption\":\"Nomad Heat\"},\"image\":{\"@id\":\"https:\\\/\\\/nomadheat.com\\\/nl\\\/#\\\/schema\\\/logo\\\/image\\\/\"}}]}<\/script>\n<!-- \/ Yoast SEO plugin. -->","yoast_head_json":{"title":"Trek Pro Wool -makuupussi | NomadHeat | Kaikki luonnolliset makuupussit","description":"Villamakuupussi, joka on valmistettu vain t\u00e4ysin luonnollisista materiaaleista, tarjoaa ly\u00f6m\u00e4tt\u00f6m\u00e4n l\u00e4mp\u00f6tilan ja kosteuden s\u00e4\u00e4telyn, joka takaa vertaansa vailla olevan mukavuuden unen aikana.","robots":{"index":"index","follow":"follow","max-snippet":"max-snippet:-1","max-image-preview":"max-image-preview:large","max-video-preview":"max-video-preview:-1"},"canonical":"https:\/\/nomadheat.com\/fi\/shop\/villa-makuupussi-trek-pro-2\/","og_locale":"fi_FI","og_type":"article","og_title":"Trek Pro Wool Sleeping Bag | NomadHeat | All-natural Sleeping Bags","og_description":"Wool sleeping bag made with only all-natural materials, provides unbeatable temperature and moisture regulation for unparalleled comfort during sleep.","og_url":"https:\/\/nomadheat.com\/fi\/shop\/villa-makuupussi-trek-pro-2\/","og_site_name":"NomadHeat","article_modified_time":"2025-04-29T11:52:26+00:00","og_image":[{"width":2000,"height":1600,"url":"https:\/\/nomadheat.com\/wp-content\/uploads\/2021\/08\/Nomad-Heat-Wool-Sleeping-Bag-Trek-Pro-1.jpg","type":"image\/jpeg"}],"twitter_card":"summary_large_image","twitter_misc":{"Arvioitu lukuaika":"2 minuuttia"},"schema":{"@context":"https:\/\/schema.org","@graph":[{"@type":"WebPage","@id":"https:\/\/nomadheat.com\/it\/negozio\/sacco-a-pelo-in-lana-trek-pro\/","url":"https:\/\/nomadheat.com\/it\/negozio\/sacco-a-pelo-in-lana-trek-pro\/","name":"Trek Pro Wool -makuupussi | NomadHeat | Kaikki luonnolliset makuupussit","isPartOf":{"@id":"https:\/\/nomadheat.com\/nl\/#website"},"primaryImageOfPage":{"@id":"https:\/\/nomadheat.com\/it\/negozio\/sacco-a-pelo-in-lana-trek-pro\/#primaryimage"},"image":{"@id":"https:\/\/nomadheat.com\/it\/negozio\/sacco-a-pelo-in-lana-trek-pro\/#primaryimage"},"thumbnailUrl":"https:\/\/nomadheat.com\/wp-content\/uploads\/2021\/08\/Nomad-Heat-Wool-Sleeping-Bag-Trek-Pro-1.jpg","datePublished":"2021-08-03T06:52:35+00:00","dateModified":"2025-04-29T11:52:26+00:00","description":"Villamakuupussi, joka on valmistettu vain t\u00e4ysin luonnollisista materiaaleista, tarjoaa ly\u00f6m\u00e4tt\u00f6m\u00e4n l\u00e4mp\u00f6tilan ja kosteuden s\u00e4\u00e4telyn, joka takaa vertaansa vailla olevan mukavuuden unen aikana.","breadcrumb":{"@id":"https:\/\/nomadheat.com\/it\/negozio\/sacco-a-pelo-in-lana-trek-pro\/#breadcrumb"},"inLanguage":"fi","potentialAction":[{"@type":"ReadAction","target":["https:\/\/nomadheat.com\/it\/negozio\/sacco-a-pelo-in-lana-trek-pro\/"]}]},{"@type":"ImageObject","inLanguage":"fi","@id":"https:\/\/nomadheat.com\/it\/negozio\/sacco-a-pelo-in-lana-trek-pro\/#primaryimage","url":"https:\/\/nomadheat.com\/wp-content\/uploads\/2021\/08\/Nomad-Heat-Wool-Sleeping-Bag-Trek-Pro-1.jpg","contentUrl":"https:\/\/nomadheat.com\/wp-content\/uploads\/2021\/08\/Nomad-Heat-Wool-Sleeping-Bag-Trek-Pro-1.jpg","width":2000,"height":1600,"caption":"Nomad Heat Wool Sleeping Bag Trek Pro"},{"@type":"BreadcrumbList","@id":"https:\/\/nomadheat.com\/it\/negozio\/sacco-a-pelo-in-lana-trek-pro\/#breadcrumb","itemListElement":[{"@type":"ListItem","position":1,"name":"Home","item":"https:\/\/nomadheat.com\/nl\/"},{"@type":"ListItem","position":2,"name":"Shop","item":"https:\/\/nomadheat.com\/sv\/butik\/"},{"@type":"ListItem","position":3,"name":"Trek Pro Wool Sleeping Bag"}]},{"@type":"WebSite","@id":"https:\/\/nomadheat.com\/nl\/#website","url":"https:\/\/nomadheat.com\/nl\/","name":"NomadHeat","description":"K\u00e4sintehty villa makuupussit","publisher":{"@id":"https:\/\/nomadheat.com\/nl\/#organization"},"potentialAction":[{"@type":"SearchAction","target":{"@type":"EntryPoint","urlTemplate":"https:\/\/nomadheat.com\/nl\/?s={search_term_string}"},"query-input":{"@type":"PropertyValueSpecification","valueRequired":true,"valueName":"search_term_string"}}],"inLanguage":"fi"},{"@type":"Organization","@id":"https:\/\/nomadheat.com\/nl\/#organization","name":"Nomad Heat","url":"https:\/\/nomadheat.com\/nl\/","logo":{"@type":"ImageObject","inLanguage":"fi","@id":"https:\/\/nomadheat.com\/nl\/#\/schema\/logo\/image\/","url":"https:\/\/nomadheat.com\/wp-content\/uploads\/2021\/10\/favicon.png","contentUrl":"https:\/\/nomadheat.com\/wp-content\/uploads\/2021\/10\/favicon.png","width":512,"height":512,"caption":"Nomad Heat"},"image":{"@id":"https:\/\/nomadheat.com\/nl\/#\/schema\/logo\/image\/"}}]}},"_links":{"self":[{"href":"https:\/\/nomadheat.com\/fi\/wp-json\/wp\/v2\/product\/229","targetHints":{"allow":["GET"]}}],"collection":[{"href":"https:\/\/nomadheat.com\/fi\/wp-json\/wp\/v2\/product"}],"about":[{"href":"https:\/\/nomadheat.com\/fi\/wp-json\/wp\/v2\/types\/product"}],"replies":[{"embeddable":true,"href":"https:\/\/nomadheat.com\/fi\/wp-json\/wp\/v2\/comments?post=229"}],"wp:featuredmedia":[{"embeddable":true,"href":"https:\/\/nomadheat.com\/fi\/wp-json\/wp\/v2\/media\/234"}],"wp:attachment":[{"href":"https:\/\/nomadheat.com\/fi\/wp-json\/wp\/v2\/media?parent=229"}],"wp:term":[{"taxonomy":"product_brand","embeddable":true,"href":"https:\/\/nomadheat.com\/fi\/wp-json\/wp\/v2\/product_brand?post=229"},{"taxonomy":"product_cat","embeddable":true,"href":"https:\/\/nomadheat.com\/fi\/wp-json\/wp\/v2\/product_cat?post=229"},{"taxonomy":"product_tag","embeddable":true,"href":"https:\/\/nomadheat.com\/fi\/wp-json\/wp\/v2\/product_tag?post=229"}],"curies":[{"name":"wp","href":"https:\/\/api.w.org\/{rel}","templated":true}]}}