{"id":202,"date":"2021-07-08T12:18:05","date_gmt":"2021-07-08T12:18:05","guid":{"rendered":"https:\/\/nomadheat.com\/?post_type=product&#038;p=202"},"modified":"2026-01-29T13:51:24","modified_gmt":"2026-01-29T11:51:24","slug":"villatossut-2","status":"publish","type":"product","link":"https:\/\/nomadheat.com\/fi\/shop\/wool-slippers\/","title":{"rendered":"T\u00e4ysvillaiset leirint\u00e4tossut \/ saappaat"},"content":{"rendered":"<p><strong>OMINAISUUDET<\/strong><br \/>\nPehme\u00e4 joustava pohja<br \/>\nS\u00e4\u00e4t\u00e4\u00e4 l\u00e4mp\u00f6tilaa mukavuutta varten monenlaisissa ilmastoissa<br \/>\nS\u00e4\u00e4telee kosteutta hikoilun est\u00e4miseksi<br \/>\nHengitt\u00e4v\u00e4<br \/>\nT\u00e4ydellinen k\u00e4ytett\u00e4v\u00e4ksi makuupusseissa, teltoissa, m\u00f6keiss\u00e4 ja kodeissa.<br \/>\nJoustava hihnasuljenta helpottaa pukemista ja riisumista.<\/p>\n<p><strong>MATERIAALIT<\/strong><br \/>\nOeko-tex-sertifioitu neitsytvilla<br \/>\nMuut materiaalit: Ei<\/p>\n<p><strong>TUOTTEEN HOITO<\/strong><br \/>\n\u00c4l\u00e4 k\u00e4yt\u00e4 klooripohjaisia valkaisuaineita<br \/>\n\u00c4l\u00e4 kuivapesu tai k\u00e4yt\u00e4 liuottimia tahrojen poistamiseen.<br \/>\n\u00c4l\u00e4 silit\u00e4 tai k\u00e4sittele h\u00f6yryll\u00e4<br \/>\nSuurin linkousjakso 30 sekuntia<br \/>\nRumpukuivaus hell\u00e4varaisesti<br \/>\nKonepesu villan ja pesuaineiden pesuohjelmalla (max. 30\u00b0 C).<\/p>","protected":false},"excerpt":{"rendered":"<p>FEATURES Soft flexible sole Regulate temperature for comfort in wide range of climates Regulate moisture to prevent sweating Breathable Perfect for use in sleeping bags, tents, cottages, homes. Elastic strap closure for easy slip on and slip off MATERIALS Oeko-tex certified Virgin Wool Other materials: No PRODUCT CARE Do not [&hellip;]<\/p>\n","protected":false},"featured_media":1763,"comment_status":"open","ping_status":"closed","template":"","meta":[],"product_brand":[],"product_cat":[20],"product_tag":[35,38,33,37,29,23,36,32,28,34],"class_list":{"0":"post-202","1":"product","2":"type-product","3":"status-publish","4":"has-post-thumbnail","6":"product_cat-accessories","7":"product_tag-bivouac","8":"product_tag-booties","9":"product_tag-camping-essentials","10":"product_tag-camping-slippers","11":"product_tag-felted-wool-slippers","12":"product_tag-outdoor-sleeping","13":"product_tag-outspan","14":"product_tag-overlanding-gear","15":"product_tag-sheep-wool-slippers","16":"product_tag-wool-socks","18":"first","19":"instock","20":"shipping-taxable","21":"purchasable","22":"product-type-variable"},"yoast_head":"<!-- This site is optimized with the Yoast SEO plugin v27.4 - https:\/\/yoast.com\/product\/yoast-seo-wordpress\/ -->\n<title>All-wool Camping Slippers \/ Booties | NomadHeat<\/title>\n<meta name=\"description\" content=\"Keep your feet warm and cozy with our wool slippers, perfect for use in sleeping bags, tents, cottages, homes.\" \/>\n<meta name=\"robots\" content=\"index, follow, max-snippet:-1, max-image-preview:large, max-video-preview:-1\" \/>\n<link rel=\"canonical\" href=\"https:\/\/nomadheat.com\/fi\/shop\/villatossut-2\/\" \/>\n<meta property=\"og:locale\" content=\"fi_FI\" \/>\n<meta property=\"og:type\" content=\"article\" \/>\n<meta property=\"og:title\" content=\"All-wool Camping Slippers \/ Booties | NomadHeat\" \/>\n<meta property=\"og:description\" content=\"Keep your feet warm and cozy with our wool slippers, perfect for use in sleeping bags, tents, cottages, homes.\" \/>\n<meta property=\"og:url\" content=\"https:\/\/nomadheat.com\/fi\/shop\/villatossut-2\/\" \/>\n<meta property=\"og:site_name\" content=\"NomadHeat\" \/>\n<meta property=\"article:modified_time\" content=\"2026-01-29T11:51:24+00:00\" \/>\n<meta property=\"og:image\" content=\"https:\/\/nomadheat.com\/wp-content\/uploads\/2021\/07\/NomadHeat-Slippers-Booties-Main.jpg\" \/>\n\t<meta property=\"og:image:width\" content=\"1984\" \/>\n\t<meta property=\"og:image:height\" content=\"1588\" \/>\n\t<meta property=\"og:image:type\" content=\"image\/jpeg\" \/>\n<meta name=\"twitter:card\" content=\"summary_large_image\" \/>\n<meta name=\"twitter:label1\" content=\"Arvioitu lukuaika\" \/>\n\t<meta name=\"twitter:data1\" content=\"1 minuutti\" \/>\n<script type=\"application\/ld+json\" class=\"yoast-schema-graph\">{\"@context\":\"https:\\\/\\\/schema.org\",\"@graph\":[{\"@type\":\"WebPage\",\"@id\":\"https:\\\/\\\/nomadheat.com\\\/shop\\\/wool-slippers\\\/\",\"url\":\"https:\\\/\\\/nomadheat.com\\\/shop\\\/wool-slippers\\\/\",\"name\":\"All-wool Camping Slippers \\\/ Booties | NomadHeat\",\"isPartOf\":{\"@id\":\"https:\\\/\\\/nomadheat.com\\\/nl\\\/#website\"},\"primaryImageOfPage\":{\"@id\":\"https:\\\/\\\/nomadheat.com\\\/shop\\\/wool-slippers\\\/#primaryimage\"},\"image\":{\"@id\":\"https:\\\/\\\/nomadheat.com\\\/shop\\\/wool-slippers\\\/#primaryimage\"},\"thumbnailUrl\":\"https:\\\/\\\/nomadheat.com\\\/wp-content\\\/uploads\\\/2021\\\/07\\\/NomadHeat-Slippers-Booties-Main.jpg\",\"datePublished\":\"2021-07-08T12:18:05+00:00\",\"dateModified\":\"2026-01-29T11:51:24+00:00\",\"description\":\"Keep your feet warm and cozy with our wool slippers, perfect for use in sleeping bags, tents, cottages, homes.\",\"breadcrumb\":{\"@id\":\"https:\\\/\\\/nomadheat.com\\\/shop\\\/wool-slippers\\\/#breadcrumb\"},\"inLanguage\":\"fi\",\"potentialAction\":[{\"@type\":\"ReadAction\",\"target\":[\"https:\\\/\\\/nomadheat.com\\\/shop\\\/wool-slippers\\\/\"]}]},{\"@type\":\"ImageObject\",\"inLanguage\":\"fi\",\"@id\":\"https:\\\/\\\/nomadheat.com\\\/shop\\\/wool-slippers\\\/#primaryimage\",\"url\":\"https:\\\/\\\/nomadheat.com\\\/wp-content\\\/uploads\\\/2021\\\/07\\\/NomadHeat-Slippers-Booties-Main.jpg\",\"contentUrl\":\"https:\\\/\\\/nomadheat.com\\\/wp-content\\\/uploads\\\/2021\\\/07\\\/NomadHeat-Slippers-Booties-Main.jpg\",\"width\":1984,\"height\":1588},{\"@type\":\"BreadcrumbList\",\"@id\":\"https:\\\/\\\/nomadheat.com\\\/shop\\\/wool-slippers\\\/#breadcrumb\",\"itemListElement\":[{\"@type\":\"ListItem\",\"position\":1,\"name\":\"Home\",\"item\":\"https:\\\/\\\/nomadheat.com\\\/nl\\\/\"},{\"@type\":\"ListItem\",\"position\":2,\"name\":\"Shop\",\"item\":\"https:\\\/\\\/nomadheat.com\\\/sv\\\/butik\\\/\"},{\"@type\":\"ListItem\",\"position\":3,\"name\":\"All-wool Camping Slippers \\\/ Booties\"}]},{\"@type\":\"WebSite\",\"@id\":\"https:\\\/\\\/nomadheat.com\\\/nl\\\/#website\",\"url\":\"https:\\\/\\\/nomadheat.com\\\/nl\\\/\",\"name\":\"NomadHeat\",\"description\":\"Handmade Wool Sleeping Bags\",\"publisher\":{\"@id\":\"https:\\\/\\\/nomadheat.com\\\/nl\\\/#organization\"},\"potentialAction\":[{\"@type\":\"SearchAction\",\"target\":{\"@type\":\"EntryPoint\",\"urlTemplate\":\"https:\\\/\\\/nomadheat.com\\\/nl\\\/?s={search_term_string}\"},\"query-input\":{\"@type\":\"PropertyValueSpecification\",\"valueRequired\":true,\"valueName\":\"search_term_string\"}}],\"inLanguage\":\"fi\"},{\"@type\":\"Organization\",\"@id\":\"https:\\\/\\\/nomadheat.com\\\/nl\\\/#organization\",\"name\":\"Nomad Heat\",\"url\":\"https:\\\/\\\/nomadheat.com\\\/nl\\\/\",\"logo\":{\"@type\":\"ImageObject\",\"inLanguage\":\"fi\",\"@id\":\"https:\\\/\\\/nomadheat.com\\\/nl\\\/#\\\/schema\\\/logo\\\/image\\\/\",\"url\":\"https:\\\/\\\/nomadheat.com\\\/wp-content\\\/uploads\\\/2021\\\/10\\\/favicon.png\",\"contentUrl\":\"https:\\\/\\\/nomadheat.com\\\/wp-content\\\/uploads\\\/2021\\\/10\\\/favicon.png\",\"width\":512,\"height\":512,\"caption\":\"Nomad Heat\"},\"image\":{\"@id\":\"https:\\\/\\\/nomadheat.com\\\/nl\\\/#\\\/schema\\\/logo\\\/image\\\/\"}}]}<\/script>\n<!-- \/ Yoast SEO plugin. -->","yoast_head_json":{"title":"T\u00e4ysvillaiset leirint\u00e4tossut \/ saappaat | NomadHeat","description":"Pid\u00e4 jalat l\u00e4mpimin\u00e4 ja viihtyisin\u00e4 villatossuillamme, jotka sopivat erinomaisesti makuupusseihin, telttoihin, m\u00f6kkeihin ja koteihin.","robots":{"index":"index","follow":"follow","max-snippet":"max-snippet:-1","max-image-preview":"max-image-preview:large","max-video-preview":"max-video-preview:-1"},"canonical":"https:\/\/nomadheat.com\/fi\/shop\/villatossut-2\/","og_locale":"fi_FI","og_type":"article","og_title":"All-wool Camping Slippers \/ Booties | NomadHeat","og_description":"Keep your feet warm and cozy with our wool slippers, perfect for use in sleeping bags, tents, cottages, homes.","og_url":"https:\/\/nomadheat.com\/fi\/shop\/villatossut-2\/","og_site_name":"NomadHeat","article_modified_time":"2026-01-29T11:51:24+00:00","og_image":[{"width":1984,"height":1588,"url":"https:\/\/nomadheat.com\/wp-content\/uploads\/2021\/07\/NomadHeat-Slippers-Booties-Main.jpg","type":"image\/jpeg"}],"twitter_card":"summary_large_image","twitter_misc":{"Arvioitu lukuaika":"1 minuutti"},"schema":{"@context":"https:\/\/schema.org","@graph":[{"@type":"WebPage","@id":"https:\/\/nomadheat.com\/shop\/wool-slippers\/","url":"https:\/\/nomadheat.com\/shop\/wool-slippers\/","name":"T\u00e4ysvillaiset leirint\u00e4tossut \/ saappaat | NomadHeat","isPartOf":{"@id":"https:\/\/nomadheat.com\/nl\/#website"},"primaryImageOfPage":{"@id":"https:\/\/nomadheat.com\/shop\/wool-slippers\/#primaryimage"},"image":{"@id":"https:\/\/nomadheat.com\/shop\/wool-slippers\/#primaryimage"},"thumbnailUrl":"https:\/\/nomadheat.com\/wp-content\/uploads\/2021\/07\/NomadHeat-Slippers-Booties-Main.jpg","datePublished":"2021-07-08T12:18:05+00:00","dateModified":"2026-01-29T11:51:24+00:00","description":"Pid\u00e4 jalat l\u00e4mpimin\u00e4 ja viihtyisin\u00e4 villatossuillamme, jotka sopivat erinomaisesti makuupusseihin, telttoihin, m\u00f6kkeihin ja koteihin.","breadcrumb":{"@id":"https:\/\/nomadheat.com\/shop\/wool-slippers\/#breadcrumb"},"inLanguage":"fi","potentialAction":[{"@type":"ReadAction","target":["https:\/\/nomadheat.com\/shop\/wool-slippers\/"]}]},{"@type":"ImageObject","inLanguage":"fi","@id":"https:\/\/nomadheat.com\/shop\/wool-slippers\/#primaryimage","url":"https:\/\/nomadheat.com\/wp-content\/uploads\/2021\/07\/NomadHeat-Slippers-Booties-Main.jpg","contentUrl":"https:\/\/nomadheat.com\/wp-content\/uploads\/2021\/07\/NomadHeat-Slippers-Booties-Main.jpg","width":1984,"height":1588},{"@type":"BreadcrumbList","@id":"https:\/\/nomadheat.com\/shop\/wool-slippers\/#breadcrumb","itemListElement":[{"@type":"ListItem","position":1,"name":"Home","item":"https:\/\/nomadheat.com\/nl\/"},{"@type":"ListItem","position":2,"name":"Shop","item":"https:\/\/nomadheat.com\/sv\/butik\/"},{"@type":"ListItem","position":3,"name":"All-wool Camping Slippers \/ Booties"}]},{"@type":"WebSite","@id":"https:\/\/nomadheat.com\/nl\/#website","url":"https:\/\/nomadheat.com\/nl\/","name":"NomadHeat","description":"K\u00e4sintehty villa makuupussit","publisher":{"@id":"https:\/\/nomadheat.com\/nl\/#organization"},"potentialAction":[{"@type":"SearchAction","target":{"@type":"EntryPoint","urlTemplate":"https:\/\/nomadheat.com\/nl\/?s={search_term_string}"},"query-input":{"@type":"PropertyValueSpecification","valueRequired":true,"valueName":"search_term_string"}}],"inLanguage":"fi"},{"@type":"Organization","@id":"https:\/\/nomadheat.com\/nl\/#organization","name":"Nomad Heat","url":"https:\/\/nomadheat.com\/nl\/","logo":{"@type":"ImageObject","inLanguage":"fi","@id":"https:\/\/nomadheat.com\/nl\/#\/schema\/logo\/image\/","url":"https:\/\/nomadheat.com\/wp-content\/uploads\/2021\/10\/favicon.png","contentUrl":"https:\/\/nomadheat.com\/wp-content\/uploads\/2021\/10\/favicon.png","width":512,"height":512,"caption":"Nomad Heat"},"image":{"@id":"https:\/\/nomadheat.com\/nl\/#\/schema\/logo\/image\/"}}]}},"_links":{"self":[{"href":"https:\/\/nomadheat.com\/fi\/wp-json\/wp\/v2\/product\/202","targetHints":{"allow":["GET"]}}],"collection":[{"href":"https:\/\/nomadheat.com\/fi\/wp-json\/wp\/v2\/product"}],"about":[{"href":"https:\/\/nomadheat.com\/fi\/wp-json\/wp\/v2\/types\/product"}],"replies":[{"embeddable":true,"href":"https:\/\/nomadheat.com\/fi\/wp-json\/wp\/v2\/comments?post=202"}],"wp:featuredmedia":[{"embeddable":true,"href":"https:\/\/nomadheat.com\/fi\/wp-json\/wp\/v2\/media\/1763"}],"wp:attachment":[{"href":"https:\/\/nomadheat.com\/fi\/wp-json\/wp\/v2\/media?parent=202"}],"wp:term":[{"taxonomy":"product_brand","embeddable":true,"href":"https:\/\/nomadheat.com\/fi\/wp-json\/wp\/v2\/product_brand?post=202"},{"taxonomy":"product_cat","embeddable":true,"href":"https:\/\/nomadheat.com\/fi\/wp-json\/wp\/v2\/product_cat?post=202"},{"taxonomy":"product_tag","embeddable":true,"href":"https:\/\/nomadheat.com\/fi\/wp-json\/wp\/v2\/product_tag?post=202"}],"curies":[{"name":"wp","href":"https:\/\/api.w.org\/{rel}","templated":true}]}}