{"id":1764,"date":"2025-11-25T15:57:01","date_gmt":"2025-11-25T13:57:01","guid":{"rendered":"https:\/\/nomadheat.com\/?post_type=product&#038;p=1764"},"modified":"2026-01-29T12:20:03","modified_gmt":"2026-01-29T10:20:03","slug":"wool-beanie-neck-gaiter","status":"publish","type":"product","link":"https:\/\/nomadheat.com\/fi\/shop\/wool-beanie-neck-gaiter\/","title":{"rendered":"Merinovillainen pipo ja kaulaliina"},"content":{"rendered":"<div class=\"ql-block\" data-block-id=\"block-600c3793-5b28-4266-bab4-291cf8cd5726\">\n<p>Loimme t\u00e4m\u00e4n merinovillaisen pipon ja kaulasuojuksen ensin retkeilyreissuja varten. Jotain kevytt\u00e4, puhdasta ja luonnollista. Se alkoi osana Nomad Heat -mallistoamme, joka on suunniteltu hetkiin ulkona ja hiljaisiin iltoihin nuotion \u00e4\u00e4rell\u00e4. Pian kuitenkin huomasimme, ett\u00e4 niiden mukavuus ulottuu paljon leirint\u00e4alueen ulkopuolelle. N\u00e4m\u00e4 kappaleet kuuluvat yht\u00e4 lailla jokap\u00e4iv\u00e4iseen el\u00e4m\u00e4\u00e4n. Kaupunkik\u00e4velyille, puistok\u00e4velyille tai yksinkertaisesti vain liikkumaan p\u00e4iv\u00e4n aikana helposti.<\/p>\n<\/div>\n<div class=\"ql-block\" data-block-id=\"block-ce0a0410-2232-495e-951f-436b6828ab0c\">\n<p>Kangas on puhdasta merinovillaista trikoota, joka on pehme\u00e4 ihoa vasten ja joka on helppo unohtaa, kun se on p\u00e4\u00e4ll\u00e4. Se l\u00e4mmitt\u00e4\u00e4, kun ilma kylmenee, ja antaa sinun hengitt\u00e4\u00e4 vapaasti, kun se ei kylmene. Ei synteettisi\u00e4 aineita, ei pinnoitteita, vain villaa, joka tekee sen, mit\u00e4 se parhaiten osaa.<\/p>\n<\/div>\n<div class=\"ql-block\" data-block-id=\"block-11029d3b-4574-4f5f-8702-2e4b24acc944\">Kevyt pipo ja kaulal\u00e4mmitin mahtuvat taskuun, kuivuvat nopeasti eiv\u00e4tk\u00e4 kutita. Voit k\u00e4ytt\u00e4\u00e4 merinovillaista puffia, huivia tai kasvosuojusta. Yksinkertaista, kest\u00e4v\u00e4\u00e4 mukavuutta. Tehty kulkemaan minne tahansa ja kest\u00e4m\u00e4\u00e4n l\u00e4pi vuosien vuodenaikojen.<\/div>","protected":false},"excerpt":{"rendered":"<p>Nomad Heat -retkeilytarvikevalikoimaamme kuuluvat 100%-merinovillainen pipo ja kaulahihna ovat kaksi sellaista kappaletta, joita k\u00e4yt\u00e4t kaikkialla. Luonnollisen kevyt ja hengitt\u00e4v\u00e4, se pit\u00e4\u00e4 sinut l\u00e4mpim\u00e4n\u00e4 ulkona ja mukavana koko p\u00e4iv\u00e4n. Pehme\u00e4 merinovillainen pipo ja niskalappu, jotka liikkuvat helposti luonnon ja arjen v\u00e4lill\u00e4.<\/p>","protected":false},"featured_media":1784,"comment_status":"open","ping_status":"closed","template":"","meta":[],"product_brand":[],"product_cat":[20],"product_tag":[129,128,130,127,126],"class_list":{"0":"post-1764","1":"product","2":"type-product","3":"status-publish","4":"has-post-thumbnail","6":"product_cat-accessories","7":"product_tag-breathable","8":"product_tag-lightweight","9":"product_tag-lightweight-neck-warmer","10":"product_tag-merino-wool-buff","11":"product_tag-merino-wool-neck-gaiter","13":"first","14":"instock","15":"shipping-taxable","16":"purchasable","17":"product-type-variable"},"yoast_head":"<!-- This site is optimized with the Yoast SEO plugin v27.4 - https:\/\/yoast.com\/product\/yoast-seo-wordpress\/ -->\n<title>Beanie and Neck Warmer \u2013 Natural Merino Wool\u200b | Nomad Heat<\/title>\n<meta name=\"description\" content=\"Discover all-season comfort with our lightweight merino wool neck gaiter and beanie \u2014 ultra-soft, breathable, and odor-resistant. Perfect for hiking, travel, or everyday wear.\" \/>\n<meta name=\"robots\" content=\"index, follow, max-snippet:-1, max-image-preview:large, max-video-preview:-1\" \/>\n<link rel=\"canonical\" href=\"https:\/\/nomadheat.com\/fi\/shop\/wool-beanie-neck-gaiter\/\" \/>\n<meta property=\"og:locale\" content=\"fi_FI\" \/>\n<meta property=\"og:type\" content=\"article\" \/>\n<meta property=\"og:title\" content=\"Beanie and Neck Warmer \u2013 Natural Merino Wool\u200b | Nomad Heat\" \/>\n<meta property=\"og:description\" content=\"Discover all-season comfort with our lightweight merino wool neck gaiter and beanie \u2014 ultra-soft, breathable, and odor-resistant. Perfect for hiking, travel, or everyday wear.\" \/>\n<meta property=\"og:url\" content=\"https:\/\/nomadheat.com\/fi\/shop\/wool-beanie-neck-gaiter\/\" \/>\n<meta property=\"og:site_name\" content=\"NomadHeat\" \/>\n<meta property=\"article:modified_time\" content=\"2026-01-29T10:20:03+00:00\" \/>\n<meta property=\"og:image\" content=\"https:\/\/nomadheat.com\/wp-content\/uploads\/2025\/11\/Nomad-Heat-Neck-Gaiter-Beanie-Main.jpg\" \/>\n\t<meta property=\"og:image:width\" content=\"2000\" \/>\n\t<meta property=\"og:image:height\" content=\"1601\" \/>\n\t<meta property=\"og:image:type\" content=\"image\/jpeg\" \/>\n<meta name=\"twitter:card\" content=\"summary_large_image\" \/>\n<meta name=\"twitter:label1\" content=\"Arvioitu lukuaika\" \/>\n\t<meta name=\"twitter:data1\" content=\"1 minuutti\" \/>\n<script type=\"application\/ld+json\" class=\"yoast-schema-graph\">{\"@context\":\"https:\\\/\\\/schema.org\",\"@graph\":[{\"@type\":\"WebPage\",\"@id\":\"https:\\\/\\\/nomadheat.com\\\/shop\\\/wool-beanie-neck-gaiter\\\/\",\"url\":\"https:\\\/\\\/nomadheat.com\\\/shop\\\/wool-beanie-neck-gaiter\\\/\",\"name\":\"Beanie and Neck Warmer \u2013 Natural Merino Wool\u200b | Nomad Heat\",\"isPartOf\":{\"@id\":\"https:\\\/\\\/nomadheat.com\\\/nl\\\/#website\"},\"primaryImageOfPage\":{\"@id\":\"https:\\\/\\\/nomadheat.com\\\/shop\\\/wool-beanie-neck-gaiter\\\/#primaryimage\"},\"image\":{\"@id\":\"https:\\\/\\\/nomadheat.com\\\/shop\\\/wool-beanie-neck-gaiter\\\/#primaryimage\"},\"thumbnailUrl\":\"https:\\\/\\\/nomadheat.com\\\/wp-content\\\/uploads\\\/2025\\\/11\\\/Nomad-Heat-Neck-Gaiter-Beanie-Main.jpg\",\"datePublished\":\"2025-11-25T13:57:01+00:00\",\"dateModified\":\"2026-01-29T10:20:03+00:00\",\"description\":\"Discover all-season comfort with our lightweight merino wool neck gaiter and beanie \u2014 ultra-soft, breathable, and odor-resistant. Perfect for hiking, travel, or everyday wear.\",\"breadcrumb\":{\"@id\":\"https:\\\/\\\/nomadheat.com\\\/shop\\\/wool-beanie-neck-gaiter\\\/#breadcrumb\"},\"inLanguage\":\"fi\",\"potentialAction\":[{\"@type\":\"ReadAction\",\"target\":[\"https:\\\/\\\/nomadheat.com\\\/shop\\\/wool-beanie-neck-gaiter\\\/\"]}]},{\"@type\":\"ImageObject\",\"inLanguage\":\"fi\",\"@id\":\"https:\\\/\\\/nomadheat.com\\\/shop\\\/wool-beanie-neck-gaiter\\\/#primaryimage\",\"url\":\"https:\\\/\\\/nomadheat.com\\\/wp-content\\\/uploads\\\/2025\\\/11\\\/Nomad-Heat-Neck-Gaiter-Beanie-Main.jpg\",\"contentUrl\":\"https:\\\/\\\/nomadheat.com\\\/wp-content\\\/uploads\\\/2025\\\/11\\\/Nomad-Heat-Neck-Gaiter-Beanie-Main.jpg\",\"width\":2000,\"height\":1601},{\"@type\":\"BreadcrumbList\",\"@id\":\"https:\\\/\\\/nomadheat.com\\\/shop\\\/wool-beanie-neck-gaiter\\\/#breadcrumb\",\"itemListElement\":[{\"@type\":\"ListItem\",\"position\":1,\"name\":\"Home\",\"item\":\"https:\\\/\\\/nomadheat.com\\\/nl\\\/\"},{\"@type\":\"ListItem\",\"position\":2,\"name\":\"Shop\",\"item\":\"https:\\\/\\\/nomadheat.com\\\/sv\\\/butik\\\/\"},{\"@type\":\"ListItem\",\"position\":3,\"name\":\"Merino Wool Beanie and Neck Gaiter\"}]},{\"@type\":\"WebSite\",\"@id\":\"https:\\\/\\\/nomadheat.com\\\/nl\\\/#website\",\"url\":\"https:\\\/\\\/nomadheat.com\\\/nl\\\/\",\"name\":\"NomadHeat\",\"description\":\"Handmade Wool Sleeping Bags\",\"publisher\":{\"@id\":\"https:\\\/\\\/nomadheat.com\\\/nl\\\/#organization\"},\"potentialAction\":[{\"@type\":\"SearchAction\",\"target\":{\"@type\":\"EntryPoint\",\"urlTemplate\":\"https:\\\/\\\/nomadheat.com\\\/nl\\\/?s={search_term_string}\"},\"query-input\":{\"@type\":\"PropertyValueSpecification\",\"valueRequired\":true,\"valueName\":\"search_term_string\"}}],\"inLanguage\":\"fi\"},{\"@type\":\"Organization\",\"@id\":\"https:\\\/\\\/nomadheat.com\\\/nl\\\/#organization\",\"name\":\"Nomad Heat\",\"url\":\"https:\\\/\\\/nomadheat.com\\\/nl\\\/\",\"logo\":{\"@type\":\"ImageObject\",\"inLanguage\":\"fi\",\"@id\":\"https:\\\/\\\/nomadheat.com\\\/nl\\\/#\\\/schema\\\/logo\\\/image\\\/\",\"url\":\"https:\\\/\\\/nomadheat.com\\\/wp-content\\\/uploads\\\/2021\\\/10\\\/favicon.png\",\"contentUrl\":\"https:\\\/\\\/nomadheat.com\\\/wp-content\\\/uploads\\\/2021\\\/10\\\/favicon.png\",\"width\":512,\"height\":512,\"caption\":\"Nomad Heat\"},\"image\":{\"@id\":\"https:\\\/\\\/nomadheat.com\\\/nl\\\/#\\\/schema\\\/logo\\\/image\\\/\"}}]}<\/script>\n<!-- \/ Yoast SEO plugin. -->","yoast_head_json":{"title":"Pipo ja kaulal\u00e4mmitin - Luonnollinen merinovilla | Nomad Heat","description":"Tutustu koko vuodenajan mukavuuteen kevyen merinovillaisen kaulaliinan ja pipon avulla - ne ovat eritt\u00e4in pehmeit\u00e4, hengitt\u00e4vi\u00e4 ja hajun kest\u00e4vi\u00e4. T\u00e4ydellinen vaellukselle, matkoille tai jokap\u00e4iv\u00e4iseen k\u00e4ytt\u00f6\u00f6n.","robots":{"index":"index","follow":"follow","max-snippet":"max-snippet:-1","max-image-preview":"max-image-preview:large","max-video-preview":"max-video-preview:-1"},"canonical":"https:\/\/nomadheat.com\/fi\/shop\/wool-beanie-neck-gaiter\/","og_locale":"fi_FI","og_type":"article","og_title":"Beanie and Neck Warmer \u2013 Natural Merino Wool\u200b | Nomad Heat","og_description":"Discover all-season comfort with our lightweight merino wool neck gaiter and beanie \u2014 ultra-soft, breathable, and odor-resistant. Perfect for hiking, travel, or everyday wear.","og_url":"https:\/\/nomadheat.com\/fi\/shop\/wool-beanie-neck-gaiter\/","og_site_name":"NomadHeat","article_modified_time":"2026-01-29T10:20:03+00:00","og_image":[{"width":2000,"height":1601,"url":"https:\/\/nomadheat.com\/wp-content\/uploads\/2025\/11\/Nomad-Heat-Neck-Gaiter-Beanie-Main.jpg","type":"image\/jpeg"}],"twitter_card":"summary_large_image","twitter_misc":{"Arvioitu lukuaika":"1 minuutti"},"schema":{"@context":"https:\/\/schema.org","@graph":[{"@type":"WebPage","@id":"https:\/\/nomadheat.com\/shop\/wool-beanie-neck-gaiter\/","url":"https:\/\/nomadheat.com\/shop\/wool-beanie-neck-gaiter\/","name":"Pipo ja kaulal\u00e4mmitin - Luonnollinen merinovilla | Nomad Heat","isPartOf":{"@id":"https:\/\/nomadheat.com\/nl\/#website"},"primaryImageOfPage":{"@id":"https:\/\/nomadheat.com\/shop\/wool-beanie-neck-gaiter\/#primaryimage"},"image":{"@id":"https:\/\/nomadheat.com\/shop\/wool-beanie-neck-gaiter\/#primaryimage"},"thumbnailUrl":"https:\/\/nomadheat.com\/wp-content\/uploads\/2025\/11\/Nomad-Heat-Neck-Gaiter-Beanie-Main.jpg","datePublished":"2025-11-25T13:57:01+00:00","dateModified":"2026-01-29T10:20:03+00:00","description":"Tutustu koko vuodenajan mukavuuteen kevyen merinovillaisen kaulaliinan ja pipon avulla - ne ovat eritt\u00e4in pehmeit\u00e4, hengitt\u00e4vi\u00e4 ja hajun kest\u00e4vi\u00e4. T\u00e4ydellinen vaellukselle, matkoille tai jokap\u00e4iv\u00e4iseen k\u00e4ytt\u00f6\u00f6n.","breadcrumb":{"@id":"https:\/\/nomadheat.com\/shop\/wool-beanie-neck-gaiter\/#breadcrumb"},"inLanguage":"fi","potentialAction":[{"@type":"ReadAction","target":["https:\/\/nomadheat.com\/shop\/wool-beanie-neck-gaiter\/"]}]},{"@type":"ImageObject","inLanguage":"fi","@id":"https:\/\/nomadheat.com\/shop\/wool-beanie-neck-gaiter\/#primaryimage","url":"https:\/\/nomadheat.com\/wp-content\/uploads\/2025\/11\/Nomad-Heat-Neck-Gaiter-Beanie-Main.jpg","contentUrl":"https:\/\/nomadheat.com\/wp-content\/uploads\/2025\/11\/Nomad-Heat-Neck-Gaiter-Beanie-Main.jpg","width":2000,"height":1601},{"@type":"BreadcrumbList","@id":"https:\/\/nomadheat.com\/shop\/wool-beanie-neck-gaiter\/#breadcrumb","itemListElement":[{"@type":"ListItem","position":1,"name":"Home","item":"https:\/\/nomadheat.com\/nl\/"},{"@type":"ListItem","position":2,"name":"Shop","item":"https:\/\/nomadheat.com\/sv\/butik\/"},{"@type":"ListItem","position":3,"name":"Merino Wool Beanie and Neck Gaiter"}]},{"@type":"WebSite","@id":"https:\/\/nomadheat.com\/nl\/#website","url":"https:\/\/nomadheat.com\/nl\/","name":"NomadHeat","description":"K\u00e4sintehty villa makuupussit","publisher":{"@id":"https:\/\/nomadheat.com\/nl\/#organization"},"potentialAction":[{"@type":"SearchAction","target":{"@type":"EntryPoint","urlTemplate":"https:\/\/nomadheat.com\/nl\/?s={search_term_string}"},"query-input":{"@type":"PropertyValueSpecification","valueRequired":true,"valueName":"search_term_string"}}],"inLanguage":"fi"},{"@type":"Organization","@id":"https:\/\/nomadheat.com\/nl\/#organization","name":"Nomad Heat","url":"https:\/\/nomadheat.com\/nl\/","logo":{"@type":"ImageObject","inLanguage":"fi","@id":"https:\/\/nomadheat.com\/nl\/#\/schema\/logo\/image\/","url":"https:\/\/nomadheat.com\/wp-content\/uploads\/2021\/10\/favicon.png","contentUrl":"https:\/\/nomadheat.com\/wp-content\/uploads\/2021\/10\/favicon.png","width":512,"height":512,"caption":"Nomad Heat"},"image":{"@id":"https:\/\/nomadheat.com\/nl\/#\/schema\/logo\/image\/"}}]}},"_links":{"self":[{"href":"https:\/\/nomadheat.com\/fi\/wp-json\/wp\/v2\/product\/1764","targetHints":{"allow":["GET"]}}],"collection":[{"href":"https:\/\/nomadheat.com\/fi\/wp-json\/wp\/v2\/product"}],"about":[{"href":"https:\/\/nomadheat.com\/fi\/wp-json\/wp\/v2\/types\/product"}],"replies":[{"embeddable":true,"href":"https:\/\/nomadheat.com\/fi\/wp-json\/wp\/v2\/comments?post=1764"}],"wp:featuredmedia":[{"embeddable":true,"href":"https:\/\/nomadheat.com\/fi\/wp-json\/wp\/v2\/media\/1784"}],"wp:attachment":[{"href":"https:\/\/nomadheat.com\/fi\/wp-json\/wp\/v2\/media?parent=1764"}],"wp:term":[{"taxonomy":"product_brand","embeddable":true,"href":"https:\/\/nomadheat.com\/fi\/wp-json\/wp\/v2\/product_brand?post=1764"},{"taxonomy":"product_cat","embeddable":true,"href":"https:\/\/nomadheat.com\/fi\/wp-json\/wp\/v2\/product_cat?post=1764"},{"taxonomy":"product_tag","embeddable":true,"href":"https:\/\/nomadheat.com\/fi\/wp-json\/wp\/v2\/product_tag?post=1764"}],"curies":[{"name":"wp","href":"https:\/\/api.w.org\/{rel}","templated":true}]}}