{"id":298,"date":"2021-10-11T11:32:56","date_gmt":"2021-10-11T08:32:56","guid":{"rendered":"https:\/\/nomadheat.com\/?page_id=298"},"modified":"2025-02-24T14:22:58","modified_gmt":"2025-02-24T12:22:58","slug":"hoito","status":"publish","type":"page","link":"https:\/\/nomadheat.com\/fi\/care\/","title":{"rendered":"Hoito-ohjeet"},"content":{"rendered":"<div class=\"wpb-content-wrapper\"><div  class=\"sec_row container\"><div class=\"vc_row wpb_row vc_row-fluid\"><div class=\"wpb_column vc_column_container vc_col-sm-2 et-dark-column\"><div class=\"vc_column-inner\"><div class=\"wpb_wrapper\"><\/div><\/div><\/div><div class=\"wpb_column vc_column_container vc_col-sm-8 et-dark-column\"><div class=\"vc_column-inner\"><div class=\"wpb_wrapper\"><div class=\"vc_empty_space\"   style=\"height: 50px\"><span class=\"vc_empty_space_inner\"><\/span><\/div>\n\t<div class=\"wpb_text_column wpb_content_element\" >\n\t\t<div class=\"wpb_wrapper\">\n\t\t\t<h1 class=\"page-title\" style=\"text-align: center;\">HOITO-OHJEET<\/h1>\n<h2 style=\"text-align: center;\">NOMAD HEAT VILLA MAKUUPUSSIT<\/h2>\n\n\t\t<\/div>\n\t<\/div>\n<div  class=\"vc_do_toggle vc_toggle vc_toggle_simple vc_toggle_color_green  vc_toggle_size_md\"><div class=\"vc_toggle_title\"><h4>Puhdistus ja kuivaus villamakuupussin kanssa<\/h4><i class=\"vc_toggle_icon\"><\/i><\/div><div class=\"vc_toggle_content\"><p>Silitys ja kemiallinen pesu voivat vahingoittaa makuupussin kuorta ja eristyst\u00e4. Kemialliset yhdisteet, joita kemiallisessa pesussa k\u00e4ytet\u00e4\u00e4n, voivat poistaa villan luonnolliset \u00f6ljyt, ja kuuma silitys voi vahingoittaa kuorta.<\/p>\n<p><strong>Pistepuhdistus<\/strong><\/p>\n<p>Paras vaihtoehto makuupussin pit\u00e4miseksi puhtaana ja t\u00e4ydellisess\u00e4 kunnossa on pistem\u00e4inen puhdistus.<\/p>\n<ul>\n<li>K\u00e4yt\u00e4 DIY-tahnamaista tahnamaista seosta, joka koostuu pesuaineettomasta saippuasta ja vedest\u00e4.<\/li>\n<li>Levit\u00e4 tahna pieneen pehme\u00e4\u00e4n harjaan tai sieneen ja puhdista makuupussin kuori kevyin liikkein.<\/li>\n<li>Huuhtele k\u00e4sitelty kangasalue haalealla vedell\u00e4.<\/li>\n<li>Anna sen kuivua t\u00e4ysin ilmakuivaksi<\/li>\n<\/ul>\n<p><strong>Konepesu<\/strong><\/p>\n<ul>\n<li>Varmista, ett\u00e4 kaikki vetoketjut on suljettu.<\/li>\n<li>Pese villa-asetuksella (yleens\u00e4 hell\u00e4varainen pesu 30 \u00b0C:ssa). Jos pesukoneessasi ei ole villaohjelmaa, k\u00e4yt\u00e4 kylm\u00e4vesipesua tai pesuohjelmaa hienopesua varten.<\/li>\n<li>K\u00e4yt\u00e4 villalle tai silkille tarkoitettua pesuainetta.<br \/>\nEi saa valkaista. \u00c4l\u00e4 lis\u00e4\u00e4 kankaanpehmentimi\u00e4 tai tahranpoistoaineita - ne saattavat vahingoittaa mulperisilkkikuorta ja villat\u00e4ytett\u00e4.<\/li>\n<li>Anna sen kuivua t\u00e4ysin ilmakuivaksi<\/li>\n<\/ul>\n<p><strong>K\u00e4sienpesu<\/strong><\/p>\n<ul>\n<li>T\u00e4yt\u00e4 amme haalealla vedell\u00e4<\/li>\n<li>K\u00e4yt\u00e4 villanpesuainetta, mutta \u00e4l\u00e4 k\u00e4yt\u00e4 sit\u00e4 liikaa, koska sen huuhtelu on vaikeampaa.<\/li>\n<li>Laita makuupussi ammeeseen ja hiero varovasti yhteen voimakkaimmin likaantuneet alueet.<\/li>\n<li>K\u00e4y pehme\u00e4ll\u00e4 sienell\u00e4 l\u00e4pi makuupussin koko kuori.<\/li>\n<li>Anna sen liota enint\u00e4\u00e4n tunnin ajan ja valuta vesi.<\/li>\n<li>Paina varovasti pois makuupussissa mahdollisesti j\u00e4ljell\u00e4 oleva vesi.<\/li>\n<li>T\u00e4yt\u00e4 amme haalealla vedell\u00e4 huuhtelua varten. Irrota saippua varovasti ja valuta<\/li>\n<li>Toista huuhtelu, kunnes saippuaa ei ole j\u00e4ljell\u00e4.<\/li>\n<\/ul>\n<p><strong>Kuivaus<\/strong><\/p>\n<ul>\n<li>Makuupussi on m\u00e4rk\u00e4n\u00e4 painava, joten saatat tarvita hieman apua sen k\u00e4sittelyss\u00e4.<\/li>\n<li>Ilmakuivaa se tasaisella pinnalla<\/li>\n<li>V\u00e4lt\u00e4 v\u00e4\u00e4nt\u00e4m\u00e4st\u00e4 makuupussia ylim\u00e4\u00e4r\u00e4isen veden poistamiseksi, mutta purista se tarvittaessa kevyesti ulos.<\/li>\n<\/ul>\n<\/div><\/div><div  class=\"vc_do_toggle vc_toggle vc_toggle_simple vc_toggle_color_green  vc_toggle_size_md\"><div class=\"vc_toggle_title\"><h4>Villamakuupussin s\u00e4ilytt\u00e4minen<\/h4><i class=\"vc_toggle_icon\"><\/i><\/div><div class=\"vc_toggle_content\"><p>S\u00e4ilyt\u00e4 villamakuupussi huolellisesti, jotta se kest\u00e4\u00e4 pidemp\u00e4\u00e4n.<\/p>\n<ul>\n<li>Kun palaat matkalta, avaa vetoketju ja anna pussin tuulettua, jotta se on t\u00e4ysin kuiva.<\/li>\n<li>\u00c4l\u00e4 laita sit\u00e4 takaisin s\u00e4kkiins\u00e4 - puristettuna s\u00e4ilytt\u00e4minen vaurioittaa t\u00e4ytett\u00e4 ajan mittaan.<\/li>\n<li>S\u00e4ilyt\u00e4 makuupussi viile\u00e4ss\u00e4, kuivassa paikassa, pakkaamattomana laatikossa tai ripustamalla se yl\u00f6s - t\u00e4m\u00e4 auttaa pit\u00e4m\u00e4\u00e4n t\u00e4ytteen tasaisesti jakautuneena ja s\u00e4ilytt\u00e4m\u00e4\u00e4n sen p\u00f6rr\u00f6isyyden.<\/li>\n<li>Pid\u00e4 laventelipussukka l\u00e4hell\u00e4 villamakuupussiasi karkottamaan koiperhosia.<\/li>\n<\/ul>\n<\/div><\/div><div  class=\"vc_do_toggle vc_toggle vc_toggle_simple vc_toggle_color_green  vc_toggle_size_md\"><div class=\"vc_toggle_title\"><h4>T\u00e4ytt\u00f6 villamakuupussi s\u00e4kkiin<\/h4><i class=\"vc_toggle_icon\"><\/i><\/div><div class=\"vc_toggle_content\"><p>V\u00e4lt\u00e4 s\u00e4ilytt\u00e4m\u00e4st\u00e4 laukkuasi s\u00e4kiss\u00e4 puristettuna. Pitk\u00e4\u00e4n jatkuva puristaminen v\u00e4hent\u00e4\u00e4 pussin p\u00f6rr\u00f6isyytt\u00e4 ja rakennetta.<\/p>\n<ul>\n<li>Ennen kuin t\u00e4yt\u00e4t makuupussin s\u00e4kkiin, varmista, ett\u00e4 vetoketjut on suljettu kokonaan.<\/li>\n<li>Taita levein osa olkap\u00e4ist\u00e4 sis\u00e4\u00e4n ja aloita rullaaminen yl\u00f6sp\u00e4in jaloista.<\/li>\n<\/ul>\n<\/div><\/div><div  class=\"vc_do_toggle vc_toggle vc_toggle_simple vc_toggle_color_green  vc_toggle_size_md\"><div class=\"vc_toggle_title\"><h4>Lis\u00e4\u00e4 vinkkej\u00e4<\/h4><i class=\"vc_toggle_icon\"><\/i><\/div><div class=\"vc_toggle_content\"><ul>\n<li>Pid\u00e4 kaukana avotulesta<\/li>\n<li>Nuku aina puhtaissa vaatteissa<\/li>\n<li>Poista kasvoiltasi ja kaulaltasi aurinkorasva tai muu raskas kosmetiikka, jotta ne eiv\u00e4t imeydy makuupussiisi.<\/li>\n<li>Tekstiililakki pit\u00e4\u00e4 rasvaiset hiukset poissa hupusta.<\/li>\n<li>Harkitse ylim\u00e4\u00e4r\u00e4isen makuupussivuojan k\u00e4ytt\u00f6\u00e4, joka toimii esteen\u00e4 ihosi ja makuupussin v\u00e4liss\u00e4. Tarjoamme kevyit\u00e4 silkkivuoria, jotka lis\u00e4\u00e4v\u00e4t makuupussin l\u00e4mp\u00f6tilaa ja ovat my\u00f6s konepest\u00e4vi\u00e4 ja eritt\u00e4in helppohoitoisia.<\/li>\n<li>Suojaa makuupussi maalta laittamalla ensin makuualusta ja varmista, ett\u00e4 poistat maasta kaikki ter\u00e4v\u00e4t esineet, jotka voivat vahingoittaa makuupussia.<\/li>\n<li>Ole varovainen vetoketjujen kanssa, jotta ne eiv\u00e4t takertuisi.<\/li>\n<li>Joka aamu tuuleta makuupussi raikkaassa ilmassa ja auringonvalossa - y\u00f6n aikana kertyneen kosteuden kuivattamiseksi k\u00e4\u00e4nn\u00e4 makuupussi yl\u00f6salaisin ja anna sen kuivua kokonaan.<\/li>\n<li>Kuumat esineet, kuten keittoastiat, voivat vahingoittaa kangasta.<\/li>\n<li>DEETi\u00e4 sis\u00e4lt\u00e4v\u00e4t hy\u00f6nteiskarkotteet vahingoittavat makuupussia - \u00e4l\u00e4 suihkuta niit\u00e4 suoraan siihen.<\/li>\n<\/ul>\n<\/div><\/div><div  class=\"vc_do_toggle vc_toggle vc_toggle_simple vc_toggle_color_green  vc_toggle_size_md\"><div class=\"vc_toggle_title\"><h4>Korjaukset<\/h4><i class=\"vc_toggle_icon\"><\/i><\/div><div class=\"vc_toggle_content\"><p>Jos kuoreen tulee pieni repe\u00e4m\u00e4 retkeilyn aikana, ompele se k\u00e4sin kiinni. Pid\u00e4 korjauspakkauksessa aina neulaa ja lankaa. Voit my\u00f6s k\u00e4ytt\u00e4\u00e4 ensiapupakkauksesta l\u00f6ytyv\u00e4\u00e4 haavasidosta. Kun olet kotona, voit poistaa varovasti k\u00e4sin tehdyt tikit tai siteen ja ommella kankaan ompelukoneella tai vied\u00e4 sen ompelijalle.<\/p>\n<p>Jos vaurio on vakavampi, anna ammattilaisen korjata se.<\/p>\n<\/div><\/div><\/div><\/div><\/div><div class=\"wpb_column vc_column_container vc_col-sm-2 et-dark-column\"><div class=\"vc_column-inner\"><div class=\"wpb_wrapper\"><\/div><\/div><\/div><\/div><\/div>\n<\/div>","protected":false},"excerpt":{"rendered":"CARE INSTRUCTIONS NOMAD HEAT WOOL SLEEPING BAGS Cleaning &amp; Drying Your Wool Sleeping BagIroning and dry cleaning can damage your sleeping bag\u2019s shell and insulation. The chemical compounds used in dry cleaning can strip away the natural oils in wool and hot ironing may damage the shell. Spot Cleaning Your [...]","protected":false},"author":4,"featured_media":0,"parent":0,"menu_order":0,"comment_status":"closed","ping_status":"closed","template":"","meta":{"footnotes":""},"class_list":["post-298","page","type-page","status-publish","hentry"],"yoast_head":"<!-- This site is optimized with the Yoast SEO plugin v27.4 - https:\/\/yoast.com\/product\/yoast-seo-wordpress\/ -->\n<title>Care instructions | NomadHeat<\/title>\n<meta name=\"robots\" content=\"index, follow, max-snippet:-1, max-image-preview:large, max-video-preview:-1\" \/>\n<link rel=\"canonical\" href=\"https:\/\/nomadheat.com\/fi\/hoito\/\" \/>\n<meta property=\"og:locale\" content=\"fi_FI\" \/>\n<meta property=\"og:type\" content=\"article\" \/>\n<meta property=\"og:title\" content=\"Care instructions | NomadHeat\" \/>\n<meta property=\"og:url\" content=\"https:\/\/nomadheat.com\/fi\/hoito\/\" \/>\n<meta property=\"og:site_name\" content=\"NomadHeat\" \/>\n<meta property=\"article:modified_time\" content=\"2025-02-24T12:22:58+00:00\" \/>\n<meta name=\"twitter:card\" content=\"summary_large_image\" \/>\n<meta name=\"twitter:label1\" content=\"Arvioitu lukuaika\" \/>\n\t<meta name=\"twitter:data1\" content=\"4 minuuttia\" \/>\n<script type=\"application\/ld+json\" class=\"yoast-schema-graph\">{\"@context\":\"https:\\\/\\\/schema.org\",\"@graph\":[{\"@type\":\"WebPage\",\"@id\":\"https:\\\/\\\/nomadheat.com\\\/de\\\/pflege\\\/\",\"url\":\"https:\\\/\\\/nomadheat.com\\\/de\\\/pflege\\\/\",\"name\":\"Care instructions | NomadHeat\",\"isPartOf\":{\"@id\":\"https:\\\/\\\/nomadheat.com\\\/nl\\\/#website\"},\"datePublished\":\"2021-10-11T08:32:56+00:00\",\"dateModified\":\"2025-02-24T12:22:58+00:00\",\"breadcrumb\":{\"@id\":\"https:\\\/\\\/nomadheat.com\\\/de\\\/pflege\\\/#breadcrumb\"},\"inLanguage\":\"fi\",\"potentialAction\":[{\"@type\":\"ReadAction\",\"target\":[\"https:\\\/\\\/nomadheat.com\\\/de\\\/pflege\\\/\"]}]},{\"@type\":\"BreadcrumbList\",\"@id\":\"https:\\\/\\\/nomadheat.com\\\/de\\\/pflege\\\/#breadcrumb\",\"itemListElement\":[{\"@type\":\"ListItem\",\"position\":1,\"name\":\"Home\",\"item\":\"https:\\\/\\\/nomadheat.com\\\/nl\\\/\"},{\"@type\":\"ListItem\",\"position\":2,\"name\":\"Care instructions\"}]},{\"@type\":\"WebSite\",\"@id\":\"https:\\\/\\\/nomadheat.com\\\/nl\\\/#website\",\"url\":\"https:\\\/\\\/nomadheat.com\\\/nl\\\/\",\"name\":\"NomadHeat\",\"description\":\"Handmade Wool Sleeping Bags\",\"publisher\":{\"@id\":\"https:\\\/\\\/nomadheat.com\\\/nl\\\/#organization\"},\"potentialAction\":[{\"@type\":\"SearchAction\",\"target\":{\"@type\":\"EntryPoint\",\"urlTemplate\":\"https:\\\/\\\/nomadheat.com\\\/nl\\\/?s={search_term_string}\"},\"query-input\":{\"@type\":\"PropertyValueSpecification\",\"valueRequired\":true,\"valueName\":\"search_term_string\"}}],\"inLanguage\":\"fi\"},{\"@type\":\"Organization\",\"@id\":\"https:\\\/\\\/nomadheat.com\\\/nl\\\/#organization\",\"name\":\"Nomad Heat\",\"url\":\"https:\\\/\\\/nomadheat.com\\\/nl\\\/\",\"logo\":{\"@type\":\"ImageObject\",\"inLanguage\":\"fi\",\"@id\":\"https:\\\/\\\/nomadheat.com\\\/nl\\\/#\\\/schema\\\/logo\\\/image\\\/\",\"url\":\"https:\\\/\\\/nomadheat.com\\\/wp-content\\\/uploads\\\/2021\\\/10\\\/favicon.png\",\"contentUrl\":\"https:\\\/\\\/nomadheat.com\\\/wp-content\\\/uploads\\\/2021\\\/10\\\/favicon.png\",\"width\":512,\"height\":512,\"caption\":\"Nomad Heat\"},\"image\":{\"@id\":\"https:\\\/\\\/nomadheat.com\\\/nl\\\/#\\\/schema\\\/logo\\\/image\\\/\"}}]}<\/script>\n<!-- \/ Yoast SEO plugin. -->","yoast_head_json":{"title":"Hoito-ohjeet | NomadHeat","robots":{"index":"index","follow":"follow","max-snippet":"max-snippet:-1","max-image-preview":"max-image-preview:large","max-video-preview":"max-video-preview:-1"},"canonical":"https:\/\/nomadheat.com\/fi\/hoito\/","og_locale":"fi_FI","og_type":"article","og_title":"Care instructions | NomadHeat","og_url":"https:\/\/nomadheat.com\/fi\/hoito\/","og_site_name":"NomadHeat","article_modified_time":"2025-02-24T12:22:58+00:00","twitter_card":"summary_large_image","twitter_misc":{"Arvioitu lukuaika":"4 minuuttia"},"schema":{"@context":"https:\/\/schema.org","@graph":[{"@type":"WebPage","@id":"https:\/\/nomadheat.com\/de\/pflege\/","url":"https:\/\/nomadheat.com\/de\/pflege\/","name":"Hoito-ohjeet | NomadHeat","isPartOf":{"@id":"https:\/\/nomadheat.com\/nl\/#website"},"datePublished":"2021-10-11T08:32:56+00:00","dateModified":"2025-02-24T12:22:58+00:00","breadcrumb":{"@id":"https:\/\/nomadheat.com\/de\/pflege\/#breadcrumb"},"inLanguage":"fi","potentialAction":[{"@type":"ReadAction","target":["https:\/\/nomadheat.com\/de\/pflege\/"]}]},{"@type":"BreadcrumbList","@id":"https:\/\/nomadheat.com\/de\/pflege\/#breadcrumb","itemListElement":[{"@type":"ListItem","position":1,"name":"Home","item":"https:\/\/nomadheat.com\/nl\/"},{"@type":"ListItem","position":2,"name":"Care instructions"}]},{"@type":"WebSite","@id":"https:\/\/nomadheat.com\/nl\/#website","url":"https:\/\/nomadheat.com\/nl\/","name":"NomadHeat","description":"K\u00e4sintehty villa makuupussit","publisher":{"@id":"https:\/\/nomadheat.com\/nl\/#organization"},"potentialAction":[{"@type":"SearchAction","target":{"@type":"EntryPoint","urlTemplate":"https:\/\/nomadheat.com\/nl\/?s={search_term_string}"},"query-input":{"@type":"PropertyValueSpecification","valueRequired":true,"valueName":"search_term_string"}}],"inLanguage":"fi"},{"@type":"Organization","@id":"https:\/\/nomadheat.com\/nl\/#organization","name":"Nomad Heat","url":"https:\/\/nomadheat.com\/nl\/","logo":{"@type":"ImageObject","inLanguage":"fi","@id":"https:\/\/nomadheat.com\/nl\/#\/schema\/logo\/image\/","url":"https:\/\/nomadheat.com\/wp-content\/uploads\/2021\/10\/favicon.png","contentUrl":"https:\/\/nomadheat.com\/wp-content\/uploads\/2021\/10\/favicon.png","width":512,"height":512,"caption":"Nomad Heat"},"image":{"@id":"https:\/\/nomadheat.com\/nl\/#\/schema\/logo\/image\/"}}]}},"_links":{"self":[{"href":"https:\/\/nomadheat.com\/fi\/wp-json\/wp\/v2\/pages\/298","targetHints":{"allow":["GET"]}}],"collection":[{"href":"https:\/\/nomadheat.com\/fi\/wp-json\/wp\/v2\/pages"}],"about":[{"href":"https:\/\/nomadheat.com\/fi\/wp-json\/wp\/v2\/types\/page"}],"author":[{"embeddable":true,"href":"https:\/\/nomadheat.com\/fi\/wp-json\/wp\/v2\/users\/4"}],"replies":[{"embeddable":true,"href":"https:\/\/nomadheat.com\/fi\/wp-json\/wp\/v2\/comments?post=298"}],"version-history":[{"count":0,"href":"https:\/\/nomadheat.com\/fi\/wp-json\/wp\/v2\/pages\/298\/revisions"}],"wp:attachment":[{"href":"https:\/\/nomadheat.com\/fi\/wp-json\/wp\/v2\/media?parent=298"}],"curies":[{"name":"wp","href":"https:\/\/api.w.org\/{rel}","templated":true}]}}