{"id":2,"date":"2021-06-16T08:51:54","date_gmt":"2021-06-16T08:51:54","guid":{"rendered":"https:\/\/nomadheat.com\/?page_id=2"},"modified":"2022-07-20T13:52:29","modified_gmt":"2022-07-20T10:52:29","slug":"politiikat","status":"publish","type":"page","link":"https:\/\/nomadheat.com\/fi\/policies\/","title":{"rendered":"Politiikat"},"content":{"rendered":"<p><a>Normaali valmistusaika<\/a><\/p>\n<p>Pienempien kohteiden valmistus kest\u00e4\u00e4 4-6 ty\u00f6p\u00e4iv\u00e4\u00e4 ja suurempien kohteiden 7-10 ty\u00f6p\u00e4iv\u00e4\u00e4.<\/p>\n<p>Valmistusaika voi vaihdella muutamalla p\u00e4iv\u00e4ll\u00e4 nykyisest\u00e4 ty\u00f6m\u00e4\u00e4r\u00e4st\u00e4 riippuen.<\/p>\n<p><a>Kiireellinen tilaus Tee aika<\/a><\/p>\n<p>Voimme priorisoida tilauksesi niin, ett\u00e4 se valmistuu 5 ty\u00f6p\u00e4iv\u00e4n kuluessa.<\/p>\n<p>Ota yhteytt\u00e4, niin l\u00e4het\u00e4mme sinulle linkin kiireellisen tilauksen tekemist\u00e4 varten.<\/p>\n<p>Pikamaksu: 25% tuotteen hinnasta.<\/p>\n<p><a>Maksut<\/a><\/p>\n<p>Hyv\u00e4ksymme maksut pankkikorteilla.<\/p>\n<p><a>Toimitus<\/a><\/p>\n<p>Toimitamme maailmanlaajuisesti ja tarjoamme ilmaisen maailmanlaajuisen toimituksen kaikille tilauksille kotiovellesi. Saatavilla on my\u00f6s maksullisia toimitusvaihtoehtoja, katso alla.<\/p>\n<p>Kaikki maat l\u00e4hetet\u00e4\u00e4n DDP (delivery duty paid) -periaatteella, joten verot ja tullit sis\u00e4ltyv\u00e4t lopulliseen hintaan, ja saat paketin kotiovellesi, eik\u00e4 sinun tarvitse selvitt\u00e4\u00e4 sit\u00e4 tullista.<\/p>\n<p>Arabiemiirikuntien osalta: ulkomailta tulevat paketit on noudettava henkil\u00f6kohtaisesti postin keskustoimistosta.<\/p>\n<p>Voimme toimittaa my\u00f6s postilokeroihin, mutta varmista, ett\u00e4 postilokerosi voi ottaa vastaan t\u00e4m\u00e4n kokoisia paketteja, muuten pakettisi voidaan palauttaa.<\/p>\n<p>Suosittelemme, ett\u00e4 seuraat verkkoseurantatietojasi yksityiskohtaisten p\u00e4ivitysten saamiseksi, jotta tied\u00e4t, milloin pakettisi saapuu postitoimipaikkaasi.<\/p>\n<p>Kaikki tuotteet on pakattu kierr\u00e4tett\u00e4v\u00e4\u00e4n muoviin, joka suojaa lialta, vedelt\u00e4 ja puhkeamiselta.<\/p>\n<p>Tarkasta paketti saapuessasi, \u00e4l\u00e4k\u00e4 ota sit\u00e4 vastaan, jos se on vahingoittunut. N\u00e4in paketti palautetaan meille ja me valmistamme ja l\u00e4het\u00e4mme sinulle uuden. Jos hyv\u00e4ksyt paketin, joka on vahingoittunut, emme voi korvata sit\u00e4 sinulle.<\/p>\n<p><a>Ilmainen toimitus<\/a><\/p>\n<p><strong>Hinta<\/strong>: Ilmaiseksi kaikkialle maailmaan<\/p>\n<p><strong>Kantaja<\/strong>:<br \/>\nBulgarian Post yhteisty\u00f6ss\u00e4 maasi kansallisten postien kanssa, esim. USPS Yhdysvalloissa, Canada Post, Parcel Force Yhdistyneess\u00e4 kuningaskunnassa, Australia Post jne. - kaikki ne ovat 100%-luotettavia, eik\u00e4 yksik\u00e4\u00e4n niist\u00e4 tuhansista paketeista, jotka olemme t\u00e4h\u00e4n menness\u00e4 l\u00e4hett\u00e4neet niit\u00e4 k\u00e4ytt\u00e4en, ole kadonnut.<\/p>\n<p><strong>Toimitusehdot:<\/strong><br \/>\nKirjattuna kirjeen\u00e4, allekirjoitus vaaditaan toimituksen yhteydess\u00e4. Jos et ole kotona toimitushetkell\u00e4, pakettia k\u00e4sitell\u00e4\u00e4n kansallisen postin k\u00e4yt\u00e4nt\u00f6jen mukaisesti. Useimmissa tapauksissa, kuten Yhdysvalloissa, Kanadassa, Australiassa ja Yhdistyneess\u00e4 kuningaskunnassa, sinulle j\u00e4tet\u00e4\u00e4n viesti, jossa pyydet\u00e4\u00e4n sinua noutamaan pakettisi paikallisesta postitoimistosta tai soittamaan sinne, jotta toimitus voidaan ajoittaa uudelleen sopivaan aikaan.<\/p>\n<p><strong>Kauttakulkuajat<\/strong>\u00a0(likim\u00e4\u00e4r\u00e4inen, ei taattu):<\/p>\n<ul>\n<li>USA:n mantereella - 3 viikkoa<\/li>\n<li>Yhdysvallat (Havaiji, AK) - 4 viikkoa<\/li>\n<li>Kanada - 3 viikkoa<\/li>\n<li>Australia - 3 viikkoa<\/li>\n<li>Aasia - 3 viikkoa<\/li>\n<li>Etel\u00e4-Amerikka - 3-4 viikkoa<\/li>\n<li>Euroopan unioni - 2 viikkoa<\/li>\n<\/ul>\n<p><a>Pikakuljetus 3 p\u00e4iv\u00e4\u00e4<\/a><\/p>\n<p><strong>Hinta<\/strong>: L\u00e4het\u00e4 meille viesti, jotta saamme arvion toimituskuluista.<\/p>\n<p><strong>Kantaja<\/strong>: DHL<\/p>\n<p><strong>Toimitusehdot:<\/strong><br \/>\nPuhelinnumero vaaditaan l\u00e4hetyst\u00e4 varten. Paketit toimitetaan kotiovellesi ja niiden vastaanottaminen edellytt\u00e4\u00e4 allekirjoitusta.<\/p>\n<p><strong>Kauttakulkuajat<\/strong>\u00a0(taattu):<\/p>\n<ul>\n<li>Maailmanlaajuisesti - 3 ty\u00f6p\u00e4iv\u00e4\u00e4<\/li>\n<\/ul>\n<p><a>Seuranta<\/a><\/p>\n<p>L\u00e4het\u00e4mme sinulle seurantanumeron heti, kun olemme l\u00e4hett\u00e4neet tilauksesi. Seuraa seurantalinkki\u00e4 k\u00e4ytt\u00e4m\u00e4ll\u00e4 seuraavaa linkki\u00e4.\u00a0<a href=\"https:\/\/www.track-trace.com\/\">www.track-trace.com<\/a>\u00a0tai kansallisen postisi verkkosivustolla:<\/p>\n<p>YHDYSVALLAT:\u00a0<a href=\"https:\/\/www.usps.com\/\">www.usps.com<\/a><br \/>\nKanada:\u00a0<a href=\"https:\/\/www.canadapost.ca\/cpc\/en\/home.page\">www.canadapost.ca<\/a><br \/>\nAustralia:\u00a0<a href=\"https:\/\/auspost.com.au\/\">https:\/\/auspost.com.au\/<\/a><br \/>\nYHDISTYNYT KUNINGASKUNTA:\u00a0<a href=\"https:\/\/www.parcelforce.com\/\">www.parcelforce.com<\/a><\/p>\n<p>Ilmaisen ja Priority-toimituksen tilap\u00e4ivitykset ovat saatavilla vasta, kun paketti saapuu maasi tulliin.<\/p>\n<p><a>Kadonneet tai viiv\u00e4styneet paketit<\/a><\/p>\n<p>Kansallinen postipalvelu on eritt\u00e4in luotettava kaikkialla maailmassa, ja kadonneet paketit ovat eritt\u00e4in harvinaisia. Kokemuksemme mukaan olemme l\u00e4hett\u00e4neet tuhansia paketteja yli 40 maahan, kuten Yhdysvaltoihin, Kanadaan, Australiaan, Yhdistyneeseen kuningaskuntaan ja EU:hun.<br \/>\nJos paketti katoaa, l\u00e4het\u00e4mme korvaavan paketin ilmaiseksi.<br \/>\nVoit ottaa meihin yhteytt\u00e4, jos pakettisi ei ole saapunut maahasi yli 1 kuukauteen. Emme voi nopeuttaa toimitusta, mutta voimme tehd\u00e4 virallisen kyselyn postille, jotta se yritt\u00e4isi paikallistaa paketin.<\/p>\n<p><a>Peruutukset<\/a><\/p>\n<p>Jos haluat peruuttaa tilauksesi tai osan siit\u00e4, ota meihin yhteytt\u00e4. Pystymme peruuttamaan kohteet, joiden valmistusta emme ole viel\u00e4 aloittaneet.<\/p>\n<p><a>Palautukset &amp; hyvitykset<\/a><\/p>\n<ul>\n<li>Jos et ole t\u00e4ysin tyytyv\u00e4inen ostoosi tai haluat palauttaa tuotteen, ota meihin yhteytt\u00e4. Home of Woolin on hyv\u00e4ksytt\u00e4v\u00e4 kaikki palautukset etuk\u00e4teen.<\/li>\n<li>Jos tuotteesi saapui kuvatulla tavalla ja ilman valmistusvirheit\u00e4 tai virheit\u00e4 (k\u00e4ytettiin eri kangasta, toteutettiin v\u00e4\u00e4r\u00e4 malli, pituus- tai leveyspoikkeama on yli 5%), voit pyyt\u00e4\u00e4 palautusta muusta kuin tilaustuotteesta kahden ensimm\u00e4isen viikon kuluessa toimituksesta. Tuotteet on l\u00e4hetett\u00e4v\u00e4 takaisin 30 p\u00e4iv\u00e4n kuluessa toimituksesta. Palautukset eiv\u00e4t sis\u00e4ll\u00e4 alustan ja maksun kuluja, joten ne voivat olla enint\u00e4\u00e4n 82% tilauksen arvosta. Mukautettuja tuotteita ei voi palauttaa.<\/li>\n<li>Jos tuotteesi saapuu valmistusvirheell\u00e4 tai virheell\u00e4 (k\u00e4ytettiin eri kangasta, toteutettiin v\u00e4\u00e4r\u00e4 muotoilu, pituus- tai leveyspoikkeama on yli 5%), teemme ja l\u00e4het\u00e4mme uuden tuotteen tai palautamme koko hinnan kyseisest\u00e4 tuotteesta.<\/li>\n<li>Jos tuotetta ei toimiteta, koska osoite on ep\u00e4t\u00e4ydellinen, lukukelvoton tai v\u00e4\u00e4r\u00e4, vastaanottaja ei ole osoitteessa (tuntematon, muuttanut tai kuollut), posti ei ole lunastettu tai siit\u00e4 on kielt\u00e4ydytty - tuote voidaan l\u00e4hett\u00e4\u00e4 uudelleen omalla kustannuksellasi, jolloin palautusl\u00e4hetysmaksu laskutetaan. Jos et halua, ett\u00e4 ei-tilaustuote l\u00e4hetet\u00e4\u00e4n uudelleen, voimme antaa osittaisen palautuksen, lukuun ottamatta alustan ja maksun maksuja ja palautusl\u00e4hetyksi\u00e4, ja n\u00e4in ollen palautus voi olla enint\u00e4\u00e4n 82% tuotteen arvosta. Asiakaskohtaiset tuotteet eiv\u00e4t ole oikeutettuja hyvitykseen, ja ne voidaan vain l\u00e4hett\u00e4\u00e4 uudelleen.<\/li>\n<li>Jos tuotteesi hyv\u00e4ksyt\u00e4\u00e4n palautettavaksi, ilmoita sen arvoksi alle $15, muuten siihen sovelletaan tulliveroja, vaikka kyseess\u00e4 ei ole osto vaan palautus. Jos maahantuontimaksuja perit\u00e4\u00e4n, ne v\u00e4hennet\u00e4\u00e4n palautussummastasi. Palautettujen tuotteiden on oltava alkuper\u00e4isess\u00e4 kunnossaan. Palautukset my\u00f6nnet\u00e4\u00e4n sen j\u00e4lkeen, kun olemme vastaanottaneet tuotteet takaisin ja tarkastaneet ne.<\/li>\n<li>Eurooppalaiset tuotot<br \/>\nEurooppalaiset asiakkaat voivat k\u00e4ytt\u00e4\u00e4 DPD-kuriiripalvelua pakettien, my\u00f6s patjojen, palauttamiseen eritt\u00e4in edulliseen hintaan, joka on yleens\u00e4 noin 30-40 euroa. Pyyd\u00e4 noutoa kotioveltasi, lis\u00e4tietoja osoitteessa www.dpd.com.<\/li>\n<li>Kaikki palautukset maksetaan samalle kortille, jolla maksu on suoritettu. Siirto voi kest\u00e4\u00e4 enint\u00e4\u00e4n 3 ty\u00f6p\u00e4iv\u00e4\u00e4 palautuksen my\u00f6nt\u00e4misen j\u00e4lkeen.<\/li>\n<\/ul>","protected":false},"excerpt":{"rendered":"<p>Standard Make Time Smaller items take us 4-6 business days to create and larger items 7-10 business days. Depending on the current workload, make time could vary by a few days. Rush Order Make Time We can prioritize your order for completion within 5 business days. Please contact us and [&hellip;]<\/p>\n","protected":false},"author":4,"featured_media":0,"parent":0,"menu_order":0,"comment_status":"closed","ping_status":"closed","template":"","meta":{"footnotes":""},"class_list":["post-2","page","type-page","status-publish","hentry"],"yoast_head":"<!-- This site is optimized with the Yoast SEO plugin v27.4 - https:\/\/yoast.com\/product\/yoast-seo-wordpress\/ -->\n<title>Policies | NomadHeat<\/title>\n<meta name=\"robots\" content=\"index, follow, max-snippet:-1, max-image-preview:large, max-video-preview:-1\" \/>\n<link rel=\"canonical\" href=\"https:\/\/nomadheat.com\/fi\/politiikat\/\" \/>\n<meta property=\"og:locale\" content=\"fi_FI\" \/>\n<meta property=\"og:type\" content=\"article\" \/>\n<meta property=\"og:title\" content=\"Policies | NomadHeat\" \/>\n<meta property=\"og:description\" content=\"Standard Make Time Smaller items take us 4-6 business days to create and larger items 7-10 business days. Depending on the current workload, make time could vary by a few days. Rush Order Make Time We can prioritize your order for completion within 5 business days. Please contact us and [&hellip;]\" \/>\n<meta property=\"og:url\" content=\"https:\/\/nomadheat.com\/fi\/politiikat\/\" \/>\n<meta property=\"og:site_name\" content=\"NomadHeat\" \/>\n<meta property=\"article:modified_time\" content=\"2022-07-20T10:52:29+00:00\" \/>\n<meta name=\"twitter:card\" content=\"summary_large_image\" \/>\n<meta name=\"twitter:label1\" content=\"Arvioitu lukuaika\" \/>\n\t<meta name=\"twitter:data1\" content=\"5 minuuttia\" \/>\n<script type=\"application\/ld+json\" class=\"yoast-schema-graph\">{\"@context\":\"https:\\\/\\\/schema.org\",\"@graph\":[{\"@type\":\"WebPage\",\"@id\":\"https:\\\/\\\/nomadheat.com\\\/es\\\/politicas\\\/\",\"url\":\"https:\\\/\\\/nomadheat.com\\\/es\\\/politicas\\\/\",\"name\":\"Policies | NomadHeat\",\"isPartOf\":{\"@id\":\"https:\\\/\\\/nomadheat.com\\\/nl\\\/#website\"},\"datePublished\":\"2021-06-16T08:51:54+00:00\",\"dateModified\":\"2022-07-20T10:52:29+00:00\",\"breadcrumb\":{\"@id\":\"https:\\\/\\\/nomadheat.com\\\/es\\\/politicas\\\/#breadcrumb\"},\"inLanguage\":\"fi\",\"potentialAction\":[{\"@type\":\"ReadAction\",\"target\":[\"https:\\\/\\\/nomadheat.com\\\/es\\\/politicas\\\/\"]}]},{\"@type\":\"BreadcrumbList\",\"@id\":\"https:\\\/\\\/nomadheat.com\\\/es\\\/politicas\\\/#breadcrumb\",\"itemListElement\":[{\"@type\":\"ListItem\",\"position\":1,\"name\":\"Home\",\"item\":\"https:\\\/\\\/nomadheat.com\\\/nl\\\/\"},{\"@type\":\"ListItem\",\"position\":2,\"name\":\"Policies\"}]},{\"@type\":\"WebSite\",\"@id\":\"https:\\\/\\\/nomadheat.com\\\/nl\\\/#website\",\"url\":\"https:\\\/\\\/nomadheat.com\\\/nl\\\/\",\"name\":\"NomadHeat\",\"description\":\"Handmade Wool Sleeping Bags\",\"publisher\":{\"@id\":\"https:\\\/\\\/nomadheat.com\\\/nl\\\/#organization\"},\"potentialAction\":[{\"@type\":\"SearchAction\",\"target\":{\"@type\":\"EntryPoint\",\"urlTemplate\":\"https:\\\/\\\/nomadheat.com\\\/nl\\\/?s={search_term_string}\"},\"query-input\":{\"@type\":\"PropertyValueSpecification\",\"valueRequired\":true,\"valueName\":\"search_term_string\"}}],\"inLanguage\":\"fi\"},{\"@type\":\"Organization\",\"@id\":\"https:\\\/\\\/nomadheat.com\\\/nl\\\/#organization\",\"name\":\"Nomad Heat\",\"url\":\"https:\\\/\\\/nomadheat.com\\\/nl\\\/\",\"logo\":{\"@type\":\"ImageObject\",\"inLanguage\":\"fi\",\"@id\":\"https:\\\/\\\/nomadheat.com\\\/nl\\\/#\\\/schema\\\/logo\\\/image\\\/\",\"url\":\"https:\\\/\\\/nomadheat.com\\\/wp-content\\\/uploads\\\/2021\\\/10\\\/favicon.png\",\"contentUrl\":\"https:\\\/\\\/nomadheat.com\\\/wp-content\\\/uploads\\\/2021\\\/10\\\/favicon.png\",\"width\":512,\"height\":512,\"caption\":\"Nomad Heat\"},\"image\":{\"@id\":\"https:\\\/\\\/nomadheat.com\\\/nl\\\/#\\\/schema\\\/logo\\\/image\\\/\"}}]}<\/script>\n<!-- \/ Yoast SEO plugin. -->","yoast_head_json":{"title":"Politiikka | NomadHeat","robots":{"index":"index","follow":"follow","max-snippet":"max-snippet:-1","max-image-preview":"max-image-preview:large","max-video-preview":"max-video-preview:-1"},"canonical":"https:\/\/nomadheat.com\/fi\/politiikat\/","og_locale":"fi_FI","og_type":"article","og_title":"Policies | NomadHeat","og_description":"Standard Make Time Smaller items take us 4-6 business days to create and larger items 7-10 business days. Depending on the current workload, make time could vary by a few days. Rush Order Make Time We can prioritize your order for completion within 5 business days. Please contact us and [&hellip;]","og_url":"https:\/\/nomadheat.com\/fi\/politiikat\/","og_site_name":"NomadHeat","article_modified_time":"2022-07-20T10:52:29+00:00","twitter_card":"summary_large_image","twitter_misc":{"Arvioitu lukuaika":"5 minuuttia"},"schema":{"@context":"https:\/\/schema.org","@graph":[{"@type":"WebPage","@id":"https:\/\/nomadheat.com\/es\/politicas\/","url":"https:\/\/nomadheat.com\/es\/politicas\/","name":"Politiikka | NomadHeat","isPartOf":{"@id":"https:\/\/nomadheat.com\/nl\/#website"},"datePublished":"2021-06-16T08:51:54+00:00","dateModified":"2022-07-20T10:52:29+00:00","breadcrumb":{"@id":"https:\/\/nomadheat.com\/es\/politicas\/#breadcrumb"},"inLanguage":"fi","potentialAction":[{"@type":"ReadAction","target":["https:\/\/nomadheat.com\/es\/politicas\/"]}]},{"@type":"BreadcrumbList","@id":"https:\/\/nomadheat.com\/es\/politicas\/#breadcrumb","itemListElement":[{"@type":"ListItem","position":1,"name":"Home","item":"https:\/\/nomadheat.com\/nl\/"},{"@type":"ListItem","position":2,"name":"Policies"}]},{"@type":"WebSite","@id":"https:\/\/nomadheat.com\/nl\/#website","url":"https:\/\/nomadheat.com\/nl\/","name":"NomadHeat","description":"K\u00e4sintehty villa makuupussit","publisher":{"@id":"https:\/\/nomadheat.com\/nl\/#organization"},"potentialAction":[{"@type":"SearchAction","target":{"@type":"EntryPoint","urlTemplate":"https:\/\/nomadheat.com\/nl\/?s={search_term_string}"},"query-input":{"@type":"PropertyValueSpecification","valueRequired":true,"valueName":"search_term_string"}}],"inLanguage":"fi"},{"@type":"Organization","@id":"https:\/\/nomadheat.com\/nl\/#organization","name":"Nomad Heat","url":"https:\/\/nomadheat.com\/nl\/","logo":{"@type":"ImageObject","inLanguage":"fi","@id":"https:\/\/nomadheat.com\/nl\/#\/schema\/logo\/image\/","url":"https:\/\/nomadheat.com\/wp-content\/uploads\/2021\/10\/favicon.png","contentUrl":"https:\/\/nomadheat.com\/wp-content\/uploads\/2021\/10\/favicon.png","width":512,"height":512,"caption":"Nomad Heat"},"image":{"@id":"https:\/\/nomadheat.com\/nl\/#\/schema\/logo\/image\/"}}]}},"_links":{"self":[{"href":"https:\/\/nomadheat.com\/fi\/wp-json\/wp\/v2\/pages\/2","targetHints":{"allow":["GET"]}}],"collection":[{"href":"https:\/\/nomadheat.com\/fi\/wp-json\/wp\/v2\/pages"}],"about":[{"href":"https:\/\/nomadheat.com\/fi\/wp-json\/wp\/v2\/types\/page"}],"author":[{"embeddable":true,"href":"https:\/\/nomadheat.com\/fi\/wp-json\/wp\/v2\/users\/4"}],"replies":[{"embeddable":true,"href":"https:\/\/nomadheat.com\/fi\/wp-json\/wp\/v2\/comments?post=2"}],"version-history":[{"count":0,"href":"https:\/\/nomadheat.com\/fi\/wp-json\/wp\/v2\/pages\/2\/revisions"}],"wp:attachment":[{"href":"https:\/\/nomadheat.com\/fi\/wp-json\/wp\/v2\/media?parent=2"}],"curies":[{"name":"wp","href":"https:\/\/api.w.org\/{rel}","templated":true}]}}