{"id":909,"date":"2023-01-31T13:25:32","date_gmt":"2023-01-31T11:25:32","guid":{"rendered":"https:\/\/nomadheat.com\/?post_type=product&#038;p=909"},"modified":"2024-03-13T16:02:42","modified_gmt":"2024-03-13T14:02:42","slug":"saco-de-dormir-duo","status":"publish","type":"product","link":"https:\/\/nomadheat.com\/es\/shop\/duo-sleeping-bag\/","title":{"rendered":"Saco de dormir de lana Camp Zero Duo"},"content":{"rendered":"<p><strong>CARACTER\u00cdSTICAS<\/strong><br \/>\n- El lujoso tejido de seda de morera natural y el relleno de lana del interior de la capucha reducen el ruido y aumentan la comodidad.<br \/>\n- Cord\u00f3n de ajuste en la capucha y el cuello aislante para facilitar el ajuste<br \/>\n- Cuelgue los bucles de ventilaci\u00f3n<br \/>\n- Regulaci\u00f3n clim\u00e1tica con cremallera central de 2 v\u00edas<br \/>\n- La cremallera YKK evita que se atasque el material<\/p>\n<p><strong>SACO DE DORMIR<\/strong><br \/>\nTama\u00f1o: 235 x 158 x 2 cm<br \/>\nPeso: 7,5 kg<\/p>\n<p>Materiales<br \/>\nExterior: 100% Lino (certificado Oeko-Tex)<br \/>\nForro: 100% Seda de morera natural<br \/>\nRelleno: 600 gramos de bateo de lana (certificado GOTS) por metro cuadrado (1,58 libras por yarda cuadrada)<\/p>\n<p>Lavable a m\u00e1quina: S\u00ed<br \/>\nCOV, HAP, sint\u00e9ticos, sin productos qu\u00edmicos<\/p>\n<p><strong>ALMOHADAS PARA DORMIR<\/strong><br \/>\nTama\u00f1o: 46 x 25 cm<\/p>\n<p>Materiales<br \/>\nFunda: 100% Algod\u00f3n org\u00e1nico (certificado GOTS)<br \/>\nRelleno: relleno de lana (certificado GOTS)<\/p>\n<p>Lavable a m\u00e1quina: S\u00ed<br \/>\nCOV, HAP, sint\u00e9ticos, sin productos qu\u00edmicos<\/p>\n<p><strong>SOSTENIBILIDAD<\/strong><br \/>\nTodos los materiales de este saco de dormir son naturales, biodegradables, sostenibles y renovables.<\/p>\n<p><strong>CUIDADO DEL PRODUCTO<\/strong><br \/>\nNuestros sacos de dormir est\u00e1n fabricados con materiales duraderos de alta calidad. Para disfrutar de ellos durante m\u00e1s tiempo, aseg\u00farese de seguir las <a href=\"https:\/\/nomadheat.com\/es\/atencion\/\">Instrucciones de cuidado<\/a>.<\/p>","protected":false},"excerpt":{"rendered":"<p>Un sue\u00f1o extremadamente reparador con el lujoso saco de dormir Camp.<br \/>\nEl uso exclusivo de materiales totalmente naturales -lino, seda de morera y lana- proporciona una regulaci\u00f3n insuperable de la temperatura y la humedad y cero ruidos para un confort inigualable durante el sue\u00f1o.<br \/>\nAdecuado para viajeros que van de aventuras con tiendas de campa\u00f1a y autocaravanas.<br \/>\n*Utilizar al aire libre con un saco de vivac.<\/p>","protected":false},"featured_media":916,"comment_status":"open","ping_status":"closed","template":"","meta":[],"product_brand":[],"product_cat":[19],"product_tag":[22,51,23,26,21,50],"class_list":{"0":"post-909","1":"product","2":"type-product","3":"status-publish","4":"has-post-thumbnail","6":"product_cat-sleeping-bags","7":"product_tag-camping","8":"product_tag-organic-wool-sleeping-bag","9":"product_tag-outdoor-sleeping","10":"product_tag-sleeping-bags-for-adults","11":"product_tag-summer-sleeping-bag","12":"product_tag-wool-sleep-sack","14":"first","15":"instock","16":"shipping-taxable","17":"purchasable","18":"product-type-simple"},"yoast_head":"<!-- This site is optimized with the Yoast SEO plugin v27.4 - https:\/\/yoast.com\/product\/yoast-seo-wordpress\/ -->\n<title>Camp Zero Duo Wool Sleeping Bag | NomadHeat | All-natural Sleeping Bags<\/title>\n<meta name=\"description\" content=\"Extremely good restorative sleep with the ultimately luxurious Duo Sleeping bag. Suitable for travelers going on any type of adventure.\" \/>\n<meta name=\"robots\" content=\"index, follow, max-snippet:-1, max-image-preview:large, max-video-preview:-1\" \/>\n<link rel=\"canonical\" href=\"https:\/\/www.nomadheat.com\/shop\/duo-sleeping-bag\/\" \/>\n<meta property=\"og:locale\" content=\"es_ES\" \/>\n<meta property=\"og:type\" content=\"article\" \/>\n<meta property=\"og:title\" content=\"Camp Zero Duo Wool Sleeping Bag | NomadHeat | All-natural Sleeping Bags\" \/>\n<meta property=\"og:description\" content=\"Extremely good restorative sleep with the ultimately luxurious Duo Sleeping bag. Suitable for travelers going on any type of adventure.\" \/>\n<meta property=\"og:url\" content=\"https:\/\/www.nomadheat.com\/shop\/duo-sleeping-bag\/\" \/>\n<meta property=\"og:site_name\" content=\"NomadHeat\" \/>\n<meta property=\"article:modified_time\" content=\"2024-03-13T14:02:42+00:00\" \/>\n<meta property=\"og:image\" content=\"https:\/\/www.nomadheat.com\/wp-content\/uploads\/2023\/01\/Nomad-Heat-duo-sleeping-bag.jpg\" \/>\n\t<meta property=\"og:image:width\" content=\"1200\" \/>\n\t<meta property=\"og:image:height\" content=\"960\" \/>\n\t<meta property=\"og:image:type\" content=\"image\/jpeg\" \/>\n<meta name=\"twitter:card\" content=\"summary_large_image\" \/>\n<meta name=\"twitter:label1\" content=\"Tiempo de lectura\" \/>\n\t<meta name=\"twitter:data1\" content=\"1 minuto\" \/>\n<script type=\"application\/ld+json\" class=\"yoast-schema-graph\">{\"@context\":\"https:\\\/\\\/schema.org\",\"@graph\":[{\"@type\":\"WebPage\",\"@id\":\"https:\\\/\\\/www.nomadheat.com\\\/shop\\\/duo-sleeping-bag\\\/\",\"url\":\"https:\\\/\\\/www.nomadheat.com\\\/shop\\\/duo-sleeping-bag\\\/\",\"name\":\"Camp Zero Duo Wool Sleeping Bag | NomadHeat | All-natural Sleeping Bags\",\"isPartOf\":{\"@id\":\"https:\\\/\\\/nomadheat.com\\\/nl\\\/#website\"},\"primaryImageOfPage\":{\"@id\":\"https:\\\/\\\/www.nomadheat.com\\\/shop\\\/duo-sleeping-bag\\\/#primaryimage\"},\"image\":{\"@id\":\"https:\\\/\\\/www.nomadheat.com\\\/shop\\\/duo-sleeping-bag\\\/#primaryimage\"},\"thumbnailUrl\":\"https:\\\/\\\/nomadheat.com\\\/wp-content\\\/uploads\\\/2023\\\/01\\\/Nomad-Heat-duo-sleeping-bag.jpg\",\"datePublished\":\"2023-01-31T11:25:32+00:00\",\"dateModified\":\"2024-03-13T14:02:42+00:00\",\"description\":\"Extremely good restorative sleep with the ultimately luxurious Duo Sleeping bag. Suitable for travelers going on any type of adventure.\",\"breadcrumb\":{\"@id\":\"https:\\\/\\\/www.nomadheat.com\\\/shop\\\/duo-sleeping-bag\\\/#breadcrumb\"},\"inLanguage\":\"es\",\"potentialAction\":[{\"@type\":\"ReadAction\",\"target\":[\"https:\\\/\\\/www.nomadheat.com\\\/shop\\\/duo-sleeping-bag\\\/\"]}]},{\"@type\":\"ImageObject\",\"inLanguage\":\"es\",\"@id\":\"https:\\\/\\\/www.nomadheat.com\\\/shop\\\/duo-sleeping-bag\\\/#primaryimage\",\"url\":\"https:\\\/\\\/nomadheat.com\\\/wp-content\\\/uploads\\\/2023\\\/01\\\/Nomad-Heat-duo-sleeping-bag.jpg\",\"contentUrl\":\"https:\\\/\\\/nomadheat.com\\\/wp-content\\\/uploads\\\/2023\\\/01\\\/Nomad-Heat-duo-sleeping-bag.jpg\",\"width\":1200,\"height\":960,\"caption\":\"Nomad Heat duo sleeping bag\"},{\"@type\":\"BreadcrumbList\",\"@id\":\"https:\\\/\\\/www.nomadheat.com\\\/shop\\\/duo-sleeping-bag\\\/#breadcrumb\",\"itemListElement\":[{\"@type\":\"ListItem\",\"position\":1,\"name\":\"Home\",\"item\":\"https:\\\/\\\/nomadheat.com\\\/nl\\\/\"},{\"@type\":\"ListItem\",\"position\":2,\"name\":\"Shop\",\"item\":\"https:\\\/\\\/nomadheat.com\\\/sv\\\/butik\\\/\"},{\"@type\":\"ListItem\",\"position\":3,\"name\":\"Camp Zero Duo Wool Sleeping Bag\"}]},{\"@type\":\"WebSite\",\"@id\":\"https:\\\/\\\/nomadheat.com\\\/nl\\\/#website\",\"url\":\"https:\\\/\\\/nomadheat.com\\\/nl\\\/\",\"name\":\"NomadHeat\",\"description\":\"Handmade Wool Sleeping Bags\",\"publisher\":{\"@id\":\"https:\\\/\\\/nomadheat.com\\\/nl\\\/#organization\"},\"potentialAction\":[{\"@type\":\"SearchAction\",\"target\":{\"@type\":\"EntryPoint\",\"urlTemplate\":\"https:\\\/\\\/nomadheat.com\\\/nl\\\/?s={search_term_string}\"},\"query-input\":{\"@type\":\"PropertyValueSpecification\",\"valueRequired\":true,\"valueName\":\"search_term_string\"}}],\"inLanguage\":\"es\"},{\"@type\":\"Organization\",\"@id\":\"https:\\\/\\\/nomadheat.com\\\/nl\\\/#organization\",\"name\":\"Nomad Heat\",\"url\":\"https:\\\/\\\/nomadheat.com\\\/nl\\\/\",\"logo\":{\"@type\":\"ImageObject\",\"inLanguage\":\"es\",\"@id\":\"https:\\\/\\\/nomadheat.com\\\/nl\\\/#\\\/schema\\\/logo\\\/image\\\/\",\"url\":\"https:\\\/\\\/nomadheat.com\\\/wp-content\\\/uploads\\\/2021\\\/10\\\/favicon.png\",\"contentUrl\":\"https:\\\/\\\/nomadheat.com\\\/wp-content\\\/uploads\\\/2021\\\/10\\\/favicon.png\",\"width\":512,\"height\":512,\"caption\":\"Nomad Heat\"},\"image\":{\"@id\":\"https:\\\/\\\/nomadheat.com\\\/nl\\\/#\\\/schema\\\/logo\\\/image\\\/\"}}]}<\/script>\n<!-- \/ Yoast SEO plugin. -->","yoast_head_json":{"title":"Saco de dormir de lana Camp Zero Duo | NomadHeat | Sacos de dormir totalmente naturales","description":"Un sue\u00f1o extremadamente reparador con el lujoso saco de dormir Duo. Adecuado para viajeros que van a cualquier tipo de aventura.","robots":{"index":"index","follow":"follow","max-snippet":"max-snippet:-1","max-image-preview":"max-image-preview:large","max-video-preview":"max-video-preview:-1"},"canonical":"https:\/\/www.nomadheat.com\/shop\/duo-sleeping-bag\/","og_locale":"es_ES","og_type":"article","og_title":"Camp Zero Duo Wool Sleeping Bag | NomadHeat | All-natural Sleeping Bags","og_description":"Extremely good restorative sleep with the ultimately luxurious Duo Sleeping bag. Suitable for travelers going on any type of adventure.","og_url":"https:\/\/www.nomadheat.com\/shop\/duo-sleeping-bag\/","og_site_name":"NomadHeat","article_modified_time":"2024-03-13T14:02:42+00:00","og_image":[{"width":1200,"height":960,"url":"https:\/\/www.nomadheat.com\/wp-content\/uploads\/2023\/01\/Nomad-Heat-duo-sleeping-bag.jpg","type":"image\/jpeg"}],"twitter_card":"summary_large_image","twitter_misc":{"Tiempo de lectura":"1 minuto"},"schema":{"@context":"https:\/\/schema.org","@graph":[{"@type":"WebPage","@id":"https:\/\/www.nomadheat.com\/shop\/duo-sleeping-bag\/","url":"https:\/\/www.nomadheat.com\/shop\/duo-sleeping-bag\/","name":"Saco de dormir de lana Camp Zero Duo | NomadHeat | Sacos de dormir totalmente naturales","isPartOf":{"@id":"https:\/\/nomadheat.com\/nl\/#website"},"primaryImageOfPage":{"@id":"https:\/\/www.nomadheat.com\/shop\/duo-sleeping-bag\/#primaryimage"},"image":{"@id":"https:\/\/www.nomadheat.com\/shop\/duo-sleeping-bag\/#primaryimage"},"thumbnailUrl":"https:\/\/nomadheat.com\/wp-content\/uploads\/2023\/01\/Nomad-Heat-duo-sleeping-bag.jpg","datePublished":"2023-01-31T11:25:32+00:00","dateModified":"2024-03-13T14:02:42+00:00","description":"Un sue\u00f1o extremadamente reparador con el lujoso saco de dormir Duo. Adecuado para viajeros que van a cualquier tipo de aventura.","breadcrumb":{"@id":"https:\/\/www.nomadheat.com\/shop\/duo-sleeping-bag\/#breadcrumb"},"inLanguage":"es","potentialAction":[{"@type":"ReadAction","target":["https:\/\/www.nomadheat.com\/shop\/duo-sleeping-bag\/"]}]},{"@type":"ImageObject","inLanguage":"es","@id":"https:\/\/www.nomadheat.com\/shop\/duo-sleeping-bag\/#primaryimage","url":"https:\/\/nomadheat.com\/wp-content\/uploads\/2023\/01\/Nomad-Heat-duo-sleeping-bag.jpg","contentUrl":"https:\/\/nomadheat.com\/wp-content\/uploads\/2023\/01\/Nomad-Heat-duo-sleeping-bag.jpg","width":1200,"height":960,"caption":"Nomad Heat duo sleeping bag"},{"@type":"BreadcrumbList","@id":"https:\/\/www.nomadheat.com\/shop\/duo-sleeping-bag\/#breadcrumb","itemListElement":[{"@type":"ListItem","position":1,"name":"Home","item":"https:\/\/nomadheat.com\/nl\/"},{"@type":"ListItem","position":2,"name":"Shop","item":"https:\/\/nomadheat.com\/sv\/butik\/"},{"@type":"ListItem","position":3,"name":"Camp Zero Duo Wool Sleeping Bag"}]},{"@type":"WebSite","@id":"https:\/\/nomadheat.com\/nl\/#website","url":"https:\/\/nomadheat.com\/nl\/","name":"NomadHeat","description":"Sacos de dormir de lana hechos a mano","publisher":{"@id":"https:\/\/nomadheat.com\/nl\/#organization"},"potentialAction":[{"@type":"SearchAction","target":{"@type":"EntryPoint","urlTemplate":"https:\/\/nomadheat.com\/nl\/?s={search_term_string}"},"query-input":{"@type":"PropertyValueSpecification","valueRequired":true,"valueName":"search_term_string"}}],"inLanguage":"es"},{"@type":"Organization","@id":"https:\/\/nomadheat.com\/nl\/#organization","name":"Calor n\u00f3mada","url":"https:\/\/nomadheat.com\/nl\/","logo":{"@type":"ImageObject","inLanguage":"es","@id":"https:\/\/nomadheat.com\/nl\/#\/schema\/logo\/image\/","url":"https:\/\/nomadheat.com\/wp-content\/uploads\/2021\/10\/favicon.png","contentUrl":"https:\/\/nomadheat.com\/wp-content\/uploads\/2021\/10\/favicon.png","width":512,"height":512,"caption":"Nomad Heat"},"image":{"@id":"https:\/\/nomadheat.com\/nl\/#\/schema\/logo\/image\/"}}]}},"_links":{"self":[{"href":"https:\/\/nomadheat.com\/es\/wp-json\/wp\/v2\/product\/909","targetHints":{"allow":["GET"]}}],"collection":[{"href":"https:\/\/nomadheat.com\/es\/wp-json\/wp\/v2\/product"}],"about":[{"href":"https:\/\/nomadheat.com\/es\/wp-json\/wp\/v2\/types\/product"}],"replies":[{"embeddable":true,"href":"https:\/\/nomadheat.com\/es\/wp-json\/wp\/v2\/comments?post=909"}],"wp:featuredmedia":[{"embeddable":true,"href":"https:\/\/nomadheat.com\/es\/wp-json\/wp\/v2\/media\/916"}],"wp:attachment":[{"href":"https:\/\/nomadheat.com\/es\/wp-json\/wp\/v2\/media?parent=909"}],"wp:term":[{"taxonomy":"product_brand","embeddable":true,"href":"https:\/\/nomadheat.com\/es\/wp-json\/wp\/v2\/product_brand?post=909"},{"taxonomy":"product_cat","embeddable":true,"href":"https:\/\/nomadheat.com\/es\/wp-json\/wp\/v2\/product_cat?post=909"},{"taxonomy":"product_tag","embeddable":true,"href":"https:\/\/nomadheat.com\/es\/wp-json\/wp\/v2\/product_tag?post=909"}],"curies":[{"name":"wp","href":"https:\/\/api.w.org\/{rel}","templated":true}]}}