{"id":644,"date":"2022-04-28T17:00:32","date_gmt":"2022-04-28T14:00:32","guid":{"rendered":"https:\/\/nomadheat.com\/?post_type=product&#038;p=644"},"modified":"2024-03-29T15:38:03","modified_gmt":"2024-03-29T13:38:03","slug":"cojin-de-camping","status":"publish","type":"product","link":"https:\/\/nomadheat.com\/es\/shop\/camping-pad\/","title":{"rendered":"Almohadilla de camping"},"content":{"rendered":"<p><strong>TALLAS<\/strong><\/p>\n<ul>\n<li>Twin 38,25 x 75 x 3\u2033 (97 x 190 x 8 cm)<\/li>\n<li>Completo 53 x 75 x 3\u2033 (135 x 190 x 8 cm)<\/li>\n<li>Reina 60 x 80 x 3\u2033 (152 x 203 x 8 cm)<\/li>\n<\/ul>\n<p><strong>CARACTER\u00cdSTICAS<\/strong><br \/>\n- Funda exterior lavable con inserto empenachado en tejido 100% de algod\u00f3n org\u00e1nico (ligero).<br \/>\n- Dise\u00f1o plano, sin mechones visibles.<br \/>\n- Cremalleras en la inserci\u00f3n para acceder al relleno de lana.<br \/>\n- Correas de transporte.<br \/>\n- Lavable a m\u00e1quina: S\u00ed<\/p>\n<p><strong>TEJIDO DE LA FUNDA ZIP-OFF<\/strong><br \/>\n100% Lino, peso medio (certificado Oeko-Tex)<\/p>\n<p><strong>RELLENO<\/strong><br \/>\n100% Lana suelta ecol\u00f3gica (certificado GOTS)<\/p>\n<p><strong>SOSTENIBILIDAD<\/strong><br \/>\nTodos los materiales de este saco de dormir son naturales, biodegradables, sostenibles y renovables.<\/p>\n<p><strong>CUIDADO DEL PRODUCTO<\/strong><br \/>\nNuestros sacos de dormir est\u00e1n fabricados con materiales duraderos de alta calidad. Para disfrutar de ellos durante m\u00e1s tiempo, aseg\u00farese de seguir las <a href=\"https:\/\/nomadheat.com\/es\/atencion\/\">Instrucciones de cuidado<\/a>.<\/p>","protected":false},"excerpt":{"rendered":"<p>Sue\u00f1o extremadamente reparador con la lujosa colchoneta de camping.<br \/>\nUtilizando \u00fanicamente materiales totalmente naturales -lino y lana-, proporciona una regulaci\u00f3n inmejorable de la temperatura y la humedad y cero ruidos para un confort inigualable durante el sue\u00f1o.<br \/>\nAdecuado para viajeros que van de aventuras con tiendas de campa\u00f1a y autocaravanas.<\/p>","protected":false},"featured_media":648,"comment_status":"open","ping_status":"closed","template":"","meta":[],"product_brand":[],"product_cat":[20],"product_tag":[22,33,48,41,42,23,36,39,32,40,49],"class_list":{"0":"post-644","1":"product","2":"type-product","3":"status-publish","4":"has-post-thumbnail","6":"product_cat-accessories","7":"product_tag-camping","8":"product_tag-camping-essentials","9":"product_tag-camping-mattress","10":"product_tag-glamping","11":"product_tag-hiking-trekking","12":"product_tag-outdoor-sleeping","13":"product_tag-outspan","14":"product_tag-overlanding","15":"product_tag-overlanding-gear","16":"product_tag-slow-living","17":"product_tag-tent-pad","19":"first","20":"instock","21":"shipping-taxable","22":"purchasable","23":"product-type-variable"},"yoast_head":"<!-- This site is optimized with the Yoast SEO plugin v27.4 - https:\/\/yoast.com\/product\/yoast-seo-wordpress\/ -->\n<title>Camping Pad | NomadHeat<\/title>\n<meta name=\"description\" content=\"Extremely good restorative sleep with the ultimately luxurious camping pad. Suitable for travelers going on adventures with tents and RVs.\" \/>\n<meta name=\"robots\" content=\"index, follow, max-snippet:-1, max-image-preview:large, max-video-preview:-1\" \/>\n<link rel=\"canonical\" href=\"https:\/\/nomadheat.com\/es\/tienda\/cojin-de-camping\/\" \/>\n<meta property=\"og:locale\" content=\"es_ES\" \/>\n<meta property=\"og:type\" content=\"article\" \/>\n<meta property=\"og:title\" content=\"Camping Pad | NomadHeat\" \/>\n<meta property=\"og:description\" content=\"Extremely good restorative sleep with the ultimately luxurious camping pad. Suitable for travelers going on adventures with tents and RVs.\" \/>\n<meta property=\"og:url\" content=\"https:\/\/nomadheat.com\/es\/tienda\/cojin-de-camping\/\" \/>\n<meta property=\"og:site_name\" content=\"NomadHeat\" \/>\n<meta property=\"article:modified_time\" content=\"2024-03-29T13:38:03+00:00\" \/>\n<meta property=\"og:image\" content=\"https:\/\/nomadheat.com\/wp-content\/uploads\/2022\/04\/Nomad-Heat-Camping-mattress-camping-pad.jpg\" \/>\n\t<meta property=\"og:image:width\" content=\"1300\" \/>\n\t<meta property=\"og:image:height\" content=\"1040\" \/>\n\t<meta property=\"og:image:type\" content=\"image\/jpeg\" \/>\n<meta name=\"twitter:card\" content=\"summary_large_image\" \/>\n<meta name=\"twitter:label1\" content=\"Tiempo de lectura\" \/>\n\t<meta name=\"twitter:data1\" content=\"1 minuto\" \/>\n<script type=\"application\/ld+json\" class=\"yoast-schema-graph\">{\"@context\":\"https:\\\/\\\/schema.org\",\"@graph\":[{\"@type\":\"WebPage\",\"@id\":\"https:\\\/\\\/nomadheat.com\\\/sv\\\/butik\\\/campingdyna\\\/\",\"url\":\"https:\\\/\\\/nomadheat.com\\\/sv\\\/butik\\\/campingdyna\\\/\",\"name\":\"Camping Pad | NomadHeat\",\"isPartOf\":{\"@id\":\"https:\\\/\\\/nomadheat.com\\\/nl\\\/#website\"},\"primaryImageOfPage\":{\"@id\":\"https:\\\/\\\/nomadheat.com\\\/sv\\\/butik\\\/campingdyna\\\/#primaryimage\"},\"image\":{\"@id\":\"https:\\\/\\\/nomadheat.com\\\/sv\\\/butik\\\/campingdyna\\\/#primaryimage\"},\"thumbnailUrl\":\"https:\\\/\\\/nomadheat.com\\\/wp-content\\\/uploads\\\/2022\\\/04\\\/Nomad-Heat-Camping-mattress-camping-pad.jpg\",\"datePublished\":\"2022-04-28T14:00:32+00:00\",\"dateModified\":\"2024-03-29T13:38:03+00:00\",\"description\":\"Extremely good restorative sleep with the ultimately luxurious camping pad. Suitable for travelers going on adventures with tents and RVs.\",\"breadcrumb\":{\"@id\":\"https:\\\/\\\/nomadheat.com\\\/sv\\\/butik\\\/campingdyna\\\/#breadcrumb\"},\"inLanguage\":\"es\",\"potentialAction\":[{\"@type\":\"ReadAction\",\"target\":[\"https:\\\/\\\/nomadheat.com\\\/sv\\\/butik\\\/campingdyna\\\/\"]}]},{\"@type\":\"ImageObject\",\"inLanguage\":\"es\",\"@id\":\"https:\\\/\\\/nomadheat.com\\\/sv\\\/butik\\\/campingdyna\\\/#primaryimage\",\"url\":\"https:\\\/\\\/nomadheat.com\\\/wp-content\\\/uploads\\\/2022\\\/04\\\/Nomad-Heat-Camping-mattress-camping-pad.jpg\",\"contentUrl\":\"https:\\\/\\\/nomadheat.com\\\/wp-content\\\/uploads\\\/2022\\\/04\\\/Nomad-Heat-Camping-mattress-camping-pad.jpg\",\"width\":1300,\"height\":1040,\"caption\":\"Nomad Heat Camping mattress, camping pad\"},{\"@type\":\"BreadcrumbList\",\"@id\":\"https:\\\/\\\/nomadheat.com\\\/sv\\\/butik\\\/campingdyna\\\/#breadcrumb\",\"itemListElement\":[{\"@type\":\"ListItem\",\"position\":1,\"name\":\"Home\",\"item\":\"https:\\\/\\\/nomadheat.com\\\/nl\\\/\"},{\"@type\":\"ListItem\",\"position\":2,\"name\":\"Shop\",\"item\":\"https:\\\/\\\/nomadheat.com\\\/sv\\\/butik\\\/\"},{\"@type\":\"ListItem\",\"position\":3,\"name\":\"Camping Pad\"}]},{\"@type\":\"WebSite\",\"@id\":\"https:\\\/\\\/nomadheat.com\\\/nl\\\/#website\",\"url\":\"https:\\\/\\\/nomadheat.com\\\/nl\\\/\",\"name\":\"NomadHeat\",\"description\":\"Handmade Wool Sleeping Bags\",\"publisher\":{\"@id\":\"https:\\\/\\\/nomadheat.com\\\/nl\\\/#organization\"},\"potentialAction\":[{\"@type\":\"SearchAction\",\"target\":{\"@type\":\"EntryPoint\",\"urlTemplate\":\"https:\\\/\\\/nomadheat.com\\\/nl\\\/?s={search_term_string}\"},\"query-input\":{\"@type\":\"PropertyValueSpecification\",\"valueRequired\":true,\"valueName\":\"search_term_string\"}}],\"inLanguage\":\"es\"},{\"@type\":\"Organization\",\"@id\":\"https:\\\/\\\/nomadheat.com\\\/nl\\\/#organization\",\"name\":\"Nomad Heat\",\"url\":\"https:\\\/\\\/nomadheat.com\\\/nl\\\/\",\"logo\":{\"@type\":\"ImageObject\",\"inLanguage\":\"es\",\"@id\":\"https:\\\/\\\/nomadheat.com\\\/nl\\\/#\\\/schema\\\/logo\\\/image\\\/\",\"url\":\"https:\\\/\\\/nomadheat.com\\\/wp-content\\\/uploads\\\/2021\\\/10\\\/favicon.png\",\"contentUrl\":\"https:\\\/\\\/nomadheat.com\\\/wp-content\\\/uploads\\\/2021\\\/10\\\/favicon.png\",\"width\":512,\"height\":512,\"caption\":\"Nomad Heat\"},\"image\":{\"@id\":\"https:\\\/\\\/nomadheat.com\\\/nl\\\/#\\\/schema\\\/logo\\\/image\\\/\"}}]}<\/script>\n<!-- \/ Yoast SEO plugin. -->","yoast_head_json":{"title":"Almohadilla de camping | NomadHeat","description":"Sue\u00f1o extremadamente reparador con el coj\u00edn de acampada m\u00e1s lujoso. Adecuado para viajeros que van de aventuras con tiendas de campa\u00f1a y autocaravanas.","robots":{"index":"index","follow":"follow","max-snippet":"max-snippet:-1","max-image-preview":"max-image-preview:large","max-video-preview":"max-video-preview:-1"},"canonical":"https:\/\/nomadheat.com\/es\/tienda\/cojin-de-camping\/","og_locale":"es_ES","og_type":"article","og_title":"Camping Pad | NomadHeat","og_description":"Extremely good restorative sleep with the ultimately luxurious camping pad. Suitable for travelers going on adventures with tents and RVs.","og_url":"https:\/\/nomadheat.com\/es\/tienda\/cojin-de-camping\/","og_site_name":"NomadHeat","article_modified_time":"2024-03-29T13:38:03+00:00","og_image":[{"width":1300,"height":1040,"url":"https:\/\/nomadheat.com\/wp-content\/uploads\/2022\/04\/Nomad-Heat-Camping-mattress-camping-pad.jpg","type":"image\/jpeg"}],"twitter_card":"summary_large_image","twitter_misc":{"Tiempo de lectura":"1 minuto"},"schema":{"@context":"https:\/\/schema.org","@graph":[{"@type":"WebPage","@id":"https:\/\/nomadheat.com\/sv\/butik\/campingdyna\/","url":"https:\/\/nomadheat.com\/sv\/butik\/campingdyna\/","name":"Almohadilla de camping | NomadHeat","isPartOf":{"@id":"https:\/\/nomadheat.com\/nl\/#website"},"primaryImageOfPage":{"@id":"https:\/\/nomadheat.com\/sv\/butik\/campingdyna\/#primaryimage"},"image":{"@id":"https:\/\/nomadheat.com\/sv\/butik\/campingdyna\/#primaryimage"},"thumbnailUrl":"https:\/\/nomadheat.com\/wp-content\/uploads\/2022\/04\/Nomad-Heat-Camping-mattress-camping-pad.jpg","datePublished":"2022-04-28T14:00:32+00:00","dateModified":"2024-03-29T13:38:03+00:00","description":"Sue\u00f1o extremadamente reparador con el coj\u00edn de acampada m\u00e1s lujoso. Adecuado para viajeros que van de aventuras con tiendas de campa\u00f1a y autocaravanas.","breadcrumb":{"@id":"https:\/\/nomadheat.com\/sv\/butik\/campingdyna\/#breadcrumb"},"inLanguage":"es","potentialAction":[{"@type":"ReadAction","target":["https:\/\/nomadheat.com\/sv\/butik\/campingdyna\/"]}]},{"@type":"ImageObject","inLanguage":"es","@id":"https:\/\/nomadheat.com\/sv\/butik\/campingdyna\/#primaryimage","url":"https:\/\/nomadheat.com\/wp-content\/uploads\/2022\/04\/Nomad-Heat-Camping-mattress-camping-pad.jpg","contentUrl":"https:\/\/nomadheat.com\/wp-content\/uploads\/2022\/04\/Nomad-Heat-Camping-mattress-camping-pad.jpg","width":1300,"height":1040,"caption":"Nomad Heat Camping mattress, camping pad"},{"@type":"BreadcrumbList","@id":"https:\/\/nomadheat.com\/sv\/butik\/campingdyna\/#breadcrumb","itemListElement":[{"@type":"ListItem","position":1,"name":"Home","item":"https:\/\/nomadheat.com\/nl\/"},{"@type":"ListItem","position":2,"name":"Shop","item":"https:\/\/nomadheat.com\/sv\/butik\/"},{"@type":"ListItem","position":3,"name":"Camping Pad"}]},{"@type":"WebSite","@id":"https:\/\/nomadheat.com\/nl\/#website","url":"https:\/\/nomadheat.com\/nl\/","name":"NomadHeat","description":"Sacos de dormir de lana hechos a mano","publisher":{"@id":"https:\/\/nomadheat.com\/nl\/#organization"},"potentialAction":[{"@type":"SearchAction","target":{"@type":"EntryPoint","urlTemplate":"https:\/\/nomadheat.com\/nl\/?s={search_term_string}"},"query-input":{"@type":"PropertyValueSpecification","valueRequired":true,"valueName":"search_term_string"}}],"inLanguage":"es"},{"@type":"Organization","@id":"https:\/\/nomadheat.com\/nl\/#organization","name":"Calor n\u00f3mada","url":"https:\/\/nomadheat.com\/nl\/","logo":{"@type":"ImageObject","inLanguage":"es","@id":"https:\/\/nomadheat.com\/nl\/#\/schema\/logo\/image\/","url":"https:\/\/nomadheat.com\/wp-content\/uploads\/2021\/10\/favicon.png","contentUrl":"https:\/\/nomadheat.com\/wp-content\/uploads\/2021\/10\/favicon.png","width":512,"height":512,"caption":"Nomad Heat"},"image":{"@id":"https:\/\/nomadheat.com\/nl\/#\/schema\/logo\/image\/"}}]}},"_links":{"self":[{"href":"https:\/\/nomadheat.com\/es\/wp-json\/wp\/v2\/product\/644","targetHints":{"allow":["GET"]}}],"collection":[{"href":"https:\/\/nomadheat.com\/es\/wp-json\/wp\/v2\/product"}],"about":[{"href":"https:\/\/nomadheat.com\/es\/wp-json\/wp\/v2\/types\/product"}],"replies":[{"embeddable":true,"href":"https:\/\/nomadheat.com\/es\/wp-json\/wp\/v2\/comments?post=644"}],"wp:featuredmedia":[{"embeddable":true,"href":"https:\/\/nomadheat.com\/es\/wp-json\/wp\/v2\/media\/648"}],"wp:attachment":[{"href":"https:\/\/nomadheat.com\/es\/wp-json\/wp\/v2\/media?parent=644"}],"wp:term":[{"taxonomy":"product_brand","embeddable":true,"href":"https:\/\/nomadheat.com\/es\/wp-json\/wp\/v2\/product_brand?post=644"},{"taxonomy":"product_cat","embeddable":true,"href":"https:\/\/nomadheat.com\/es\/wp-json\/wp\/v2\/product_cat?post=644"},{"taxonomy":"product_tag","embeddable":true,"href":"https:\/\/nomadheat.com\/es\/wp-json\/wp\/v2\/product_tag?post=644"}],"curies":[{"name":"wp","href":"https:\/\/api.w.org\/{rel}","templated":true}]}}