{"id":585,"date":"2022-03-24T15:54:23","date_gmt":"2022-03-24T13:54:23","guid":{"rendered":"https:\/\/nomadheat.com\/?post_type=product&#038;p=585"},"modified":"2025-03-06T11:51:09","modified_gmt":"2025-03-06T09:51:09","slug":"saco-de-dormir-de-lana-para-ninos","status":"publish","type":"product","link":"https:\/\/nomadheat.com\/es\/shop\/childrens-wool-sleeping-bag\/","title":{"rendered":"Saco de dormir infantil Trek Pro Wool"},"content":{"rendered":"<p><strong>CARACTER\u00cdSTICAS<\/strong><br \/>\n- En el interior, lujoso tejido de seda de morera natural y guata de lana<br \/>\n- Capota fija o desmontable opcional, que reduce el ruido y aumenta la comodidad<br \/>\n- Cord\u00f3n de ajuste en la capucha y el cuello aislante para facilitar el ajuste<br \/>\n- Cuelgue los bucles de ventilaci\u00f3n<br \/>\n- Bolsa de compresi\u00f3n<br \/>\n- Regulaci\u00f3n clim\u00e1tica con cremallera central de 2 v\u00edas<br \/>\n- La cremallera YKK evita que se atasque el material<br \/>\n- Bolsillo interior para guardar objetos de valor<br \/>\n- Reposapi\u00e9s rectangular para mayor comodidad sin peso adicional<\/p>\n<p>Punto m\u00e1s ancho - en el centro alrededor de los brazos: 58 cm<\/p>\n<p>Longitud (desde la parte superior de la cremallera hasta el pie):<br \/>\n- 148 cm<br \/>\n- cualquier longitud por encargo<\/p>\n<p><strong>MATERIALES<\/strong><br \/>\nCarcasa: 100% Seda de morera natural<br \/>\nForro: 100% Seda de morera natural<br \/>\nRelleno: Lana org\u00e1nica 100% (certificado GOTS)<br \/>\nLavable a m\u00e1quina: S\u00ed<br \/>\nCOV, HAP, sint\u00e9ticos, sin productos qu\u00edmicos<\/p>\n<p><strong>SOSTENIBILIDAD<\/strong><br \/>\nTodos los materiales de este saco de dormir son naturales, biodegradables, sostenibles y renovables.<\/p>\n<p><strong>CUIDADO DEL PRODUCTO<\/strong><br \/>\nNuestros sacos de dormir est\u00e1n fabricados con materiales duraderos de alta calidad. Para disfrutar de ellos durante m\u00e1s tiempo, aseg\u00farese de seguir las <a href=\"https:\/\/nomadheat.com\/es\/atencion\/\">Instrucciones de cuidado<\/a>.<\/p>","protected":false},"excerpt":{"rendered":"<p>Un sue\u00f1o extremadamente reparador con el lujoso saco de dormir de lana para ni\u00f1os.<br \/>\nUtilizando \u00fanicamente materiales totalmente naturales -seda de morera y lana-, proporciona una regulaci\u00f3n inmejorable de la temperatura y la humedad y cero ruidos para un confort inigualable durante el sue\u00f1o.<br \/>\nAdecuado para viajeros que van de aventuras con tiendas de campa\u00f1a y autocaravanas.<\/p>","protected":false},"featured_media":592,"comment_status":"open","ping_status":"closed","template":"","meta":[],"product_brand":[],"product_cat":[19],"product_tag":[35,22,33,41,42,51,23,36,39,32,26,40,21,50],"class_list":{"0":"post-585","1":"product","2":"type-product","3":"status-publish","4":"has-post-thumbnail","6":"product_cat-sleeping-bags","7":"product_tag-bivouac","8":"product_tag-camping","9":"product_tag-camping-essentials","10":"product_tag-glamping","11":"product_tag-hiking-trekking","12":"product_tag-organic-wool-sleeping-bag","13":"product_tag-outdoor-sleeping","14":"product_tag-outspan","15":"product_tag-overlanding","16":"product_tag-overlanding-gear","17":"product_tag-sleeping-bags-for-adults","18":"product_tag-slow-living","19":"product_tag-summer-sleeping-bag","20":"product_tag-wool-sleep-sack","22":"first","23":"instock","24":"shipping-taxable","25":"purchasable","26":"product-type-variable"},"yoast_head":"<!-- This site is optimized with the Yoast SEO plugin v27.3 - https:\/\/yoast.com\/product\/yoast-seo-wordpress\/ -->\n<title>Children&#039;s Trek Pro Wool Sleeping Bag | NomadHeat<\/title>\n<meta name=\"description\" content=\"Extremely good restorative sleep with the ultimately luxurious children&#039;s wool sleeping bag. Handmade using only all-natural materials.\" \/>\n<meta name=\"robots\" content=\"index, follow, max-snippet:-1, max-image-preview:large, max-video-preview:-1\" \/>\n<link rel=\"canonical\" href=\"https:\/\/nomadheat.com\/es\/tienda\/saco-de-dormir-de-lana-para-ninos\/\" \/>\n<meta property=\"og:locale\" content=\"es_ES\" \/>\n<meta property=\"og:type\" content=\"article\" \/>\n<meta property=\"og:title\" content=\"Children&#039;s Trek Pro Wool Sleeping Bag | NomadHeat\" \/>\n<meta property=\"og:description\" content=\"Extremely good restorative sleep with the ultimately luxurious children&#039;s wool sleeping bag. Handmade using only all-natural materials.\" \/>\n<meta property=\"og:url\" content=\"https:\/\/nomadheat.com\/es\/tienda\/saco-de-dormir-de-lana-para-ninos\/\" \/>\n<meta property=\"og:site_name\" content=\"NomadHeat\" \/>\n<meta property=\"article:modified_time\" content=\"2025-03-06T09:51:09+00:00\" \/>\n<meta property=\"og:image\" content=\"https:\/\/nomadheat.com\/wp-content\/uploads\/2022\/03\/Nomad-Heat-Childrens-Wool-Sleeping-Bag-Trek-Pro.jpg\" \/>\n\t<meta property=\"og:image:width\" content=\"1300\" \/>\n\t<meta property=\"og:image:height\" content=\"1040\" \/>\n\t<meta property=\"og:image:type\" content=\"image\/jpeg\" \/>\n<meta name=\"twitter:card\" content=\"summary_large_image\" \/>\n<meta name=\"twitter:label1\" content=\"Tiempo de lectura\" \/>\n\t<meta name=\"twitter:data1\" content=\"1 minuto\" \/>\n<script type=\"application\/ld+json\" class=\"yoast-schema-graph\">{\"@context\":\"https:\\\/\\\/schema.org\",\"@graph\":[{\"@type\":\"WebPage\",\"@id\":\"https:\\\/\\\/nomadheat.com\\\/nb\\\/butikk\\\/sovepose-i-ull-for-barn\\\/\",\"url\":\"https:\\\/\\\/nomadheat.com\\\/nb\\\/butikk\\\/sovepose-i-ull-for-barn\\\/\",\"name\":\"Children's Trek Pro Wool Sleeping Bag | NomadHeat\",\"isPartOf\":{\"@id\":\"https:\\\/\\\/nomadheat.com\\\/nl\\\/#website\"},\"primaryImageOfPage\":{\"@id\":\"https:\\\/\\\/nomadheat.com\\\/nb\\\/butikk\\\/sovepose-i-ull-for-barn\\\/#primaryimage\"},\"image\":{\"@id\":\"https:\\\/\\\/nomadheat.com\\\/nb\\\/butikk\\\/sovepose-i-ull-for-barn\\\/#primaryimage\"},\"thumbnailUrl\":\"https:\\\/\\\/nomadheat.com\\\/wp-content\\\/uploads\\\/2022\\\/03\\\/Nomad-Heat-Childrens-Wool-Sleeping-Bag-Trek-Pro.jpg\",\"datePublished\":\"2022-03-24T13:54:23+00:00\",\"dateModified\":\"2025-03-06T09:51:09+00:00\",\"description\":\"Extremely good restorative sleep with the ultimately luxurious children's wool sleeping bag. Handmade using only all-natural materials.\",\"breadcrumb\":{\"@id\":\"https:\\\/\\\/nomadheat.com\\\/nb\\\/butikk\\\/sovepose-i-ull-for-barn\\\/#breadcrumb\"},\"inLanguage\":\"es\",\"potentialAction\":[{\"@type\":\"ReadAction\",\"target\":[\"https:\\\/\\\/nomadheat.com\\\/nb\\\/butikk\\\/sovepose-i-ull-for-barn\\\/\"]}]},{\"@type\":\"ImageObject\",\"inLanguage\":\"es\",\"@id\":\"https:\\\/\\\/nomadheat.com\\\/nb\\\/butikk\\\/sovepose-i-ull-for-barn\\\/#primaryimage\",\"url\":\"https:\\\/\\\/nomadheat.com\\\/wp-content\\\/uploads\\\/2022\\\/03\\\/Nomad-Heat-Childrens-Wool-Sleeping-Bag-Trek-Pro.jpg\",\"contentUrl\":\"https:\\\/\\\/nomadheat.com\\\/wp-content\\\/uploads\\\/2022\\\/03\\\/Nomad-Heat-Childrens-Wool-Sleeping-Bag-Trek-Pro.jpg\",\"width\":1300,\"height\":1040,\"caption\":\"Nomad Heat Children's Wool Sleeping Bag Trek Pro\"},{\"@type\":\"BreadcrumbList\",\"@id\":\"https:\\\/\\\/nomadheat.com\\\/nb\\\/butikk\\\/sovepose-i-ull-for-barn\\\/#breadcrumb\",\"itemListElement\":[{\"@type\":\"ListItem\",\"position\":1,\"name\":\"Home\",\"item\":\"https:\\\/\\\/nomadheat.com\\\/nl\\\/\"},{\"@type\":\"ListItem\",\"position\":2,\"name\":\"Shop\",\"item\":\"https:\\\/\\\/nomadheat.com\\\/sv\\\/butik\\\/\"},{\"@type\":\"ListItem\",\"position\":3,\"name\":\"Children&#8217;s Trek Pro Wool Sleeping Bag\"}]},{\"@type\":\"WebSite\",\"@id\":\"https:\\\/\\\/nomadheat.com\\\/nl\\\/#website\",\"url\":\"https:\\\/\\\/nomadheat.com\\\/nl\\\/\",\"name\":\"NomadHeat\",\"description\":\"Handmade Wool Sleeping Bags\",\"publisher\":{\"@id\":\"https:\\\/\\\/nomadheat.com\\\/nl\\\/#organization\"},\"potentialAction\":[{\"@type\":\"SearchAction\",\"target\":{\"@type\":\"EntryPoint\",\"urlTemplate\":\"https:\\\/\\\/nomadheat.com\\\/nl\\\/?s={search_term_string}\"},\"query-input\":{\"@type\":\"PropertyValueSpecification\",\"valueRequired\":true,\"valueName\":\"search_term_string\"}}],\"inLanguage\":\"es\"},{\"@type\":\"Organization\",\"@id\":\"https:\\\/\\\/nomadheat.com\\\/nl\\\/#organization\",\"name\":\"Nomad Heat\",\"url\":\"https:\\\/\\\/nomadheat.com\\\/nl\\\/\",\"logo\":{\"@type\":\"ImageObject\",\"inLanguage\":\"es\",\"@id\":\"https:\\\/\\\/nomadheat.com\\\/nl\\\/#\\\/schema\\\/logo\\\/image\\\/\",\"url\":\"https:\\\/\\\/nomadheat.com\\\/wp-content\\\/uploads\\\/2021\\\/10\\\/favicon.png\",\"contentUrl\":\"https:\\\/\\\/nomadheat.com\\\/wp-content\\\/uploads\\\/2021\\\/10\\\/favicon.png\",\"width\":512,\"height\":512,\"caption\":\"Nomad Heat\"},\"image\":{\"@id\":\"https:\\\/\\\/nomadheat.com\\\/nl\\\/#\\\/schema\\\/logo\\\/image\\\/\"}}]}<\/script>\n<!-- \/ Yoast SEO plugin. -->","yoast_head_json":{"title":"Saco de dormir infantil Trek Pro Wool | NomadHeat","description":"Un sue\u00f1o extremadamente reparador con el lujoso saco de dormir de lana para ni\u00f1os. Hecho a mano con materiales naturales.","robots":{"index":"index","follow":"follow","max-snippet":"max-snippet:-1","max-image-preview":"max-image-preview:large","max-video-preview":"max-video-preview:-1"},"canonical":"https:\/\/nomadheat.com\/es\/tienda\/saco-de-dormir-de-lana-para-ninos\/","og_locale":"es_ES","og_type":"article","og_title":"Children's Trek Pro Wool Sleeping Bag | NomadHeat","og_description":"Extremely good restorative sleep with the ultimately luxurious children's wool sleeping bag. Handmade using only all-natural materials.","og_url":"https:\/\/nomadheat.com\/es\/tienda\/saco-de-dormir-de-lana-para-ninos\/","og_site_name":"NomadHeat","article_modified_time":"2025-03-06T09:51:09+00:00","og_image":[{"width":1300,"height":1040,"url":"https:\/\/nomadheat.com\/wp-content\/uploads\/2022\/03\/Nomad-Heat-Childrens-Wool-Sleeping-Bag-Trek-Pro.jpg","type":"image\/jpeg"}],"twitter_card":"summary_large_image","twitter_misc":{"Tiempo de lectura":"1 minuto"},"schema":{"@context":"https:\/\/schema.org","@graph":[{"@type":"WebPage","@id":"https:\/\/nomadheat.com\/nb\/butikk\/sovepose-i-ull-for-barn\/","url":"https:\/\/nomadheat.com\/nb\/butikk\/sovepose-i-ull-for-barn\/","name":"Saco de dormir infantil Trek Pro Wool | NomadHeat","isPartOf":{"@id":"https:\/\/nomadheat.com\/nl\/#website"},"primaryImageOfPage":{"@id":"https:\/\/nomadheat.com\/nb\/butikk\/sovepose-i-ull-for-barn\/#primaryimage"},"image":{"@id":"https:\/\/nomadheat.com\/nb\/butikk\/sovepose-i-ull-for-barn\/#primaryimage"},"thumbnailUrl":"https:\/\/nomadheat.com\/wp-content\/uploads\/2022\/03\/Nomad-Heat-Childrens-Wool-Sleeping-Bag-Trek-Pro.jpg","datePublished":"2022-03-24T13:54:23+00:00","dateModified":"2025-03-06T09:51:09+00:00","description":"Un sue\u00f1o extremadamente reparador con el lujoso saco de dormir de lana para ni\u00f1os. Hecho a mano con materiales naturales.","breadcrumb":{"@id":"https:\/\/nomadheat.com\/nb\/butikk\/sovepose-i-ull-for-barn\/#breadcrumb"},"inLanguage":"es","potentialAction":[{"@type":"ReadAction","target":["https:\/\/nomadheat.com\/nb\/butikk\/sovepose-i-ull-for-barn\/"]}]},{"@type":"ImageObject","inLanguage":"es","@id":"https:\/\/nomadheat.com\/nb\/butikk\/sovepose-i-ull-for-barn\/#primaryimage","url":"https:\/\/nomadheat.com\/wp-content\/uploads\/2022\/03\/Nomad-Heat-Childrens-Wool-Sleeping-Bag-Trek-Pro.jpg","contentUrl":"https:\/\/nomadheat.com\/wp-content\/uploads\/2022\/03\/Nomad-Heat-Childrens-Wool-Sleeping-Bag-Trek-Pro.jpg","width":1300,"height":1040,"caption":"Nomad Heat Children's Wool Sleeping Bag Trek Pro"},{"@type":"BreadcrumbList","@id":"https:\/\/nomadheat.com\/nb\/butikk\/sovepose-i-ull-for-barn\/#breadcrumb","itemListElement":[{"@type":"ListItem","position":1,"name":"Home","item":"https:\/\/nomadheat.com\/nl\/"},{"@type":"ListItem","position":2,"name":"Shop","item":"https:\/\/nomadheat.com\/sv\/butik\/"},{"@type":"ListItem","position":3,"name":"Children&#8217;s Trek Pro Wool Sleeping Bag"}]},{"@type":"WebSite","@id":"https:\/\/nomadheat.com\/nl\/#website","url":"https:\/\/nomadheat.com\/nl\/","name":"NomadHeat","description":"Sacos de dormir de lana hechos a mano","publisher":{"@id":"https:\/\/nomadheat.com\/nl\/#organization"},"potentialAction":[{"@type":"SearchAction","target":{"@type":"EntryPoint","urlTemplate":"https:\/\/nomadheat.com\/nl\/?s={search_term_string}"},"query-input":{"@type":"PropertyValueSpecification","valueRequired":true,"valueName":"search_term_string"}}],"inLanguage":"es"},{"@type":"Organization","@id":"https:\/\/nomadheat.com\/nl\/#organization","name":"Calor n\u00f3mada","url":"https:\/\/nomadheat.com\/nl\/","logo":{"@type":"ImageObject","inLanguage":"es","@id":"https:\/\/nomadheat.com\/nl\/#\/schema\/logo\/image\/","url":"https:\/\/nomadheat.com\/wp-content\/uploads\/2021\/10\/favicon.png","contentUrl":"https:\/\/nomadheat.com\/wp-content\/uploads\/2021\/10\/favicon.png","width":512,"height":512,"caption":"Nomad Heat"},"image":{"@id":"https:\/\/nomadheat.com\/nl\/#\/schema\/logo\/image\/"}}]}},"_links":{"self":[{"href":"https:\/\/nomadheat.com\/es\/wp-json\/wp\/v2\/product\/585","targetHints":{"allow":["GET"]}}],"collection":[{"href":"https:\/\/nomadheat.com\/es\/wp-json\/wp\/v2\/product"}],"about":[{"href":"https:\/\/nomadheat.com\/es\/wp-json\/wp\/v2\/types\/product"}],"replies":[{"embeddable":true,"href":"https:\/\/nomadheat.com\/es\/wp-json\/wp\/v2\/comments?post=585"}],"wp:featuredmedia":[{"embeddable":true,"href":"https:\/\/nomadheat.com\/es\/wp-json\/wp\/v2\/media\/592"}],"wp:attachment":[{"href":"https:\/\/nomadheat.com\/es\/wp-json\/wp\/v2\/media?parent=585"}],"wp:term":[{"taxonomy":"product_brand","embeddable":true,"href":"https:\/\/nomadheat.com\/es\/wp-json\/wp\/v2\/product_brand?post=585"},{"taxonomy":"product_cat","embeddable":true,"href":"https:\/\/nomadheat.com\/es\/wp-json\/wp\/v2\/product_cat?post=585"},{"taxonomy":"product_tag","embeddable":true,"href":"https:\/\/nomadheat.com\/es\/wp-json\/wp\/v2\/product_tag?post=585"}],"curies":[{"name":"wp","href":"https:\/\/api.w.org\/{rel}","templated":true}]}}