{"id":428,"date":"2021-11-05T17:21:12","date_gmt":"2021-11-05T15:21:12","guid":{"rendered":"https:\/\/nomadheat.com\/?page_id=428"},"modified":"2022-11-14T15:52:44","modified_gmt":"2022-11-14T13:52:44","slug":"beneficios","status":"publish","type":"page","link":"https:\/\/nomadheat.com\/es\/benefits\/","title":{"rendered":"Los beneficios de las fibras naturales"},"content":{"rendered":"<div class=\"wpb-content-wrapper\"><div  class=\"sec_row container\"><div class=\"vc_row wpb_row vc_row-fluid vc_row-o-equal-height vc_row-flex\"><div class=\"wpb_column vc_column_container vc_col-sm-6 et-dark-column\"><div class=\"vc_column-inner\"><div class=\"wpb_wrapper\">\n\t<div class=\"wpb_text_column wpb_content_element\" >\n\t\t<div class=\"wpb_wrapper\">\n\t\t\t<h3>Las ventajas de la lana y el rebozado de lana<\/h3>\n<ul>\n<li><strong>Sostenibilidad medioambiental<\/strong><strong>, <\/strong><strong>Renovable, biodegradable y duradero<\/strong>- La lana es dif\u00edcilmente cuestionable por su sostenibilidad. Es un material renovable, ya que una vez cortada vuelve a crecer de forma natural. Al final de su vida \u00fatil, la lana es totalmente biodegradable en el suelo (y el agua), liberando en \u00e9l importantes nutrientes. Su durabilidad y resistencia se deben a que las fibras pueden doblarse sobre s\u00ed mismas 20.000 veces antes de romperse (para ponerlo en contexto, el algod\u00f3n se rompe despu\u00e9s de 3.200 dobleces y las fibras de ray\u00f3n s\u00f3lo duran 75 veces).<\/li>\n<li><strong>Hipoalerg\u00e9nico<\/strong>- Los \u00e1caros del polvo prosperan en un entorno c\u00e1lido y h\u00famedo y son la principal causa de alergias y asma. El plum\u00f3n y los materiales sint\u00e9ticos en la ropa de cama son uno de sus entornos favoritos. La lana es naturalmente resistente a los \u00e1caros del polvo, por lo que la ropa de cama y los sacos de dormir de lana son una alternativa maravillosa a las plumas y los sint\u00e9ticos.<\/li>\n<li><strong>Regulaci\u00f3n de temperatura<\/strong>- Al ser un escudo para todo tipo de clima, la lana mantiene el frescor en verano y el calor en invierno.<\/li>\n<li><strong>Repelente al agua<\/strong>- La lana mantiene la humedad exterior alejada de la piel y, al mismo tiempo, evacua la transpiraci\u00f3n, manteniendo as\u00ed el cuerpo caliente y seco.<\/li>\n<li><strong>Resistente al fuego<\/strong>- La lana es ign\u00edfuga por naturaleza, por lo que no es necesario a\u00f1adirle productos qu\u00edmicos cuando se utiliza en la ropa de cama.<\/li>\n<li><strong>Resistente al moho<\/strong>- Las fibras de lana tienen una propiedad natural de evacuaci\u00f3n del agua que impide que la humedad quede retenida en el tejido. Adem\u00e1s de mantener la piel seca, esta cualidad tambi\u00e9n inhibe el moho de forma natural. Por eso tambi\u00e9n inhibe cualquier bacteria y disminuye as\u00ed el olor corporal.<\/li>\n<\/ul>\n<p><strong>\u00a0<\/strong><\/p>\n\n\t\t<\/div>\n\t<\/div>\n<\/div><\/div><\/div><div class=\"wpb_column vc_column_container vc_col-sm-6 et-dark-column\"><div class=\"vc_column-inner\"><div class=\"wpb_wrapper\">\n\t<div  class=\"wpb_single_image wpb_content_element vc_align_left wpb_content_element\">\n\t\t\n\t\t<figure class=\"wpb_wrapper vc_figure\">\n\t\t\t<div class=\"vc_single_image-wrapper   vc_box_border_grey\"><img decoding=\"async\" data-vc-zoom=\"https:\/\/nomadheat.com\/wp-content\/uploads\/2021\/11\/Nomad-Heat-materials-wool-1024x683.jpg\" width=\"1024\" height=\"683\" data-src=\"https:\/\/nomadheat.com\/wp-content\/uploads\/2021\/11\/Nomad-Heat-materials-wool-1024x683.jpg\" class=\"vc_single_image-img attachment-large lazyload\" alt=\"Nomad Heat materiales - lana\" title=\"Nomad Heat materiales - lana\" data-srcset=\"https:\/\/nomadheat.com\/wp-content\/uploads\/2021\/11\/Nomad-Heat-materials-wool-1024x683.jpg 1024w, https:\/\/nomadheat.com\/wp-content\/uploads\/2021\/11\/Nomad-Heat-materials-wool-300x200.jpg 300w, https:\/\/nomadheat.com\/wp-content\/uploads\/2021\/11\/Nomad-Heat-materials-wool-768x512.jpg 768w, https:\/\/nomadheat.com\/wp-content\/uploads\/2021\/11\/Nomad-Heat-materials-wool-150x100.jpg 150w, https:\/\/nomadheat.com\/wp-content\/uploads\/2021\/11\/Nomad-Heat-materials-wool-600x400.jpg 600w, https:\/\/nomadheat.com\/wp-content\/uploads\/2021\/11\/Nomad-Heat-materials-wool-900x600.jpg 900w, https:\/\/nomadheat.com\/wp-content\/uploads\/2021\/11\/Nomad-Heat-materials-wool.jpg 1300w\" data-sizes=\"(max-width: 1024px) 100vw, 1024px\" src=\"data:image\/svg+xml;base64,PHN2ZyB3aWR0aD0iMSIgaGVpZ2h0PSIxIiB4bWxucz0iaHR0cDovL3d3dy53My5vcmcvMjAwMC9zdmciPjwvc3ZnPg==\" style=\"--smush-placeholder-width: 1024px; --smush-placeholder-aspect-ratio: 1024\/683;\" \/><\/div>\n\t\t<\/figure>\n\t<\/div>\n<\/div><\/div><\/div><\/div><\/div><div  class=\"sec_row container\"><div class=\"vc_row wpb_row vc_row-fluid\"><div class=\"wpb_column vc_column_container vc_col-sm-6 et-dark-column\"><div class=\"vc_column-inner\"><div class=\"wpb_wrapper\">\n\t<div class=\"wpb_text_column wpb_content_element\" >\n\t\t<div class=\"wpb_wrapper\">\n\t\t\t<h3>Las ventajas del lino<\/h3>\n<ul>\n<li><strong>Sostenible y biodegradable<\/strong> - <strong>toda la planta de lino puede tejerse en una fibra<\/strong> sin residuos durante el proceso. El lino crece sin necesidad de fertilizantes ni pesticidas, por lo que no necesita mucha agua.<\/li>\n<li><strong>Duradero<\/strong> - el lino es dos veces m\u00e1s resistente que el algod\u00f3n y puede durar d\u00e9cadas<\/li>\n<li><strong>Antimicrobiano y antibacteriano<\/strong> - esto hace que el tejido sea perfecto para las personas al\u00e9rgicas.<\/li>\n<li><strong>Muy transpirable<\/strong> - te mantiene caliente en invierno y fresco en verano.<\/li>\n<li><strong>F\u00e1cil de mantener<\/strong> - El lino resiste las manchas como ning\u00fan otro tejido, por lo que es muy f\u00e1cil mantenerlo limpio.<\/li>\n<li><strong>Una textura que ofrece un ligero efecto de masaje<\/strong> - estimulando as\u00ed el flujo sangu\u00edneo y favoreciendo la relajaci\u00f3n.<\/li>\n<\/ul>\n<p><strong>\u00a0<\/strong><\/p>\n\n\t\t<\/div>\n\t<\/div>\n<\/div><\/div><\/div><div class=\"wpb_column vc_column_container vc_col-sm-6 et-dark-column\"><div class=\"vc_column-inner\"><div class=\"wpb_wrapper\">\n\t<div  class=\"wpb_single_image wpb_content_element vc_align_left wpb_content_element\">\n\t\t\n\t\t<figure class=\"wpb_wrapper vc_figure\">\n\t\t\t<div class=\"vc_single_image-wrapper   vc_box_border_grey\"><img decoding=\"async\" data-vc-zoom=\"https:\/\/nomadheat.com\/wp-content\/uploads\/2021\/11\/Nomad-Heat-materials-linen-1024x683.jpg\" width=\"1024\" height=\"683\" data-src=\"https:\/\/nomadheat.com\/wp-content\/uploads\/2021\/11\/Nomad-Heat-materials-linen-1024x683.jpg\" class=\"vc_single_image-img attachment-large lazyload\" alt=\"Nomad Heat materiales - lino\" title=\"Nomad Heat materiales - lino\" data-srcset=\"https:\/\/nomadheat.com\/wp-content\/uploads\/2021\/11\/Nomad-Heat-materials-linen-1024x683.jpg 1024w, https:\/\/nomadheat.com\/wp-content\/uploads\/2021\/11\/Nomad-Heat-materials-linen-300x200.jpg 300w, https:\/\/nomadheat.com\/wp-content\/uploads\/2021\/11\/Nomad-Heat-materials-linen-768x512.jpg 768w, https:\/\/nomadheat.com\/wp-content\/uploads\/2021\/11\/Nomad-Heat-materials-linen-150x100.jpg 150w, https:\/\/nomadheat.com\/wp-content\/uploads\/2021\/11\/Nomad-Heat-materials-linen-600x400.jpg 600w, https:\/\/nomadheat.com\/wp-content\/uploads\/2021\/11\/Nomad-Heat-materials-linen-900x600.jpg 900w, https:\/\/nomadheat.com\/wp-content\/uploads\/2021\/11\/Nomad-Heat-materials-linen.jpg 1300w\" data-sizes=\"(max-width: 1024px) 100vw, 1024px\" src=\"data:image\/svg+xml;base64,PHN2ZyB3aWR0aD0iMSIgaGVpZ2h0PSIxIiB4bWxucz0iaHR0cDovL3d3dy53My5vcmcvMjAwMC9zdmciPjwvc3ZnPg==\" style=\"--smush-placeholder-width: 1024px; --smush-placeholder-aspect-ratio: 1024\/683;\" \/><\/div>\n\t\t<\/figure>\n\t<\/div>\n<\/div><\/div><\/div><\/div><\/div><div  class=\"sec_row container\"><div class=\"vc_row wpb_row vc_row-fluid\"><div class=\"wpb_column vc_column_container vc_col-sm-12 et-dark-column\"><div class=\"vc_column-inner\"><div class=\"wpb_wrapper\"><div class=\"vc_empty_space\"   style=\"height: 32px\"><span class=\"vc_empty_space_inner\"><\/span><\/div><\/div><\/div><\/div><\/div><\/div><div  class=\"sec_row container\"><div class=\"vc_row wpb_row vc_row-fluid\"><div class=\"wpb_column vc_column_container vc_col-sm-6 et-dark-column\"><div class=\"vc_column-inner\"><div class=\"wpb_wrapper\">\n\t<div class=\"wpb_text_column wpb_content_element\" >\n\t\t<div class=\"wpb_wrapper\">\n\t\t\t<h3>Los beneficios de la seda<\/h3>\n<ul>\n<li><strong>Disuasor natural de \u00e1caros, moho y hongos <\/strong>- perfecto para personas al\u00e9rgicas y asm\u00e1ticas.<\/li>\n<li><strong>Totalmente natural y que retiene por completo los preciados amino\u00e1cidos<\/strong> - la esencia de los beneficios de la seda Los amino\u00e1cidos de la seda son muy beneficiosos y saludables para la piel, el cabello y el sistema nervioso.<\/li>\n<li><strong>Transpirable y termorregulador<\/strong> - permiti\u00e9ndole dormir m\u00e1s profundamente y despertarse m\u00e1s descansado.<\/li>\n<li><strong>Suave al tacto <\/strong>- pero no resbaladizo como el sat\u00e9n y los sint\u00e9ticos.<\/li>\n<\/ul>\n\n\t\t<\/div>\n\t<\/div>\n<\/div><\/div><\/div><div class=\"wpb_column vc_column_container vc_col-sm-6 et-dark-column\"><div class=\"vc_column-inner\"><div class=\"wpb_wrapper\">\n\t<div  class=\"wpb_single_image wpb_content_element vc_align_left wpb_content_element\">\n\t\t\n\t\t<figure class=\"wpb_wrapper vc_figure\">\n\t\t\t<div class=\"vc_single_image-wrapper   vc_box_border_grey\"><img decoding=\"async\" data-vc-zoom=\"https:\/\/nomadheat.com\/wp-content\/uploads\/2021\/11\/Nomad-Heat-materials-silk-1024x683.jpg\" width=\"1024\" height=\"683\" data-src=\"https:\/\/nomadheat.com\/wp-content\/uploads\/2021\/11\/Nomad-Heat-materials-silk-1024x683.jpg\" class=\"vc_single_image-img attachment-large lazyload\" alt=\"Nomad Heat materiales - seda\" title=\"Nomad Heat materiales - seda\" data-srcset=\"https:\/\/nomadheat.com\/wp-content\/uploads\/2021\/11\/Nomad-Heat-materials-silk-1024x683.jpg 1024w, https:\/\/nomadheat.com\/wp-content\/uploads\/2021\/11\/Nomad-Heat-materials-silk-300x200.jpg 300w, https:\/\/nomadheat.com\/wp-content\/uploads\/2021\/11\/Nomad-Heat-materials-silk-768x512.jpg 768w, https:\/\/nomadheat.com\/wp-content\/uploads\/2021\/11\/Nomad-Heat-materials-silk-150x100.jpg 150w, https:\/\/nomadheat.com\/wp-content\/uploads\/2021\/11\/Nomad-Heat-materials-silk-600x400.jpg 600w, https:\/\/nomadheat.com\/wp-content\/uploads\/2021\/11\/Nomad-Heat-materials-silk-900x600.jpg 900w, https:\/\/nomadheat.com\/wp-content\/uploads\/2021\/11\/Nomad-Heat-materials-silk.jpg 1300w\" data-sizes=\"(max-width: 1024px) 100vw, 1024px\" src=\"data:image\/svg+xml;base64,PHN2ZyB3aWR0aD0iMSIgaGVpZ2h0PSIxIiB4bWxucz0iaHR0cDovL3d3dy53My5vcmcvMjAwMC9zdmciPjwvc3ZnPg==\" style=\"--smush-placeholder-width: 1024px; --smush-placeholder-aspect-ratio: 1024\/683;\" \/><\/div>\n\t\t<\/figure>\n\t<\/div>\n<\/div><\/div><\/div><\/div><\/div>\n<\/div>","protected":false},"excerpt":{"rendered":"The benefits of wool &amp; wool batting Environmentally Sustainable, Renewable, Biodegradable, and Durable\u2013 Wool is hard to challenge for its sustainability. It is a renewable material as once cut it grows back naturally. At the end of its life, wool is fully biodegradable in soil (and water), releasing important nutrients [...]","protected":false},"author":4,"featured_media":0,"parent":0,"menu_order":0,"comment_status":"closed","ping_status":"closed","template":"","meta":{"footnotes":""},"class_list":["post-428","page","type-page","status-publish","hentry"],"yoast_head":"<!-- This site is optimized with the Yoast SEO plugin v27.3 - https:\/\/yoast.com\/product\/yoast-seo-wordpress\/ -->\n<title>The benefits of natural fibers | NomadHeat<\/title>\n<meta name=\"description\" content=\"Wonder what are the benefits of natural fibers and how choosing them will improve your sleep? Read all about wool, silk and linen here\" \/>\n<meta name=\"robots\" content=\"index, follow, max-snippet:-1, max-image-preview:large, max-video-preview:-1\" \/>\n<link rel=\"canonical\" href=\"https:\/\/nomadheat.com\/es\/beneficios\/\" \/>\n<meta property=\"og:locale\" content=\"es_ES\" \/>\n<meta property=\"og:type\" content=\"article\" \/>\n<meta property=\"og:title\" content=\"The benefits of natural fibers | NomadHeat\" \/>\n<meta property=\"og:description\" content=\"Wonder what are the benefits of natural fibers and how choosing them will improve your sleep? Read all about wool, silk and linen here\" \/>\n<meta property=\"og:url\" content=\"https:\/\/nomadheat.com\/es\/beneficios\/\" \/>\n<meta property=\"og:site_name\" content=\"NomadHeat\" \/>\n<meta property=\"article:modified_time\" content=\"2022-11-14T13:52:44+00:00\" \/>\n<meta name=\"twitter:card\" content=\"summary_large_image\" \/>\n<meta name=\"twitter:label1\" content=\"Tiempo de lectura\" \/>\n\t<meta name=\"twitter:data1\" content=\"3 minutos\" \/>\n<script type=\"application\/ld+json\" class=\"yoast-schema-graph\">{\"@context\":\"https:\\\/\\\/schema.org\",\"@graph\":[{\"@type\":\"WebPage\",\"@id\":\"https:\\\/\\\/nomadheat.com\\\/bg\\\/benefits\\\/\",\"url\":\"https:\\\/\\\/nomadheat.com\\\/bg\\\/benefits\\\/\",\"name\":\"The benefits of natural fibers | NomadHeat\",\"isPartOf\":{\"@id\":\"https:\\\/\\\/nomadheat.com\\\/nl\\\/#website\"},\"datePublished\":\"2021-11-05T15:21:12+00:00\",\"dateModified\":\"2022-11-14T13:52:44+00:00\",\"description\":\"Wonder what are the benefits of natural fibers and how choosing them will improve your sleep? Read all about wool, silk and linen here\",\"breadcrumb\":{\"@id\":\"https:\\\/\\\/nomadheat.com\\\/bg\\\/benefits\\\/#breadcrumb\"},\"inLanguage\":\"es\",\"potentialAction\":[{\"@type\":\"ReadAction\",\"target\":[\"https:\\\/\\\/nomadheat.com\\\/bg\\\/benefits\\\/\"]}]},{\"@type\":\"BreadcrumbList\",\"@id\":\"https:\\\/\\\/nomadheat.com\\\/bg\\\/benefits\\\/#breadcrumb\",\"itemListElement\":[{\"@type\":\"ListItem\",\"position\":1,\"name\":\"Home\",\"item\":\"https:\\\/\\\/nomadheat.com\\\/nl\\\/\"},{\"@type\":\"ListItem\",\"position\":2,\"name\":\"The benefits of natural fibers\"}]},{\"@type\":\"WebSite\",\"@id\":\"https:\\\/\\\/nomadheat.com\\\/nl\\\/#website\",\"url\":\"https:\\\/\\\/nomadheat.com\\\/nl\\\/\",\"name\":\"NomadHeat\",\"description\":\"Handmade Wool Sleeping Bags\",\"publisher\":{\"@id\":\"https:\\\/\\\/nomadheat.com\\\/nl\\\/#organization\"},\"potentialAction\":[{\"@type\":\"SearchAction\",\"target\":{\"@type\":\"EntryPoint\",\"urlTemplate\":\"https:\\\/\\\/nomadheat.com\\\/nl\\\/?s={search_term_string}\"},\"query-input\":{\"@type\":\"PropertyValueSpecification\",\"valueRequired\":true,\"valueName\":\"search_term_string\"}}],\"inLanguage\":\"es\"},{\"@type\":\"Organization\",\"@id\":\"https:\\\/\\\/nomadheat.com\\\/nl\\\/#organization\",\"name\":\"Nomad Heat\",\"url\":\"https:\\\/\\\/nomadheat.com\\\/nl\\\/\",\"logo\":{\"@type\":\"ImageObject\",\"inLanguage\":\"es\",\"@id\":\"https:\\\/\\\/nomadheat.com\\\/nl\\\/#\\\/schema\\\/logo\\\/image\\\/\",\"url\":\"https:\\\/\\\/nomadheat.com\\\/wp-content\\\/uploads\\\/2021\\\/10\\\/favicon.png\",\"contentUrl\":\"https:\\\/\\\/nomadheat.com\\\/wp-content\\\/uploads\\\/2021\\\/10\\\/favicon.png\",\"width\":512,\"height\":512,\"caption\":\"Nomad Heat\"},\"image\":{\"@id\":\"https:\\\/\\\/nomadheat.com\\\/nl\\\/#\\\/schema\\\/logo\\\/image\\\/\"}}]}<\/script>\n<!-- \/ Yoast SEO plugin. -->","yoast_head_json":{"title":"Los beneficios de las fibras naturales | NomadHeat","description":"\u00bfTe preguntas cu\u00e1les son los beneficios de las fibras naturales y c\u00f3mo su elecci\u00f3n mejorar\u00e1 tu descanso? Lea todo sobre la lana, la seda y el lino aqu\u00ed","robots":{"index":"index","follow":"follow","max-snippet":"max-snippet:-1","max-image-preview":"max-image-preview:large","max-video-preview":"max-video-preview:-1"},"canonical":"https:\/\/nomadheat.com\/es\/beneficios\/","og_locale":"es_ES","og_type":"article","og_title":"The benefits of natural fibers | NomadHeat","og_description":"Wonder what are the benefits of natural fibers and how choosing them will improve your sleep? Read all about wool, silk and linen here","og_url":"https:\/\/nomadheat.com\/es\/beneficios\/","og_site_name":"NomadHeat","article_modified_time":"2022-11-14T13:52:44+00:00","twitter_card":"summary_large_image","twitter_misc":{"Tiempo de lectura":"3 minutos"},"schema":{"@context":"https:\/\/schema.org","@graph":[{"@type":"WebPage","@id":"https:\/\/nomadheat.com\/bg\/benefits\/","url":"https:\/\/nomadheat.com\/bg\/benefits\/","name":"Los beneficios de las fibras naturales | NomadHeat","isPartOf":{"@id":"https:\/\/nomadheat.com\/nl\/#website"},"datePublished":"2021-11-05T15:21:12+00:00","dateModified":"2022-11-14T13:52:44+00:00","description":"\u00bfTe preguntas cu\u00e1les son los beneficios de las fibras naturales y c\u00f3mo su elecci\u00f3n mejorar\u00e1 tu descanso? Lea todo sobre la lana, la seda y el lino aqu\u00ed","breadcrumb":{"@id":"https:\/\/nomadheat.com\/bg\/benefits\/#breadcrumb"},"inLanguage":"es","potentialAction":[{"@type":"ReadAction","target":["https:\/\/nomadheat.com\/bg\/benefits\/"]}]},{"@type":"BreadcrumbList","@id":"https:\/\/nomadheat.com\/bg\/benefits\/#breadcrumb","itemListElement":[{"@type":"ListItem","position":1,"name":"Home","item":"https:\/\/nomadheat.com\/nl\/"},{"@type":"ListItem","position":2,"name":"The benefits of natural fibers"}]},{"@type":"WebSite","@id":"https:\/\/nomadheat.com\/nl\/#website","url":"https:\/\/nomadheat.com\/nl\/","name":"NomadHeat","description":"Sacos de dormir de lana hechos a mano","publisher":{"@id":"https:\/\/nomadheat.com\/nl\/#organization"},"potentialAction":[{"@type":"SearchAction","target":{"@type":"EntryPoint","urlTemplate":"https:\/\/nomadheat.com\/nl\/?s={search_term_string}"},"query-input":{"@type":"PropertyValueSpecification","valueRequired":true,"valueName":"search_term_string"}}],"inLanguage":"es"},{"@type":"Organization","@id":"https:\/\/nomadheat.com\/nl\/#organization","name":"Calor n\u00f3mada","url":"https:\/\/nomadheat.com\/nl\/","logo":{"@type":"ImageObject","inLanguage":"es","@id":"https:\/\/nomadheat.com\/nl\/#\/schema\/logo\/image\/","url":"https:\/\/nomadheat.com\/wp-content\/uploads\/2021\/10\/favicon.png","contentUrl":"https:\/\/nomadheat.com\/wp-content\/uploads\/2021\/10\/favicon.png","width":512,"height":512,"caption":"Nomad Heat"},"image":{"@id":"https:\/\/nomadheat.com\/nl\/#\/schema\/logo\/image\/"}}]}},"_links":{"self":[{"href":"https:\/\/nomadheat.com\/es\/wp-json\/wp\/v2\/pages\/428","targetHints":{"allow":["GET"]}}],"collection":[{"href":"https:\/\/nomadheat.com\/es\/wp-json\/wp\/v2\/pages"}],"about":[{"href":"https:\/\/nomadheat.com\/es\/wp-json\/wp\/v2\/types\/page"}],"author":[{"embeddable":true,"href":"https:\/\/nomadheat.com\/es\/wp-json\/wp\/v2\/users\/4"}],"replies":[{"embeddable":true,"href":"https:\/\/nomadheat.com\/es\/wp-json\/wp\/v2\/comments?post=428"}],"version-history":[{"count":0,"href":"https:\/\/nomadheat.com\/es\/wp-json\/wp\/v2\/pages\/428\/revisions"}],"wp:attachment":[{"href":"https:\/\/nomadheat.com\/es\/wp-json\/wp\/v2\/media?parent=428"}],"curies":[{"name":"wp","href":"https:\/\/api.w.org\/{rel}","templated":true}]}}