{"id":298,"date":"2021-10-11T11:32:56","date_gmt":"2021-10-11T08:32:56","guid":{"rendered":"https:\/\/nomadheat.com\/?page_id=298"},"modified":"2025-02-24T14:22:58","modified_gmt":"2025-02-24T12:22:58","slug":"atencion","status":"publish","type":"page","link":"https:\/\/nomadheat.com\/es\/care\/","title":{"rendered":"Instrucciones de cuidado"},"content":{"rendered":"<div class=\"wpb-content-wrapper\"><div  class=\"sec_row container\"><div class=\"vc_row wpb_row vc_row-fluid\"><div class=\"wpb_column vc_column_container vc_col-sm-2 et-dark-column\"><div class=\"vc_column-inner\"><div class=\"wpb_wrapper\"><\/div><\/div><\/div><div class=\"wpb_column vc_column_container vc_col-sm-8 et-dark-column\"><div class=\"vc_column-inner\"><div class=\"wpb_wrapper\"><div class=\"vc_empty_space\"   style=\"height: 50px\"><span class=\"vc_empty_space_inner\"><\/span><\/div>\n\t<div class=\"wpb_text_column wpb_content_element\" >\n\t\t<div class=\"wpb_wrapper\">\n\t\t\t<h1 class=\"page-title\" style=\"text-align: center;\">INSTRUCCIONES DE CUIDADO<\/h1>\n<h2 style=\"text-align: center;\">NOMAD HEAT SACOS DE DORMIR DE LANA<\/h2>\n\n\t\t<\/div>\n\t<\/div>\n<div  class=\"vc_do_toggle vc_toggle vc_toggle_simple vc_toggle_color_green  vc_toggle_size_md\"><div class=\"vc_toggle_title\"><h4>Limpieza y secado del saco de dormir de lana<\/h4><i class=\"vc_toggle_icon\"><\/i><\/div><div class=\"vc_toggle_content\"><p>El planchado y la limpieza en seco pueden da\u00f1ar el revestimiento y el aislamiento del saco de dormir. Los compuestos qu\u00edmicos utilizados en la limpieza en seco pueden eliminar los aceites naturales de la lana, y el planchado en caliente puede da\u00f1ar el revestimiento.<\/p>\n<p><strong>Limpieza de manchas<\/strong><\/p>\n<p>Su mejor opci\u00f3n para mantener el saco de dormir limpio y en perfectas condiciones es la limpieza puntual.<\/p>\n<ul>\n<li>Utiliza una mezcla pastosa de jab\u00f3n no detergente y agua.<\/li>\n<li>Extiende la pasta sobre un cepillo suave o una esponja y limpia la carcasa del saco de dormir con movimientos suaves.<\/li>\n<li>Aclarar la zona tratada del tejido con agua tibia<\/li>\n<li>Dejar secar al aire completamente<\/li>\n<\/ul>\n<p><strong>Lavado a m\u00e1quina<\/strong><\/p>\n<ul>\n<li>Aseg\u00farate de cerrar todas las cremalleras<\/li>\n<li>Lavar en el programa para lana (normalmente acci\u00f3n suave a 30\u00b0C \/ 90\u00b0F). Si su lavadora no dispone de un ciclo para lana, utilice el ciclo de lavado con agua fr\u00eda o el ciclo de lavado para prendas delicadas.<\/li>\n<li>Utilice un detergente para lana o seda.<br \/>\nNo usar lej\u00eda. No a\u00f1ada suavizantes ni quitamanchas, ya que podr\u00edan da\u00f1ar la funda de seda de morera y el relleno de lana.<\/li>\n<li>Dejar secar al aire completamente<\/li>\n<\/ul>\n<p><strong>Lavado de manos<\/strong><\/p>\n<ul>\n<li>Llena la ba\u00f1era con agua tibia<\/li>\n<li>Utilice detergente para lana, pero evite utilizar demasiada cantidad, ya que ser\u00e1 m\u00e1s dif\u00edcil aclararla.<\/li>\n<li>Introduce el saco de dormir en la ba\u00f1era y frota suavemente las zonas m\u00e1s sucias<\/li>\n<li>Pasa una esponja suave por toda la carcasa del saco de dormir<\/li>\n<li>D\u00e9jalo en remojo hasta una hora y escurre el agua<\/li>\n<li>Presiona suavemente el saco de dormir para eliminar los restos de agua.<\/li>\n<li>Llena la ba\u00f1era con agua tibia para aclarar. Elimina suavemente el jab\u00f3n y escurre<\/li>\n<li>Repita el proceso de aclarado hasta que no quede jab\u00f3n.<\/li>\n<\/ul>\n<p><strong>Secado<\/strong><\/p>\n<ul>\n<li>El saco de dormir pesa mucho cuando est\u00e1 mojado, por lo que es posible que necesites un poco de ayuda para manejarlo.<\/li>\n<li>D\u00e9jelo secar al aire en una superficie plana<\/li>\n<li>Evita retorcer el saco de dormir para eliminar el exceso de agua pero, si es necesario, expr\u00edmelo ligeramente<\/li>\n<\/ul>\n<\/div><\/div><div  class=\"vc_do_toggle vc_toggle vc_toggle_simple vc_toggle_color_green  vc_toggle_size_md\"><div class=\"vc_toggle_title\"><h4>C\u00f3mo guardar el saco de dormir de lana<\/h4><i class=\"vc_toggle_icon\"><\/i><\/div><div class=\"vc_toggle_content\"><p>Guarda tu saco de dormir de lana con cuidado para que dure m\u00e1s.<\/p>\n<ul>\n<li>Al volver de un viaje, abre la cremallera de la bolsa y deja que se airee para asegurarte de que est\u00e1 completamente seca.<\/li>\n<li>No lo vuelvas a meter en el saco, ya que si lo guardas comprimido, el relleno se estropear\u00e1 con el tiempo.<\/li>\n<li>Guarda el saco de dormir en un lugar fresco y seco, sin comprimirlo en una caja o colg\u00e1ndolo; esto ayuda a que el relleno se distribuya uniformemente y mantenga su esponjosidad.<\/li>\n<li>Mant\u00e9n una bolsita de lavanda cerca de tu saco de dormir de lana para repeler las polillas<\/li>\n<\/ul>\n<\/div><\/div><div  class=\"vc_do_toggle vc_toggle vc_toggle_simple vc_toggle_color_green  vc_toggle_size_md\"><div class=\"vc_toggle_title\"><h4>C\u00f3mo meter el saco de dormir de lana en el saco<\/h4><i class=\"vc_toggle_icon\"><\/i><\/div><div class=\"vc_toggle_content\"><p>Evite guardar la bolsa comprimida en su saco. La compresi\u00f3n durante largos periodos de tiempo reducir\u00e1 su esponjosidad y textura.<\/p>\n<ul>\n<li>Antes de meter el saco de dormir en el saco, cierra bien las cremalleras.<\/li>\n<li>Doblar la parte m\u00e1s ancha de los hombros hacia dentro y empezar a enrollar desde los pies.<\/li>\n<\/ul>\n<\/div><\/div><div  class=\"vc_do_toggle vc_toggle vc_toggle_simple vc_toggle_color_green  vc_toggle_size_md\"><div class=\"vc_toggle_title\"><h4>Consejos adicionales<\/h4><i class=\"vc_toggle_icon\"><\/i><\/div><div class=\"vc_toggle_content\"><ul>\n<li>Mantener alejado de las llamas<\/li>\n<li>Dormir siempre con ropa limpia<\/li>\n<li>Qu\u00edtate de la cara y el cuello la crema solar u otros cosm\u00e9ticos pesados para que no empapen el saco de dormir.<\/li>\n<li>Una gorra textil mantendr\u00e1 el pelo graso fuera de la capucha<\/li>\n<li>Considere la posibilidad de utilizar un forro adicional para el saco de dormir que act\u00fae como barrera entre su piel y el saco. Disponemos de forros ligeros de seda pura que aumentan la temperatura del saco de dormir, son lavables a m\u00e1quina y muy f\u00e1ciles de mantener.<\/li>\n<li>Protege el saco del suelo colocando primero un acolchado y aseg\u00farate de retirar del suelo cualquier objeto punzante que pueda da\u00f1ar el saco de dormir.<\/li>\n<li>Cuidado con las cremalleras para evitar enganchones<\/li>\n<li>Todas las ma\u00f1anas, airea el saco de dormir con aire fresco y luz solar; para secar la humedad acumulada durante la noche, dale la vuelta y deja que se seque por completo.<\/li>\n<li>Los objetos calientes, como las ollas, pueden da\u00f1ar el tejido.<\/li>\n<li>Los repelentes de insectos que contienen DEET pueden da\u00f1ar el saco de dormir; no los roc\u00edes directamente sobre \u00e9l.<\/li>\n<\/ul>\n<\/div><\/div><div  class=\"vc_do_toggle vc_toggle vc_toggle_simple vc_toggle_color_green  vc_toggle_size_md\"><div class=\"vc_toggle_title\"><h4>Reparaciones<\/h4><i class=\"vc_toggle_icon\"><\/i><\/div><div class=\"vc_toggle_content\"><p>Si se produce un peque\u00f1o desgarro en el caparaz\u00f3n mientras est\u00e1s de acampada, c\u00f3selo a mano. Lleva siempre aguja e hilo en tu kit de reparaci\u00f3n. Tambi\u00e9n puedes utilizar una venda para heridas de tu botiqu\u00edn de primeros auxilios. Cuando est\u00e9s en casa, puedes retirar con cuidado las puntadas a mano o la venda y coser la tela con una m\u00e1quina de coser o llevarla a una costurera.<\/p>\n<p>Si el da\u00f1o es m\u00e1s grave, h\u00e1galo reparar por un profesional.<\/p>\n<\/div><\/div><\/div><\/div><\/div><div class=\"wpb_column vc_column_container vc_col-sm-2 et-dark-column\"><div class=\"vc_column-inner\"><div class=\"wpb_wrapper\"><\/div><\/div><\/div><\/div><\/div>\n<\/div>","protected":false},"excerpt":{"rendered":"CARE INSTRUCTIONS NOMAD HEAT WOOL SLEEPING BAGS Cleaning &amp; Drying Your Wool Sleeping BagIroning and dry cleaning can damage your sleeping bag\u2019s shell and insulation. The chemical compounds used in dry cleaning can strip away the natural oils in wool and hot ironing may damage the shell. Spot Cleaning Your [...]","protected":false},"author":4,"featured_media":0,"parent":0,"menu_order":0,"comment_status":"closed","ping_status":"closed","template":"","meta":{"footnotes":""},"class_list":["post-298","page","type-page","status-publish","hentry"],"yoast_head":"<!-- This site is optimized with the Yoast SEO plugin v27.3 - https:\/\/yoast.com\/product\/yoast-seo-wordpress\/ -->\n<title>Care instructions | NomadHeat<\/title>\n<meta name=\"robots\" content=\"index, follow, max-snippet:-1, max-image-preview:large, max-video-preview:-1\" \/>\n<link rel=\"canonical\" href=\"https:\/\/nomadheat.com\/es\/atencion\/\" \/>\n<meta property=\"og:locale\" content=\"es_ES\" \/>\n<meta property=\"og:type\" content=\"article\" \/>\n<meta property=\"og:title\" content=\"Care instructions | NomadHeat\" \/>\n<meta property=\"og:url\" content=\"https:\/\/nomadheat.com\/es\/atencion\/\" \/>\n<meta property=\"og:site_name\" content=\"NomadHeat\" \/>\n<meta property=\"article:modified_time\" content=\"2025-02-24T12:22:58+00:00\" \/>\n<meta name=\"twitter:card\" content=\"summary_large_image\" \/>\n<meta name=\"twitter:label1\" content=\"Tiempo de lectura\" \/>\n\t<meta name=\"twitter:data1\" content=\"4 minutos\" \/>\n<script type=\"application\/ld+json\" class=\"yoast-schema-graph\">{\"@context\":\"https:\\\/\\\/schema.org\",\"@graph\":[{\"@type\":\"WebPage\",\"@id\":\"https:\\\/\\\/nomadheat.com\\\/de\\\/pflege\\\/\",\"url\":\"https:\\\/\\\/nomadheat.com\\\/de\\\/pflege\\\/\",\"name\":\"Care instructions | NomadHeat\",\"isPartOf\":{\"@id\":\"https:\\\/\\\/nomadheat.com\\\/nl\\\/#website\"},\"datePublished\":\"2021-10-11T08:32:56+00:00\",\"dateModified\":\"2025-02-24T12:22:58+00:00\",\"breadcrumb\":{\"@id\":\"https:\\\/\\\/nomadheat.com\\\/de\\\/pflege\\\/#breadcrumb\"},\"inLanguage\":\"es\",\"potentialAction\":[{\"@type\":\"ReadAction\",\"target\":[\"https:\\\/\\\/nomadheat.com\\\/de\\\/pflege\\\/\"]}]},{\"@type\":\"BreadcrumbList\",\"@id\":\"https:\\\/\\\/nomadheat.com\\\/de\\\/pflege\\\/#breadcrumb\",\"itemListElement\":[{\"@type\":\"ListItem\",\"position\":1,\"name\":\"Home\",\"item\":\"https:\\\/\\\/nomadheat.com\\\/nl\\\/\"},{\"@type\":\"ListItem\",\"position\":2,\"name\":\"Care instructions\"}]},{\"@type\":\"WebSite\",\"@id\":\"https:\\\/\\\/nomadheat.com\\\/nl\\\/#website\",\"url\":\"https:\\\/\\\/nomadheat.com\\\/nl\\\/\",\"name\":\"NomadHeat\",\"description\":\"Handmade Wool Sleeping Bags\",\"publisher\":{\"@id\":\"https:\\\/\\\/nomadheat.com\\\/nl\\\/#organization\"},\"potentialAction\":[{\"@type\":\"SearchAction\",\"target\":{\"@type\":\"EntryPoint\",\"urlTemplate\":\"https:\\\/\\\/nomadheat.com\\\/nl\\\/?s={search_term_string}\"},\"query-input\":{\"@type\":\"PropertyValueSpecification\",\"valueRequired\":true,\"valueName\":\"search_term_string\"}}],\"inLanguage\":\"es\"},{\"@type\":\"Organization\",\"@id\":\"https:\\\/\\\/nomadheat.com\\\/nl\\\/#organization\",\"name\":\"Nomad Heat\",\"url\":\"https:\\\/\\\/nomadheat.com\\\/nl\\\/\",\"logo\":{\"@type\":\"ImageObject\",\"inLanguage\":\"es\",\"@id\":\"https:\\\/\\\/nomadheat.com\\\/nl\\\/#\\\/schema\\\/logo\\\/image\\\/\",\"url\":\"https:\\\/\\\/nomadheat.com\\\/wp-content\\\/uploads\\\/2021\\\/10\\\/favicon.png\",\"contentUrl\":\"https:\\\/\\\/nomadheat.com\\\/wp-content\\\/uploads\\\/2021\\\/10\\\/favicon.png\",\"width\":512,\"height\":512,\"caption\":\"Nomad Heat\"},\"image\":{\"@id\":\"https:\\\/\\\/nomadheat.com\\\/nl\\\/#\\\/schema\\\/logo\\\/image\\\/\"}}]}<\/script>\n<!-- \/ Yoast SEO plugin. -->","yoast_head_json":{"title":"Instrucciones de cuidado | NomadHeat","robots":{"index":"index","follow":"follow","max-snippet":"max-snippet:-1","max-image-preview":"max-image-preview:large","max-video-preview":"max-video-preview:-1"},"canonical":"https:\/\/nomadheat.com\/es\/atencion\/","og_locale":"es_ES","og_type":"article","og_title":"Care instructions | NomadHeat","og_url":"https:\/\/nomadheat.com\/es\/atencion\/","og_site_name":"NomadHeat","article_modified_time":"2025-02-24T12:22:58+00:00","twitter_card":"summary_large_image","twitter_misc":{"Tiempo de lectura":"4 minutos"},"schema":{"@context":"https:\/\/schema.org","@graph":[{"@type":"WebPage","@id":"https:\/\/nomadheat.com\/de\/pflege\/","url":"https:\/\/nomadheat.com\/de\/pflege\/","name":"Instrucciones de cuidado | NomadHeat","isPartOf":{"@id":"https:\/\/nomadheat.com\/nl\/#website"},"datePublished":"2021-10-11T08:32:56+00:00","dateModified":"2025-02-24T12:22:58+00:00","breadcrumb":{"@id":"https:\/\/nomadheat.com\/de\/pflege\/#breadcrumb"},"inLanguage":"es","potentialAction":[{"@type":"ReadAction","target":["https:\/\/nomadheat.com\/de\/pflege\/"]}]},{"@type":"BreadcrumbList","@id":"https:\/\/nomadheat.com\/de\/pflege\/#breadcrumb","itemListElement":[{"@type":"ListItem","position":1,"name":"Home","item":"https:\/\/nomadheat.com\/nl\/"},{"@type":"ListItem","position":2,"name":"Care instructions"}]},{"@type":"WebSite","@id":"https:\/\/nomadheat.com\/nl\/#website","url":"https:\/\/nomadheat.com\/nl\/","name":"NomadHeat","description":"Sacos de dormir de lana hechos a mano","publisher":{"@id":"https:\/\/nomadheat.com\/nl\/#organization"},"potentialAction":[{"@type":"SearchAction","target":{"@type":"EntryPoint","urlTemplate":"https:\/\/nomadheat.com\/nl\/?s={search_term_string}"},"query-input":{"@type":"PropertyValueSpecification","valueRequired":true,"valueName":"search_term_string"}}],"inLanguage":"es"},{"@type":"Organization","@id":"https:\/\/nomadheat.com\/nl\/#organization","name":"Calor n\u00f3mada","url":"https:\/\/nomadheat.com\/nl\/","logo":{"@type":"ImageObject","inLanguage":"es","@id":"https:\/\/nomadheat.com\/nl\/#\/schema\/logo\/image\/","url":"https:\/\/nomadheat.com\/wp-content\/uploads\/2021\/10\/favicon.png","contentUrl":"https:\/\/nomadheat.com\/wp-content\/uploads\/2021\/10\/favicon.png","width":512,"height":512,"caption":"Nomad Heat"},"image":{"@id":"https:\/\/nomadheat.com\/nl\/#\/schema\/logo\/image\/"}}]}},"_links":{"self":[{"href":"https:\/\/nomadheat.com\/es\/wp-json\/wp\/v2\/pages\/298","targetHints":{"allow":["GET"]}}],"collection":[{"href":"https:\/\/nomadheat.com\/es\/wp-json\/wp\/v2\/pages"}],"about":[{"href":"https:\/\/nomadheat.com\/es\/wp-json\/wp\/v2\/types\/page"}],"author":[{"embeddable":true,"href":"https:\/\/nomadheat.com\/es\/wp-json\/wp\/v2\/users\/4"}],"replies":[{"embeddable":true,"href":"https:\/\/nomadheat.com\/es\/wp-json\/wp\/v2\/comments?post=298"}],"version-history":[{"count":0,"href":"https:\/\/nomadheat.com\/es\/wp-json\/wp\/v2\/pages\/298\/revisions"}],"wp:attachment":[{"href":"https:\/\/nomadheat.com\/es\/wp-json\/wp\/v2\/media?parent=298"}],"curies":[{"name":"wp","href":"https:\/\/api.w.org\/{rel}","templated":true}]}}