{"id":26,"date":"2021-06-16T15:56:11","date_gmt":"2021-06-16T15:56:11","guid":{"rendered":"https:\/\/nomadheat.com\/?page_id=26"},"modified":"2021-11-17T10:09:01","modified_gmt":"2021-11-17T08:09:01","slug":"acerca-de-nosotros","status":"publish","type":"page","link":"https:\/\/nomadheat.com\/es\/about-us\/","title":{"rendered":"Qui\u00e9nes somos"},"content":{"rendered":"<div class=\"wpb-content-wrapper\"><div  class=\"sec_row container\"><div class=\"vc_row wpb_row vc_row-fluid\"><div class=\"wpb_column vc_column_container vc_col-sm-12 et-dark-column\"><div class=\"vc_column-inner\"><div class=\"wpb_wrapper\"><div class=\"vc_empty_space\"   style=\"height: 32px\"><span class=\"vc_empty_space_inner\"><\/span><\/div>\n\t<div class=\"wpb_text_column wpb_content_element\" >\n\t\t<div class=\"wpb_wrapper\">\n\t\t\t<h1 style=\"text-align: center;\">SOBRE NOMAD HEAT<\/h1>\n<p>Acercar la vida y la experiencia de los aventureros modernos a la naturaleza y a la de los n\u00f3madas mongoles fue lo que nos inspir\u00f3 para crear Nomad Heat. Realmente creemos que el sue\u00f1o tiene la magia de curar y ayudarnos a prosperar y estamos muy motivados para ofrecerte un sue\u00f1o mejor y m\u00e1s saludable est\u00e9s donde est\u00e9s.<\/p>\n<p>La colecci\u00f3n de sacos de dormir Nomad Heat es la alternativa perfecta para las personas que sufren SQM, los ni\u00f1os y todos aquellos que buscan una experiencia de acampada totalmente natural, sin productos sint\u00e9ticos ni qu\u00edmicos.<\/p>\n<h2><\/h2>\n<h2 style=\"text-align: center;\">LOS CREADORES<\/h2>\n\n\t\t<\/div>\n\t<\/div>\n<\/div><\/div><\/div><\/div><\/div><div  class=\"sec_row container\"><div class=\"vc_row wpb_row vc_row-fluid\"><div class=\"wpb_column vc_column_container vc_col-sm-6 et-dark-column\"><div class=\"vc_column-inner\"><div class=\"wpb_wrapper\">\n\t<div class=\"wpb_text_column wpb_content_element\" >\n\t\t<div class=\"wpb_wrapper\">\n\t\t\t<h3>Rosica Petrova<\/h3>\n<p>Rositsa Petrova es la fundadora de Home of Wool, un estudio que crea colchones de lana totalmente natural y piezas de decoraci\u00f3n para el hogar. Todos ellos se fabrican por encargo y son completamente personalizables.<\/p>\n<p>Aficionada al camping y al senderismo, cree que vivir m\u00e1s cerca de la naturaleza es la mejor opci\u00f3n para mejorar la salud y el sue\u00f1o.<\/p>\n<p>Nomad Heat es la continuaci\u00f3n natural de Home of Wool, que aporta un sue\u00f1o m\u00e1s saludable al aire libre.<\/p>\n\n\t\t<\/div>\n\t<\/div>\n<\/div><\/div><\/div><div class=\"wpb_column vc_column_container vc_col-sm-6 et-dark-column\"><div class=\"vc_column-inner\"><div class=\"wpb_wrapper\">\n\t<div  class=\"wpb_single_image wpb_content_element vc_align_left wpb_content_element\">\n\t\t\n\t\t<figure class=\"wpb_wrapper vc_figure\">\n\t\t\t<div class=\"vc_single_image-wrapper   vc_box_border_grey\"><img decoding=\"async\" width=\"1000\" height=\"835\" data-src=\"https:\/\/nomadheat.com\/wp-content\/uploads\/2021\/10\/Rosica-Petrova.jpg\" class=\"vc_single_image-img attachment-large lazyload\" alt=\"\" title=\"Rosica Petrova\" data-srcset=\"https:\/\/nomadheat.com\/wp-content\/uploads\/2021\/10\/Rosica-Petrova.jpg 1000w, https:\/\/nomadheat.com\/wp-content\/uploads\/2021\/10\/Rosica-Petrova-300x251.jpg 300w, https:\/\/nomadheat.com\/wp-content\/uploads\/2021\/10\/Rosica-Petrova-768x641.jpg 768w, https:\/\/nomadheat.com\/wp-content\/uploads\/2021\/10\/Rosica-Petrova-150x125.jpg 150w, https:\/\/nomadheat.com\/wp-content\/uploads\/2021\/10\/Rosica-Petrova-600x501.jpg 600w, https:\/\/nomadheat.com\/wp-content\/uploads\/2021\/10\/Rosica-Petrova-900x752.jpg 900w\" data-sizes=\"(max-width: 1000px) 100vw, 1000px\" src=\"data:image\/svg+xml;base64,PHN2ZyB3aWR0aD0iMSIgaGVpZ2h0PSIxIiB4bWxucz0iaHR0cDovL3d3dy53My5vcmcvMjAwMC9zdmciPjwvc3ZnPg==\" style=\"--smush-placeholder-width: 1000px; --smush-placeholder-aspect-ratio: 1000\/835;\" \/><\/div>\n\t\t<\/figure>\n\t<\/div>\n<\/div><\/div><\/div><\/div><\/div><div  class=\"sec_row container\"><div class=\"vc_row wpb_row vc_row-fluid\"><div class=\"wpb_column vc_column_container vc_col-sm-12 et-dark-column\"><div class=\"vc_column-inner\"><div class=\"wpb_wrapper\"><div class=\"vc_empty_space\"   style=\"height: 32px\"><span class=\"vc_empty_space_inner\"><\/span><\/div><\/div><\/div><\/div><\/div><\/div><div  class=\"sec_row container\"><div class=\"vc_row wpb_row vc_row-fluid\"><div class=\"wpb_column vc_column_container vc_col-sm-6 et-dark-column\"><div class=\"vc_column-inner\"><div class=\"wpb_wrapper\">\n\t<div  class=\"wpb_single_image wpb_content_element vc_align_left wpb_content_element\">\n\t\t\n\t\t<figure class=\"wpb_wrapper vc_figure\">\n\t\t\t<div class=\"vc_single_image-wrapper   vc_box_border_grey\"><img decoding=\"async\" width=\"780\" height=\"719\" data-src=\"https:\/\/nomadheat.com\/wp-content\/uploads\/2021\/06\/Philip-Lhamsuren.jpg\" class=\"vc_single_image-img attachment-large lazyload\" alt=\"Philip Lhamsuren\" title=\"Philip Lhamsuren\" data-srcset=\"https:\/\/nomadheat.com\/wp-content\/uploads\/2021\/06\/Philip-Lhamsuren.jpg 780w, https:\/\/nomadheat.com\/wp-content\/uploads\/2021\/06\/Philip-Lhamsuren-600x553.jpg 600w, https:\/\/nomadheat.com\/wp-content\/uploads\/2021\/06\/Philip-Lhamsuren-300x277.jpg 300w, https:\/\/nomadheat.com\/wp-content\/uploads\/2021\/06\/Philip-Lhamsuren-768x708.jpg 768w\" data-sizes=\"(max-width: 780px) 100vw, 780px\" src=\"data:image\/svg+xml;base64,PHN2ZyB3aWR0aD0iMSIgaGVpZ2h0PSIxIiB4bWxucz0iaHR0cDovL3d3dy53My5vcmcvMjAwMC9zdmciPjwvc3ZnPg==\" style=\"--smush-placeholder-width: 780px; --smush-placeholder-aspect-ratio: 780\/719;\" \/><\/div>\n\t\t<\/figure>\n\t<\/div>\n<\/div><\/div><\/div><div class=\"wpb_column vc_column_container vc_col-sm-6 et-dark-column\"><div class=\"vc_column-inner\"><div class=\"wpb_wrapper\">\n\t<div class=\"wpb_text_column wpb_content_element\" >\n\t\t<div class=\"wpb_wrapper\">\n\t\t\t<h3>Philip Lhamsuren<\/h3>\n<p>Aventurero en solitario, escritor y aut\u00e9ntico superviviente, Philip Lhamsuren es la tercera persona que ha cruzado la selva amaz\u00f3nica utilizando \u00fanicamente una canoa, una bicicleta y sus propios pies.<\/p>\n<p>\"El cuerpo humano es el medio de transporte m\u00e1s honesto; el esfuerzo f\u00edsico anima a nuestro esp\u00edritu a elevarse y nos hace mejores personas\", cree Philip.<\/p>\n<p>Su expedici\u00f3n en solitario por la Amazonia, descrita en sus libros y pel\u00edculas, es una de las aventuras modernas m\u00e1s inspiradoras.<\/p>\n\n\t\t<\/div>\n\t<\/div>\n<\/div><\/div><\/div><\/div><\/div>\n<\/div>","protected":false},"excerpt":{"rendered":"ABOUT NOMAD HEAT Bringing the life and the experience of modern adventurers closer to nature and to that of Mongol nomads was what inspired us to create Nomad Heat. We truly believe that sleep has the magic to heal and help us thrive and we're highly motivated to offer you [...]","protected":false},"author":4,"featured_media":0,"parent":0,"menu_order":0,"comment_status":"closed","ping_status":"closed","template":"","meta":{"footnotes":""},"class_list":["post-26","page","type-page","status-publish","hentry"],"yoast_head":"<!-- This site is optimized with the Yoast SEO plugin v27.3 - https:\/\/yoast.com\/product\/yoast-seo-wordpress\/ -->\n<title>About us | NomadHeat<\/title>\n<meta name=\"robots\" content=\"index, follow, max-snippet:-1, max-image-preview:large, max-video-preview:-1\" \/>\n<link rel=\"canonical\" href=\"https:\/\/nomadheat.com\/es\/acerca-de-nosotros\/\" \/>\n<meta property=\"og:locale\" content=\"es_ES\" \/>\n<meta property=\"og:type\" content=\"article\" \/>\n<meta property=\"og:title\" content=\"About us | NomadHeat\" \/>\n<meta property=\"og:url\" content=\"https:\/\/nomadheat.com\/es\/acerca-de-nosotros\/\" \/>\n<meta property=\"og:site_name\" content=\"NomadHeat\" \/>\n<meta property=\"article:modified_time\" content=\"2021-11-17T08:09:01+00:00\" \/>\n<meta name=\"twitter:card\" content=\"summary_large_image\" \/>\n<meta name=\"twitter:label1\" content=\"Tiempo de lectura\" \/>\n\t<meta name=\"twitter:data1\" content=\"2 minutos\" \/>\n<script type=\"application\/ld+json\" class=\"yoast-schema-graph\">{\"@context\":\"https:\\\/\\\/schema.org\",\"@graph\":[{\"@type\":\"WebPage\",\"@id\":\"https:\\\/\\\/nomadheat.com\\\/ja\\\/%e4%bc%9a%e7%a4%be%e6%a6%82%e8%a6%81\\\/\",\"url\":\"https:\\\/\\\/nomadheat.com\\\/ja\\\/%e4%bc%9a%e7%a4%be%e6%a6%82%e8%a6%81\\\/\",\"name\":\"About us | NomadHeat\",\"isPartOf\":{\"@id\":\"https:\\\/\\\/nomadheat.com\\\/nl\\\/#website\"},\"datePublished\":\"2021-06-16T15:56:11+00:00\",\"dateModified\":\"2021-11-17T08:09:01+00:00\",\"breadcrumb\":{\"@id\":\"https:\\\/\\\/nomadheat.com\\\/ja\\\/%e4%bc%9a%e7%a4%be%e6%a6%82%e8%a6%81\\\/#breadcrumb\"},\"inLanguage\":\"es\",\"potentialAction\":[{\"@type\":\"ReadAction\",\"target\":[\"https:\\\/\\\/nomadheat.com\\\/ja\\\/%e4%bc%9a%e7%a4%be%e6%a6%82%e8%a6%81\\\/\"]}]},{\"@type\":\"BreadcrumbList\",\"@id\":\"https:\\\/\\\/nomadheat.com\\\/ja\\\/%e4%bc%9a%e7%a4%be%e6%a6%82%e8%a6%81\\\/#breadcrumb\",\"itemListElement\":[{\"@type\":\"ListItem\",\"position\":1,\"name\":\"Home\",\"item\":\"https:\\\/\\\/nomadheat.com\\\/nl\\\/\"},{\"@type\":\"ListItem\",\"position\":2,\"name\":\"About us\"}]},{\"@type\":\"WebSite\",\"@id\":\"https:\\\/\\\/nomadheat.com\\\/nl\\\/#website\",\"url\":\"https:\\\/\\\/nomadheat.com\\\/nl\\\/\",\"name\":\"NomadHeat\",\"description\":\"Handmade Wool Sleeping Bags\",\"publisher\":{\"@id\":\"https:\\\/\\\/nomadheat.com\\\/nl\\\/#organization\"},\"potentialAction\":[{\"@type\":\"SearchAction\",\"target\":{\"@type\":\"EntryPoint\",\"urlTemplate\":\"https:\\\/\\\/nomadheat.com\\\/nl\\\/?s={search_term_string}\"},\"query-input\":{\"@type\":\"PropertyValueSpecification\",\"valueRequired\":true,\"valueName\":\"search_term_string\"}}],\"inLanguage\":\"es\"},{\"@type\":\"Organization\",\"@id\":\"https:\\\/\\\/nomadheat.com\\\/nl\\\/#organization\",\"name\":\"Nomad Heat\",\"url\":\"https:\\\/\\\/nomadheat.com\\\/nl\\\/\",\"logo\":{\"@type\":\"ImageObject\",\"inLanguage\":\"es\",\"@id\":\"https:\\\/\\\/nomadheat.com\\\/nl\\\/#\\\/schema\\\/logo\\\/image\\\/\",\"url\":\"https:\\\/\\\/nomadheat.com\\\/wp-content\\\/uploads\\\/2021\\\/10\\\/favicon.png\",\"contentUrl\":\"https:\\\/\\\/nomadheat.com\\\/wp-content\\\/uploads\\\/2021\\\/10\\\/favicon.png\",\"width\":512,\"height\":512,\"caption\":\"Nomad Heat\"},\"image\":{\"@id\":\"https:\\\/\\\/nomadheat.com\\\/nl\\\/#\\\/schema\\\/logo\\\/image\\\/\"}}]}<\/script>\n<!-- \/ Yoast SEO plugin. -->","yoast_head_json":{"title":"Sobre nosotros | NomadHeat","robots":{"index":"index","follow":"follow","max-snippet":"max-snippet:-1","max-image-preview":"max-image-preview:large","max-video-preview":"max-video-preview:-1"},"canonical":"https:\/\/nomadheat.com\/es\/acerca-de-nosotros\/","og_locale":"es_ES","og_type":"article","og_title":"About us | NomadHeat","og_url":"https:\/\/nomadheat.com\/es\/acerca-de-nosotros\/","og_site_name":"NomadHeat","article_modified_time":"2021-11-17T08:09:01+00:00","twitter_card":"summary_large_image","twitter_misc":{"Tiempo de lectura":"2 minutos"},"schema":{"@context":"https:\/\/schema.org","@graph":[{"@type":"WebPage","@id":"https:\/\/nomadheat.com\/ja\/%e4%bc%9a%e7%a4%be%e6%a6%82%e8%a6%81\/","url":"https:\/\/nomadheat.com\/ja\/%e4%bc%9a%e7%a4%be%e6%a6%82%e8%a6%81\/","name":"Sobre nosotros | NomadHeat","isPartOf":{"@id":"https:\/\/nomadheat.com\/nl\/#website"},"datePublished":"2021-06-16T15:56:11+00:00","dateModified":"2021-11-17T08:09:01+00:00","breadcrumb":{"@id":"https:\/\/nomadheat.com\/ja\/%e4%bc%9a%e7%a4%be%e6%a6%82%e8%a6%81\/#breadcrumb"},"inLanguage":"es","potentialAction":[{"@type":"ReadAction","target":["https:\/\/nomadheat.com\/ja\/%e4%bc%9a%e7%a4%be%e6%a6%82%e8%a6%81\/"]}]},{"@type":"BreadcrumbList","@id":"https:\/\/nomadheat.com\/ja\/%e4%bc%9a%e7%a4%be%e6%a6%82%e8%a6%81\/#breadcrumb","itemListElement":[{"@type":"ListItem","position":1,"name":"Home","item":"https:\/\/nomadheat.com\/nl\/"},{"@type":"ListItem","position":2,"name":"About us"}]},{"@type":"WebSite","@id":"https:\/\/nomadheat.com\/nl\/#website","url":"https:\/\/nomadheat.com\/nl\/","name":"NomadHeat","description":"Sacos de dormir de lana hechos a mano","publisher":{"@id":"https:\/\/nomadheat.com\/nl\/#organization"},"potentialAction":[{"@type":"SearchAction","target":{"@type":"EntryPoint","urlTemplate":"https:\/\/nomadheat.com\/nl\/?s={search_term_string}"},"query-input":{"@type":"PropertyValueSpecification","valueRequired":true,"valueName":"search_term_string"}}],"inLanguage":"es"},{"@type":"Organization","@id":"https:\/\/nomadheat.com\/nl\/#organization","name":"Calor n\u00f3mada","url":"https:\/\/nomadheat.com\/nl\/","logo":{"@type":"ImageObject","inLanguage":"es","@id":"https:\/\/nomadheat.com\/nl\/#\/schema\/logo\/image\/","url":"https:\/\/nomadheat.com\/wp-content\/uploads\/2021\/10\/favicon.png","contentUrl":"https:\/\/nomadheat.com\/wp-content\/uploads\/2021\/10\/favicon.png","width":512,"height":512,"caption":"Nomad Heat"},"image":{"@id":"https:\/\/nomadheat.com\/nl\/#\/schema\/logo\/image\/"}}]}},"_links":{"self":[{"href":"https:\/\/nomadheat.com\/es\/wp-json\/wp\/v2\/pages\/26","targetHints":{"allow":["GET"]}}],"collection":[{"href":"https:\/\/nomadheat.com\/es\/wp-json\/wp\/v2\/pages"}],"about":[{"href":"https:\/\/nomadheat.com\/es\/wp-json\/wp\/v2\/types\/page"}],"author":[{"embeddable":true,"href":"https:\/\/nomadheat.com\/es\/wp-json\/wp\/v2\/users\/4"}],"replies":[{"embeddable":true,"href":"https:\/\/nomadheat.com\/es\/wp-json\/wp\/v2\/comments?post=26"}],"version-history":[{"count":0,"href":"https:\/\/nomadheat.com\/es\/wp-json\/wp\/v2\/pages\/26\/revisions"}],"wp:attachment":[{"href":"https:\/\/nomadheat.com\/es\/wp-json\/wp\/v2\/media?parent=26"}],"curies":[{"name":"wp","href":"https:\/\/api.w.org\/{rel}","templated":true}]}}