{"id":2,"date":"2021-06-16T08:51:54","date_gmt":"2021-06-16T08:51:54","guid":{"rendered":"https:\/\/nomadheat.com\/?page_id=2"},"modified":"2022-07-20T13:52:29","modified_gmt":"2022-07-20T10:52:29","slug":"politicas","status":"publish","type":"page","link":"https:\/\/nomadheat.com\/es\/policies\/","title":{"rendered":"Pol\u00edticas"},"content":{"rendered":"<p><a>Tiempo de fabricaci\u00f3n est\u00e1ndar<\/a><\/p>\n<p>Los art\u00edculos m\u00e1s peque\u00f1os tardan de 4 a 6 d\u00edas laborables en crearse y los m\u00e1s grandes, de 7 a 10 d\u00edas laborables.<\/p>\n<p>Dependiendo de la carga de trabajo actual, el tiempo de elaboraci\u00f3n podr\u00eda variar unos d\u00edas.<\/p>\n<p><a>Pedidos urgentes<\/a><\/p>\n<p>Podemos dar prioridad a su pedido para que se complete en un plazo de 5 d\u00edas laborables.<\/p>\n<p>P\u00f3ngase en contacto con nosotros y le enviaremos un enlace para realizar su pedido urgente.<\/p>\n<p>Tasa de urgencia: 25% del precio del producto.<\/p>\n<p><a>Pagos<\/a><\/p>\n<p>Aceptamos pagos con tarjeta bancaria.<\/p>\n<p><a>Env\u00edo<\/a><\/p>\n<p>Realizamos env\u00edos a todo el mundo y ofrecemos env\u00edo gratuito a domicilio en todos los pedidos. Tambi\u00e9n disponemos de opciones de env\u00edo de pago.<\/p>\n<p>Todos los pa\u00edses se env\u00edan en base DDP (entrega derechos pagados), por lo que los impuestos y aranceles est\u00e1n incluidos en el precio final y usted recibir\u00e1 el paquete en la puerta de su casa, no tendr\u00e1 que despacharlo de aduana.<\/p>\n<p>Para los EAU: los paquetes de origen extranjero deben recogerse personalmente en la oficina central de correos.<\/p>\n<p>Tambi\u00e9n podemos entregar a apartados de correos, pero por favor aseg\u00farese de que su apartado de correos puede aceptar paquetes de este tama\u00f1o, de lo contrario, su paquete puede ser devuelto.<\/p>\n<p>Le recomendamos encarecidamente que siga la informaci\u00f3n de seguimiento en l\u00ednea para obtener actualizaciones detalladas, de modo que sepa cu\u00e1ndo llega el paquete a su oficina de correos.<\/p>\n<p>Todos los art\u00edculos se envasan en pl\u00e1stico reciclable, que los protege de la suciedad, el agua y los pinchazos.<\/p>\n<p>Por favor, inspeccione su paquete a la llegada y no lo acepte si est\u00e1 da\u00f1ado. De este modo, el paquete nos ser\u00e1 devuelto y fabricaremos y le enviaremos uno nuevo. Si acepta un paquete que est\u00e1 da\u00f1ado, no podremos compensarle.<\/p>\n<p><a>Env\u00edo gratuito<\/a><\/p>\n<p><strong>Precio<\/strong>: Gratis a cualquier parte del mundo<\/p>\n<p><strong>Transportista<\/strong>:<br \/>\nBulgarian Post en cooperaci\u00f3n con los correos nacionales de su pa\u00eds, es decir, USPS en los EE.UU., Canada Post, Parcel Force en el Reino Unido, Australia Post, etc. - todos ellos son 100% fiables sin p\u00e9rdida de paquetes de los miles que hemos enviado hasta ahora utiliz\u00e1ndolos.<\/p>\n<p><strong>Condiciones de entrega:<\/strong><br \/>\nCorreo certificado, se requiere una firma en el momento de la entrega. Si no se encuentra en casa en el momento de la entrega, el paquete se tratar\u00e1 seg\u00fan las normas de su servicio nacional de correos. En la mayor\u00eda de los casos, como en EE.UU., Canad\u00e1, Australia y Reino Unido, se le dejar\u00e1 una nota para que recoja el paquete en su oficina de correos local o les llame para reprogramar la entrega en un momento adecuado.<\/p>\n<p><strong>Tiempos de tr\u00e1nsito<\/strong>\u00a0(aproximado, no garantizado):<\/p>\n<ul>\n<li>EE.UU. continental - 3 semanas<\/li>\n<li>EE.UU. (Hawai, AK) - 4 semanas<\/li>\n<li>Canad\u00e1 - 3 semanas<\/li>\n<li>Australia - 3 semanas<\/li>\n<li>Asia - 3 semanas<\/li>\n<li>Am\u00e9rica del Sur - 3-4 semanas<\/li>\n<li>Uni\u00f3n Europea - 2 semanas<\/li>\n<\/ul>\n<p><a>Env\u00edo urgente en 3 d\u00edas<\/a><\/p>\n<p><strong>Precio<\/strong>: Env\u00edenos un mensaje para una estimaci\u00f3n de los gastos de env\u00edo.<\/p>\n<p><strong>Transportista<\/strong>: DHL<\/p>\n<p><strong>Condiciones de entrega:<\/strong><br \/>\nSe requiere n\u00famero de tel\u00e9fono para realizar el env\u00edo. Los paquetes se entregan en su puerta y se requiere una firma para aceptarlos.<\/p>\n<p><strong>Tiempos de tr\u00e1nsito<\/strong>\u00a0(garantizado):<\/p>\n<ul>\n<li>En todo el mundo - 3 d\u00edas laborables<\/li>\n<\/ul>\n<p><a>Seguimiento<\/a><\/p>\n<p>Le enviaremos un n\u00famero de seguimiento en cuanto enviemos su pedido. Consulte el enlace de seguimiento en\u00a0<a href=\"https:\/\/www.track-trace.com\/\">www.track-trace.com<\/a>\u00a0o en el sitio web de su puesto nacional:<\/p>\n<p>ESTADOS UNIDOS:\u00a0<a href=\"https:\/\/www.usps.com\/\">www.usps.com<\/a><br \/>\nCanad\u00e1:\u00a0<a href=\"https:\/\/www.canadapost.ca\/cpc\/en\/home.page\">www.canadapost.ca<\/a><br \/>\nAustralia:\u00a0<a href=\"https:\/\/auspost.com.au\/\">https:\/\/auspost.com.au\/<\/a><br \/>\nREINO UNIDO:\u00a0<a href=\"https:\/\/www.parcelforce.com\/\">www.parcelforce.com<\/a><\/p>\n<p>Las actualizaciones de estado para los env\u00edos gratuitos y prioritarios s\u00f3lo est\u00e1n disponibles una vez que el paquete entra en la aduana de su pa\u00eds.<\/p>\n<p><a>P\u00e9rdida o retraso de paquetes<\/a><\/p>\n<p>El servicio postal nacional es muy fiable en todas las partes del mundo y la p\u00e9rdida de paquetes es extremadamente rara, seg\u00fan nuestra experiencia en el env\u00edo de miles de paquetes a m\u00e1s de 40 pa\u00edses, incluidos EE.UU., Canad\u00e1, Australia, Reino Unido y la UE.<br \/>\nSi se pierde un paquete, le enviaremos uno de sustituci\u00f3n gratuitamente.<br \/>\nPuede ponerse en contacto con nosotros si su paquete no ha entrado en su pa\u00eds en m\u00e1s de 1 mes. No podemos acelerar la entrega, pero podemos emitir una consulta oficial a Correos para intentar localizar el paquete.<\/p>\n<p><a>Anulaciones<\/a><\/p>\n<p>Si desea cancelar su pedido o parte de \u00e9l, p\u00f3ngase en contacto con nosotros. Podremos cancelar los art\u00edculos que a\u00fan no hayamos empezado a crear.<\/p>\n<p><a>Returns & Refunds<\/a><\/p>\n<ul>\n<li>Si usted no est\u00e1 completamente satisfecho con su compra o desea devolver un art\u00edculo, por favor, p\u00f3ngase en contacto con nosotros. Todas las devoluciones deben ser previamente aprobadas por Home of Wool.<\/li>\n<li>Si su art\u00edculo lleg\u00f3 tal y como se describ\u00eda y sin defectos ni errores de fabricaci\u00f3n (se utiliz\u00f3 un tejido diferente, se aplic\u00f3 un dise\u00f1o incorrecto, m\u00e1s de 5% de desviaci\u00f3n en longitud o anchura), puede solicitar la devoluci\u00f3n de un art\u00edculo no personalizado dentro de las 2 primeras semanas tras la entrega. Los art\u00edculos deben devolverse en un plazo de 30 d\u00edas a partir de la entrega. Los reembolsos no incluyen los gastos de plataforma y de pago, por lo que pueden ascender hasta 82% del valor del pedido. Los art\u00edculos personalizados no se pueden devolver.<\/li>\n<li>Si su art\u00edculo llega con un defecto o error de fabricaci\u00f3n (se utiliz\u00f3 un tejido diferente, se aplic\u00f3 un dise\u00f1o incorrecto, m\u00e1s de 5% de desviaci\u00f3n en longitud o anchura), fabricaremos y enviaremos un nuevo art\u00edculo o emitiremos un reembolso completo por el art\u00edculo afectado.<\/li>\n<li>Si el art\u00edculo no se entrega debido a que la direcci\u00f3n est\u00e1 incompleta, es ilegible o incorrecta, el destinatario no se encuentra en la direcci\u00f3n (desconocido, trasladado o fallecido) o el correo no ha sido reclamado o ha sido rechazado, el art\u00edculo se puede volver a enviar a su cargo, emitiendo una factura por los gastos de env\u00edo de la devoluci\u00f3n. Si no desea que le volvamos a enviar un art\u00edculo no personalizado, podemos realizar un reembolso parcial, excluyendo los gastos de plataforma y de pago y los gastos de env\u00edo de la devoluci\u00f3n, por lo que el reembolso puede ser de hasta el 82% del valor del art\u00edculo. Los art\u00edculos personalizados no son reembolsables y s\u00f3lo pueden ser reenviados.<\/li>\n<li>Si se aprueba la devoluci\u00f3n de su art\u00edculo, declare el valor por debajo de $15, de lo contrario se aplicar\u00e1n impuestos de aduana aunque no se trate de una compra sino de una devoluci\u00f3n. Si se cobran tasas de importaci\u00f3n, se deducir\u00e1n del importe del reembolso. Los art\u00edculos devueltos deben estar en su estado inicial. Los reembolsos se efectuar\u00e1n una vez que hayamos recibido los art\u00edculos y los hayamos inspeccionado.<\/li>\n<li>Rendimientos europeos<br \/>\nLos clientes europeos pueden utilizar la empresa de mensajer\u00eda DPD para devolver paquetes, incluidos colchones, a un precio muy bajo, que suele rondar los 30-40 euros. Solicite la recogida en la puerta de su casa, detalles en www.dpd.com<\/li>\n<li>Todos los reembolsos se efectuar\u00e1n a la misma tarjeta utilizada para realizar el pago. La transferencia puede tardar hasta 3 d\u00edas laborables tras la emisi\u00f3n del reembolso.<\/li>\n<\/ul>","protected":false},"excerpt":{"rendered":"<p>Standard Make Time Smaller items take us 4-6 business days to create and larger items 7-10 business days. Depending on the current workload, make time could vary by a few days. Rush Order Make Time We can prioritize your order for completion within 5 business days. Please contact us and [&hellip;]<\/p>\n","protected":false},"author":4,"featured_media":0,"parent":0,"menu_order":0,"comment_status":"closed","ping_status":"closed","template":"","meta":{"footnotes":""},"class_list":["post-2","page","type-page","status-publish","hentry"],"yoast_head":"<!-- This site is optimized with the Yoast SEO plugin v27.5 - https:\/\/yoast.com\/product\/yoast-seo-wordpress\/ -->\n<title>Policies | NomadHeat<\/title>\n<meta name=\"robots\" content=\"index, follow, max-snippet:-1, max-image-preview:large, max-video-preview:-1\" \/>\n<link rel=\"canonical\" href=\"https:\/\/nomadheat.com\/es\/politicas\/\" \/>\n<meta property=\"og:locale\" content=\"es_ES\" \/>\n<meta property=\"og:type\" content=\"article\" \/>\n<meta property=\"og:title\" content=\"Policies | NomadHeat\" \/>\n<meta property=\"og:description\" content=\"Standard Make Time Smaller items take us 4-6 business days to create and larger items 7-10 business days. Depending on the current workload, make time could vary by a few days. Rush Order Make Time We can prioritize your order for completion within 5 business days. Please contact us and [&hellip;]\" \/>\n<meta property=\"og:url\" content=\"https:\/\/nomadheat.com\/es\/politicas\/\" \/>\n<meta property=\"og:site_name\" content=\"NomadHeat\" \/>\n<meta property=\"article:modified_time\" content=\"2022-07-20T10:52:29+00:00\" \/>\n<meta name=\"twitter:card\" content=\"summary_large_image\" \/>\n<meta name=\"twitter:label1\" content=\"Tiempo de lectura\" \/>\n\t<meta name=\"twitter:data1\" content=\"5 minutos\" \/>\n<script type=\"application\/ld+json\" class=\"yoast-schema-graph\">{\"@context\":\"https:\\\/\\\/schema.org\",\"@graph\":[{\"@type\":\"WebPage\",\"@id\":\"https:\\\/\\\/nomadheat.com\\\/es\\\/politicas\\\/\",\"url\":\"https:\\\/\\\/nomadheat.com\\\/es\\\/politicas\\\/\",\"name\":\"Policies | NomadHeat\",\"isPartOf\":{\"@id\":\"https:\\\/\\\/nomadheat.com\\\/nl\\\/#website\"},\"datePublished\":\"2021-06-16T08:51:54+00:00\",\"dateModified\":\"2022-07-20T10:52:29+00:00\",\"breadcrumb\":{\"@id\":\"https:\\\/\\\/nomadheat.com\\\/es\\\/politicas\\\/#breadcrumb\"},\"inLanguage\":\"es\",\"potentialAction\":[{\"@type\":\"ReadAction\",\"target\":[\"https:\\\/\\\/nomadheat.com\\\/es\\\/politicas\\\/\"]}]},{\"@type\":\"BreadcrumbList\",\"@id\":\"https:\\\/\\\/nomadheat.com\\\/es\\\/politicas\\\/#breadcrumb\",\"itemListElement\":[{\"@type\":\"ListItem\",\"position\":1,\"name\":\"Home\",\"item\":\"https:\\\/\\\/nomadheat.com\\\/nl\\\/\"},{\"@type\":\"ListItem\",\"position\":2,\"name\":\"Policies\"}]},{\"@type\":\"WebSite\",\"@id\":\"https:\\\/\\\/nomadheat.com\\\/nl\\\/#website\",\"url\":\"https:\\\/\\\/nomadheat.com\\\/nl\\\/\",\"name\":\"NomadHeat\",\"description\":\"Handmade Wool Sleeping Bags\",\"publisher\":{\"@id\":\"https:\\\/\\\/nomadheat.com\\\/nl\\\/#organization\"},\"potentialAction\":[{\"@type\":\"SearchAction\",\"target\":{\"@type\":\"EntryPoint\",\"urlTemplate\":\"https:\\\/\\\/nomadheat.com\\\/nl\\\/?s={search_term_string}\"},\"query-input\":{\"@type\":\"PropertyValueSpecification\",\"valueRequired\":true,\"valueName\":\"search_term_string\"}}],\"inLanguage\":\"es\"},{\"@type\":\"Organization\",\"@id\":\"https:\\\/\\\/nomadheat.com\\\/nl\\\/#organization\",\"name\":\"Nomad Heat\",\"url\":\"https:\\\/\\\/nomadheat.com\\\/nl\\\/\",\"logo\":{\"@type\":\"ImageObject\",\"inLanguage\":\"es\",\"@id\":\"https:\\\/\\\/nomadheat.com\\\/nl\\\/#\\\/schema\\\/logo\\\/image\\\/\",\"url\":\"https:\\\/\\\/nomadheat.com\\\/wp-content\\\/uploads\\\/2021\\\/10\\\/favicon.png\",\"contentUrl\":\"https:\\\/\\\/nomadheat.com\\\/wp-content\\\/uploads\\\/2021\\\/10\\\/favicon.png\",\"width\":512,\"height\":512,\"caption\":\"Nomad Heat\"},\"image\":{\"@id\":\"https:\\\/\\\/nomadheat.com\\\/nl\\\/#\\\/schema\\\/logo\\\/image\\\/\"}}]}<\/script>\n<!-- \/ Yoast SEO plugin. -->","yoast_head_json":{"title":"Pol\u00edticas | NomadHeat","robots":{"index":"index","follow":"follow","max-snippet":"max-snippet:-1","max-image-preview":"max-image-preview:large","max-video-preview":"max-video-preview:-1"},"canonical":"https:\/\/nomadheat.com\/es\/politicas\/","og_locale":"es_ES","og_type":"article","og_title":"Policies | NomadHeat","og_description":"Standard Make Time Smaller items take us 4-6 business days to create and larger items 7-10 business days. Depending on the current workload, make time could vary by a few days. Rush Order Make Time We can prioritize your order for completion within 5 business days. Please contact us and [&hellip;]","og_url":"https:\/\/nomadheat.com\/es\/politicas\/","og_site_name":"NomadHeat","article_modified_time":"2022-07-20T10:52:29+00:00","twitter_card":"summary_large_image","twitter_misc":{"Tiempo de lectura":"5 minutos"},"schema":{"@context":"https:\/\/schema.org","@graph":[{"@type":"WebPage","@id":"https:\/\/nomadheat.com\/es\/politicas\/","url":"https:\/\/nomadheat.com\/es\/politicas\/","name":"Pol\u00edticas | NomadHeat","isPartOf":{"@id":"https:\/\/nomadheat.com\/nl\/#website"},"datePublished":"2021-06-16T08:51:54+00:00","dateModified":"2022-07-20T10:52:29+00:00","breadcrumb":{"@id":"https:\/\/nomadheat.com\/es\/politicas\/#breadcrumb"},"inLanguage":"es","potentialAction":[{"@type":"ReadAction","target":["https:\/\/nomadheat.com\/es\/politicas\/"]}]},{"@type":"BreadcrumbList","@id":"https:\/\/nomadheat.com\/es\/politicas\/#breadcrumb","itemListElement":[{"@type":"ListItem","position":1,"name":"Home","item":"https:\/\/nomadheat.com\/nl\/"},{"@type":"ListItem","position":2,"name":"Policies"}]},{"@type":"WebSite","@id":"https:\/\/nomadheat.com\/nl\/#website","url":"https:\/\/nomadheat.com\/nl\/","name":"NomadHeat","description":"Sacos de dormir de lana hechos a mano","publisher":{"@id":"https:\/\/nomadheat.com\/nl\/#organization"},"potentialAction":[{"@type":"SearchAction","target":{"@type":"EntryPoint","urlTemplate":"https:\/\/nomadheat.com\/nl\/?s={search_term_string}"},"query-input":{"@type":"PropertyValueSpecification","valueRequired":true,"valueName":"search_term_string"}}],"inLanguage":"es"},{"@type":"Organization","@id":"https:\/\/nomadheat.com\/nl\/#organization","name":"Calor n\u00f3mada","url":"https:\/\/nomadheat.com\/nl\/","logo":{"@type":"ImageObject","inLanguage":"es","@id":"https:\/\/nomadheat.com\/nl\/#\/schema\/logo\/image\/","url":"https:\/\/nomadheat.com\/wp-content\/uploads\/2021\/10\/favicon.png","contentUrl":"https:\/\/nomadheat.com\/wp-content\/uploads\/2021\/10\/favicon.png","width":512,"height":512,"caption":"Nomad Heat"},"image":{"@id":"https:\/\/nomadheat.com\/nl\/#\/schema\/logo\/image\/"}}]}},"_links":{"self":[{"href":"https:\/\/nomadheat.com\/es\/wp-json\/wp\/v2\/pages\/2","targetHints":{"allow":["GET"]}}],"collection":[{"href":"https:\/\/nomadheat.com\/es\/wp-json\/wp\/v2\/pages"}],"about":[{"href":"https:\/\/nomadheat.com\/es\/wp-json\/wp\/v2\/types\/page"}],"author":[{"embeddable":true,"href":"https:\/\/nomadheat.com\/es\/wp-json\/wp\/v2\/users\/4"}],"replies":[{"embeddable":true,"href":"https:\/\/nomadheat.com\/es\/wp-json\/wp\/v2\/comments?post=2"}],"version-history":[{"count":0,"href":"https:\/\/nomadheat.com\/es\/wp-json\/wp\/v2\/pages\/2\/revisions"}],"wp:attachment":[{"href":"https:\/\/nomadheat.com\/es\/wp-json\/wp\/v2\/media?parent=2"}],"curies":[{"name":"wp","href":"https:\/\/api.w.org\/{rel}","templated":true}]}}