{"id":909,"date":"2023-01-31T13:25:32","date_gmt":"2023-01-31T11:25:32","guid":{"rendered":"https:\/\/nomadheat.com\/?post_type=product&#038;p=909"},"modified":"2024-03-13T16:02:42","modified_gmt":"2024-03-13T14:02:42","slug":"duo-schlafsack-2","status":"publish","type":"product","link":"https:\/\/nomadheat.com\/de\/shop\/duo-sleeping-bag\/","title":{"rendered":"Camp Zero Duo Wolle Schlafsack"},"content":{"rendered":"<p><strong>FEATURES<\/strong><br \/>\n- Der luxuri\u00f6se, nat\u00fcrliche Maulbeerseidenstoff und die Wollwatte im Inneren der Kapuze reduzieren die Ger\u00e4uschentwicklung und erh\u00f6hen den Komfort<br \/>\n- Kordelzug an der Kapuze und am Isolierkragen zur einfachen Anpassung<br \/>\n- L\u00fcftungsschleifen aufh\u00e4ngen<br \/>\n- Klimaregulierung durch einen zentralen 2-Wege-Rei\u00dfverschluss<br \/>\n- YKK-Rei\u00dfverschluss verhindert das Einklemmen von Material<\/p>\n<p><strong>SCHLAFSACK<\/strong><br \/>\nGr\u00f6\u00dfe: 235 x 158 x 2 cm<br \/>\nGewicht: 7,5 kg<\/p>\n<p>Materialien<br \/>\nObermaterial: 100% Leinen (\u00d6ko-Tex zertifiziert)<br \/>\nFutter: 100% Nat\u00fcrliche Maulbeerseide<br \/>\nF\u00fcllung: 600 Gramm Wollwatte (GOTS-zertifiziert) pro Quadratmeter (1,58 lbs per square yard)<\/p>\n<p>Maschinenwaschbar: Ja<br \/>\nVOC, HAP, Kunststoffe, chemikalienfrei<\/p>\n<p><strong>SCHLAFS\u00c4CKE<\/strong><br \/>\nGr\u00f6\u00dfe: 46 x 25 cm<\/p>\n<p>Materialien<br \/>\nBezug: 100% Bio-Baumwolle (GOTS-zertifiziert)<br \/>\nF\u00fcllung: Wollf\u00fcllung (GOTS-zertifiziert)<\/p>\n<p>Maschinenwaschbar: Ja<br \/>\nVOC, HAP, Kunststoffe, chemikalienfrei<\/p>\n<p><strong>NACHHALTIGKEIT<\/strong><br \/>\nAlle Materialien in diesem Schlafsack sind nat\u00fcrlich, biologisch abbaubar, nachhaltig und erneuerbar.<\/p>\n<p><strong>PRODUKTPFLEGE<\/strong><br \/>\nUnsere Schlafs\u00e4cke sind aus hochwertigen, langlebigen Materialien gefertigt. Damit Sie lange Freude an ihnen haben, sollten Sie die <a href=\"https:\/\/nomadheat.com\/de\/pflege\/\">Pflegehinweise<\/a>.<\/p>","protected":false},"excerpt":{"rendered":"<p>Extrem guter, erholsamer Schlaf mit dem ultraluxuri\u00f6sen Camp-Schlafsack.<br \/>\nDie Verwendung ausschlie\u00dflich nat\u00fcrlicher Materialien - Leinen, Maulbeerseide und Wolle - sorgt f\u00fcr eine un\u00fcbertroffene Temperatur- und Feuchtigkeitsregulierung und bietet einen unvergleichlichen Schlafkomfort.<br \/>\nGeeignet f\u00fcr Reisende, die mit Zelten und Wohnmobilen auf Abenteuerreise gehen.<br \/>\n*Verwendung im Freien mit Biwaksack.<\/p>","protected":false},"featured_media":916,"comment_status":"open","ping_status":"closed","template":"","meta":[],"product_brand":[],"product_cat":[19],"product_tag":[22,51,23,26,21,50],"class_list":{"0":"post-909","1":"product","2":"type-product","3":"status-publish","4":"has-post-thumbnail","6":"product_cat-sleeping-bags","7":"product_tag-camping","8":"product_tag-organic-wool-sleeping-bag","9":"product_tag-outdoor-sleeping","10":"product_tag-sleeping-bags-for-adults","11":"product_tag-summer-sleeping-bag","12":"product_tag-wool-sleep-sack","14":"first","15":"instock","16":"shipping-taxable","17":"purchasable","18":"product-type-simple"},"yoast_head":"<!-- This site is optimized with the Yoast SEO plugin v27.4 - https:\/\/yoast.com\/product\/yoast-seo-wordpress\/ -->\n<title>Camp Zero Duo Wool Sleeping Bag | NomadHeat | All-natural Sleeping Bags<\/title>\n<meta name=\"description\" content=\"Extremely good restorative sleep with the ultimately luxurious Duo Sleeping bag. Suitable for travelers going on any type of adventure.\" \/>\n<meta name=\"robots\" content=\"index, follow, max-snippet:-1, max-image-preview:large, max-video-preview:-1\" \/>\n<link rel=\"canonical\" href=\"https:\/\/www.nomadheat.com\/shop\/duo-sleeping-bag\/\" \/>\n<meta property=\"og:locale\" content=\"de_DE\" \/>\n<meta property=\"og:type\" content=\"article\" \/>\n<meta property=\"og:title\" content=\"Camp Zero Duo Wool Sleeping Bag | NomadHeat | All-natural Sleeping Bags\" \/>\n<meta property=\"og:description\" content=\"Extremely good restorative sleep with the ultimately luxurious Duo Sleeping bag. Suitable for travelers going on any type of adventure.\" \/>\n<meta property=\"og:url\" content=\"https:\/\/www.nomadheat.com\/shop\/duo-sleeping-bag\/\" \/>\n<meta property=\"og:site_name\" content=\"NomadHeat\" \/>\n<meta property=\"article:modified_time\" content=\"2024-03-13T14:02:42+00:00\" \/>\n<meta property=\"og:image\" content=\"https:\/\/www.nomadheat.com\/wp-content\/uploads\/2023\/01\/Nomad-Heat-duo-sleeping-bag.jpg\" \/>\n\t<meta property=\"og:image:width\" content=\"1200\" \/>\n\t<meta property=\"og:image:height\" content=\"960\" \/>\n\t<meta property=\"og:image:type\" content=\"image\/jpeg\" \/>\n<meta name=\"twitter:card\" content=\"summary_large_image\" \/>\n<meta name=\"twitter:label1\" content=\"Gesch\u00e4tzte Lesezeit\" \/>\n\t<meta name=\"twitter:data1\" content=\"1\u00a0Minute\" \/>\n<script type=\"application\/ld+json\" class=\"yoast-schema-graph\">{\"@context\":\"https:\\\/\\\/schema.org\",\"@graph\":[{\"@type\":\"WebPage\",\"@id\":\"https:\\\/\\\/www.nomadheat.com\\\/shop\\\/duo-sleeping-bag\\\/\",\"url\":\"https:\\\/\\\/www.nomadheat.com\\\/shop\\\/duo-sleeping-bag\\\/\",\"name\":\"Camp Zero Duo Wool Sleeping Bag | NomadHeat | All-natural Sleeping Bags\",\"isPartOf\":{\"@id\":\"https:\\\/\\\/nomadheat.com\\\/nl\\\/#website\"},\"primaryImageOfPage\":{\"@id\":\"https:\\\/\\\/www.nomadheat.com\\\/shop\\\/duo-sleeping-bag\\\/#primaryimage\"},\"image\":{\"@id\":\"https:\\\/\\\/www.nomadheat.com\\\/shop\\\/duo-sleeping-bag\\\/#primaryimage\"},\"thumbnailUrl\":\"https:\\\/\\\/nomadheat.com\\\/wp-content\\\/uploads\\\/2023\\\/01\\\/Nomad-Heat-duo-sleeping-bag.jpg\",\"datePublished\":\"2023-01-31T11:25:32+00:00\",\"dateModified\":\"2024-03-13T14:02:42+00:00\",\"description\":\"Extremely good restorative sleep with the ultimately luxurious Duo Sleeping bag. Suitable for travelers going on any type of adventure.\",\"breadcrumb\":{\"@id\":\"https:\\\/\\\/www.nomadheat.com\\\/shop\\\/duo-sleeping-bag\\\/#breadcrumb\"},\"inLanguage\":\"de\",\"potentialAction\":[{\"@type\":\"ReadAction\",\"target\":[\"https:\\\/\\\/www.nomadheat.com\\\/shop\\\/duo-sleeping-bag\\\/\"]}]},{\"@type\":\"ImageObject\",\"inLanguage\":\"de\",\"@id\":\"https:\\\/\\\/www.nomadheat.com\\\/shop\\\/duo-sleeping-bag\\\/#primaryimage\",\"url\":\"https:\\\/\\\/nomadheat.com\\\/wp-content\\\/uploads\\\/2023\\\/01\\\/Nomad-Heat-duo-sleeping-bag.jpg\",\"contentUrl\":\"https:\\\/\\\/nomadheat.com\\\/wp-content\\\/uploads\\\/2023\\\/01\\\/Nomad-Heat-duo-sleeping-bag.jpg\",\"width\":1200,\"height\":960,\"caption\":\"Nomad Heat duo sleeping bag\"},{\"@type\":\"BreadcrumbList\",\"@id\":\"https:\\\/\\\/www.nomadheat.com\\\/shop\\\/duo-sleeping-bag\\\/#breadcrumb\",\"itemListElement\":[{\"@type\":\"ListItem\",\"position\":1,\"name\":\"Home\",\"item\":\"https:\\\/\\\/nomadheat.com\\\/nl\\\/\"},{\"@type\":\"ListItem\",\"position\":2,\"name\":\"Shop\",\"item\":\"https:\\\/\\\/nomadheat.com\\\/sv\\\/butik\\\/\"},{\"@type\":\"ListItem\",\"position\":3,\"name\":\"Camp Zero Duo Wool Sleeping Bag\"}]},{\"@type\":\"WebSite\",\"@id\":\"https:\\\/\\\/nomadheat.com\\\/nl\\\/#website\",\"url\":\"https:\\\/\\\/nomadheat.com\\\/nl\\\/\",\"name\":\"NomadHeat\",\"description\":\"Handmade Wool Sleeping Bags\",\"publisher\":{\"@id\":\"https:\\\/\\\/nomadheat.com\\\/nl\\\/#organization\"},\"potentialAction\":[{\"@type\":\"SearchAction\",\"target\":{\"@type\":\"EntryPoint\",\"urlTemplate\":\"https:\\\/\\\/nomadheat.com\\\/nl\\\/?s={search_term_string}\"},\"query-input\":{\"@type\":\"PropertyValueSpecification\",\"valueRequired\":true,\"valueName\":\"search_term_string\"}}],\"inLanguage\":\"de\"},{\"@type\":\"Organization\",\"@id\":\"https:\\\/\\\/nomadheat.com\\\/nl\\\/#organization\",\"name\":\"Nomad Heat\",\"url\":\"https:\\\/\\\/nomadheat.com\\\/nl\\\/\",\"logo\":{\"@type\":\"ImageObject\",\"inLanguage\":\"de\",\"@id\":\"https:\\\/\\\/nomadheat.com\\\/nl\\\/#\\\/schema\\\/logo\\\/image\\\/\",\"url\":\"https:\\\/\\\/nomadheat.com\\\/wp-content\\\/uploads\\\/2021\\\/10\\\/favicon.png\",\"contentUrl\":\"https:\\\/\\\/nomadheat.com\\\/wp-content\\\/uploads\\\/2021\\\/10\\\/favicon.png\",\"width\":512,\"height\":512,\"caption\":\"Nomad Heat\"},\"image\":{\"@id\":\"https:\\\/\\\/nomadheat.com\\\/nl\\\/#\\\/schema\\\/logo\\\/image\\\/\"}}]}<\/script>\n<!-- \/ Yoast SEO plugin. -->","yoast_head_json":{"title":"Camp Zero Duo Wolle Schlafsack | NomadHeat | All-natural Schlafs\u00e4cke","description":"Extrem guter, erholsamer Schlaf mit dem ultraluxuri\u00f6sen Duo-Schlafsack. Geeignet f\u00fcr Reisende, die auf jede Art von Abenteuer gehen.","robots":{"index":"index","follow":"follow","max-snippet":"max-snippet:-1","max-image-preview":"max-image-preview:large","max-video-preview":"max-video-preview:-1"},"canonical":"https:\/\/www.nomadheat.com\/shop\/duo-sleeping-bag\/","og_locale":"de_DE","og_type":"article","og_title":"Camp Zero Duo Wool Sleeping Bag | NomadHeat | All-natural Sleeping Bags","og_description":"Extremely good restorative sleep with the ultimately luxurious Duo Sleeping bag. Suitable for travelers going on any type of adventure.","og_url":"https:\/\/www.nomadheat.com\/shop\/duo-sleeping-bag\/","og_site_name":"NomadHeat","article_modified_time":"2024-03-13T14:02:42+00:00","og_image":[{"width":1200,"height":960,"url":"https:\/\/www.nomadheat.com\/wp-content\/uploads\/2023\/01\/Nomad-Heat-duo-sleeping-bag.jpg","type":"image\/jpeg"}],"twitter_card":"summary_large_image","twitter_misc":{"Gesch\u00e4tzte Lesezeit":"1\u00a0Minute"},"schema":{"@context":"https:\/\/schema.org","@graph":[{"@type":"WebPage","@id":"https:\/\/www.nomadheat.com\/shop\/duo-sleeping-bag\/","url":"https:\/\/www.nomadheat.com\/shop\/duo-sleeping-bag\/","name":"Camp Zero Duo Wolle Schlafsack | NomadHeat | All-natural Schlafs\u00e4cke","isPartOf":{"@id":"https:\/\/nomadheat.com\/nl\/#website"},"primaryImageOfPage":{"@id":"https:\/\/www.nomadheat.com\/shop\/duo-sleeping-bag\/#primaryimage"},"image":{"@id":"https:\/\/www.nomadheat.com\/shop\/duo-sleeping-bag\/#primaryimage"},"thumbnailUrl":"https:\/\/nomadheat.com\/wp-content\/uploads\/2023\/01\/Nomad-Heat-duo-sleeping-bag.jpg","datePublished":"2023-01-31T11:25:32+00:00","dateModified":"2024-03-13T14:02:42+00:00","description":"Extrem guter, erholsamer Schlaf mit dem ultraluxuri\u00f6sen Duo-Schlafsack. Geeignet f\u00fcr Reisende, die auf jede Art von Abenteuer gehen.","breadcrumb":{"@id":"https:\/\/www.nomadheat.com\/shop\/duo-sleeping-bag\/#breadcrumb"},"inLanguage":"de","potentialAction":[{"@type":"ReadAction","target":["https:\/\/www.nomadheat.com\/shop\/duo-sleeping-bag\/"]}]},{"@type":"ImageObject","inLanguage":"de","@id":"https:\/\/www.nomadheat.com\/shop\/duo-sleeping-bag\/#primaryimage","url":"https:\/\/nomadheat.com\/wp-content\/uploads\/2023\/01\/Nomad-Heat-duo-sleeping-bag.jpg","contentUrl":"https:\/\/nomadheat.com\/wp-content\/uploads\/2023\/01\/Nomad-Heat-duo-sleeping-bag.jpg","width":1200,"height":960,"caption":"Nomad Heat duo sleeping bag"},{"@type":"BreadcrumbList","@id":"https:\/\/www.nomadheat.com\/shop\/duo-sleeping-bag\/#breadcrumb","itemListElement":[{"@type":"ListItem","position":1,"name":"Home","item":"https:\/\/nomadheat.com\/nl\/"},{"@type":"ListItem","position":2,"name":"Shop","item":"https:\/\/nomadheat.com\/sv\/butik\/"},{"@type":"ListItem","position":3,"name":"Camp Zero Duo Wool Sleeping Bag"}]},{"@type":"WebSite","@id":"https:\/\/nomadheat.com\/nl\/#website","url":"https:\/\/nomadheat.com\/nl\/","name":"NomadHeat","description":"Handgefertigte Schlafs\u00e4cke aus Wolle","publisher":{"@id":"https:\/\/nomadheat.com\/nl\/#organization"},"potentialAction":[{"@type":"SearchAction","target":{"@type":"EntryPoint","urlTemplate":"https:\/\/nomadheat.com\/nl\/?s={search_term_string}"},"query-input":{"@type":"PropertyValueSpecification","valueRequired":true,"valueName":"search_term_string"}}],"inLanguage":"de"},{"@type":"Organization","@id":"https:\/\/nomadheat.com\/nl\/#organization","name":"Nomadenw\u00e4rme","url":"https:\/\/nomadheat.com\/nl\/","logo":{"@type":"ImageObject","inLanguage":"de","@id":"https:\/\/nomadheat.com\/nl\/#\/schema\/logo\/image\/","url":"https:\/\/nomadheat.com\/wp-content\/uploads\/2021\/10\/favicon.png","contentUrl":"https:\/\/nomadheat.com\/wp-content\/uploads\/2021\/10\/favicon.png","width":512,"height":512,"caption":"Nomad Heat"},"image":{"@id":"https:\/\/nomadheat.com\/nl\/#\/schema\/logo\/image\/"}}]}},"_links":{"self":[{"href":"https:\/\/nomadheat.com\/de\/wp-json\/wp\/v2\/product\/909","targetHints":{"allow":["GET"]}}],"collection":[{"href":"https:\/\/nomadheat.com\/de\/wp-json\/wp\/v2\/product"}],"about":[{"href":"https:\/\/nomadheat.com\/de\/wp-json\/wp\/v2\/types\/product"}],"replies":[{"embeddable":true,"href":"https:\/\/nomadheat.com\/de\/wp-json\/wp\/v2\/comments?post=909"}],"wp:featuredmedia":[{"embeddable":true,"href":"https:\/\/nomadheat.com\/de\/wp-json\/wp\/v2\/media\/916"}],"wp:attachment":[{"href":"https:\/\/nomadheat.com\/de\/wp-json\/wp\/v2\/media?parent=909"}],"wp:term":[{"taxonomy":"product_brand","embeddable":true,"href":"https:\/\/nomadheat.com\/de\/wp-json\/wp\/v2\/product_brand?post=909"},{"taxonomy":"product_cat","embeddable":true,"href":"https:\/\/nomadheat.com\/de\/wp-json\/wp\/v2\/product_cat?post=909"},{"taxonomy":"product_tag","embeddable":true,"href":"https:\/\/nomadheat.com\/de\/wp-json\/wp\/v2\/product_tag?post=909"}],"curies":[{"name":"wp","href":"https:\/\/api.w.org\/{rel}","templated":true}]}}