{"id":659,"date":"2022-04-28T19:52:01","date_gmt":"2022-04-28T16:52:01","guid":{"rendered":"https:\/\/nomadheat.com\/?post_type=product&#038;p=659"},"modified":"2024-11-08T13:35:00","modified_gmt":"2024-11-08T11:35:00","slug":"reisekopfkissen-2","status":"publish","type":"product","link":"https:\/\/nomadheat.com\/de\/shop\/travel-pillow\/","title":{"rendered":"Handgep\u00e4ck-Kissen"},"content":{"rendered":"<p><strong>FEATURES<\/strong><br \/>\n- Kopfkissenbezug mit Griff.<br \/>\n- Einsatzstoff: 100% Bio-Baumwolle<\/p>\n<p><strong>GR\u00d6SSE<\/strong><br \/>\n50 \u0445 60 cm (20 x 24\u2033)<\/p>\n<p><strong>STOFF DES KOPFKISSENBEZUGS<\/strong><br \/>\n100% Leinen, mittelschwer (\u00d6ko-Tex zertifiziert)<\/p>\n<p><strong>F\u00dcLLEN<\/strong><br \/>\n1,2 kg (2,7 lbs) 100% Bio-Loswolle (GOTS-zertifiziert)<\/p>\n<p><strong>NACHHALTIGKEIT<\/strong><br \/>\nAlle Materialien in diesem Schlafsack sind nat\u00fcrlich, biologisch abbaubar, nachhaltig und erneuerbar.<\/p>\n<p><strong>PRODUKTPFLEGE<\/strong><br \/>\nUnsere Isomatten sind aus hochwertigen, langlebigen Materialien gefertigt. Damit Sie lange Freude an ihnen haben, sollten Sie die folgenden Hinweise beachten <a href=\"https:\/\/nomadheat.com\/de\/pflege\/\">Pflegehinweise<\/a>.<\/p>","protected":false},"excerpt":{"rendered":"<p>Geeignet f\u00fcr Reisende, die mit Zelten und Wohnmobilen auf Abenteuerreise gehen.<\/p>","protected":false},"featured_media":664,"comment_status":"open","ping_status":"closed","template":"","meta":[],"product_brand":[],"product_cat":[20],"product_tag":[22,33,41,42,23,36,39,32,40],"class_list":{"0":"post-659","1":"product","2":"type-product","3":"status-publish","4":"has-post-thumbnail","6":"product_cat-accessories","7":"product_tag-camping","8":"product_tag-camping-essentials","9":"product_tag-glamping","10":"product_tag-hiking-trekking","11":"product_tag-outdoor-sleeping","12":"product_tag-outspan","13":"product_tag-overlanding","14":"product_tag-overlanding-gear","15":"product_tag-slow-living","17":"first","18":"instock","19":"shipping-taxable","20":"purchasable","21":"product-type-simple"},"yoast_head":"<!-- This site is optimized with the Yoast SEO plugin v27.3 - https:\/\/yoast.com\/product\/yoast-seo-wordpress\/ -->\n<title>Carry-On Pillow | NomadHeat<\/title>\n<meta name=\"description\" content=\"Enjoy extremely good restorative sleep with our all-natural travel pillow. Suitable for travelers going on adventures with tents and RVs.\" \/>\n<meta name=\"robots\" content=\"index, follow, max-snippet:-1, max-image-preview:large, max-video-preview:-1\" \/>\n<link rel=\"canonical\" href=\"https:\/\/nomadheat.com\/de\/shop\/reisekopfkissen-2\/\" \/>\n<meta property=\"og:locale\" content=\"de_DE\" \/>\n<meta property=\"og:type\" content=\"article\" \/>\n<meta property=\"og:title\" content=\"Carry-On Pillow | NomadHeat\" \/>\n<meta property=\"og:description\" content=\"Enjoy extremely good restorative sleep with our all-natural travel pillow. Suitable for travelers going on adventures with tents and RVs.\" \/>\n<meta property=\"og:url\" content=\"https:\/\/nomadheat.com\/de\/shop\/reisekopfkissen-2\/\" \/>\n<meta property=\"og:site_name\" content=\"NomadHeat\" \/>\n<meta property=\"article:modified_time\" content=\"2024-11-08T11:35:00+00:00\" \/>\n<meta property=\"og:image\" content=\"https:\/\/nomadheat.com\/wp-content\/uploads\/2022\/04\/Nomad-Heat-Travel-Pillow-1.jpg\" \/>\n\t<meta property=\"og:image:width\" content=\"2000\" \/>\n\t<meta property=\"og:image:height\" content=\"1600\" \/>\n\t<meta property=\"og:image:type\" content=\"image\/jpeg\" \/>\n<meta name=\"twitter:card\" content=\"summary_large_image\" \/>\n<meta name=\"twitter:label1\" content=\"Gesch\u00e4tzte Lesezeit\" \/>\n\t<meta name=\"twitter:data1\" content=\"1\u00a0Minute\" \/>\n<script type=\"application\/ld+json\" class=\"yoast-schema-graph\">{\"@context\":\"https:\\\/\\\/schema.org\",\"@graph\":[{\"@type\":\"WebPage\",\"@id\":\"https:\\\/\\\/nomadheat.com\\\/sv\\\/butik\\\/resekudde\\\/\",\"url\":\"https:\\\/\\\/nomadheat.com\\\/sv\\\/butik\\\/resekudde\\\/\",\"name\":\"Carry-On Pillow | NomadHeat\",\"isPartOf\":{\"@id\":\"https:\\\/\\\/nomadheat.com\\\/nl\\\/#website\"},\"primaryImageOfPage\":{\"@id\":\"https:\\\/\\\/nomadheat.com\\\/sv\\\/butik\\\/resekudde\\\/#primaryimage\"},\"image\":{\"@id\":\"https:\\\/\\\/nomadheat.com\\\/sv\\\/butik\\\/resekudde\\\/#primaryimage\"},\"thumbnailUrl\":\"https:\\\/\\\/nomadheat.com\\\/wp-content\\\/uploads\\\/2022\\\/04\\\/Nomad-Heat-Travel-Pillow-1.jpg\",\"datePublished\":\"2022-04-28T16:52:01+00:00\",\"dateModified\":\"2024-11-08T11:35:00+00:00\",\"description\":\"Enjoy extremely good restorative sleep with our all-natural travel pillow. Suitable for travelers going on adventures with tents and RVs.\",\"breadcrumb\":{\"@id\":\"https:\\\/\\\/nomadheat.com\\\/sv\\\/butik\\\/resekudde\\\/#breadcrumb\"},\"inLanguage\":\"de\",\"potentialAction\":[{\"@type\":\"ReadAction\",\"target\":[\"https:\\\/\\\/nomadheat.com\\\/sv\\\/butik\\\/resekudde\\\/\"]}]},{\"@type\":\"ImageObject\",\"inLanguage\":\"de\",\"@id\":\"https:\\\/\\\/nomadheat.com\\\/sv\\\/butik\\\/resekudde\\\/#primaryimage\",\"url\":\"https:\\\/\\\/nomadheat.com\\\/wp-content\\\/uploads\\\/2022\\\/04\\\/Nomad-Heat-Travel-Pillow-1.jpg\",\"contentUrl\":\"https:\\\/\\\/nomadheat.com\\\/wp-content\\\/uploads\\\/2022\\\/04\\\/Nomad-Heat-Travel-Pillow-1.jpg\",\"width\":2000,\"height\":1600,\"caption\":\"Nomad Heat Travel Pillow\"},{\"@type\":\"BreadcrumbList\",\"@id\":\"https:\\\/\\\/nomadheat.com\\\/sv\\\/butik\\\/resekudde\\\/#breadcrumb\",\"itemListElement\":[{\"@type\":\"ListItem\",\"position\":1,\"name\":\"Home\",\"item\":\"https:\\\/\\\/nomadheat.com\\\/nl\\\/\"},{\"@type\":\"ListItem\",\"position\":2,\"name\":\"Shop\",\"item\":\"https:\\\/\\\/nomadheat.com\\\/sv\\\/butik\\\/\"},{\"@type\":\"ListItem\",\"position\":3,\"name\":\"Carry-On Pillow\"}]},{\"@type\":\"WebSite\",\"@id\":\"https:\\\/\\\/nomadheat.com\\\/nl\\\/#website\",\"url\":\"https:\\\/\\\/nomadheat.com\\\/nl\\\/\",\"name\":\"NomadHeat\",\"description\":\"Handmade Wool Sleeping Bags\",\"publisher\":{\"@id\":\"https:\\\/\\\/nomadheat.com\\\/nl\\\/#organization\"},\"potentialAction\":[{\"@type\":\"SearchAction\",\"target\":{\"@type\":\"EntryPoint\",\"urlTemplate\":\"https:\\\/\\\/nomadheat.com\\\/nl\\\/?s={search_term_string}\"},\"query-input\":{\"@type\":\"PropertyValueSpecification\",\"valueRequired\":true,\"valueName\":\"search_term_string\"}}],\"inLanguage\":\"de\"},{\"@type\":\"Organization\",\"@id\":\"https:\\\/\\\/nomadheat.com\\\/nl\\\/#organization\",\"name\":\"Nomad Heat\",\"url\":\"https:\\\/\\\/nomadheat.com\\\/nl\\\/\",\"logo\":{\"@type\":\"ImageObject\",\"inLanguage\":\"de\",\"@id\":\"https:\\\/\\\/nomadheat.com\\\/nl\\\/#\\\/schema\\\/logo\\\/image\\\/\",\"url\":\"https:\\\/\\\/nomadheat.com\\\/wp-content\\\/uploads\\\/2021\\\/10\\\/favicon.png\",\"contentUrl\":\"https:\\\/\\\/nomadheat.com\\\/wp-content\\\/uploads\\\/2021\\\/10\\\/favicon.png\",\"width\":512,\"height\":512,\"caption\":\"Nomad Heat\"},\"image\":{\"@id\":\"https:\\\/\\\/nomadheat.com\\\/nl\\\/#\\\/schema\\\/logo\\\/image\\\/\"}}]}<\/script>\n<!-- \/ Yoast SEO plugin. -->","yoast_head_json":{"title":"Handgep\u00e4ck-Kissen | NomadHeat","description":"Genie\u00dfen Sie einen extrem guten, erholsamen Schlaf mit unserem nat\u00fcrlichen Reisekopfkissen. Geeignet f\u00fcr Reisende, die mit Zelten und Wohnmobilen auf Abenteuerreise gehen.","robots":{"index":"index","follow":"follow","max-snippet":"max-snippet:-1","max-image-preview":"max-image-preview:large","max-video-preview":"max-video-preview:-1"},"canonical":"https:\/\/nomadheat.com\/de\/shop\/reisekopfkissen-2\/","og_locale":"de_DE","og_type":"article","og_title":"Carry-On Pillow | NomadHeat","og_description":"Enjoy extremely good restorative sleep with our all-natural travel pillow. Suitable for travelers going on adventures with tents and RVs.","og_url":"https:\/\/nomadheat.com\/de\/shop\/reisekopfkissen-2\/","og_site_name":"NomadHeat","article_modified_time":"2024-11-08T11:35:00+00:00","og_image":[{"width":2000,"height":1600,"url":"https:\/\/nomadheat.com\/wp-content\/uploads\/2022\/04\/Nomad-Heat-Travel-Pillow-1.jpg","type":"image\/jpeg"}],"twitter_card":"summary_large_image","twitter_misc":{"Gesch\u00e4tzte Lesezeit":"1\u00a0Minute"},"schema":{"@context":"https:\/\/schema.org","@graph":[{"@type":"WebPage","@id":"https:\/\/nomadheat.com\/sv\/butik\/resekudde\/","url":"https:\/\/nomadheat.com\/sv\/butik\/resekudde\/","name":"Handgep\u00e4ck-Kissen | NomadHeat","isPartOf":{"@id":"https:\/\/nomadheat.com\/nl\/#website"},"primaryImageOfPage":{"@id":"https:\/\/nomadheat.com\/sv\/butik\/resekudde\/#primaryimage"},"image":{"@id":"https:\/\/nomadheat.com\/sv\/butik\/resekudde\/#primaryimage"},"thumbnailUrl":"https:\/\/nomadheat.com\/wp-content\/uploads\/2022\/04\/Nomad-Heat-Travel-Pillow-1.jpg","datePublished":"2022-04-28T16:52:01+00:00","dateModified":"2024-11-08T11:35:00+00:00","description":"Genie\u00dfen Sie einen extrem guten, erholsamen Schlaf mit unserem nat\u00fcrlichen Reisekopfkissen. Geeignet f\u00fcr Reisende, die mit Zelten und Wohnmobilen auf Abenteuerreise gehen.","breadcrumb":{"@id":"https:\/\/nomadheat.com\/sv\/butik\/resekudde\/#breadcrumb"},"inLanguage":"de","potentialAction":[{"@type":"ReadAction","target":["https:\/\/nomadheat.com\/sv\/butik\/resekudde\/"]}]},{"@type":"ImageObject","inLanguage":"de","@id":"https:\/\/nomadheat.com\/sv\/butik\/resekudde\/#primaryimage","url":"https:\/\/nomadheat.com\/wp-content\/uploads\/2022\/04\/Nomad-Heat-Travel-Pillow-1.jpg","contentUrl":"https:\/\/nomadheat.com\/wp-content\/uploads\/2022\/04\/Nomad-Heat-Travel-Pillow-1.jpg","width":2000,"height":1600,"caption":"Nomad Heat Travel Pillow"},{"@type":"BreadcrumbList","@id":"https:\/\/nomadheat.com\/sv\/butik\/resekudde\/#breadcrumb","itemListElement":[{"@type":"ListItem","position":1,"name":"Home","item":"https:\/\/nomadheat.com\/nl\/"},{"@type":"ListItem","position":2,"name":"Shop","item":"https:\/\/nomadheat.com\/sv\/butik\/"},{"@type":"ListItem","position":3,"name":"Carry-On Pillow"}]},{"@type":"WebSite","@id":"https:\/\/nomadheat.com\/nl\/#website","url":"https:\/\/nomadheat.com\/nl\/","name":"NomadHeat","description":"Handgefertigte Schlafs\u00e4cke aus Wolle","publisher":{"@id":"https:\/\/nomadheat.com\/nl\/#organization"},"potentialAction":[{"@type":"SearchAction","target":{"@type":"EntryPoint","urlTemplate":"https:\/\/nomadheat.com\/nl\/?s={search_term_string}"},"query-input":{"@type":"PropertyValueSpecification","valueRequired":true,"valueName":"search_term_string"}}],"inLanguage":"de"},{"@type":"Organization","@id":"https:\/\/nomadheat.com\/nl\/#organization","name":"Nomadenw\u00e4rme","url":"https:\/\/nomadheat.com\/nl\/","logo":{"@type":"ImageObject","inLanguage":"de","@id":"https:\/\/nomadheat.com\/nl\/#\/schema\/logo\/image\/","url":"https:\/\/nomadheat.com\/wp-content\/uploads\/2021\/10\/favicon.png","contentUrl":"https:\/\/nomadheat.com\/wp-content\/uploads\/2021\/10\/favicon.png","width":512,"height":512,"caption":"Nomad Heat"},"image":{"@id":"https:\/\/nomadheat.com\/nl\/#\/schema\/logo\/image\/"}}]}},"_links":{"self":[{"href":"https:\/\/nomadheat.com\/de\/wp-json\/wp\/v2\/product\/659","targetHints":{"allow":["GET"]}}],"collection":[{"href":"https:\/\/nomadheat.com\/de\/wp-json\/wp\/v2\/product"}],"about":[{"href":"https:\/\/nomadheat.com\/de\/wp-json\/wp\/v2\/types\/product"}],"replies":[{"embeddable":true,"href":"https:\/\/nomadheat.com\/de\/wp-json\/wp\/v2\/comments?post=659"}],"wp:featuredmedia":[{"embeddable":true,"href":"https:\/\/nomadheat.com\/de\/wp-json\/wp\/v2\/media\/664"}],"wp:attachment":[{"href":"https:\/\/nomadheat.com\/de\/wp-json\/wp\/v2\/media?parent=659"}],"wp:term":[{"taxonomy":"product_brand","embeddable":true,"href":"https:\/\/nomadheat.com\/de\/wp-json\/wp\/v2\/product_brand?post=659"},{"taxonomy":"product_cat","embeddable":true,"href":"https:\/\/nomadheat.com\/de\/wp-json\/wp\/v2\/product_cat?post=659"},{"taxonomy":"product_tag","embeddable":true,"href":"https:\/\/nomadheat.com\/de\/wp-json\/wp\/v2\/product_tag?post=659"}],"curies":[{"name":"wp","href":"https:\/\/api.w.org\/{rel}","templated":true}]}}