{"id":506,"date":"2021-12-23T16:20:59","date_gmt":"2021-12-23T14:20:59","guid":{"rendered":"https:\/\/nomadheat.com\/?post_type=product&#038;p=506"},"modified":"2026-03-24T09:19:14","modified_gmt":"2026-03-24T07:19:14","slug":"decke-2","status":"publish","type":"product","link":"https:\/\/nomadheat.com\/de\/shop\/blanket\/","title":{"rendered":"Decke aus schwerer Wolle"},"content":{"rendered":"<p><strong>GR\u00d6SSE: <\/strong>63 x 75\u2033 (160 \u0445 190 cm)<\/p>\n<p><strong>PRODUKTPFLEGE<\/strong><\/p>\n<ul>\n<li>Verwenden Sie keine Bleichmittel auf Chlorbasis<\/li>\n<li>Nicht chemisch reinigen und keine L\u00f6sungsmittel zum Entfernen von Flecken verwenden<\/li>\n<li>Nicht b\u00fcgeln oder mit Dampf behandeln<\/li>\n<li>Maximaler Schleudergang 30 Sekunden<\/li>\n<li>Schonend im W\u00e4schetrockner trocknen<\/li>\n<li>Maschinenw\u00e4sche im Woll-Waschgang (max. 30\u00b0 C)<\/li>\n<\/ul>","protected":false},"excerpt":{"rendered":"<p>Eine Decke aus schwerer, naturbelassener Wolle, die alte Nomadentraditionen, modernes Design und Langlebigkeit vereint.<\/p>\n<p>100% temperaturregulierende W\u00e4rme aus Wolle bringt Ihnen die Gem\u00fctlichkeit einer schweren Umarmung, wohin Sie auch gehen.<\/p>\n<p>Geeignet f\u00fcr Allergiker und MCS-Patienten. V\u00f6llig chemiefrei, ohne Ausgasungen und ohne fl\u00fcchtige organische Verbindungen.<\/p>\n<p>Handgefertigt von bulgarischen Kunsthandwerkern aus 100% biologisch abbaubaren, nachhaltigen und erneuerbaren Materialien.<\/p>","protected":false},"featured_media":531,"comment_status":"open","ping_status":"closed","template":"","meta":[],"product_brand":[],"product_cat":[20],"product_tag":[22,23,26,21],"class_list":{"0":"post-506","1":"product","2":"type-product","3":"status-publish","4":"has-post-thumbnail","6":"product_cat-accessories","7":"product_tag-camping","8":"product_tag-outdoor-sleeping","9":"product_tag-sleeping-bags-for-adults","10":"product_tag-summer-sleeping-bag","12":"first","13":"instock","14":"shipping-taxable","15":"purchasable","16":"product-type-variable"},"yoast_head":"<!-- This site is optimized with the Yoast SEO plugin v27.4 - https:\/\/yoast.com\/product\/yoast-seo-wordpress\/ -->\n<title>Heavy Wool Blanket | NomadHeat<\/title>\n<meta name=\"description\" content=\"An all-natural heavy wool blanket combining ancient nomadic traditions, contemporary design, and durability.\" \/>\n<meta name=\"robots\" content=\"index, follow, max-snippet:-1, max-image-preview:large, max-video-preview:-1\" \/>\n<link rel=\"canonical\" href=\"https:\/\/nomadheat.com\/de\/shop\/decke-2\/\" \/>\n<meta property=\"og:locale\" content=\"de_DE\" \/>\n<meta property=\"og:type\" content=\"article\" \/>\n<meta property=\"og:title\" content=\"Heavy Wool Blanket | NomadHeat\" \/>\n<meta property=\"og:description\" content=\"An all-natural heavy wool blanket combining ancient nomadic traditions, contemporary design, and durability.\" \/>\n<meta property=\"og:url\" content=\"https:\/\/nomadheat.com\/de\/shop\/decke-2\/\" \/>\n<meta property=\"og:site_name\" content=\"NomadHeat\" \/>\n<meta property=\"article:modified_time\" content=\"2026-03-24T07:19:14+00:00\" \/>\n<meta property=\"og:image\" content=\"https:\/\/nomadheat.com\/wp-content\/uploads\/2021\/12\/Nomad-Heat-Wool-Blanket.jpg\" \/>\n\t<meta property=\"og:image:width\" content=\"1300\" \/>\n\t<meta property=\"og:image:height\" content=\"1040\" \/>\n\t<meta property=\"og:image:type\" content=\"image\/jpeg\" \/>\n<meta name=\"twitter:card\" content=\"summary_large_image\" \/>\n<meta name=\"twitter:label1\" content=\"Gesch\u00e4tzte Lesezeit\" \/>\n\t<meta name=\"twitter:data1\" content=\"1\u00a0Minute\" \/>\n<script type=\"application\/ld+json\" class=\"yoast-schema-graph\">{\"@context\":\"https:\\\/\\\/schema.org\",\"@graph\":[{\"@type\":\"WebPage\",\"@id\":\"https:\\\/\\\/nomadheat.com\\\/nl\\\/winkelen\\\/deken\\\/\",\"url\":\"https:\\\/\\\/nomadheat.com\\\/nl\\\/winkelen\\\/deken\\\/\",\"name\":\"Heavy Wool Blanket | NomadHeat\",\"isPartOf\":{\"@id\":\"https:\\\/\\\/nomadheat.com\\\/nl\\\/#website\"},\"primaryImageOfPage\":{\"@id\":\"https:\\\/\\\/nomadheat.com\\\/nl\\\/winkelen\\\/deken\\\/#primaryimage\"},\"image\":{\"@id\":\"https:\\\/\\\/nomadheat.com\\\/nl\\\/winkelen\\\/deken\\\/#primaryimage\"},\"thumbnailUrl\":\"https:\\\/\\\/nomadheat.com\\\/wp-content\\\/uploads\\\/2021\\\/12\\\/Nomad-Heat-Wool-Blanket.jpg\",\"datePublished\":\"2021-12-23T14:20:59+00:00\",\"dateModified\":\"2026-03-24T07:19:14+00:00\",\"description\":\"An all-natural heavy wool blanket combining ancient nomadic traditions, contemporary design, and durability.\",\"breadcrumb\":{\"@id\":\"https:\\\/\\\/nomadheat.com\\\/nl\\\/winkelen\\\/deken\\\/#breadcrumb\"},\"inLanguage\":\"de\",\"potentialAction\":[{\"@type\":\"ReadAction\",\"target\":[\"https:\\\/\\\/nomadheat.com\\\/nl\\\/winkelen\\\/deken\\\/\"]}]},{\"@type\":\"ImageObject\",\"inLanguage\":\"de\",\"@id\":\"https:\\\/\\\/nomadheat.com\\\/nl\\\/winkelen\\\/deken\\\/#primaryimage\",\"url\":\"https:\\\/\\\/nomadheat.com\\\/wp-content\\\/uploads\\\/2021\\\/12\\\/Nomad-Heat-Wool-Blanket.jpg\",\"contentUrl\":\"https:\\\/\\\/nomadheat.com\\\/wp-content\\\/uploads\\\/2021\\\/12\\\/Nomad-Heat-Wool-Blanket.jpg\",\"width\":1300,\"height\":1040,\"caption\":\"Heavy Wool Blanket\"},{\"@type\":\"BreadcrumbList\",\"@id\":\"https:\\\/\\\/nomadheat.com\\\/nl\\\/winkelen\\\/deken\\\/#breadcrumb\",\"itemListElement\":[{\"@type\":\"ListItem\",\"position\":1,\"name\":\"Home\",\"item\":\"https:\\\/\\\/nomadheat.com\\\/nl\\\/\"},{\"@type\":\"ListItem\",\"position\":2,\"name\":\"Shop\",\"item\":\"https:\\\/\\\/nomadheat.com\\\/sv\\\/butik\\\/\"},{\"@type\":\"ListItem\",\"position\":3,\"name\":\"Heavy Wool Blanket\"}]},{\"@type\":\"WebSite\",\"@id\":\"https:\\\/\\\/nomadheat.com\\\/nl\\\/#website\",\"url\":\"https:\\\/\\\/nomadheat.com\\\/nl\\\/\",\"name\":\"NomadHeat\",\"description\":\"Handmade Wool Sleeping Bags\",\"publisher\":{\"@id\":\"https:\\\/\\\/nomadheat.com\\\/nl\\\/#organization\"},\"potentialAction\":[{\"@type\":\"SearchAction\",\"target\":{\"@type\":\"EntryPoint\",\"urlTemplate\":\"https:\\\/\\\/nomadheat.com\\\/nl\\\/?s={search_term_string}\"},\"query-input\":{\"@type\":\"PropertyValueSpecification\",\"valueRequired\":true,\"valueName\":\"search_term_string\"}}],\"inLanguage\":\"de\"},{\"@type\":\"Organization\",\"@id\":\"https:\\\/\\\/nomadheat.com\\\/nl\\\/#organization\",\"name\":\"Nomad Heat\",\"url\":\"https:\\\/\\\/nomadheat.com\\\/nl\\\/\",\"logo\":{\"@type\":\"ImageObject\",\"inLanguage\":\"de\",\"@id\":\"https:\\\/\\\/nomadheat.com\\\/nl\\\/#\\\/schema\\\/logo\\\/image\\\/\",\"url\":\"https:\\\/\\\/nomadheat.com\\\/wp-content\\\/uploads\\\/2021\\\/10\\\/favicon.png\",\"contentUrl\":\"https:\\\/\\\/nomadheat.com\\\/wp-content\\\/uploads\\\/2021\\\/10\\\/favicon.png\",\"width\":512,\"height\":512,\"caption\":\"Nomad Heat\"},\"image\":{\"@id\":\"https:\\\/\\\/nomadheat.com\\\/nl\\\/#\\\/schema\\\/logo\\\/image\\\/\"}}]}<\/script>\n<!-- \/ Yoast SEO plugin. -->","yoast_head_json":{"title":"Decke aus schwerer Wolle | NomadHeat","description":"Eine Decke aus schwerer, naturbelassener Wolle, die alte Nomadentraditionen, modernes Design und Langlebigkeit vereint.","robots":{"index":"index","follow":"follow","max-snippet":"max-snippet:-1","max-image-preview":"max-image-preview:large","max-video-preview":"max-video-preview:-1"},"canonical":"https:\/\/nomadheat.com\/de\/shop\/decke-2\/","og_locale":"de_DE","og_type":"article","og_title":"Heavy Wool Blanket | NomadHeat","og_description":"An all-natural heavy wool blanket combining ancient nomadic traditions, contemporary design, and durability.","og_url":"https:\/\/nomadheat.com\/de\/shop\/decke-2\/","og_site_name":"NomadHeat","article_modified_time":"2026-03-24T07:19:14+00:00","og_image":[{"width":1300,"height":1040,"url":"https:\/\/nomadheat.com\/wp-content\/uploads\/2021\/12\/Nomad-Heat-Wool-Blanket.jpg","type":"image\/jpeg"}],"twitter_card":"summary_large_image","twitter_misc":{"Gesch\u00e4tzte Lesezeit":"1\u00a0Minute"},"schema":{"@context":"https:\/\/schema.org","@graph":[{"@type":"WebPage","@id":"https:\/\/nomadheat.com\/nl\/winkelen\/deken\/","url":"https:\/\/nomadheat.com\/nl\/winkelen\/deken\/","name":"Decke aus schwerer Wolle | NomadHeat","isPartOf":{"@id":"https:\/\/nomadheat.com\/nl\/#website"},"primaryImageOfPage":{"@id":"https:\/\/nomadheat.com\/nl\/winkelen\/deken\/#primaryimage"},"image":{"@id":"https:\/\/nomadheat.com\/nl\/winkelen\/deken\/#primaryimage"},"thumbnailUrl":"https:\/\/nomadheat.com\/wp-content\/uploads\/2021\/12\/Nomad-Heat-Wool-Blanket.jpg","datePublished":"2021-12-23T14:20:59+00:00","dateModified":"2026-03-24T07:19:14+00:00","description":"Eine Decke aus schwerer, naturbelassener Wolle, die alte Nomadentraditionen, modernes Design und Langlebigkeit vereint.","breadcrumb":{"@id":"https:\/\/nomadheat.com\/nl\/winkelen\/deken\/#breadcrumb"},"inLanguage":"de","potentialAction":[{"@type":"ReadAction","target":["https:\/\/nomadheat.com\/nl\/winkelen\/deken\/"]}]},{"@type":"ImageObject","inLanguage":"de","@id":"https:\/\/nomadheat.com\/nl\/winkelen\/deken\/#primaryimage","url":"https:\/\/nomadheat.com\/wp-content\/uploads\/2021\/12\/Nomad-Heat-Wool-Blanket.jpg","contentUrl":"https:\/\/nomadheat.com\/wp-content\/uploads\/2021\/12\/Nomad-Heat-Wool-Blanket.jpg","width":1300,"height":1040,"caption":"Heavy Wool Blanket"},{"@type":"BreadcrumbList","@id":"https:\/\/nomadheat.com\/nl\/winkelen\/deken\/#breadcrumb","itemListElement":[{"@type":"ListItem","position":1,"name":"Home","item":"https:\/\/nomadheat.com\/nl\/"},{"@type":"ListItem","position":2,"name":"Shop","item":"https:\/\/nomadheat.com\/sv\/butik\/"},{"@type":"ListItem","position":3,"name":"Heavy Wool Blanket"}]},{"@type":"WebSite","@id":"https:\/\/nomadheat.com\/nl\/#website","url":"https:\/\/nomadheat.com\/nl\/","name":"NomadHeat","description":"Handgefertigte Schlafs\u00e4cke aus Wolle","publisher":{"@id":"https:\/\/nomadheat.com\/nl\/#organization"},"potentialAction":[{"@type":"SearchAction","target":{"@type":"EntryPoint","urlTemplate":"https:\/\/nomadheat.com\/nl\/?s={search_term_string}"},"query-input":{"@type":"PropertyValueSpecification","valueRequired":true,"valueName":"search_term_string"}}],"inLanguage":"de"},{"@type":"Organization","@id":"https:\/\/nomadheat.com\/nl\/#organization","name":"Nomadenw\u00e4rme","url":"https:\/\/nomadheat.com\/nl\/","logo":{"@type":"ImageObject","inLanguage":"de","@id":"https:\/\/nomadheat.com\/nl\/#\/schema\/logo\/image\/","url":"https:\/\/nomadheat.com\/wp-content\/uploads\/2021\/10\/favicon.png","contentUrl":"https:\/\/nomadheat.com\/wp-content\/uploads\/2021\/10\/favicon.png","width":512,"height":512,"caption":"Nomad Heat"},"image":{"@id":"https:\/\/nomadheat.com\/nl\/#\/schema\/logo\/image\/"}}]}},"_links":{"self":[{"href":"https:\/\/nomadheat.com\/de\/wp-json\/wp\/v2\/product\/506","targetHints":{"allow":["GET"]}}],"collection":[{"href":"https:\/\/nomadheat.com\/de\/wp-json\/wp\/v2\/product"}],"about":[{"href":"https:\/\/nomadheat.com\/de\/wp-json\/wp\/v2\/types\/product"}],"replies":[{"embeddable":true,"href":"https:\/\/nomadheat.com\/de\/wp-json\/wp\/v2\/comments?post=506"}],"wp:featuredmedia":[{"embeddable":true,"href":"https:\/\/nomadheat.com\/de\/wp-json\/wp\/v2\/media\/531"}],"wp:attachment":[{"href":"https:\/\/nomadheat.com\/de\/wp-json\/wp\/v2\/media?parent=506"}],"wp:term":[{"taxonomy":"product_brand","embeddable":true,"href":"https:\/\/nomadheat.com\/de\/wp-json\/wp\/v2\/product_brand?post=506"},{"taxonomy":"product_cat","embeddable":true,"href":"https:\/\/nomadheat.com\/de\/wp-json\/wp\/v2\/product_cat?post=506"},{"taxonomy":"product_tag","embeddable":true,"href":"https:\/\/nomadheat.com\/de\/wp-json\/wp\/v2\/product_tag?post=506"}],"curies":[{"name":"wp","href":"https:\/\/api.w.org\/{rel}","templated":true}]}}