{"id":229,"date":"2021-08-03T09:52:35","date_gmt":"2021-08-03T06:52:35","guid":{"rendered":"https:\/\/nomadheat.com\/?post_type=product&#038;p=229"},"modified":"2025-04-29T14:52:26","modified_gmt":"2025-04-29T11:52:26","slug":"wollschlafsack-trek-pro-2","status":"publish","type":"product","link":"https:\/\/nomadheat.com\/de\/shop\/wool-sleeping-bag-trek-pro\/","title":{"rendered":"Trek Pro Wolle Schlafsack"},"content":{"rendered":"<p><strong>FEATURES<\/strong><br \/>\n- Letztlich luxuri\u00f6ser nat\u00fcrlicher Maulbeerseidenstoff und Wollwatte innen<br \/>\n- Optionale feste oder abnehmbare Haube, die den L\u00e4rm reduziert und den Komfort erh\u00f6ht<br \/>\n- Kordelzug an der Kapuze und am Isolierkragen zur einfachen Anpassung<br \/>\n- L\u00fcftungsschleifen aufh\u00e4ngen<br \/>\n- Kompressionssack<br \/>\n- Klimaregulierung durch einen zentralen 2-Wege-Rei\u00dfverschluss<br \/>\n- YKK-Rei\u00dfverschluss verhindert das Einklemmen von Material<br \/>\n- Innentasche zur Aufbewahrung von Wertsachen<br \/>\n- Rechteckiger Fu\u00dfkasten f\u00fcr mehr Komfort ohne zus\u00e4tzliches Gewicht<br \/>\n- Optionaler Rei\u00dfverschluss der Fu\u00dfbox<br \/>\n- Optionales abnehmbares Seidenfutter<\/p>\n<p>Breiteste Stelle - in der Mitte um die Arme herum:<br \/>\n90 cm f\u00fcr Herrenmodelle \/ 80 cm f\u00fcr Damenmodelle<\/p>\n<p>L\u00e4nge (von der Oberkante des Rei\u00dfverschlusses bis zum Fu\u00df):<br \/>\n- bis zu 170 cm<br \/>\n- bis zu 180 cm<br \/>\n- bis zu 190 cm<br \/>\n- bis zu 200 cm oder jede andere L\u00e4nge auf Anfrage<\/p>\n<p><strong>GEWICHT<\/strong><\/p>\n<ul>\n<li>Trek Pro Light - F\u00fcr die kleinste Frauengr\u00f6\u00dfe: 1185 g \/ 2,6 lb<\/li>\n<li>Trek Pro Zero - F\u00fcr die gr\u00f6\u00dfte M\u00e4nnergr\u00f6\u00dfe: 2400 g \/ 5,3 lb<\/li>\n<li>Trek Pro Extreme - F\u00fcr die kleinste Frauengr\u00f6\u00dfe: 2650 g \/ 5,8 lb<\/li>\n<\/ul>\n<p><strong>MATERIALIEN<\/strong><br \/>\nH\u00fclle: 100% Nat\u00fcrliche Maulbeerseide<br \/>\nFutter: 100% Nat\u00fcrliche Maulbeerseide<br \/>\nF\u00fcllung: 100% Bio-Wolle (GOTS-zertifiziert)<br \/>\nMaschinenwaschbar: Ja<br \/>\nVOC, HAP, Kunststoffe, chemikalienfrei<\/p>\n<p><strong>NACHHALTIGKEIT<\/strong><br \/>\nAlle Materialien in diesem Schlafsack sind nat\u00fcrlich, biologisch abbaubar, nachhaltig und erneuerbar.<\/p>\n<p><strong>PRODUKTPFLEGE<\/strong><br \/>\nUnsere Schlafs\u00e4cke sind aus hochwertigen, langlebigen Materialien gefertigt. Damit Sie lange Freude an ihnen haben, sollten Sie die <a href=\"https:\/\/nomadheat.com\/de\/pflege\/\">Pflegehinweise<\/a>.<\/p>","protected":false},"excerpt":{"rendered":"<p>Extrem guter, erholsamer Schlaf mit dem ultraluxuri\u00f6sen Trek Pro Sleeping Bag.<br \/>\nDie Verwendung von ausschlie\u00dflich nat\u00fcrlichen Materialien - Maulbeerseide und Wolle - sorgt f\u00fcr eine unschlagbare Temperatur- und Feuchtigkeitsregulierung und bietet einen unvergleichlichen Schlafkomfort ohne Ger\u00e4usche.<br \/>\nGeeignet f\u00fcr Reisende, die mit Zelten und Wohnmobilen auf Abenteuerreise gehen.<\/p>","protected":false},"featured_media":234,"comment_status":"open","ping_status":"closed","template":"","meta":[],"product_brand":[],"product_cat":[19],"product_tag":[35,22,33,41,42,51,23,36,39,32,26,40,21,50],"class_list":{"0":"post-229","1":"product","2":"type-product","3":"status-publish","4":"has-post-thumbnail","6":"product_cat-sleeping-bags","7":"product_tag-bivouac","8":"product_tag-camping","9":"product_tag-camping-essentials","10":"product_tag-glamping","11":"product_tag-hiking-trekking","12":"product_tag-organic-wool-sleeping-bag","13":"product_tag-outdoor-sleeping","14":"product_tag-outspan","15":"product_tag-overlanding","16":"product_tag-overlanding-gear","17":"product_tag-sleeping-bags-for-adults","18":"product_tag-slow-living","19":"product_tag-summer-sleeping-bag","20":"product_tag-wool-sleep-sack","22":"first","23":"instock","24":"shipping-taxable","25":"purchasable","26":"product-type-variable"},"yoast_head":"<!-- This site is optimized with the Yoast SEO plugin v27.3 - https:\/\/yoast.com\/product\/yoast-seo-wordpress\/ -->\n<title>Trek Pro Wool Sleeping Bag | NomadHeat | All-natural Sleeping Bags<\/title>\n<meta name=\"description\" content=\"Wool sleeping bag made with only all-natural materials, provides unbeatable temperature and moisture regulation for unparalleled comfort during sleep.\" \/>\n<meta name=\"robots\" content=\"index, follow, max-snippet:-1, max-image-preview:large, max-video-preview:-1\" \/>\n<link rel=\"canonical\" href=\"https:\/\/nomadheat.com\/de\/shop\/wollschlafsack-trek-pro-2\/\" \/>\n<meta property=\"og:locale\" content=\"de_DE\" \/>\n<meta property=\"og:type\" content=\"article\" \/>\n<meta property=\"og:title\" content=\"Trek Pro Wool Sleeping Bag | NomadHeat | All-natural Sleeping Bags\" \/>\n<meta property=\"og:description\" content=\"Wool sleeping bag made with only all-natural materials, provides unbeatable temperature and moisture regulation for unparalleled comfort during sleep.\" \/>\n<meta property=\"og:url\" content=\"https:\/\/nomadheat.com\/de\/shop\/wollschlafsack-trek-pro-2\/\" \/>\n<meta property=\"og:site_name\" content=\"NomadHeat\" \/>\n<meta property=\"article:modified_time\" content=\"2025-04-29T11:52:26+00:00\" \/>\n<meta property=\"og:image\" content=\"https:\/\/nomadheat.com\/wp-content\/uploads\/2021\/08\/Nomad-Heat-Wool-Sleeping-Bag-Trek-Pro-1.jpg\" \/>\n\t<meta property=\"og:image:width\" content=\"2000\" \/>\n\t<meta property=\"og:image:height\" content=\"1600\" \/>\n\t<meta property=\"og:image:type\" content=\"image\/jpeg\" \/>\n<meta name=\"twitter:card\" content=\"summary_large_image\" \/>\n<meta name=\"twitter:label1\" content=\"Gesch\u00e4tzte Lesezeit\" \/>\n\t<meta name=\"twitter:data1\" content=\"2\u00a0Minuten\" \/>\n<script type=\"application\/ld+json\" class=\"yoast-schema-graph\">{\"@context\":\"https:\\\/\\\/schema.org\",\"@graph\":[{\"@type\":\"WebPage\",\"@id\":\"https:\\\/\\\/nomadheat.com\\\/it\\\/negozio\\\/sacco-a-pelo-in-lana-trek-pro\\\/\",\"url\":\"https:\\\/\\\/nomadheat.com\\\/it\\\/negozio\\\/sacco-a-pelo-in-lana-trek-pro\\\/\",\"name\":\"Trek Pro Wool Sleeping Bag | NomadHeat | All-natural Sleeping Bags\",\"isPartOf\":{\"@id\":\"https:\\\/\\\/nomadheat.com\\\/nl\\\/#website\"},\"primaryImageOfPage\":{\"@id\":\"https:\\\/\\\/nomadheat.com\\\/it\\\/negozio\\\/sacco-a-pelo-in-lana-trek-pro\\\/#primaryimage\"},\"image\":{\"@id\":\"https:\\\/\\\/nomadheat.com\\\/it\\\/negozio\\\/sacco-a-pelo-in-lana-trek-pro\\\/#primaryimage\"},\"thumbnailUrl\":\"https:\\\/\\\/nomadheat.com\\\/wp-content\\\/uploads\\\/2021\\\/08\\\/Nomad-Heat-Wool-Sleeping-Bag-Trek-Pro-1.jpg\",\"datePublished\":\"2021-08-03T06:52:35+00:00\",\"dateModified\":\"2025-04-29T11:52:26+00:00\",\"description\":\"Wool sleeping bag made with only all-natural materials, provides unbeatable temperature and moisture regulation for unparalleled comfort during sleep.\",\"breadcrumb\":{\"@id\":\"https:\\\/\\\/nomadheat.com\\\/it\\\/negozio\\\/sacco-a-pelo-in-lana-trek-pro\\\/#breadcrumb\"},\"inLanguage\":\"de\",\"potentialAction\":[{\"@type\":\"ReadAction\",\"target\":[\"https:\\\/\\\/nomadheat.com\\\/it\\\/negozio\\\/sacco-a-pelo-in-lana-trek-pro\\\/\"]}]},{\"@type\":\"ImageObject\",\"inLanguage\":\"de\",\"@id\":\"https:\\\/\\\/nomadheat.com\\\/it\\\/negozio\\\/sacco-a-pelo-in-lana-trek-pro\\\/#primaryimage\",\"url\":\"https:\\\/\\\/nomadheat.com\\\/wp-content\\\/uploads\\\/2021\\\/08\\\/Nomad-Heat-Wool-Sleeping-Bag-Trek-Pro-1.jpg\",\"contentUrl\":\"https:\\\/\\\/nomadheat.com\\\/wp-content\\\/uploads\\\/2021\\\/08\\\/Nomad-Heat-Wool-Sleeping-Bag-Trek-Pro-1.jpg\",\"width\":2000,\"height\":1600,\"caption\":\"Nomad Heat Wool Sleeping Bag Trek Pro\"},{\"@type\":\"BreadcrumbList\",\"@id\":\"https:\\\/\\\/nomadheat.com\\\/it\\\/negozio\\\/sacco-a-pelo-in-lana-trek-pro\\\/#breadcrumb\",\"itemListElement\":[{\"@type\":\"ListItem\",\"position\":1,\"name\":\"Home\",\"item\":\"https:\\\/\\\/nomadheat.com\\\/nl\\\/\"},{\"@type\":\"ListItem\",\"position\":2,\"name\":\"Shop\",\"item\":\"https:\\\/\\\/nomadheat.com\\\/sv\\\/butik\\\/\"},{\"@type\":\"ListItem\",\"position\":3,\"name\":\"Trek Pro Wool Sleeping Bag\"}]},{\"@type\":\"WebSite\",\"@id\":\"https:\\\/\\\/nomadheat.com\\\/nl\\\/#website\",\"url\":\"https:\\\/\\\/nomadheat.com\\\/nl\\\/\",\"name\":\"NomadHeat\",\"description\":\"Handmade Wool Sleeping Bags\",\"publisher\":{\"@id\":\"https:\\\/\\\/nomadheat.com\\\/nl\\\/#organization\"},\"potentialAction\":[{\"@type\":\"SearchAction\",\"target\":{\"@type\":\"EntryPoint\",\"urlTemplate\":\"https:\\\/\\\/nomadheat.com\\\/nl\\\/?s={search_term_string}\"},\"query-input\":{\"@type\":\"PropertyValueSpecification\",\"valueRequired\":true,\"valueName\":\"search_term_string\"}}],\"inLanguage\":\"de\"},{\"@type\":\"Organization\",\"@id\":\"https:\\\/\\\/nomadheat.com\\\/nl\\\/#organization\",\"name\":\"Nomad Heat\",\"url\":\"https:\\\/\\\/nomadheat.com\\\/nl\\\/\",\"logo\":{\"@type\":\"ImageObject\",\"inLanguage\":\"de\",\"@id\":\"https:\\\/\\\/nomadheat.com\\\/nl\\\/#\\\/schema\\\/logo\\\/image\\\/\",\"url\":\"https:\\\/\\\/nomadheat.com\\\/wp-content\\\/uploads\\\/2021\\\/10\\\/favicon.png\",\"contentUrl\":\"https:\\\/\\\/nomadheat.com\\\/wp-content\\\/uploads\\\/2021\\\/10\\\/favicon.png\",\"width\":512,\"height\":512,\"caption\":\"Nomad Heat\"},\"image\":{\"@id\":\"https:\\\/\\\/nomadheat.com\\\/nl\\\/#\\\/schema\\\/logo\\\/image\\\/\"}}]}<\/script>\n<!-- \/ Yoast SEO plugin. -->","yoast_head_json":{"title":"Trek Pro Wool Schlafsack | NomadHeat | All-natural Schlafs\u00e4cke","description":"Der Wollschlafsack, der nur aus nat\u00fcrlichen Materialien hergestellt wird, bietet eine unschlagbare Temperatur- und Feuchtigkeitsregulierung f\u00fcr unvergleichlichen Schlafkomfort.","robots":{"index":"index","follow":"follow","max-snippet":"max-snippet:-1","max-image-preview":"max-image-preview:large","max-video-preview":"max-video-preview:-1"},"canonical":"https:\/\/nomadheat.com\/de\/shop\/wollschlafsack-trek-pro-2\/","og_locale":"de_DE","og_type":"article","og_title":"Trek Pro Wool Sleeping Bag | NomadHeat | All-natural Sleeping Bags","og_description":"Wool sleeping bag made with only all-natural materials, provides unbeatable temperature and moisture regulation for unparalleled comfort during sleep.","og_url":"https:\/\/nomadheat.com\/de\/shop\/wollschlafsack-trek-pro-2\/","og_site_name":"NomadHeat","article_modified_time":"2025-04-29T11:52:26+00:00","og_image":[{"width":2000,"height":1600,"url":"https:\/\/nomadheat.com\/wp-content\/uploads\/2021\/08\/Nomad-Heat-Wool-Sleeping-Bag-Trek-Pro-1.jpg","type":"image\/jpeg"}],"twitter_card":"summary_large_image","twitter_misc":{"Gesch\u00e4tzte Lesezeit":"2\u00a0Minuten"},"schema":{"@context":"https:\/\/schema.org","@graph":[{"@type":"WebPage","@id":"https:\/\/nomadheat.com\/it\/negozio\/sacco-a-pelo-in-lana-trek-pro\/","url":"https:\/\/nomadheat.com\/it\/negozio\/sacco-a-pelo-in-lana-trek-pro\/","name":"Trek Pro Wool Schlafsack | NomadHeat | All-natural Schlafs\u00e4cke","isPartOf":{"@id":"https:\/\/nomadheat.com\/nl\/#website"},"primaryImageOfPage":{"@id":"https:\/\/nomadheat.com\/it\/negozio\/sacco-a-pelo-in-lana-trek-pro\/#primaryimage"},"image":{"@id":"https:\/\/nomadheat.com\/it\/negozio\/sacco-a-pelo-in-lana-trek-pro\/#primaryimage"},"thumbnailUrl":"https:\/\/nomadheat.com\/wp-content\/uploads\/2021\/08\/Nomad-Heat-Wool-Sleeping-Bag-Trek-Pro-1.jpg","datePublished":"2021-08-03T06:52:35+00:00","dateModified":"2025-04-29T11:52:26+00:00","description":"Der Wollschlafsack, der nur aus nat\u00fcrlichen Materialien hergestellt wird, bietet eine unschlagbare Temperatur- und Feuchtigkeitsregulierung f\u00fcr unvergleichlichen Schlafkomfort.","breadcrumb":{"@id":"https:\/\/nomadheat.com\/it\/negozio\/sacco-a-pelo-in-lana-trek-pro\/#breadcrumb"},"inLanguage":"de","potentialAction":[{"@type":"ReadAction","target":["https:\/\/nomadheat.com\/it\/negozio\/sacco-a-pelo-in-lana-trek-pro\/"]}]},{"@type":"ImageObject","inLanguage":"de","@id":"https:\/\/nomadheat.com\/it\/negozio\/sacco-a-pelo-in-lana-trek-pro\/#primaryimage","url":"https:\/\/nomadheat.com\/wp-content\/uploads\/2021\/08\/Nomad-Heat-Wool-Sleeping-Bag-Trek-Pro-1.jpg","contentUrl":"https:\/\/nomadheat.com\/wp-content\/uploads\/2021\/08\/Nomad-Heat-Wool-Sleeping-Bag-Trek-Pro-1.jpg","width":2000,"height":1600,"caption":"Nomad Heat Wool Sleeping Bag Trek Pro"},{"@type":"BreadcrumbList","@id":"https:\/\/nomadheat.com\/it\/negozio\/sacco-a-pelo-in-lana-trek-pro\/#breadcrumb","itemListElement":[{"@type":"ListItem","position":1,"name":"Home","item":"https:\/\/nomadheat.com\/nl\/"},{"@type":"ListItem","position":2,"name":"Shop","item":"https:\/\/nomadheat.com\/sv\/butik\/"},{"@type":"ListItem","position":3,"name":"Trek Pro Wool Sleeping Bag"}]},{"@type":"WebSite","@id":"https:\/\/nomadheat.com\/nl\/#website","url":"https:\/\/nomadheat.com\/nl\/","name":"NomadHeat","description":"Handgefertigte Schlafs\u00e4cke aus Wolle","publisher":{"@id":"https:\/\/nomadheat.com\/nl\/#organization"},"potentialAction":[{"@type":"SearchAction","target":{"@type":"EntryPoint","urlTemplate":"https:\/\/nomadheat.com\/nl\/?s={search_term_string}"},"query-input":{"@type":"PropertyValueSpecification","valueRequired":true,"valueName":"search_term_string"}}],"inLanguage":"de"},{"@type":"Organization","@id":"https:\/\/nomadheat.com\/nl\/#organization","name":"Nomadenw\u00e4rme","url":"https:\/\/nomadheat.com\/nl\/","logo":{"@type":"ImageObject","inLanguage":"de","@id":"https:\/\/nomadheat.com\/nl\/#\/schema\/logo\/image\/","url":"https:\/\/nomadheat.com\/wp-content\/uploads\/2021\/10\/favicon.png","contentUrl":"https:\/\/nomadheat.com\/wp-content\/uploads\/2021\/10\/favicon.png","width":512,"height":512,"caption":"Nomad Heat"},"image":{"@id":"https:\/\/nomadheat.com\/nl\/#\/schema\/logo\/image\/"}}]}},"_links":{"self":[{"href":"https:\/\/nomadheat.com\/de\/wp-json\/wp\/v2\/product\/229","targetHints":{"allow":["GET"]}}],"collection":[{"href":"https:\/\/nomadheat.com\/de\/wp-json\/wp\/v2\/product"}],"about":[{"href":"https:\/\/nomadheat.com\/de\/wp-json\/wp\/v2\/types\/product"}],"replies":[{"embeddable":true,"href":"https:\/\/nomadheat.com\/de\/wp-json\/wp\/v2\/comments?post=229"}],"wp:featuredmedia":[{"embeddable":true,"href":"https:\/\/nomadheat.com\/de\/wp-json\/wp\/v2\/media\/234"}],"wp:attachment":[{"href":"https:\/\/nomadheat.com\/de\/wp-json\/wp\/v2\/media?parent=229"}],"wp:term":[{"taxonomy":"product_brand","embeddable":true,"href":"https:\/\/nomadheat.com\/de\/wp-json\/wp\/v2\/product_brand?post=229"},{"taxonomy":"product_cat","embeddable":true,"href":"https:\/\/nomadheat.com\/de\/wp-json\/wp\/v2\/product_cat?post=229"},{"taxonomy":"product_tag","embeddable":true,"href":"https:\/\/nomadheat.com\/de\/wp-json\/wp\/v2\/product_tag?post=229"}],"curies":[{"name":"wp","href":"https:\/\/api.w.org\/{rel}","templated":true}]}}