{"id":202,"date":"2021-07-08T12:18:05","date_gmt":"2021-07-08T12:18:05","guid":{"rendered":"https:\/\/nomadheat.com\/?post_type=product&#038;p=202"},"modified":"2026-01-29T13:51:24","modified_gmt":"2026-01-29T11:51:24","slug":"wollpantoffeln-2","status":"publish","type":"product","link":"https:\/\/nomadheat.com\/de\/shop\/wool-slippers\/","title":{"rendered":"Vollwoll-Camping-Schuhe \/ Booties"},"content":{"rendered":"<p><strong>FEATURES<\/strong><br \/>\nWeiche, flexible Sohle<br \/>\nRegulierung der Temperatur f\u00fcr mehr Komfort in verschiedenen Klimazonen<br \/>\nFeuchtigkeitsregulierung, um Schwitzen zu verhindern<br \/>\nAtmungsaktiv<br \/>\nPerfekt f\u00fcr die Verwendung in Schlafs\u00e4cken, Zelten, H\u00fctten und Wohnungen.<br \/>\nElastischer Riemenverschluss f\u00fcr einfaches An- und Ausziehen<\/p>\n<p><strong>MATERIALIEN<\/strong><br \/>\n\u00d6ko-tex zertifizierte Schurwolle<br \/>\nAndere Materialien: Nein<\/p>\n<p><strong>PRODUKTPFLEGE<\/strong><br \/>\nVerwenden Sie keine Bleichmittel auf Chlorbasis<br \/>\nNicht chemisch reinigen und keine L\u00f6sungsmittel zum Entfernen von Flecken verwenden<br \/>\nNicht b\u00fcgeln oder mit Dampf behandeln<br \/>\nMaximaler Schleudergang 30 Sekunden<br \/>\nSchonend im W\u00e4schetrockner trocknen<br \/>\nMaschinenw\u00e4sche im Woll-Waschgang (max. 30\u00b0 C)<\/p>","protected":false},"excerpt":{"rendered":"<p>FEATURES Soft flexible sole Regulate temperature for comfort in wide range of climates Regulate moisture to prevent sweating Breathable Perfect for use in sleeping bags, tents, cottages, homes. Elastic strap closure for easy slip on and slip off MATERIALS Oeko-tex certified Virgin Wool Other materials: No PRODUCT CARE Do not [&hellip;]<\/p>\n","protected":false},"featured_media":1763,"comment_status":"open","ping_status":"closed","template":"","meta":[],"product_brand":[],"product_cat":[20],"product_tag":[35,38,33,37,29,23,36,32,28,34],"class_list":{"0":"post-202","1":"product","2":"type-product","3":"status-publish","4":"has-post-thumbnail","6":"product_cat-accessories","7":"product_tag-bivouac","8":"product_tag-booties","9":"product_tag-camping-essentials","10":"product_tag-camping-slippers","11":"product_tag-felted-wool-slippers","12":"product_tag-outdoor-sleeping","13":"product_tag-outspan","14":"product_tag-overlanding-gear","15":"product_tag-sheep-wool-slippers","16":"product_tag-wool-socks","18":"first","19":"instock","20":"shipping-taxable","21":"purchasable","22":"product-type-variable"},"yoast_head":"<!-- This site is optimized with the Yoast SEO plugin v27.4 - https:\/\/yoast.com\/product\/yoast-seo-wordpress\/ -->\n<title>All-wool Camping Slippers \/ Booties | NomadHeat<\/title>\n<meta name=\"description\" content=\"Keep your feet warm and cozy with our wool slippers, perfect for use in sleeping bags, tents, cottages, homes.\" \/>\n<meta name=\"robots\" content=\"index, follow, max-snippet:-1, max-image-preview:large, max-video-preview:-1\" \/>\n<link rel=\"canonical\" href=\"https:\/\/nomadheat.com\/de\/shop\/wollpantoffeln-2\/\" \/>\n<meta property=\"og:locale\" content=\"de_DE\" \/>\n<meta property=\"og:type\" content=\"article\" \/>\n<meta property=\"og:title\" content=\"All-wool Camping Slippers \/ Booties | NomadHeat\" \/>\n<meta property=\"og:description\" content=\"Keep your feet warm and cozy with our wool slippers, perfect for use in sleeping bags, tents, cottages, homes.\" \/>\n<meta property=\"og:url\" content=\"https:\/\/nomadheat.com\/de\/shop\/wollpantoffeln-2\/\" \/>\n<meta property=\"og:site_name\" content=\"NomadHeat\" \/>\n<meta property=\"article:modified_time\" content=\"2026-01-29T11:51:24+00:00\" \/>\n<meta property=\"og:image\" content=\"https:\/\/nomadheat.com\/wp-content\/uploads\/2021\/07\/NomadHeat-Slippers-Booties-Main.jpg\" \/>\n\t<meta property=\"og:image:width\" content=\"1984\" \/>\n\t<meta property=\"og:image:height\" content=\"1588\" \/>\n\t<meta property=\"og:image:type\" content=\"image\/jpeg\" \/>\n<meta name=\"twitter:card\" content=\"summary_large_image\" \/>\n<meta name=\"twitter:label1\" content=\"Gesch\u00e4tzte Lesezeit\" \/>\n\t<meta name=\"twitter:data1\" content=\"1\u00a0Minute\" \/>\n<script type=\"application\/ld+json\" class=\"yoast-schema-graph\">{\"@context\":\"https:\\\/\\\/schema.org\",\"@graph\":[{\"@type\":\"WebPage\",\"@id\":\"https:\\\/\\\/nomadheat.com\\\/shop\\\/wool-slippers\\\/\",\"url\":\"https:\\\/\\\/nomadheat.com\\\/shop\\\/wool-slippers\\\/\",\"name\":\"All-wool Camping Slippers \\\/ Booties | NomadHeat\",\"isPartOf\":{\"@id\":\"https:\\\/\\\/nomadheat.com\\\/nl\\\/#website\"},\"primaryImageOfPage\":{\"@id\":\"https:\\\/\\\/nomadheat.com\\\/shop\\\/wool-slippers\\\/#primaryimage\"},\"image\":{\"@id\":\"https:\\\/\\\/nomadheat.com\\\/shop\\\/wool-slippers\\\/#primaryimage\"},\"thumbnailUrl\":\"https:\\\/\\\/nomadheat.com\\\/wp-content\\\/uploads\\\/2021\\\/07\\\/NomadHeat-Slippers-Booties-Main.jpg\",\"datePublished\":\"2021-07-08T12:18:05+00:00\",\"dateModified\":\"2026-01-29T11:51:24+00:00\",\"description\":\"Keep your feet warm and cozy with our wool slippers, perfect for use in sleeping bags, tents, cottages, homes.\",\"breadcrumb\":{\"@id\":\"https:\\\/\\\/nomadheat.com\\\/shop\\\/wool-slippers\\\/#breadcrumb\"},\"inLanguage\":\"de\",\"potentialAction\":[{\"@type\":\"ReadAction\",\"target\":[\"https:\\\/\\\/nomadheat.com\\\/shop\\\/wool-slippers\\\/\"]}]},{\"@type\":\"ImageObject\",\"inLanguage\":\"de\",\"@id\":\"https:\\\/\\\/nomadheat.com\\\/shop\\\/wool-slippers\\\/#primaryimage\",\"url\":\"https:\\\/\\\/nomadheat.com\\\/wp-content\\\/uploads\\\/2021\\\/07\\\/NomadHeat-Slippers-Booties-Main.jpg\",\"contentUrl\":\"https:\\\/\\\/nomadheat.com\\\/wp-content\\\/uploads\\\/2021\\\/07\\\/NomadHeat-Slippers-Booties-Main.jpg\",\"width\":1984,\"height\":1588},{\"@type\":\"BreadcrumbList\",\"@id\":\"https:\\\/\\\/nomadheat.com\\\/shop\\\/wool-slippers\\\/#breadcrumb\",\"itemListElement\":[{\"@type\":\"ListItem\",\"position\":1,\"name\":\"Home\",\"item\":\"https:\\\/\\\/nomadheat.com\\\/nl\\\/\"},{\"@type\":\"ListItem\",\"position\":2,\"name\":\"Shop\",\"item\":\"https:\\\/\\\/nomadheat.com\\\/sv\\\/butik\\\/\"},{\"@type\":\"ListItem\",\"position\":3,\"name\":\"All-wool Camping Slippers \\\/ Booties\"}]},{\"@type\":\"WebSite\",\"@id\":\"https:\\\/\\\/nomadheat.com\\\/nl\\\/#website\",\"url\":\"https:\\\/\\\/nomadheat.com\\\/nl\\\/\",\"name\":\"NomadHeat\",\"description\":\"Handmade Wool Sleeping Bags\",\"publisher\":{\"@id\":\"https:\\\/\\\/nomadheat.com\\\/nl\\\/#organization\"},\"potentialAction\":[{\"@type\":\"SearchAction\",\"target\":{\"@type\":\"EntryPoint\",\"urlTemplate\":\"https:\\\/\\\/nomadheat.com\\\/nl\\\/?s={search_term_string}\"},\"query-input\":{\"@type\":\"PropertyValueSpecification\",\"valueRequired\":true,\"valueName\":\"search_term_string\"}}],\"inLanguage\":\"de\"},{\"@type\":\"Organization\",\"@id\":\"https:\\\/\\\/nomadheat.com\\\/nl\\\/#organization\",\"name\":\"Nomad Heat\",\"url\":\"https:\\\/\\\/nomadheat.com\\\/nl\\\/\",\"logo\":{\"@type\":\"ImageObject\",\"inLanguage\":\"de\",\"@id\":\"https:\\\/\\\/nomadheat.com\\\/nl\\\/#\\\/schema\\\/logo\\\/image\\\/\",\"url\":\"https:\\\/\\\/nomadheat.com\\\/wp-content\\\/uploads\\\/2021\\\/10\\\/favicon.png\",\"contentUrl\":\"https:\\\/\\\/nomadheat.com\\\/wp-content\\\/uploads\\\/2021\\\/10\\\/favicon.png\",\"width\":512,\"height\":512,\"caption\":\"Nomad Heat\"},\"image\":{\"@id\":\"https:\\\/\\\/nomadheat.com\\\/nl\\\/#\\\/schema\\\/logo\\\/image\\\/\"}}]}<\/script>\n<!-- \/ Yoast SEO plugin. -->","yoast_head_json":{"title":"Camping Hausschuhe \/ Booties aus Vollwolle | NomadHeat","description":"Halten Sie Ihre F\u00fc\u00dfe warm und kuschelig mit unseren Wollpantoffeln, die sich perfekt f\u00fcr den Einsatz in Schlafs\u00e4cken, Zelten, H\u00fctten und Wohnungen eignen.","robots":{"index":"index","follow":"follow","max-snippet":"max-snippet:-1","max-image-preview":"max-image-preview:large","max-video-preview":"max-video-preview:-1"},"canonical":"https:\/\/nomadheat.com\/de\/shop\/wollpantoffeln-2\/","og_locale":"de_DE","og_type":"article","og_title":"All-wool Camping Slippers \/ Booties | NomadHeat","og_description":"Keep your feet warm and cozy with our wool slippers, perfect for use in sleeping bags, tents, cottages, homes.","og_url":"https:\/\/nomadheat.com\/de\/shop\/wollpantoffeln-2\/","og_site_name":"NomadHeat","article_modified_time":"2026-01-29T11:51:24+00:00","og_image":[{"width":1984,"height":1588,"url":"https:\/\/nomadheat.com\/wp-content\/uploads\/2021\/07\/NomadHeat-Slippers-Booties-Main.jpg","type":"image\/jpeg"}],"twitter_card":"summary_large_image","twitter_misc":{"Gesch\u00e4tzte Lesezeit":"1\u00a0Minute"},"schema":{"@context":"https:\/\/schema.org","@graph":[{"@type":"WebPage","@id":"https:\/\/nomadheat.com\/shop\/wool-slippers\/","url":"https:\/\/nomadheat.com\/shop\/wool-slippers\/","name":"Camping Hausschuhe \/ Booties aus Vollwolle | NomadHeat","isPartOf":{"@id":"https:\/\/nomadheat.com\/nl\/#website"},"primaryImageOfPage":{"@id":"https:\/\/nomadheat.com\/shop\/wool-slippers\/#primaryimage"},"image":{"@id":"https:\/\/nomadheat.com\/shop\/wool-slippers\/#primaryimage"},"thumbnailUrl":"https:\/\/nomadheat.com\/wp-content\/uploads\/2021\/07\/NomadHeat-Slippers-Booties-Main.jpg","datePublished":"2021-07-08T12:18:05+00:00","dateModified":"2026-01-29T11:51:24+00:00","description":"Halten Sie Ihre F\u00fc\u00dfe warm und kuschelig mit unseren Wollpantoffeln, die sich perfekt f\u00fcr den Einsatz in Schlafs\u00e4cken, Zelten, H\u00fctten und Wohnungen eignen.","breadcrumb":{"@id":"https:\/\/nomadheat.com\/shop\/wool-slippers\/#breadcrumb"},"inLanguage":"de","potentialAction":[{"@type":"ReadAction","target":["https:\/\/nomadheat.com\/shop\/wool-slippers\/"]}]},{"@type":"ImageObject","inLanguage":"de","@id":"https:\/\/nomadheat.com\/shop\/wool-slippers\/#primaryimage","url":"https:\/\/nomadheat.com\/wp-content\/uploads\/2021\/07\/NomadHeat-Slippers-Booties-Main.jpg","contentUrl":"https:\/\/nomadheat.com\/wp-content\/uploads\/2021\/07\/NomadHeat-Slippers-Booties-Main.jpg","width":1984,"height":1588},{"@type":"BreadcrumbList","@id":"https:\/\/nomadheat.com\/shop\/wool-slippers\/#breadcrumb","itemListElement":[{"@type":"ListItem","position":1,"name":"Home","item":"https:\/\/nomadheat.com\/nl\/"},{"@type":"ListItem","position":2,"name":"Shop","item":"https:\/\/nomadheat.com\/sv\/butik\/"},{"@type":"ListItem","position":3,"name":"All-wool Camping Slippers \/ Booties"}]},{"@type":"WebSite","@id":"https:\/\/nomadheat.com\/nl\/#website","url":"https:\/\/nomadheat.com\/nl\/","name":"NomadHeat","description":"Handgefertigte Schlafs\u00e4cke aus Wolle","publisher":{"@id":"https:\/\/nomadheat.com\/nl\/#organization"},"potentialAction":[{"@type":"SearchAction","target":{"@type":"EntryPoint","urlTemplate":"https:\/\/nomadheat.com\/nl\/?s={search_term_string}"},"query-input":{"@type":"PropertyValueSpecification","valueRequired":true,"valueName":"search_term_string"}}],"inLanguage":"de"},{"@type":"Organization","@id":"https:\/\/nomadheat.com\/nl\/#organization","name":"Nomadenw\u00e4rme","url":"https:\/\/nomadheat.com\/nl\/","logo":{"@type":"ImageObject","inLanguage":"de","@id":"https:\/\/nomadheat.com\/nl\/#\/schema\/logo\/image\/","url":"https:\/\/nomadheat.com\/wp-content\/uploads\/2021\/10\/favicon.png","contentUrl":"https:\/\/nomadheat.com\/wp-content\/uploads\/2021\/10\/favicon.png","width":512,"height":512,"caption":"Nomad Heat"},"image":{"@id":"https:\/\/nomadheat.com\/nl\/#\/schema\/logo\/image\/"}}]}},"_links":{"self":[{"href":"https:\/\/nomadheat.com\/de\/wp-json\/wp\/v2\/product\/202","targetHints":{"allow":["GET"]}}],"collection":[{"href":"https:\/\/nomadheat.com\/de\/wp-json\/wp\/v2\/product"}],"about":[{"href":"https:\/\/nomadheat.com\/de\/wp-json\/wp\/v2\/types\/product"}],"replies":[{"embeddable":true,"href":"https:\/\/nomadheat.com\/de\/wp-json\/wp\/v2\/comments?post=202"}],"wp:featuredmedia":[{"embeddable":true,"href":"https:\/\/nomadheat.com\/de\/wp-json\/wp\/v2\/media\/1763"}],"wp:attachment":[{"href":"https:\/\/nomadheat.com\/de\/wp-json\/wp\/v2\/media?parent=202"}],"wp:term":[{"taxonomy":"product_brand","embeddable":true,"href":"https:\/\/nomadheat.com\/de\/wp-json\/wp\/v2\/product_brand?post=202"},{"taxonomy":"product_cat","embeddable":true,"href":"https:\/\/nomadheat.com\/de\/wp-json\/wp\/v2\/product_cat?post=202"},{"taxonomy":"product_tag","embeddable":true,"href":"https:\/\/nomadheat.com\/de\/wp-json\/wp\/v2\/product_tag?post=202"}],"curies":[{"name":"wp","href":"https:\/\/api.w.org\/{rel}","templated":true}]}}