{"id":428,"date":"2021-11-05T17:21:12","date_gmt":"2021-11-05T15:21:12","guid":{"rendered":"https:\/\/nomadheat.com\/?page_id=428"},"modified":"2022-11-14T15:52:44","modified_gmt":"2022-11-14T13:52:44","slug":"vorteile","status":"publish","type":"page","link":"https:\/\/nomadheat.com\/de\/benefits\/","title":{"rendered":"Die Vorteile von Naturfasern"},"content":{"rendered":"<div class=\"wpb-content-wrapper\"><div  class=\"sec_row container\"><div class=\"vc_row wpb_row vc_row-fluid vc_row-o-equal-height vc_row-flex\"><div class=\"wpb_column vc_column_container vc_col-sm-6 et-dark-column\"><div class=\"vc_column-inner\"><div class=\"wpb_wrapper\">\n\t<div class=\"wpb_text_column wpb_content_element\" >\n\t\t<div class=\"wpb_wrapper\">\n\t\t\t<h3>Die Vorteile von Wolle und Wollwatte<\/h3>\n<ul>\n<li><strong>Umweltvertr\u00e4glich<\/strong><strong>, <\/strong><strong>Erneuerbar, biologisch abbaubar und langlebig<\/strong>- Wolle ist in Bezug auf ihre Nachhaltigkeit kaum zu \u00fcberbieten. Sie ist ein erneuerbares Material, da sie nach dem Abschneiden nat\u00fcrlich nachw\u00e4chst. Am Ende ihrer Lebensdauer ist Wolle in der Erde (und im Wasser) vollst\u00e4ndig biologisch abbaubar und gibt dabei wichtige N\u00e4hrstoffe ab. Ihre Langlebigkeit und St\u00e4rke beruht auf der Tatsache, dass die Fasern 20.000 Mal auf sich selbst zur\u00fcckgebogen werden k\u00f6nnen, bevor sie brechen (zum Vergleich: Baumwolle bricht nach 3.200 Biegungen und Rayonfasern halten nur 75 Mal!)<\/li>\n<li><strong>Hypoallergen<\/strong>- Hausstaubmilben gedeihen in einer warmen und feuchten Umgebung und sind die Hauptursache f\u00fcr Allergien und Asthma. Daunen und synthetische Stoffe in Bettwaren sind eine ihrer bevorzugten Umgebungen. Wolle ist von Natur aus resistent gegen Hausstaubmilben, und daher sind Wollbettw\u00e4sche und Wollschlafs\u00e4cke eine wunderbare Alternative zu Federn und Synthetik.<\/li>\n<li><strong>Temperatur regulierbar<\/strong>- Da Wolle ein Allwetterschutz ist, h\u00e4lt sie im Sommer k\u00fchl und im Winter warm.<\/li>\n<li><strong>Wasserabweisend<\/strong>- Wolle h\u00e4lt die Feuchtigkeit von au\u00dfen von der Haut fern und transportiert gleichzeitig den Schwei\u00df nach au\u00dfen, so dass der K\u00f6rper warm und trocken bleibt.<\/li>\n<li><strong>Feuerbest\u00e4ndig<\/strong>- Wolle ist von Natur aus schwer entflammbar, so dass ihr bei der Verwendung in Bettwaren keine zus\u00e4tzlichen Chemikalien zugesetzt werden m\u00fcssen.<\/li>\n<li><strong>Schimmelresistent<\/strong>- Wollfasern haben eine nat\u00fcrliche wasseraufsaugende Eigenschaft, die verhindert, dass Feuchtigkeit im Stoff verbleibt. Diese Eigenschaft h\u00e4lt nicht nur die Haut trocken, sondern hemmt auch auf nat\u00fcrliche Weise die Schimmelbildung. Aus diesem Grund hemmt sie auch jegliche Bakterien und vermindert so den K\u00f6rpergeruch.<\/li>\n<\/ul>\n<p><strong>\u00a0<\/strong><\/p>\n\n\t\t<\/div>\n\t<\/div>\n<\/div><\/div><\/div><div class=\"wpb_column vc_column_container vc_col-sm-6 et-dark-column\"><div class=\"vc_column-inner\"><div class=\"wpb_wrapper\">\n\t<div  class=\"wpb_single_image wpb_content_element vc_align_left wpb_content_element\">\n\t\t\n\t\t<figure class=\"wpb_wrapper vc_figure\">\n\t\t\t<div class=\"vc_single_image-wrapper   vc_box_border_grey\"><img decoding=\"async\" data-vc-zoom=\"https:\/\/nomadheat.com\/wp-content\/uploads\/2021\/11\/Nomad-Heat-materials-wool-1024x683.jpg\" width=\"1024\" height=\"683\" data-src=\"https:\/\/nomadheat.com\/wp-content\/uploads\/2021\/11\/Nomad-Heat-materials-wool-1024x683.jpg\" class=\"vc_single_image-img attachment-large lazyload\" alt=\"Nomad Heat Materialien - Wolle\" title=\"Nomad Heat Materialien - Wolle\" data-srcset=\"https:\/\/nomadheat.com\/wp-content\/uploads\/2021\/11\/Nomad-Heat-materials-wool-1024x683.jpg 1024w, https:\/\/nomadheat.com\/wp-content\/uploads\/2021\/11\/Nomad-Heat-materials-wool-300x200.jpg 300w, https:\/\/nomadheat.com\/wp-content\/uploads\/2021\/11\/Nomad-Heat-materials-wool-768x512.jpg 768w, https:\/\/nomadheat.com\/wp-content\/uploads\/2021\/11\/Nomad-Heat-materials-wool-150x100.jpg 150w, https:\/\/nomadheat.com\/wp-content\/uploads\/2021\/11\/Nomad-Heat-materials-wool-600x400.jpg 600w, https:\/\/nomadheat.com\/wp-content\/uploads\/2021\/11\/Nomad-Heat-materials-wool-900x600.jpg 900w, https:\/\/nomadheat.com\/wp-content\/uploads\/2021\/11\/Nomad-Heat-materials-wool.jpg 1300w\" data-sizes=\"(max-width: 1024px) 100vw, 1024px\" src=\"data:image\/svg+xml;base64,PHN2ZyB3aWR0aD0iMSIgaGVpZ2h0PSIxIiB4bWxucz0iaHR0cDovL3d3dy53My5vcmcvMjAwMC9zdmciPjwvc3ZnPg==\" style=\"--smush-placeholder-width: 1024px; --smush-placeholder-aspect-ratio: 1024\/683;\" \/><\/div>\n\t\t<\/figure>\n\t<\/div>\n<\/div><\/div><\/div><\/div><\/div><div  class=\"sec_row container\"><div class=\"vc_row wpb_row vc_row-fluid\"><div class=\"wpb_column vc_column_container vc_col-sm-6 et-dark-column\"><div class=\"vc_column-inner\"><div class=\"wpb_wrapper\">\n\t<div class=\"wpb_text_column wpb_content_element\" >\n\t\t<div class=\"wpb_wrapper\">\n\t\t\t<h3>Die Vorteile von Leinen<\/h3>\n<ul>\n<li><strong>Nachhaltig und biologisch abbaubar<\/strong> - <strong>die gesamte Flachspflanze kann zu einer Faser gewebt werden<\/strong> ohne Abfall w\u00e4hrend des Prozesses. Flachs w\u00e4chst ohne D\u00fcngemittel oder Pestizide und braucht daher nicht viel Wasser.<\/li>\n<li><strong>Dauerhaft<\/strong> - Leinen ist doppelt so haltbar wie Baumwolle und kann Jahrzehnte \u00fcberdauern.<\/li>\n<li><strong>Antimikrobiell und antibakteriell<\/strong> - Das macht den Stoff perfekt f\u00fcr Allergiker.<\/li>\n<li><strong>Hochgradig atmungsaktiv<\/strong> - h\u00e4lt Sie im Winter warm und im Sommer k\u00fchl.<\/li>\n<li><strong>Leicht zu pflegen<\/strong> - Leinen widersteht Flecken wie kein anderer Stoff, so dass es sehr einfach ist, den Stoff sauber zu halten.<\/li>\n<li><strong>Eine Textur, die eine leicht massierende Wirkung hat<\/strong> - Dadurch wird die Durchblutung angeregt und die Entspannung gef\u00f6rdert.<\/li>\n<\/ul>\n<p><strong>\u00a0<\/strong><\/p>\n\n\t\t<\/div>\n\t<\/div>\n<\/div><\/div><\/div><div class=\"wpb_column vc_column_container vc_col-sm-6 et-dark-column\"><div class=\"vc_column-inner\"><div class=\"wpb_wrapper\">\n\t<div  class=\"wpb_single_image wpb_content_element vc_align_left wpb_content_element\">\n\t\t\n\t\t<figure class=\"wpb_wrapper vc_figure\">\n\t\t\t<div class=\"vc_single_image-wrapper   vc_box_border_grey\"><img decoding=\"async\" data-vc-zoom=\"https:\/\/nomadheat.com\/wp-content\/uploads\/2021\/11\/Nomad-Heat-materials-linen-1024x683.jpg\" width=\"1024\" height=\"683\" data-src=\"https:\/\/nomadheat.com\/wp-content\/uploads\/2021\/11\/Nomad-Heat-materials-linen-1024x683.jpg\" class=\"vc_single_image-img attachment-large lazyload\" alt=\"Nomad Heat Materialien - Leinen\" title=\"Nomad Heat Materialien - Leinen\" data-srcset=\"https:\/\/nomadheat.com\/wp-content\/uploads\/2021\/11\/Nomad-Heat-materials-linen-1024x683.jpg 1024w, https:\/\/nomadheat.com\/wp-content\/uploads\/2021\/11\/Nomad-Heat-materials-linen-300x200.jpg 300w, https:\/\/nomadheat.com\/wp-content\/uploads\/2021\/11\/Nomad-Heat-materials-linen-768x512.jpg 768w, https:\/\/nomadheat.com\/wp-content\/uploads\/2021\/11\/Nomad-Heat-materials-linen-150x100.jpg 150w, https:\/\/nomadheat.com\/wp-content\/uploads\/2021\/11\/Nomad-Heat-materials-linen-600x400.jpg 600w, https:\/\/nomadheat.com\/wp-content\/uploads\/2021\/11\/Nomad-Heat-materials-linen-900x600.jpg 900w, https:\/\/nomadheat.com\/wp-content\/uploads\/2021\/11\/Nomad-Heat-materials-linen.jpg 1300w\" data-sizes=\"(max-width: 1024px) 100vw, 1024px\" src=\"data:image\/svg+xml;base64,PHN2ZyB3aWR0aD0iMSIgaGVpZ2h0PSIxIiB4bWxucz0iaHR0cDovL3d3dy53My5vcmcvMjAwMC9zdmciPjwvc3ZnPg==\" style=\"--smush-placeholder-width: 1024px; --smush-placeholder-aspect-ratio: 1024\/683;\" \/><\/div>\n\t\t<\/figure>\n\t<\/div>\n<\/div><\/div><\/div><\/div><\/div><div  class=\"sec_row container\"><div class=\"vc_row wpb_row vc_row-fluid\"><div class=\"wpb_column vc_column_container vc_col-sm-12 et-dark-column\"><div class=\"vc_column-inner\"><div class=\"wpb_wrapper\"><div class=\"vc_empty_space\"   style=\"height: 32px\"><span class=\"vc_empty_space_inner\"><\/span><\/div><\/div><\/div><\/div><\/div><\/div><div  class=\"sec_row container\"><div class=\"vc_row wpb_row vc_row-fluid\"><div class=\"wpb_column vc_column_container vc_col-sm-6 et-dark-column\"><div class=\"vc_column-inner\"><div class=\"wpb_wrapper\">\n\t<div class=\"wpb_text_column wpb_content_element\" >\n\t\t<div class=\"wpb_wrapper\">\n\t\t\t<h3>Die Vorteile von Seide<\/h3>\n<ul>\n<li><strong>Nat\u00fcrliches Abschreckungsmittel gegen Hausstaubmilben, Schimmel und Pilze <\/strong>- ideal f\u00fcr Allergiker und Asthmatiker.<\/li>\n<li><strong>Naturbelassen und mit vollem Erhalt der wertvollen Aminos\u00e4uren<\/strong> - die Essenz der Vorteile von Seide. Die in der Seide enthaltenen Aminos\u00e4uren sind \u00e4u\u00dferst n\u00fctzlich und gesund f\u00fcr die menschliche Haut, das Haar und das Nervensystem.<\/li>\n<li><strong>Atmungsaktiv und thermoregulierend<\/strong> - So k\u00f6nnen Sie tiefer schlafen und ausgeruhter aufwachen.<\/li>\n<li><strong>Weich in der Ber\u00fchrung <\/strong>- aber nicht rutschig wie Satin und Synthetik.<\/li>\n<\/ul>\n\n\t\t<\/div>\n\t<\/div>\n<\/div><\/div><\/div><div class=\"wpb_column vc_column_container vc_col-sm-6 et-dark-column\"><div class=\"vc_column-inner\"><div class=\"wpb_wrapper\">\n\t<div  class=\"wpb_single_image wpb_content_element vc_align_left wpb_content_element\">\n\t\t\n\t\t<figure class=\"wpb_wrapper vc_figure\">\n\t\t\t<div class=\"vc_single_image-wrapper   vc_box_border_grey\"><img decoding=\"async\" data-vc-zoom=\"https:\/\/nomadheat.com\/wp-content\/uploads\/2021\/11\/Nomad-Heat-materials-silk-1024x683.jpg\" width=\"1024\" height=\"683\" data-src=\"https:\/\/nomadheat.com\/wp-content\/uploads\/2021\/11\/Nomad-Heat-materials-silk-1024x683.jpg\" class=\"vc_single_image-img attachment-large lazyload\" alt=\"Nomad Heat Materialien - Seide\" title=\"Nomad Heat Materialien - Seide\" data-srcset=\"https:\/\/nomadheat.com\/wp-content\/uploads\/2021\/11\/Nomad-Heat-materials-silk-1024x683.jpg 1024w, https:\/\/nomadheat.com\/wp-content\/uploads\/2021\/11\/Nomad-Heat-materials-silk-300x200.jpg 300w, https:\/\/nomadheat.com\/wp-content\/uploads\/2021\/11\/Nomad-Heat-materials-silk-768x512.jpg 768w, https:\/\/nomadheat.com\/wp-content\/uploads\/2021\/11\/Nomad-Heat-materials-silk-150x100.jpg 150w, https:\/\/nomadheat.com\/wp-content\/uploads\/2021\/11\/Nomad-Heat-materials-silk-600x400.jpg 600w, https:\/\/nomadheat.com\/wp-content\/uploads\/2021\/11\/Nomad-Heat-materials-silk-900x600.jpg 900w, https:\/\/nomadheat.com\/wp-content\/uploads\/2021\/11\/Nomad-Heat-materials-silk.jpg 1300w\" data-sizes=\"(max-width: 1024px) 100vw, 1024px\" src=\"data:image\/svg+xml;base64,PHN2ZyB3aWR0aD0iMSIgaGVpZ2h0PSIxIiB4bWxucz0iaHR0cDovL3d3dy53My5vcmcvMjAwMC9zdmciPjwvc3ZnPg==\" style=\"--smush-placeholder-width: 1024px; --smush-placeholder-aspect-ratio: 1024\/683;\" \/><\/div>\n\t\t<\/figure>\n\t<\/div>\n<\/div><\/div><\/div><\/div><\/div>\n<\/div>","protected":false},"excerpt":{"rendered":"The benefits of wool &amp; wool batting Environmentally Sustainable, Renewable, Biodegradable, and Durable\u2013 Wool is hard to challenge for its sustainability. It is a renewable material as once cut it grows back naturally. At the end of its life, wool is fully biodegradable in soil (and water), releasing important nutrients [...]","protected":false},"author":4,"featured_media":0,"parent":0,"menu_order":0,"comment_status":"closed","ping_status":"closed","template":"","meta":{"footnotes":""},"class_list":["post-428","page","type-page","status-publish","hentry"],"yoast_head":"<!-- This site is optimized with the Yoast SEO plugin v27.3 - https:\/\/yoast.com\/product\/yoast-seo-wordpress\/ -->\n<title>The benefits of natural fibers | NomadHeat<\/title>\n<meta name=\"description\" content=\"Wonder what are the benefits of natural fibers and how choosing them will improve your sleep? Read all about wool, silk and linen here\" \/>\n<meta name=\"robots\" content=\"index, follow, max-snippet:-1, max-image-preview:large, max-video-preview:-1\" \/>\n<link rel=\"canonical\" href=\"https:\/\/nomadheat.com\/de\/vorteile\/\" \/>\n<meta property=\"og:locale\" content=\"de_DE\" \/>\n<meta property=\"og:type\" content=\"article\" \/>\n<meta property=\"og:title\" content=\"The benefits of natural fibers | NomadHeat\" \/>\n<meta property=\"og:description\" content=\"Wonder what are the benefits of natural fibers and how choosing them will improve your sleep? Read all about wool, silk and linen here\" \/>\n<meta property=\"og:url\" content=\"https:\/\/nomadheat.com\/de\/vorteile\/\" \/>\n<meta property=\"og:site_name\" content=\"NomadHeat\" \/>\n<meta property=\"article:modified_time\" content=\"2022-11-14T13:52:44+00:00\" \/>\n<meta name=\"twitter:card\" content=\"summary_large_image\" \/>\n<meta name=\"twitter:label1\" content=\"Gesch\u00e4tzte Lesezeit\" \/>\n\t<meta name=\"twitter:data1\" content=\"3\u00a0Minuten\" \/>\n<script type=\"application\/ld+json\" class=\"yoast-schema-graph\">{\"@context\":\"https:\\\/\\\/schema.org\",\"@graph\":[{\"@type\":\"WebPage\",\"@id\":\"https:\\\/\\\/nomadheat.com\\\/bg\\\/benefits\\\/\",\"url\":\"https:\\\/\\\/nomadheat.com\\\/bg\\\/benefits\\\/\",\"name\":\"The benefits of natural fibers | NomadHeat\",\"isPartOf\":{\"@id\":\"https:\\\/\\\/nomadheat.com\\\/nl\\\/#website\"},\"datePublished\":\"2021-11-05T15:21:12+00:00\",\"dateModified\":\"2022-11-14T13:52:44+00:00\",\"description\":\"Wonder what are the benefits of natural fibers and how choosing them will improve your sleep? Read all about wool, silk and linen here\",\"breadcrumb\":{\"@id\":\"https:\\\/\\\/nomadheat.com\\\/bg\\\/benefits\\\/#breadcrumb\"},\"inLanguage\":\"de\",\"potentialAction\":[{\"@type\":\"ReadAction\",\"target\":[\"https:\\\/\\\/nomadheat.com\\\/bg\\\/benefits\\\/\"]}]},{\"@type\":\"BreadcrumbList\",\"@id\":\"https:\\\/\\\/nomadheat.com\\\/bg\\\/benefits\\\/#breadcrumb\",\"itemListElement\":[{\"@type\":\"ListItem\",\"position\":1,\"name\":\"Home\",\"item\":\"https:\\\/\\\/nomadheat.com\\\/nl\\\/\"},{\"@type\":\"ListItem\",\"position\":2,\"name\":\"The benefits of natural fibers\"}]},{\"@type\":\"WebSite\",\"@id\":\"https:\\\/\\\/nomadheat.com\\\/nl\\\/#website\",\"url\":\"https:\\\/\\\/nomadheat.com\\\/nl\\\/\",\"name\":\"NomadHeat\",\"description\":\"Handmade Wool Sleeping Bags\",\"publisher\":{\"@id\":\"https:\\\/\\\/nomadheat.com\\\/nl\\\/#organization\"},\"potentialAction\":[{\"@type\":\"SearchAction\",\"target\":{\"@type\":\"EntryPoint\",\"urlTemplate\":\"https:\\\/\\\/nomadheat.com\\\/nl\\\/?s={search_term_string}\"},\"query-input\":{\"@type\":\"PropertyValueSpecification\",\"valueRequired\":true,\"valueName\":\"search_term_string\"}}],\"inLanguage\":\"de\"},{\"@type\":\"Organization\",\"@id\":\"https:\\\/\\\/nomadheat.com\\\/nl\\\/#organization\",\"name\":\"Nomad Heat\",\"url\":\"https:\\\/\\\/nomadheat.com\\\/nl\\\/\",\"logo\":{\"@type\":\"ImageObject\",\"inLanguage\":\"de\",\"@id\":\"https:\\\/\\\/nomadheat.com\\\/nl\\\/#\\\/schema\\\/logo\\\/image\\\/\",\"url\":\"https:\\\/\\\/nomadheat.com\\\/wp-content\\\/uploads\\\/2021\\\/10\\\/favicon.png\",\"contentUrl\":\"https:\\\/\\\/nomadheat.com\\\/wp-content\\\/uploads\\\/2021\\\/10\\\/favicon.png\",\"width\":512,\"height\":512,\"caption\":\"Nomad Heat\"},\"image\":{\"@id\":\"https:\\\/\\\/nomadheat.com\\\/nl\\\/#\\\/schema\\\/logo\\\/image\\\/\"}}]}<\/script>\n<!-- \/ Yoast SEO plugin. -->","yoast_head_json":{"title":"Die Vorteile von Naturfasern | NomadHeat","description":"Sie fragen sich, welche Vorteile Naturfasern haben und wie die Wahl dieser Fasern Ihren Schlaf verbessern kann? Lesen Sie hier alles \u00fcber Wolle, Seide und Leinen","robots":{"index":"index","follow":"follow","max-snippet":"max-snippet:-1","max-image-preview":"max-image-preview:large","max-video-preview":"max-video-preview:-1"},"canonical":"https:\/\/nomadheat.com\/de\/vorteile\/","og_locale":"de_DE","og_type":"article","og_title":"The benefits of natural fibers | NomadHeat","og_description":"Wonder what are the benefits of natural fibers and how choosing them will improve your sleep? Read all about wool, silk and linen here","og_url":"https:\/\/nomadheat.com\/de\/vorteile\/","og_site_name":"NomadHeat","article_modified_time":"2022-11-14T13:52:44+00:00","twitter_card":"summary_large_image","twitter_misc":{"Gesch\u00e4tzte Lesezeit":"3\u00a0Minuten"},"schema":{"@context":"https:\/\/schema.org","@graph":[{"@type":"WebPage","@id":"https:\/\/nomadheat.com\/bg\/benefits\/","url":"https:\/\/nomadheat.com\/bg\/benefits\/","name":"Die Vorteile von Naturfasern | NomadHeat","isPartOf":{"@id":"https:\/\/nomadheat.com\/nl\/#website"},"datePublished":"2021-11-05T15:21:12+00:00","dateModified":"2022-11-14T13:52:44+00:00","description":"Sie fragen sich, welche Vorteile Naturfasern haben und wie die Wahl dieser Fasern Ihren Schlaf verbessern kann? Lesen Sie hier alles \u00fcber Wolle, Seide und Leinen","breadcrumb":{"@id":"https:\/\/nomadheat.com\/bg\/benefits\/#breadcrumb"},"inLanguage":"de","potentialAction":[{"@type":"ReadAction","target":["https:\/\/nomadheat.com\/bg\/benefits\/"]}]},{"@type":"BreadcrumbList","@id":"https:\/\/nomadheat.com\/bg\/benefits\/#breadcrumb","itemListElement":[{"@type":"ListItem","position":1,"name":"Home","item":"https:\/\/nomadheat.com\/nl\/"},{"@type":"ListItem","position":2,"name":"The benefits of natural fibers"}]},{"@type":"WebSite","@id":"https:\/\/nomadheat.com\/nl\/#website","url":"https:\/\/nomadheat.com\/nl\/","name":"NomadHeat","description":"Handgefertigte Schlafs\u00e4cke aus Wolle","publisher":{"@id":"https:\/\/nomadheat.com\/nl\/#organization"},"potentialAction":[{"@type":"SearchAction","target":{"@type":"EntryPoint","urlTemplate":"https:\/\/nomadheat.com\/nl\/?s={search_term_string}"},"query-input":{"@type":"PropertyValueSpecification","valueRequired":true,"valueName":"search_term_string"}}],"inLanguage":"de"},{"@type":"Organization","@id":"https:\/\/nomadheat.com\/nl\/#organization","name":"Nomadenw\u00e4rme","url":"https:\/\/nomadheat.com\/nl\/","logo":{"@type":"ImageObject","inLanguage":"de","@id":"https:\/\/nomadheat.com\/nl\/#\/schema\/logo\/image\/","url":"https:\/\/nomadheat.com\/wp-content\/uploads\/2021\/10\/favicon.png","contentUrl":"https:\/\/nomadheat.com\/wp-content\/uploads\/2021\/10\/favicon.png","width":512,"height":512,"caption":"Nomad Heat"},"image":{"@id":"https:\/\/nomadheat.com\/nl\/#\/schema\/logo\/image\/"}}]}},"_links":{"self":[{"href":"https:\/\/nomadheat.com\/de\/wp-json\/wp\/v2\/pages\/428","targetHints":{"allow":["GET"]}}],"collection":[{"href":"https:\/\/nomadheat.com\/de\/wp-json\/wp\/v2\/pages"}],"about":[{"href":"https:\/\/nomadheat.com\/de\/wp-json\/wp\/v2\/types\/page"}],"author":[{"embeddable":true,"href":"https:\/\/nomadheat.com\/de\/wp-json\/wp\/v2\/users\/4"}],"replies":[{"embeddable":true,"href":"https:\/\/nomadheat.com\/de\/wp-json\/wp\/v2\/comments?post=428"}],"version-history":[{"count":0,"href":"https:\/\/nomadheat.com\/de\/wp-json\/wp\/v2\/pages\/428\/revisions"}],"wp:attachment":[{"href":"https:\/\/nomadheat.com\/de\/wp-json\/wp\/v2\/media?parent=428"}],"curies":[{"name":"wp","href":"https:\/\/api.w.org\/{rel}","templated":true}]}}