{"id":298,"date":"2021-10-11T11:32:56","date_gmt":"2021-10-11T08:32:56","guid":{"rendered":"https:\/\/nomadheat.com\/?page_id=298"},"modified":"2025-02-24T14:22:58","modified_gmt":"2025-02-24T12:22:58","slug":"pflege","status":"publish","type":"page","link":"https:\/\/nomadheat.com\/de\/care\/","title":{"rendered":"Pflegehinweise"},"content":{"rendered":"<div class=\"wpb-content-wrapper\"><div  class=\"sec_row container\"><div class=\"vc_row wpb_row vc_row-fluid\"><div class=\"wpb_column vc_column_container vc_col-sm-2 et-dark-column\"><div class=\"vc_column-inner\"><div class=\"wpb_wrapper\"><\/div><\/div><\/div><div class=\"wpb_column vc_column_container vc_col-sm-8 et-dark-column\"><div class=\"vc_column-inner\"><div class=\"wpb_wrapper\"><div class=\"vc_empty_space\"   style=\"height: 50px\"><span class=\"vc_empty_space_inner\"><\/span><\/div>\n\t<div class=\"wpb_text_column wpb_content_element\" >\n\t\t<div class=\"wpb_wrapper\">\n\t\t\t<h1 class=\"page-title\" style=\"text-align: center;\">PFLEGEANLEITUNG<\/h1>\n<h2 style=\"text-align: center;\">NOMAD HEAT WOLLSCHLAFS\u00c4CKE<\/h2>\n\n\t\t<\/div>\n\t<\/div>\n<div  class=\"vc_do_toggle vc_toggle vc_toggle_simple vc_toggle_color_green  vc_toggle_size_md\"><div class=\"vc_toggle_title\"><h4>Reinigen und Trocknen des Wollschlafsacks<\/h4><i class=\"vc_toggle_icon\"><\/i><\/div><div class=\"vc_toggle_content\"><p>B\u00fcgeln und chemische Reinigung k\u00f6nnen das Au\u00dfenmaterial und die Isolierung Ihres Schlafsacks besch\u00e4digen. Die in der chemischen Reinigung verwendeten chemischen Verbindungen k\u00f6nnen die nat\u00fcrlichen \u00d6le der Wolle entfernen, und hei\u00dfes B\u00fcgeln kann die Au\u00dfenh\u00fclle besch\u00e4digen.<\/p>\n<p><strong>Punktuelle Reinigung<\/strong><\/p>\n<p>Die beste M\u00f6glichkeit, den Schlafsack sauber und in einwandfreiem Zustand zu halten, ist eine punktuelle Reinigung.<\/p>\n<ul>\n<li>Verwenden Sie eine pastenartige Mischung aus detergenzienfreier Seife und Wasser<\/li>\n<li>Verteilen Sie die Paste auf einer kleinen weichen B\u00fcrste oder einem Schwamm und reinigen Sie die H\u00fclle des Schlafsacks mit sanften Bewegungen<\/li>\n<li>Sp\u00fclen Sie die behandelte Stelle des Stoffes mit lauwarmem Wasser aus<\/li>\n<li>Vollst\u00e4ndig an der Luft trocknen lassen<\/li>\n<\/ul>\n<p><strong>Maschinenwaschen<\/strong><\/p>\n<ul>\n<li>Achten Sie darauf, alle Rei\u00dfverschl\u00fcsse zu schlie\u00dfen.<\/li>\n<li>Waschen Sie die Wolle im Wollwaschgang (in der Regel im Schonwaschgang bei 30\u00b0C \/ 90\u00b0F). Wenn Ihre Waschmaschine nicht \u00fcber einen Wollwaschgang verf\u00fcgt, verwenden Sie den Kaltwasser- oder Feinwaschgang.<\/li>\n<li>Verwenden Sie ein Waschmittel f\u00fcr Wolle oder Seide.<br \/>\nNicht bleichen. Verwenden Sie keine Weichsp\u00fcler oder Fleckenentferner - sie k\u00f6nnten die Maulbeerseidenh\u00fclle und die Wollf\u00fcllung besch\u00e4digen.<\/li>\n<li>Vollst\u00e4ndig an der Luft trocknen lassen<\/li>\n<\/ul>\n<p><strong>H\u00e4ndewaschen<\/strong><\/p>\n<ul>\n<li>F\u00fcllen Sie Ihre Wanne mit lauwarmem Wasser<\/li>\n<li>Verwenden Sie Wollwaschmittel, aber nicht zu viel davon, da es dann schwieriger ist, es auszusp\u00fclen.<\/li>\n<li>Legen Sie den Schlafsack in die Wanne und reiben Sie die am st\u00e4rksten verschmutzten Stellen vorsichtig aneinander<\/li>\n<li>Verwenden Sie einen weichen Schwamm, um die gesamte H\u00fclle des Schlafsacks zu reinigen.<\/li>\n<li>Bis zu einer Stunde lang einweichen lassen und das Wasser abgie\u00dfen<\/li>\n<li>Dr\u00fccken Sie das restliche Wasser auf dem Schlafsack vorsichtig aus.<\/li>\n<li>F\u00fcllen Sie die Wanne mit lauwarmem Wasser, um sie abzusp\u00fclen. Die Seife sanft herausarbeiten und abtropfen lassen<\/li>\n<li>Wiederholen Sie den Sp\u00fclvorgang, bis keine Seife mehr vorhanden ist.<\/li>\n<\/ul>\n<p><strong>Trocknen<\/strong><\/p>\n<ul>\n<li>Der Schlafsack ist schwer, wenn er nass ist, so dass Sie vielleicht ein wenig Hilfe bei der Handhabung brauchen.<\/li>\n<li>An der Luft auf einer ebenen Fl\u00e4che trocknen lassen<\/li>\n<li>Vermeiden Sie es, den Schlafsack zu verdrehen, um \u00fcbersch\u00fcssiges Wasser zu entfernen, aber wenn es n\u00f6tig ist, dr\u00fccken Sie das Wasser leicht aus.<\/li>\n<\/ul>\n<\/div><\/div><div  class=\"vc_do_toggle vc_toggle vc_toggle_simple vc_toggle_color_green  vc_toggle_size_md\"><div class=\"vc_toggle_title\"><h4>Aufbewahrung des Wollschlafsacks<\/h4><i class=\"vc_toggle_icon\"><\/i><\/div><div class=\"vc_toggle_content\"><p>Bewahren Sie Ihren Wollschlafsack sorgf\u00e4ltig auf, damit er l\u00e4nger h\u00e4lt.<\/p>\n<ul>\n<li>Wenn Sie von einer Reise zur\u00fcckkommen, \u00f6ffnen Sie den Rei\u00dfverschluss der Tasche und lassen Sie sie ausl\u00fcften, um sicherzustellen, dass sie vollst\u00e4ndig trocken ist.<\/li>\n<li>Legen Sie sie nicht in den Sack zur\u00fcck - wenn Sie sie zusammengedr\u00fcckt aufbewahren, wird die F\u00fcllung mit der Zeit besch\u00e4digt.<\/li>\n<li>Lagern Sie Ihren Schlafsack an einem k\u00fchlen, trockenen Ort, unausgepresst in einer Kiste oder durch Aufh\u00e4ngen - so bleibt die F\u00fcllung gleichm\u00e4\u00dfig verteilt und beh\u00e4lt ihre Flauschigkeit<\/li>\n<li>Legen Sie ein Lavendels\u00e4ckchen in die N\u00e4he Ihres Wollschlafsacks, um Motten abzuwehren<\/li>\n<\/ul>\n<\/div><\/div><div  class=\"vc_do_toggle vc_toggle vc_toggle_simple vc_toggle_color_green  vc_toggle_size_md\"><div class=\"vc_toggle_title\"><h4>Den Wollschlafsack in den Sack stopfen<\/h4><i class=\"vc_toggle_icon\"><\/i><\/div><div class=\"vc_toggle_content\"><p>Vermeiden Sie es, Ihre Tasche komprimiert in ihrem Sack aufzubewahren. Wenn Sie den Sack \u00fcber einen l\u00e4ngeren Zeitraum zusammengedr\u00fcckt aufbewahren, verliert er an Flauschigkeit und Beschaffenheit.<\/p>\n<ul>\n<li>Bevor Sie Ihren Schlafsack in den Sack stopfen, m\u00fcssen Sie die Rei\u00dfverschl\u00fcsse vollst\u00e4ndig schlie\u00dfen.<\/li>\n<li>Die breiteste Stelle an den Schultern einklappen und von den F\u00fc\u00dfen an aufrollen<\/li>\n<\/ul>\n<\/div><\/div><div  class=\"vc_do_toggle vc_toggle vc_toggle_simple vc_toggle_color_green  vc_toggle_size_md\"><div class=\"vc_toggle_title\"><h4>Zus\u00e4tzliche Tipps<\/h4><i class=\"vc_toggle_icon\"><\/i><\/div><div class=\"vc_toggle_content\"><ul>\n<li>Von offenen Flammen fernhalten<\/li>\n<li>Immer in sauberer Kleidung schlafen<\/li>\n<li>Entfernen Sie Sonnenschutzmittel oder andere schwere Kosmetika von Gesicht und Hals, damit sie nicht in den Schlafsack einziehen.<\/li>\n<li>Eine Textilkappe h\u00e4lt \u00f6lige Haare von der Kapuze fern<\/li>\n<li>Erw\u00e4gen Sie die Verwendung einer zus\u00e4tzlichen Schlafsackeinlage, die als Barriere zwischen Ihrer Haut und dem Schlafsack dient. Wir bieten leichte Innens\u00e4cke aus reiner Seide an, die den Temperaturwert Ihres Schlafsacks erh\u00f6hen und zudem maschinenwaschbar und extrem pflegeleicht sind.<\/li>\n<li>Sch\u00fctzen Sie Ihren Schlafsack vor dem Boden, indem Sie zuerst eine Unterlage darauf legen und stellen Sie sicher, dass Sie alle scharfen Gegenst\u00e4nde vom Boden entfernen, die den Schlafsack besch\u00e4digen k\u00f6nnten.<\/li>\n<li>Seien Sie vorsichtig mit Rei\u00dfverschl\u00fcssen, um ein Einklemmen zu vermeiden.<\/li>\n<li>L\u00fcften Sie Ihren Schlafsack jeden Morgen an der frischen Luft und im Sonnenlicht - um die Feuchtigkeit, die sich w\u00e4hrend der Nacht angesammelt hat, zu trocknen, drehen Sie ihn um und lassen Sie ihn vollst\u00e4ndig trocknen.<\/li>\n<li>Hei\u00dfe Gegenst\u00e4nde wie Kocht\u00f6pfe k\u00f6nnen den Stoff besch\u00e4digen.<\/li>\n<li>Insektenschutzmittel, die DEET enthalten, besch\u00e4digen den Schlafsack - spr\u00fchen Sie nicht direkt auf ihn.<\/li>\n<\/ul>\n<\/div><\/div><div  class=\"vc_do_toggle vc_toggle vc_toggle_simple vc_toggle_color_green  vc_toggle_size_md\"><div class=\"vc_toggle_title\"><h4>Reparaturen<\/h4><i class=\"vc_toggle_icon\"><\/i><\/div><div class=\"vc_toggle_content\"><p>Wenn beim Zelten ein kleiner Riss in der Schale entsteht, n\u00e4hen Sie ihn mit der Hand zu. Halten Sie immer Nadel und Faden in Ihrem Reparaturset bereit. Sie k\u00f6nnen auch einen Wundverband aus Ihrem Erste-Hilfe-Kasten verwenden. Wenn Sie zu Hause sind, k\u00f6nnen Sie die Handstiche oder den Verband vorsichtig entfernen und den Stoff mit einer N\u00e4hmaschine vern\u00e4hen oder zu einer Schneiderin bringen.<\/p>\n<p>Ist der Schaden gr\u00f6\u00dfer, lassen Sie ihn von einem Fachmann reparieren.<\/p>\n<\/div><\/div><\/div><\/div><\/div><div class=\"wpb_column vc_column_container vc_col-sm-2 et-dark-column\"><div class=\"vc_column-inner\"><div class=\"wpb_wrapper\"><\/div><\/div><\/div><\/div><\/div>\n<\/div>","protected":false},"excerpt":{"rendered":"CARE INSTRUCTIONS NOMAD HEAT WOOL SLEEPING BAGS Cleaning &amp; Drying Your Wool Sleeping BagIroning and dry cleaning can damage your sleeping bag\u2019s shell and insulation. The chemical compounds used in dry cleaning can strip away the natural oils in wool and hot ironing may damage the shell. Spot Cleaning Your [...]","protected":false},"author":4,"featured_media":0,"parent":0,"menu_order":0,"comment_status":"closed","ping_status":"closed","template":"","meta":{"footnotes":""},"class_list":["post-298","page","type-page","status-publish","hentry"],"yoast_head":"<!-- This site is optimized with the Yoast SEO plugin v27.3 - https:\/\/yoast.com\/product\/yoast-seo-wordpress\/ -->\n<title>Care instructions | NomadHeat<\/title>\n<meta name=\"robots\" content=\"index, follow, max-snippet:-1, max-image-preview:large, max-video-preview:-1\" \/>\n<link rel=\"canonical\" href=\"https:\/\/nomadheat.com\/de\/pflege\/\" \/>\n<meta property=\"og:locale\" content=\"de_DE\" \/>\n<meta property=\"og:type\" content=\"article\" \/>\n<meta property=\"og:title\" content=\"Care instructions | NomadHeat\" \/>\n<meta property=\"og:url\" content=\"https:\/\/nomadheat.com\/de\/pflege\/\" \/>\n<meta property=\"og:site_name\" content=\"NomadHeat\" \/>\n<meta property=\"article:modified_time\" content=\"2025-02-24T12:22:58+00:00\" \/>\n<meta name=\"twitter:card\" content=\"summary_large_image\" \/>\n<meta name=\"twitter:label1\" content=\"Gesch\u00e4tzte Lesezeit\" \/>\n\t<meta name=\"twitter:data1\" content=\"4\u00a0Minuten\" \/>\n<script type=\"application\/ld+json\" class=\"yoast-schema-graph\">{\"@context\":\"https:\\\/\\\/schema.org\",\"@graph\":[{\"@type\":\"WebPage\",\"@id\":\"https:\\\/\\\/nomadheat.com\\\/de\\\/pflege\\\/\",\"url\":\"https:\\\/\\\/nomadheat.com\\\/de\\\/pflege\\\/\",\"name\":\"Care instructions | NomadHeat\",\"isPartOf\":{\"@id\":\"https:\\\/\\\/nomadheat.com\\\/nl\\\/#website\"},\"datePublished\":\"2021-10-11T08:32:56+00:00\",\"dateModified\":\"2025-02-24T12:22:58+00:00\",\"breadcrumb\":{\"@id\":\"https:\\\/\\\/nomadheat.com\\\/de\\\/pflege\\\/#breadcrumb\"},\"inLanguage\":\"de\",\"potentialAction\":[{\"@type\":\"ReadAction\",\"target\":[\"https:\\\/\\\/nomadheat.com\\\/de\\\/pflege\\\/\"]}]},{\"@type\":\"BreadcrumbList\",\"@id\":\"https:\\\/\\\/nomadheat.com\\\/de\\\/pflege\\\/#breadcrumb\",\"itemListElement\":[{\"@type\":\"ListItem\",\"position\":1,\"name\":\"Home\",\"item\":\"https:\\\/\\\/nomadheat.com\\\/nl\\\/\"},{\"@type\":\"ListItem\",\"position\":2,\"name\":\"Care instructions\"}]},{\"@type\":\"WebSite\",\"@id\":\"https:\\\/\\\/nomadheat.com\\\/nl\\\/#website\",\"url\":\"https:\\\/\\\/nomadheat.com\\\/nl\\\/\",\"name\":\"NomadHeat\",\"description\":\"Handmade Wool Sleeping Bags\",\"publisher\":{\"@id\":\"https:\\\/\\\/nomadheat.com\\\/nl\\\/#organization\"},\"potentialAction\":[{\"@type\":\"SearchAction\",\"target\":{\"@type\":\"EntryPoint\",\"urlTemplate\":\"https:\\\/\\\/nomadheat.com\\\/nl\\\/?s={search_term_string}\"},\"query-input\":{\"@type\":\"PropertyValueSpecification\",\"valueRequired\":true,\"valueName\":\"search_term_string\"}}],\"inLanguage\":\"de\"},{\"@type\":\"Organization\",\"@id\":\"https:\\\/\\\/nomadheat.com\\\/nl\\\/#organization\",\"name\":\"Nomad Heat\",\"url\":\"https:\\\/\\\/nomadheat.com\\\/nl\\\/\",\"logo\":{\"@type\":\"ImageObject\",\"inLanguage\":\"de\",\"@id\":\"https:\\\/\\\/nomadheat.com\\\/nl\\\/#\\\/schema\\\/logo\\\/image\\\/\",\"url\":\"https:\\\/\\\/nomadheat.com\\\/wp-content\\\/uploads\\\/2021\\\/10\\\/favicon.png\",\"contentUrl\":\"https:\\\/\\\/nomadheat.com\\\/wp-content\\\/uploads\\\/2021\\\/10\\\/favicon.png\",\"width\":512,\"height\":512,\"caption\":\"Nomad Heat\"},\"image\":{\"@id\":\"https:\\\/\\\/nomadheat.com\\\/nl\\\/#\\\/schema\\\/logo\\\/image\\\/\"}}]}<\/script>\n<!-- \/ Yoast SEO plugin. -->","yoast_head_json":{"title":"Pflegehinweise | NomadHeat","robots":{"index":"index","follow":"follow","max-snippet":"max-snippet:-1","max-image-preview":"max-image-preview:large","max-video-preview":"max-video-preview:-1"},"canonical":"https:\/\/nomadheat.com\/de\/pflege\/","og_locale":"de_DE","og_type":"article","og_title":"Care instructions | NomadHeat","og_url":"https:\/\/nomadheat.com\/de\/pflege\/","og_site_name":"NomadHeat","article_modified_time":"2025-02-24T12:22:58+00:00","twitter_card":"summary_large_image","twitter_misc":{"Gesch\u00e4tzte Lesezeit":"4\u00a0Minuten"},"schema":{"@context":"https:\/\/schema.org","@graph":[{"@type":"WebPage","@id":"https:\/\/nomadheat.com\/de\/pflege\/","url":"https:\/\/nomadheat.com\/de\/pflege\/","name":"Pflegehinweise | NomadHeat","isPartOf":{"@id":"https:\/\/nomadheat.com\/nl\/#website"},"datePublished":"2021-10-11T08:32:56+00:00","dateModified":"2025-02-24T12:22:58+00:00","breadcrumb":{"@id":"https:\/\/nomadheat.com\/de\/pflege\/#breadcrumb"},"inLanguage":"de","potentialAction":[{"@type":"ReadAction","target":["https:\/\/nomadheat.com\/de\/pflege\/"]}]},{"@type":"BreadcrumbList","@id":"https:\/\/nomadheat.com\/de\/pflege\/#breadcrumb","itemListElement":[{"@type":"ListItem","position":1,"name":"Home","item":"https:\/\/nomadheat.com\/nl\/"},{"@type":"ListItem","position":2,"name":"Care instructions"}]},{"@type":"WebSite","@id":"https:\/\/nomadheat.com\/nl\/#website","url":"https:\/\/nomadheat.com\/nl\/","name":"NomadHeat","description":"Handgefertigte Schlafs\u00e4cke aus Wolle","publisher":{"@id":"https:\/\/nomadheat.com\/nl\/#organization"},"potentialAction":[{"@type":"SearchAction","target":{"@type":"EntryPoint","urlTemplate":"https:\/\/nomadheat.com\/nl\/?s={search_term_string}"},"query-input":{"@type":"PropertyValueSpecification","valueRequired":true,"valueName":"search_term_string"}}],"inLanguage":"de"},{"@type":"Organization","@id":"https:\/\/nomadheat.com\/nl\/#organization","name":"Nomadenw\u00e4rme","url":"https:\/\/nomadheat.com\/nl\/","logo":{"@type":"ImageObject","inLanguage":"de","@id":"https:\/\/nomadheat.com\/nl\/#\/schema\/logo\/image\/","url":"https:\/\/nomadheat.com\/wp-content\/uploads\/2021\/10\/favicon.png","contentUrl":"https:\/\/nomadheat.com\/wp-content\/uploads\/2021\/10\/favicon.png","width":512,"height":512,"caption":"Nomad Heat"},"image":{"@id":"https:\/\/nomadheat.com\/nl\/#\/schema\/logo\/image\/"}}]}},"_links":{"self":[{"href":"https:\/\/nomadheat.com\/de\/wp-json\/wp\/v2\/pages\/298","targetHints":{"allow":["GET"]}}],"collection":[{"href":"https:\/\/nomadheat.com\/de\/wp-json\/wp\/v2\/pages"}],"about":[{"href":"https:\/\/nomadheat.com\/de\/wp-json\/wp\/v2\/types\/page"}],"author":[{"embeddable":true,"href":"https:\/\/nomadheat.com\/de\/wp-json\/wp\/v2\/users\/4"}],"replies":[{"embeddable":true,"href":"https:\/\/nomadheat.com\/de\/wp-json\/wp\/v2\/comments?post=298"}],"version-history":[{"count":0,"href":"https:\/\/nomadheat.com\/de\/wp-json\/wp\/v2\/pages\/298\/revisions"}],"wp:attachment":[{"href":"https:\/\/nomadheat.com\/de\/wp-json\/wp\/v2\/media?parent=298"}],"curies":[{"name":"wp","href":"https:\/\/api.w.org\/{rel}","templated":true}]}}