{"id":585,"date":"2022-03-24T15:54:23","date_gmt":"2022-03-24T13:54:23","guid":{"rendered":"https:\/\/nomadheat.com\/?post_type=product&#038;p=585"},"modified":"2025-03-06T11:51:09","modified_gmt":"2025-03-06T09:51:09","slug":"uld-sovepose-til-born","status":"publish","type":"product","link":"https:\/\/nomadheat.com\/da\/shop\/childrens-wool-sleeping-bag\/","title":{"rendered":"Trek Pro uld-sovepose til b\u00f8rn"},"content":{"rendered":"<p><strong>FUNKTIONER<\/strong><br \/>\n- Ultimativt luksuri\u00f8st stof af naturlig morb\u00e6rsilke og uldvat indeni<br \/>\n- Valgfri fast eller aftagelig h\u00e6tte, som reducerer st\u00f8j og \u00f8ger komforten<br \/>\n- Snoretr\u00e6k p\u00e5 h\u00e6tten og isoleringskraven for nem justering<br \/>\n- H\u00e6ng udluftningssl\u00f8jfer op<br \/>\n- Kompressionspose<br \/>\n- Klimaregulering med en central 2-vejs lynl\u00e5s<br \/>\n- YKK-lynl\u00e5s forhindrer, at materialet s\u00e6tter sig fast<br \/>\n- Indvendig lomme til opbevaring af v\u00e6rdigenstande<br \/>\n- Rektangul\u00e6r fodkasse for st\u00f8rre komfort uden ekstra v\u00e6gt<\/p>\n<p>Bredeste punkt - midt om armene: 58 cm<\/p>\n<p>L\u00e6ngde (fra toppen af lynl\u00e5sen til foden):<br \/>\n- 148 cm<br \/>\n- enhver l\u00e6ngde p\u00e5 foresp\u00f8rgsel<\/p>\n<p><strong>MATERIALER<\/strong><br \/>\nSkal: 100% Naturlig morb\u00e6rsilke<br \/>\nFor: 100% Naturlig morb\u00e6rsilke<br \/>\nFyld: 100% \u00f8kologisk uld (GOTS-certificeret)<br \/>\nKan vaskes i maskine: Ja<br \/>\nVOC, HAP, syntetiske stoffer, kemikaliefri<\/p>\n<p><strong>B\u00c6REDYGTIGHED<\/strong><br \/>\nAlle materialer i denne sovepose er naturlige, biologisk nedbrydelige, b\u00e6redygtige og vedvarende.<\/p>\n<p><strong>PRODUKTPLEJE<\/strong><br \/>\nVores soveposer er bygget af holdbare materialer af h\u00f8j kvalitet. For at f\u00e5 gl\u00e6de af dem i l\u00e6ngere tid, skal du s\u00f8rge for at f\u00f8lge <a href=\"https:\/\/nomadheat.com\/da\/omsorg\/\">Plejeinstruktioner<\/a>.<\/p>","protected":false},"excerpt":{"rendered":"<p>Ekstremt god og genopbyggende s\u00f8vn med den ultimativt luksuri\u00f8se uldsovepose til b\u00f8rn.<br \/>\nVed kun at bruge helt naturlige materialer - morb\u00e6rsilke og uld, giver det uovertruffen temperatur- og fugtregulering og nul st\u00f8j for uovertruffen komfort under s\u00f8vnen.<br \/>\nVelegnet til rejsende, der tager p\u00e5 eventyr med telt og autocamper.<\/p>","protected":false},"featured_media":592,"comment_status":"open","ping_status":"closed","template":"","meta":[],"product_brand":[],"product_cat":[19],"product_tag":[35,22,33,41,42,51,23,36,39,32,26,40,21,50],"class_list":{"0":"post-585","1":"product","2":"type-product","3":"status-publish","4":"has-post-thumbnail","6":"product_cat-sleeping-bags","7":"product_tag-bivouac","8":"product_tag-camping","9":"product_tag-camping-essentials","10":"product_tag-glamping","11":"product_tag-hiking-trekking","12":"product_tag-organic-wool-sleeping-bag","13":"product_tag-outdoor-sleeping","14":"product_tag-outspan","15":"product_tag-overlanding","16":"product_tag-overlanding-gear","17":"product_tag-sleeping-bags-for-adults","18":"product_tag-slow-living","19":"product_tag-summer-sleeping-bag","20":"product_tag-wool-sleep-sack","22":"first","23":"instock","24":"shipping-taxable","25":"purchasable","26":"product-type-variable"},"yoast_head":"<!-- This site is optimized with the Yoast SEO plugin v27.4 - https:\/\/yoast.com\/product\/yoast-seo-wordpress\/ -->\n<title>Children&#039;s Trek Pro Wool Sleeping Bag | NomadHeat<\/title>\n<meta name=\"description\" content=\"Extremely good restorative sleep with the ultimately luxurious children&#039;s wool sleeping bag. Handmade using only all-natural materials.\" \/>\n<meta name=\"robots\" content=\"index, follow, max-snippet:-1, max-image-preview:large, max-video-preview:-1\" \/>\n<link rel=\"canonical\" href=\"https:\/\/nomadheat.com\/da\/butik\/uld-sovepose-til-born\/\" \/>\n<meta property=\"og:locale\" content=\"da_DK\" \/>\n<meta property=\"og:type\" content=\"article\" \/>\n<meta property=\"og:title\" content=\"Children&#039;s Trek Pro Wool Sleeping Bag | NomadHeat\" \/>\n<meta property=\"og:description\" content=\"Extremely good restorative sleep with the ultimately luxurious children&#039;s wool sleeping bag. Handmade using only all-natural materials.\" \/>\n<meta property=\"og:url\" content=\"https:\/\/nomadheat.com\/da\/butik\/uld-sovepose-til-born\/\" \/>\n<meta property=\"og:site_name\" content=\"NomadHeat\" \/>\n<meta property=\"article:modified_time\" content=\"2025-03-06T09:51:09+00:00\" \/>\n<meta property=\"og:image\" content=\"https:\/\/nomadheat.com\/wp-content\/uploads\/2022\/03\/Nomad-Heat-Childrens-Wool-Sleeping-Bag-Trek-Pro.jpg\" \/>\n\t<meta property=\"og:image:width\" content=\"1300\" \/>\n\t<meta property=\"og:image:height\" content=\"1040\" \/>\n\t<meta property=\"og:image:type\" content=\"image\/jpeg\" \/>\n<meta name=\"twitter:card\" content=\"summary_large_image\" \/>\n<meta name=\"twitter:label1\" content=\"Estimeret l\u00e6setid\" \/>\n\t<meta name=\"twitter:data1\" content=\"1 minut\" \/>\n<script type=\"application\/ld+json\" class=\"yoast-schema-graph\">{\"@context\":\"https:\\\/\\\/schema.org\",\"@graph\":[{\"@type\":\"WebPage\",\"@id\":\"https:\\\/\\\/nomadheat.com\\\/nb\\\/butikk\\\/sovepose-i-ull-for-barn\\\/\",\"url\":\"https:\\\/\\\/nomadheat.com\\\/nb\\\/butikk\\\/sovepose-i-ull-for-barn\\\/\",\"name\":\"Children's Trek Pro Wool Sleeping Bag | NomadHeat\",\"isPartOf\":{\"@id\":\"https:\\\/\\\/nomadheat.com\\\/nl\\\/#website\"},\"primaryImageOfPage\":{\"@id\":\"https:\\\/\\\/nomadheat.com\\\/nb\\\/butikk\\\/sovepose-i-ull-for-barn\\\/#primaryimage\"},\"image\":{\"@id\":\"https:\\\/\\\/nomadheat.com\\\/nb\\\/butikk\\\/sovepose-i-ull-for-barn\\\/#primaryimage\"},\"thumbnailUrl\":\"https:\\\/\\\/nomadheat.com\\\/wp-content\\\/uploads\\\/2022\\\/03\\\/Nomad-Heat-Childrens-Wool-Sleeping-Bag-Trek-Pro.jpg\",\"datePublished\":\"2022-03-24T13:54:23+00:00\",\"dateModified\":\"2025-03-06T09:51:09+00:00\",\"description\":\"Extremely good restorative sleep with the ultimately luxurious children's wool sleeping bag. Handmade using only all-natural materials.\",\"breadcrumb\":{\"@id\":\"https:\\\/\\\/nomadheat.com\\\/nb\\\/butikk\\\/sovepose-i-ull-for-barn\\\/#breadcrumb\"},\"inLanguage\":\"da-DK\",\"potentialAction\":[{\"@type\":\"ReadAction\",\"target\":[\"https:\\\/\\\/nomadheat.com\\\/nb\\\/butikk\\\/sovepose-i-ull-for-barn\\\/\"]}]},{\"@type\":\"ImageObject\",\"inLanguage\":\"da-DK\",\"@id\":\"https:\\\/\\\/nomadheat.com\\\/nb\\\/butikk\\\/sovepose-i-ull-for-barn\\\/#primaryimage\",\"url\":\"https:\\\/\\\/nomadheat.com\\\/wp-content\\\/uploads\\\/2022\\\/03\\\/Nomad-Heat-Childrens-Wool-Sleeping-Bag-Trek-Pro.jpg\",\"contentUrl\":\"https:\\\/\\\/nomadheat.com\\\/wp-content\\\/uploads\\\/2022\\\/03\\\/Nomad-Heat-Childrens-Wool-Sleeping-Bag-Trek-Pro.jpg\",\"width\":1300,\"height\":1040,\"caption\":\"Nomad Heat Children's Wool Sleeping Bag Trek Pro\"},{\"@type\":\"BreadcrumbList\",\"@id\":\"https:\\\/\\\/nomadheat.com\\\/nb\\\/butikk\\\/sovepose-i-ull-for-barn\\\/#breadcrumb\",\"itemListElement\":[{\"@type\":\"ListItem\",\"position\":1,\"name\":\"Home\",\"item\":\"https:\\\/\\\/nomadheat.com\\\/nl\\\/\"},{\"@type\":\"ListItem\",\"position\":2,\"name\":\"Shop\",\"item\":\"https:\\\/\\\/nomadheat.com\\\/sv\\\/butik\\\/\"},{\"@type\":\"ListItem\",\"position\":3,\"name\":\"Children&#8217;s Trek Pro Wool Sleeping Bag\"}]},{\"@type\":\"WebSite\",\"@id\":\"https:\\\/\\\/nomadheat.com\\\/nl\\\/#website\",\"url\":\"https:\\\/\\\/nomadheat.com\\\/nl\\\/\",\"name\":\"NomadHeat\",\"description\":\"Handmade Wool Sleeping Bags\",\"publisher\":{\"@id\":\"https:\\\/\\\/nomadheat.com\\\/nl\\\/#organization\"},\"potentialAction\":[{\"@type\":\"SearchAction\",\"target\":{\"@type\":\"EntryPoint\",\"urlTemplate\":\"https:\\\/\\\/nomadheat.com\\\/nl\\\/?s={search_term_string}\"},\"query-input\":{\"@type\":\"PropertyValueSpecification\",\"valueRequired\":true,\"valueName\":\"search_term_string\"}}],\"inLanguage\":\"da-DK\"},{\"@type\":\"Organization\",\"@id\":\"https:\\\/\\\/nomadheat.com\\\/nl\\\/#organization\",\"name\":\"Nomad Heat\",\"url\":\"https:\\\/\\\/nomadheat.com\\\/nl\\\/\",\"logo\":{\"@type\":\"ImageObject\",\"inLanguage\":\"da-DK\",\"@id\":\"https:\\\/\\\/nomadheat.com\\\/nl\\\/#\\\/schema\\\/logo\\\/image\\\/\",\"url\":\"https:\\\/\\\/nomadheat.com\\\/wp-content\\\/uploads\\\/2021\\\/10\\\/favicon.png\",\"contentUrl\":\"https:\\\/\\\/nomadheat.com\\\/wp-content\\\/uploads\\\/2021\\\/10\\\/favicon.png\",\"width\":512,\"height\":512,\"caption\":\"Nomad Heat\"},\"image\":{\"@id\":\"https:\\\/\\\/nomadheat.com\\\/nl\\\/#\\\/schema\\\/logo\\\/image\\\/\"}}]}<\/script>\n<!-- \/ Yoast SEO plugin. -->","yoast_head_json":{"title":"Trek Pro uld-sovepose til b\u00f8rn | NomadHeat","description":"Ekstremt god og genopbyggende s\u00f8vn med den ultimativt luksuri\u00f8se uldsovepose til b\u00f8rn. H\u00e5ndlavet udelukkende af naturlige materialer.","robots":{"index":"index","follow":"follow","max-snippet":"max-snippet:-1","max-image-preview":"max-image-preview:large","max-video-preview":"max-video-preview:-1"},"canonical":"https:\/\/nomadheat.com\/da\/butik\/uld-sovepose-til-born\/","og_locale":"da_DK","og_type":"article","og_title":"Children's Trek Pro Wool Sleeping Bag | NomadHeat","og_description":"Extremely good restorative sleep with the ultimately luxurious children's wool sleeping bag. Handmade using only all-natural materials.","og_url":"https:\/\/nomadheat.com\/da\/butik\/uld-sovepose-til-born\/","og_site_name":"NomadHeat","article_modified_time":"2025-03-06T09:51:09+00:00","og_image":[{"width":1300,"height":1040,"url":"https:\/\/nomadheat.com\/wp-content\/uploads\/2022\/03\/Nomad-Heat-Childrens-Wool-Sleeping-Bag-Trek-Pro.jpg","type":"image\/jpeg"}],"twitter_card":"summary_large_image","twitter_misc":{"Estimeret l\u00e6setid":"1 minut"},"schema":{"@context":"https:\/\/schema.org","@graph":[{"@type":"WebPage","@id":"https:\/\/nomadheat.com\/nb\/butikk\/sovepose-i-ull-for-barn\/","url":"https:\/\/nomadheat.com\/nb\/butikk\/sovepose-i-ull-for-barn\/","name":"Trek Pro uld-sovepose til b\u00f8rn | NomadHeat","isPartOf":{"@id":"https:\/\/nomadheat.com\/nl\/#website"},"primaryImageOfPage":{"@id":"https:\/\/nomadheat.com\/nb\/butikk\/sovepose-i-ull-for-barn\/#primaryimage"},"image":{"@id":"https:\/\/nomadheat.com\/nb\/butikk\/sovepose-i-ull-for-barn\/#primaryimage"},"thumbnailUrl":"https:\/\/nomadheat.com\/wp-content\/uploads\/2022\/03\/Nomad-Heat-Childrens-Wool-Sleeping-Bag-Trek-Pro.jpg","datePublished":"2022-03-24T13:54:23+00:00","dateModified":"2025-03-06T09:51:09+00:00","description":"Ekstremt god og genopbyggende s\u00f8vn med den ultimativt luksuri\u00f8se uldsovepose til b\u00f8rn. H\u00e5ndlavet udelukkende af naturlige materialer.","breadcrumb":{"@id":"https:\/\/nomadheat.com\/nb\/butikk\/sovepose-i-ull-for-barn\/#breadcrumb"},"inLanguage":"da-DK","potentialAction":[{"@type":"ReadAction","target":["https:\/\/nomadheat.com\/nb\/butikk\/sovepose-i-ull-for-barn\/"]}]},{"@type":"ImageObject","inLanguage":"da-DK","@id":"https:\/\/nomadheat.com\/nb\/butikk\/sovepose-i-ull-for-barn\/#primaryimage","url":"https:\/\/nomadheat.com\/wp-content\/uploads\/2022\/03\/Nomad-Heat-Childrens-Wool-Sleeping-Bag-Trek-Pro.jpg","contentUrl":"https:\/\/nomadheat.com\/wp-content\/uploads\/2022\/03\/Nomad-Heat-Childrens-Wool-Sleeping-Bag-Trek-Pro.jpg","width":1300,"height":1040,"caption":"Nomad Heat Children's Wool Sleeping Bag Trek Pro"},{"@type":"BreadcrumbList","@id":"https:\/\/nomadheat.com\/nb\/butikk\/sovepose-i-ull-for-barn\/#breadcrumb","itemListElement":[{"@type":"ListItem","position":1,"name":"Home","item":"https:\/\/nomadheat.com\/nl\/"},{"@type":"ListItem","position":2,"name":"Shop","item":"https:\/\/nomadheat.com\/sv\/butik\/"},{"@type":"ListItem","position":3,"name":"Children&#8217;s Trek Pro Wool Sleeping Bag"}]},{"@type":"WebSite","@id":"https:\/\/nomadheat.com\/nl\/#website","url":"https:\/\/nomadheat.com\/nl\/","name":"NomadHeat","description":"H\u00e5ndlavede uld-soveposer","publisher":{"@id":"https:\/\/nomadheat.com\/nl\/#organization"},"potentialAction":[{"@type":"SearchAction","target":{"@type":"EntryPoint","urlTemplate":"https:\/\/nomadheat.com\/nl\/?s={search_term_string}"},"query-input":{"@type":"PropertyValueSpecification","valueRequired":true,"valueName":"search_term_string"}}],"inLanguage":"da-DK"},{"@type":"Organization","@id":"https:\/\/nomadheat.com\/nl\/#organization","name":"Nomad Heat","url":"https:\/\/nomadheat.com\/nl\/","logo":{"@type":"ImageObject","inLanguage":"da-DK","@id":"https:\/\/nomadheat.com\/nl\/#\/schema\/logo\/image\/","url":"https:\/\/nomadheat.com\/wp-content\/uploads\/2021\/10\/favicon.png","contentUrl":"https:\/\/nomadheat.com\/wp-content\/uploads\/2021\/10\/favicon.png","width":512,"height":512,"caption":"Nomad Heat"},"image":{"@id":"https:\/\/nomadheat.com\/nl\/#\/schema\/logo\/image\/"}}]}},"_links":{"self":[{"href":"https:\/\/nomadheat.com\/da\/wp-json\/wp\/v2\/product\/585","targetHints":{"allow":["GET"]}}],"collection":[{"href":"https:\/\/nomadheat.com\/da\/wp-json\/wp\/v2\/product"}],"about":[{"href":"https:\/\/nomadheat.com\/da\/wp-json\/wp\/v2\/types\/product"}],"replies":[{"embeddable":true,"href":"https:\/\/nomadheat.com\/da\/wp-json\/wp\/v2\/comments?post=585"}],"wp:featuredmedia":[{"embeddable":true,"href":"https:\/\/nomadheat.com\/da\/wp-json\/wp\/v2\/media\/592"}],"wp:attachment":[{"href":"https:\/\/nomadheat.com\/da\/wp-json\/wp\/v2\/media?parent=585"}],"wp:term":[{"taxonomy":"product_brand","embeddable":true,"href":"https:\/\/nomadheat.com\/da\/wp-json\/wp\/v2\/product_brand?post=585"},{"taxonomy":"product_cat","embeddable":true,"href":"https:\/\/nomadheat.com\/da\/wp-json\/wp\/v2\/product_cat?post=585"},{"taxonomy":"product_tag","embeddable":true,"href":"https:\/\/nomadheat.com\/da\/wp-json\/wp\/v2\/product_tag?post=585"}],"curies":[{"name":"wp","href":"https:\/\/api.w.org\/{rel}","templated":true}]}}