{"id":229,"date":"2021-08-03T09:52:35","date_gmt":"2021-08-03T06:52:35","guid":{"rendered":"https:\/\/nomadheat.com\/?post_type=product&#038;p=229"},"modified":"2025-04-29T14:52:26","modified_gmt":"2025-04-29T11:52:26","slug":"uld-sovepose-trek-pro","status":"publish","type":"product","link":"https:\/\/nomadheat.com\/da\/shop\/wool-sleeping-bag-trek-pro\/","title":{"rendered":"Trek Pro-sovepose i uld"},"content":{"rendered":"<p><strong>FUNKTIONER<\/strong><br \/>\n- Ultimativt luksuri\u00f8st stof af naturlig morb\u00e6rsilke og uldvat indeni<br \/>\n- Valgfri fast eller aftagelig h\u00e6tte, som reducerer st\u00f8j og \u00f8ger komforten<br \/>\n- Snoretr\u00e6k p\u00e5 h\u00e6tten og isoleringskraven for nem justering<br \/>\n- H\u00e6ng udluftningssl\u00f8jfer op<br \/>\n- Kompressionspose<br \/>\n- Klimaregulering med en central 2-vejs lynl\u00e5s<br \/>\n- YKK-lynl\u00e5s forhindrer, at materialet s\u00e6tter sig fast<br \/>\n- Indvendig lomme til opbevaring af v\u00e6rdigenstande<br \/>\n- Rektangul\u00e6r fodkasse for st\u00f8rre komfort uden ekstra v\u00e6gt<br \/>\n- Valgfri lynl\u00e5s i fodboksen<br \/>\n- Valgfri aftagelig silkeforing<\/p>\n<p>Bredeste punkt - i midten omkring armene:<br \/>\n90 cm for herremodeller \/ 80 cm for damemodeller<\/p>\n<p>L\u00e6ngde (fra toppen af lynl\u00e5sen til foden):<br \/>\n- op til 170 cm<br \/>\n- op til 180 cm<br \/>\n- op til 190 cm<br \/>\n- op til 200 cm eller enhver l\u00e6ngde p\u00e5 foresp\u00f8rgsel<\/p>\n<p><strong>V\u00c6GT<\/strong><\/p>\n<ul>\n<li>Trek Pro Light - til den mindste kvindest\u00f8rrelse: 1185 g \/ 2,6 lb<\/li>\n<li>Trek Pro Zero - til den st\u00f8rste herrest\u00f8rrelse: 2400 g \/ 5,3 lb<\/li>\n<li>Trek Pro Extreme - til den mindste kvindest\u00f8rrelse: 2650 g \/ 5,8 lb<\/li>\n<\/ul>\n<p><strong>MATERIALER<\/strong><br \/>\nSkal: 100% Naturlig morb\u00e6rsilke<br \/>\nFor: 100% Naturlig morb\u00e6rsilke<br \/>\nFyld: 100% \u00f8kologisk uld (GOTS-certificeret)<br \/>\nKan vaskes i maskine: Ja<br \/>\nVOC, HAP, syntetiske stoffer, kemikaliefri<\/p>\n<p><strong>B\u00c6REDYGTIGHED<\/strong><br \/>\nAlle materialer i denne sovepose er naturlige, biologisk nedbrydelige, b\u00e6redygtige og vedvarende.<\/p>\n<p><strong>PRODUKTPLEJE<\/strong><br \/>\nVores soveposer er bygget af holdbare materialer af h\u00f8j kvalitet. For at f\u00e5 gl\u00e6de af dem i l\u00e6ngere tid, skal du s\u00f8rge for at f\u00f8lge <a href=\"https:\/\/nomadheat.com\/da\/omsorg\/\">Plejeinstruktioner<\/a>.<\/p>","protected":false},"excerpt":{"rendered":"<p>Ekstremt god og genopbyggende s\u00f8vn med den ultimativt luksuri\u00f8se Trek Pro-sovepose.<br \/>\nVed kun at bruge helt naturlige materialer - morb\u00e6rsilke og uld, giver det uovertruffen temperatur- og fugtregulering og nul st\u00f8j for uovertruffen komfort under s\u00f8vnen.<br \/>\nVelegnet til rejsende, der tager p\u00e5 eventyr med telt og autocamper.<\/p>","protected":false},"featured_media":234,"comment_status":"open","ping_status":"closed","template":"","meta":[],"product_brand":[],"product_cat":[19],"product_tag":[35,22,33,41,42,51,23,36,39,32,26,40,21,50],"class_list":{"0":"post-229","1":"product","2":"type-product","3":"status-publish","4":"has-post-thumbnail","6":"product_cat-sleeping-bags","7":"product_tag-bivouac","8":"product_tag-camping","9":"product_tag-camping-essentials","10":"product_tag-glamping","11":"product_tag-hiking-trekking","12":"product_tag-organic-wool-sleeping-bag","13":"product_tag-outdoor-sleeping","14":"product_tag-outspan","15":"product_tag-overlanding","16":"product_tag-overlanding-gear","17":"product_tag-sleeping-bags-for-adults","18":"product_tag-slow-living","19":"product_tag-summer-sleeping-bag","20":"product_tag-wool-sleep-sack","22":"first","23":"instock","24":"shipping-taxable","25":"purchasable","26":"product-type-variable"},"yoast_head":"<!-- This site is optimized with the Yoast SEO plugin v27.4 - https:\/\/yoast.com\/product\/yoast-seo-wordpress\/ -->\n<title>Trek Pro Wool Sleeping Bag | NomadHeat | All-natural Sleeping Bags<\/title>\n<meta name=\"description\" content=\"Wool sleeping bag made with only all-natural materials, provides unbeatable temperature and moisture regulation for unparalleled comfort during sleep.\" \/>\n<meta name=\"robots\" content=\"index, follow, max-snippet:-1, max-image-preview:large, max-video-preview:-1\" \/>\n<link rel=\"canonical\" href=\"https:\/\/nomadheat.com\/da\/butik\/uld-sovepose-trek-pro\/\" \/>\n<meta property=\"og:locale\" content=\"da_DK\" \/>\n<meta property=\"og:type\" content=\"article\" \/>\n<meta property=\"og:title\" content=\"Trek Pro Wool Sleeping Bag | NomadHeat | All-natural Sleeping Bags\" \/>\n<meta property=\"og:description\" content=\"Wool sleeping bag made with only all-natural materials, provides unbeatable temperature and moisture regulation for unparalleled comfort during sleep.\" \/>\n<meta property=\"og:url\" content=\"https:\/\/nomadheat.com\/da\/butik\/uld-sovepose-trek-pro\/\" \/>\n<meta property=\"og:site_name\" content=\"NomadHeat\" \/>\n<meta property=\"article:modified_time\" content=\"2025-04-29T11:52:26+00:00\" \/>\n<meta property=\"og:image\" content=\"https:\/\/nomadheat.com\/wp-content\/uploads\/2021\/08\/Nomad-Heat-Wool-Sleeping-Bag-Trek-Pro-1.jpg\" \/>\n\t<meta property=\"og:image:width\" content=\"2000\" \/>\n\t<meta property=\"og:image:height\" content=\"1600\" \/>\n\t<meta property=\"og:image:type\" content=\"image\/jpeg\" \/>\n<meta name=\"twitter:card\" content=\"summary_large_image\" \/>\n<meta name=\"twitter:label1\" content=\"Estimeret l\u00e6setid\" \/>\n\t<meta name=\"twitter:data1\" content=\"2 minutter\" \/>\n<script type=\"application\/ld+json\" class=\"yoast-schema-graph\">{\"@context\":\"https:\\\/\\\/schema.org\",\"@graph\":[{\"@type\":\"WebPage\",\"@id\":\"https:\\\/\\\/nomadheat.com\\\/it\\\/negozio\\\/sacco-a-pelo-in-lana-trek-pro\\\/\",\"url\":\"https:\\\/\\\/nomadheat.com\\\/it\\\/negozio\\\/sacco-a-pelo-in-lana-trek-pro\\\/\",\"name\":\"Trek Pro Wool Sleeping Bag | NomadHeat | All-natural Sleeping Bags\",\"isPartOf\":{\"@id\":\"https:\\\/\\\/nomadheat.com\\\/nl\\\/#website\"},\"primaryImageOfPage\":{\"@id\":\"https:\\\/\\\/nomadheat.com\\\/it\\\/negozio\\\/sacco-a-pelo-in-lana-trek-pro\\\/#primaryimage\"},\"image\":{\"@id\":\"https:\\\/\\\/nomadheat.com\\\/it\\\/negozio\\\/sacco-a-pelo-in-lana-trek-pro\\\/#primaryimage\"},\"thumbnailUrl\":\"https:\\\/\\\/nomadheat.com\\\/wp-content\\\/uploads\\\/2021\\\/08\\\/Nomad-Heat-Wool-Sleeping-Bag-Trek-Pro-1.jpg\",\"datePublished\":\"2021-08-03T06:52:35+00:00\",\"dateModified\":\"2025-04-29T11:52:26+00:00\",\"description\":\"Wool sleeping bag made with only all-natural materials, provides unbeatable temperature and moisture regulation for unparalleled comfort during sleep.\",\"breadcrumb\":{\"@id\":\"https:\\\/\\\/nomadheat.com\\\/it\\\/negozio\\\/sacco-a-pelo-in-lana-trek-pro\\\/#breadcrumb\"},\"inLanguage\":\"da-DK\",\"potentialAction\":[{\"@type\":\"ReadAction\",\"target\":[\"https:\\\/\\\/nomadheat.com\\\/it\\\/negozio\\\/sacco-a-pelo-in-lana-trek-pro\\\/\"]}]},{\"@type\":\"ImageObject\",\"inLanguage\":\"da-DK\",\"@id\":\"https:\\\/\\\/nomadheat.com\\\/it\\\/negozio\\\/sacco-a-pelo-in-lana-trek-pro\\\/#primaryimage\",\"url\":\"https:\\\/\\\/nomadheat.com\\\/wp-content\\\/uploads\\\/2021\\\/08\\\/Nomad-Heat-Wool-Sleeping-Bag-Trek-Pro-1.jpg\",\"contentUrl\":\"https:\\\/\\\/nomadheat.com\\\/wp-content\\\/uploads\\\/2021\\\/08\\\/Nomad-Heat-Wool-Sleeping-Bag-Trek-Pro-1.jpg\",\"width\":2000,\"height\":1600,\"caption\":\"Nomad Heat Wool Sleeping Bag Trek Pro\"},{\"@type\":\"BreadcrumbList\",\"@id\":\"https:\\\/\\\/nomadheat.com\\\/it\\\/negozio\\\/sacco-a-pelo-in-lana-trek-pro\\\/#breadcrumb\",\"itemListElement\":[{\"@type\":\"ListItem\",\"position\":1,\"name\":\"Home\",\"item\":\"https:\\\/\\\/nomadheat.com\\\/nl\\\/\"},{\"@type\":\"ListItem\",\"position\":2,\"name\":\"Shop\",\"item\":\"https:\\\/\\\/nomadheat.com\\\/sv\\\/butik\\\/\"},{\"@type\":\"ListItem\",\"position\":3,\"name\":\"Trek Pro Wool Sleeping Bag\"}]},{\"@type\":\"WebSite\",\"@id\":\"https:\\\/\\\/nomadheat.com\\\/nl\\\/#website\",\"url\":\"https:\\\/\\\/nomadheat.com\\\/nl\\\/\",\"name\":\"NomadHeat\",\"description\":\"Handmade Wool Sleeping Bags\",\"publisher\":{\"@id\":\"https:\\\/\\\/nomadheat.com\\\/nl\\\/#organization\"},\"potentialAction\":[{\"@type\":\"SearchAction\",\"target\":{\"@type\":\"EntryPoint\",\"urlTemplate\":\"https:\\\/\\\/nomadheat.com\\\/nl\\\/?s={search_term_string}\"},\"query-input\":{\"@type\":\"PropertyValueSpecification\",\"valueRequired\":true,\"valueName\":\"search_term_string\"}}],\"inLanguage\":\"da-DK\"},{\"@type\":\"Organization\",\"@id\":\"https:\\\/\\\/nomadheat.com\\\/nl\\\/#organization\",\"name\":\"Nomad Heat\",\"url\":\"https:\\\/\\\/nomadheat.com\\\/nl\\\/\",\"logo\":{\"@type\":\"ImageObject\",\"inLanguage\":\"da-DK\",\"@id\":\"https:\\\/\\\/nomadheat.com\\\/nl\\\/#\\\/schema\\\/logo\\\/image\\\/\",\"url\":\"https:\\\/\\\/nomadheat.com\\\/wp-content\\\/uploads\\\/2021\\\/10\\\/favicon.png\",\"contentUrl\":\"https:\\\/\\\/nomadheat.com\\\/wp-content\\\/uploads\\\/2021\\\/10\\\/favicon.png\",\"width\":512,\"height\":512,\"caption\":\"Nomad Heat\"},\"image\":{\"@id\":\"https:\\\/\\\/nomadheat.com\\\/nl\\\/#\\\/schema\\\/logo\\\/image\\\/\"}}]}<\/script>\n<!-- \/ Yoast SEO plugin. -->","yoast_head_json":{"title":"Trek Pro-sovepose i uld | NomadHeat | Naturlige soveposer","description":"Uld-soveposen er fremstillet af naturlige materialer og giver en uovertruffen temperatur- og fugtregulering, som giver en uovertruffen komfort under s\u00f8vnen.","robots":{"index":"index","follow":"follow","max-snippet":"max-snippet:-1","max-image-preview":"max-image-preview:large","max-video-preview":"max-video-preview:-1"},"canonical":"https:\/\/nomadheat.com\/da\/butik\/uld-sovepose-trek-pro\/","og_locale":"da_DK","og_type":"article","og_title":"Trek Pro Wool Sleeping Bag | NomadHeat | All-natural Sleeping Bags","og_description":"Wool sleeping bag made with only all-natural materials, provides unbeatable temperature and moisture regulation for unparalleled comfort during sleep.","og_url":"https:\/\/nomadheat.com\/da\/butik\/uld-sovepose-trek-pro\/","og_site_name":"NomadHeat","article_modified_time":"2025-04-29T11:52:26+00:00","og_image":[{"width":2000,"height":1600,"url":"https:\/\/nomadheat.com\/wp-content\/uploads\/2021\/08\/Nomad-Heat-Wool-Sleeping-Bag-Trek-Pro-1.jpg","type":"image\/jpeg"}],"twitter_card":"summary_large_image","twitter_misc":{"Estimeret l\u00e6setid":"2 minutter"},"schema":{"@context":"https:\/\/schema.org","@graph":[{"@type":"WebPage","@id":"https:\/\/nomadheat.com\/it\/negozio\/sacco-a-pelo-in-lana-trek-pro\/","url":"https:\/\/nomadheat.com\/it\/negozio\/sacco-a-pelo-in-lana-trek-pro\/","name":"Trek Pro-sovepose i uld | NomadHeat | Naturlige soveposer","isPartOf":{"@id":"https:\/\/nomadheat.com\/nl\/#website"},"primaryImageOfPage":{"@id":"https:\/\/nomadheat.com\/it\/negozio\/sacco-a-pelo-in-lana-trek-pro\/#primaryimage"},"image":{"@id":"https:\/\/nomadheat.com\/it\/negozio\/sacco-a-pelo-in-lana-trek-pro\/#primaryimage"},"thumbnailUrl":"https:\/\/nomadheat.com\/wp-content\/uploads\/2021\/08\/Nomad-Heat-Wool-Sleeping-Bag-Trek-Pro-1.jpg","datePublished":"2021-08-03T06:52:35+00:00","dateModified":"2025-04-29T11:52:26+00:00","description":"Uld-soveposen er fremstillet af naturlige materialer og giver en uovertruffen temperatur- og fugtregulering, som giver en uovertruffen komfort under s\u00f8vnen.","breadcrumb":{"@id":"https:\/\/nomadheat.com\/it\/negozio\/sacco-a-pelo-in-lana-trek-pro\/#breadcrumb"},"inLanguage":"da-DK","potentialAction":[{"@type":"ReadAction","target":["https:\/\/nomadheat.com\/it\/negozio\/sacco-a-pelo-in-lana-trek-pro\/"]}]},{"@type":"ImageObject","inLanguage":"da-DK","@id":"https:\/\/nomadheat.com\/it\/negozio\/sacco-a-pelo-in-lana-trek-pro\/#primaryimage","url":"https:\/\/nomadheat.com\/wp-content\/uploads\/2021\/08\/Nomad-Heat-Wool-Sleeping-Bag-Trek-Pro-1.jpg","contentUrl":"https:\/\/nomadheat.com\/wp-content\/uploads\/2021\/08\/Nomad-Heat-Wool-Sleeping-Bag-Trek-Pro-1.jpg","width":2000,"height":1600,"caption":"Nomad Heat Wool Sleeping Bag Trek Pro"},{"@type":"BreadcrumbList","@id":"https:\/\/nomadheat.com\/it\/negozio\/sacco-a-pelo-in-lana-trek-pro\/#breadcrumb","itemListElement":[{"@type":"ListItem","position":1,"name":"Home","item":"https:\/\/nomadheat.com\/nl\/"},{"@type":"ListItem","position":2,"name":"Shop","item":"https:\/\/nomadheat.com\/sv\/butik\/"},{"@type":"ListItem","position":3,"name":"Trek Pro Wool Sleeping Bag"}]},{"@type":"WebSite","@id":"https:\/\/nomadheat.com\/nl\/#website","url":"https:\/\/nomadheat.com\/nl\/","name":"NomadHeat","description":"H\u00e5ndlavede uld-soveposer","publisher":{"@id":"https:\/\/nomadheat.com\/nl\/#organization"},"potentialAction":[{"@type":"SearchAction","target":{"@type":"EntryPoint","urlTemplate":"https:\/\/nomadheat.com\/nl\/?s={search_term_string}"},"query-input":{"@type":"PropertyValueSpecification","valueRequired":true,"valueName":"search_term_string"}}],"inLanguage":"da-DK"},{"@type":"Organization","@id":"https:\/\/nomadheat.com\/nl\/#organization","name":"Nomad Heat","url":"https:\/\/nomadheat.com\/nl\/","logo":{"@type":"ImageObject","inLanguage":"da-DK","@id":"https:\/\/nomadheat.com\/nl\/#\/schema\/logo\/image\/","url":"https:\/\/nomadheat.com\/wp-content\/uploads\/2021\/10\/favicon.png","contentUrl":"https:\/\/nomadheat.com\/wp-content\/uploads\/2021\/10\/favicon.png","width":512,"height":512,"caption":"Nomad Heat"},"image":{"@id":"https:\/\/nomadheat.com\/nl\/#\/schema\/logo\/image\/"}}]}},"_links":{"self":[{"href":"https:\/\/nomadheat.com\/da\/wp-json\/wp\/v2\/product\/229","targetHints":{"allow":["GET"]}}],"collection":[{"href":"https:\/\/nomadheat.com\/da\/wp-json\/wp\/v2\/product"}],"about":[{"href":"https:\/\/nomadheat.com\/da\/wp-json\/wp\/v2\/types\/product"}],"replies":[{"embeddable":true,"href":"https:\/\/nomadheat.com\/da\/wp-json\/wp\/v2\/comments?post=229"}],"wp:featuredmedia":[{"embeddable":true,"href":"https:\/\/nomadheat.com\/da\/wp-json\/wp\/v2\/media\/234"}],"wp:attachment":[{"href":"https:\/\/nomadheat.com\/da\/wp-json\/wp\/v2\/media?parent=229"}],"wp:term":[{"taxonomy":"product_brand","embeddable":true,"href":"https:\/\/nomadheat.com\/da\/wp-json\/wp\/v2\/product_brand?post=229"},{"taxonomy":"product_cat","embeddable":true,"href":"https:\/\/nomadheat.com\/da\/wp-json\/wp\/v2\/product_cat?post=229"},{"taxonomy":"product_tag","embeddable":true,"href":"https:\/\/nomadheat.com\/da\/wp-json\/wp\/v2\/product_tag?post=229"}],"curies":[{"name":"wp","href":"https:\/\/api.w.org\/{rel}","templated":true}]}}