{"id":1331,"date":"2024-05-21T15:40:22","date_gmt":"2024-05-21T12:40:22","guid":{"rendered":"https:\/\/nomadheat.com\/?post_type=product&#038;p=1331"},"modified":"2024-05-21T16:06:29","modified_gmt":"2024-05-21T13:06:29","slug":"campingunderlag-2","status":"publish","type":"product","link":"https:\/\/nomadheat.com\/da\/shop\/sleeping-mat\/","title":{"rendered":"Uld-soveunderlag til camping"},"content":{"rendered":"<p><strong>FARVE<\/strong>: naturlig gr\u00e5<\/p>\n<p><strong>VALGFRI B\u00c6RETASKE:<\/strong><\/p>\n<ul>\n<li>ja (+ US$ 18)<\/li>\n<li>nej<\/li>\n<\/ul>\n<p><b>V\u00c6GT: <\/b>1,6 kg (3,5 lbs)<\/p>\n<p><strong>PRODUKTPLEJE<\/strong><br \/>\nVores produkter er bygget til at holde af holdbare materialer af h\u00f8j kvalitet. For at f\u00e5 gl\u00e6de af dem i l\u00e6ngere tid, skal du s\u00f8rge for at f\u00f8lge <a href=\"https:\/\/nomadheat.com\/da\/omsorg\/\">Plejeinstruktioner<\/a>.<\/p>","protected":false},"excerpt":{"rendered":"<p><strong>H\u00e5ndlavet<\/strong>,\u00a0<strong>kan tilpasses<\/strong>,\u00a0<strong>helt naturlig<\/strong>\u00a0V\u00e6vet uldm\u00e5tte til camping. Giver uovertruffen varmeisolering og temperaturkontrol hele natten. Velegnet til rejsende, der tager p\u00e5 eventyr med telt. Letv\u00e6gt til behagelig vandring. Kombiner med en uldsovepose for at f\u00e5 den bedste campingoplevelse.<br \/>\nFuldst\u00e6ndig\u00a0<strong>kemikaliefri<\/strong>med\u00a0<strong>ingen afgasning<\/strong>\u00a0og\u00a0<strong>nul VOC'er<\/strong>.\u00a0<strong>Hypoallergenisk<\/strong>egnet til mennesker med\u00a0<strong>kemisk f\u00f8lsomhed,\u00a0<\/strong>herunder<strong>\u00a0MCS. Naturligvis<\/strong>\u00a0<strong>st\u00f8vmide- og skimmelresistent, antimikrobiel<\/strong>,\u00a0<strong>Anti-bakteriel,\u00a0<\/strong>og<strong>\u00a0Flammeh\u00e6mmende.<\/strong><br \/>\n100%<strong>\u00a0Bionedbrydelig<\/strong>\u00a0bruger kun\u00a0<strong>b\u00e6redygtig<\/strong>\u00a0<strong>vedvarende<\/strong>\u00a0materialer.<\/p>\n<p><strong>ST\u00d8RRELSE:\u00a0<\/strong>23,6 x 79\u2033 (60 x 200 cm)<\/p>","protected":false},"featured_media":1340,"comment_status":"open","ping_status":"closed","template":"","meta":[],"product_brand":[],"product_cat":[20],"product_tag":[22,33,48,41,42,23,36,39,32,40,49],"class_list":{"0":"post-1331","1":"product","2":"type-product","3":"status-publish","4":"has-post-thumbnail","6":"product_cat-accessories","7":"product_tag-camping","8":"product_tag-camping-essentials","9":"product_tag-camping-mattress","10":"product_tag-glamping","11":"product_tag-hiking-trekking","12":"product_tag-outdoor-sleeping","13":"product_tag-outspan","14":"product_tag-overlanding","15":"product_tag-overlanding-gear","16":"product_tag-slow-living","17":"product_tag-tent-pad","19":"first","20":"instock","21":"shipping-taxable","22":"purchasable","23":"product-type-variable"},"yoast_head":"<!-- This site is optimized with the Yoast SEO plugin v27.4 - https:\/\/yoast.com\/product\/yoast-seo-wordpress\/ -->\n<title>Wool Sleeping Mat for Camping | NomadHeat<\/title>\n<meta name=\"description\" content=\"Extremely good restorative sleep with the ultimately luxurious sleeping mat. Suitable for travelers going on camping adventures with tents and RVs.\" \/>\n<meta name=\"robots\" content=\"index, follow, max-snippet:-1, max-image-preview:large, max-video-preview:-1\" \/>\n<link rel=\"canonical\" href=\"https:\/\/nomadheat.com\/da\/butik\/campingunderlag-2\/\" \/>\n<meta property=\"og:locale\" content=\"da_DK\" \/>\n<meta property=\"og:type\" content=\"article\" \/>\n<meta property=\"og:title\" content=\"Wool Sleeping Mat for Camping | NomadHeat\" \/>\n<meta property=\"og:description\" content=\"Extremely good restorative sleep with the ultimately luxurious sleeping mat. Suitable for travelers going on camping adventures with tents and RVs.\" \/>\n<meta property=\"og:url\" content=\"https:\/\/nomadheat.com\/da\/butik\/campingunderlag-2\/\" \/>\n<meta property=\"og:site_name\" content=\"NomadHeat\" \/>\n<meta property=\"article:modified_time\" content=\"2024-05-21T13:06:29+00:00\" \/>\n<meta property=\"og:image\" content=\"https:\/\/nomadheat.com\/wp-content\/uploads\/2024\/05\/Nomad-Heat-Wool-Sleeping-Mat-for-Camping.jpg\" \/>\n\t<meta property=\"og:image:width\" content=\"1200\" \/>\n\t<meta property=\"og:image:height\" content=\"960\" \/>\n\t<meta property=\"og:image:type\" content=\"image\/jpeg\" \/>\n<meta name=\"twitter:card\" content=\"summary_large_image\" \/>\n<meta name=\"twitter:label1\" content=\"Estimeret l\u00e6setid\" \/>\n\t<meta name=\"twitter:data1\" content=\"1 minut\" \/>\n<script type=\"application\/ld+json\" class=\"yoast-schema-graph\">{\"@context\":\"https:\\\/\\\/schema.org\",\"@graph\":[{\"@type\":\"WebPage\",\"@id\":\"https:\\\/\\\/nomadheat.com\\\/ja\\\/%e3%82%b7%e3%83%a7%e3%83%83%e3%83%97\\\/%e3%82%ad%e3%83%a3%e3%83%b3%e3%83%94%e3%83%b3%e3%82%b0%e3%83%91%e3%83%83%e3%83%89-2\\\/\",\"url\":\"https:\\\/\\\/nomadheat.com\\\/ja\\\/%e3%82%b7%e3%83%a7%e3%83%83%e3%83%97\\\/%e3%82%ad%e3%83%a3%e3%83%b3%e3%83%94%e3%83%b3%e3%82%b0%e3%83%91%e3%83%83%e3%83%89-2\\\/\",\"name\":\"Wool Sleeping Mat for Camping | NomadHeat\",\"isPartOf\":{\"@id\":\"https:\\\/\\\/nomadheat.com\\\/nl\\\/#website\"},\"primaryImageOfPage\":{\"@id\":\"https:\\\/\\\/nomadheat.com\\\/ja\\\/%e3%82%b7%e3%83%a7%e3%83%83%e3%83%97\\\/%e3%82%ad%e3%83%a3%e3%83%b3%e3%83%94%e3%83%b3%e3%82%b0%e3%83%91%e3%83%83%e3%83%89-2\\\/#primaryimage\"},\"image\":{\"@id\":\"https:\\\/\\\/nomadheat.com\\\/ja\\\/%e3%82%b7%e3%83%a7%e3%83%83%e3%83%97\\\/%e3%82%ad%e3%83%a3%e3%83%b3%e3%83%94%e3%83%b3%e3%82%b0%e3%83%91%e3%83%83%e3%83%89-2\\\/#primaryimage\"},\"thumbnailUrl\":\"https:\\\/\\\/nomadheat.com\\\/wp-content\\\/uploads\\\/2024\\\/05\\\/Nomad-Heat-Wool-Sleeping-Mat-for-Camping.jpg\",\"datePublished\":\"2024-05-21T12:40:22+00:00\",\"dateModified\":\"2024-05-21T13:06:29+00:00\",\"description\":\"Extremely good restorative sleep with the ultimately luxurious sleeping mat. Suitable for travelers going on camping adventures with tents and RVs.\",\"breadcrumb\":{\"@id\":\"https:\\\/\\\/nomadheat.com\\\/ja\\\/%e3%82%b7%e3%83%a7%e3%83%83%e3%83%97\\\/%e3%82%ad%e3%83%a3%e3%83%b3%e3%83%94%e3%83%b3%e3%82%b0%e3%83%91%e3%83%83%e3%83%89-2\\\/#breadcrumb\"},\"inLanguage\":\"da-DK\",\"potentialAction\":[{\"@type\":\"ReadAction\",\"target\":[\"https:\\\/\\\/nomadheat.com\\\/ja\\\/%e3%82%b7%e3%83%a7%e3%83%83%e3%83%97\\\/%e3%82%ad%e3%83%a3%e3%83%b3%e3%83%94%e3%83%b3%e3%82%b0%e3%83%91%e3%83%83%e3%83%89-2\\\/\"]}]},{\"@type\":\"ImageObject\",\"inLanguage\":\"da-DK\",\"@id\":\"https:\\\/\\\/nomadheat.com\\\/ja\\\/%e3%82%b7%e3%83%a7%e3%83%83%e3%83%97\\\/%e3%82%ad%e3%83%a3%e3%83%b3%e3%83%94%e3%83%b3%e3%82%b0%e3%83%91%e3%83%83%e3%83%89-2\\\/#primaryimage\",\"url\":\"https:\\\/\\\/nomadheat.com\\\/wp-content\\\/uploads\\\/2024\\\/05\\\/Nomad-Heat-Wool-Sleeping-Mat-for-Camping.jpg\",\"contentUrl\":\"https:\\\/\\\/nomadheat.com\\\/wp-content\\\/uploads\\\/2024\\\/05\\\/Nomad-Heat-Wool-Sleeping-Mat-for-Camping.jpg\",\"width\":1200,\"height\":960},{\"@type\":\"BreadcrumbList\",\"@id\":\"https:\\\/\\\/nomadheat.com\\\/ja\\\/%e3%82%b7%e3%83%a7%e3%83%83%e3%83%97\\\/%e3%82%ad%e3%83%a3%e3%83%b3%e3%83%94%e3%83%b3%e3%82%b0%e3%83%91%e3%83%83%e3%83%89-2\\\/#breadcrumb\",\"itemListElement\":[{\"@type\":\"ListItem\",\"position\":1,\"name\":\"Home\",\"item\":\"https:\\\/\\\/nomadheat.com\\\/nl\\\/\"},{\"@type\":\"ListItem\",\"position\":2,\"name\":\"Shop\",\"item\":\"https:\\\/\\\/nomadheat.com\\\/sv\\\/butik\\\/\"},{\"@type\":\"ListItem\",\"position\":3,\"name\":\"Wool Sleeping Mat for Camping\"}]},{\"@type\":\"WebSite\",\"@id\":\"https:\\\/\\\/nomadheat.com\\\/nl\\\/#website\",\"url\":\"https:\\\/\\\/nomadheat.com\\\/nl\\\/\",\"name\":\"NomadHeat\",\"description\":\"Handmade Wool Sleeping Bags\",\"publisher\":{\"@id\":\"https:\\\/\\\/nomadheat.com\\\/nl\\\/#organization\"},\"potentialAction\":[{\"@type\":\"SearchAction\",\"target\":{\"@type\":\"EntryPoint\",\"urlTemplate\":\"https:\\\/\\\/nomadheat.com\\\/nl\\\/?s={search_term_string}\"},\"query-input\":{\"@type\":\"PropertyValueSpecification\",\"valueRequired\":true,\"valueName\":\"search_term_string\"}}],\"inLanguage\":\"da-DK\"},{\"@type\":\"Organization\",\"@id\":\"https:\\\/\\\/nomadheat.com\\\/nl\\\/#organization\",\"name\":\"Nomad Heat\",\"url\":\"https:\\\/\\\/nomadheat.com\\\/nl\\\/\",\"logo\":{\"@type\":\"ImageObject\",\"inLanguage\":\"da-DK\",\"@id\":\"https:\\\/\\\/nomadheat.com\\\/nl\\\/#\\\/schema\\\/logo\\\/image\\\/\",\"url\":\"https:\\\/\\\/nomadheat.com\\\/wp-content\\\/uploads\\\/2021\\\/10\\\/favicon.png\",\"contentUrl\":\"https:\\\/\\\/nomadheat.com\\\/wp-content\\\/uploads\\\/2021\\\/10\\\/favicon.png\",\"width\":512,\"height\":512,\"caption\":\"Nomad Heat\"},\"image\":{\"@id\":\"https:\\\/\\\/nomadheat.com\\\/nl\\\/#\\\/schema\\\/logo\\\/image\\\/\"}}]}<\/script>\n<!-- \/ Yoast SEO plugin. -->","yoast_head_json":{"title":"Uld-soveunderlag til camping | NomadHeat","description":"Ekstremt god og restituerende s\u00f8vn med det ultimativt luksuri\u00f8se liggeunderlag. Velegnet til rejsende, der tager p\u00e5 campingeventyr med telt og autocamper.","robots":{"index":"index","follow":"follow","max-snippet":"max-snippet:-1","max-image-preview":"max-image-preview:large","max-video-preview":"max-video-preview:-1"},"canonical":"https:\/\/nomadheat.com\/da\/butik\/campingunderlag-2\/","og_locale":"da_DK","og_type":"article","og_title":"Wool Sleeping Mat for Camping | NomadHeat","og_description":"Extremely good restorative sleep with the ultimately luxurious sleeping mat. Suitable for travelers going on camping adventures with tents and RVs.","og_url":"https:\/\/nomadheat.com\/da\/butik\/campingunderlag-2\/","og_site_name":"NomadHeat","article_modified_time":"2024-05-21T13:06:29+00:00","og_image":[{"width":1200,"height":960,"url":"https:\/\/nomadheat.com\/wp-content\/uploads\/2024\/05\/Nomad-Heat-Wool-Sleeping-Mat-for-Camping.jpg","type":"image\/jpeg"}],"twitter_card":"summary_large_image","twitter_misc":{"Estimeret l\u00e6setid":"1 minut"},"schema":{"@context":"https:\/\/schema.org","@graph":[{"@type":"WebPage","@id":"https:\/\/nomadheat.com\/ja\/%e3%82%b7%e3%83%a7%e3%83%83%e3%83%97\/%e3%82%ad%e3%83%a3%e3%83%b3%e3%83%94%e3%83%b3%e3%82%b0%e3%83%91%e3%83%83%e3%83%89-2\/","url":"https:\/\/nomadheat.com\/ja\/%e3%82%b7%e3%83%a7%e3%83%83%e3%83%97\/%e3%82%ad%e3%83%a3%e3%83%b3%e3%83%94%e3%83%b3%e3%82%b0%e3%83%91%e3%83%83%e3%83%89-2\/","name":"Uld-soveunderlag til camping | NomadHeat","isPartOf":{"@id":"https:\/\/nomadheat.com\/nl\/#website"},"primaryImageOfPage":{"@id":"https:\/\/nomadheat.com\/ja\/%e3%82%b7%e3%83%a7%e3%83%83%e3%83%97\/%e3%82%ad%e3%83%a3%e3%83%b3%e3%83%94%e3%83%b3%e3%82%b0%e3%83%91%e3%83%83%e3%83%89-2\/#primaryimage"},"image":{"@id":"https:\/\/nomadheat.com\/ja\/%e3%82%b7%e3%83%a7%e3%83%83%e3%83%97\/%e3%82%ad%e3%83%a3%e3%83%b3%e3%83%94%e3%83%b3%e3%82%b0%e3%83%91%e3%83%83%e3%83%89-2\/#primaryimage"},"thumbnailUrl":"https:\/\/nomadheat.com\/wp-content\/uploads\/2024\/05\/Nomad-Heat-Wool-Sleeping-Mat-for-Camping.jpg","datePublished":"2024-05-21T12:40:22+00:00","dateModified":"2024-05-21T13:06:29+00:00","description":"Ekstremt god og restituerende s\u00f8vn med det ultimativt luksuri\u00f8se liggeunderlag. Velegnet til rejsende, der tager p\u00e5 campingeventyr med telt og autocamper.","breadcrumb":{"@id":"https:\/\/nomadheat.com\/ja\/%e3%82%b7%e3%83%a7%e3%83%83%e3%83%97\/%e3%82%ad%e3%83%a3%e3%83%b3%e3%83%94%e3%83%b3%e3%82%b0%e3%83%91%e3%83%83%e3%83%89-2\/#breadcrumb"},"inLanguage":"da-DK","potentialAction":[{"@type":"ReadAction","target":["https:\/\/nomadheat.com\/ja\/%e3%82%b7%e3%83%a7%e3%83%83%e3%83%97\/%e3%82%ad%e3%83%a3%e3%83%b3%e3%83%94%e3%83%b3%e3%82%b0%e3%83%91%e3%83%83%e3%83%89-2\/"]}]},{"@type":"ImageObject","inLanguage":"da-DK","@id":"https:\/\/nomadheat.com\/ja\/%e3%82%b7%e3%83%a7%e3%83%83%e3%83%97\/%e3%82%ad%e3%83%a3%e3%83%b3%e3%83%94%e3%83%b3%e3%82%b0%e3%83%91%e3%83%83%e3%83%89-2\/#primaryimage","url":"https:\/\/nomadheat.com\/wp-content\/uploads\/2024\/05\/Nomad-Heat-Wool-Sleeping-Mat-for-Camping.jpg","contentUrl":"https:\/\/nomadheat.com\/wp-content\/uploads\/2024\/05\/Nomad-Heat-Wool-Sleeping-Mat-for-Camping.jpg","width":1200,"height":960},{"@type":"BreadcrumbList","@id":"https:\/\/nomadheat.com\/ja\/%e3%82%b7%e3%83%a7%e3%83%83%e3%83%97\/%e3%82%ad%e3%83%a3%e3%83%b3%e3%83%94%e3%83%b3%e3%82%b0%e3%83%91%e3%83%83%e3%83%89-2\/#breadcrumb","itemListElement":[{"@type":"ListItem","position":1,"name":"Home","item":"https:\/\/nomadheat.com\/nl\/"},{"@type":"ListItem","position":2,"name":"Shop","item":"https:\/\/nomadheat.com\/sv\/butik\/"},{"@type":"ListItem","position":3,"name":"Wool Sleeping Mat for Camping"}]},{"@type":"WebSite","@id":"https:\/\/nomadheat.com\/nl\/#website","url":"https:\/\/nomadheat.com\/nl\/","name":"NomadHeat","description":"H\u00e5ndlavede uld-soveposer","publisher":{"@id":"https:\/\/nomadheat.com\/nl\/#organization"},"potentialAction":[{"@type":"SearchAction","target":{"@type":"EntryPoint","urlTemplate":"https:\/\/nomadheat.com\/nl\/?s={search_term_string}"},"query-input":{"@type":"PropertyValueSpecification","valueRequired":true,"valueName":"search_term_string"}}],"inLanguage":"da-DK"},{"@type":"Organization","@id":"https:\/\/nomadheat.com\/nl\/#organization","name":"Nomad Heat","url":"https:\/\/nomadheat.com\/nl\/","logo":{"@type":"ImageObject","inLanguage":"da-DK","@id":"https:\/\/nomadheat.com\/nl\/#\/schema\/logo\/image\/","url":"https:\/\/nomadheat.com\/wp-content\/uploads\/2021\/10\/favicon.png","contentUrl":"https:\/\/nomadheat.com\/wp-content\/uploads\/2021\/10\/favicon.png","width":512,"height":512,"caption":"Nomad Heat"},"image":{"@id":"https:\/\/nomadheat.com\/nl\/#\/schema\/logo\/image\/"}}]}},"_links":{"self":[{"href":"https:\/\/nomadheat.com\/da\/wp-json\/wp\/v2\/product\/1331","targetHints":{"allow":["GET"]}}],"collection":[{"href":"https:\/\/nomadheat.com\/da\/wp-json\/wp\/v2\/product"}],"about":[{"href":"https:\/\/nomadheat.com\/da\/wp-json\/wp\/v2\/types\/product"}],"replies":[{"embeddable":true,"href":"https:\/\/nomadheat.com\/da\/wp-json\/wp\/v2\/comments?post=1331"}],"wp:featuredmedia":[{"embeddable":true,"href":"https:\/\/nomadheat.com\/da\/wp-json\/wp\/v2\/media\/1340"}],"wp:attachment":[{"href":"https:\/\/nomadheat.com\/da\/wp-json\/wp\/v2\/media?parent=1331"}],"wp:term":[{"taxonomy":"product_brand","embeddable":true,"href":"https:\/\/nomadheat.com\/da\/wp-json\/wp\/v2\/product_brand?post=1331"},{"taxonomy":"product_cat","embeddable":true,"href":"https:\/\/nomadheat.com\/da\/wp-json\/wp\/v2\/product_cat?post=1331"},{"taxonomy":"product_tag","embeddable":true,"href":"https:\/\/nomadheat.com\/da\/wp-json\/wp\/v2\/product_tag?post=1331"}],"curies":[{"name":"wp","href":"https:\/\/api.w.org\/{rel}","templated":true}]}}