{"id":428,"date":"2021-11-05T17:21:12","date_gmt":"2021-11-05T15:21:12","guid":{"rendered":"https:\/\/nomadheat.com\/?page_id=428"},"modified":"2022-11-14T15:52:44","modified_gmt":"2022-11-14T13:52:44","slug":"fordele","status":"publish","type":"page","link":"https:\/\/nomadheat.com\/da\/benefits\/","title":{"rendered":"Fordelene ved naturlige fibre"},"content":{"rendered":"<div class=\"wpb-content-wrapper\"><div  class=\"sec_row container\"><div class=\"vc_row wpb_row vc_row-fluid vc_row-o-equal-height vc_row-flex\"><div class=\"wpb_column vc_column_container vc_col-sm-6 et-dark-column\"><div class=\"vc_column-inner\"><div class=\"wpb_wrapper\">\n\t<div class=\"wpb_text_column wpb_content_element\" >\n\t\t<div class=\"wpb_wrapper\">\n\t\t\t<h3>Fordelene ved uld og uldvat<\/h3>\n<ul>\n<li><strong>Milj\u00f8m\u00e6ssigt b\u00e6redygtig<\/strong><strong>, <\/strong><strong>Fornybar, biologisk nedbrydelig og holdbar<\/strong>- Uld er sv\u00e6rt at udfordre p\u00e5 sin b\u00e6redygtighed. Det er et fornyeligt materiale, for n\u00e5r det f\u00f8rst er klippet, vokser det naturligt tilbage. Efter endt levetid er uld fuldt biologisk nedbrydeligt i jord (og vand), hvor det frigiver vigtige n\u00e6ringsstoffer. Dets holdbarhed og styrke skyldes, at fibrene kan b\u00f8jes 20.000 gange om sig selv, f\u00f8r de kn\u00e6kker (for at s\u00e6tte det i perspektiv kn\u00e6kker bomuld efter 3.200 b\u00f8jninger, og rayonfibre holder kun 75 gange!)<\/li>\n<li><strong>Hypoallergenisk<\/strong>- St\u00f8vmider trives i et varmt og fugtigt milj\u00f8 og er den st\u00f8rste \u00e5rsag til allergi og astma. Dun og syntetiske stoffer i senget\u00f8j er et af deres yndlingsmilj\u00f8er. Uld er naturligt resistent over for st\u00f8vmider, og derfor er uldsenget\u00f8j og -soveposer et vidunderligt alternativ til fjer og syntetiske stoffer.<\/li>\n<li><strong>Temperaturregulerende<\/strong>- Uld kan klare alt slags vejr og holder dig k\u00f8lig om sommeren og varm om vinteren.<\/li>\n<li><strong>Vandafvisende<\/strong>- Uld holder fugt udefra v\u00e6k fra huden og transporterer samtidig sved v\u00e6k, s\u00e5 kroppen holdes varm og t\u00f8r.<\/li>\n<li><strong>Brandh\u00e6mmende<\/strong>- Uld er naturligt flammeh\u00e6mmende, s\u00e5 det er ikke n\u00f8dvendigt at tils\u00e6tte yderligere kemikalier, n\u00e5r det bruges i senget\u00f8j.<\/li>\n<li><strong>Modstandsdygtig over for meldug<\/strong>- Uldfibre har en naturlig vandtransporterende egenskab, der forhindrer fugt i at blive i stoffet. Udover at holde huden t\u00f8r, h\u00e6mmer denne kvalitet ogs\u00e5 naturligt mug. Det er grunden til, at det ogs\u00e5 h\u00e6mmer bakterier og dermed mindsker kropslugt.<\/li>\n<\/ul>\n<p><strong>\u00a0<\/strong><\/p>\n\n\t\t<\/div>\n\t<\/div>\n<\/div><\/div><\/div><div class=\"wpb_column vc_column_container vc_col-sm-6 et-dark-column\"><div class=\"vc_column-inner\"><div class=\"wpb_wrapper\">\n\t<div  class=\"wpb_single_image wpb_content_element vc_align_left wpb_content_element\">\n\t\t\n\t\t<figure class=\"wpb_wrapper vc_figure\">\n\t\t\t<div class=\"vc_single_image-wrapper   vc_box_border_grey\"><img decoding=\"async\" data-vc-zoom=\"https:\/\/nomadheat.com\/wp-content\/uploads\/2021\/11\/Nomad-Heat-materials-wool-1024x683.jpg\" width=\"1024\" height=\"683\" data-src=\"https:\/\/nomadheat.com\/wp-content\/uploads\/2021\/11\/Nomad-Heat-materials-wool-1024x683.jpg\" class=\"vc_single_image-img attachment-large lazyload\" alt=\"Nomad Heat materialer - uld\" title=\"Nomad Heat materialer - uld\" data-srcset=\"https:\/\/nomadheat.com\/wp-content\/uploads\/2021\/11\/Nomad-Heat-materials-wool-1024x683.jpg 1024w, https:\/\/nomadheat.com\/wp-content\/uploads\/2021\/11\/Nomad-Heat-materials-wool-300x200.jpg 300w, https:\/\/nomadheat.com\/wp-content\/uploads\/2021\/11\/Nomad-Heat-materials-wool-768x512.jpg 768w, https:\/\/nomadheat.com\/wp-content\/uploads\/2021\/11\/Nomad-Heat-materials-wool-150x100.jpg 150w, https:\/\/nomadheat.com\/wp-content\/uploads\/2021\/11\/Nomad-Heat-materials-wool-600x400.jpg 600w, https:\/\/nomadheat.com\/wp-content\/uploads\/2021\/11\/Nomad-Heat-materials-wool-900x600.jpg 900w, https:\/\/nomadheat.com\/wp-content\/uploads\/2021\/11\/Nomad-Heat-materials-wool.jpg 1300w\" data-sizes=\"(max-width: 1024px) 100vw, 1024px\" src=\"data:image\/svg+xml;base64,PHN2ZyB3aWR0aD0iMSIgaGVpZ2h0PSIxIiB4bWxucz0iaHR0cDovL3d3dy53My5vcmcvMjAwMC9zdmciPjwvc3ZnPg==\" style=\"--smush-placeholder-width: 1024px; --smush-placeholder-aspect-ratio: 1024\/683;\" \/><\/div>\n\t\t<\/figure>\n\t<\/div>\n<\/div><\/div><\/div><\/div><\/div><div  class=\"sec_row container\"><div class=\"vc_row wpb_row vc_row-fluid\"><div class=\"wpb_column vc_column_container vc_col-sm-6 et-dark-column\"><div class=\"vc_column-inner\"><div class=\"wpb_wrapper\">\n\t<div class=\"wpb_text_column wpb_content_element\" >\n\t\t<div class=\"wpb_wrapper\">\n\t\t\t<h3>Fordelene ved linned<\/h3>\n<ul>\n<li><strong>B\u00e6redygtig og biologisk nedbrydelig<\/strong> \u2013 <strong>hele h\u00f8rplanten kan v\u00e6ves til en fiber<\/strong> uden spild under processen. H\u00f8r vokser uden brug af g\u00f8dning eller pesticider og har derfor ikke brug for meget vand.<\/li>\n<li><strong>Holdbar<\/strong> - H\u00f8r er dobbelt s\u00e5 slidst\u00e6rkt som bomuld og kan holde i \u00e5rtier.<\/li>\n<li><strong>Antimikrobiel og antibakteriel<\/strong> - Det g\u00f8r stoffet perfekt til folk med allergi.<\/li>\n<li><strong>Meget \u00e5ndbar<\/strong> - holder dig varm om vinteren og k\u00f8lig om sommeren.<\/li>\n<li><strong>Let at vedligeholde<\/strong> - H\u00f8r modst\u00e5r pletter som intet andet stof, s\u00e5 det er meget nemt at holde stoffet rent.<\/li>\n<li><strong>En tekstur, der giver en let masserende effekt<\/strong> - hvilket stimulerer blodgennemstr\u00f8mningen og fremmer afslapning.<\/li>\n<\/ul>\n<p><strong>\u00a0<\/strong><\/p>\n\n\t\t<\/div>\n\t<\/div>\n<\/div><\/div><\/div><div class=\"wpb_column vc_column_container vc_col-sm-6 et-dark-column\"><div class=\"vc_column-inner\"><div class=\"wpb_wrapper\">\n\t<div  class=\"wpb_single_image wpb_content_element vc_align_left wpb_content_element\">\n\t\t\n\t\t<figure class=\"wpb_wrapper vc_figure\">\n\t\t\t<div class=\"vc_single_image-wrapper   vc_box_border_grey\"><img decoding=\"async\" data-vc-zoom=\"https:\/\/nomadheat.com\/wp-content\/uploads\/2021\/11\/Nomad-Heat-materials-linen-1024x683.jpg\" width=\"1024\" height=\"683\" data-src=\"https:\/\/nomadheat.com\/wp-content\/uploads\/2021\/11\/Nomad-Heat-materials-linen-1024x683.jpg\" class=\"vc_single_image-img attachment-large lazyload\" alt=\"Nomad Heat materialer - linned\" title=\"Nomad Heat materialer - linned\" data-srcset=\"https:\/\/nomadheat.com\/wp-content\/uploads\/2021\/11\/Nomad-Heat-materials-linen-1024x683.jpg 1024w, https:\/\/nomadheat.com\/wp-content\/uploads\/2021\/11\/Nomad-Heat-materials-linen-300x200.jpg 300w, https:\/\/nomadheat.com\/wp-content\/uploads\/2021\/11\/Nomad-Heat-materials-linen-768x512.jpg 768w, https:\/\/nomadheat.com\/wp-content\/uploads\/2021\/11\/Nomad-Heat-materials-linen-150x100.jpg 150w, https:\/\/nomadheat.com\/wp-content\/uploads\/2021\/11\/Nomad-Heat-materials-linen-600x400.jpg 600w, https:\/\/nomadheat.com\/wp-content\/uploads\/2021\/11\/Nomad-Heat-materials-linen-900x600.jpg 900w, https:\/\/nomadheat.com\/wp-content\/uploads\/2021\/11\/Nomad-Heat-materials-linen.jpg 1300w\" data-sizes=\"(max-width: 1024px) 100vw, 1024px\" src=\"data:image\/svg+xml;base64,PHN2ZyB3aWR0aD0iMSIgaGVpZ2h0PSIxIiB4bWxucz0iaHR0cDovL3d3dy53My5vcmcvMjAwMC9zdmciPjwvc3ZnPg==\" style=\"--smush-placeholder-width: 1024px; --smush-placeholder-aspect-ratio: 1024\/683;\" \/><\/div>\n\t\t<\/figure>\n\t<\/div>\n<\/div><\/div><\/div><\/div><\/div><div  class=\"sec_row container\"><div class=\"vc_row wpb_row vc_row-fluid\"><div class=\"wpb_column vc_column_container vc_col-sm-12 et-dark-column\"><div class=\"vc_column-inner\"><div class=\"wpb_wrapper\"><div class=\"vc_empty_space\"   style=\"height: 32px\"><span class=\"vc_empty_space_inner\"><\/span><\/div><\/div><\/div><\/div><\/div><\/div><div  class=\"sec_row container\"><div class=\"vc_row wpb_row vc_row-fluid\"><div class=\"wpb_column vc_column_container vc_col-sm-6 et-dark-column\"><div class=\"vc_column-inner\"><div class=\"wpb_wrapper\">\n\t<div class=\"wpb_text_column wpb_content_element\" >\n\t\t<div class=\"wpb_wrapper\">\n\t\t\t<h3>Fordelene ved silke<\/h3>\n<ul>\n<li><strong>Naturligt afskr\u00e6kkende middel mod st\u00f8vmider, meldug og svampe <\/strong>- Perfekt til folk med allergi og astma.<\/li>\n<li><strong>Helt naturlig og bevarer de v\u00e6rdifulde aminosyrer fuldt ud<\/strong> - essensen af silkens fordele. De aminosyrer, der findes i silke, er ekstremt gavnlige og sunde for menneskets hud, h\u00e5r og nervesystem.<\/li>\n<li><strong>\u00c5ndbar og varmeregulerende<\/strong> - s\u00e5 du kan sove dybere og v\u00e5gne mere udhvilet.<\/li>\n<li><strong>Bl\u00f8d at r\u00f8re ved <\/strong>- men ikke glat som satin og syntetiske stoffer.<\/li>\n<\/ul>\n\n\t\t<\/div>\n\t<\/div>\n<\/div><\/div><\/div><div class=\"wpb_column vc_column_container vc_col-sm-6 et-dark-column\"><div class=\"vc_column-inner\"><div class=\"wpb_wrapper\">\n\t<div  class=\"wpb_single_image wpb_content_element vc_align_left wpb_content_element\">\n\t\t\n\t\t<figure class=\"wpb_wrapper vc_figure\">\n\t\t\t<div class=\"vc_single_image-wrapper   vc_box_border_grey\"><img decoding=\"async\" data-vc-zoom=\"https:\/\/nomadheat.com\/wp-content\/uploads\/2021\/11\/Nomad-Heat-materials-silk-1024x683.jpg\" width=\"1024\" height=\"683\" data-src=\"https:\/\/nomadheat.com\/wp-content\/uploads\/2021\/11\/Nomad-Heat-materials-silk-1024x683.jpg\" class=\"vc_single_image-img attachment-large lazyload\" alt=\"Nomad Heat materialer - silke\" title=\"Nomad Heat materialer - silke\" data-srcset=\"https:\/\/nomadheat.com\/wp-content\/uploads\/2021\/11\/Nomad-Heat-materials-silk-1024x683.jpg 1024w, https:\/\/nomadheat.com\/wp-content\/uploads\/2021\/11\/Nomad-Heat-materials-silk-300x200.jpg 300w, https:\/\/nomadheat.com\/wp-content\/uploads\/2021\/11\/Nomad-Heat-materials-silk-768x512.jpg 768w, https:\/\/nomadheat.com\/wp-content\/uploads\/2021\/11\/Nomad-Heat-materials-silk-150x100.jpg 150w, https:\/\/nomadheat.com\/wp-content\/uploads\/2021\/11\/Nomad-Heat-materials-silk-600x400.jpg 600w, https:\/\/nomadheat.com\/wp-content\/uploads\/2021\/11\/Nomad-Heat-materials-silk-900x600.jpg 900w, https:\/\/nomadheat.com\/wp-content\/uploads\/2021\/11\/Nomad-Heat-materials-silk.jpg 1300w\" data-sizes=\"(max-width: 1024px) 100vw, 1024px\" src=\"data:image\/svg+xml;base64,PHN2ZyB3aWR0aD0iMSIgaGVpZ2h0PSIxIiB4bWxucz0iaHR0cDovL3d3dy53My5vcmcvMjAwMC9zdmciPjwvc3ZnPg==\" style=\"--smush-placeholder-width: 1024px; --smush-placeholder-aspect-ratio: 1024\/683;\" \/><\/div>\n\t\t<\/figure>\n\t<\/div>\n<\/div><\/div><\/div><\/div><\/div>\n<\/div>","protected":false},"excerpt":{"rendered":"The benefits of wool &amp; wool batting Environmentally Sustainable, Renewable, Biodegradable, and Durable\u2013 Wool is hard to challenge for its sustainability. It is a renewable material as once cut it grows back naturally. At the end of its life, wool is fully biodegradable in soil (and water), releasing important nutrients [...]","protected":false},"author":4,"featured_media":0,"parent":0,"menu_order":0,"comment_status":"closed","ping_status":"closed","template":"","meta":{"footnotes":""},"class_list":["post-428","page","type-page","status-publish","hentry"],"yoast_head":"<!-- This site is optimized with the Yoast SEO plugin v27.3 - https:\/\/yoast.com\/product\/yoast-seo-wordpress\/ -->\n<title>The benefits of natural fibers | NomadHeat<\/title>\n<meta name=\"description\" content=\"Wonder what are the benefits of natural fibers and how choosing them will improve your sleep? Read all about wool, silk and linen here\" \/>\n<meta name=\"robots\" content=\"index, follow, max-snippet:-1, max-image-preview:large, max-video-preview:-1\" \/>\n<link rel=\"canonical\" href=\"https:\/\/nomadheat.com\/da\/fordele\/\" \/>\n<meta property=\"og:locale\" content=\"da_DK\" \/>\n<meta property=\"og:type\" content=\"article\" \/>\n<meta property=\"og:title\" content=\"The benefits of natural fibers | NomadHeat\" \/>\n<meta property=\"og:description\" content=\"Wonder what are the benefits of natural fibers and how choosing them will improve your sleep? Read all about wool, silk and linen here\" \/>\n<meta property=\"og:url\" content=\"https:\/\/nomadheat.com\/da\/fordele\/\" \/>\n<meta property=\"og:site_name\" content=\"NomadHeat\" \/>\n<meta property=\"article:modified_time\" content=\"2022-11-14T13:52:44+00:00\" \/>\n<meta name=\"twitter:card\" content=\"summary_large_image\" \/>\n<meta name=\"twitter:label1\" content=\"Estimeret l\u00e6setid\" \/>\n\t<meta name=\"twitter:data1\" content=\"3 minutter\" \/>\n<script type=\"application\/ld+json\" class=\"yoast-schema-graph\">{\"@context\":\"https:\\\/\\\/schema.org\",\"@graph\":[{\"@type\":\"WebPage\",\"@id\":\"https:\\\/\\\/nomadheat.com\\\/bg\\\/benefits\\\/\",\"url\":\"https:\\\/\\\/nomadheat.com\\\/bg\\\/benefits\\\/\",\"name\":\"The benefits of natural fibers | NomadHeat\",\"isPartOf\":{\"@id\":\"https:\\\/\\\/nomadheat.com\\\/nl\\\/#website\"},\"datePublished\":\"2021-11-05T15:21:12+00:00\",\"dateModified\":\"2022-11-14T13:52:44+00:00\",\"description\":\"Wonder what are the benefits of natural fibers and how choosing them will improve your sleep? Read all about wool, silk and linen here\",\"breadcrumb\":{\"@id\":\"https:\\\/\\\/nomadheat.com\\\/bg\\\/benefits\\\/#breadcrumb\"},\"inLanguage\":\"da-DK\",\"potentialAction\":[{\"@type\":\"ReadAction\",\"target\":[\"https:\\\/\\\/nomadheat.com\\\/bg\\\/benefits\\\/\"]}]},{\"@type\":\"BreadcrumbList\",\"@id\":\"https:\\\/\\\/nomadheat.com\\\/bg\\\/benefits\\\/#breadcrumb\",\"itemListElement\":[{\"@type\":\"ListItem\",\"position\":1,\"name\":\"Home\",\"item\":\"https:\\\/\\\/nomadheat.com\\\/nl\\\/\"},{\"@type\":\"ListItem\",\"position\":2,\"name\":\"The benefits of natural fibers\"}]},{\"@type\":\"WebSite\",\"@id\":\"https:\\\/\\\/nomadheat.com\\\/nl\\\/#website\",\"url\":\"https:\\\/\\\/nomadheat.com\\\/nl\\\/\",\"name\":\"NomadHeat\",\"description\":\"Handmade Wool Sleeping Bags\",\"publisher\":{\"@id\":\"https:\\\/\\\/nomadheat.com\\\/nl\\\/#organization\"},\"potentialAction\":[{\"@type\":\"SearchAction\",\"target\":{\"@type\":\"EntryPoint\",\"urlTemplate\":\"https:\\\/\\\/nomadheat.com\\\/nl\\\/?s={search_term_string}\"},\"query-input\":{\"@type\":\"PropertyValueSpecification\",\"valueRequired\":true,\"valueName\":\"search_term_string\"}}],\"inLanguage\":\"da-DK\"},{\"@type\":\"Organization\",\"@id\":\"https:\\\/\\\/nomadheat.com\\\/nl\\\/#organization\",\"name\":\"Nomad Heat\",\"url\":\"https:\\\/\\\/nomadheat.com\\\/nl\\\/\",\"logo\":{\"@type\":\"ImageObject\",\"inLanguage\":\"da-DK\",\"@id\":\"https:\\\/\\\/nomadheat.com\\\/nl\\\/#\\\/schema\\\/logo\\\/image\\\/\",\"url\":\"https:\\\/\\\/nomadheat.com\\\/wp-content\\\/uploads\\\/2021\\\/10\\\/favicon.png\",\"contentUrl\":\"https:\\\/\\\/nomadheat.com\\\/wp-content\\\/uploads\\\/2021\\\/10\\\/favicon.png\",\"width\":512,\"height\":512,\"caption\":\"Nomad Heat\"},\"image\":{\"@id\":\"https:\\\/\\\/nomadheat.com\\\/nl\\\/#\\\/schema\\\/logo\\\/image\\\/\"}}]}<\/script>\n<!-- \/ Yoast SEO plugin. -->","yoast_head_json":{"title":"Fordelene ved naturlige fibre | NomadHeat","description":"Undrer du dig over fordelene ved naturlige fibre, og hvordan du kan forbedre din s\u00f8vn ved at v\u00e6lge dem? L\u00e6s alt om uld, silke og h\u00f8r her.","robots":{"index":"index","follow":"follow","max-snippet":"max-snippet:-1","max-image-preview":"max-image-preview:large","max-video-preview":"max-video-preview:-1"},"canonical":"https:\/\/nomadheat.com\/da\/fordele\/","og_locale":"da_DK","og_type":"article","og_title":"The benefits of natural fibers | NomadHeat","og_description":"Wonder what are the benefits of natural fibers and how choosing them will improve your sleep? Read all about wool, silk and linen here","og_url":"https:\/\/nomadheat.com\/da\/fordele\/","og_site_name":"NomadHeat","article_modified_time":"2022-11-14T13:52:44+00:00","twitter_card":"summary_large_image","twitter_misc":{"Estimeret l\u00e6setid":"3 minutter"},"schema":{"@context":"https:\/\/schema.org","@graph":[{"@type":"WebPage","@id":"https:\/\/nomadheat.com\/bg\/benefits\/","url":"https:\/\/nomadheat.com\/bg\/benefits\/","name":"Fordelene ved naturlige fibre | NomadHeat","isPartOf":{"@id":"https:\/\/nomadheat.com\/nl\/#website"},"datePublished":"2021-11-05T15:21:12+00:00","dateModified":"2022-11-14T13:52:44+00:00","description":"Undrer du dig over fordelene ved naturlige fibre, og hvordan du kan forbedre din s\u00f8vn ved at v\u00e6lge dem? L\u00e6s alt om uld, silke og h\u00f8r her.","breadcrumb":{"@id":"https:\/\/nomadheat.com\/bg\/benefits\/#breadcrumb"},"inLanguage":"da-DK","potentialAction":[{"@type":"ReadAction","target":["https:\/\/nomadheat.com\/bg\/benefits\/"]}]},{"@type":"BreadcrumbList","@id":"https:\/\/nomadheat.com\/bg\/benefits\/#breadcrumb","itemListElement":[{"@type":"ListItem","position":1,"name":"Home","item":"https:\/\/nomadheat.com\/nl\/"},{"@type":"ListItem","position":2,"name":"The benefits of natural fibers"}]},{"@type":"WebSite","@id":"https:\/\/nomadheat.com\/nl\/#website","url":"https:\/\/nomadheat.com\/nl\/","name":"NomadHeat","description":"H\u00e5ndlavede uld-soveposer","publisher":{"@id":"https:\/\/nomadheat.com\/nl\/#organization"},"potentialAction":[{"@type":"SearchAction","target":{"@type":"EntryPoint","urlTemplate":"https:\/\/nomadheat.com\/nl\/?s={search_term_string}"},"query-input":{"@type":"PropertyValueSpecification","valueRequired":true,"valueName":"search_term_string"}}],"inLanguage":"da-DK"},{"@type":"Organization","@id":"https:\/\/nomadheat.com\/nl\/#organization","name":"Nomad Heat","url":"https:\/\/nomadheat.com\/nl\/","logo":{"@type":"ImageObject","inLanguage":"da-DK","@id":"https:\/\/nomadheat.com\/nl\/#\/schema\/logo\/image\/","url":"https:\/\/nomadheat.com\/wp-content\/uploads\/2021\/10\/favicon.png","contentUrl":"https:\/\/nomadheat.com\/wp-content\/uploads\/2021\/10\/favicon.png","width":512,"height":512,"caption":"Nomad Heat"},"image":{"@id":"https:\/\/nomadheat.com\/nl\/#\/schema\/logo\/image\/"}}]}},"_links":{"self":[{"href":"https:\/\/nomadheat.com\/da\/wp-json\/wp\/v2\/pages\/428","targetHints":{"allow":["GET"]}}],"collection":[{"href":"https:\/\/nomadheat.com\/da\/wp-json\/wp\/v2\/pages"}],"about":[{"href":"https:\/\/nomadheat.com\/da\/wp-json\/wp\/v2\/types\/page"}],"author":[{"embeddable":true,"href":"https:\/\/nomadheat.com\/da\/wp-json\/wp\/v2\/users\/4"}],"replies":[{"embeddable":true,"href":"https:\/\/nomadheat.com\/da\/wp-json\/wp\/v2\/comments?post=428"}],"version-history":[{"count":0,"href":"https:\/\/nomadheat.com\/da\/wp-json\/wp\/v2\/pages\/428\/revisions"}],"wp:attachment":[{"href":"https:\/\/nomadheat.com\/da\/wp-json\/wp\/v2\/media?parent=428"}],"curies":[{"name":"wp","href":"https:\/\/api.w.org\/{rel}","templated":true}]}}