{"id":298,"date":"2021-10-11T11:32:56","date_gmt":"2021-10-11T08:32:56","guid":{"rendered":"https:\/\/nomadheat.com\/?page_id=298"},"modified":"2025-02-24T14:22:58","modified_gmt":"2025-02-24T12:22:58","slug":"omsorg","status":"publish","type":"page","link":"https:\/\/nomadheat.com\/da\/care\/","title":{"rendered":"Plejeinstruktioner"},"content":{"rendered":"<div class=\"wpb-content-wrapper\"><div  class=\"sec_row container\"><div class=\"vc_row wpb_row vc_row-fluid\"><div class=\"wpb_column vc_column_container vc_col-sm-2 et-dark-column\"><div class=\"vc_column-inner\"><div class=\"wpb_wrapper\"><\/div><\/div><\/div><div class=\"wpb_column vc_column_container vc_col-sm-8 et-dark-column\"><div class=\"vc_column-inner\"><div class=\"wpb_wrapper\"><div class=\"vc_empty_space\"   style=\"height: 50px\"><span class=\"vc_empty_space_inner\"><\/span><\/div>\n\t<div class=\"wpb_text_column wpb_content_element\" >\n\t\t<div class=\"wpb_wrapper\">\n\t\t\t<h1 class=\"page-title\" style=\"text-align: center;\">PLEJEINSTRUKTIONER<\/h1>\n<h2 style=\"text-align: center;\">NOMAD HEAT-SOVEPOSER I ULD<\/h2>\n\n\t\t<\/div>\n\t<\/div>\n<div  class=\"vc_do_toggle vc_toggle vc_toggle_simple vc_toggle_color_green  vc_toggle_size_md\"><div class=\"vc_toggle_title\"><h4>Cleaning & Drying Your Wool Sleeping Bag<\/h4><i class=\"vc_toggle_icon\"><\/i><\/div><div class=\"vc_toggle_content\"><p>Strygning og rensning kan beskadige din soveposes skal og isolering. De kemiske forbindelser, der bruges i kemisk rensning, kan fjerne de naturlige olier i uld, og varm strygning kan beskadige skallen.<\/p>\n<p><strong>Pletrensning<\/strong><\/p>\n<p>Din bedste mulighed for at holde soveposen ren og i perfekt stand er pletrensning.<\/p>\n<ul>\n<li>Brug en hjemmelavet pastalignende blanding af s\u00e6be uden reng\u00f8ringsmiddel og vand.<\/li>\n<li>Fordel pastaen p\u00e5 en lille bl\u00f8d b\u00f8rste eller svamp, og reng\u00f8r soveposens skal med forsigtige bev\u00e6gelser.<\/li>\n<li>Skyl det behandlede omr\u00e5de af stoffet med lunkent vand<\/li>\n<li>Lad det luftt\u00f8rre helt<\/li>\n<\/ul>\n<p><strong>Maskinvask<\/strong><\/p>\n<ul>\n<li>S\u00f8rg for at lyne alle lynl\u00e5se op<\/li>\n<li>Vask p\u00e5 uldprogram (normalt sk\u00e5nsomt program ved 30 \u00b0C \/ 90 \u00b0F). Hvis din vaskemaskine ikke har et uldprogram, skal du bruge koldtvandsvask eller et program til finvask.<\/li>\n<li>Brug et vaskemiddel til uld eller silke.<br \/>\nM\u00e5 ikke bleges. Tils\u00e6t ikke skyllemiddel eller pletfjerner - det kan skade mulberrysilkeskallen og uldfyldet.<\/li>\n<li>Lad det luftt\u00f8rre helt<\/li>\n<\/ul>\n<p><strong>H\u00e5ndvask<\/strong><\/p>\n<ul>\n<li>Fyld dit badekar med lunkent vand<\/li>\n<li>Brug uldvaskemiddel, men undg\u00e5 at bruge for meget af det, da det vil v\u00e6re sv\u00e6rere at skylle det ud.<\/li>\n<li>L\u00e6g soveposen i badekarret, og gnid forsigtigt de mest snavsede omr\u00e5der sammen.<\/li>\n<li>Brug en bl\u00f8d svamp til at g\u00e5 hele soveposens skal igennem.<\/li>\n<li>Lad det ligge i bl\u00f8d i op til en time, og h\u00e6ld vandet fra.<\/li>\n<li>Tryk forsigtigt det resterende vand ud af soveposen.<\/li>\n<li>Fyld badekarret med lunkent vand og skyl efter. Arbejd forsigtigt s\u00e6ben ud, og h\u00e6ld vandet fra.<\/li>\n<li>Gentag skylleproceduren, indtil der ikke er mere s\u00e6be tilbage.<\/li>\n<\/ul>\n<p><strong>T\u00f8rring<\/strong><\/p>\n<ul>\n<li>Soveposen er tung, n\u00e5r den er v\u00e5d, s\u00e5 du kan f\u00e5 brug for lidt hj\u00e6lp til at h\u00e5ndtere den.<\/li>\n<li>Lad det luftt\u00f8rre p\u00e5 en flad overflade<\/li>\n<li>Undg\u00e5 at vride soveposen for at fjerne overskydende vand, men klem det let ud, hvis det er n\u00f8dvendigt.<\/li>\n<\/ul>\n<\/div><\/div><div  class=\"vc_do_toggle vc_toggle vc_toggle_simple vc_toggle_color_green  vc_toggle_size_md\"><div class=\"vc_toggle_title\"><h4>Opbevaring af din uldsovepose<\/h4><i class=\"vc_toggle_icon\"><\/i><\/div><div class=\"vc_toggle_content\"><p>Opbevar din uldsovepose omhyggeligt for at f\u00e5 den til at holde l\u00e6ngere.<\/p>\n<ul>\n<li>N\u00e5r du kommer tilbage fra en rejse, skal du lyne tasken op og lade den lufte ud for at sikre, at den er helt t\u00f8r.<\/li>\n<li>Do not put it back in its sack \u2013 storing it compressed will damage the filling over time<\/li>\n<li>Store your sleeping bag in a cool, dry place, uncompressed in a box or by hanging it up \u2013 this helps to keep the filling spread out evenly and maintain its fluffiness<\/li>\n<li>Opbevar en lavendelpose t\u00e6t p\u00e5 din uldsovepose for at afvise m\u00f8l.<\/li>\n<\/ul>\n<\/div><\/div><div  class=\"vc_do_toggle vc_toggle vc_toggle_simple vc_toggle_color_green  vc_toggle_size_md\"><div class=\"vc_toggle_title\"><h4>Fyld din uldsovepose i s\u00e6kken<\/h4><i class=\"vc_toggle_icon\"><\/i><\/div><div class=\"vc_toggle_content\"><p>Undg\u00e5 at opbevare din taske sammenpresset i s\u00e6kken. Komprimering i l\u00e6ngere tid vil reducere dens luftighed og struktur.<\/p>\n<ul>\n<li>F\u00f8r du putter soveposen i s\u00e6kken, skal du s\u00f8rge for at lukke lynl\u00e5sene helt.<\/li>\n<li>Fold den bredeste del ved skuldrene ind, og begynd at rulle op fra f\u00f8dderne.<\/li>\n<\/ul>\n<\/div><\/div><div  class=\"vc_do_toggle vc_toggle vc_toggle_simple vc_toggle_color_green  vc_toggle_size_md\"><div class=\"vc_toggle_title\"><h4>Yderligere tips<\/h4><i class=\"vc_toggle_icon\"><\/i><\/div><div class=\"vc_toggle_content\"><ul>\n<li>Holdes v\u00e6k fra \u00e5ben ild<\/li>\n<li>Sov altid i rent t\u00f8j<\/li>\n<li>Fjern solcreme eller anden tung kosmetik fra ansigt og hals, s\u00e5 det ikke tr\u00e6nger ned i soveposen.<\/li>\n<li>En tekstilh\u00e6tte holder fedtet h\u00e5r v\u00e6k fra h\u00e6tten.<\/li>\n<li>Overvej at bruge et ekstra soveposefor, der fungerer som en barriere mellem din hud og soveposen. Vi tilbyder letv\u00e6gtsfor i ren silke, som \u00f8ger soveposens temperatur, og som ogs\u00e5 kan maskinvaskes og er ekstremt nemme at vedligeholde.<\/li>\n<li>Beskyt din sovepose mod jorden ved at l\u00e6gge et underlag p\u00e5 f\u00f8rst, og s\u00f8rg for at fjerne skarpe genstande fra jorden, som kan beskadige soveposen.<\/li>\n<li>V\u00e6r forsigtig med lynl\u00e5se for at undg\u00e5, at de h\u00e6nger fast.<\/li>\n<li>Every morning air out your sleeping bag in fresh air and sunlight \u2013 to dry out any moisture accumulated during the night, turn it inside out and let it dry out completely<\/li>\n<li>Varme genstande som gryder kan beskadige stoffet.<\/li>\n<li>Insect repellents that contain DEET will damage the sleeping bag \u2013 do not spray directly on it<\/li>\n<\/ul>\n<\/div><\/div><div  class=\"vc_do_toggle vc_toggle vc_toggle_simple vc_toggle_color_green  vc_toggle_size_md\"><div class=\"vc_toggle_title\"><h4>Reparationer<\/h4><i class=\"vc_toggle_icon\"><\/i><\/div><div class=\"vc_toggle_content\"><p>Hvis der opst\u00e5r en lille rift i skallen, mens du er p\u00e5 camping, kan du sy den sammen i h\u00e5nden. Hav altid n\u00e5l og tr\u00e5d i dit reparationss\u00e6t. Du kan ogs\u00e5 bruge en s\u00e5rbandage fra din f\u00f8rstehj\u00e6lpskasse. N\u00e5r du kommer hjem, kan du forsigtigt fjerne h\u00e5nds\u00f8mmene eller bandagen og sy stoffet sammen med en symaskine eller tage det med til en syerske.<\/p>\n<p>Hvis skaden er mere alvorlig, skal du f\u00e5 den repareret af en professionel.<\/p>\n<\/div><\/div><\/div><\/div><\/div><div class=\"wpb_column vc_column_container vc_col-sm-2 et-dark-column\"><div class=\"vc_column-inner\"><div class=\"wpb_wrapper\"><\/div><\/div><\/div><\/div><\/div>\n<\/div>","protected":false},"excerpt":{"rendered":"CARE INSTRUCTIONS NOMAD HEAT WOOL SLEEPING BAGS Cleaning &amp; Drying Your Wool Sleeping BagIroning and dry cleaning can damage your sleeping bag\u2019s shell and insulation. The chemical compounds used in dry cleaning can strip away the natural oils in wool and hot ironing may damage the shell. Spot Cleaning Your [...]","protected":false},"author":4,"featured_media":0,"parent":0,"menu_order":0,"comment_status":"closed","ping_status":"closed","template":"","meta":{"footnotes":""},"class_list":["post-298","page","type-page","status-publish","hentry"],"yoast_head":"<!-- This site is optimized with the Yoast SEO plugin v27.5 - https:\/\/yoast.com\/product\/yoast-seo-wordpress\/ -->\n<title>Care instructions | NomadHeat<\/title>\n<meta name=\"robots\" content=\"index, follow, max-snippet:-1, max-image-preview:large, max-video-preview:-1\" \/>\n<link rel=\"canonical\" href=\"https:\/\/nomadheat.com\/da\/omsorg\/\" \/>\n<meta property=\"og:locale\" content=\"da_DK\" \/>\n<meta property=\"og:type\" content=\"article\" \/>\n<meta property=\"og:title\" content=\"Care instructions | NomadHeat\" \/>\n<meta property=\"og:url\" content=\"https:\/\/nomadheat.com\/da\/omsorg\/\" \/>\n<meta property=\"og:site_name\" content=\"NomadHeat\" \/>\n<meta property=\"article:modified_time\" content=\"2025-02-24T12:22:58+00:00\" \/>\n<meta name=\"twitter:card\" content=\"summary_large_image\" \/>\n<meta name=\"twitter:label1\" content=\"Estimeret l\u00e6setid\" \/>\n\t<meta name=\"twitter:data1\" content=\"4 minutter\" \/>\n<script type=\"application\/ld+json\" class=\"yoast-schema-graph\">{\"@context\":\"https:\\\/\\\/schema.org\",\"@graph\":[{\"@type\":\"WebPage\",\"@id\":\"https:\\\/\\\/nomadheat.com\\\/de\\\/pflege\\\/\",\"url\":\"https:\\\/\\\/nomadheat.com\\\/de\\\/pflege\\\/\",\"name\":\"Care instructions | NomadHeat\",\"isPartOf\":{\"@id\":\"https:\\\/\\\/nomadheat.com\\\/nl\\\/#website\"},\"datePublished\":\"2021-10-11T08:32:56+00:00\",\"dateModified\":\"2025-02-24T12:22:58+00:00\",\"breadcrumb\":{\"@id\":\"https:\\\/\\\/nomadheat.com\\\/de\\\/pflege\\\/#breadcrumb\"},\"inLanguage\":\"da-DK\",\"potentialAction\":[{\"@type\":\"ReadAction\",\"target\":[\"https:\\\/\\\/nomadheat.com\\\/de\\\/pflege\\\/\"]}]},{\"@type\":\"BreadcrumbList\",\"@id\":\"https:\\\/\\\/nomadheat.com\\\/de\\\/pflege\\\/#breadcrumb\",\"itemListElement\":[{\"@type\":\"ListItem\",\"position\":1,\"name\":\"Home\",\"item\":\"https:\\\/\\\/nomadheat.com\\\/nl\\\/\"},{\"@type\":\"ListItem\",\"position\":2,\"name\":\"Care instructions\"}]},{\"@type\":\"WebSite\",\"@id\":\"https:\\\/\\\/nomadheat.com\\\/nl\\\/#website\",\"url\":\"https:\\\/\\\/nomadheat.com\\\/nl\\\/\",\"name\":\"NomadHeat\",\"description\":\"Handmade Wool Sleeping Bags\",\"publisher\":{\"@id\":\"https:\\\/\\\/nomadheat.com\\\/nl\\\/#organization\"},\"potentialAction\":[{\"@type\":\"SearchAction\",\"target\":{\"@type\":\"EntryPoint\",\"urlTemplate\":\"https:\\\/\\\/nomadheat.com\\\/nl\\\/?s={search_term_string}\"},\"query-input\":{\"@type\":\"PropertyValueSpecification\",\"valueRequired\":true,\"valueName\":\"search_term_string\"}}],\"inLanguage\":\"da-DK\"},{\"@type\":\"Organization\",\"@id\":\"https:\\\/\\\/nomadheat.com\\\/nl\\\/#organization\",\"name\":\"Nomad Heat\",\"url\":\"https:\\\/\\\/nomadheat.com\\\/nl\\\/\",\"logo\":{\"@type\":\"ImageObject\",\"inLanguage\":\"da-DK\",\"@id\":\"https:\\\/\\\/nomadheat.com\\\/nl\\\/#\\\/schema\\\/logo\\\/image\\\/\",\"url\":\"https:\\\/\\\/nomadheat.com\\\/wp-content\\\/uploads\\\/2021\\\/10\\\/favicon.png\",\"contentUrl\":\"https:\\\/\\\/nomadheat.com\\\/wp-content\\\/uploads\\\/2021\\\/10\\\/favicon.png\",\"width\":512,\"height\":512,\"caption\":\"Nomad Heat\"},\"image\":{\"@id\":\"https:\\\/\\\/nomadheat.com\\\/nl\\\/#\\\/schema\\\/logo\\\/image\\\/\"}}]}<\/script>\n<!-- \/ Yoast SEO plugin. -->","yoast_head_json":{"title":"Plejevejledning | NomadHeat","robots":{"index":"index","follow":"follow","max-snippet":"max-snippet:-1","max-image-preview":"max-image-preview:large","max-video-preview":"max-video-preview:-1"},"canonical":"https:\/\/nomadheat.com\/da\/omsorg\/","og_locale":"da_DK","og_type":"article","og_title":"Care instructions | NomadHeat","og_url":"https:\/\/nomadheat.com\/da\/omsorg\/","og_site_name":"NomadHeat","article_modified_time":"2025-02-24T12:22:58+00:00","twitter_card":"summary_large_image","twitter_misc":{"Estimeret l\u00e6setid":"4 minutter"},"schema":{"@context":"https:\/\/schema.org","@graph":[{"@type":"WebPage","@id":"https:\/\/nomadheat.com\/de\/pflege\/","url":"https:\/\/nomadheat.com\/de\/pflege\/","name":"Plejevejledning | NomadHeat","isPartOf":{"@id":"https:\/\/nomadheat.com\/nl\/#website"},"datePublished":"2021-10-11T08:32:56+00:00","dateModified":"2025-02-24T12:22:58+00:00","breadcrumb":{"@id":"https:\/\/nomadheat.com\/de\/pflege\/#breadcrumb"},"inLanguage":"da-DK","potentialAction":[{"@type":"ReadAction","target":["https:\/\/nomadheat.com\/de\/pflege\/"]}]},{"@type":"BreadcrumbList","@id":"https:\/\/nomadheat.com\/de\/pflege\/#breadcrumb","itemListElement":[{"@type":"ListItem","position":1,"name":"Home","item":"https:\/\/nomadheat.com\/nl\/"},{"@type":"ListItem","position":2,"name":"Care instructions"}]},{"@type":"WebSite","@id":"https:\/\/nomadheat.com\/nl\/#website","url":"https:\/\/nomadheat.com\/nl\/","name":"NomadHeat","description":"H\u00e5ndlavede uld-soveposer","publisher":{"@id":"https:\/\/nomadheat.com\/nl\/#organization"},"potentialAction":[{"@type":"SearchAction","target":{"@type":"EntryPoint","urlTemplate":"https:\/\/nomadheat.com\/nl\/?s={search_term_string}"},"query-input":{"@type":"PropertyValueSpecification","valueRequired":true,"valueName":"search_term_string"}}],"inLanguage":"da-DK"},{"@type":"Organization","@id":"https:\/\/nomadheat.com\/nl\/#organization","name":"Nomad Heat","url":"https:\/\/nomadheat.com\/nl\/","logo":{"@type":"ImageObject","inLanguage":"da-DK","@id":"https:\/\/nomadheat.com\/nl\/#\/schema\/logo\/image\/","url":"https:\/\/nomadheat.com\/wp-content\/uploads\/2021\/10\/favicon.png","contentUrl":"https:\/\/nomadheat.com\/wp-content\/uploads\/2021\/10\/favicon.png","width":512,"height":512,"caption":"Nomad Heat"},"image":{"@id":"https:\/\/nomadheat.com\/nl\/#\/schema\/logo\/image\/"}}]}},"_links":{"self":[{"href":"https:\/\/nomadheat.com\/da\/wp-json\/wp\/v2\/pages\/298","targetHints":{"allow":["GET"]}}],"collection":[{"href":"https:\/\/nomadheat.com\/da\/wp-json\/wp\/v2\/pages"}],"about":[{"href":"https:\/\/nomadheat.com\/da\/wp-json\/wp\/v2\/types\/page"}],"author":[{"embeddable":true,"href":"https:\/\/nomadheat.com\/da\/wp-json\/wp\/v2\/users\/4"}],"replies":[{"embeddable":true,"href":"https:\/\/nomadheat.com\/da\/wp-json\/wp\/v2\/comments?post=298"}],"version-history":[{"count":0,"href":"https:\/\/nomadheat.com\/da\/wp-json\/wp\/v2\/pages\/298\/revisions"}],"wp:attachment":[{"href":"https:\/\/nomadheat.com\/da\/wp-json\/wp\/v2\/media?parent=298"}],"curies":[{"name":"wp","href":"https:\/\/api.w.org\/{rel}","templated":true}]}}