{"id":2,"date":"2021-06-16T08:51:54","date_gmt":"2021-06-16T08:51:54","guid":{"rendered":"https:\/\/nomadheat.com\/?page_id=2"},"modified":"2022-07-20T13:52:29","modified_gmt":"2022-07-20T10:52:29","slug":"politikker","status":"publish","type":"page","link":"https:\/\/nomadheat.com\/da\/policies\/","title":{"rendered":"Politikker"},"content":{"rendered":"<p><a>Standardtid for fremstilling<\/a><\/p>\n<p>Det tager os 4-6 arbejdsdage at lave mindre ting og 7-10 arbejdsdage at lave st\u00f8rre ting.<\/p>\n<p>Afh\u00e6ngigt af den aktuelle arbejdsbyrde kan produktionstiden variere med et par dage.<\/p>\n<p><a>Tid til hastebestilling<\/a><\/p>\n<p>Vi kan prioritere din ordre, s\u00e5 den er f\u00e6rdig inden for 5 arbejdsdage.<\/p>\n<p>Kontakt os, s\u00e5 sender vi dig et link til at afgive din hasteordre.<\/p>\n<p>Ekspeditionsgebyr: 25% af produktets pris.<\/p>\n<p><a>Betalinger<\/a><\/p>\n<p>Vi accepterer betalinger via bankkort.<\/p>\n<p><a>Forsendelse<\/a><\/p>\n<p>Vi sender globalt og tilbyder gratis verdensomsp\u00e6ndende forsendelse p\u00e5 alle ordrer, til din d\u00f8r. Betalte forsendelsesmuligheder er ogs\u00e5 tilg\u00e6ngelige, se nedenfor.<\/p>\n<p>Alle lande sendes p\u00e5 DDP-basis (delivery duty paid), s\u00e5 skatter og afgifter er inkluderet i den endelige pris, og du vil modtage pakken ved din d\u00f8r, du beh\u00f8ver ikke at toldbehandle den.<\/p>\n<p>For UAE: Pakker af udenlandsk oprindelse skal afhentes personligt p\u00e5 det centrale postkontor.<\/p>\n<p>Vi kan ogs\u00e5 levere til postbokse, men s\u00f8rg for, at din postboks kan modtage pakker af denne st\u00f8rrelse, ellers kan din pakke blive returneret.<\/p>\n<p>Vi r\u00e5der dig kraftigt til at f\u00f8lge dine online sporingsoplysninger for detaljerede opdateringer, s\u00e5 du ved, hvorn\u00e5r din pakke ankommer til dit posthus.<\/p>\n<p>Alle varer er pakket i genanvendeligt plastik, der beskytter mod snavs, vand og punkteringer.<\/p>\n<p>Unders\u00f8g venligst din pakke ved ankomsten, og accepter den ikke, hvis den er beskadiget. P\u00e5 den m\u00e5de vil pakken blive returneret til os, og vi vil lave og sende dig en ny. Hvis du accepterer en pakke, der er beskadiget, kan vi ikke kompensere dig.<\/p>\n<p><a>Gratis forsendelse<\/a><\/p>\n<p><strong>Pris<\/strong>: Gratis til alle dele af verden<\/p>\n<p><strong>Transport\u00f8r<\/strong>:<br \/>\nBulgarian Post i samarbejde med de nationale postv\u00e6sener i dit land, dvs. USPS i USA, Canada Post, Parcel Force i Storbritannien, Australia Post osv. - De er alle 100% p\u00e5lidelige og har ikke mistet nogen pakker ud af de tusindvis, vi har sendt med dem indtil nu.<\/p>\n<p><strong>Leveringsbetingelser:<\/strong><br \/>\nRekommanderet post, der kr\u00e6ves en underskrift ved levering. Hvis du ikke er hjemme p\u00e5 leveringstidspunktet, vil pakken blive behandlet i henhold til dit nationale postv\u00e6sens politik. I de fleste tilf\u00e6lde, s\u00e5som USA, Canada, Australien og Storbritannien, vil du f\u00e5 en besked om at hente din pakke p\u00e5 dit lokale postkontor eller ringe til dem for at oml\u00e6gge leveringen til et passende tidspunkt.<\/p>\n<p><strong>Transittider<\/strong>\u00a0(omtrentlig, ikke garanteret):<\/p>\n<ul>\n<li>USA's fastland - 3 uger<\/li>\n<li>USA (Hawaii, AK) - 4 uger<\/li>\n<li>Canada - 3 uger<\/li>\n<li>Australien - 3 uger<\/li>\n<li>Asien - 3 uger<\/li>\n<li>Sydamerika - 3-4 uger<\/li>\n<li>Den Europ\u00e6iske Union - 2 uger<\/li>\n<\/ul>\n<p><a>Ekspres 3-dages forsendelse<\/a><\/p>\n<p><strong>Pris<\/strong>: Send os en besked for at f\u00e5 et overslag over forsendelsesomkostningerne.<\/p>\n<p><strong>Transport\u00f8r<\/strong>: DHL<\/p>\n<p><strong>Leveringsbetingelser:<\/strong><br \/>\nTelefonnummer er p\u00e5kr\u00e6vet for at sende. Pakker leveres til din d\u00f8r, og der kr\u00e6ves en underskrift for at acceptere dem.<\/p>\n<p><strong>Transittider<\/strong>\u00a0(garanteret):<\/p>\n<ul>\n<li>Hele verden - 3 arbejdsdage<\/li>\n<\/ul>\n<p><a>Sporing<\/a><\/p>\n<p>Vi sender dig et sporingsnummer, s\u00e5 snart vi har afsendt din ordre. Hold venligst \u00f8je med sporingslinket ved hj\u00e6lp af\u00a0<a href=\"https:\/\/www.track-trace.com\/\">www.track-trace.com<\/a>\u00a0eller p\u00e5 din nationale posts hjemmeside:<\/p>\n<p>USA:\u00a0<a href=\"https:\/\/www.usps.com\/\">www.usps.com<\/a><br \/>\nCanada:\u00a0<a href=\"https:\/\/www.canadapost.ca\/cpc\/en\/home.page\">www.canadapost.ca<\/a><br \/>\nAustralien:\u00a0<a href=\"https:\/\/auspost.com.au\/\">https:\/\/auspost.com.au\/<\/a><br \/>\nSTORBRITANNIEN:\u00a0<a href=\"https:\/\/www.parcelforce.com\/\">www.parcelforce.com<\/a><\/p>\n<p>Statusopdateringer for gratis og prioriteret forsendelse er kun tilg\u00e6ngelige, n\u00e5r pakken er i tolden i dit land.<\/p>\n<p><a>Bortkomne eller forsinkede pakker<\/a><\/p>\n<p>Det nationale postv\u00e6sen er meget p\u00e5lideligt i alle dele af verden, og mistede pakker er ekstremt sj\u00e6ldne, viser vores erfaring med at sende tusindvis af pakker til over 40 lande, herunder USA, Canada, Australien, Storbritannien og EU.<br \/>\nHvis en pakke g\u00e5r tabt, sender vi en erstatning gratis.<br \/>\nDu kan kontakte os, hvis din pakke ikke er ankommet til dit land i mere end 1 m\u00e5ned. Vi kan ikke fremskynde leveringen, men vi kan sende en officiel foresp\u00f8rgsel til posten for at fors\u00f8ge at finde pakken.<\/p>\n<p><a>Aflysninger<\/a><\/p>\n<p>Hvis du gerne vil annullere din ordre eller en del af den, bedes du kontakte os. Vi vil v\u00e6re i stand til at annullere de varer, vi ikke allerede er begyndt at skabe.<\/p>\n<p><a>Returneringer og tilbagebetalinger<\/a><\/p>\n<ul>\n<li>Hvis du ikke er helt tilfreds med dit k\u00f8b eller \u00f8nsker at returnere en vare, bedes du kontakte os. Alle returneringer skal forh\u00e5ndsgodkendes af Home of Wool.<\/li>\n<li>Hvis din vare ankom som beskrevet og uden produktionsfejl eller fejl (andet stof blev brugt, forkert design blev implementeret, mere end 5% afvigelse i l\u00e6ngde eller bredde), kan du anmode om returnering af en ikke-tilpasset vare inden for de f\u00f8rste 2 uger efter levering. Varer skal sendes tilbage inden for 30 dage efter levering. Refusioner er eksklusive platforms- og betalingsgebyrer, og kan derfor v\u00e6re op til 82% af ordrev\u00e6rdien. Specialfremstillede varer kan ikke returneres.<\/li>\n<li>Hvis din vare ankommer med en produktionsdefekt eller fejl (der er brugt et andet stof, der er implementeret et forkert design, mere end 5% afvigelse i l\u00e6ngde eller bredde), fremstiller og sender vi en ny vare eller giver fuld refusion for den ber\u00f8rte vare.<\/li>\n<li>Hvis din vare ikke leveres p\u00e5 grund af en ufuldst\u00e6ndig, ul\u00e6selig eller forkert adresse, adressat ikke p\u00e5 adressen (ukendt, flyttet eller d\u00f8d); Post uafhentet eller afvist - kan varen sendes igen p\u00e5 din bekostning, idet der udstedes en faktura for returforsendelsesgebyret. Hvis du ikke \u00f8nsker at f\u00e5 en ikke-tilpasset vare sendt igen, kan vi udstede en delvis refusion, eksklusive platform- og betalingsgebyrer og returforsendelse, og refusionen kan s\u00e5ledes v\u00e6re op til 82% af varens v\u00e6rdi. Specialfremstillede varer er ikke berettiget til refusion og kan kun sendes igen.<\/li>\n<li>Hvis din vare godkendes til returnering, bedes du angive v\u00e6rdien til under $15, da der ellers skal betales told, selv om der ikke er tale om et k\u00f8b, men en returnering. Hvis der opkr\u00e6ves importgebyrer, tr\u00e6kkes de fra dit refusionsbel\u00f8b. Returnerede varer skal v\u00e6re i deres oprindelige stand. Tilbagebetaling sker, n\u00e5r vi har modtaget varerne tilbage og inspiceret dem.<\/li>\n<li>Europ\u00e6iske afkast<br \/>\nEurop\u00e6iske kunder kan bruge kurerfirmaet DPD til at returnere pakker, herunder madrasser, til en meget lav pris, normalt omkring 30-40 euro. Anmod om afhentning fra din d\u00f8r, detaljer p\u00e5 www.dpd.com<\/li>\n<li>Alle refusioner vil blive udstedt til det samme kort, som blev brugt til at foretage betalingen. Overf\u00f8rsel kan tage op til 3 arbejdsdage efter udstedelse af refusion.<\/li>\n<\/ul>","protected":false},"excerpt":{"rendered":"<p>Standard Make Time Smaller items take us 4-6 business days to create and larger items 7-10 business days. Depending on the current workload, make time could vary by a few days. Rush Order Make Time We can prioritize your order for completion within 5 business days. Please contact us and [&hellip;]<\/p>\n","protected":false},"author":4,"featured_media":0,"parent":0,"menu_order":0,"comment_status":"closed","ping_status":"closed","template":"","meta":{"footnotes":""},"class_list":["post-2","page","type-page","status-publish","hentry"],"yoast_head":"<!-- This site is optimized with the Yoast SEO plugin v27.4 - https:\/\/yoast.com\/product\/yoast-seo-wordpress\/ -->\n<title>Policies | NomadHeat<\/title>\n<meta name=\"robots\" content=\"index, follow, max-snippet:-1, max-image-preview:large, max-video-preview:-1\" \/>\n<link rel=\"canonical\" href=\"https:\/\/nomadheat.com\/da\/politikker\/\" \/>\n<meta property=\"og:locale\" content=\"da_DK\" \/>\n<meta property=\"og:type\" content=\"article\" \/>\n<meta property=\"og:title\" content=\"Policies | NomadHeat\" \/>\n<meta property=\"og:description\" content=\"Standard Make Time Smaller items take us 4-6 business days to create and larger items 7-10 business days. Depending on the current workload, make time could vary by a few days. Rush Order Make Time We can prioritize your order for completion within 5 business days. Please contact us and [&hellip;]\" \/>\n<meta property=\"og:url\" content=\"https:\/\/nomadheat.com\/da\/politikker\/\" \/>\n<meta property=\"og:site_name\" content=\"NomadHeat\" \/>\n<meta property=\"article:modified_time\" content=\"2022-07-20T10:52:29+00:00\" \/>\n<meta name=\"twitter:card\" content=\"summary_large_image\" \/>\n<meta name=\"twitter:label1\" content=\"Estimeret l\u00e6setid\" \/>\n\t<meta name=\"twitter:data1\" content=\"5 minutter\" \/>\n<script type=\"application\/ld+json\" class=\"yoast-schema-graph\">{\"@context\":\"https:\\\/\\\/schema.org\",\"@graph\":[{\"@type\":\"WebPage\",\"@id\":\"https:\\\/\\\/nomadheat.com\\\/es\\\/politicas\\\/\",\"url\":\"https:\\\/\\\/nomadheat.com\\\/es\\\/politicas\\\/\",\"name\":\"Policies | NomadHeat\",\"isPartOf\":{\"@id\":\"https:\\\/\\\/nomadheat.com\\\/nl\\\/#website\"},\"datePublished\":\"2021-06-16T08:51:54+00:00\",\"dateModified\":\"2022-07-20T10:52:29+00:00\",\"breadcrumb\":{\"@id\":\"https:\\\/\\\/nomadheat.com\\\/es\\\/politicas\\\/#breadcrumb\"},\"inLanguage\":\"da-DK\",\"potentialAction\":[{\"@type\":\"ReadAction\",\"target\":[\"https:\\\/\\\/nomadheat.com\\\/es\\\/politicas\\\/\"]}]},{\"@type\":\"BreadcrumbList\",\"@id\":\"https:\\\/\\\/nomadheat.com\\\/es\\\/politicas\\\/#breadcrumb\",\"itemListElement\":[{\"@type\":\"ListItem\",\"position\":1,\"name\":\"Home\",\"item\":\"https:\\\/\\\/nomadheat.com\\\/nl\\\/\"},{\"@type\":\"ListItem\",\"position\":2,\"name\":\"Policies\"}]},{\"@type\":\"WebSite\",\"@id\":\"https:\\\/\\\/nomadheat.com\\\/nl\\\/#website\",\"url\":\"https:\\\/\\\/nomadheat.com\\\/nl\\\/\",\"name\":\"NomadHeat\",\"description\":\"Handmade Wool Sleeping Bags\",\"publisher\":{\"@id\":\"https:\\\/\\\/nomadheat.com\\\/nl\\\/#organization\"},\"potentialAction\":[{\"@type\":\"SearchAction\",\"target\":{\"@type\":\"EntryPoint\",\"urlTemplate\":\"https:\\\/\\\/nomadheat.com\\\/nl\\\/?s={search_term_string}\"},\"query-input\":{\"@type\":\"PropertyValueSpecification\",\"valueRequired\":true,\"valueName\":\"search_term_string\"}}],\"inLanguage\":\"da-DK\"},{\"@type\":\"Organization\",\"@id\":\"https:\\\/\\\/nomadheat.com\\\/nl\\\/#organization\",\"name\":\"Nomad Heat\",\"url\":\"https:\\\/\\\/nomadheat.com\\\/nl\\\/\",\"logo\":{\"@type\":\"ImageObject\",\"inLanguage\":\"da-DK\",\"@id\":\"https:\\\/\\\/nomadheat.com\\\/nl\\\/#\\\/schema\\\/logo\\\/image\\\/\",\"url\":\"https:\\\/\\\/nomadheat.com\\\/wp-content\\\/uploads\\\/2021\\\/10\\\/favicon.png\",\"contentUrl\":\"https:\\\/\\\/nomadheat.com\\\/wp-content\\\/uploads\\\/2021\\\/10\\\/favicon.png\",\"width\":512,\"height\":512,\"caption\":\"Nomad Heat\"},\"image\":{\"@id\":\"https:\\\/\\\/nomadheat.com\\\/nl\\\/#\\\/schema\\\/logo\\\/image\\\/\"}}]}<\/script>\n<!-- \/ Yoast SEO plugin. -->","yoast_head_json":{"title":"Politikker | NomadHeat","robots":{"index":"index","follow":"follow","max-snippet":"max-snippet:-1","max-image-preview":"max-image-preview:large","max-video-preview":"max-video-preview:-1"},"canonical":"https:\/\/nomadheat.com\/da\/politikker\/","og_locale":"da_DK","og_type":"article","og_title":"Policies | NomadHeat","og_description":"Standard Make Time Smaller items take us 4-6 business days to create and larger items 7-10 business days. Depending on the current workload, make time could vary by a few days. Rush Order Make Time We can prioritize your order for completion within 5 business days. Please contact us and [&hellip;]","og_url":"https:\/\/nomadheat.com\/da\/politikker\/","og_site_name":"NomadHeat","article_modified_time":"2022-07-20T10:52:29+00:00","twitter_card":"summary_large_image","twitter_misc":{"Estimeret l\u00e6setid":"5 minutter"},"schema":{"@context":"https:\/\/schema.org","@graph":[{"@type":"WebPage","@id":"https:\/\/nomadheat.com\/es\/politicas\/","url":"https:\/\/nomadheat.com\/es\/politicas\/","name":"Politikker | NomadHeat","isPartOf":{"@id":"https:\/\/nomadheat.com\/nl\/#website"},"datePublished":"2021-06-16T08:51:54+00:00","dateModified":"2022-07-20T10:52:29+00:00","breadcrumb":{"@id":"https:\/\/nomadheat.com\/es\/politicas\/#breadcrumb"},"inLanguage":"da-DK","potentialAction":[{"@type":"ReadAction","target":["https:\/\/nomadheat.com\/es\/politicas\/"]}]},{"@type":"BreadcrumbList","@id":"https:\/\/nomadheat.com\/es\/politicas\/#breadcrumb","itemListElement":[{"@type":"ListItem","position":1,"name":"Home","item":"https:\/\/nomadheat.com\/nl\/"},{"@type":"ListItem","position":2,"name":"Policies"}]},{"@type":"WebSite","@id":"https:\/\/nomadheat.com\/nl\/#website","url":"https:\/\/nomadheat.com\/nl\/","name":"NomadHeat","description":"H\u00e5ndlavede uld-soveposer","publisher":{"@id":"https:\/\/nomadheat.com\/nl\/#organization"},"potentialAction":[{"@type":"SearchAction","target":{"@type":"EntryPoint","urlTemplate":"https:\/\/nomadheat.com\/nl\/?s={search_term_string}"},"query-input":{"@type":"PropertyValueSpecification","valueRequired":true,"valueName":"search_term_string"}}],"inLanguage":"da-DK"},{"@type":"Organization","@id":"https:\/\/nomadheat.com\/nl\/#organization","name":"Nomad Heat","url":"https:\/\/nomadheat.com\/nl\/","logo":{"@type":"ImageObject","inLanguage":"da-DK","@id":"https:\/\/nomadheat.com\/nl\/#\/schema\/logo\/image\/","url":"https:\/\/nomadheat.com\/wp-content\/uploads\/2021\/10\/favicon.png","contentUrl":"https:\/\/nomadheat.com\/wp-content\/uploads\/2021\/10\/favicon.png","width":512,"height":512,"caption":"Nomad Heat"},"image":{"@id":"https:\/\/nomadheat.com\/nl\/#\/schema\/logo\/image\/"}}]}},"_links":{"self":[{"href":"https:\/\/nomadheat.com\/da\/wp-json\/wp\/v2\/pages\/2","targetHints":{"allow":["GET"]}}],"collection":[{"href":"https:\/\/nomadheat.com\/da\/wp-json\/wp\/v2\/pages"}],"about":[{"href":"https:\/\/nomadheat.com\/da\/wp-json\/wp\/v2\/types\/page"}],"author":[{"embeddable":true,"href":"https:\/\/nomadheat.com\/da\/wp-json\/wp\/v2\/users\/4"}],"replies":[{"embeddable":true,"href":"https:\/\/nomadheat.com\/da\/wp-json\/wp\/v2\/comments?post=2"}],"version-history":[{"count":0,"href":"https:\/\/nomadheat.com\/da\/wp-json\/wp\/v2\/pages\/2\/revisions"}],"wp:attachment":[{"href":"https:\/\/nomadheat.com\/da\/wp-json\/wp\/v2\/media?parent=2"}],"curies":[{"name":"wp","href":"https:\/\/api.w.org\/{rel}","templated":true}]}}